{"id":927,"date":"2016-09-23T21:57:09","date_gmt":"2016-09-23T21:57:09","guid":{"rendered":"http:\/\/moverdb.com\/?page_id=927"},"modified":"2026-01-08T13:19:00","modified_gmt":"2026-01-08T13:19:00","slug":"imove-international","status":"publish","type":"page","link":"https:\/\/moverdb.com\/cs\/imove-international\/","title":{"rendered":"IMove International: St\u011bhov\u00e1n\u00ed a st\u011bhov\u00e1n\u00ed Recenze"},"content":{"rendered":"<p>Spole\u010dnost IMove International s\u00eddl\u00ed v Surrey. Sv\u00fdm z\u00e1kazn\u00edk\u016fm nab\u00edz\u00ed \u0159adu slu\u017eeb, kter\u00e9 jim pomohou se st\u011bhov\u00e1n\u00edm do zahrani\u010d\u00ed. Tyto slu\u017eby jsou uvedeny n\u00ed\u017ee spolu s profilem spole\u010dnosti a recenzemi.<\/p>\n<p><strong><a href=\"https:\/\/moverdb.com\/cs\/international-removals\/\" data-internallinksmanager029f6b8e52c=\"27\" title=\"36 nejlep\u0161\u00edch mezin\u00e1rodn\u00edch st\u011bhovac\u00edch spole\u010dnost\u00ed ve Velk\u00e9 Brit\u00e1nii\">Mezin\u00e1rodn\u00ed st\u011bhov\u00e1n\u00ed<\/a><\/strong><\/p>\n<ul>\n<li> Koordin\u00e1tor osobn\u00edch p\u0159esun\u016f<\/li>\n<li> Od dve\u0159\u00ed ke dve\u0159\u00edm<\/li>\n<li> Dve\u0159e do <a href=\"https:\/\/moverdb.com\/cs\/top-49-container-ports\/\" data-internallinksmanager029f6b8e52c=\"80\" title=\"49 nejv\u011bt\u0161\u00edch a nejru\u0161n\u011bj\u0161\u00edch kontejnerov\u00fdch p\u0159\u00edstav\u016f v roce 2025\">p\u0159\u00edstav<\/a><\/li>\n<li> Letecky, po mo\u0159i nebo po silnici<\/li>\n<li> St\u011bhov\u00e1n\u00ed spole\u010dnosti<\/li>\n<li> <a href=\"https:\/\/moverdb.com\/cs\/preprava-aut-a-lodni-doprava\/\">Motorov\u00e1 vozidla<\/a><\/li>\n<li> Kompletn\u00ed balic\u00ed slu\u017eby<\/li>\n<li> Vlastn\u00ed balen\u00ed<\/li>\n<li> K\u0159ehk\u00e9 balen\u00ed<\/li>\n<li> Dod\u00e1vka karton\u016f, p\u00e1sky a obal\u016f zdarma<\/li>\n<li> Slu\u017eba vybalov\u00e1n\u00ed<\/li>\n<li> Dlouhodob\u00e9 a kr\u00e1tkodob\u00e9 skladov\u00e1n\u00ed <\/li>\n<li> <a href=\"https:\/\/moverdb.com\/cs\/kontejnerova-preprava\/\">Kontejnerov\u00e1 doprava<\/a><\/li>\n<li> P\u0159eprava nadm\u011brn\u00e9ho mno\u017estv\u00ed zavazadel<\/li>\n<li> Poskytnut\u00e9 poji\u0161t\u011bn\u00ed<\/li>\n<li> Pomoc s celn\u00edmi z\u00e1le\u017eitostmi a dokumentac\u00ed<\/li>\n<\/ul>\n<p><strong>Ostatn\u00ed slu\u017eby<\/strong><\/p>\n<ul>\n<li> Dlouhodob\u00e9 a kr\u00e1tkodob\u00e9 skladov\u00e1n\u00ed<\/li>\n<li> P\u0159eprava a skladov\u00e1n\u00ed student\u016f<\/li>\n<li> <a href=\"https:\/\/moverdb.com\/cs\/car-transport-shipping\/\" data-internallinksmanager029f6b8e52c=\"2\" title=\"2026 Mezin\u00e1rodn\u00ed p\u0159eprava automobil\u016f &amp; P\u0159eprava vozidel Citace\">P\u0159eprava automobil\u016f<\/a><\/li>\n<li> Sd\u00edlen\u00fd kontejner<\/li>\n<li> Exportn\u00ed balic\u00ed slu\u017eba<\/li>\n<li> Zabalov\u00e1n\u00ed a v\u00fdroba obal\u016f<\/li>\n<\/ul>\n<h2>Profil spole\u010dnosti IMove International<\/h2>\n<p>IMove International je mlad\u00e1, soukrom\u00e1 spole\u010dnost zalo\u017een\u00e1 v kv\u011btnu 2011. Je to specialista <a href=\"https:\/\/moverdb.com\/cs\/mezinarodni-stehovani\/\">mezin\u00e1rodn\u00ed st\u011bhov\u00e1n\u00ed<\/a>, p\u0159epravn\u00ed a st\u011bhovac\u00ed spole\u010dnost. <\/p>\n<p>Spole\u010dnost IMove organizuje st\u011bhov\u00e1n\u00ed pro rodiny, firemn\u00ed klientelu i jednotlivce od <a href=\"https:\/\/moverdb.com\/cs\/moving-to-the-uk\/\" data-internallinksmanager029f6b8e52c=\"93\" title=\"St\u011bhujete se do Spojen\u00e9ho kr\u00e1lovstv\u00ed? 2022 \u017divotn\u00ed n\u00e1klady a tipy na st\u011bhov\u00e1n\u00ed\">UK<\/a> do v\u011bt\u0161iny destinac\u00ed po cel\u00e9m sv\u011bt\u011b.<\/p>\n<p>IMove p\u0159epravuje cokoli od nejmen\u0161\u00edho bal\u00ed\u010dku a\u017e po dom\u00e1cnost s n\u00e1bytkem. Spole\u010dnost poskytuje ka\u017ed\u00e9mu klientovi osobn\u00edho koordin\u00e1tora st\u011bhov\u00e1n\u00ed, kter\u00fd je jeho kontaktn\u00ed osobou v pr\u016fb\u011bhu cel\u00e9ho procesu st\u011bhov\u00e1n\u00ed.<\/p>\n<p>Spole\u010dnost IMove International m\u00e1 n\u00e1sleduj\u00edc\u00ed akreditace a afilace:<\/p>\n<ul>\n<li> ISO 9001<\/li>\n<\/ul>\n<h2>IMove International Recenze<\/h2>\n<p><strong>Pozitivn\u00ed:<\/strong><\/p>\n<ul>\n<li> <em>\"V\u0161e prob\u00edhalo hladce a efektivn\u011b. Ur\u010dit\u011b bych firmu doporu\u010dil pro jej\u00ed slu\u017eby a pom\u011br ceny a kvality.\"<\/em> - H Fowler prost\u0159ednictv\u00edm <a href=\"http:\/\/www.imoveintl.com\/testimonials.htm\" target=\"_blank\" rel=\"noopener\">Str\u00e1nka Hodnocen\u00ed z\u00e1kazn\u00edk\u016f<\/a><\/li>\n<li> \"<em>R\u00e1d bych spole\u010dnosti IMove poblahop\u0159\u00e1l za p\u0159esnost, rychlost a profesionalitu, s jakou se moje st\u011bhov\u00e1n\u00ed z Orlanda uskute\u010dnilo. <a href=\"https:\/\/moverdb.com\/cs\/moving-to-the-united-states\/moving-to-florida\/\" data-internallinksmanager029f6b8e52c=\"331\" title=\"St\u011bhov\u00e1n\u00ed na Floridu? 2026 N\u00e1klady na bydlen\u00ed a tipy na p\u0159est\u011bhov\u00e1n\u00ed\">Florida<\/a> do Kentu.<\/em> - Annette <a href=\"http:\/\/www.removalreviews.co.uk\/movers\/imove-international-191#11473\" target=\"_blank\" rel=\"noopener\">RemovalReviews.com<\/a> <\/li>\n<li> \"<em>Tuto spole\u010dnost d\u016fkladn\u011b doporu\u010duji - velmi rozumn\u00e9 n\u00e1klady, velmi rychl\u00e9 st\u011bhov\u00e1n\u00ed a skv\u011bl\u00e9 slu\u017eby.\"<\/em> - Johathan prost\u0159ednictv\u00edm <a href=\"http:\/\/www.reviews.co.uk\/company-reviews\/store\/imove-international-removals-ltd\" target=\"_blank\" rel=\"noopener\">Recenze.co.uk<\/a> <\/li>\n<\/ul>\n<p><strong>Negativn\u00ed<\/strong><\/p>\n<ul>\n<li> \"<em>A\u010dkoli doba dod\u00e1n\u00ed od <a href=\"https:\/\/moverdb.com\/cs\/moving-to-london\/\">Lond\u00fdn<\/a> na <a href=\"https:\/\/moverdb.com\/cs\/moving-to-switzerland\/\" data-internallinksmanager029f6b8e52c=\"327\" title=\"St\u011bhov\u00e1n\u00ed do \u0160v\u00fdcarska? 2026 N\u00e1klady na bydlen\u00ed a tipy na st\u011bhov\u00e1n\u00ed\">\u0160v\u00fdcarsko<\/a> byl rychl\u00fd, d\u016frazn\u011b bych odradil ka\u017ed\u00e9ho od pou\u017e\u00edv\u00e1n\u00ed t\u00e9to spole\u010dnosti, proto\u017ee jedna z cenn\u011bj\u0161\u00edch polo\u017eek nebyla nikdy doru\u010dena a \"ztracena\". Nezd\u00e1lo se, \u017ee by ztr\u00e1ta tohoto p\u0159edm\u011btu byla skute\u010dn\u011b p\u0159ekvapiv\u00e1, znepokojuj\u00edc\u00ed nebo omluvn\u00e1.\"<\/em> - Pan\u00ed Laurensov\u00e1 prost\u0159ednictv\u00edm <a href=\"http:\/\/www.removalreviews.co.uk\/movingreviews\/stolen-item-1264\" target=\"_blank\" rel=\"noopener\">RemovalReviews.co.uk<\/a> <\/li>\n<li> \"<em>Na\u0161e v\u011bci byly vyzvednuty podle data sb\u011bru (02.11.2015), co\u017e bylo skv\u011bl\u00e9, nicm\u00e9n\u011b nyn\u00ed je b\u0159ezen a my jsme st\u00e1le nedostali na\u0161e krabice.\"<\/em> - Samantha prost\u0159ednictv\u00edm <a href=\"http:\/\/www.reviews.co.uk\/company-reviews\/store\/imove-international-removals-ltd\" target=\"_blank\" rel=\"noopener\">Recenze.co.uk<\/a> <\/li>\n<\/ul>\n<div itemprop=\"review\" itemscope itemtype=\"http:\/\/schema.org\/Review\">\n<span itemprop=\"author\" itemscope=\"\" itemtype=\"http:\/\/schema.org\/Organization\"><span itemprop=\"name\">MoverDB.com<\/span><\/span> Online recenze webov\u00fdch str\u00e1nek pro <span itemprop=\"itemreviewed\" itemscope=\"\" itemtype=\"http:\/\/schema.org\/Brand\"><span itemprop=\"name\">IMove International<\/span><\/span>:<\/p>\n<ol>\n<li> Jasn\u00e9 kontaktn\u00ed \u00fadaje na webov\u00fdch str\u00e1nk\u00e1ch (v\u010detn\u011b telefonn\u00edho \u010d\u00edsla): <strong>Ano<\/strong><\/li>\n<li> Snadn\u00e9 z\u00edsk\u00e1n\u00ed <a href=\"https:\/\/moverdb.com\/cs\/citaty\/\">mezin\u00e1rodn\u00ed st\u011bhov\u00e1n\u00ed<\/a>? (Online formul\u00e1\u0159 \u017e\u00e1dosti o odhad): <strong>Ano<\/strong><\/li>\n<li> Jasn\u00e9 informace na webov\u00fdch str\u00e1nk\u00e1ch: <strong>Ano<\/strong>, Webov\u00e9 str\u00e1nky obsahuj\u00ed mnoho informac\u00ed o st\u011bhov\u00e1n\u00ed do r\u016fzn\u00fdch zem\u00ed sv\u011bta, v\u010detn\u011b pot\u0159ebn\u00fdch dokument\u016f.<\/li>\n<li> \u010dlenstv\u00ed v mezin\u00e1rodn\u00edch uzn\u00e1van\u00fdch organizac\u00edch pohybliv\u00fdch aktivit: <strong>\u010c\u00e1ste\u010dn\u011b<\/strong>, a\u010dkoli jsou registrov\u00e1ni podle ISO, zd\u00e1 se, \u017ee jim chyb\u00ed dal\u0161\u00ed akreditace.<\/li>\n<li> Seznam klient\u016f a\/nebo reference p\u0159edchoz\u00edch z\u00e1kazn\u00edk\u016f: <strong>Ano,<\/strong> Na webu je mnoho pozitivn\u00edch hodnocen\u00ed z\u00e1kazn\u00edk\u016f.<\/li>\n<\/ol>\n<div itemprop=\"reviewRating\" itemscope itemtype=\"http:\/\/schema.org\/Rating\"><meta itemprop=\"worstRating\" content = \"0\" \/><meta itemprop=\"bestRating\" content=\"5\" \/><meta itemprop=\"ratingValue\" content=\"4\"><\/div>\n<p><strong>Celkov\u00e9 hodnocen\u00ed: 4\/5<\/strong><br \/>\n<strong>Datum recenze:<\/strong> <span itemprop=\"datePublished\" content=\"2016-09-23\">23\/09\/16<\/span>\n<\/div>\n<p>P\u0159e\u010dt\u011bte si v\u00edce o <a href=\"https:\/\/moverdb.com\/cs\/mezinarodni-stehovani\/\">st\u011bhovac\u00ed firmy<\/a> a na\u0161e <a href=\"https:\/\/moverdb.com\/cs\/recenze\/\">proces p\u0159ezkoum\u00e1n\u00ed<\/a>.<\/p>\n<p><strong>Webov\u00e9 str\u00e1nky:<\/strong> <a href=\"http:\/\/www.imoveintl.com\/\" target=\"_blank\" rel=\"noopener\">http:\/\/www.imoveintl.com\/<\/a><\/p>","protected":false},"excerpt":{"rendered":"<p>IMove International is based in Surrey. It offers its customers a range of services to assist with their move abroad. These are listed below, together with a company profile and reviews. International Removals Personal move coordinator Door to door Door to port Air, sea or road Company relocations Motor vehicles Full packing service Self-packing Fragile [&hellip;]<\/p>\n","protected":false},"author":1,"featured_media":0,"parent":0,"menu_order":0,"comment_status":"closed","ping_status":"closed","template":"","meta":{"_genesis_hide_title":false,"_genesis_hide_breadcrumbs":false,"_genesis_hide_singular_image":false,"_genesis_hide_footer_widgets":false,"_genesis_custom_body_class":"","_genesis_custom_post_class":"","_genesis_layout":"","footnotes":""},"class_list":{"0":"post-927","1":"page","2":"type-page","3":"status-publish","5":"entry"},"_links":{"self":[{"href":"https:\/\/moverdb.com\/cs\/wp-json\/wp\/v2\/pages\/927","targetHints":{"allow":["GET"]}}],"collection":[{"href":"https:\/\/moverdb.com\/cs\/wp-json\/wp\/v2\/pages"}],"about":[{"href":"https:\/\/moverdb.com\/cs\/wp-json\/wp\/v2\/types\/page"}],"author":[{"embeddable":true,"href":"https:\/\/moverdb.com\/cs\/wp-json\/wp\/v2\/users\/1"}],"replies":[{"embeddable":true,"href":"https:\/\/moverdb.com\/cs\/wp-json\/wp\/v2\/comments?post=927"}],"version-history":[{"count":6,"href":"https:\/\/moverdb.com\/cs\/wp-json\/wp\/v2\/pages\/927\/revisions"}],"predecessor-version":[{"id":13160,"href":"https:\/\/moverdb.com\/cs\/wp-json\/wp\/v2\/pages\/927\/revisions\/13160"}],"wp:attachment":[{"href":"https:\/\/moverdb.com\/cs\/wp-json\/wp\/v2\/media?parent=927"}],"curies":[{"name":"wp","href":"https:\/\/api.w.org\/{rel}","templated":true}]}}