{"id":925,"date":"2016-09-27T05:35:52","date_gmt":"2016-09-27T05:35:52","guid":{"rendered":"http:\/\/moverdb.com\/?page_id=925"},"modified":"2026-01-08T14:40:05","modified_gmt":"2026-01-08T14:40:05","slug":"lopa-removals","status":"publish","type":"page","link":"https:\/\/moverdb.com\/cs\/lopa-removals\/","title":{"rendered":"St\u011bhov\u00e1n\u00ed Lopa: Mezin\u00e1rodn\u00ed st\u011bhov\u00e1n\u00ed Recenze"},"content":{"rendered":"<p>Spole\u010dnost Lopa Removals se s\u00eddlem v Romfordu nab\u00edz\u00ed sv\u00fdm z\u00e1kazn\u00edk\u016fm \u0159adu slu\u017eeb, kter\u00e9 jsou uvedeny n\u00ed\u017ee spolu s profilem spole\u010dnosti a recenzemi.<\/p>\n<p><strong>Evropsk\u00e9 a mezin\u00e1rodn\u00ed p\u0159esuny<\/strong><\/p>\n<ul>\n<li> Vyhrazen\u00fd mana\u017eer st\u011bhov\u00e1n\u00ed<\/li>\n<li> Kompletn\u00ed st\u011bhov\u00e1n\u00ed dom\u016f za 2-5 dn\u00ed<\/li>\n<li> Sjednan\u00e9 poji\u0161t\u011bn\u00ed<\/li>\n<li> Sledov\u00e1n\u00ed vozidel pomoc\u00ed GPS<\/li>\n<li> Kompletn\u00ed balen\u00ed, k\u0159ehk\u00e9 balen\u00ed nebo si to ud\u011blejte sami<\/li>\n<li> Krabice a balic\u00ed materi\u00e1l zdarma<\/li>\n<li> Z\u00e1ruka bez po\u0161kozen\u00ed<\/li>\n<li> Kryt\u00ed<\/li>\n<li> Vn\u011bj\u0161\u00ed v\u00fdtahy pro p\u0159edm\u011bty, jako jsou klav\u00edry<\/li>\n<li> \u010c\u00e1ste\u010dn\u00e9 a pln\u00e9 zat\u00ed\u017een\u00ed<\/li>\n<li> Slu\u017eba vybalov\u00e1n\u00ed<\/li>\n<li> Kr\u00e1tkodob\u00e9 a dlouhodob\u00e9 skladov\u00e1n\u00ed<\/li>\n<\/ul>\n<p><strong>\u00dalo\u017ei\u0161t\u011b<\/strong><\/p>\n<ul>\n<li> Kr\u00e1tkodob\u00e9 a dlouhodob\u00e9<\/li>\n<li> Zabezpe\u010den\u00e9 a uzav\u0159en\u00e9<\/li>\n<li> Poji\u0161t\u011bno<\/li>\n<li> Profesion\u00e1ln\u011b poskl\u00e1dan\u00e9<\/li>\n<li> N\u00e1le\u017eit\u011b chr\u00e1n\u011bn\u00e9 p\u0159ed po\u0161kozen\u00edm a zne\u010di\u0161t\u011bn\u00edm<\/li>\n<\/ul>\n<p><strong>Odborn\u00e9 pohyby<\/strong><\/p>\n<ul>\n<li> Um\u011bleck\u00e9 galerie<\/li>\n<li> V\u00fdstavy<\/li>\n<\/ul>\n<h2>Profil spole\u010dnosti Lopa Removals<\/h2>\n<p>Spole\u010dnost Lopa Removals se specializuje na mezin\u00e1rodn\u00ed st\u011bhov\u00e1n\u00ed, zejm\u00e9na v r\u00e1mci Evropy. Spole\u010dnost s\u00eddl\u00ed v Romfordu. Jedn\u00e1 se o mladou spole\u010dnost, jej\u00edm\u017e hlavn\u00edm c\u00edlem je zlep\u0161it st\u00e1vaj\u00edc\u00ed st\u011bhov\u00e1n\u00ed mezi evropsk\u00fdmi zem\u011bmi. <\/p>\n<p>M\u00e1 dlouh\u00fd seznam v\u00fdznamn\u00fdch spokojen\u00fdch z\u00e1kazn\u00edk\u016f. Spole\u010dnost Lopa Removals nab\u00edz\u00ed vysokou \u00farove\u0148 z\u00e1kaznick\u00e9ho servisu p\u0159ed st\u011bhov\u00e1n\u00edm, v jeho pr\u016fb\u011bhu i po n\u011bm. Vzhledem k pozitivn\u00edm ohlas\u016fm z\u00e1kazn\u00edk\u016f se v sou\u010dasn\u00e9 dob\u011b zam\u011b\u0159uje na st\u011bhov\u00e1n\u00ed mezi <a href=\"https:\/\/moverdb.com\/cs\/moving-to-london\/\">Lond\u00fdn<\/a>, <a href=\"https:\/\/moverdb.com\/cs\/moving-to-france\/moving-to-paris\/\" data-internallinksmanager029f6b8e52c=\"407\" title=\"St\u011bhujete se do Pa\u0159\u00ed\u017ee? 2026 N\u00e1klady na bydlen\u00ed a tipy na st\u011bhov\u00e1n\u00ed\">Paris<\/a> a Bruselu a u\u010dinit tyto kroky nejlep\u0161\u00edmi na trhu.<\/p>\n<p>Spole\u010dnost Lopa Removals m\u00e1 n\u00e1sleduj\u00edc\u00ed akreditace a afiliace:<\/p>\n<ul>\n<li> Norma kvality ISO 9001<\/li>\n<li> <a href=\"https:\/\/moverdb.com\/cs\/britska-asociace-stehovaku\/\">Britsk\u00e1 asociace st\u011bhov\u00e1k\u016f<\/a> (<a href=\"https:\/\/moverdb.com\/cs\/british-association-of-removers\/\" data-internallinksmanager029f6b8e52c=\"9\" title=\"Vysv\u011btlen\u00ed Britsk\u00e9 asociace st\u011bhov\u00e1k\u016f (BAR)\">BAR<\/a>)<\/li>\n<\/ul>\n<h2>Lopa Removals Recenze<\/h2>\n<p><strong>Pozitivn\u00ed:<\/strong><\/p>\n<ul>\n<li> \"St\u011bhov\u00e1n\u00ed Lopa poskytlo velmi dobr\u00e9 slu\u017eby a zajistilo n\u00e1m hladk\u00e9 a bezstresov\u00e9 st\u011bhov\u00e1n\u00ed z Lond\u00fdna do Pa\u0159\u00ed\u017ee.\" - S. Gerber prost\u0159ednictv\u00edm <a href=\"https:\/\/uk.trustpilot.com\/reviews\/57b199dc0000ff00097bf54d\" target=\"_blank\" rel=\"noopener\">Trustpilot<\/a><\/li>\n<\/ul>\n<p><strong>Negativn\u00ed:<\/strong><\/p>\n<ul>\n<li> \"<em>St\u011bhoval jsem se z <a href=\"https:\/\/moverdb.com\/cs\/moving-to-belgium\/\" data-internallinksmanager029f6b8e52c=\"323\" title=\"St\u011bhov\u00e1n\u00ed do Belgie? 2026 N\u00e1klady na bydlen\u00ed a tipy na st\u011bhov\u00e1n\u00ed\">Belgie<\/a> a byl nad\u0161en\u00fd, \u017ee na\u0161el tyto lidi, za rozumnou cenu, velmi dobr\u00e9 recenze zde a inzerovan\u00e9 jako rodinn\u00e9 vlastnictv\u00ed a velmi pochopen\u00ed. M\u011bl jsem to v\u011bd\u011bt l\u00e9pe.\"<\/em> Andrei prost\u0159ednictv\u00edm <a href=\"https:\/\/uk.trustpilot.com\/reviews\/53ce415d0000640002999120\" target=\"_blank\" rel=\"noopener\">Trustpilot<\/a> <\/li>\n<\/ul>\n<div itemprop=\"review\" itemscope itemtype=\"http:\/\/schema.org\/Review\">\n<span itemprop=\"author\" itemscope=\"\" itemtype=\"http:\/\/schema.org\/Organization\"><span itemprop=\"name\">MoverDB.com<\/span><\/span> Online recenze webov\u00fdch str\u00e1nek pro <span itemprop=\"itemreviewed\" itemscope=\"\" itemtype=\"http:\/\/schema.org\/Brand\"><span itemprop=\"name\">St\u011bhov\u00e1n\u00ed Lopa<\/span><\/span>:<\/p>\n<ol>\n<li> Jasn\u00e9 kontaktn\u00ed \u00fadaje na webov\u00fdch str\u00e1nk\u00e1ch (v\u010detn\u011b telefonn\u00edho \u010d\u00edsla): <strong>Ano<\/strong><\/li>\n<li> Snadn\u00e9 z\u00edsk\u00e1n\u00ed <a href=\"https:\/\/moverdb.com\/cs\/citaty\/\">nab\u00eddky st\u011bhov\u00e1n\u00ed<\/a>? (Online formul\u00e1\u0159 \u017e\u00e1dosti o odhad): <strong>Ano<\/strong><\/li>\n<li> Jasn\u00e9 informace na webov\u00fdch str\u00e1nk\u00e1ch: <strong>N\u011bkter\u00e9,<\/strong> celkov\u011b v\u0161ak webov\u00e9 str\u00e1nky obsahuj\u00ed pom\u011brn\u011b m\u00e1lo informac\u00ed<\/li>\n<li> \u010dlenstv\u00ed v mezin\u00e1rodn\u00edch uzn\u00e1van\u00fdch organizac\u00edch pohybliv\u00fdch aktivit: <strong>Ano<\/strong><\/li>\n<li> Seznam klient\u016f a\/nebo reference p\u0159edchoz\u00edch z\u00e1kazn\u00edk\u016f: <strong>\u010c\u00e1ste\u010dn\u011b,<\/strong> a\u010dkoli nejsou um\u00edst\u011bny na webu, maj\u00ed pozitivn\u00ed hodnocen\u00ed na Trustpilot.<\/li>\n<\/ol>\n<div itemprop=\"reviewRating\" itemscope itemtype=\"http:\/\/schema.org\/Rating\"><meta itemprop=\"worstRating\" content = \"0\" \/><meta itemprop=\"bestRating\" content=\"5\" \/><meta itemprop=\"ratingValue\" content=\"4\"><\/div>\n<p><strong>Celkov\u00e9 hodnocen\u00ed: 4\/5<\/strong><br \/>\n<strong>Datum recenze:<\/strong> <span itemprop=\"datePublished\" content=\"2016-09-27\">27\/08\/16<\/span>\n<\/div>\n<p>P\u0159e\u010dt\u011bte si v\u00edce o <a href=\"https:\/\/moverdb.com\/cs\/mezinarodni-stehovani\/\">mezin\u00e1rodn\u00ed st\u011bhov\u00e1n\u00ed<\/a> a na\u0161e <a href=\"https:\/\/moverdb.com\/cs\/recenze\/\">proces p\u0159ezkoum\u00e1n\u00ed<\/a>.<\/p>\n<p><strong>Webov\u00e9 str\u00e1nky:<\/strong> <a href=\"http:\/\/new.loparemovals.com\/\" target=\"_blank\" rel=\"noopener\">http:\/\/new.loparemovals.com\/<\/a><\/p>","protected":false},"excerpt":{"rendered":"<p>Lopa Removals is based in Romford and offers its customers a range of services which are listed below, together with a company profile and reviews. European and International Moves Dedicated move manager Full house moves complete in 2-5 days Insurance arranged GPS vehicle tracking Full packing, fragile packing or do it yourself Free boxes and [&hellip;]<\/p>\n","protected":false},"author":1,"featured_media":0,"parent":0,"menu_order":0,"comment_status":"closed","ping_status":"closed","template":"","meta":{"_genesis_hide_title":false,"_genesis_hide_breadcrumbs":false,"_genesis_hide_singular_image":false,"_genesis_hide_footer_widgets":false,"_genesis_custom_body_class":"","_genesis_custom_post_class":"","_genesis_layout":"","footnotes":""},"class_list":{"0":"post-925","1":"page","2":"type-page","3":"status-publish","5":"entry"},"_links":{"self":[{"href":"https:\/\/moverdb.com\/cs\/wp-json\/wp\/v2\/pages\/925","targetHints":{"allow":["GET"]}}],"collection":[{"href":"https:\/\/moverdb.com\/cs\/wp-json\/wp\/v2\/pages"}],"about":[{"href":"https:\/\/moverdb.com\/cs\/wp-json\/wp\/v2\/types\/page"}],"author":[{"embeddable":true,"href":"https:\/\/moverdb.com\/cs\/wp-json\/wp\/v2\/users\/1"}],"replies":[{"embeddable":true,"href":"https:\/\/moverdb.com\/cs\/wp-json\/wp\/v2\/comments?post=925"}],"version-history":[{"count":7,"href":"https:\/\/moverdb.com\/cs\/wp-json\/wp\/v2\/pages\/925\/revisions"}],"predecessor-version":[{"id":13171,"href":"https:\/\/moverdb.com\/cs\/wp-json\/wp\/v2\/pages\/925\/revisions\/13171"}],"wp:attachment":[{"href":"https:\/\/moverdb.com\/cs\/wp-json\/wp\/v2\/media?parent=925"}],"curies":[{"name":"wp","href":"https:\/\/api.w.org\/{rel}","templated":true}]}}