{"id":924,"date":"2016-09-03T21:30:31","date_gmt":"2016-09-03T21:30:31","guid":{"rendered":"http:\/\/moverdb.com\/?page_id=924"},"modified":"2026-01-08T14:48:13","modified_gmt":"2026-01-08T14:48:13","slug":"eagle-relocations","status":"publish","type":"page","link":"https:\/\/moverdb.com\/cs\/eagle-relocations\/","title":{"rendered":"P\u0159est\u011bhov\u00e1n\u00ed spole\u010dnosti Eagle: Mezin\u00e1rodn\u00ed st\u011bhov\u00e1n\u00ed a st\u011bhov\u00e1n\u00ed Recenze"},"content":{"rendered":"<p>Eagle Relocations je <a href=\"https:\/\/moverdb.com\/cs\/international-removals\/\" data-internallinksmanager029f6b8e52c=\"27\" title=\"36 nejlep\u0161\u00edch mezin\u00e1rodn\u00edch st\u011bhovac\u00edch spole\u010dnost\u00ed ve Velk\u00e9 Brit\u00e1nii\">st\u011bhovac\u00ed spole\u010dnost<\/a> se s\u00eddlem ve Watfordu, <a href=\"https:\/\/moverdb.com\/cs\/moving-to-the-uk\/\" data-internallinksmanager029f6b8e52c=\"93\" title=\"St\u011bhujete se do Spojen\u00e9ho kr\u00e1lovstv\u00ed? 2022 \u017divotn\u00ed n\u00e1klady a tipy na st\u011bhov\u00e1n\u00ed\">UK<\/a>. Sv\u00fdm klient\u016fm nab\u00edz\u00ed \u0159adu st\u011bhovac\u00edch slu\u017eeb, kter\u00e9 jsou uvedeny n\u00ed\u017ee, spolu s profilem spole\u010dnosti a recenzemi.<\/p>\n<p><strong>Mezin\u00e1rodn\u00ed st\u011bhov\u00e1n\u00ed<\/strong><\/p>\n<ul>\n<li> Slu\u017eba od dve\u0159\u00ed ke dve\u0159\u00edm<\/li>\n<li> Slu\u017eba od dve\u0159\u00ed k obrubn\u00edku<\/li>\n<li> Dve\u0159e do <a href=\"https:\/\/moverdb.com\/cs\/top-49-container-ports\/\" data-internallinksmanager029f6b8e52c=\"80\" title=\"49 nejv\u011bt\u0161\u00edch a nejru\u0161n\u011bj\u0161\u00edch kontejnerov\u00fdch p\u0159\u00edstav\u016f v roce 2025\">p\u0159\u00edstav<\/a> slu\u017eba<\/li>\n<li> Kompletn\u00ed balic\u00ed slu\u017eby<\/li>\n<li> Slu\u017eba k\u0159ehk\u00e9ho nebo ne\u00fapln\u00e9ho balen\u00ed<\/li>\n<li> Slu\u017eba zabalen\u00e1 majitelem<\/li>\n<li> Demont\u00e1\u017e a op\u011btovn\u00e1 mont\u00e1\u017e n\u00e1bytku<\/li>\n<li> Dod\u00e1van\u00e9 obalov\u00e9 materi\u00e1ly<\/li>\n<li> Silni\u010dn\u00ed, leteck\u00fd a n\u00e1mo\u0159n\u00ed tranzit<\/li>\n<li> Celn\u00ed odbaven\u00ed<\/li>\n<li> Odstra\u0148ov\u00e1n\u00ed trosek<\/li>\n<li> Slu\u017eba Concierge<\/li>\n<li> \u00daklidov\u00e9 slu\u017eby<\/li>\n<\/ul>\n<p><strong>St\u011bhov\u00e1n\u00ed firem<\/strong><\/p>\n<ul>\n<li> Mana\u017eer osobn\u00edch firemn\u00edch p\u0159esun\u016f<\/li>\n<li> Pr\u016fzkum st\u00e1vaj\u00edc\u00edch a nov\u00fdch prostor<\/li>\n<li> Demont\u00e1\u017e a op\u011btovn\u00e1 mont\u00e1\u017e n\u00e1bytku<\/li>\n<li> IT specialist\u00e9 pro st\u011bhov\u00e1n\u00ed po\u010d\u00edta\u010d\u016f<\/li>\n<li> St\u011bhovac\u00ed bedny ur\u010den\u00e9 pro kancel\u00e1\u0159e<\/li>\n<li> Bedny ozna\u010den\u00e9 \u0161t\u00edtky<\/li>\n<li> Mana\u017eer st\u011bhov\u00e1n\u00ed nep\u0159etr\u017eit\u011b na m\u00edst\u011b b\u011bhem st\u011bhov\u00e1n\u00ed<\/li>\n<li> Sjednan\u00e9 poji\u0161t\u011bn\u00ed<\/li>\n<\/ul>\n<p><strong>St\u011bhov\u00e1n\u00ed dom\u016f ve Spojen\u00e9m kr\u00e1lovstv\u00ed<\/strong><\/p>\n<ul>\n<li> Spolupr\u00e1ce se spr\u00e1vcem st\u011bhov\u00e1n\u00ed<\/li>\n<li> Pr\u016fzkum p\u0159ed st\u011bhov\u00e1n\u00edm<\/li>\n<li> Vyhrazen\u00fd koordin\u00e1tor st\u011bhov\u00e1n\u00ed<\/li>\n<li> Od dve\u0159\u00ed ke dve\u0159\u00edm<\/li>\n<li> Kompletn\u00ed balen\u00ed, \u010d\u00e1ste\u010dn\u00e9 balen\u00ed nebo si to ud\u011blejte sami<\/li>\n<li> Demont\u00e1\u017e a op\u011btovn\u00e1 mont\u00e1\u017e n\u00e1bytku<\/li>\n<li> Sjednan\u00e9 poji\u0161t\u011bn\u00ed<\/li>\n<li> Odstra\u0148ov\u00e1n\u00ed trosek<\/li>\n<\/ul>\n<h2>Profil spole\u010dnosti Eagle Relocations<\/h2>\n<p>Spole\u010dnost Eagle Relocations byla zalo\u017eena jako rodinn\u00fd podnik v roce 1967 a tehdy se jmenovala Eagle Shipping. V roce 2002 se stala spole\u010dnost\u00ed s ru\u010den\u00edm omezen\u00fdm a zm\u011bnila n\u00e1zev na Eagle Relocations. Sv\u00fdm klient\u016fm nab\u00edz\u00ed kompletn\u00ed st\u011bhovac\u00ed slu\u017eby na m\u00edstn\u00ed, n\u00e1rodn\u00ed i mezin\u00e1rodn\u00ed \u00farovni.<\/p>\n<p>Spole\u010dnost Eagle Relocations v roce 2015 p\u0159est\u011bhovala v\u00edce ne\u017e 3 500 osob. Nab\u00edzej\u00ed r\u016fzn\u00e9 bal\u00ed\u010dky, kter\u00e9 vyhovuj\u00ed pot\u0159eb\u00e1m a pen\u011b\u017eenk\u00e1m lid\u00ed. V\u011b\u0159\u00ed v siln\u00fd z\u00e1kaznick\u00fd servis a oddanost.<\/p>\n<p>Spole\u010dnost Eagle Relocations m\u00e1 n\u00e1sleduj\u00edc\u00ed akreditace a afiliace:<\/p>\n<ul>\n<li> <a href=\"https:\/\/moverdb.com\/cs\/britska-asociace-stehovaku\/\">Britsk\u00e1 asociace st\u011bhov\u00e1k\u016f<\/a> (<a href=\"https:\/\/moverdb.com\/cs\/british-association-of-removers\/\" data-internallinksmanager029f6b8e52c=\"9\" title=\"Vysv\u011btlen\u00ed Britsk\u00e9 asociace st\u011bhov\u00e1k\u016f (BAR)\">BAR<\/a>)<\/li>\n<li> <a href=\"https:\/\/moverdb.com\/cs\/fedemac\/\">Federace evropsk\u00fdch st\u011bhov\u00e1k\u016f<\/a> (<a href=\"https:\/\/moverdb.com\/cs\/fedemac\/\" data-internallinksmanager029f6b8e52c=\"15\" title=\"Vysv\u011btlen\u00ed Federace evropsk\u00fdch st\u011bhov\u00e1k\u016f (FEDEMAC)\">FEDEMAC<\/a>)<\/li>\n<li> <a href=\"https:\/\/moverdb.com\/cs\/iam\/\">Mezin\u00e1rodn\u00ed asociace st\u011bhov\u00e1k\u016f<\/a> (<a href=\"https:\/\/moverdb.com\/cs\/iam\/\" data-internallinksmanager029f6b8e52c=\"23\" title=\"Vysv\u011btlen\u00ed Mezin\u00e1rodn\u00ed asociace st\u011bhov\u00e1k\u016f (IAM)\">IAM<\/a>)<\/li>\n<li> <a href=\"https:\/\/moverdb.com\/cs\/hgfaa\/\">Asociace americk\u00fdch spedit\u00e9r\u016f zbo\u017e\u00ed pro dom\u00e1cnost<\/a><\/li>\n<li> Britsk\u00e9 sdru\u017een\u00ed pro mezin\u00e1rodn\u00ed n\u00e1kladn\u00ed dopravu (BIFA)<\/li>\n<li> <a href=\"https:\/\/moverdb.com\/cs\/bar-overseas\/\">Britsk\u00e1 asociace st\u011bhov\u00e1k\u016f (BAR) Z\u00e1mo\u0159\u00ed<\/a><\/li>\n<\/ul>\n<h2>Eagle Relocations Recenze<\/h2>\n<p><strong>Pozitivn\u00ed:<\/strong><\/p>\n<ul>\n<li> <em>Chlapci byli skv\u011bl\u00ed... Super u\u017eite\u010dn\u00e9, efektivn\u00ed, profesion\u00e1ln\u00ed a v\u0161ichni s velk\u00fdm \u00fasm\u011bvem na tv\u00e1\u0159i...<\/em> - Ross prost\u0159ednictv\u00edm <a href=\"http:\/\/www.eaglerelocations.com\/testimonials\/\" target=\"_blank\" rel=\"noopener\">str\u00e1nka s referencemi z\u00e1kazn\u00edk\u016f<\/a><\/li>\n<li> <em>\"Byli d\u016fv\u011bryhodn\u00ed, profesion\u00e1ln\u00ed, vesel\u00ed, pracovit\u00ed a pe\u010dliv\u00ed a usnadnili n\u00e1m velmi stresuj\u00edc\u00ed obdob\u00ed. Poskytuj\u00ed vynikaj\u00edc\u00ed pom\u011br ceny a kvality a jsem r\u00e1d, \u017ee jsem si nevybral firmu, kter\u00e1 mi e-mailem nab\u00eddla cenu st\u011bhov\u00e1n\u00ed \"p\u0159\u00edli\u0161 dobrou na to, aby to byla pravda\", ani\u017e by v\u016fbec nav\u0161t\u00edvila n\u00e1\u0161 d\u016fm. Podle m\u00e9ho n\u00e1zoru jsou \u0161pi\u010dkou na trhu a j\u00e1 budu spole\u010dnosti Eagle Relocations nav\u017edy vd\u011b\u010dn\u00fd.\"<\/em> - Karen prost\u0159ednictv\u00edm <a href=\"https:\/\/www.trustpilot.com\/reviews\/56fe57450000ff00094ba791\" target=\"_blank\" rel=\"noopener\">TrustPilot<\/a> <\/li>\n<li> <em>\"Pr\u00e1v\u011b jsem Eagle Relocations p\u0159i 3 r\u016fzn\u00fdch p\u0159\u00edle\u017eitostech. St\u011bhoval jsem se z Hendonu do Borhamwoodu, z Borhamwoodu do skladi\u0161t\u011b a pak na Bali. P\u0159i ka\u017ed\u00e9 p\u0159\u00edle\u017eitosti jsem shledal, \u017ee jsou mimo\u0159\u00e1dn\u011b profesion\u00e1ln\u00ed.\"<\/em> - Pankesh P prost\u0159ednictv\u00edm <a href=\"https:\/\/www.yell.com\/reviews\/user\/PankeshP\" target=\"_blank\" rel=\"noopener\">Yell<\/a><\/li>\n<\/ul>\n<p><strong>Negativn\u00ed:<\/strong><\/p>\n<ul>\n<li> <em>\"Nepou\u017e\u00edvejte tuto spole\u010dnost, p\u0159i\u0161li o v\u0161echny m\u00e9 pozemsk\u00e9 statky.\"<\/em> - Adrienne prost\u0159ednictv\u00edm <a href=\"https:\/\/www.trustpilot.com\/reviews\/587ecbbc0dc2f609f06be069\" target=\"_blank\" rel=\"noopener\">Trustpilot<\/a><\/li>\n<\/ul>\n<div itemprop=\"review\" itemscope itemtype=\"http:\/\/schema.org\/Review\">\n<span itemprop=\"author\" itemscope=\"\" itemtype=\"http:\/\/schema.org\/Organization\"><span itemprop=\"name\">MoverDB.com<\/span><\/span> Online recenze webov\u00fdch str\u00e1nek pro <span itemprop=\"itemreviewed\" itemscope=\"\" itemtype=\"http:\/\/schema.org\/Brand\"><span itemprop=\"name\">P\u0159est\u011bhov\u00e1n\u00ed spole\u010dnosti Eagle<\/span><\/span>:<\/p>\n<ol>\n<li> Jasn\u00e9 kontaktn\u00ed \u00fadaje na webov\u00fdch str\u00e1nk\u00e1ch (v\u010detn\u011b telefonn\u00edho \u010d\u00edsla): <strong>Ano<\/strong><\/li>\n<li> Snadn\u00e9 z\u00edsk\u00e1n\u00ed <a href=\"https:\/\/moverdb.com\/cs\/citaty\/\">mezin\u00e1rodn\u00ed st\u011bhov\u00e1n\u00ed<\/a>? (Online formul\u00e1\u0159 \u017e\u00e1dosti o odhad): <strong>Ano<\/strong><\/li>\n<li> Jasn\u00e9 informace na webov\u00fdch str\u00e1nk\u00e1ch: <strong>Ano,<\/strong> obsahuje pr\u016fvodce zem\u011bmi a blog s u\u017eite\u010dn\u00fdmi informacemi o st\u011bhov\u00e1n\u00ed do zahrani\u010d\u00ed.<\/li>\n<li> \u010clenstv\u00ed v mezin\u00e1rodn\u00edch uzn\u00e1van\u00fdch organizac\u00edch pohybliv\u00fdch aktivit: <strong>Ano<\/strong>, viz v\u00fd\u0161e.<\/li>\n<li> Seznam klient\u016f a\/nebo reference p\u0159edchoz\u00edch z\u00e1kazn\u00edk\u016f: <strong>N\u011bkter\u00e9,<\/strong> Na webov\u00fdch str\u00e1nk\u00e1ch jsou k dispozici testy z\u00e1kazn\u00edk\u016f, ale mnoh\u00e9 z nich jsou si pon\u011bkud podobn\u00e9 a jinde na internetu je jen m\u00e1lo recenz\u00ed. Nicm\u00e9n\u011b recenze, kter\u00e9 jsou k dispozici, jsou v\u011bt\u0161inou pozitivn\u00ed.<\/li>\n<\/ol>\n<div itemprop=\"reviewRating\" itemscope itemtype=\"http:\/\/schema.org\/Rating\"><meta itemprop=\"worstRating\" content = \"0\" \/><meta itemprop=\"bestRating\" content=\"5\" \/><meta itemprop=\"ratingValue\" content=\"4.5\"><\/div>\n<p><strong>Celkov\u00e9 hodnocen\u00ed: 4,5\/5<\/strong><br \/>\n<strong>Datum recenze:<\/strong> <span itemprop=\"datePublished\" content=\"2016-09-03\">03\/09\/2016<\/span>\n<\/div>\n<p>Zjist\u011bte v\u00edce o v\u00edce o <a href=\"https:\/\/moverdb.com\/cs\/mezinarodni-stehovani\/\">mezin\u00e1rodn\u00ed st\u011bhov\u00e1n\u00ed<\/a> a na\u0161e <a href=\"https:\/\/moverdb.com\/cs\/recenze\/\">proces p\u0159ezkoum\u00e1n\u00ed<\/a>.<\/p>\n<p><strong>Webov\u00e9 str\u00e1nky:<\/strong> <a href=\"http:\/\/www.eaglerelocations.com\" target=\"_blank\" rel=\"noopener\">http:\/\/www.eaglerelocations.com<\/a><\/p>","protected":false},"excerpt":{"rendered":"<p>Eagle Relocations is a removals company based in Watford, UK. It offers its clients a range of removals services which are listed below, together with a company profile and reviews. International Removals Door to door service Door to kerbside service Door to port service Full packing service Fragile or part pack service Owner packed service [&hellip;]<\/p>\n","protected":false},"author":1,"featured_media":0,"parent":0,"menu_order":0,"comment_status":"closed","ping_status":"closed","template":"","meta":{"_genesis_hide_title":false,"_genesis_hide_breadcrumbs":false,"_genesis_hide_singular_image":false,"_genesis_hide_footer_widgets":false,"_genesis_custom_body_class":"","_genesis_custom_post_class":"","_genesis_layout":"","footnotes":""},"class_list":{"0":"post-924","1":"page","2":"type-page","3":"status-publish","5":"entry"},"_links":{"self":[{"href":"https:\/\/moverdb.com\/cs\/wp-json\/wp\/v2\/pages\/924","targetHints":{"allow":["GET"]}}],"collection":[{"href":"https:\/\/moverdb.com\/cs\/wp-json\/wp\/v2\/pages"}],"about":[{"href":"https:\/\/moverdb.com\/cs\/wp-json\/wp\/v2\/types\/page"}],"author":[{"embeddable":true,"href":"https:\/\/moverdb.com\/cs\/wp-json\/wp\/v2\/users\/1"}],"replies":[{"embeddable":true,"href":"https:\/\/moverdb.com\/cs\/wp-json\/wp\/v2\/comments?post=924"}],"version-history":[{"count":6,"href":"https:\/\/moverdb.com\/cs\/wp-json\/wp\/v2\/pages\/924\/revisions"}],"predecessor-version":[{"id":6202,"href":"https:\/\/moverdb.com\/cs\/wp-json\/wp\/v2\/pages\/924\/revisions\/6202"}],"wp:attachment":[{"href":"https:\/\/moverdb.com\/cs\/wp-json\/wp\/v2\/media?parent=924"}],"curies":[{"name":"wp","href":"https:\/\/api.w.org\/{rel}","templated":true}]}}