{"id":923,"date":"2016-08-25T14:59:50","date_gmt":"2016-08-25T14:59:50","guid":{"rendered":"http:\/\/moverdb.com\/?page_id=923"},"modified":"2026-01-08T14:40:15","modified_gmt":"2026-01-08T14:40:15","slug":"movecorp","status":"publish","type":"page","link":"https:\/\/moverdb.com\/cs\/movecorp\/","title":{"rendered":"Movecorp: Mezin\u00e1rodn\u00ed st\u011bhov\u00e1n\u00ed a st\u011bhov\u00e1n\u00ed Recenze"},"content":{"rendered":"<p>Spole\u010dnost Movecorp s\u00eddl\u00ed ve West Midlands a nab\u00edz\u00ed sv\u00fdm z\u00e1kazn\u00edk\u016fm r\u016fzn\u00e9 <a href=\"https:\/\/moverdb.com\/cs\/international-removals\/\" data-internallinksmanager029f6b8e52c=\"27\" title=\"36 nejlep\u0161\u00edch mezin\u00e1rodn\u00edch st\u011bhovac\u00edch spole\u010dnost\u00ed ve Velk\u00e9 Brit\u00e1nii\">mezin\u00e1rodn\u00ed st\u011bhov\u00e1n\u00ed<\/a> slu\u017eby, kter\u00e9 jsou uvedeny n\u00ed\u017ee, spolu s profilem spole\u010dnosti a recenzemi.<\/p>\n<p><strong>Mezin\u00e1rodn\u00ed st\u011bhov\u00e1n\u00ed<\/strong><\/p>\n<ul>\n<li> Vyhrazen\u00fd koordin\u00e1tor st\u011bhov\u00e1n\u00ed<\/li>\n<li> Od dve\u0159\u00ed ke dve\u0159\u00edm<\/li>\n<li> Balen\u00ed - kompletn\u00ed slu\u017eby, k\u0159ehk\u00e9 p\u0159edm\u011bty nebo si je zabalte sami<\/li>\n<li> Dod\u00e1van\u00e9 obalov\u00e9 materi\u00e1ly<\/li>\n<li> Pomoc s pap\u00edrov\u00e1n\u00edm<\/li>\n<li> P\u0159eprava \u010d\u00e1ste\u010dn\u00e9ho n\u00e1kladu - sd\u00edlen\u00fd kontejner<\/li>\n<li> Vyhrazen\u00e9 str\u00e1nky <a href=\"https:\/\/moverdb.com\/cs\/kontejnerova-preprava\/\">mezin\u00e1rodn\u00ed kontejnerov\u00e1 doprava<\/a><\/li>\n<li> Bezplatn\u00e9 \u00falo\u017ei\u0161t\u011b a\u017e na jeden m\u011bs\u00edc<\/li>\n<li> Rozbalen\u00ed<\/li>\n<li> Sjednan\u00e9 poji\u0161t\u011bn\u00ed<\/li>\n<li> Slu\u017eba p\u0159em\u00edst\u011bn\u00ed zam\u011bstnanc\u016f<\/li>\n<\/ul>\n<p><strong>Evropsk\u00e9 st\u011bhov\u00e1n\u00ed<\/strong><\/p>\n<ul>\n<li> Slu\u017eba od dve\u0159\u00ed ke dve\u0159\u00edm<\/li>\n<li> Vyhrazen\u00fd koordin\u00e1tor st\u011bhov\u00e1n\u00ed<\/li>\n<li> K dispozici je kompletn\u00ed balic\u00ed slu\u017eba<\/li>\n<li> Dod\u00e1van\u00e9 obalov\u00e9 materi\u00e1ly<\/li>\n<li> Pomoc s pap\u00edrov\u00e1n\u00edm<\/li>\n<li> P\u0159eprava \u010d\u00e1ste\u010dn\u00e9ho n\u00e1kladu (LCL)<\/li>\n<li> Vyhrazen\u00fd p\u0159epravn\u00ed kontejner<\/li>\n<li> Bezplatn\u00e9 \u00falo\u017ei\u0161t\u011b a\u017e na jeden m\u011bs\u00edc<\/li>\n<li> K dispozici je kompletn\u00ed servis vybalov\u00e1n\u00ed<\/li>\n<li> Sjednan\u00e9 poji\u0161t\u011bn\u00ed<\/li>\n<\/ul>\n<p><strong>St\u011bhov\u00e1n\u00ed dom\u016f<\/strong><\/p>\n<ul>\n<li> Slu\u017eba od dve\u0159\u00ed ke dve\u0159\u00edm<\/li>\n<li> Kompletn\u00ed balic\u00ed a balic\u00ed slu\u017eby <\/li>\n<li> \u00dalo\u017ei\u0161t\u011b - prvn\u00ed m\u011bs\u00edc zdarma<\/li>\n<li> Sjednan\u00e9 poji\u0161t\u011bn\u00ed<\/li>\n<li> \u010c\u00e1ste\u010dn\u00fd n\u00e1klad (LCL)<\/li>\n<li> Pln\u00e9 zat\u00ed\u017een\u00ed (FCL)<\/li>\n<li> Slu\u017eba vybalen\u00ed p\u0159i dod\u00e1n\u00ed<\/li>\n<\/ul>\n<h2>Movecorp Profil spole\u010dnosti<\/h2>\n<p>Movecorp je <a href=\"https:\/\/moverdb.com\/cs\/moving-to-the-uk\/\" data-internallinksmanager029f6b8e52c=\"93\" title=\"St\u011bhujete se do Spojen\u00e9ho kr\u00e1lovstv\u00ed? 2022 \u017divotn\u00ed n\u00e1klady a tipy na st\u011bhov\u00e1n\u00ed\">UK<\/a> st\u011bhovac\u00ed spole\u010dnost, kter\u00e1 se specializuje na mezin\u00e1rodn\u00ed a evropsk\u00e9 st\u011bhov\u00e1n\u00ed. Jej\u00ed s\u00eddlo se nach\u00e1z\u00ed ve West Midlands, co\u017e j\u00ed umo\u017e\u0148uje poskytovat slu\u017eby po cel\u00e9m Spojen\u00e9m kr\u00e1lovstv\u00ed. <\/p>\n<p>Spole\u010dnost Movecorp st\u011bhuje lidi ve Velk\u00e9 Brit\u00e1nii ka\u017ed\u00fd den v t\u00fddnu a ka\u017ed\u00fd t\u00fdden zaji\u0161\u0165uje dod\u00e1vky do v\u0161ech hlavn\u00edch evropsk\u00fdch destinac\u00ed.<\/p>\n<p>Spole\u010dnost Movecorp poskytuje v\u0161em sv\u00fdm z\u00e1kazn\u00edk\u016fm individu\u00e1ln\u00ed slu\u017eby a informuje je o ka\u017ed\u00e9m kroku. Py\u0161n\u00ed se p\u0159\u00e1telsk\u00fdm a efektivn\u00edm p\u0159\u00edstupem ke ka\u017ed\u00e9mu st\u011bhov\u00e1n\u00ed, kter\u00e9 prov\u00e1d\u011bj\u00ed.<\/p>\n<p>Spole\u010dnost Movecorp m\u00e1 n\u00e1sleduj\u00edc\u00ed afilace a akreditace:<\/p>\n<ul>\n<li> <a href=\"https:\/\/moverdb.com\/cs\/iam\/\">Mezin\u00e1rodn\u00ed asociace st\u011bhov\u00e1k\u016f<\/a> (<a href=\"https:\/\/moverdb.com\/cs\/iam\/\" data-internallinksmanager029f6b8e52c=\"23\" title=\"Vysv\u011btlen\u00ed Mezin\u00e1rodn\u00ed asociace st\u011bhov\u00e1k\u016f (IAM)\">IAM<\/a>)<\/li>\n<li> <a href=\"https:\/\/moverdb.com\/cs\/rios\/\">Syst\u00e9m ombudsmana pro st\u011bhov\u00e1n\u00ed<\/a><\/li>\n<li> <a href=\"https:\/\/moverdb.com\/cs\/fedemac\/\">Federace evropsk\u00fdch st\u011bhov\u00e1k\u016f<\/a> (<a href=\"https:\/\/moverdb.com\/cs\/fedemac\/\" data-internallinksmanager029f6b8e52c=\"15\" title=\"Vysv\u011btlen\u00ed Federace evropsk\u00fdch st\u011bhov\u00e1k\u016f (FEDEMAC)\">FEDEMAC<\/a>)<\/li>\n<li> <a href=\"https:\/\/moverdb.com\/cs\/freight-transport-association\/\">Sdru\u017een\u00ed pro n\u00e1kladn\u00ed dopravu<\/a> (<a href=\"https:\/\/moverdb.com\/cs\/freight-transport-association\/\" data-internallinksmanager029f6b8e52c=\"18\" title=\"Vysv\u011btlen\u00ed Sdru\u017een\u00ed pro n\u00e1kladn\u00ed dopravu (FTA)\">FTA<\/a>)<\/li>\n<li> <a href=\"https:\/\/moverdb.com\/cs\/mtc\/\">Movers Trading Club<\/a> (<a href=\"https:\/\/moverdb.com\/cs\/mtc\/\" data-internallinksmanager029f6b8e52c=\"30\" title=\"Vysv\u011btlen\u00ed Movers Trading Club (MTC)\">MTC<\/a>)<\/li>\n<li> <a href=\"https:\/\/moverdb.com\/cs\/eurovan-movers\/\">Eurovan<\/a><\/li>\n<li> <a href=\"https:\/\/moverdb.com\/cs\/ngrs\/\">N\u00e1rodn\u00ed cech st\u011bhov\u00e1k\u016f a skladn\u00edk\u016f<\/a> (<a href=\"https:\/\/moverdb.com\/cs\/ngrs\/\" data-internallinksmanager029f6b8e52c=\"74\" title=\"Vysv\u011btlen\u00ed N\u00e1rodn\u00ed asociace st\u011bhov\u00e1k\u016f a skladovatel\u016f (NGRS)\">NGRS<\/a>)<\/li>\n<li> Kter\u00fd? Trusted Trader<\/li>\n<li> Standardy kvality slu\u017eeb - BS 8564<\/li>\n<li> CHAS<\/li>\n<\/ul>\n<h2>Recenze spole\u010dnosti MoveCorp<\/h2>\n<p><strong>Pozitivn\u00ed:<\/strong><\/p>\n<ul>\n<li> <em>\"V\u0159ele doporu\u010duji Movecorp. Obdr\u017een\u00e9 slu\u017eby byly vynikaj\u00edc\u00ed a p\u0159\u00e1telsk\u00e9.\"<\/em> - Ella Dennettov\u00e1 prost\u0159ednictv\u00edm Movecorp <a href=\"http:\/\/www.movecorp.co.uk\/reviews\/\" target=\"_blank\" rel=\"noopener\">recenze a z\u00e1kaznick\u00e1 zpr\u00e1va<\/a>.<\/li>\n<li> <em>\"Velmi efektivn\u00ed, v\u0161e bylo skv\u011ble zabaleno a dorazilo v dobr\u00e9m stavu,\"<\/em> - Stan prost\u0159ednictv\u00edm <a href=\"https:\/\/www.trustpilot.com\/reviews\/579606ae0000ff00097414e9\" target=\"_blank\" rel=\"noopener\">TrustPilot<\/a> <\/li>\n<li> <em>\"Na\u0161e zku\u0161enosti byly skv\u011bl\u00e9. Koordin\u00e1torka st\u011bhov\u00e1n\u00ed Emma byla velmi ochotn\u00e1 a na\u0161e dotazy vy\u0159izovala v\u010das. Za jej\u00ed pomoc j\u00ed pat\u0159\u00ed velk\u00fd d\u00edk!\"<\/em> Andrea prost\u0159ednictv\u00edm <a href=\"http:\/\/www.removalreviews.co.uk\/movingreviews\/great-service-11241\" target=\"_blank\" rel=\"noopener\">Recenze st\u011bhov\u00e1n\u00ed<\/a><\/li>\n<li> <em>\"Webov\u00e9 str\u00e1nky Movecorp se snadno ovl\u00e1daj\u00ed a na\u0161el jsem na nich u\u017eite\u010dn\u00e9 informace, kter\u00e9 mi pomohly zorganizovat st\u011bhov\u00e1n\u00ed.\"<\/em> - LisaM1983 prost\u0159ednictv\u00edm <a href=\"http:\/\/www.reviewcentre.com\/Removal-Companies\/MoveCorp-International-Removals-www-movecorp-co-uk-review_2305958\" target=\"_blank\" rel=\"noopener\">Recenzn\u00ed st\u0159edisko<\/a><\/li>\n<li> <em>\"T\u00fdm spole\u010dnosti Movecorp byl fantastick\u00fd od za\u010d\u00e1tku a\u017e do konce.\"<\/em> - prost\u0159ednictv\u00edm <a href=\"http:\/\/www.referenceline.com\/removers_removals-in-walsall-movecorpcouk-21956#GOTO178308\" target=\"_blank\" rel=\"noopener\">Referen\u010dn\u00ed linka<\/a><\/li>\n<\/ul>\n<p><strong>Negativn\u00ed:<\/strong><\/p>\n<ul>\n<li> <em>\"Obsah m\u00e9ho st\u011bhov\u00e1n\u00ed maj\u00ed u\u017e v\u00edce ne\u017e t\u0159i m\u011bs\u00edce a teprve minul\u00fd t\u00fdden opustil Spojen\u00e9 kr\u00e1lovstv\u00ed.\"<\/em> - Chuck prost\u0159ednictv\u00edm <a href=\"https:\/\/www.trustpilot.com\/reviews\/55f4a26f0000ff000907c3df\" target=\"_blank\" rel=\"noopener\">TrustPilot<\/a><\/li>\n<li> <em>\"A\u010dkoli jsem na internetu vid\u011bl n\u011bkolik dobr\u00fdch recenz\u00ed, moje zku\u0161enost byla bohu\u017eel dost \u0161patn\u00e1.\"<\/em> - Steven Johnson prost\u0159ednictv\u00edm <a href=\"http:\/\/www.removalreviews.co.uk\/movingreviews\/use-at-own-risk-11126\" target=\"_blank\" rel=\"noopener\">Recenze st\u011bhov\u00e1n\u00ed<\/a> <\/li>\n<li> <em>\"Nejhor\u0161\u00ed st\u011bhov\u00e1n\u00ed zku\u0161enost - pocit o\u0161izen a oklam\u00e1n\"<\/em> - MayVisR42 prost\u0159ednictv\u00edm <a href=\"http:\/\/www.reviewcentre.com\/Removal-Companies\/MoveCorp-International-Removals-www-movecorp-co-uk-review_3464277\" target=\"_blank\" rel=\"noopener\">Recenzn\u00ed st\u0159edisko<\/a> <\/li>\n<\/ul>\n<div itemprop=\"review\" itemscope itemtype=\"http:\/\/schema.org\/Review\">\n<span itemprop=\"author\" itemscope=\"\" itemtype=\"http:\/\/schema.org\/Organization\"><span itemprop=\"name\">MoverDB.com<\/span><\/span> Online recenze webov\u00fdch str\u00e1nek pro <span itemprop=\"itemreviewed\" itemscope=\"\" itemtype=\"http:\/\/schema.org\/Brand\"><span itemprop=\"name\">MoveCorp<\/span><\/span>:<\/p>\n<ol>\n<li> Jasn\u00e9 kontaktn\u00ed \u00fadaje na webov\u00fdch str\u00e1nk\u00e1ch (v\u010detn\u011b telefonn\u00edho \u010d\u00edsla)? <strong>Ano<\/strong><\/li>\n<li> Snadn\u00e9 z\u00edsk\u00e1n\u00ed <a href=\"https:\/\/moverdb.com\/cs\/citaty\/\">mezin\u00e1rodn\u00ed st\u011bhov\u00e1n\u00ed<\/a>? (Online formul\u00e1\u0159 \u017e\u00e1dosti o odhad): <strong>Ano<\/strong><\/li>\n<li> Jasn\u00e9 informace na webov\u00fdch str\u00e1nk\u00e1ch: <strong>Ne,<\/strong> Webov\u00e9 str\u00e1nky obsahuj\u00ed jen velmi m\u00e1lo informac\u00ed o tom, jak z\u00edskat cenovou nab\u00eddku, a o destinac\u00edch, do kter\u00fdch se cestuje.<\/li>\n<li> \u010clenstv\u00ed v mezin\u00e1rodn\u00edch uzn\u00e1van\u00fdch organizac\u00edch pohybliv\u00fdch aktivit: <strong>Ano,<\/strong> mnoho - viz v\u00fd\u0161e<\/li>\n<li> Seznam klient\u016f a\/nebo reference p\u0159edchoz\u00edch z\u00e1kazn\u00edk\u016f: <strong>Ano,<\/strong> na str\u00e1nk\u00e1ch je mnoho pozitivn\u00edch referenc\u00ed z\u00e1kazn\u00edk\u016f.<\/li>\n<\/ol>\n<div itemprop=\"reviewRating\" itemscope itemtype=\"http:\/\/schema.org\/Rating\"><meta itemprop=\"worstRating\" content = \"0\" \/><meta itemprop=\"bestRating\" content=\"5\" \/><meta itemprop=\"ratingValue\" content=\"4.5\"><\/div>\n<p><strong>Celkov\u00e9 hodnocen\u00ed: 4,5\/5<\/strong><br \/>\n<strong>Datum recenze:<\/strong> <span itemprop=\"datePublished\" content=\"2016-08-25\">25\/08\/2016<\/span>\n<\/div>\n<p>Zjist\u011bte v\u00edce o <a href=\"https:\/\/moverdb.com\/cs\/mezinarodni-stehovani\/\">mezin\u00e1rodn\u00ed st\u011bhov\u00e1n\u00ed<\/a> a na\u0161e <a href=\"https:\/\/moverdb.com\/cs\/recenze\/\">proces p\u0159ezkoum\u00e1n\u00ed<\/a>.<\/p>\n<p><strong>Webov\u00e9 str\u00e1nky:<\/strong> <a href=\"http:\/\/www.movecorp.co.uk\" target=\"_blank\" rel=\"noopener\">http:\/\/www.movecorp.co.uk<\/a><\/p>","protected":false},"excerpt":{"rendered":"<p>Movecorp is based in the West Midlands and offers its customers various international removals services which are listed below, together with a company profile and reviews. International Removals Dedicated move coordinator Door to door Packing &#8211; full service, fragile items or do it yourself Packing materials supplied Assistance with paperwork Part load shipping &#8211; shared [&hellip;]<\/p>\n","protected":false},"author":1,"featured_media":0,"parent":0,"menu_order":0,"comment_status":"closed","ping_status":"closed","template":"","meta":{"_genesis_hide_title":false,"_genesis_hide_breadcrumbs":false,"_genesis_hide_singular_image":false,"_genesis_hide_footer_widgets":false,"_genesis_custom_body_class":"","_genesis_custom_post_class":"","_genesis_layout":"","footnotes":""},"class_list":{"0":"post-923","1":"page","2":"type-page","3":"status-publish","5":"entry"},"_links":{"self":[{"href":"https:\/\/moverdb.com\/cs\/wp-json\/wp\/v2\/pages\/923","targetHints":{"allow":["GET"]}}],"collection":[{"href":"https:\/\/moverdb.com\/cs\/wp-json\/wp\/v2\/pages"}],"about":[{"href":"https:\/\/moverdb.com\/cs\/wp-json\/wp\/v2\/types\/page"}],"author":[{"embeddable":true,"href":"https:\/\/moverdb.com\/cs\/wp-json\/wp\/v2\/users\/1"}],"replies":[{"embeddable":true,"href":"https:\/\/moverdb.com\/cs\/wp-json\/wp\/v2\/comments?post=923"}],"version-history":[{"count":8,"href":"https:\/\/moverdb.com\/cs\/wp-json\/wp\/v2\/pages\/923\/revisions"}],"predecessor-version":[{"id":13179,"href":"https:\/\/moverdb.com\/cs\/wp-json\/wp\/v2\/pages\/923\/revisions\/13179"}],"wp:attachment":[{"href":"https:\/\/moverdb.com\/cs\/wp-json\/wp\/v2\/media?parent=923"}],"curies":[{"name":"wp","href":"https:\/\/api.w.org\/{rel}","templated":true}]}}