{"id":920,"date":"2016-09-03T16:04:22","date_gmt":"2016-09-03T16:04:22","guid":{"rendered":"http:\/\/moverdb.com\/?page_id=920"},"modified":"2026-01-08T14:47:54","modified_gmt":"2026-01-08T14:47:54","slug":"burke-bros","status":"publish","type":"page","link":"https:\/\/moverdb.com\/cs\/burke-bros\/","title":{"rendered":"Burke Bros Moving Group: Mezin\u00e1rodn\u00ed st\u011bhov\u00e1n\u00ed Recenze"},"content":{"rendered":"<p>Spole\u010dnost Burke Bros je celosv\u011btov\u00fdm st\u011bhov\u00e1kem, skladn\u00edkem, p\u0159epravcem a odborn\u00edkem na st\u011bhov\u00e1n\u00ed po cel\u00e9m sv\u011bt\u011b. N\u00ed\u017ee jsou uvedeny slu\u017eby, kter\u00e9 nab\u00edzej\u00ed, a d\u00e1le profil spole\u010dnosti a r\u016fzn\u00e9 recenze.<\/p>\n<p><strong>Firemn\u00ed a osobn\u00ed <a href=\"https:\/\/moverdb.com\/cs\/international-removals\/\" data-internallinksmanager029f6b8e52c=\"27\" title=\"36 nejlep\u0161\u00edch mezin\u00e1rodn\u00edch st\u011bhovac\u00edch spole\u010dnost\u00ed ve Velk\u00e9 Brit\u00e1nii\">Mezin\u00e1rodn\u00ed st\u011bhov\u00e1n\u00ed<\/a><\/strong><\/p>\n<ul>\n<li> Specializovan\u00fd firemn\u00ed t\u00fdm<\/li>\n<li> Komplexn\u00ed slu\u017eby od dve\u0159\u00ed ke dve\u0159\u00edm<\/li>\n<li> Bezplatn\u00fd pr\u016fzkum st\u011bhov\u00e1n\u00ed<\/li>\n<li> S\u00ed\u0165 renomovan\u00fdch odborn\u00edk\u016f na st\u011bhov\u00e1n\u00ed po cel\u00e9m sv\u011bt\u011b<\/li>\n<li> Specializovan\u00fd t\u00fdm pro exportn\u00ed balen\u00ed<\/li>\n<li> Mezin\u00e1rodn\u00ed karant\u00e9nn\u00ed poradenstv\u00ed<\/li>\n<li> Mezin\u00e1rodn\u00ed informace o clech a spot\u0159ebn\u00edch dan\u00edch<\/li>\n<li> <a href=\"https:\/\/moverdb.com\/cs\/moving-to-the-uk\/\" data-internallinksmanager029f6b8e52c=\"93\" title=\"St\u011bhujete se do Spojen\u00e9ho kr\u00e1lovstv\u00ed? 2022 \u017divotn\u00ed n\u00e1klady a tipy na st\u011bhov\u00e1n\u00ed\">UK<\/a> skladov\u00e1n\u00ed - p\u0159ed odesl\u00e1n\u00edm<\/li>\n<li> Sjednan\u00e9 poji\u0161t\u011bn\u00ed<\/li>\n<li> Pomoc p\u0159i celn\u00edm odbaven\u00ed<\/li>\n<\/ul>\n<p><strong>Evropsk\u00e9 pohyby<\/strong><\/p>\n<ul>\n<li> Komplexn\u00ed slu\u017eby od dve\u0159\u00ed ke dve\u0159\u00edm<\/li>\n<li> Specializovan\u00fd balic\u00ed t\u00fdm<\/li>\n<li> Sjednan\u00e9 poji\u0161t\u011bn\u00ed<\/li>\n<li> T\u00fddenn\u00ed plavby<\/li>\n<li> P\u0159\u00edpadn\u00e1 pomoc v oblasti cel a spot\u0159ebn\u00edch dan\u00ed<\/li>\n<\/ul>\n<p><strong>St\u011bhov\u00e1n\u00ed ve Velk\u00e9 Brit\u00e1nii - firemn\u00ed a osobn\u00ed<\/strong><\/p>\n<ul>\n<li> Osobn\u00ed n\u00e1v\u0161t\u011bva konzultanta<\/li>\n<li> Slu\u017eba \u0159\u00edzen\u00ed projekt\u016f pro podniky<\/li>\n<li> Komplexn\u00ed slu\u017eby od dve\u0159\u00ed ke dve\u0159\u00edm<\/li>\n<li> Specializovan\u00fd balic\u00ed t\u00fdm<\/li>\n<li> Sjednan\u00e9 poji\u0161t\u011bn\u00ed<\/li>\n<li> Specializovan\u00e9 obaly<\/li>\n<li> Pron\u00e1jem kancel\u00e1\u0159sk\u00fdch beden<\/li>\n<\/ul>\n<p><strong>\u00dalo\u017ei\u0161t\u011b<\/strong><\/p>\n<ul>\n<li> Self-storage - Wolverhampton <\/li>\n<li> Neomezen\u00fd p\u0159\u00edstup b\u011bhem otev\u00edrac\u00ed doby<\/li>\n<li> Lze zakoupit \u0159adu krabic<\/li>\n<li> 24hodinov\u00fd kamerov\u00fd syst\u00e9m<\/li>\n<li> Ukl\u00e1d\u00e1n\u00ed dokument\u016f a archiv\u016f<\/li>\n<\/ul>\n<p><strong>Speci\u00e1ln\u00ed slu\u017eby p\u0159i st\u011bhov\u00e1n\u00ed<\/strong><\/p>\n<ul>\n<li> Skartace dokument\u016f<\/li>\n<li> Ukl\u00e1d\u00e1n\u00ed dokument\u016f<\/li>\n<li> Recyklace star\u00e9ho n\u00e1bytku a IT vybaven\u00ed<\/li>\n<li> Demont\u00e1\u017e a nastaven\u00ed po\u010d\u00edta\u010dov\u00fdch syst\u00e9m\u016f<\/li>\n<li> Speci\u00e1ln\u00ed obalov\u00fd materi\u00e1l pro IT za\u0159\u00edzen\u00ed<\/li>\n<\/ul>\n<h2>Burke Bros Moving Group Profil spole\u010dnosti<\/h2>\n<p>Spole\u010dnost Burke Bros byla zalo\u017eena v roce 1982 a za tu dobu p\u0159est\u011bhovala v\u00edce ne\u017e 49 000 klient\u016f. Na kont\u011b maj\u00ed t\u00e9m\u011b\u0159 p\u016fl milionu hodin balen\u00ed, st\u011bhov\u00e1n\u00ed a vybalov\u00e1n\u00ed. Spole\u010dnost s\u00eddl\u00ed ve st\u0159edn\u00ed Anglii a m\u00e1 sedm kancel\u00e1\u0159\u00ed a zabezpe\u010den\u00fd sklad o rozloze 52 000 \u010dtvere\u010dn\u00edch stop.<\/p>\n<p>Spole\u010dnost Burke Bros je rodinn\u00fdm podnikem bratr\u016f Burkeov\u00fdch, Garyho a Chrise. Mnoz\u00ed z jejich zam\u011bstnanc\u016f u nich pracuj\u00ed ji\u017e v\u00edce ne\u017e 20 let. Spole\u010dnost se py\u0161n\u00ed pe\u010dliv\u00fdm p\u0159\u00edstupem ke ka\u017ed\u00e9mu st\u011bhov\u00e1n\u00ed.<\/p>\n<p>Ekologick\u00e1 t\u00e9mata jsou velkou sou\u010d\u00e1st\u00ed spole\u010dnosti a Burke Bros zavedla pro sv\u00e9 klienty recyklaci a nakl\u00e1d\u00e1n\u00ed s odpady, aby sn\u00ed\u017eila jejich uhl\u00edkovou stopu.<\/p>\n<p>Afiliace a akreditace spole\u010dnosti Burke Bros:<\/p>\n<ul>\n<li> <a href=\"https:\/\/moverdb.com\/cs\/britska-asociace-stehovaku\/\">Britsk\u00e1 asociace st\u011bhov\u00e1k\u016f<\/a> (<a href=\"https:\/\/moverdb.com\/cs\/british-association-of-removers\/\" data-internallinksmanager029f6b8e52c=\"9\" title=\"Vysv\u011btlen\u00ed Britsk\u00e9 asociace st\u011bhov\u00e1k\u016f (BAR)\">BAR<\/a>)<\/li>\n<li> <a href=\"https:\/\/moverdb.com\/cs\/fidi-faim\/\">Mezin\u00e1rodn\u00ed federace mezin\u00e1rodn\u00edch dopravc\u016f (F\u00e9d\u00e9ration Internationale des D\u00e9m\u00e9nageurs Internationaux)<\/a> (<a href=\"https:\/\/moverdb.com\/cs\/fidi-faim\/\" data-internallinksmanager029f6b8e52c=\"16\" title=\"Vysv\u011btlen\u00ed FIDI a FAIM (FIDI Accredited International Mover)\">FIDI<\/a>)<\/li>\n<li> <a href=\"https:\/\/moverdb.com\/cs\/iam\/\">Mezin\u00e1rodn\u00ed asociace st\u011bhov\u00e1k\u016f<\/a> (<a href=\"https:\/\/moverdb.com\/cs\/iam\/\" data-internallinksmanager029f6b8e52c=\"23\" title=\"Vysv\u011btlen\u00ed Mezin\u00e1rodn\u00ed asociace st\u011bhov\u00e1k\u016f (IAM)\">IAM<\/a>)<\/li>\n<li> Panamerick\u00e1 asociace mezin\u00e1rodn\u00edch st\u011bhov\u00e1k\u016f (PAIMA)<\/li>\n<li> The <a href=\"https:\/\/moverdb.com\/cs\/bar-overseas\/\">Britsk\u00e1 asociace st\u011bhov\u00e1n\u00ed do z\u00e1mo\u0159\u00ed<\/a><\/li>\n<li> BS5750<\/li>\n<li> TSI<\/li>\n<\/ul>\n<p><strong>Burke Bros Recenze<\/strong><\/p>\n<p><strong>Pozitivn\u00ed<\/strong><\/p>\n<ul>\n<li> <em>\"Cht\u011bli jsme pod\u011bkovat za skv\u011bl\u00e9 slu\u017eby, kter\u00e9 jsme pr\u00e1v\u011b za\u017eili b\u011bhem na\u0161eho st\u011bhov\u00e1n\u00ed z Anglie do \u010cesk\u00e9 republiky. <a href=\"https:\/\/moverdb.com\/cs\/moving-to-france\/\" data-internallinksmanager029f6b8e52c=\"315\" title=\"St\u011bhov\u00e1n\u00ed do Francie? 2026 N\u00e1klady na bydlen\u00ed a tipy na st\u011bhov\u00e1n\u00ed\">Francie<\/a>. Nemohli jsme si p\u0159\u00e1t lep\u0161\u00ed sadu chlap\u016f, kte\u0159\u00ed by balili, nakl\u00e1dali a vykl\u00e1dali. <a href=\"https:\/\/moverdb.com\/cs\/moving-to-the-united-states\/\" data-internallinksmanager029f6b8e52c=\"94\" title=\"St\u011bhujete se do Spojen\u00fdch st\u00e1t\u016f? 2022 \u017divotn\u00ed n\u00e1klady a tipy na st\u011bhov\u00e1n\u00ed\">n\u00e1s<\/a>.\"<\/em> - Sue &amp; David p\u0159es Burke Bros <a href=\"http:\/\/burkebros.co.uk\/about_us\/testimonials\/\" target=\"_blank\" rel=\"noopener\">str\u00e1nka se sv\u011bdectv\u00edm<\/a><\/li>\n<li> <em>\"Vyu\u017eili jsme Burke Bros, aby n\u00e1s p\u0159est\u011bhovali ze Spojen\u00e9ho kr\u00e1lovstv\u00ed do Dordogne ve Francii, ne proto, \u017ee byli rozumn\u00ed se sv\u00fdmi poplatky, ale profesion\u00e1ln\u00ed zp\u016fsob, jak\u00fdm zvl\u00e1dli pr\u00e1ci od za\u010d\u00e1tku do konce.\"<\/em> - Malcolm prost\u0159ednictv\u00edm <a href=\"https:\/\/www.yell.com\/biz\/burke-bros-worldwide-moving-group-wolverhampton-900810900\/\" target=\"_blank\" rel=\"noopener\">Yell<\/a><\/li>\n<\/ul>\n<p><strong>Negativn\u00ed <\/strong><\/p>\n<ul>\n<li> <em>Nejhor\u0161\u00ed zku\u0161enost se st\u011bhov\u00e1n\u00edm za posledn\u00edch 35 let (8 st\u011bhov\u00e1n\u00ed)<\/em> - Pan D Neal prost\u0159ednictv\u00edm <a href=\"http:\/\/www.removalreviews.co.uk\/movingreviews\/appalling-12193\" target=\"_blank\" rel=\"noopener\">Recenze st\u011bhov\u00e1n\u00ed<\/a><\/li>\n<li> \"Nepl\u00fdtvejte pen\u011bzi.\" - Thibit p\u0159es <a href=\"https:\/\/www.yell.com\/biz\/burke-bros-worldwide-moving-group-wolverhampton-900810900\/\" target=\"_blank\" rel=\"noopener\">Yell<\/a><\/li>\n<\/li>\n<\/ul>\n<div itemprop=\"review\" itemscope itemtype=\"http:\/\/schema.org\/Review\">\n<span itemprop=\"author\" itemscope=\"\" itemtype=\"http:\/\/schema.org\/Organization\"><span itemprop=\"name\">MoverDB.com<\/span><\/span> Online recenze webov\u00fdch str\u00e1nek pro <span itemprop=\"itemreviewed\" itemscope=\"\" itemtype=\"http:\/\/schema.org\/Brand\"><span itemprop=\"name\">Burke Bros Moving Group<\/span><\/span>:<\/p>\n<ol>\n<li> Jasn\u00e9 kontaktn\u00ed \u00fadaje na webov\u00fdch str\u00e1nk\u00e1ch (v\u010detn\u011b telefonn\u00edho \u010d\u00edsla): <strong>Ano<\/strong><\/li>\n<li> Snadn\u00e9 z\u00edsk\u00e1n\u00ed <a href=\"https:\/\/moverdb.com\/cs\/citaty\/\">mezin\u00e1rodn\u00ed st\u011bhov\u00e1n\u00ed<\/a>? (Online formul\u00e1\u0159 \u017e\u00e1dosti o odhad): <strong>Ano<\/strong><\/li>\n<li> Jasn\u00e9 informace na webov\u00fdch str\u00e1nk\u00e1ch: <strong>Ano,<\/strong> v\u010detn\u011b pr\u016fvodc\u016f po r\u016fzn\u00fdch zem\u00edch, kde p\u016fsob\u00ed.<\/li>\n<li> \u010clenstv\u00ed v mezin\u00e1rodn\u00edch uzn\u00e1van\u00fdch organizac\u00edch pohybliv\u00fdch aktivit: <strong>Ano<\/strong>, viz v\u00fd\u0161e.<\/li>\n<li> Seznam klient\u016f a\/nebo reference p\u0159edchoz\u00edch z\u00e1kazn\u00edk\u016f: <strong>N\u011bkter\u00e9,<\/strong> na sv\u00fdch webov\u00fdch str\u00e1nk\u00e1ch maj\u00ed vybran\u00e9 reference a celkov\u011b pozitivn\u00ed recenze na jin\u00fdch webov\u00fdch str\u00e1nk\u00e1ch.<\/li>\n<\/ol>\n<div itemprop=\"reviewRating\" itemscope itemtype=\"http:\/\/schema.org\/Rating\"><meta itemprop=\"worstRating\" content = \"0\" \/><meta itemprop=\"bestRating\" content=\"5\" \/><meta itemprop=\"ratingValue\" content=\"4.5\"><\/div>\n<p><strong>Celkov\u00e9 hodnocen\u00ed: 4,5\/5<\/strong><br \/>\n<strong>Datum recenze:<\/strong> <span itemprop=\"datePublished\" content=\"2016-09-03\">03\/09\/2016<\/span>\n<\/div>\n<p>P\u0159e\u010dt\u011bte si v\u00edce o <a href=\"https:\/\/moverdb.com\/cs\/mezinarodni-stehovani\/\">mezin\u00e1rodn\u00ed st\u011bhov\u00e1n\u00ed<\/a> a na\u0161e <a href=\"https:\/\/moverdb.com\/cs\/recenze\/\">proces p\u0159ezkoum\u00e1n\u00ed.<\/a>.<\/p>\n<p><strong>Webov\u00e9 str\u00e1nky:<\/strong> <a href=\"http:\/\/burkebros.co.uk\/\" target=\"_blank\" rel=\"noopener\">http:\/\/burkebros.co.uk<\/a><\/p>","protected":false},"excerpt":{"rendered":"<p>Burke Bros are worldwide movers, storers, shippers and global relocation experts. Listed below are the services they offer, followed by a company profile and various reviews. Corporate and Personal International Removals Dedicated corporate team Comprehensive door to door service Free moving survey Network of reputable relocation experts world wide Dedicated export packing team International quarantine [&hellip;]<\/p>\n","protected":false},"author":1,"featured_media":0,"parent":0,"menu_order":0,"comment_status":"closed","ping_status":"closed","template":"","meta":{"_genesis_hide_title":false,"_genesis_hide_breadcrumbs":false,"_genesis_hide_singular_image":false,"_genesis_hide_footer_widgets":false,"_genesis_custom_body_class":"","_genesis_custom_post_class":"","_genesis_layout":"","footnotes":""},"class_list":{"0":"post-920","1":"page","2":"type-page","3":"status-publish","5":"entry"},"_links":{"self":[{"href":"https:\/\/moverdb.com\/cs\/wp-json\/wp\/v2\/pages\/920","targetHints":{"allow":["GET"]}}],"collection":[{"href":"https:\/\/moverdb.com\/cs\/wp-json\/wp\/v2\/pages"}],"about":[{"href":"https:\/\/moverdb.com\/cs\/wp-json\/wp\/v2\/types\/page"}],"author":[{"embeddable":true,"href":"https:\/\/moverdb.com\/cs\/wp-json\/wp\/v2\/users\/1"}],"replies":[{"embeddable":true,"href":"https:\/\/moverdb.com\/cs\/wp-json\/wp\/v2\/comments?post=920"}],"version-history":[{"count":5,"href":"https:\/\/moverdb.com\/cs\/wp-json\/wp\/v2\/pages\/920\/revisions"}],"predecessor-version":[{"id":6189,"href":"https:\/\/moverdb.com\/cs\/wp-json\/wp\/v2\/pages\/920\/revisions\/6189"}],"wp:attachment":[{"href":"https:\/\/moverdb.com\/cs\/wp-json\/wp\/v2\/media?parent=920"}],"curies":[{"name":"wp","href":"https:\/\/api.w.org\/{rel}","templated":true}]}}