{"id":908,"date":"2016-10-12T05:28:52","date_gmt":"2016-10-12T05:28:52","guid":{"rendered":"http:\/\/moverdb.com\/?page_id=908"},"modified":"2026-01-08T14:47:34","modified_gmt":"2026-01-08T14:47:34","slug":"arpin-international","status":"publish","type":"page","link":"https:\/\/moverdb.com\/cs\/arpin-international\/","title":{"rendered":"Arpin International: St\u011bhov\u00e1n\u00ed a st\u011bhov\u00e1n\u00ed Recenze"},"content":{"rendered":"<p>Arpin International je glob\u00e1ln\u00ed <a href=\"https:\/\/moverdb.com\/cs\/international-removals\/\" data-internallinksmanager029f6b8e52c=\"27\" title=\"36 nejlep\u0161\u00edch mezin\u00e1rodn\u00edch st\u011bhovac\u00edch spole\u010dnost\u00ed ve Velk\u00e9 Brit\u00e1nii\">st\u011bhovac\u00ed spole\u010dnost<\/a> a s mnoha slu\u017ebami, kter\u00e9 jsou uvedeny n\u00ed\u017ee. P\u0159e\u010dt\u011bte si tak\u00e9 jejich firemn\u00ed profil a recenze. Vezm\u011bte pros\u00edm na v\u011bdom\u00ed, \u017ee se jedn\u00e1 o mezin\u00e1rodn\u00ed pobo\u010dku spole\u010dnosti American <a href=\"https:\/\/moverdb.com\/cs\/moving-companies\/\" data-internallinksmanager029f6b8e52c=\"79\" title=\"Top 25 Mezin\u00e1rodn\u00ed st\u011bhovac\u00ed spole\u010dnosti Online\">st\u011bhovac\u00ed spole\u010dnost<\/a> <a href=\"https:\/\/moverdb.com\/cs\/arpin-van-lines\/\">Arpin Van Lines<\/a>.<\/p>\n<p><strong>Mezin\u00e1rodn\u00ed p\u0159esuny<\/strong><\/p>\n<ul>\n<li> Slu\u017eba od dve\u0159\u00ed ke dve\u0159\u00edm<\/li>\n<li> Balen\u00ed a vybalov\u00e1n\u00ed<\/li>\n<li> Vyhrazen\u00fd koordin\u00e1tor mezin\u00e1rodn\u00edho st\u011bhov\u00e1n\u00ed (IMC)<\/li>\n<li> IMC je kdykoli k dispozici telefonicky, faxem nebo e-mailem.<\/li>\n<li> IMC jsou v\u0161echny <a href=\"https:\/\/moverdb.com\/cs\/fidi-faim\/\" data-internallinksmanager029f6b8e52c=\"16\" title=\"Vysv\u011btlen\u00ed FIDI a FAIM (FIDI Accredited International Mover)\">FIDI<\/a> vy\u0161kolen\u00e9<\/li>\n<li> ArpinTRAC umo\u017e\u0148uje klient\u016fm sledovat z\u00e1silku 24 hodin denn\u011b, 7 dn\u00ed v t\u00fddnu.<\/li>\n<li> St\u011bhov\u00e1n\u00ed firem, soukrom\u00fdch, vl\u00e1dn\u00edch a vojensk\u00fdch spole\u010dnost\u00ed<\/li>\n<li> Celn\u00ed odbaven\u00ed<\/li>\n<li> P\u0159em\u00edst\u011bn\u00ed dom\u00e1c\u00edho mazl\u00ed\u010dka<\/li>\n<li> P\u0159eprava autem<\/li>\n<li> Pomoc p\u0159i hled\u00e1n\u00ed domu<\/li>\n<li> Pomoc \u0161kol\u00e1m<\/li>\n<li> Pomoc s l\u00e9ka\u0159skou p\u00e9\u010d\u00ed<\/li>\n<\/ul>\n<p><strong>\u00dalo\u017ei\u0161t\u011b<\/strong><\/p>\n<ul>\n<li> Dlouhodob\u00e9 nebo kr\u00e1tkodob\u00e9 skladov\u00e1n\u00ed po cel\u00e9m sv\u011bt\u011b<\/li>\n<li> Monitorov\u00e1n\u00ed kamerov\u00fdm syst\u00e9mem<\/li>\n<\/ul>\n<h2>Profil spole\u010dnosti Arpin International<\/h2>\n<p>Spole\u010dnost Arpin International je sou\u010d\u00e1st\u00ed skupiny Arpin International Group, kter\u00e1 vznikla v roce 1900. Dne\u0161n\u00ed v\u00fdkonn\u00fd viceprezident Peter Arpin je ji\u017e \u010dtvrtou generac\u00ed v \u010dele t\u00e9to spole\u010dnosti. Samotn\u00e1 spole\u010dnost Arpin International byla zalo\u017eena v roce 1989 a jej\u00ed s\u00eddlo se nach\u00e1z\u00ed v Praze. <a href=\"https:\/\/moverdb.com\/cs\/moving-to-the-united-states\/moving-to-rhode-island\/\" data-internallinksmanager029f6b8e52c=\"450\" title=\"St\u011bhujete se na Rhode Island? 2024 N\u00e1klady na bydlen\u00ed a tipy na st\u011bhov\u00e1n\u00ed\">Rhode Island<\/a>, <a href=\"https:\/\/moverdb.com\/cs\/moving-to-the-united-states\/\" data-internallinksmanager029f6b8e52c=\"94\" title=\"St\u011bhujete se do Spojen\u00fdch st\u00e1t\u016f? 2022 \u017divotn\u00ed n\u00e1klady a tipy na st\u011bhov\u00e1n\u00ed\">USA<\/a>. <\/p>\n<p>Spole\u010dnost m\u00e1 385 z\u00e1stupc\u016f v USA a pobo\u010dky v regionu EMEA a APAC. Vedouc\u00ed pracovn\u00edci spole\u010dnosti maj\u00ed v\u00edce ne\u017e 25 let zku\u0161enost\u00ed se st\u011bhov\u00e1n\u00edm po cel\u00e9m sv\u011bt\u011b.<\/p>\n<p>Viz\u00ed spole\u010dnosti Arpin International je poskytovat sv\u00fdm klient\u016fm nejlep\u0161\u00ed kombinaci slu\u017eeb a ceny. Mnoz\u00ed z jej\u00edch zam\u011bstnanc\u016f byli n\u011bkdy v \u017eivot\u011b emigranty, a tak ch\u00e1pou probl\u00e9my, kter\u00fdm \u010del\u00ed rodiny p\u0159i st\u011bhov\u00e1n\u00ed do jin\u00e9 zem\u011b. <\/p>\n<p>Zam\u011bstnanci spole\u010dnosti Arpin International se sna\u017e\u00ed, aby st\u011bhov\u00e1n\u00ed bylo co nejm\u00e9n\u011b bolestiv\u00e9, a postaraj\u00ed se o mal\u00e9 i velk\u00e9 probl\u00e9my, kter\u00e9 mohou nastat.<\/p>\n<p>Spole\u010dnost vytvo\u0159ila v\u00fdbor pro udr\u017eitelnost, kter\u00fd se sna\u017e\u00ed \"budovat zelen\u011bj\u0161\u00ed budoucnost\" pro budouc\u00ed generace. Cht\u011bj\u00ed m\u00edstn\u00edm komunit\u00e1m, pr\u016fmyslu a sv\u011btu vracet mnohem v\u00edce, ne\u017e kolik si vzali.<\/p>\n<p>Spole\u010dnost Arpin International m\u00e1 n\u00e1sleduj\u00edc\u00ed akreditace a afiliace:<\/p>\n<ul>\n<li> <a href=\"https:\/\/moverdb.com\/cs\/fidi-faim\/\">FIDI<\/a><\/li>\n<li> <a href=\"https:\/\/moverdb.com\/cs\/fidi-faim\/\">FAIM<\/a><\/li>\n<li> <a href=\"https:\/\/moverdb.com\/cs\/britska-asociace-stehovaku\/\">Britsk\u00e1 asociace st\u011bhov\u00e1n\u00ed<\/a> (<a href=\"https:\/\/moverdb.com\/cs\/british-association-of-removers\/\" data-internallinksmanager029f6b8e52c=\"9\" title=\"Vysv\u011btlen\u00ed Britsk\u00e9 asociace st\u011bhov\u00e1k\u016f (BAR)\">BAR<\/a>)<\/li>\n<li> <a href=\"https:\/\/moverdb.com\/cs\/iam\/\">Asociace mezin\u00e1rodn\u00edch st\u011bhov\u00e1k\u016f<\/a> (IMA)<\/li>\n<li> Celn\u00ed a obchodn\u00ed partnerstv\u00ed proti terorismu<\/li>\n<li> <a href=\"https:\/\/moverdb.com\/cs\/lacma\/\">LACMA<\/a><\/li>\n<li> <a href=\"https:\/\/moverdb.com\/cs\/rada-pro-premisteni-zamestnancu\/\">Celosv\u011btov\u00e1 ERC<\/a><\/li>\n<li> <a href=\"https:\/\/moverdb.com\/cs\/eura\/\">EuRA<\/a><\/li>\n<\/ul>\n<h2>Recenze spole\u010dnosti Arpin International<\/h2>\n<p><em>Zat\u00edmco pro Arpin International nejsou \u017e\u00e1dn\u00e9 recenze online, m\u016f\u017eete si p\u0159e\u010d\u00edst <a href=\"https:\/\/moverdb.com\/cs\/arpin-van-lines\/\">recenze spole\u010dnosti Arpin Van Lines zde<\/a>.<\/em><\/p>\n<div itemprop=\"review\" itemscope itemtype=\"http:\/\/schema.org\/Review\">\n<span itemprop=\"author\" itemscope=\"\" itemtype=\"http:\/\/schema.org\/Organization\"><span itemprop=\"name\">MoverDB.com<\/span><\/span> Online recenze webov\u00fdch str\u00e1nek pro <span itemprop=\"itemreviewed\" itemscope=\"\" itemtype=\"http:\/\/schema.org\/Brand\"><span itemprop=\"name\">Arpin International<\/span><\/span>:<\/p>\n<ol>\n<li> Jasn\u00e9 kontaktn\u00ed \u00fadaje na webov\u00fdch str\u00e1nk\u00e1ch (v\u010detn\u011b telefonn\u00edho \u010d\u00edsla): <strong>Ano<\/strong><\/li>\n<li> Snadn\u00e9 z\u00edsk\u00e1n\u00ed <a href=\"https:\/\/moverdb.com\/cs\/citaty\/\">mezin\u00e1rodn\u00ed st\u011bhov\u00e1n\u00ed<\/a>? (Online formul\u00e1\u0159 \u017e\u00e1dosti o odhad): <strong>Ne<\/strong><\/li>\n<li> Jasn\u00e9 informace na webov\u00fdch str\u00e1nk\u00e1ch: <strong>Ne tak docela<\/strong>, webov\u00e9 str\u00e1nky jsou pomal\u00e9 a obsahuj\u00ed m\u00e1lo informac\u00ed.<\/li>\n<li> \u010clenstv\u00ed v mezin\u00e1rodn\u00edch uzn\u00e1van\u00fdch organizac\u00edch pohybliv\u00fdch aktivit: <strong>Ano<\/strong><\/li>\n<li> Seznam klient\u016f a\/nebo reference p\u0159edchoz\u00edch z\u00e1kazn\u00edk\u016f: <strong>Ne,<\/strong> a na internetu jsme nena\u0161li \u017e\u00e1dn\u00e9 recenze.<\/li>\n<\/ol>\n<div itemprop=\"reviewRating\" itemscope itemtype=\"http:\/\/schema.org\/Rating\"><meta itemprop=\"worstRating\" content = \"0\" \/><meta itemprop=\"bestRating\" content=\"5\" \/><meta itemprop=\"ratingValue\" content=\"4\"><\/div>\n<p><strong>Celkov\u00e9 hodnocen\u00ed: 4\/5<\/strong> - <em>Vezm\u011bte pros\u00edm na v\u011bdom\u00ed, \u017ee toto hodnocen\u00ed odr\u00e1\u017e\u00ed spole\u010dnost Arpin Van Lines, proto\u017ee pro samostatn\u00e9 hodnocen\u00ed spole\u010dnosti Arpin International je p\u0159\u00edli\u0161 m\u00e1lo informac\u00ed. <\/em><br \/>\n<strong>Datum recenze:<\/strong> <span itemprop=\"datePublished\" content=\"2016-10-12\">12\/10\/16<\/span>\n<\/div>\n<p>P\u0159e\u010dt\u011bte si v\u00edce o <a href=\"https:\/\/moverdb.com\/cs\/stehovani-spolecnosti\/\" target=\"_blank\" rel=\"noopener\">mezin\u00e1rodn\u00ed st\u011bhovac\u00ed spole\u010dnosti<\/a>, <a href=\"https:\/\/moverdb.com\/cs\/mezinarodni-stehovani\/\">st\u011bhovac\u00ed firmy<\/a> a na\u0161e <a href=\"https:\/\/moverdb.com\/cs\/recenze\/\">proces p\u0159ezkoum\u00e1n\u00ed<\/a>.<\/p>\n<p><strong>Webov\u00e9 str\u00e1nky:<\/strong> <a href=\"http:\/\/www.arpinintl.com\/\" target=\"_blank\" rel=\"noopener\">http:\/\/www.arpinintl.com\/<\/a><\/p>","protected":false},"excerpt":{"rendered":"<p>Arpin International is a global removals company and with many services which are listed below. Also read their company profile and reviews. Please note that it&#8217;s the international branch of American moving company Arpin Van Lines. International Moves Door to door service Packing and unpacking Dedicated International Move Coordinator (IMC) IMC available by telephone, fax [&hellip;]<\/p>\n","protected":false},"author":1,"featured_media":0,"parent":0,"menu_order":0,"comment_status":"closed","ping_status":"closed","template":"","meta":{"_genesis_hide_title":false,"_genesis_hide_breadcrumbs":false,"_genesis_hide_singular_image":false,"_genesis_hide_footer_widgets":false,"_genesis_custom_body_class":"","_genesis_custom_post_class":"","_genesis_layout":"","footnotes":""},"class_list":{"0":"post-908","1":"page","2":"type-page","3":"status-publish","5":"entry"},"_links":{"self":[{"href":"https:\/\/moverdb.com\/cs\/wp-json\/wp\/v2\/pages\/908","targetHints":{"allow":["GET"]}}],"collection":[{"href":"https:\/\/moverdb.com\/cs\/wp-json\/wp\/v2\/pages"}],"about":[{"href":"https:\/\/moverdb.com\/cs\/wp-json\/wp\/v2\/types\/page"}],"author":[{"embeddable":true,"href":"https:\/\/moverdb.com\/cs\/wp-json\/wp\/v2\/users\/1"}],"replies":[{"embeddable":true,"href":"https:\/\/moverdb.com\/cs\/wp-json\/wp\/v2\/comments?post=908"}],"version-history":[{"count":4,"href":"https:\/\/moverdb.com\/cs\/wp-json\/wp\/v2\/pages\/908\/revisions"}],"predecessor-version":[{"id":6175,"href":"https:\/\/moverdb.com\/cs\/wp-json\/wp\/v2\/pages\/908\/revisions\/6175"}],"wp:attachment":[{"href":"https:\/\/moverdb.com\/cs\/wp-json\/wp\/v2\/media?parent=908"}],"curies":[{"name":"wp","href":"https:\/\/api.w.org\/{rel}","templated":true}]}}