{"id":906,"date":"2018-01-30T05:37:29","date_gmt":"2018-01-30T05:37:29","guid":{"rendered":"http:\/\/moverdb.com\/?page_id=906"},"modified":"2026-01-08T14:48:24","modified_gmt":"2026-01-08T14:48:24","slug":"fox-moving","status":"publish","type":"page","link":"https:\/\/moverdb.com\/cs\/fox-moving\/","title":{"rendered":"Fox Moving &amp; Storage: Mezin\u00e1rodn\u00ed st\u011bhov\u00e1n\u00ed Recenze"},"content":{"rendered":"<p>Spole\u010dnost Fox Moving &amp; Storage s\u00eddl\u00ed v Cwmbranu ve Walesu. N\u00ed\u017ee naleznete seznam jejich slu\u017eeb v mezin\u00e1rodn\u00edm i m\u00edstn\u00edm m\u011b\u0159\u00edtku, profil spole\u010dnosti a recenze.<\/p>\n<p><strong>Mezin\u00e1rodn\u00ed st\u011bhov\u00e1n\u00ed - firemn\u00ed a individu\u00e1ln\u00ed<\/strong><\/p>\n<ul>\n<li> Osobn\u00ed <a href=\"https:\/\/moverdb.com\/cs\/international-removals\/\" data-internallinksmanager029f6b8e52c=\"27\" title=\"36 nejlep\u0161\u00edch mezin\u00e1rodn\u00edch st\u011bhovac\u00edch spole\u010dnost\u00ed ve Velk\u00e9 Brit\u00e1nii\">mezin\u00e1rodn\u00ed st\u011bhov\u00e1n\u00ed<\/a> agent<\/li>\n<li> Komplexn\u00ed nab\u00eddka, harmonogram st\u011bhov\u00e1n\u00ed a \u010dasov\u00fd harmonogram<\/li>\n<li> Odborn\u00fd balic\u00ed t\u00fdm<\/li>\n<li> Poskytuje celn\u00ed a spot\u0159ebn\u00ed dokumentaci<\/li>\n<li> M\u00edstn\u00ed agenti, kte\u0159\u00ed v\u00e1m pomohou v c\u00edlov\u00e9 zemi<\/li>\n<\/ul>\n<p><strong>St\u011bhov\u00e1n\u00ed do Evropy - firemn\u00ed a individu\u00e1ln\u00ed<\/strong><\/p>\n<ul>\n<li> Osobn\u00ed evropsk\u00fd st\u011bhovac\u00ed t\u00fdm<\/li>\n<li> Komplexn\u00ed cenov\u00e1 nab\u00eddka a harmonogram st\u011bhov\u00e1n\u00ed<\/li>\n<li> Odborn\u00fd balic\u00ed t\u00fdm<\/li>\n<li> P\u0159ij\u00edm\u00e1n\u00ed mal\u00fdch n\u00e1klad\u016f <\/li>\n<li> Dod\u00e1vky do kontinent\u00e1ln\u00ed Evropy po silnici<\/li>\n<li> Dod\u00e1vky na pob\u0159e\u017en\u00ed ostrovy trajektem nebo n\u00e1mo\u0159n\u00edm kontejnerem<\/li>\n<li> Dod\u00e1vky do v\u00fdchodn\u00ed Evropy n\u00e1mo\u0159n\u00edmi kontejnery a\/nebo po silnici<\/li>\n<li> P\u0159\u00edpadn\u00e9 informace o dovozu a cle<\/li>\n<\/ul>\n<p><strong>Specialist\u00e9 na mezin\u00e1rodn\u00ed a m\u00edstn\u00ed st\u011bhov\u00e1n\u00ed firem a kancel\u00e1\u0159\u00ed<\/strong><\/p>\n<ul>\n<li> Je p\u0159id\u011blen vedouc\u00ed obchodn\u00ed z\u00e1stupce<\/li>\n<li> Podrobn\u00e1 cenov\u00e1 nab\u00eddka a harmonogram prac\u00ed<\/li>\n<li> \u00da\u010delov\u011b navr\u017een\u00e9 bedny na pap\u00edrov\u00e1n\u00ed a st\u011bhov\u00e1n\u00ed drobn\u00fdch p\u0159edm\u011bt\u016f<\/li>\n<li> Kompletn\u00ed sortiment beden (uzav\u0159en\u00fdch a s v\u00edkem), balic\u00edho materi\u00e1lu, voz\u00edk\u016f, ochrann\u00fdch kryt\u016f a voz\u00edk\u016f.<\/li>\n<li> Pln\u011b chr\u00e1n\u011bn\u00e9 IT vybaven\u00ed<\/li>\n<li> Pracovn\u00edci IT jsou p\u0159ipraveni rozebrat a znovu sestavit po\u010d\u00edta\u010de.<\/li>\n<li> Archivy a \u00falo\u017ei\u0161t\u011b dokument\u016f<\/li>\n<li> Demont\u00e1\u017e a op\u011btovn\u00e1 mont\u00e1\u017e stol\u016f, pracovn\u00edch stanic a reg\u00e1l\u016f<\/li>\n<li> Kompletn\u00ed celosv\u011btov\u00fd a evropsk\u00fd p\u0159epravn\u00ed servis a IT a komunika\u010dn\u00ed slu\u017eby<\/li>\n<\/ul>\n<p><strong>Pohyb v r\u00e1mci <a href=\"https:\/\/moverdb.com\/cs\/moving-to-the-uk\/\" data-internallinksmanager029f6b8e52c=\"93\" title=\"St\u011bhujete se do Spojen\u00e9ho kr\u00e1lovstv\u00ed? 2022 \u017divotn\u00ed n\u00e1klady a tipy na st\u011bhov\u00e1n\u00ed\">UK<\/a><\/strong><\/p>\n<ul>\n<li> P\u0159id\u011blen\u00ed osobn\u00edho st\u011bhovac\u00edho agenta ve Spojen\u00e9m kr\u00e1lovstv\u00ed<\/li>\n<li> Podrobn\u00e1 p\u00edsemn\u00e1 nab\u00eddka<\/li>\n<li> Slu\u017eba od dve\u0159\u00ed ke dve\u0159\u00edm<\/li>\n<li> Odborn\u00ed bali\u010di<\/li>\n<li> Balic\u00ed materi\u00e1ly mohou b\u00fdt poskytnuty<\/li>\n<li> Sjednan\u00e9 poji\u0161t\u011bn\u00ed<\/li>\n<li> Uspo\u0159\u00e1d\u00e1n\u00ed \u00falo\u017ei\u0161t\u011b<\/li>\n<\/ul>\n<p><strong>\u0158e\u0161en\u00ed pro ukl\u00e1d\u00e1n\u00ed dat<\/strong><\/p>\n<ul>\n<li> Podnikatelsk\u00e9, komer\u010dn\u00ed a soukrom\u00e9 samoobslu\u017en\u00e9 skladovac\u00ed jednotky<\/li>\n<li> Skladov\u00e1n\u00ed v kontejnerech<\/li>\n<li> Skladov\u00e1n\u00ed student\u016f<\/li>\n<li> Obchodn\u00ed skladov\u00e1n\u00ed<\/li>\n<li> Archivn\u00ed \u00falo\u017ei\u0161t\u011b<\/li>\n<li> 24hodinov\u00fd kamerov\u00fd dohled<\/li>\n<li> P\u0159\u00edstup v pracovn\u00ed dob\u011b<\/li>\n<\/ul>\n<p>Jsou tak\u00e9 <a href=\"https:\/\/moverdb.com\/cs\/atlas-van-lines-international\/\" rel=\"noopener\" target=\"_blank\">Atlas Van Lines<\/a> agent ve Velk\u00e9 Brit\u00e1nii.<\/p>\n<h2>Fox Moving &amp; Storage<\/h2>\n<p>Spole\u010dnost Fox Moving &amp; Storage zalo\u017eil Roy Fox v roce 1971. Jeho rodina podnikala ve st\u011bhov\u00e1n\u00ed a skladov\u00e1n\u00ed ji\u017e od 20. let minul\u00e9ho stolet\u00ed. Od sv\u00e9ho zalo\u017een\u00ed se spole\u010dnost rozrostla z mal\u00e9 rodinn\u00e9 firmy, kter\u00e1 obsluhovala ji\u017en\u00ed Wales, na spole\u010dnost, kter\u00e1 nyn\u00ed uspokojuje pot\u0159eby mezin\u00e1rodn\u00edch i m\u00edstn\u00edch firemn\u00edch a osobn\u00edch klient\u016f. Spole\u010dnost nyn\u00ed vedou syn a dva vnuci Roye Foxe. <\/p>\n<p>Spole\u010dnost Fox Moving &amp; Storage se zavazuje, \u017ee bude sv\u00e9 podnik\u00e1n\u00ed prov\u00e1d\u011bt zp\u016fsobem, kter\u00fd pln\u011b respektuje \u017eivotn\u00ed prost\u0159ed\u00ed, sv\u00e9 zam\u011bstnance a p\u0159edev\u0161\u00edm sv\u00e9 klienty. Zavazuj\u00ed se tak\u00e9 poskytovat bezpe\u010dn\u00e9 a efektivn\u00ed pracovn\u00ed prost\u0159ed\u00ed, kter\u00e9 bude p\u0159\u00ednosem nejen pro jejich zam\u011bstnance, ale i pro jejich klienty.<\/p>\n<p>P\u0159\u00edslu\u0161nost a akreditace spole\u010dnosti Fox Moving:<\/p>\n<ul>\n<li> <a href=\"https:\/\/moverdb.com\/cs\/britska-asociace-stehovaku\/\">Britsk\u00e1 asociace st\u011bhov\u00e1k\u016f<\/a> (<a href=\"https:\/\/moverdb.com\/cs\/british-association-of-removers\/\" data-internallinksmanager029f6b8e52c=\"9\" title=\"Vysv\u011btlen\u00ed Britsk\u00e9 asociace st\u011bhov\u00e1k\u016f (BAR)\">BAR<\/a>)<\/li>\n<li> Institut obchodn\u00edch standard\u016f (TSI)<\/li>\n<li> <a href=\"https:\/\/moverdb.com\/cs\/bar-overseas\/\">Skupina britsk\u00e9 asociace st\u011bhov\u00e1k\u016f v z\u00e1mo\u0159\u00ed<\/a><\/li>\n<li> <a href=\"https:\/\/moverdb.com\/cs\/fidi-faim\/\">Mezin\u00e1rodn\u00ed federace mezin\u00e1rodn\u00edch dopravc\u016f (F\u00e9d\u00e9ration Internationale des D\u00e9m\u00e9nageurs Internationaux)<\/a> (<a href=\"https:\/\/moverdb.com\/cs\/fidi-faim\/\" data-internallinksmanager029f6b8e52c=\"16\" title=\"Vysv\u011btlen\u00ed FIDI a FAIM (FIDI Accredited International Mover)\">FIDI<\/a>)<\/li>\n<li> <a href=\"https:\/\/moverdb.com\/cs\/fidi-faim\/\">Akreditovan\u00e9 mezin\u00e1rodn\u00ed st\u011bhov\u00e1n\u00ed FIDI<\/a> (FAIM)<\/li>\n<li> Standard slu\u017eby Quality Assured - komer\u010dn\u00ed st\u011bhov\u00e1n\u00ed<\/li>\n<li> Norma Quality Assured Service Standard - Syst\u00e9my \u0159\u00edzen\u00ed kvality<\/li>\n<li> Norma pro slu\u017eby se z\u00e1rukou kvality - Syst\u00e9my environment\u00e1ln\u00edho managementu<\/li>\n<\/ul>\n<h2>Fox Moving &amp; Storage Recenze<\/h2>\n<p><strong>Pozitivn\u00ed<\/strong><\/p>\n<ul>\n<li> <em>\"P\u0159\u00e1telsk\u00e1 a efektivn\u00ed st\u011bhovac\u00ed pos\u00e1dka.\"<\/em> - Pan Hamer prost\u0159ednictv\u00edm <a href=\"http:\/\/www.fox-moving.com\/reviews\/\" target=\"_blank\" rel=\"noopener\">Fox St\u011bhov\u00e1n\u00ed recenze str\u00e1nky<\/a><\/li>\n<li> <em>\"Vynikaj\u00edc\u00ed, profesion\u00e1ln\u00ed a zdvo\u0159il\u00e9 slu\u017eby. \u017d\u00e1dn\u00e9 st\u00ed\u017enosti; v\u0161e prob\u011bhlo podle efektivn\u00edho pl\u00e1nu. Foxes nejsou \"nejlevn\u011bj\u0161\u00ed\"; ale dostanete to, za co si zaplat\u00edte - kvalitu !\"<\/em> - Patricia prost\u0159ednictv\u00edm <a href=\"http:\/\/ww2.feefo.com\/en-us\/reviews\/fox-moving\/571f3e07498e08d16aafb163\/customer-review-top-notch-service\" target=\"_blank\" rel=\"noopener\">Feefo<\/a><\/li>\n<li> <em>\"Slu\u017eby, kter\u00e9 mi spole\u010dnost Fox poskytla, byly bezkonkuren\u010dn\u00ed - od po\u010d\u00e1te\u010dn\u00edho dotazu a\u017e po dokon\u010den\u00ed. Mus\u00edm tak\u00e9 pod\u011bkovat st\u011bhov\u00e1k\u016fm, kte\u0159\u00ed mi v den st\u011bhov\u00e1n\u00ed pom\u00e1hali.\"<\/em> - Beverley prost\u0159ednictv\u00edm <a href=\"http:\/\/trustedtraders.which.co.uk\/businesses\/fox-moving-storage-cwmbran\/\" target=\"_blank\" rel=\"noopener\">D\u016fv\u011bryhodn\u00ed obchodn\u00edci<\/a><\/li>\n<li> <em>\"B\u011bhem n\u011bkolika let jsme se \u0161estkr\u00e1t st\u011bhovali. Naposledy jsme se st\u011bhovali z V\u00eddn\u011b do <a href=\"https:\/\/moverdb.com\/cs\/moving-to-london\/\">Lond\u00fdn<\/a> a byl to nejlep\u0161\u00ed krok, jak\u00fd jsme kdy za\u017eili, a nem\u016f\u017eeme Foxu dostate\u010dn\u011b pod\u011bkovat.\"<\/em> - Sarah prost\u0159ednictv\u00edm Facebooku.<\/li>\n<\/ul>\n<p><strong>Negativn\u00ed<\/strong><\/p>\n<ul>\n<li> <em>\"S man\u017eelkou jsme byli \u0161okov\u00e1ni, jak \u0161patn\u00e9 slu\u017eby jsme dostali. Pos\u00e1dka se chovala ne\u0161etrn\u011b k na\u0161im v\u011bcem, neud\u011blala nic, aby n\u00e1s ochr\u00e1nila p\u0159ed hrozn\u00fdm po\u010das\u00edm v dan\u00fdch dnech.\"<\/em> - Anthony prost\u0159ednictv\u00edm  <a href=\"http:\/\/ww2.feefo.com\/en-us\/reviews\/fox-moving\/571f3e07498e08d16aafb1a9\/customer-review-a-shockingly-bad-service\" target=\"_blank\" rel=\"noopener\">Feefo<\/a><\/li>\n<li> <em>\"Spousta \u0161kod zp\u016fsoben\u00fdch st\u011bhov\u00e1ky na zbo\u017e\u00ed. Nebylo v\u011bnov\u00e1no mnoho p\u00e9\u010de. P\u0159edm\u011bty ponech\u00e1ny v\u0161ude, v\u010detn\u011b p\u0159edm\u011bt\u016f ponechan\u00fdch venku\"<\/em> - Paul prost\u0159ednictv\u00edm <a href=\"http:\/\/trustedtraders.which.co.uk\/businesses\/fox-moving-storage-cwmbran\/\" target=\"_blank\" rel=\"noopener\">D\u016fv\u011bryhodn\u00ed obchodn\u00edci<\/a><\/li>\n<li> <em>\"\u0160okuj\u00edc\u00ed spole\u010dnost. St\u011bhov\u00e1ci se cel\u00fd den h\u00e1dali, ha\u0161te\u0159ili se a nad\u00e1vali si, co\u017e z cel\u00e9ho u\u017e tak stresuj\u00edc\u00edho st\u011bhov\u00e1n\u00ed ud\u011blalo no\u010dn\u00ed m\u016fru.\"<\/em> - Mike prost\u0159ednictv\u00edm <a href=\"https:\/\/www.yell.com\/biz\/fox-moving-and-storage-ltd-cwmbran-6113370\/\" target=\"_blank\" rel=\"noopener\">Yell<\/a><\/li>\n<\/ul>\n<div itemprop=\"review\" itemscope itemtype=\"http:\/\/schema.org\/Review\">\n<span itemprop=\"author\" itemscope=\"\" itemtype=\"http:\/\/schema.org\/Organization\"><span itemprop=\"name\">MoverDB.com<\/span><\/span> Online recenze webov\u00fdch str\u00e1nek pro <span itemprop=\"itemreviewed\" itemscope=\"\" itemtype=\"http:\/\/schema.org\/Brand\"><span itemprop=\"name\">Fox Moving &amp; Storage<\/span><\/span>:<\/p>\n<ol>\n<li> Jasn\u00e9 kontaktn\u00ed \u00fadaje na webov\u00fdch str\u00e1nk\u00e1ch (v\u010detn\u011b telefonn\u00edho \u010d\u00edsla): <strong>Ano<\/strong><\/li>\n<li> Snadn\u00e9 z\u00edsk\u00e1n\u00ed <a href=\"https:\/\/moverdb.com\/cs\/citaty\/\">mezin\u00e1rodn\u00ed st\u011bhov\u00e1n\u00ed<\/a>? (Online formul\u00e1\u0159 \u017e\u00e1dosti o odhad): <strong>Ano<\/strong><\/li>\n<li> Jasn\u00e9 informace na webov\u00fdch str\u00e1nk\u00e1ch: <strong>Ano<\/strong>, Webov\u00e9 str\u00e1nky jsou pln\u00e9 u\u017eite\u010dn\u00fdch informac\u00ed a maj\u00ed informativn\u00ed blog.<\/li>\n<li> \u010clenstv\u00ed v mezin\u00e1rodn\u00edch uzn\u00e1van\u00fdch organizac\u00edch pohybliv\u00fdch aktivit: <strong>Ano<\/strong>, viz v\u00fd\u0161e<\/li>\n<li> Seznam klient\u016f a\/nebo reference p\u0159edchoz\u00edch z\u00e1kazn\u00edk\u016f: <strong>Ano<\/strong>, Na webu je str\u00e1nka v\u011bnovan\u00e1 referenc\u00edm z\u00e1kazn\u00edk\u016f a recenze z cel\u00e9ho webu jsou obecn\u011b velmi pozitivn\u00ed, jen s n\u011bkolika negativn\u00edmi recenzemi.<\/li>\n<\/ol>\n<div itemprop=\"reviewRating\" itemscope itemtype=\"http:\/\/schema.org\/Rating\"><meta itemprop=\"worstRating\" content = \"0\" \/><meta itemprop=\"bestRating\" content=\"5\" \/><meta itemprop=\"ratingValue\" content=\"5\"><\/div>\n<p><strong>Celkov\u00e9 hodnocen\u00ed: 5\/5<\/strong><br \/>\n<strong>Datum recenze:<\/strong> <span itemprop=\"datePublished\" content=\"2018-01-30\">30\/01\/18<\/span>\n<\/div>\n<p>P\u0159e\u010dt\u011bte si v\u00edce o <a href=\"https:\/\/moverdb.com\/cs\/mezinarodni-stehovani\/\">mezin\u00e1rodn\u00ed st\u011bhov\u00e1n\u00ed<\/a> a na\u0161e <a href=\"https:\/\/moverdb.com\/cs\/recenze\/\">proces p\u0159ezkoum\u00e1n\u00ed<\/a>.<\/p>\n<p><strong>Webov\u00e9 str\u00e1nky:<\/strong> <a href=\"http:\/\/www.fox-moving.com\/\" target=\"_blank\" rel=\"noopener\">http:\/\/www.fox-moving.com\/<\/a><\/p>","protected":false},"excerpt":{"rendered":"<p>Fox Moving &#038; Storage is based in Cwmbran, Wales. Below you will find a list of their services both internationally and locally, together with a company profile and reviews. Moving Internationally &#8211; Corporate and Individual Personal international removals agent Comprehensive quotation, moving schedule and timescale Expert packing team Provides customs and excise documentation Local agents [&hellip;]<\/p>\n","protected":false},"author":1,"featured_media":0,"parent":0,"menu_order":0,"comment_status":"closed","ping_status":"closed","template":"","meta":{"_genesis_hide_title":false,"_genesis_hide_breadcrumbs":false,"_genesis_hide_singular_image":false,"_genesis_hide_footer_widgets":false,"_genesis_custom_body_class":"","_genesis_custom_post_class":"","_genesis_layout":"","footnotes":""},"class_list":{"0":"post-906","1":"page","2":"type-page","3":"status-publish","5":"entry"},"_links":{"self":[{"href":"https:\/\/moverdb.com\/cs\/wp-json\/wp\/v2\/pages\/906","targetHints":{"allow":["GET"]}}],"collection":[{"href":"https:\/\/moverdb.com\/cs\/wp-json\/wp\/v2\/pages"}],"about":[{"href":"https:\/\/moverdb.com\/cs\/wp-json\/wp\/v2\/types\/page"}],"author":[{"embeddable":true,"href":"https:\/\/moverdb.com\/cs\/wp-json\/wp\/v2\/users\/1"}],"replies":[{"embeddable":true,"href":"https:\/\/moverdb.com\/cs\/wp-json\/wp\/v2\/comments?post=906"}],"version-history":[{"count":9,"href":"https:\/\/moverdb.com\/cs\/wp-json\/wp\/v2\/pages\/906\/revisions"}],"predecessor-version":[{"id":6211,"href":"https:\/\/moverdb.com\/cs\/wp-json\/wp\/v2\/pages\/906\/revisions\/6211"}],"wp:attachment":[{"href":"https:\/\/moverdb.com\/cs\/wp-json\/wp\/v2\/media?parent=906"}],"curies":[{"name":"wp","href":"https:\/\/api.w.org\/{rel}","templated":true}]}}