{"id":895,"date":"2016-10-11T05:16:54","date_gmt":"2016-10-11T05:16:54","guid":{"rendered":"http:\/\/moverdb.com\/?page_id=895"},"modified":"2026-01-08T14:48:03","modified_gmt":"2026-01-08T14:48:03","slug":"konstantin-pohybujici-se","status":"publish","type":"page","link":"https:\/\/moverdb.com\/cs\/constantine-moving\/","title":{"rendered":"Constantine Moving: Mezin\u00e1rodn\u00ed st\u011bhov\u00e1n\u00ed Recenze"},"content":{"rendered":"<p>N\u00ed\u017ee jsou uvedeny slu\u017eby spole\u010dnosti Constantine Moving, n\u00e1sleduje profil spole\u010dnosti a recenze.<\/p>\n<p><strong>Mezin\u00e1rodn\u00ed st\u011bhov\u00e1n\u00ed dom\u016f<\/strong><\/p>\n<ul>\n<li> Sch\u016fzka p\u0159ed st\u011bhov\u00e1n\u00edm<\/li>\n<li> Bezplatn\u00e1 cenov\u00e1 nab\u00eddka, pl\u00e1n st\u011bhov\u00e1n\u00ed a harmonogram<\/li>\n<li> Vysoce zku\u0161en\u00fd profesion\u00e1ln\u011b vy\u0161kolen\u00fd balic\u00ed person\u00e1l<\/li>\n<li> Dostupn\u00e9 \u00falo\u017ei\u0161t\u011b<\/li>\n<li> N\u00e1mo\u0159n\u00ed p\u0159eprava<\/li>\n<li> Leteck\u00e1 p\u0159eprava<\/li>\n<li> Silni\u010dn\u00ed doprava<\/li>\n<li> Celn\u00ed odbaven\u00ed<\/li>\n<li> Dod\u00e1n\u00ed do nov\u00e9ho domova<\/li>\n<li> Vybalov\u00e1n\u00ed a op\u011btovn\u00e9 sestavov\u00e1n\u00ed n\u00e1bytku<\/li>\n<li> Odstran\u011bn\u00ed v\u0161ech obal\u016f pro recyklaci<\/li>\n<\/ul>\n<p><strong>Fine Art Moving<\/strong><\/p>\n<ul>\n<li> Design a textiln\u00ed pouzdra pro p\u0159edm\u011bty libovoln\u00e9 velikosti<\/li>\n<li> Vyhrazen\u00fd koordin\u00e1tor projektu<\/li>\n<li> Specializovan\u00e9 balic\u00ed materi\u00e1ly<\/li>\n<li> Profesion\u00e1ln\u011b vy\u0161kolen\u00ed a zku\u0161en\u00ed balic\u00ed technici<\/li>\n<li> Silni\u010dn\u00ed, leteck\u00e1 nebo n\u00e1mo\u0159n\u00ed p\u0159eprava<\/li>\n<li> instalovat v\u0161e od mal\u00fdch, k\u0159ehk\u00fdch p\u0159edm\u011bt\u016f a\u017e po velk\u00e9 muzejn\u00ed expon\u00e1ty.<\/li>\n<li> Technici nos\u00ed manipula\u010dn\u00ed za\u0159\u00edzen\u00ed, jako je le\u0161en\u00ed, \u017eeb\u0159\u00edky atd.<\/li>\n<li> Skladov\u00e1n\u00ed v prost\u0159ed\u00ed s kontrolovanou vlhkost\u00ed a 24hodinov\u00fdm kamerov\u00fdm syst\u00e9mem<\/li>\n<li> Muzejn\u00ed dekanty<\/li>\n<li> Instalace v galerii<\/li>\n<li> P\u0159em\u00edst\u011bn\u00ed cel\u00e9 sb\u00edrky<\/li>\n<\/ul>\n<p><strong>\u00dalo\u017ei\u0161t\u011b<\/strong><\/p>\n<ul>\n<li> Skladovac\u00ed prostory chr\u00e1n\u011bn\u00e9 rozs\u00e1hl\u00fdmi bezpe\u010dnostn\u00edmi opat\u0159en\u00edmi<\/li>\n<li> Prost\u0159ed\u00ed s kontrolovanou vlhkost\u00ed k ochran\u011b ulo\u017een\u00fdch poklad\u016f<\/li>\n<\/ul>\n<p><strong>Pomocn\u00e9 slu\u017eby<\/strong><\/p>\n<ul>\n<li> <a href=\"https:\/\/moverdb.com\/cs\/car-transport-shipping\/\" data-internallinksmanager029f6b8e52c=\"2\" title=\"2026 Mezin\u00e1rodn\u00ed p\u0159eprava automobil\u016f &amp; P\u0159eprava vozidel Citace\">P\u0159eprava automobil\u016f<\/a> &amp; Storage<\/li>\n<li> P\u0159eprava dom\u00e1c\u00edch zv\u00ed\u0159at<\/li>\n<li> \u00fadr\u017eb\u00e1\u0159i (demont\u00e1\u017e a op\u011btovn\u00e1 mont\u00e1\u017e specializovan\u00e9ho n\u00e1bytku, za\u0159\u00edzen\u00ed atd.)<\/li>\n<li> Zav\u011b\u0161en\u00ed obrazu \/ instalace um\u011bleck\u00fdch d\u011bl<\/li>\n<li> Speci\u00e1ln\u00ed balen\u00ed (pro k\u0159ehk\u00e9 p\u0159edm\u011bty nebo p\u0159edm\u011bty s vysokou hodnotou)<\/li>\n<li> \u00daklid domu<\/li>\n<li> \u00daklidov\u00e9 slu\u017eby (pran\u00ed, \u00faklid <a href=\"https:\/\/moverdb.com\/cs\/moving-to-china\/\" data-internallinksmanager029f6b8e52c=\"357\" title=\"St\u011bhov\u00e1n\u00ed do \u010c\u00edny? 2026 N\u00e1klady na bydlen\u00ed a tipy na st\u011bhov\u00e1n\u00ed\">\u010c\u00edna<\/a>, sklo, oble\u010den\u00ed atd.)<\/li>\n<li> Elektrik\u00e1\u0159 nebo instalat\u00e9r<\/li>\n<li> Odpojen\u00ed a op\u011btovn\u00e1 instalace satelitn\u00ed TV ant\u00e9ny<\/li>\n<li> Specializovan\u00e9 \"bezpe\u010dn\u00e9\" st\u011bhov\u00e1n\u00ed<\/li>\n<li> Demont\u00e1\u017e a op\u011btovn\u00e1 mont\u00e1\u017e okenn\u00edch a dve\u0159n\u00edch r\u00e1m\u016f<\/li>\n<li> Venkovn\u00ed v\u00fdtah (specializovan\u00fd zved\u00e1k) pro p\u0159\u00edstup do rezidence p\u0159es horn\u00ed patra<\/li>\n<li> Pron\u00e1jem n\u00e1bytku<\/li>\n<li> Restaurov\u00e1n\u00ed a opravy n\u00e1bytku<\/li>\n<\/ul>\n<h2>Profil spole\u010dnosti Constantine Moving Company<\/h2>\n<p>Skupina spole\u010dnost\u00ed Constantine vznikla v polovin\u011b 19. stolet\u00ed, kdy Joseph Constantine a dal\u0161\u00ed \u010dlenov\u00e9 rodiny koupili spole\u010dnost, kter\u00e1 vlastnila plachetnice. V dob\u011b, kdy p\u00e1ra nahradila plachty, se skupina Constantine roz\u0161\u00ed\u0159ila natolik, \u017ee se stala jedn\u00edm z nejv\u011bt\u0161\u00edch vlastn\u00edk\u016f lod\u00ed v Evrop\u011b. <a href=\"https:\/\/moverdb.com\/cs\/moving-to-the-uk\/\" data-internallinksmanager029f6b8e52c=\"93\" title=\"St\u011bhujete se do Spojen\u00e9ho kr\u00e1lovstv\u00ed? 2022 \u017divotn\u00ed n\u00e1klady a tipy na st\u011bhov\u00e1n\u00ed\">UK<\/a>.<\/p>\n<p>Prvn\u00ed a druh\u00e1 sv\u011btov\u00e1 v\u00e1lka jim bohu\u017eel vzala lod\u011b, a tak se skupina vydala na cesty, <a href=\"https:\/\/moverdb.com\/cs\/spedice\/\">spedice<\/a> a investice do nemovitost\u00ed. Dnes se Constantine Moving zam\u011b\u0159uje na st\u011bhov\u00e1n\u00ed lid\u00ed a um\u011bleck\u00fdch d\u011bl po cel\u00e9m sv\u011bt\u011b. Je hrd\u00fdm dr\u017eitelem kr\u00e1lovsk\u00e9ho jmenovac\u00edho dekretu za sv\u00e9 slu\u017eby kr\u00e1lovn\u011b Al\u017eb\u011bt\u011b II.<\/p>\n<p>P\u0159\u00edslu\u0161nost a akreditace spole\u010dnosti Constantine Moving:<\/p>\n<ul>\n<li> <a href=\"https:\/\/moverdb.com\/cs\/britska-asociace-stehovaku\/\">Britsk\u00e1 asociace st\u011bhov\u00e1k\u016f<\/a> (<a href=\"https:\/\/moverdb.com\/cs\/british-association-of-removers\/\" data-internallinksmanager029f6b8e52c=\"9\" title=\"Vysv\u011btlen\u00ed Britsk\u00e9 asociace st\u011bhov\u00e1k\u016f (BAR)\">BAR<\/a>)<\/li>\n<li> <a href=\"https:\/\/moverdb.com\/cs\/fidi-faim\/\">FIDI<\/a><\/li>\n<li> <a href=\"https:\/\/moverdb.com\/cs\/fidi-faim\/\">FAIM<\/a><\/li>\n<li> Institut obchodn\u00edch standard\u016f (TSI)<\/li>\n<li> <a href=\"https:\/\/moverdb.com\/cs\/iam\/\">Mezin\u00e1rodn\u00ed asociace st\u011bhov\u00e1k\u016f<\/a> (<a href=\"https:\/\/moverdb.com\/cs\/iam\/\" data-internallinksmanager029f6b8e52c=\"23\" title=\"Vysv\u011btlen\u00ed Mezin\u00e1rodn\u00ed asociace st\u011bhov\u00e1k\u016f (IAM)\">IAM<\/a>)<\/li>\n<li> Mezin\u00e1rodn\u00ed setk\u00e1n\u00ed um\u011bleck\u00fdch transport\u00e9r\u016f (ARTIM)<\/li>\n<li> Jmenov\u00e1n\u00edm Jej\u00edho Veli\u010denstva kr\u00e1lovny<\/li>\n<\/ul>\n<h2>Constantine Moving Recenze<\/h2>\n<p><em>V sou\u010dasn\u00e9 dob\u011b nejsou k dispozici \u017e\u00e1dn\u00e9 pozitivn\u00ed ani negativn\u00ed recenze pro Constantine Moving online.<\/em><\/p>\n<div itemprop=\"review\" itemscope itemtype=\"http:\/\/schema.org\/Review\">\n<span itemprop=\"author\" itemscope=\"\" itemtype=\"http:\/\/schema.org\/Organization\"><span itemprop=\"name\">MoverDB.com<\/span><\/span> Online recenze webov\u00fdch str\u00e1nek pro <span itemprop=\"itemreviewed\" itemscope=\"\" itemtype=\"http:\/\/schema.org\/Brand\"><span itemprop=\"name\">Constantine St\u011bhov\u00e1n\u00ed<\/span><\/span>:<\/p>\n<ol>\n<li> Jasn\u00e9 kontaktn\u00ed \u00fadaje na webov\u00fdch str\u00e1nk\u00e1ch (v\u010detn\u011b telefonn\u00edho \u010d\u00edsla): <strong>Ano<\/strong><\/li>\n<li> Snadn\u00e9 z\u00edsk\u00e1n\u00ed <a href=\"https:\/\/moverdb.com\/cs\/citaty\/\">mezin\u00e1rodn\u00ed st\u011bhov\u00e1n\u00ed<\/a>? (Online formul\u00e1\u0159 \u017e\u00e1dosti o odhad): <strong>Ne<\/strong><\/li>\n<li> Jasn\u00e9 informace na webov\u00fdch str\u00e1nk\u00e1ch: <strong>N\u011bkter\u00e9,<\/strong> Webov\u00e9 str\u00e1nky neobsahuj\u00ed mnoho podrobn\u00fdch informac\u00ed. Ty jsou dod\u00e1v\u00e1ny ve f\u00e1zi pl\u00e1nov\u00e1n\u00ed.<\/li>\n<li> \u010clenstv\u00ed v mezin\u00e1rodn\u00edch uzn\u00e1van\u00fdch organizac\u00edch pohybliv\u00fdch aktivit: <strong>Ano<\/strong>, viz v\u00fd\u0161e.<\/li>\n<li> Seznam klient\u016f a\/nebo reference p\u0159edchoz\u00edch z\u00e1kazn\u00edk\u016f: <strong>Ne<\/strong>, a\u010dkoli mezi jejich klienty pat\u0159\u00ed i kr\u00e1lovna Al\u017eb\u011bta II. a kr\u00e1lovsk\u00e1 rodina.<\/li>\n<\/ol>\n<div itemprop=\"reviewRating\" itemscope itemtype=\"http:\/\/schema.org\/Rating\"><meta itemprop=\"worstRating\" content = \"0\" \/><meta itemprop=\"bestRating\" content=\"5\" \/><meta itemprop=\"ratingValue\" content=\"4\"><\/div>\n<p><strong>Celkov\u00e9 hodnocen\u00ed: 4\/5<\/strong><br \/>\n<strong>Datum recenze:<\/strong> <span itemprop=\"datePublished\" content=\"2016-10-11\">11\/10\/16<\/span>\n<\/div>\n<p>P\u0159e\u010dt\u011bte si v\u00edce o <a href=\"https:\/\/moverdb.com\/cs\/mezinarodni-stehovani\/\">mezin\u00e1rodn\u00ed st\u011bhovac\u00ed spole\u010dnosti<\/a> a na\u0161e <a href=\"https:\/\/moverdb.com\/cs\/recenze\/\">proces p\u0159ezkoum\u00e1n\u00ed<\/a>.<\/p>\n<p><strong>Webov\u00e9 str\u00e1nky:<\/strong> <a href=\"http:\/\/www.constantinemoving.com\/\" target=\"_blank\" rel=\"noopener\">http:\/\/www.constantinemoving.com\/<\/a><\/p>","protected":false},"excerpt":{"rendered":"<p>The services of Constantine Moving are listed below, following by a company profile and reviews. International Home Moving Pre-move appointment Free quote, move plan and timetable Highly experienced professionally trained packing crew Storage available Sea shipment Air shipment Road transportation Customs clearance Delivery to new home Unpacking and reassembling of furniture Removal of all packing [&hellip;]<\/p>\n","protected":false},"author":1,"featured_media":0,"parent":0,"menu_order":0,"comment_status":"closed","ping_status":"closed","template":"","meta":{"_genesis_hide_title":false,"_genesis_hide_breadcrumbs":false,"_genesis_hide_singular_image":false,"_genesis_hide_footer_widgets":false,"_genesis_custom_body_class":"","_genesis_custom_post_class":"","_genesis_layout":"","footnotes":""},"class_list":{"0":"post-895","1":"page","2":"type-page","3":"status-publish","5":"entry"},"_links":{"self":[{"href":"https:\/\/moverdb.com\/cs\/wp-json\/wp\/v2\/pages\/895","targetHints":{"allow":["GET"]}}],"collection":[{"href":"https:\/\/moverdb.com\/cs\/wp-json\/wp\/v2\/pages"}],"about":[{"href":"https:\/\/moverdb.com\/cs\/wp-json\/wp\/v2\/types\/page"}],"author":[{"embeddable":true,"href":"https:\/\/moverdb.com\/cs\/wp-json\/wp\/v2\/users\/1"}],"replies":[{"embeddable":true,"href":"https:\/\/moverdb.com\/cs\/wp-json\/wp\/v2\/comments?post=895"}],"version-history":[{"count":3,"href":"https:\/\/moverdb.com\/cs\/wp-json\/wp\/v2\/pages\/895\/revisions"}],"predecessor-version":[{"id":6195,"href":"https:\/\/moverdb.com\/cs\/wp-json\/wp\/v2\/pages\/895\/revisions\/6195"}],"wp:attachment":[{"href":"https:\/\/moverdb.com\/cs\/wp-json\/wp\/v2\/media?parent=895"}],"curies":[{"name":"wp","href":"https:\/\/api.w.org\/{rel}","templated":true}]}}