{"id":893,"date":"2016-09-28T05:29:53","date_gmt":"2016-09-28T05:29:53","guid":{"rendered":"http:\/\/moverdb.com\/?page_id=893"},"modified":"2026-01-08T14:40:01","modified_gmt":"2026-01-08T14:40:01","slug":"john-mason","status":"publish","type":"page","link":"https:\/\/moverdb.com\/cs\/john-mason\/","title":{"rendered":"John Mason International Movers: Recenze st\u011bhov\u00e1n\u00ed"},"content":{"rendered":"<p>John Mason International Movers nab\u00edz\u00ed klient\u016fm r\u016fzn\u00e9 st\u011bhovac\u00ed slu\u017eby, kter\u00e9 jsou uvedeny n\u00ed\u017ee. N\u00e1sleduje tak\u00e9 profil spole\u010dnosti a recenze.<\/p>\n<p><strong><a href=\"https:\/\/moverdb.com\/cs\/container-shipping\/\" data-internallinksmanager029f6b8e52c=\"3\" title=\"Graf sazeb mezin\u00e1rodn\u00ed kontejnerov\u00e9 dopravy: Duben 2026\">Mezin\u00e1rodn\u00ed p\u0159eprava<\/a> Slu\u017eby - Do a z <a href=\"https:\/\/moverdb.com\/cs\/moving-to-the-uk\/\" data-internallinksmanager029f6b8e52c=\"93\" title=\"St\u011bhujete se do Spojen\u00e9ho kr\u00e1lovstv\u00ed? 2022 \u017divotn\u00ed n\u00e1klady a tipy na st\u011bhov\u00e1n\u00ed\">UK<\/a><\/strong><\/p>\n<ul>\n<li> Slu\u017eba od dve\u0159\u00ed ke dve\u0159\u00edm<\/li>\n<li> Vyhrazen\u00fd mana\u017eer st\u011bhov\u00e1n\u00ed<\/li>\n<li> Profesion\u00e1ln\u00ed exportn\u00ed balen\u00ed v dom\u00e1cnosti<\/li>\n<li> Leteck\u00e1 nebo n\u00e1mo\u0159n\u00ed p\u0159eprava<\/li>\n<li> <a href=\"https:\/\/moverdb.com\/cs\/kontejnerova-preprava\/\">Pln\u00e9 zat\u00ed\u017een\u00ed kontejneru nebo sd\u00edlen\u00fd kontejner<\/a><\/li>\n<li> Zavazadlov\u00e1 slu\u017eba pro jednotliv\u00e9 p\u0159edm\u011bty<\/li>\n<li> S\u00ed\u0165 profesion\u00e1ln\u00edch agent\u016f po cel\u00e9m sv\u011bt\u011b<\/li>\n<li> Celn\u00ed odbaven\u00ed<\/li>\n<li> Dod\u00e1n\u00ed a vybalen\u00ed v nov\u00e9m domov\u011b<\/li>\n<li> Skladov\u00e1n\u00ed v m\u00edst\u011b p\u016fvodu a ur\u010den\u00ed<\/li>\n<li> N\u00e1mo\u0159n\u00ed poji\u0161t\u011bn\u00ed v\u0161ech rizik<\/li>\n<li> \u00daklidov\u00e9 a \u00fadr\u017eb\u00e1\u0159sk\u00e9 slu\u017eby<\/li>\n<\/ul>\n<p><strong>Mezin\u00e1rodn\u00ed st\u011bhovac\u00ed slu\u017eby<\/strong><\/p>\n<ul>\n<li> Pomoc s prodejem dom\u016f<\/li>\n<li> Odjezdov\u00e1 slu\u017eba - odstran\u011bn\u00ed v\u0161ech nedo\u0159e\u0161en\u00fdch probl\u00e9m\u016f, nap\u0159. drobn\u00e9 opravy a \u00faklid.<\/li>\n<li> \u0158\u00edzen\u00ed p\u0159esun\u016f<\/li>\n<li> Orienta\u010dn\u00ed prohl\u00eddky - v\u010detn\u011b prohl\u00eddky nemovitost\u00ed a \u0161kol<\/li>\n<li> Kulturn\u00ed a jazykov\u00e9 vzd\u011bl\u00e1v\u00e1n\u00ed<\/li>\n<li> zabydlov\u00e1n\u00ed se - zakl\u00e1d\u00e1n\u00ed bankovn\u00edch \u00fa\u010dt\u016f, registrace u l\u00e9ka\u0159e a zuba\u0159e a spousta dal\u0161\u00edch \u00fakon\u016f, kter\u00e9 usnad\u0148uj\u00ed \u017eivot.<\/li>\n<li> P\u0159em\u00edst\u011bn\u00ed dom\u00e1c\u00edho mazl\u00ed\u010dka<\/li>\n<\/ul>\n<p><strong>Evropsk\u00e1 p\u0159eprava a st\u011bhov\u00e1n\u00ed<\/strong><\/p>\n<ul>\n<li> \u00da\u010delov\u011b sestaven\u00fd evropsk\u00fd vozov\u00fd park<\/li>\n<li> Vyhrazen\u00ed mana\u017ee\u0159i st\u011bhov\u00e1n\u00ed<\/li>\n<li> Slu\u017eba od dve\u0159\u00ed ke dve\u0159\u00edm<\/li>\n<li> Vyhrazen\u00e1 slu\u017eba - vozidlo bude obsahovat zbo\u017e\u00ed jedn\u00e9 osoby\/firmy.<\/li>\n<li> Slu\u017eba \u010d\u00e1ste\u010dn\u00e9ho zat\u00ed\u017een\u00ed<\/li>\n<li> Mo\u017enosti balen\u00ed - zabaleno majitelem, vybran\u00e9 polo\u017eky profesion\u00e1ln\u011b zabalen\u00e9, kompletn\u00ed profesion\u00e1ln\u00ed balen\u00ed<\/li>\n<li> P\u0159\u00edpadn\u00e1 pomoc v oblasti cel a spot\u0159ebn\u00edch dan\u00ed<\/li>\n<li> \u00dalo\u017ei\u0161t\u011b <\/li>\n<li> Poji\u0161t\u011bn\u00ed<\/li>\n<li> Lze zajistit leteckou p\u0159epravu<\/li>\n<\/ul>\n<p><strong>Obchodn\u00ed p\u0159epravn\u00ed slu\u017eby<\/strong><\/p>\n<ul>\n<li> Leteck\u00e1 n\u00e1kladn\u00ed doprava<\/li>\n<li> FCL<\/li>\n<li> LCL<\/li>\n<li> Groupage<\/li>\n<li> Evropsk\u00e1 silni\u010dn\u00ed doprava<\/li>\n<\/ul>\n<p><strong>Slu\u017eby skladov\u00e1n\u00ed<\/strong><\/p>\n<ul>\n<li> Archivn\u00ed \u00falo\u017ei\u0161t\u011b<\/li>\n<li> Skladov\u00e1n\u00ed lod\u00ed<\/li>\n<li> Skladov\u00e1n\u00ed karavan\u016f<\/li>\n<li> Komer\u010dn\u00ed skladov\u00e1n\u00ed<\/li>\n<li> Skladov\u00e1n\u00ed v dom\u00e1cnosti<\/li>\n<li> Skladov\u00e1n\u00ed motocykl\u016f<\/li>\n<li> Vlastn\u00ed skladov\u00e1n\u00ed<\/li>\n<li> Skladov\u00e1n\u00ed student\u016f<\/li>\n<li> Skladov\u00e1n\u00ed vozidel<\/li>\n<\/ul>\n<h2>John Mason International Movers Profil spole\u010dnosti<\/h2>\n<p>Spole\u010dnost John Mason International Movers zalo\u017eila Mary Mason v roce 1884. V roce 1887 se k n\u00ed p\u0159ipojil jej\u00ed syn John Mason, jeho\u017e hlavn\u00ed \u010dinnost\u00ed bylo st\u011bhov\u00e1n\u00ed uhl\u00ed. John Mason p\u0159evzal podnik po sv\u00e9 matce v roce 1890 a zah\u00e1jil v\u0161eobecnou p\u0159epravn\u00ed a obchodn\u00ed \u010dinnost. <a href=\"https:\/\/moverdb.com\/cs\/moving-companies\/\" data-internallinksmanager029f6b8e52c=\"79\" title=\"Top 25 Mezin\u00e1rodn\u00ed st\u011bhovac\u00ed spole\u010dnosti Online\">st\u011bhovac\u00ed spole\u010dnost<\/a>. Spole\u010dnost se d\u00e1le rozv\u00edjela a prosperovala a v roce 1955 zah\u00e1jila denn\u00ed st\u011bhovac\u00ed slu\u017ebu do... <a href=\"https:\/\/moverdb.com\/cs\/moving-to-ireland\/\" data-internallinksmanager029f6b8e52c=\"320\" title=\"St\u011bhov\u00e1n\u00ed do Irska? 2026 N\u00e1klady na bydlen\u00ed a tipy na st\u011bhov\u00e1n\u00ed\">Irsko<\/a>. <\/p>\n<p>Spole\u010dnost John Mason se neust\u00e1le rozr\u016fst\u00e1 a nyn\u00ed prov\u00e1d\u00ed v pr\u016fm\u011bru 8 000 st\u011bhov\u00e1n\u00ed po cel\u00e9m sv\u011bt\u011b ro\u010dn\u011b. Z\u00e1kladem t\u00e9to rodinn\u00e9 firmy jsou mezin\u00e1rodn\u00ed st\u011bhov\u00e1n\u00ed, st\u011bhov\u00e1n\u00ed firem a obchodn\u00edch spole\u010dnost\u00ed a st\u011bhov\u00e1n\u00ed a skladov\u00e1n\u00ed dom\u00e1cnost\u00ed. Jejich viz\u00ed je naprosto flexibiln\u00ed st\u011bhovac\u00ed slu\u017eba s d\u016frazem na rodinn\u00e9 hodnoty a poctivost.<\/p>\n<p>Afiliace a akreditace Johna Masona:<\/p>\n<ul>\n<li> <a href=\"https:\/\/moverdb.com\/cs\/britska-asociace-stehovaku\/\">Britsk\u00e1 asociace st\u011bhov\u00e1k\u016f<\/a> (<a href=\"https:\/\/moverdb.com\/cs\/british-association-of-removers\/\" data-internallinksmanager029f6b8e52c=\"9\" title=\"Vysv\u011btlen\u00ed Britsk\u00e9 asociace st\u011bhov\u00e1k\u016f (BAR)\">BAR<\/a>)<\/li>\n<li> <a href=\"https:\/\/moverdb.com\/cs\/bar-overseas\/\">Britsk\u00e1 asociace st\u011bhov\u00e1k\u016f Overseas Remover<\/a><\/li>\n<li> Overseas Moving Network International (OMNI)<\/li>\n<li> <a href=\"https:\/\/moverdb.com\/cs\/fidi-faim\/\">Mezin\u00e1rodn\u00ed federace mezin\u00e1rodn\u00edch st\u011bhovac\u00edch spole\u010dnost\u00ed<\/a> (<a href=\"https:\/\/moverdb.com\/cs\/fidi-faim\/\" data-internallinksmanager029f6b8e52c=\"16\" title=\"Vysv\u011btlen\u00ed FIDI a FAIM (FIDI Accredited International Mover)\">FIDI<\/a>)<\/li>\n<li> <a href=\"https:\/\/moverdb.com\/cs\/fidi-faim\/\">FAIM<\/a><\/li>\n<li> <a href=\"https:\/\/moverdb.com\/cs\/mtc\/\">Obchodn\u00ed klub Movers<\/a> (<a href=\"https:\/\/moverdb.com\/cs\/mtc\/\" data-internallinksmanager029f6b8e52c=\"30\" title=\"Vysv\u011btlen\u00ed Movers Trading Club (MTC)\">MTC<\/a>)<\/li>\n<li> Institut obchodn\u00edch standard\u016f<\/li>\n<li> <a href=\"https:\/\/moverdb.com\/cs\/lacma\/\">Asociace mezin\u00e1rodn\u00edch st\u011bhov\u00e1k\u016f Latinsk\u00e9 Ameriky a Karibiku<\/a> (<a href=\"https:\/\/moverdb.com\/cs\/lacma\/\" data-internallinksmanager029f6b8e52c=\"28\" title=\"Asociace mezin\u00e1rodn\u00edch st\u011bhov\u00e1k\u016f z Latinsk\u00e9 Ameriky a Karibiku (LACMA)\">LACMA<\/a>)<\/li>\n<\/ul>\n<h2>John Mason International Movers Recenze<\/h2>\n<p><strong>Pozitivn\u00ed<\/strong><\/p>\n<ul>\n<li> <em>\"Cel\u00e1 moje zku\u0161enost s Johnem Masonem byla velmi dobr\u00e1, od Tonyho pr\u016fzkumu a\u017e po dne\u0161n\u00ed zabalen\u00ed kontejneru, ur\u010dit\u011b doporu\u010d\u00edm Johna Masona k poskytov\u00e1n\u00ed st\u011bhovac\u00edch slu\u017eeb.\"<\/em> - M.H. South Shields od <a href=\"http:\/\/www.johnmason.com\/about-us\/\" target=\"_blank\" rel=\"noopener\">Webov\u00e9 str\u00e1nky Johna Masona<\/a>.<\/li>\n<li> <em>\"T\u00fdm spole\u010dnosti John Masons je pro m\u011b v\u00fdjime\u010dn\u00fd. Od n\u00e1v\u0161t\u011bvy doma, p\u0159es \u010dast\u00e9 aktualizace a\u017e po st\u011bhov\u00e1ky, v\u0161e bylo fantastick\u00e9.\"<\/em> - Jaclyn prost\u0159ednictv\u00edm <a href=\"https:\/\/www.facebook.com\/johnmasoninternational\/reviews\/\" target=\"_blank\" rel=\"noopener\">Recenze na Facebooku<\/a><\/li>\n<li><em>\"Stejn\u00fd krok jsme ud\u011blali p\u0159ed 3 m\u011bs\u00edci, pou\u017eili jsme mezin\u00e1rodn\u00ed st\u011bhov\u00e1ky John Masons. Zabalili i vybalen\u00ed. Nemohu je v\u0159ele doporu\u010dit, \u017e\u00e1dn\u00e1 v\u011bc se nerozbila ani neztratila.\"<\/em> - prost\u0159ednictv\u00edm <a href=\"http:\/\/www.mumsnet.com\/Talk\/living_overseas\/1535416-Shipping-to-Australia\" target=\"_blank\" rel=\"noopener\">Mumsnet<\/a><\/li>\n<\/ul>\n<p><strong>Negativn\u00ed<\/strong><\/p>\n<p>Pouze <strong>6%<\/strong> jejich recenz\u00ed na Trustpilot jsou 1 nebo 2 hv\u011bzdi\u010dky oproti <strong>93%<\/strong> kter\u00e9 maj\u00ed 4 nebo 5 hv\u011bzdi\u010dek. V\u0161echny tyto recenze si m\u016f\u017eete p\u0159e\u010d\u00edst <a href=\"https:\/\/uk.trustpilot.com\/review\/www.johnmason.com\" rel=\"noopener\" target=\"_blank\">zde<\/a>.  <\/p>\n<div itemprop=\"review\" itemscope itemtype=\"http:\/\/schema.org\/Review\">\n<span itemprop=\"author\" itemscope=\"\" itemtype=\"http:\/\/schema.org\/Organization\"><span itemprop=\"name\">MoverDB.com<\/span><\/span> Online recenze webov\u00fdch str\u00e1nek pro <span itemprop=\"itemreviewed\" itemscope=\"\" itemtype=\"http:\/\/schema.org\/Brand\"><span itemprop=\"name\">John Mason Mezin\u00e1rodn\u00ed Movers<\/span><\/span>:<\/p>\n<ol>\n<li> Jasn\u00e9 kontaktn\u00ed \u00fadaje na webov\u00fdch str\u00e1nk\u00e1ch (v\u010detn\u011b telefonn\u00edho \u010d\u00edsla): <strong>Ano<\/strong><\/li>\n<li> Snadn\u00e9 z\u00edsk\u00e1n\u00ed <a href=\"https:\/\/moverdb.com\/cs\/citaty\/\">mezin\u00e1rodn\u00ed st\u011bhov\u00e1n\u00ed<\/a>? (Online formul\u00e1\u0159 \u017e\u00e1dosti o odhad): <strong>Ano<\/strong><\/li>\n<li> Jasn\u00e9 informace na webov\u00fdch str\u00e1nk\u00e1ch: <strong>Ano,<\/strong> Webov\u00e9 str\u00e1nky jsou pom\u011brn\u011b obs\u00e1hl\u00e9, podrobn\u011bj\u0161\u00ed informace v\u0161ak poskytneme na vy\u017e\u00e1d\u00e1n\u00ed.<\/li>\n<li> \u010dlenstv\u00ed v mezin\u00e1rodn\u00edch uzn\u00e1van\u00fdch organizac\u00edch pohybliv\u00fdch aktivit: <strong>Ano<\/strong>, viz v\u00fd\u0161e.<\/li>\n<li> Seznam klient\u016f a\/nebo reference p\u0159edchoz\u00edch z\u00e1kazn\u00edk\u016f: <strong>N\u011bkter\u00e9,<\/strong> na konci ka\u017ed\u00e9 str\u00e1nky jsou recenze z\u00e1kazn\u00edk\u016f, ale nen\u00ed pro n\u011b vyhrazena \u017e\u00e1dn\u00e1 str\u00e1nka. Nav\u00edc, i kdy\u017e maj\u00ed na internetu v\u011bt\u0161inou pozitivn\u00ed recenze, je zde i n\u011bkolik negativn\u00edch.<\/li>\n<\/ol>\n<div itemprop=\"reviewRating\" itemscope itemtype=\"http:\/\/schema.org\/Rating\"><meta itemprop=\"worstRating\" content = \"0\" \/><meta itemprop=\"bestRating\" content=\"5\" \/><meta itemprop=\"ratingValue\" content=\"4\"><\/div>\n<p><strong>Celkov\u00e9 hodnocen\u00ed: 4\/5<\/strong><br \/>\n<strong>Datum recenze:<\/strong> <span itemprop=\"datePublished\" content=\"2019-01-18\">18\/01\/2019<\/span>\n<\/div>\n<p>P\u0159e\u010dt\u011bte si v\u00edce o <a href=\"https:\/\/moverdb.com\/cs\/mezinarodni-stehovani\/\">mezin\u00e1rodn\u00ed st\u011bhovac\u00ed spole\u010dnosti<\/a> a na\u0161e <a href=\"https:\/\/moverdb.com\/cs\/recenze\/\">proces p\u0159ezkoum\u00e1n\u00ed<\/a>.<\/p>\n<p><strong>Webov\u00e9 str\u00e1nky:<\/strong> <a href=\"http:\/\/www.johnmason.com\/\" target=\"_blank\" rel=\"noopener\">http:\/\/www.johnmason.com\/<\/a><\/p>","protected":false},"excerpt":{"rendered":"<p>John Mason International Movers offers clients various removal services which are listed below. There also follows a company profile and reviews. International Shipping Services &#8211; To and From the UK Door to door service Dedicated move manager Professional export packing at home Shipping by air or sea Full container load or shared container Baggage service [&hellip;]<\/p>\n","protected":false},"author":1,"featured_media":0,"parent":0,"menu_order":0,"comment_status":"closed","ping_status":"closed","template":"","meta":{"_genesis_hide_title":false,"_genesis_hide_breadcrumbs":false,"_genesis_hide_singular_image":false,"_genesis_hide_footer_widgets":false,"_genesis_custom_body_class":"","_genesis_custom_post_class":"","_genesis_layout":"","footnotes":""},"class_list":{"0":"post-893","1":"page","2":"type-page","3":"status-publish","5":"entry"},"_links":{"self":[{"href":"https:\/\/moverdb.com\/cs\/wp-json\/wp\/v2\/pages\/893","targetHints":{"allow":["GET"]}}],"collection":[{"href":"https:\/\/moverdb.com\/cs\/wp-json\/wp\/v2\/pages"}],"about":[{"href":"https:\/\/moverdb.com\/cs\/wp-json\/wp\/v2\/types\/page"}],"author":[{"embeddable":true,"href":"https:\/\/moverdb.com\/cs\/wp-json\/wp\/v2\/users\/1"}],"replies":[{"embeddable":true,"href":"https:\/\/moverdb.com\/cs\/wp-json\/wp\/v2\/comments?post=893"}],"version-history":[{"count":8,"href":"https:\/\/moverdb.com\/cs\/wp-json\/wp\/v2\/pages\/893\/revisions"}],"predecessor-version":[{"id":13168,"href":"https:\/\/moverdb.com\/cs\/wp-json\/wp\/v2\/pages\/893\/revisions\/13168"}],"wp:attachment":[{"href":"https:\/\/moverdb.com\/cs\/wp-json\/wp\/v2\/media?parent=893"}],"curies":[{"name":"wp","href":"https:\/\/api.w.org\/{rel}","templated":true}]}}