{"id":892,"date":"2016-10-03T05:36:50","date_gmt":"2016-10-03T05:36:50","guid":{"rendered":"http:\/\/moverdb.com\/?page_id=892"},"modified":"2026-01-08T14:48:20","modified_gmt":"2026-01-08T14:48:20","slug":"fn-removals","status":"publish","type":"page","link":"https:\/\/moverdb.com\/cs\/fn-removals\/","title":{"rendered":"F&amp;N Worldwide Removals: Mezin\u00e1rodn\u00ed st\u011bhov\u00e1n\u00ed Recenze"},"content":{"rendered":"<p>N\u00ed\u017ee jsou uvedeny slu\u017eby spole\u010dnosti F&amp;N Worldwide Removals, jej\u00ed profil a recenze.<\/p>\n<p><strong>Mezin\u00e1rodn\u00ed a evropsk\u00e9 st\u011bhov\u00e1n\u00ed<\/strong><\/p>\n<ul>\n<li> Slu\u017eba od dve\u0159\u00ed ke dve\u0159\u00edm<\/li>\n<li> Odborn\u00e9 balen\u00ed<\/li>\n<li> P\u0159\u00edpadn\u011b bedny vyroben\u00e9 na zak\u00e1zku<\/li>\n<li> V p\u0159\u00edpad\u011b pot\u0159eby skladov\u00e1n\u00ed<\/li>\n<li> Organizace pozemn\u00ed, n\u00e1mo\u0159n\u00ed nebo leteck\u00e9 dopravy<\/li>\n<li> Uspo\u0159\u00e1dat <a href=\"https:\/\/moverdb.com\/cs\/preprava-aut-a-lodni-doprava\/\">p\u0159eprava vozidel<\/a><\/li>\n<li> Vybalen\u00ed po p\u0159\u00edjezdu do m\u00edsta ur\u010den\u00ed<\/li>\n<li> Odborn\u00edci dostupn\u00ed v <a href=\"https:\/\/moverdb.com\/cs\/moving-to-the-uk\/\" data-internallinksmanager029f6b8e52c=\"93\" title=\"St\u011bhujete se do Spojen\u00e9ho kr\u00e1lovstv\u00ed? 2022 \u017divotn\u00ed n\u00e1klady a tipy na st\u011bhov\u00e1n\u00ed\">UK<\/a> a zem\u011b ur\u010den\u00ed<\/li>\n<li> Jedn\u00e1n\u00ed s celn\u00edmi a p\u0159epravn\u00edmi spole\u010dnostmi<\/li>\n<li> Poji\u0161t\u011bn\u00ed organizovan\u00e9<\/li>\n<li> Organizace dopravy z m\u00edsta ur\u010den\u00ed <a href=\"https:\/\/moverdb.com\/cs\/top-49-container-ports\/\" data-internallinksmanager029f6b8e52c=\"80\" title=\"49 nejv\u011bt\u0161\u00edch a nejru\u0161n\u011bj\u0161\u00edch kontejnerov\u00fdch p\u0159\u00edstav\u016f v roce 2025\">p\u0159\u00edstav<\/a><\/li>\n<\/ul>\n<p><strong>Mezin\u00e1rodn\u00ed st\u011bhov\u00e1n\u00ed firem<\/strong><\/p>\n<ul>\n<li> N\u00e1v\u0161t\u011bva za \u00fa\u010delem projedn\u00e1n\u00ed logistiky<\/li>\n<li> Slu\u017eba od dve\u0159\u00ed ke dve\u0159\u00edm<\/li>\n<li> Profesion\u00e1ln\u00ed balen\u00ed a vybalov\u00e1n\u00ed<\/li>\n<li> <a href=\"https:\/\/moverdb.com\/cs\/car-transport-shipping\/\" data-internallinksmanager029f6b8e52c=\"2\" title=\"2026 Mezin\u00e1rodn\u00ed p\u0159eprava automobil\u016f &amp; P\u0159eprava vozidel Citace\">P\u0159eprava vozidel<\/a><\/li>\n<li> Slu\u017eby IT pro odstran\u011bn\u00ed a op\u011btovn\u00e9 sestaven\u00ed po\u010d\u00edta\u010dov\u00fdch s\u00edt\u00ed<\/li>\n<li> Zajistit pro zam\u011bstnance vyhled\u00e1v\u00e1n\u00ed ve \u0161kol\u00e1ch a v dom\u00e1cnostech<\/li>\n<li> Pron\u00e1jem n\u00e1bytku<\/li>\n<li> Akce klubu Expat<\/li>\n<li> Kulturn\u00ed aklimatiza\u010dn\u00ed setk\u00e1n\u00ed<\/li>\n<li> Jedn\u00e1n\u00ed s celn\u00edmi \u00fa\u0159ady a <a href=\"https:\/\/moverdb.com\/cs\/prepravni-spolecnosti\/\">p\u0159epravn\u00ed spole\u010dnosti<\/a><\/li>\n<li> Sjednan\u00e9 poji\u0161t\u011bn\u00ed<\/li>\n<li> P\u0159eprava z p\u0159\u00edstavu ur\u010den\u00ed<\/li>\n<\/ul>\n<p><strong>St\u011bhov\u00e1n\u00ed ve Spojen\u00e9m kr\u00e1lovstv\u00ed<\/strong><\/p>\n<ul>\n<li> 25 modern\u00edch pohybliv\u00fdch vozidel<\/li>\n<li> Slu\u017eba od dve\u0159\u00ed ke dve\u0159\u00edm<\/li>\n<li> Profesion\u00e1ln\u00ed balen\u00ed a vybalov\u00e1n\u00ed v p\u0159\u00edpad\u011b pot\u0159eby<\/li>\n<li> K dispozici jsou krabice a balic\u00ed materi\u00e1ly<\/li>\n<li> V p\u0159\u00edpad\u011b pot\u0159eby skladov\u00e1n\u00ed<\/li>\n<li> Sjedn\u00e1n\u00ed poji\u0161t\u011bn\u00ed<\/li>\n<\/ul>\n<p><strong>\u00dalo\u017ei\u0161t\u011b<\/strong><\/p>\n<ul>\n<li> Vlastn\u00ed skladov\u00e1n\u00ed s nep\u0159etr\u017eit\u00fdm p\u0159\u00edstupem a kamerov\u00fdm syst\u00e9mem<\/li>\n<li> Ukl\u00e1d\u00e1n\u00ed dokument\u016f a archiv\u016f<\/li>\n<li> Dlouhodob\u00e9 skladov\u00e1n\u00ed v kontejnerech<\/li>\n<\/ul>\n<h2>Profil spole\u010dnosti F&amp;N Worldwide Removals<\/h2>\n<p>Spole\u010dnost F&amp;N Worldwide Removals zah\u00e1jila svou \u010dinnost v roce 1980 v Berl\u00edn\u011b, ale kr\u00e1tce pot\u00e9 se p\u0159est\u011bhovala do Anglie. Spole\u010dnost F&amp;N p\u016fvodn\u011b st\u011bhovala vojensk\u00e9 zbo\u017e\u00ed a postupn\u011b vstoupila na trh st\u011bhov\u00e1n\u00ed ve Velk\u00e9 Brit\u00e1nii. Spole\u010dnost se roz\u0161\u00ed\u0159ila a zahrnula soukrom\u00e9 a obchodn\u00ed st\u011bhov\u00e1n\u00ed do Evropy. Spole\u010dnost se d\u00e1le rozr\u016fstala zaveden\u00edm samoobslu\u017en\u00fdch skladovac\u00edch prostor, st\u011bhov\u00e1n\u00ed kancel\u00e1\u0159\u00ed a divize dovozu.<\/p>\n<p>Spole\u010dnost F&amp;N Worldwide Removals nyn\u00ed st\u011bhuje lidi, firmy a zbo\u017e\u00ed po cel\u00e9m sv\u011bt\u011b. Spole\u010dnost se siln\u011b anga\u017euje v oblasti \u017eivotn\u00edho prost\u0159ed\u00ed prost\u0159ednictv\u00edm mnoha ekologick\u00fdch iniciativ. Pevn\u011b v\u011b\u0159\u00ed ve vynikaj\u00edc\u00ed slu\u017eby a spokojenost z\u00e1kazn\u00edk\u016f.<\/p>\n<p>\u010clenstv\u00ed a akreditace spole\u010dnosti F&amp;N Worldwide Removals:<\/p>\n<ul>\n<li> <a href=\"https:\/\/moverdb.com\/cs\/britska-asociace-stehovaku\/\">Britsk\u00e1 asociace st\u011bhov\u00e1k\u016f<\/a> (<a href=\"https:\/\/moverdb.com\/cs\/british-association-of-removers\/\" data-internallinksmanager029f6b8e52c=\"9\" title=\"Vysv\u011btlen\u00ed Britsk\u00e9 asociace st\u011bhov\u00e1k\u016f (BAR)\">BAR<\/a>)<\/li>\n<li> <a href=\"https:\/\/moverdb.com\/cs\/fidi-faim\/\">FIDI<\/a><\/li>\n<li> <a href=\"https:\/\/moverdb.com\/cs\/fidi-faim\/\">FAIM<\/a><\/li>\n<li> <a href=\"https:\/\/moverdb.com\/cs\/iam\/\">Mezin\u00e1rodn\u00ed asociace st\u011bhov\u00e1k\u016f<\/a> (<a href=\"https:\/\/moverdb.com\/cs\/iam\/\" data-internallinksmanager029f6b8e52c=\"23\" title=\"Vysv\u011btlen\u00ed Mezin\u00e1rodn\u00ed asociace st\u011bhov\u00e1k\u016f (IAM)\">IAM<\/a>)<\/li>\n<li> <a href=\"https:\/\/moverdb.com\/cs\/fedemac\/\">Federace evropsk\u00fdch st\u011bhov\u00e1k\u016f<\/a> (<a href=\"https:\/\/moverdb.com\/cs\/fedemac\/\" data-internallinksmanager029f6b8e52c=\"15\" title=\"Vysv\u011btlen\u00ed Federace evropsk\u00fdch st\u011bhov\u00e1k\u016f (FEDEMAC)\">FEDEMAC<\/a>)<\/li>\n<li> Eurovan<\/li>\n<li> Institut obchodn\u00edch standard\u016f<\/li>\n<li> <a href=\"https:\/\/moverdb.com\/cs\/hgfaa\/\">Asociace americk\u00fdch spedit\u00e9r\u016f zbo\u017e\u00ed pro dom\u00e1cnost<\/a> (HHGFAA)<\/li>\n<li> Standardn\u00ed slu\u017eby se z\u00e1rukou kvality - st\u011bhov\u00e1n\u00ed n\u00e1bytku pro dom\u00e1cnost<\/li>\n<\/ul>\n<p><strong>F&amp;N Worldwide Removals Recenze<\/strong><\/p>\n<p><strong>Pozitivn\u00ed<\/strong><\/p>\n<ul>\n<li> <em>\"Jen bych r\u00e1d \u0159ekl, jakou prvot\u0159\u00eddn\u00ed pr\u00e1ci jste odvedli pro <a href=\"https:\/\/moverdb.com\/cs\/moving-to-the-united-states\/\" data-internallinksmanager029f6b8e52c=\"94\" title=\"St\u011bhujete se do Spojen\u00fdch st\u00e1t\u016f? 2022 \u017divotn\u00ed n\u00e1klady a tipy na st\u011bhov\u00e1n\u00ed\">n\u00e1s<\/a> od za\u010d\u00e1tku do konce. Pros\u00edm, pod\u011bkujte v\u0161em z\u00fa\u010dastn\u011bn\u00fdm...\"<\/em> - Peter Hollingsworth prost\u0159ednictv\u00edm <a href=\"http:\/\/www.fnworldwide.com\/testimonials\/\" target=\"_blank\" rel=\"noopener\">str\u00e1nka s referencemi z\u00e1kazn\u00edk\u016f<\/a><\/li>\n<li> <em>\"Hledal jsem <a href=\"https:\/\/moverdb.com\/cs\/international-removals\/\" data-internallinksmanager029f6b8e52c=\"27\" title=\"36 nejlep\u0161\u00edch mezin\u00e1rodn\u00edch st\u011bhovac\u00edch spole\u010dnost\u00ed ve Velk\u00e9 Brit\u00e1nii\">st\u011bhovac\u00ed spole\u010dnost<\/a> kter\u00e9 bych mohl pou\u017e\u00edt pro pr\u00e1ci, kter\u00e1 m\u011b \u010dek\u00e1, a na\u0161el jsem FN Worldwide Logistics Ltd. Jejich webov\u00e9 str\u00e1nky jsou skv\u011bl\u00e9 a ur\u010dit\u011b o nich budu uva\u017eovat pro sv\u00e9 nadch\u00e1zej\u00edc\u00ed st\u011bhov\u00e1n\u00ed. Velmi m\u011b tak\u00e9 zaujala jejich rychl\u00e1 odpov\u011b\u010f na m\u016fj e-mail.\"<\/em> - prost\u0159ednictv\u00edm <a href=\"http:\/\/removal-company-reviews.com\/view-removal-company-review.php?c=F+N%20Worldwide%20Logistics%20Ltd&#038;id=532\" target=\"_blank\" rel=\"noopener\">Removal-Company-Reviews.com<\/a><\/li>\n<\/ul>\n<p><strong>Negativn\u00ed<\/strong><\/p>\n<ul>\n<li> <em>\"Spole\u010dnost F&amp;N si ode m\u011b vzala platbu za mezin\u00e1rodn\u00ed st\u011bhov\u00e1n\u00ed z Velk\u00e9 Brit\u00e1nie do... <a href=\"https:\/\/moverdb.com\/cs\/moving-to-bermuda\/\" data-internallinksmanager029f6b8e52c=\"421\" title=\"St\u011bhov\u00e1n\u00ed na Bermudy? 2026 N\u00e1klady na bydlen\u00ed a tipy na st\u011bhov\u00e1n\u00ed\">Bermudy<\/a>. Spole\u010dnost, pro kterou pracuji, necht\u011bn\u011b zaplatila tak\u00e9. Spole\u010dnost F&amp;N n\u011bkolikr\u00e1t uznala svou chybu a opakovan\u011b slibovala, \u017ee pen\u00edze vr\u00e1t\u00ed. Neud\u011blali to.\"<\/em> - prost\u0159ednictv\u00edm <a href=\"http:\/\/removal-company-reviews.com\/view-removal-company-review.php?c=F+N%20Worldwide%20Logistics%20Ltd&#038;id=532\" target=\"_blank\" rel=\"noopener\">Removal-Company-Reviews.com<\/a>\n<\/ul>\n<div itemprop=\"review\" itemscope itemtype=\"http:\/\/schema.org\/Review\">\n<span itemprop=\"author\" itemscope=\"\" itemtype=\"http:\/\/schema.org\/Organization\"><span itemprop=\"name\">MoverDB.com<\/span><\/span> Online recenze webov\u00fdch str\u00e1nek pro <span itemprop=\"itemreviewed\" itemscope=\"\" itemtype=\"http:\/\/schema.org\/Brand\"><span itemprop=\"name\">F&amp;N Worldwide Removals<\/span><\/span>:<\/p>\n<ol>\n<li> Jasn\u00e9 kontaktn\u00ed \u00fadaje na webov\u00fdch str\u00e1nk\u00e1ch (v\u010detn\u011b telefonn\u00edho \u010d\u00edsla): <strong>Ano<\/strong><\/li>\n<li> Snadn\u00e9 z\u00edsk\u00e1n\u00ed <a href=\"https:\/\/moverdb.com\/cs\/citaty\/\">mezin\u00e1rodn\u00ed st\u011bhov\u00e1n\u00ed<\/a>? (Online formul\u00e1\u0159 \u017e\u00e1dosti o odhad): <strong>Ano<\/strong><\/li>\n<li> Jasn\u00e9 informace na webov\u00fdch str\u00e1nk\u00e1ch: <strong>N\u011bkter\u00e9 str\u00e1nky<\/strong>, Webov\u00e9 str\u00e1nky neobsahuj\u00ed mnoho podrobn\u00fdch informac\u00ed.<\/li>\n<li> \u010clenstv\u00ed v mezin\u00e1rodn\u00edch uzn\u00e1van\u00fdch organizac\u00edch pohybliv\u00fdch aktivit: <strong>Ano<\/strong>, viz v\u00fd\u0161e<\/li>\n<li> Seznam klient\u016f a\/nebo reference p\u0159edchoz\u00edch z\u00e1kazn\u00edk\u016f: <strong>N\u011bkter\u00e9 str\u00e1nky<\/strong> Na webu jsou k dispozici reference z\u00e1kazn\u00edk\u016f, ale jen m\u00e1lo recenz\u00ed jinde na internetu.<\/li>\n<\/ol>\n<div itemprop=\"reviewRating\" itemscope itemtype=\"http:\/\/schema.org\/Rating\"><meta itemprop=\"worstRating\" content = \"0\" \/><meta itemprop=\"bestRating\" content=\"5\" \/><meta itemprop=\"ratingValue\" content=\"4\"><\/div>\n<p><strong>Celkov\u00e9 hodnocen\u00ed: 4\/5<\/strong><br \/>\n<strong>Datum recenze:<\/strong> <span itemprop=\"datePublished\" content=\"2016-10-03\">03\/10\/16<\/span>\n<\/div>\n<p>P\u0159e\u010dt\u011bte si v\u00edce o <a href=\"https:\/\/moverdb.com\/cs\/mezinarodni-stehovani\/\">mezin\u00e1rodn\u00ed st\u011bhov\u00e1n\u00ed<\/a> a na\u0161e <a href=\"https:\/\/moverdb.com\/cs\/recenze\/\">proces p\u0159ezkoum\u00e1n\u00ed st\u011bhov\u00e1n\u00ed<\/a>.<\/p>\n<p><strong>Webov\u00e9 str\u00e1nky:<\/strong> <a href=\"http:\/\/www.fnworldwide.com\" target=\"_blank\" rel=\"noopener\">http:\/\/www.fnworldwide.com<\/a><\/p>","protected":false},"excerpt":{"rendered":"<p>F&#038;N Worldwide Removals services are listed below, together with their company profile and reviews. International and European Removals Door to door service Expert packing Custom made crates if applicable Storage if needed Organise transport by land, sea or air Arrange shipping of vehicles Unpacking on arrival at destination Experts available in the UK and country [&hellip;]<\/p>\n","protected":false},"author":1,"featured_media":0,"parent":0,"menu_order":0,"comment_status":"closed","ping_status":"closed","template":"","meta":{"_genesis_hide_title":false,"_genesis_hide_breadcrumbs":false,"_genesis_hide_singular_image":false,"_genesis_hide_footer_widgets":false,"_genesis_custom_body_class":"","_genesis_custom_post_class":"","_genesis_layout":"","footnotes":""},"class_list":{"0":"post-892","1":"page","2":"type-page","3":"status-publish","5":"entry"},"_links":{"self":[{"href":"https:\/\/moverdb.com\/cs\/wp-json\/wp\/v2\/pages\/892","targetHints":{"allow":["GET"]}}],"collection":[{"href":"https:\/\/moverdb.com\/cs\/wp-json\/wp\/v2\/pages"}],"about":[{"href":"https:\/\/moverdb.com\/cs\/wp-json\/wp\/v2\/types\/page"}],"author":[{"embeddable":true,"href":"https:\/\/moverdb.com\/cs\/wp-json\/wp\/v2\/users\/1"}],"replies":[{"embeddable":true,"href":"https:\/\/moverdb.com\/cs\/wp-json\/wp\/v2\/comments?post=892"}],"version-history":[{"count":5,"href":"https:\/\/moverdb.com\/cs\/wp-json\/wp\/v2\/pages\/892\/revisions"}],"predecessor-version":[{"id":6208,"href":"https:\/\/moverdb.com\/cs\/wp-json\/wp\/v2\/pages\/892\/revisions\/6208"}],"wp:attachment":[{"href":"https:\/\/moverdb.com\/cs\/wp-json\/wp\/v2\/media?parent=892"}],"curies":[{"name":"wp","href":"https:\/\/api.w.org\/{rel}","templated":true}]}}