{"id":8914,"date":"2023-04-27T14:27:27","date_gmt":"2023-04-27T14:27:27","guid":{"rendered":"https:\/\/moverdb.com\/?page_id=8914"},"modified":"2026-01-08T15:24:51","modified_gmt":"2026-01-08T15:24:51","slug":"moving-companies-poland","status":"publish","type":"page","link":"https:\/\/moverdb.com\/cs\/moving-companies\/moving-companies-poland\/","title":{"rendered":"4 Nejlep\u0161\u00ed mezin\u00e1rodn\u00ed st\u011bhovac\u00ed spole\u010dnosti v Polsku"},"content":{"rendered":"<p>Pokud se st\u011bhujete dom\u016f nebo do firmy, m\u016f\u017eete vyu\u017e\u00edt slu\u017eeb <a href=\"https:\/\/moverdb.com\/cs\/moving-companies\/\" data-internallinksmanager029f6b8e52c=\"79\" title=\"Top 25 Mezin\u00e1rodn\u00ed st\u011bhovac\u00ed spole\u010dnosti Online\">st\u011bhovac\u00ed spole\u010dnost<\/a> sn\u00ed\u017eit stres a pracovn\u00ed z\u00e1t\u011b\u017e. Pokud se st\u011bhujete v r\u00e1mci, do nebo z <a href=\"https:\/\/moverdb.com\/cs\/moving-to-poland\/\" data-internallinksmanager029f6b8e52c=\"378\" title=\"St\u011bhov\u00e1n\u00ed do Polska? 2026 N\u00e1klady na bydlen\u00ed a tipy na st\u011bhov\u00e1n\u00ed\">Polsko<\/a>, pak n\u00ed\u017ee uveden\u00e9 polsk\u00e9 <a href=\"https:\/\/moverdb.com\/cs\/international-removals\/\" data-internallinksmanager029f6b8e52c=\"27\" title=\"36 nejlep\u0161\u00edch mezin\u00e1rodn\u00edch st\u011bhovac\u00edch spole\u010dnost\u00ed ve Velk\u00e9 Brit\u00e1nii\">st\u011bhovac\u00ed firmy<\/a> kter\u00e9 jsou \u010dleny <a href=\"https:\/\/moverdb.com\/cs\/iam\/\" data-internallinksmanager029f6b8e52c=\"23\" title=\"Vysv\u011btlen\u00ed Mezin\u00e1rodn\u00ed asociace st\u011bhov\u00e1k\u016f (IAM)\">Mezin\u00e1rodn\u00ed asociace st\u011bhov\u00e1k\u016f<\/a> (IAM) a\/nebo <a href=\"https:\/\/moverdb.com\/cs\/fidi-faim\/\" data-internallinksmanager029f6b8e52c=\"16\" title=\"Vysv\u011btlen\u00ed FIDI a FAIM (FIDI Accredited International Mover)\">FIDI<\/a> Se st\u011bhov\u00e1n\u00edm by v\u00e1m mohla pomoci spole\u010dnost Accredited International Mover (FAIM).<\/p>\n<div id=\"ez-toc-container\" class=\"ez-toc-v2_0_82_2 ez-toc-wrap-left counter-hierarchy ez-toc-counter ez-toc-transparent ez-toc-container-direction\">\n<div class=\"ez-toc-title-container\">\n<p class=\"ez-toc-title\" style=\"cursor:inherit\">Sekce<\/p>\n<span class=\"ez-toc-title-toggle\"><a href=\"#\" class=\"ez-toc-pull-right ez-toc-btn ez-toc-btn-xs ez-toc-btn-default ez-toc-toggle\" aria-label=\"P\u0159epnut\u00ed tabulky obsahu\"><span class=\"ez-toc-js-icon-con\"><span class=\"\"><span class=\"eztoc-hide\" style=\"display:none;\">P\u0159ep\u00edna\u010d<\/span><span class=\"ez-toc-icon-toggle-span\"><svg style=\"fill: #999;color:#999\" xmlns=\"http:\/\/www.w3.org\/2000\/svg\" class=\"list-377408\" width=\"20px\" height=\"20px\" viewbox=\"0 0 24 24\" fill=\"none\"><path d=\"M6 6H4v2h2V6zm14 0H8v2h12V6zM4 11h2v2H4v-2zm16 0H8v2h12v-2zM4 16h2v2H4v-2zm16 0H8v2h12v-2z\" fill=\"currentColor\"><\/path><\/svg><svg style=\"fill: #999;color:#999\" class=\"arrow-unsorted-368013\" xmlns=\"http:\/\/www.w3.org\/2000\/svg\" width=\"10px\" height=\"10px\" viewbox=\"0 0 24 24\" version=\"1.2\" baseprofile=\"tiny\"><path d=\"M18.2 9.3l-6.2-6.3-6.2 6.3c-.2.2-.3.4-.3.7s.1.5.3.7c.2.2.4.3.7.3h11c.3 0 .5-.1.7-.3.2-.2.3-.5.3-.7s-.1-.5-.3-.7zM5.8 14.7l6.2 6.3 6.2-6.3c.2-.2.3-.5.3-.7s-.1-.5-.3-.7c-.2-.2-.4-.3-.7-.3h-11c-.3 0-.5.1-.7.3-.2.2-.3.5-.3.7s.1.5.3.7z\"\/><\/svg><\/span><\/span><\/span><\/a><\/span><\/div>\n<nav><ul class='ez-toc-list ez-toc-list-level-1 eztoc-toggle-hide-by-default' ><li class='ez-toc-page-1 ez-toc-heading-level-2'><a class=\"ez-toc-link ez-toc-heading-1\" href=\"https:\/\/moverdb.com\/cs\/moving-companies\/moving-companies-poland\/#1_AGS_Group\" >1. AGS Group<\/a><\/li><li class='ez-toc-page-1 ez-toc-heading-level-2'><a class=\"ez-toc-link ez-toc-heading-2\" href=\"https:\/\/moverdb.com\/cs\/moving-companies\/moving-companies-poland\/#2_MK_Relocation\" >2. P\u0159em\u00edst\u011bn\u00ed MK<\/a><\/li><li class='ez-toc-page-1 ez-toc-heading-level-2'><a class=\"ez-toc-link ez-toc-heading-3\" href=\"https:\/\/moverdb.com\/cs\/moving-companies\/moving-companies-poland\/#3_Santa_Fe_Relocation\" >3. P\u0159em\u00edst\u011bn\u00ed Santa Fe<\/a><\/li><li class='ez-toc-page-1 ez-toc-heading-level-2'><a class=\"ez-toc-link ez-toc-heading-4\" href=\"https:\/\/moverdb.com\/cs\/moving-companies\/moving-companies-poland\/#4_Universal_Express_Worldwide_Movers\" >4. Universal Express Worldwide Movers<\/a><\/li><li class='ez-toc-page-1 ez-toc-heading-level-2'><a class=\"ez-toc-link ez-toc-heading-5\" href=\"https:\/\/moverdb.com\/cs\/moving-companies\/moving-companies-poland\/#Other_Useful_Guides_to_Poland\" >Dal\u0161\u00ed u\u017eite\u010dn\u00ed pr\u016fvodci po Polsku<\/a><\/li><\/ul><\/nav><\/div>\n<h2><span class=\"ez-toc-section\" id=\"1_AGS_Group\"><\/span><strong>1. AGS Group<\/strong><span class=\"ez-toc-section-end\"><\/span><\/h2>\n<p><img loading=\"lazy\" decoding=\"async\" class=\"alignnone size-full wp-image-8915\" src=\"https:\/\/moverdb.com\/wp-content\/uploads\/AGS-Global-Solutions-Poland-international-moving-company.png\" alt=\"AGS Global Solutions Polsko mezin\u00e1rodn\u00ed st\u011bhov\u00e1n\u00ed spole\u010dnost\" width=\"1440\" height=\"710\" data-wp-pid=\"8915\" srcset=\"https:\/\/moverdb.com\/wp-content\/uploads\/AGS-Global-Solutions-Poland-international-moving-company.png 1440w, https:\/\/moverdb.com\/wp-content\/uploads\/AGS-Global-Solutions-Poland-international-moving-company-300x148.png 300w, https:\/\/moverdb.com\/wp-content\/uploads\/AGS-Global-Solutions-Poland-international-moving-company-1024x505.png 1024w, https:\/\/moverdb.com\/wp-content\/uploads\/AGS-Global-Solutions-Poland-international-moving-company-18x9.png 18w, https:\/\/moverdb.com\/wp-content\/uploads\/AGS-Global-Solutions-Poland-international-moving-company-600x296.png 600w\" sizes=\"auto, (max-width: 1440px) 100vw, 1440px\" \/><\/p>\n<ul>\n<li>St\u011bhov\u00e1n\u00ed na n\u00e1rodn\u00ed \u00farovni<\/li>\n<li>Mezin\u00e1rodn\u00ed p\u0159esuny<\/li>\n<li>St\u011bhov\u00e1n\u00ed do obytn\u00fdch prostor<\/li>\n<li>Obchodn\u00ed kroky<\/li>\n<li>Balic\u00ed slu\u017eba<\/li>\n<li>Pozemn\u00ed, n\u00e1mo\u0159n\u00ed a leteck\u00e1 doprava<\/li>\n<li>Sledov\u00e1n\u00ed online<\/li>\n<li>Manipulace s v\u00fdtvarn\u00fdm um\u011bn\u00edm<\/li>\n<li>P\u0159evod vozidla<\/li>\n<li>Zabezpe\u010den\u00e9 skladov\u00e1n\u00ed<\/li>\n<\/ul>\n<p>AGS Group je mezin\u00e1rodn\u00ed st\u011bhovac\u00ed a reloka\u010dn\u00ed spole\u010dnost, kter\u00e1 p\u016fsob\u00ed od roku 1974 a m\u00e1 146 kancel\u00e1\u0159\u00ed v 97 zem\u00edch sv\u011bta v\u010detn\u011b polsk\u00e9 Var\u0161avy, kter\u00e1 byla zalo\u017eena v roce 1992. Je akreditov\u00e1na u FIDI.<\/p>\n<p>Skupina AGS nab\u00edz\u00ed prohl\u00eddku domu a individu\u00e1ln\u00ed nab\u00eddku na z\u00e1klad\u011b va\u0161ich pot\u0159eb. Vyvinuli inovativn\u00ed balic\u00ed materi\u00e1ly a metody, kter\u00e9 chr\u00e1n\u00ed va\u0161e v\u011bci a jsou tak\u00e9 \u0161etrn\u00e9 k \u017eivotn\u00edmu prost\u0159ed\u00ed. Zajist\u00ed p\u0159epravu po zemi, letecky nebo po mo\u0159i a jej\u00ed pr\u016fb\u011bh m\u016f\u017eete sledovat online. Nab\u00edzej\u00ed dal\u0161\u00ed slu\u017eby, kter\u00e9 zahrnuj\u00ed manipulaci s um\u011bleck\u00fdmi d\u00edly, p\u0159evoz vozidel a bezpe\u010dn\u00e9 skladov\u00e1n\u00ed.<\/p>\n<p>Webov\u00e9 str\u00e1nky: <a href=\"https:\/\/www.ags-globalsolutions.com\/\" target=\"_blank\" rel=\"noopener\">https:\/\/www.ags-globalsolutions.com\/<\/a><\/p>\n<h2><span class=\"ez-toc-section\" id=\"2_MK_Relocation\"><\/span><strong>2. P\u0159em\u00edst\u011bn\u00ed MK<\/strong><span class=\"ez-toc-section-end\"><\/span><\/h2>\n<p><img loading=\"lazy\" decoding=\"async\" class=\"alignnone size-full wp-image-8825\" src=\"https:\/\/moverdb.com\/wp-content\/uploads\/MK-Relocations-international-moving-company.png\" alt=\"MK Relocations mezin\u00e1rodn\u00ed st\u011bhov\u00e1n\u00ed spole\u010dnost\" width=\"1440\" height=\"679\" data-wp-pid=\"8825\" srcset=\"https:\/\/moverdb.com\/wp-content\/uploads\/MK-Relocations-international-moving-company.png 1440w, https:\/\/moverdb.com\/wp-content\/uploads\/MK-Relocations-international-moving-company-300x141.png 300w, https:\/\/moverdb.com\/wp-content\/uploads\/MK-Relocations-international-moving-company-1024x483.png 1024w, https:\/\/moverdb.com\/wp-content\/uploads\/MK-Relocations-international-moving-company-18x8.png 18w, https:\/\/moverdb.com\/wp-content\/uploads\/MK-Relocations-international-moving-company-600x283.png 600w\" sizes=\"auto, (max-width: 1440px) 100vw, 1440px\" \/><\/p>\n<ul>\n<li>St\u011bhov\u00e1n\u00ed na n\u00e1rodn\u00ed \u00farovni<\/li>\n<li>Mezin\u00e1rodn\u00ed p\u0159esuny<\/li>\n<li>St\u011bhov\u00e1n\u00ed dom\u00e1cnost\u00ed<\/li>\n<li>St\u011bhov\u00e1n\u00ed kancel\u00e1\u0159\u00ed a sklad\u016f<\/li>\n<li>Slu\u017eba od dve\u0159\u00ed ke dve\u0159\u00edm<\/li>\n<li>Balic\u00ed slu\u017eba<\/li>\n<li>Zaji\u0161t\u011bn\u00ed dopravy<\/li>\n<li>Celn\u00ed odbaven\u00ed<\/li>\n<li>Poji\u0161t\u011bn\u00ed<\/li>\n<li>Skladovac\u00ed prostory<\/li>\n<\/ul>\n<p>MK Relocation je specialista na st\u011bhov\u00e1n\u00ed a p\u0159emis\u0165ov\u00e1n\u00ed se s\u00eddlem ve Var\u0161av\u011b. Nab\u00edz\u00ed st\u011bhovac\u00ed slu\u017eby v r\u00e1mci Polska, do Polska a z Polska. Jsou akreditov\u00e1ni u FIDI, co\u017e jim umo\u017e\u0148uje p\u0159\u00edstup k mezin\u00e1rodn\u00ed s\u00edti st\u011bhovac\u00edch agent\u016f, kte\u0159\u00ed jim poskytuj\u00ed podporu.<\/p>\n<p>Spole\u010dnost MK Relocation v\u00e1m poskytne osobn\u00ed sch\u016fzku, na kter\u00e9 s v\u00e1mi prodiskutuje va\u0161e pot\u0159eby, a nab\u00edz\u00ed slu\u017eby od dve\u0159\u00ed ke dve\u0159\u00edm. Poskytuje balic\u00ed slu\u017eby na ochranu va\u0161ich v\u011bc\u00ed, kter\u00e9 zahrnuj\u00ed r\u016fzn\u00e9 balic\u00ed materi\u00e1ly, jako jsou speci\u00e1ln\u00ed krabice, obaly, potahy, plastov\u00e9 uzav\u0159en\u00e9 n\u00e1doby a pohlcova\u010de vlhkosti. Nab\u00edzej\u00ed dal\u0161\u00ed slu\u017eby, kter\u00e9 zahrnuj\u00ed p\u0159epravu dom\u00e1c\u00edch zv\u00ed\u0159at, manipulaci se staro\u017eitnostmi a um\u011bleck\u00fdmi p\u0159edm\u011bty a skladovac\u00ed prostory.<\/p>\n<p>Webov\u00e9 str\u00e1nky: <a href=\"https:\/\/www.mkrelocation.pl\/\" target=\"_blank\" rel=\"noopener\">https:\/\/www.mkrelocation.pl\/<\/a><\/p>\n<h2><span class=\"ez-toc-section\" id=\"3_Santa_Fe_Relocation\"><\/span><strong>3. P\u0159em\u00edst\u011bn\u00ed Santa Fe<\/strong><span class=\"ez-toc-section-end\"><\/span><\/h2>\n<p><img loading=\"lazy\" decoding=\"async\" class=\"alignnone size-full wp-image-8851\" src=\"https:\/\/moverdb.com\/wp-content\/uploads\/Santa-Fe-Relocation-Poland-international-moving-company.png\" alt=\"Santa Fe P\u0159em\u00edst\u011bn\u00ed Polsko mezin\u00e1rodn\u00ed st\u011bhov\u00e1n\u00ed spole\u010dnost\" width=\"1440\" height=\"679\" data-wp-pid=\"8851\" srcset=\"https:\/\/moverdb.com\/wp-content\/uploads\/Santa-Fe-Relocation-Poland-international-moving-company.png 1440w, https:\/\/moverdb.com\/wp-content\/uploads\/Santa-Fe-Relocation-Poland-international-moving-company-300x141.png 300w, https:\/\/moverdb.com\/wp-content\/uploads\/Santa-Fe-Relocation-Poland-international-moving-company-1024x483.png 1024w, https:\/\/moverdb.com\/wp-content\/uploads\/Santa-Fe-Relocation-Poland-international-moving-company-18x8.png 18w, https:\/\/moverdb.com\/wp-content\/uploads\/Santa-Fe-Relocation-Poland-international-moving-company-600x283.png 600w\" sizes=\"auto, (max-width: 1440px) 100vw, 1440px\" \/><\/p>\n<ul>\n<li>M\u00edstn\u00ed a vnitrost\u00e1tn\u00ed p\u0159esuny<\/li>\n<li>Mezin\u00e1rodn\u00ed p\u0159esuny<\/li>\n<li>St\u011bhov\u00e1n\u00ed dom\u00e1cnost\u00ed<\/li>\n<li>St\u011bhov\u00e1n\u00ed kancel\u00e1\u0159\u00ed<\/li>\n<li>St\u011bhovac\u00ed slu\u017eby<\/li>\n<li>Balic\u00ed slu\u017eba<\/li>\n<li>Leteck\u00e1, n\u00e1mo\u0159n\u00ed a pozemn\u00ed doprava<\/li>\n<li>Celn\u00ed odbaven\u00ed<\/li>\n<li>P\u0159eprava dom\u00e1c\u00edch zv\u00ed\u0159at a vozidel<\/li>\n<li>Skladovac\u00ed prostory<\/li>\n<\/ul>\n<p>Santa Fe Relocation je mezin\u00e1rodn\u00ed st\u011bhovac\u00ed a reloka\u010dn\u00ed spole\u010dnost, kter\u00e1 m\u00e1 64 pobo\u010dek ve 38 zem\u00edch v\u010detn\u011b jedn\u00e9 ve Var\u0161av\u011b, kter\u00e1 byla otev\u0159ena v roce 1991. Je \u010dlenem IAM s 32letou tradic\u00ed a m\u00e1 akreditaci FIDI.<\/p>\n<p>Spole\u010dnost Santa Fe Relocation nab\u00edz\u00ed konzultaci p\u0159ed st\u011bhov\u00e1n\u00edm a dom\u00e1c\u00ed nebo video pr\u016fzkum, aby posoudila va\u0161e pot\u0159eby. Poskytuj\u00ed kompletn\u00ed balic\u00ed slu\u017eby pro va\u0161e v\u011bci, kter\u00e9 bezpe\u010dn\u011b p\u0159eprav\u00ed letecky, po mo\u0159i i po sou\u0161i s celn\u00edm odbaven\u00edm. Jejich st\u011bhovac\u00ed slu\u017eby zahrnuj\u00ed vyhled\u00e1v\u00e1n\u00ed bydli\u0161t\u011b a \u0161koly, slu\u017eby p\u0159i zabydlov\u00e1n\u00ed, podporu p\u0159i odjezdu, v\u00edzovou a imigra\u010dn\u00ed podporu. Nab\u00edzej\u00ed tak\u00e9 <a href=\"https:\/\/moverdb.com\/cs\/car-transport-shipping\/\" data-internallinksmanager029f6b8e52c=\"2\" title=\"2026 Mezin\u00e1rodn\u00ed p\u0159eprava automobil\u016f &amp; P\u0159eprava vozidel Citace\">p\u0159eprava vozidel<\/a> a st\u011bhov\u00e1n\u00ed dom\u00e1c\u00edch mazl\u00ed\u010dk\u016f.<\/p>\n<p>Webov\u00e9 str\u00e1nky: <a href=\"https:\/\/www.santaferelo.com\/en\/contact\/our-offices\/poland-warsaw\/\" target=\"_blank\" rel=\"noopener\">https:\/\/www.santaferelo.com\/en\/contact\/our-offices\/poland-warsaw\/<\/a><\/p>\n<h2><span class=\"ez-toc-section\" id=\"4_Universal_Express_Worldwide_Movers\"><\/span><strong>4. Universal Express Worldwide Movers<\/strong><span class=\"ez-toc-section-end\"><\/span><\/h2>\n<p><img loading=\"lazy\" decoding=\"async\" class=\"alignnone size-full wp-image-8868\" src=\"https:\/\/moverdb.com\/wp-content\/uploads\/Universal-Express-Worldwide-Movers-international-moving-company.png\" alt=\"Universal Express Worldwide Movers mezin\u00e1rodn\u00ed st\u011bhov\u00e1n\u00ed spole\u010dnost\" width=\"1440\" height=\"679\" data-wp-pid=\"8868\" srcset=\"https:\/\/moverdb.com\/wp-content\/uploads\/Universal-Express-Worldwide-Movers-international-moving-company.png 1440w, https:\/\/moverdb.com\/wp-content\/uploads\/Universal-Express-Worldwide-Movers-international-moving-company-300x141.png 300w, https:\/\/moverdb.com\/wp-content\/uploads\/Universal-Express-Worldwide-Movers-international-moving-company-1024x483.png 1024w, https:\/\/moverdb.com\/wp-content\/uploads\/Universal-Express-Worldwide-Movers-international-moving-company-18x8.png 18w, https:\/\/moverdb.com\/wp-content\/uploads\/Universal-Express-Worldwide-Movers-international-moving-company-600x283.png 600w\" sizes=\"auto, (max-width: 1440px) 100vw, 1440px\" \/><\/p>\n<ul>\n<li>Celost\u00e1tn\u00ed p\u0159esuny<\/li>\n<li>Mezin\u00e1rodn\u00ed p\u0159esuny<\/li>\n<li>St\u011bhov\u00e1n\u00ed do obytn\u00fdch prostor<\/li>\n<li>St\u011bhov\u00e1n\u00ed kancel\u00e1\u0159\u00ed a pr\u016fmyslov\u00fdch podnik\u016f<\/li>\n<li>Slu\u017eba od dve\u0159\u00ed ke dve\u0159\u00edm<\/li>\n<li>Balic\u00ed slu\u017eba<\/li>\n<li>Pozemn\u00ed, leteck\u00e1 a n\u00e1mo\u0159n\u00ed doprava<\/li>\n<li>Celn\u00ed odbaven\u00ed<\/li>\n<li>Poji\u0161t\u011bn\u00ed<\/li>\n<li>Skladovac\u00ed prostory<\/li>\n<\/ul>\n<p>Universal Express Worldwide Movers je st\u011bhovac\u00ed spole\u010dnost, kter\u00e1 m\u00e1 pobo\u010dky v Krakov\u011b, Vratislavi, Poznani a Gdyni. Disponuje mezin\u00e1rodn\u00ed s\u00edt\u00ed st\u011bhovac\u00edch agent\u016f, kte\u0159\u00ed jim pom\u00e1haj\u00ed se st\u011bhov\u00e1n\u00edm po cel\u00e9m sv\u011bt\u011b. Jsou \u010dlenem IAM s 33letou prax\u00ed a jsou akreditov\u00e1ni FIDI.<\/p>\n<p>Spole\u010dnost Universal Express Worldwide Movers nab\u00edz\u00ed p\u0159edst\u011bhovac\u00ed pr\u016fzkum, na kter\u00e9m m\u016f\u017eete prodiskutovat sv\u00e9 st\u011bhov\u00e1n\u00ed a p\u0159izp\u016fsobit si pl\u00e1n st\u011bhov\u00e1n\u00ed. Jejich mana\u017eer st\u011bhov\u00e1n\u00ed v\u00e1m pom\u016f\u017ee se slu\u017ebou od dve\u0159\u00ed ke dve\u0159\u00edm, kter\u00e1 zahrnuje bezpe\u010dn\u00e9 zabalen\u00ed va\u0161ich v\u011bc\u00ed pro p\u0159epravu. Zajist\u00ed p\u0159epravu va\u0161ich v\u011bc\u00ed po zemi, letecky nebo po mo\u0159i s celn\u00edm odbaven\u00edm a porad\u00ed s poji\u0161t\u011bn\u00edm.<\/p>\n<p>Webov\u00e9 str\u00e1nky: <a href=\"http:\/\/www.uer.pl\/\" target=\"_blank\" rel=\"noopener\">http:\/\/www.uer.pl\/<\/a><\/p>\n<h2><span class=\"ez-toc-section\" id=\"Other_Useful_Guides_to_Poland\"><\/span>Dal\u0161\u00ed u\u017eite\u010dn\u00ed pr\u016fvodci po Polsku<span class=\"ez-toc-section-end\"><\/span><\/h2>\n<ul>\n<li> <a href=\"https:\/\/moverdb.com\/cs\/kontejnerova-preprava\/polsko\/\">2024 Sazby n\u00e1mo\u0159n\u00ed kontejnerov\u00e9 dopravy do Polska a z Polska<\/a><\/li>\n<li> <a href=\"https:\/\/moverdb.com\/cs\/best-international-money-transfer-services\/money-transfer-companies-poland\/\">10 nejlep\u0161\u00edch spole\u010dnost\u00ed pro p\u0159evod pen\u011bz v Polsku<\/a><\/li>\n<li> <a href=\"https:\/\/moverdb.com\/cs\/moving-to-poland\/\">St\u011bhov\u00e1n\u00ed do Polska? 2026 N\u00e1klady na bydlen\u00ed a tipy na st\u011bhov\u00e1n\u00ed<\/a><\/li>\n<li> <a href=\"https:\/\/moverdb.com\/cs\/moving-to-poland\/best-places-to-live-poland\/\">12 nejlep\u0161\u00edch m\u00edst k \u017eivotu v Polsku<\/a><\/li>\n<li> <a href=\"https:\/\/moverdb.com\/cs\/moving-to-poland\/living-in-poland\/\">21 tajemstv\u00ed o \u017eivot\u011b v Polsku, kter\u00e1 je t\u0159eba zn\u00e1t p\u0159ed st\u011bhov\u00e1n\u00edm<\/a><\/li>\n<li> <a href=\"https:\/\/moverdb.com\/cs\/moving-to-poland\/moving-to-poland-from-the-uk\/\">St\u011bhov\u00e1n\u00ed do Polska ze Spojen\u00e9ho kr\u00e1lovstv\u00ed<\/a><\/li>\n<\/ul>","protected":false},"excerpt":{"rendered":"<p>If you are moving home or business, you may want to employ the services of a moving company to reduce the stress and workload involved. If you are moving within, to or from Poland, then the below Polish removal companies that are members of the International Association of Movers (IAM) and\/or FIDI Accredited International Mover [&hellip;]<\/p>\n","protected":false},"author":4,"featured_media":0,"parent":190,"menu_order":0,"comment_status":"closed","ping_status":"closed","template":"","meta":{"_genesis_hide_title":false,"_genesis_hide_breadcrumbs":false,"_genesis_hide_singular_image":false,"_genesis_hide_footer_widgets":false,"_genesis_custom_body_class":"","_genesis_custom_post_class":"","_genesis_layout":"","footnotes":""},"class_list":{"0":"post-8914","1":"page","2":"type-page","3":"status-publish","5":"entry","6":"has-post-thumbnail"},"_links":{"self":[{"href":"https:\/\/moverdb.com\/cs\/wp-json\/wp\/v2\/pages\/8914","targetHints":{"allow":["GET"]}}],"collection":[{"href":"https:\/\/moverdb.com\/cs\/wp-json\/wp\/v2\/pages"}],"about":[{"href":"https:\/\/moverdb.com\/cs\/wp-json\/wp\/v2\/types\/page"}],"author":[{"embeddable":true,"href":"https:\/\/moverdb.com\/cs\/wp-json\/wp\/v2\/users\/4"}],"replies":[{"embeddable":true,"href":"https:\/\/moverdb.com\/cs\/wp-json\/wp\/v2\/comments?post=8914"}],"version-history":[{"count":5,"href":"https:\/\/moverdb.com\/cs\/wp-json\/wp\/v2\/pages\/8914\/revisions"}],"predecessor-version":[{"id":17127,"href":"https:\/\/moverdb.com\/cs\/wp-json\/wp\/v2\/pages\/8914\/revisions\/17127"}],"up":[{"embeddable":true,"href":"https:\/\/moverdb.com\/cs\/wp-json\/wp\/v2\/pages\/190"}],"wp:attachment":[{"href":"https:\/\/moverdb.com\/cs\/wp-json\/wp\/v2\/media?parent=8914"}],"curies":[{"name":"wp","href":"https:\/\/api.w.org\/{rel}","templated":true}]}}