{"id":8908,"date":"2023-04-27T14:29:46","date_gmt":"2023-04-27T14:29:46","guid":{"rendered":"https:\/\/moverdb.com\/?page_id=8908"},"modified":"2026-01-08T15:29:02","modified_gmt":"2026-01-08T15:29:02","slug":"moving-companies-panama","status":"publish","type":"page","link":"https:\/\/moverdb.com\/cs\/moving-companies\/moving-companies-panama\/","title":{"rendered":"5 nejlep\u0161\u00edch mezin\u00e1rodn\u00edch st\u011bhovac\u00edch spole\u010dnost\u00ed v Panam\u011b"},"content":{"rendered":"<p>St\u011bhujete se dom\u016f nebo do kancel\u00e1\u0159e v r\u00e1mci, do nebo z <a href=\"https:\/\/moverdb.com\/cs\/moving-to-panama\/\" data-internallinksmanager029f6b8e52c=\"432\" title=\"St\u011bhov\u00e1n\u00ed do Panamy? 2026 N\u00e1klady na bydlen\u00ed a tipy na p\u0159est\u011bhov\u00e1n\u00ed\">Panama<\/a>? Pak mo\u017en\u00e1 budete cht\u00edt vyu\u017e\u00edt slu\u017eeb advok\u00e1tn\u00ed kancel\u00e1\u0159e. <a href=\"https:\/\/moverdb.com\/cs\/moving-companies\/\" data-internallinksmanager029f6b8e52c=\"79\" title=\"Top 25 Mezin\u00e1rodn\u00ed st\u011bhovac\u00ed spole\u010dnosti Online\">st\u011bhovac\u00ed spole\u010dnost<\/a> v\u00e1m pom\u016f\u017ee s balen\u00edm, organizac\u00ed p\u0159epravy a vy\u0159\u00edzen\u00edm dokumentace pro mezin\u00e1rodn\u00ed st\u011bhov\u00e1n\u00ed. N\u00ed\u017ee jsme sestavili seznam firem se s\u00eddlem v Panam\u011b. <a href=\"https:\/\/moverdb.com\/cs\/international-removals\/\" data-internallinksmanager029f6b8e52c=\"27\" title=\"36 nejlep\u0161\u00edch mezin\u00e1rodn\u00edch st\u011bhovac\u00edch spole\u010dnost\u00ed ve Velk\u00e9 Brit\u00e1nii\">st\u011bhovac\u00ed firmy<\/a> kter\u00e9 jsou \u010dleny <a href=\"https:\/\/moverdb.com\/cs\/iam\/\" data-internallinksmanager029f6b8e52c=\"23\" title=\"Vysv\u011btlen\u00ed Mezin\u00e1rodn\u00ed asociace st\u011bhov\u00e1k\u016f (IAM)\">Mezin\u00e1rodn\u00ed asociace st\u011bhov\u00e1k\u016f<\/a> (IAM) a\/nebo <a href=\"https:\/\/moverdb.com\/cs\/fidi-faim\/\" data-internallinksmanager029f6b8e52c=\"16\" title=\"Vysv\u011btlen\u00ed FIDI a FAIM (FIDI Accredited International Mover)\">FIDI<\/a> Akreditovan\u00e9 mezin\u00e1rodn\u00ed st\u011bhov\u00e1n\u00ed (FAIM), kter\u00e9 by v\u00e1m mohlo pomoci se st\u011bhov\u00e1n\u00edm.<\/p>\n<div id=\"ez-toc-container\" class=\"ez-toc-v2_0_82_2 ez-toc-wrap-left counter-hierarchy ez-toc-counter ez-toc-transparent ez-toc-container-direction\">\n<div class=\"ez-toc-title-container\">\n<p class=\"ez-toc-title\" style=\"cursor:inherit\">Sekce<\/p>\n<span class=\"ez-toc-title-toggle\"><a href=\"#\" class=\"ez-toc-pull-right ez-toc-btn ez-toc-btn-xs ez-toc-btn-default ez-toc-toggle\" aria-label=\"P\u0159epnut\u00ed tabulky obsahu\"><span class=\"ez-toc-js-icon-con\"><span class=\"\"><span class=\"eztoc-hide\" style=\"display:none;\">P\u0159ep\u00edna\u010d<\/span><span class=\"ez-toc-icon-toggle-span\"><svg style=\"fill: #999;color:#999\" xmlns=\"http:\/\/www.w3.org\/2000\/svg\" class=\"list-377408\" width=\"20px\" height=\"20px\" viewbox=\"0 0 24 24\" fill=\"none\"><path d=\"M6 6H4v2h2V6zm14 0H8v2h12V6zM4 11h2v2H4v-2zm16 0H8v2h12v-2zM4 16h2v2H4v-2zm16 0H8v2h12v-2z\" fill=\"currentColor\"><\/path><\/svg><svg style=\"fill: #999;color:#999\" class=\"arrow-unsorted-368013\" xmlns=\"http:\/\/www.w3.org\/2000\/svg\" width=\"10px\" height=\"10px\" viewbox=\"0 0 24 24\" version=\"1.2\" baseprofile=\"tiny\"><path d=\"M18.2 9.3l-6.2-6.3-6.2 6.3c-.2.2-.3.4-.3.7s.1.5.3.7c.2.2.4.3.7.3h11c.3 0 .5-.1.7-.3.2-.2.3-.5.3-.7s-.1-.5-.3-.7zM5.8 14.7l6.2 6.3 6.2-6.3c.2-.2.3-.5.3-.7s-.1-.5-.3-.7c-.2-.2-.4-.3-.7-.3h-11c-.3 0-.5.1-.7.3-.2.2-.3.5-.3.7s.1.5.3.7z\"\/><\/svg><\/span><\/span><\/span><\/a><\/span><\/div>\n<nav><ul class='ez-toc-list ez-toc-list-level-1 eztoc-toggle-hide-by-default' ><li class='ez-toc-page-1 ez-toc-heading-level-2'><a class=\"ez-toc-link ez-toc-heading-1\" href=\"https:\/\/moverdb.com\/cs\/moving-companies\/moving-companies-panama\/#1_Canal_Movers_Logistics\" >1. St\u011bhov\u00e1n\u00ed a logistika kan\u00e1l\u016f<\/a><\/li><li class='ez-toc-page-1 ez-toc-heading-level-2'><a class=\"ez-toc-link ez-toc-heading-2\" href=\"https:\/\/moverdb.com\/cs\/moving-companies\/moving-companies-panama\/#2_Logisfashion\" >2. Logisfashion<\/a><\/li><li class='ez-toc-page-1 ez-toc-heading-level-2'><a class=\"ez-toc-link ez-toc-heading-3\" href=\"https:\/\/moverdb.com\/cs\/moving-companies\/moving-companies-panama\/#3_Mudanzas_Express\" >3. Mudanzas Express<\/a><\/li><li class='ez-toc-page-1 ez-toc-heading-level-2'><a class=\"ez-toc-link ez-toc-heading-4\" href=\"https:\/\/moverdb.com\/cs\/moving-companies\/moving-companies-panama\/#4_Panama_Moving_Solutions\" >4. Panama Moving Solutions<\/a><\/li><li class='ez-toc-page-1 ez-toc-heading-level-2'><a class=\"ez-toc-link ez-toc-heading-5\" href=\"https:\/\/moverdb.com\/cs\/moving-companies\/moving-companies-panama\/#5_Panama_Packing_Storage\" >5. Balen\u00ed a skladov\u00e1n\u00ed v Panam\u011b<\/a><\/li><\/ul><\/nav><\/div>\n<h2><span class=\"ez-toc-section\" id=\"1_Canal_Movers_Logistics\"><\/span><strong>1. St\u011bhov\u00e1n\u00ed a logistika kan\u00e1l\u016f<\/strong><span class=\"ez-toc-section-end\"><\/span><\/h2>\n<p><img loading=\"lazy\" decoding=\"async\" class=\"alignnone size-full wp-image-8770\" src=\"https:\/\/moverdb.com\/wp-content\/uploads\/Canal-Movers-Logistics-international-moving-company.png\" alt=\"Canal Movers &amp; Logistika mezin\u00e1rodn\u00ed st\u011bhov\u00e1n\u00ed spole\u010dnost\" width=\"1440\" height=\"679\" data-wp-pid=\"8770\" srcset=\"https:\/\/moverdb.com\/wp-content\/uploads\/Canal-Movers-Logistics-international-moving-company.png 1440w, https:\/\/moverdb.com\/wp-content\/uploads\/Canal-Movers-Logistics-international-moving-company-300x141.png 300w, https:\/\/moverdb.com\/wp-content\/uploads\/Canal-Movers-Logistics-international-moving-company-1024x483.png 1024w, https:\/\/moverdb.com\/wp-content\/uploads\/Canal-Movers-Logistics-international-moving-company-18x8.png 18w, https:\/\/moverdb.com\/wp-content\/uploads\/Canal-Movers-Logistics-international-moving-company-600x283.png 600w\" sizes=\"auto, (max-width: 1440px) 100vw, 1440px\" \/><\/p>\n<ul>\n<li>M\u00edstn\u00ed a vnitrost\u00e1tn\u00ed p\u0159esuny<\/li>\n<li>Mezin\u00e1rodn\u00ed st\u011bhov\u00e1n\u00ed<\/li>\n<li>St\u011bhov\u00e1n\u00ed dom\u00e1cnost\u00ed<\/li>\n<li>St\u011bhov\u00e1n\u00ed kancel\u00e1\u0159\u00ed<\/li>\n<li>Slu\u017eby na m\u00edru<\/li>\n<li>Profesion\u00e1ln\u00ed balic\u00ed slu\u017eby<\/li>\n<li>Manipulace s um\u011bleck\u00fdmi d\u00edly<\/li>\n<li>P\u0159eprava vozidel a dom\u00e1c\u00edch zv\u00ed\u0159at<\/li>\n<li>Poji\u0161t\u011bn\u00ed<\/li>\n<li>Skladovac\u00ed prostory<\/li>\n<\/ul>\n<p>Canal Movers &amp; Logistics je st\u011bhovac\u00ed a logistick\u00e1 spole\u010dnost, kter\u00e1 se star\u00e1 o nadn\u00e1rodn\u00ed spole\u010dnosti i jednotlivce. Spolupracuje s glob\u00e1ln\u00ed s\u00edt\u00ed logistick\u00fdch a st\u011bhovac\u00edch agentur. Je \u010dlenem IAM s 22letou prax\u00ed a je akreditov\u00e1na u FIDI.<\/p>\n<p>Spole\u010dnost Canal Movers &amp; Logistics nab\u00edz\u00ed koordin\u00e1tora st\u011bhov\u00e1n\u00ed, kter\u00fd v\u00e1m pom\u016f\u017ee p\u0159i m\u00edstn\u00edm, n\u00e1rodn\u00edm i mezin\u00e1rodn\u00edm st\u011bhov\u00e1n\u00ed, a\u0165 u\u017e st\u011bhujete dom\u00e1cnost nebo firmu. Nab\u00edz\u00ed profesion\u00e1ln\u00ed balic\u00ed slu\u017eby, kter\u00e9 chr\u00e1n\u00ed va\u0161e v\u011bci p\u0159i p\u0159eprav\u011b, a poskytuje poji\u0161t\u011bn\u00ed. Nab\u00edzej\u00ed tak\u00e9 dopl\u0148kov\u00e9 slu\u017eby, kter\u00e9 zahrnuj\u00ed pron\u00e1jem n\u00e1bytku, p\u0159epravu automobil\u016f, motocykl\u016f a lod\u00ed, p\u0159epravu dom\u00e1c\u00edch zv\u00ed\u0159at a manipulaci s um\u011bleck\u00fdmi d\u00edly.<\/p>\n<p>Webov\u00e9 str\u00e1nky: <a href=\"http:\/\/www.canalmovers.com\" target=\"_blank\" rel=\"noopener\">http:\/\/www.canalmovers.com<\/a><\/p>\n<h2><span class=\"ez-toc-section\" id=\"2_Logisfashion\"><\/span><strong>2. Logisfashion<\/strong><span class=\"ez-toc-section-end\"><\/span><\/h2>\n<p><img loading=\"lazy\" decoding=\"async\" class=\"alignnone size-full wp-image-8822\" src=\"https:\/\/moverdb.com\/wp-content\/uploads\/Logisfashion-international-moving-company.png\" alt=\"Logisfashion mezin\u00e1rodn\u00ed st\u011bhov\u00e1n\u00ed spole\u010dnost\" width=\"1440\" height=\"680\" data-wp-pid=\"8822\" srcset=\"https:\/\/moverdb.com\/wp-content\/uploads\/Logisfashion-international-moving-company.png 1440w, https:\/\/moverdb.com\/wp-content\/uploads\/Logisfashion-international-moving-company-300x142.png 300w, https:\/\/moverdb.com\/wp-content\/uploads\/Logisfashion-international-moving-company-1024x484.png 1024w, https:\/\/moverdb.com\/wp-content\/uploads\/Logisfashion-international-moving-company-18x9.png 18w, https:\/\/moverdb.com\/wp-content\/uploads\/Logisfashion-international-moving-company-600x283.png 600w\" sizes=\"auto, (max-width: 1440px) 100vw, 1440px\" \/><\/p>\n<ul>\n<li>Vnitrost\u00e1tn\u00ed doprava<\/li>\n<li>Mezin\u00e1rodn\u00ed doprava<\/li>\n<li>Soukrom\u00e1 doprava<\/li>\n<li>Komer\u010dn\u00ed doprava<\/li>\n<li>Slu\u017eba \"door-to-door\" na m\u00edru<\/li>\n<li>R\u016fzn\u00e9 p\u0159epravn\u00ed velikosti<\/li>\n<li>Leteck\u00e1, n\u00e1mo\u0159n\u00ed a pozemn\u00ed doprava<\/li>\n<li>Celn\u00ed podpora<\/li>\n<li>Poji\u0161t\u011bn\u00ed<\/li>\n<li>Skladovac\u00ed prostory<\/li>\n<\/ul>\n<p>Logisfashion je mezin\u00e1rodn\u00ed logistick\u00e1 spole\u010dnost zalo\u017een\u00e1 v roce 1997, kter\u00e1 m\u00e1 pobo\u010dky v dev\u00edti zem\u00edch sv\u011bta a kancel\u00e1\u0159 v Panam\u011b. Je \u010dlenem IAM s 42letou tradic\u00ed, kter\u00e1 j\u00ed umo\u017e\u0148uje p\u0159\u00edstup k mezin\u00e1rodn\u00ed s\u00edti st\u011bhovac\u00edch agent\u016f.<\/p>\n<p>Spole\u010dnost Logisfashion nab\u00edz\u00ed mezin\u00e1rodn\u00ed leteckou, n\u00e1mo\u0159n\u00ed a pozemn\u00ed p\u0159epravu, kter\u00e1 zahrnuje p\u0159epravu cel\u00fdch kontejner\u016f a m\u00e9n\u011b ne\u017e kontejnerov\u00fdch z\u00e1silek. Poskytuje slu\u017eby na m\u00edru od dve\u0159\u00ed ke dve\u0159\u00edm s mo\u017enost\u00ed sledov\u00e1n\u00ed z\u00e1silek, celn\u00edm odbaven\u00edm a poji\u0161t\u011bn\u00edm zbo\u017e\u00ed. Nab\u00edz\u00ed tak\u00e9 skladovac\u00ed a skladovac\u00ed prostory pro podporu distribuce a dovozn\u00edch nebo v\u00fdvozn\u00edch \u010dinnost\u00ed.<\/p>\n<p>Webov\u00e9 str\u00e1nky: <a href=\"http:\/\/www.logisfashion.com\" target=\"_blank\" rel=\"noopener\">http:\/\/www.logisfashion.com<\/a><\/p>\n<h2><span class=\"ez-toc-section\" id=\"3_Mudanzas_Express\"><\/span><strong>3. Mudanzas Express<\/strong><span class=\"ez-toc-section-end\"><\/span><\/h2>\n<p><img loading=\"lazy\" decoding=\"async\" class=\"alignnone size-full wp-image-8833\" src=\"https:\/\/moverdb.com\/wp-content\/uploads\/Mudanzas-Express-international-moving-company.png\" alt=\"Mudanzas Express mezin\u00e1rodn\u00ed st\u011bhov\u00e1n\u00ed spole\u010dnost\" width=\"1440\" height=\"686\" data-wp-pid=\"8833\" srcset=\"https:\/\/moverdb.com\/wp-content\/uploads\/Mudanzas-Express-international-moving-company.png 1440w, https:\/\/moverdb.com\/wp-content\/uploads\/Mudanzas-Express-international-moving-company-300x143.png 300w, https:\/\/moverdb.com\/wp-content\/uploads\/Mudanzas-Express-international-moving-company-1024x488.png 1024w, https:\/\/moverdb.com\/wp-content\/uploads\/Mudanzas-Express-international-moving-company-18x9.png 18w, https:\/\/moverdb.com\/wp-content\/uploads\/Mudanzas-Express-international-moving-company-600x286.png 600w\" sizes=\"auto, (max-width: 1440px) 100vw, 1440px\" \/><\/p>\n<ul>\n<li>M\u00edstn\u00ed p\u0159esuny<\/li>\n<li>Mezin\u00e1rodn\u00ed p\u0159esuny<\/li>\n<li>St\u011bhov\u00e1n\u00ed dom\u00e1cnost\u00ed<\/li>\n<li>Obchodn\u00ed a kancel\u00e1\u0159sk\u00e9 st\u011bhov\u00e1n\u00ed<\/li>\n<li>Slu\u017eba od dve\u0159\u00ed ke dve\u0159\u00edm<\/li>\n<li>Proces \u0159\u00edzen\u00ed pod dohledem<\/li>\n<li>Balic\u00ed slu\u017eba<\/li>\n<li>Leteck\u00e1 a n\u00e1mo\u0159n\u00ed doprava<\/li>\n<li>Celn\u00ed zprost\u0159edkov\u00e1n\u00ed<\/li>\n<li>P\u0159eprava autem<\/li>\n<\/ul>\n<p>Mudanzas Express je mezin\u00e1rodn\u00ed st\u011bhovac\u00ed spole\u010dnost se s\u00eddlem v Tocumenu, kter\u00e1 m\u00e1 v\u00edce ne\u017e 12 let zku\u0161enost\u00ed. Je \u010dlenem IAM s 15letou prax\u00ed a d\u00edky tomu m\u00e1 k dispozici mezin\u00e1rodn\u00ed s\u00ed\u0165 st\u011bhovac\u00edch agent\u016f, kte\u0159\u00ed ji podporuj\u00ed p\u0159i poskytov\u00e1n\u00ed slu\u017eeb mimo Panamu.<\/p>\n<p>Mudanzas Express nab\u00edz\u00ed st\u011bhovac\u00ed slu\u017eby pro ty, kte\u0159\u00ed se st\u011bhuj\u00ed do Panamy nebo z Panamy, a poskytuje slu\u017eby od dve\u0159\u00ed ke dve\u0159\u00edm. Poskytuj\u00ed balic\u00ed slu\u017eby, kter\u00e9 chr\u00e1n\u00ed va\u0161e v\u011bci b\u011bhem p\u0159epravy, rozkl\u00e1daj\u00ed a montuj\u00ed n\u00e1bytek a manipuluj\u00ed s k\u0159ehk\u00fdmi p\u0159edm\u011bty a klav\u00edry.  Zajist\u00ed p\u0159epravu a \u0159\u00edd\u00ed cel\u00fd proces v\u010detn\u011b celn\u00edho zprost\u0159edkov\u00e1n\u00ed.<\/p>\n<p>Webov\u00e9 str\u00e1nky: <a href=\"http:\/\/www.mudanzasexpresspanama.com\" target=\"_blank\" rel=\"noopener\">http:\/\/www.mudanzasexpresspanama.com<\/a><\/p>\n<h2><span class=\"ez-toc-section\" id=\"4_Panama_Moving_Solutions\"><\/span><strong>4. Panama Moving Solutions<\/strong><span class=\"ez-toc-section-end\"><\/span><\/h2>\n<p><img loading=\"lazy\" decoding=\"async\" class=\"alignnone size-full wp-image-8843\" src=\"https:\/\/moverdb.com\/wp-content\/uploads\/Panama-Moving-Solutions-international-moving-company.png\" alt=\"Panama Moving Solutions mezin\u00e1rodn\u00ed st\u011bhov\u00e1n\u00ed spole\u010dnost\" width=\"1440\" height=\"681\" data-wp-pid=\"8843\" srcset=\"https:\/\/moverdb.com\/wp-content\/uploads\/Panama-Moving-Solutions-international-moving-company.png 1440w, https:\/\/moverdb.com\/wp-content\/uploads\/Panama-Moving-Solutions-international-moving-company-300x142.png 300w, https:\/\/moverdb.com\/wp-content\/uploads\/Panama-Moving-Solutions-international-moving-company-1024x484.png 1024w, https:\/\/moverdb.com\/wp-content\/uploads\/Panama-Moving-Solutions-international-moving-company-18x9.png 18w, https:\/\/moverdb.com\/wp-content\/uploads\/Panama-Moving-Solutions-international-moving-company-600x284.png 600w\" sizes=\"auto, (max-width: 1440px) 100vw, 1440px\" \/><\/p>\n<ul>\n<li>M\u00edstn\u00ed a vnitrost\u00e1tn\u00ed st\u011bhov\u00e1n\u00ed<\/li>\n<li>Mezin\u00e1rodn\u00ed st\u011bhov\u00e1n\u00ed<\/li>\n<li>St\u011bhov\u00e1n\u00ed dom\u00e1cnost\u00ed<\/li>\n<li>St\u011bhov\u00e1n\u00ed firem<\/li>\n<li>Door-to-door a door-to-<a href=\"https:\/\/moverdb.com\/cs\/top-49-container-ports\/\" data-internallinksmanager029f6b8e52c=\"80\" title=\"49 nejv\u011bt\u0161\u00edch a nejru\u0161n\u011bj\u0161\u00edch kontejnerov\u00fdch p\u0159\u00edstav\u016f v roce 2025\">p\u0159\u00edstav<\/a> slu\u017eby<\/li>\n<li>Balic\u00ed slu\u017eby<\/li>\n<li>Zaji\u0161t\u011bn\u00ed dopravy<\/li>\n<li>P\u0159eprava dom\u00e1c\u00edch zv\u00ed\u0159at<\/li>\n<li>P\u0159eprava vozidel<\/li>\n<li>Skladovac\u00ed prostory<\/li>\n<\/ul>\n<p>Panama Moving Solutions nab\u00edz\u00ed mezin\u00e1rodn\u00ed st\u011bhov\u00e1n\u00ed a n\u00e1kladn\u00ed dopravu s v\u00edce ne\u017e 20 lety zku\u0161enost\u00ed a s\u00eddl\u00ed v Panama City. P\u0159i poskytov\u00e1n\u00ed slu\u017eeb spolupracuj\u00ed s mezin\u00e1rodn\u011b uzn\u00e1van\u00fdmi st\u011bhovac\u00edmi agenty a jsou \u010dlenem IAM s \u0161estiletou prax\u00ed.<\/p>\n<p>Panama Moving Solutions nab\u00edz\u00ed st\u011bhov\u00e1n\u00ed na m\u00edru v r\u00e1mci Panamy, do Panamy a z Panamy, kter\u00e9 m\u016f\u017ee prob\u00edhat formou door-to-door nebo door-to-port. Poskytuj\u00ed balic\u00ed slu\u017eby, p\u0159i nich\u017e pou\u017e\u00edvaj\u00ed nejlep\u0161\u00ed obalov\u00e9 produkty a nejnov\u011bj\u0161\u00ed balic\u00ed techniky, kter\u00e9 sni\u017euj\u00ed po\u0161kozen\u00ed a vlhkost. Nab\u00edz\u00ed dal\u0161\u00ed slu\u017eby, kter\u00e9 zahrnuj\u00ed p\u0159epravu dom\u00e1c\u00edch zv\u00ed\u0159at a vozidel a skladov\u00e1n\u00ed.<\/p>\n<p>Webov\u00e9 str\u00e1nky: <a href=\"http:\/\/www.pmovings.com\" target=\"_blank\" rel=\"noopener\">http:\/\/www.pmovings.com<\/a><\/p>\n<h2><span class=\"ez-toc-section\" id=\"5_Panama_Packing_Storage\"><\/span><strong>5. Balen\u00ed a skladov\u00e1n\u00ed v Panam\u011b<\/strong><span class=\"ez-toc-section-end\"><\/span><\/h2>\n<p><img loading=\"lazy\" decoding=\"async\" class=\"alignnone size-full wp-image-8844\" src=\"https:\/\/moverdb.com\/wp-content\/uploads\/Panama-Packing-Storage-international-moving-company.png\" alt=\"Panama Balen\u00ed &amp; Storage mezin\u00e1rodn\u00ed st\u011bhov\u00e1n\u00ed spole\u010dnost\" width=\"1440\" height=\"682\" data-wp-pid=\"8844\" srcset=\"https:\/\/moverdb.com\/wp-content\/uploads\/Panama-Packing-Storage-international-moving-company.png 1440w, https:\/\/moverdb.com\/wp-content\/uploads\/Panama-Packing-Storage-international-moving-company-300x142.png 300w, https:\/\/moverdb.com\/wp-content\/uploads\/Panama-Packing-Storage-international-moving-company-1024x485.png 1024w, https:\/\/moverdb.com\/wp-content\/uploads\/Panama-Packing-Storage-international-moving-company-18x9.png 18w, https:\/\/moverdb.com\/wp-content\/uploads\/Panama-Packing-Storage-international-moving-company-600x284.png 600w\" sizes=\"auto, (max-width: 1440px) 100vw, 1440px\" \/><\/p>\n<ul>\n<li>M\u00edstn\u00ed p\u0159esuny<\/li>\n<li>Mezin\u00e1rodn\u00ed p\u0159esuny<\/li>\n<li>St\u011bhov\u00e1n\u00ed dom\u00e1cnost\u00ed<\/li>\n<li>Kancel\u00e1\u0159sk\u00e9 slu\u017eby<\/li>\n<li>Slu\u017eby od dve\u0159\u00ed ke dve\u0159\u00edm nebo od dve\u0159\u00ed k p\u0159\u00edstavu<\/li>\n<li>Balic\u00ed slu\u017eba<\/li>\n<li>Silni\u010dn\u00ed, n\u00e1mo\u0159n\u00ed a leteck\u00e1 doprava<\/li>\n<li>Podpora importu a exportu<\/li>\n<li>Manipulace s v\u00fdtvarn\u00fdm um\u011bn\u00edm<\/li>\n<li>Kr\u00e1tkodob\u00e9 a\u017e dlouhodob\u00e9 skladovac\u00ed prostory<\/li>\n<\/ul>\n<p>Panama Packing &amp; Storage je latinskoamerick\u00e1 st\u011bhovac\u00ed spole\u010dnost, kter\u00e1 vznikla v roce 1971 a s\u00eddl\u00ed v Panama City. M\u00e1 celosv\u011btovou s\u00ed\u0165 st\u011bhovac\u00edch agent\u016f, kte\u0159\u00ed ji mohou podpo\u0159it sv\u00fdmi slu\u017ebami i mimo oblast jej\u00ed p\u016fsobnosti. Je \u010dlenem IAM a je akreditov\u00e1na u FIDI.<\/p>\n<p>Panama Packing &amp; Storage nab\u00edz\u00ed mezin\u00e1rodn\u00ed st\u011bhov\u00e1n\u00ed a m\u00edstn\u00ed st\u011bhov\u00e1n\u00ed, kter\u00e9 zahrnuje i manipulaci s um\u011bleck\u00fdmi d\u00edly. Poskytuj\u00ed balic\u00ed a vybalovac\u00ed slu\u017eby, kter\u00e9 zahrnuj\u00ed balen\u00ed a balen\u00ed k\u0159ehk\u00fdch p\u0159edm\u011bt\u016f. Nab\u00edzej\u00ed bezpe\u010dn\u00e9 skladovac\u00ed prostory, kter\u00e9 jsou vhodn\u00e9 pro kr\u00e1tkodob\u00e1 i dlouhodob\u00e1 \u0159e\u0161en\u00ed.<\/p>\n<p>Webov\u00e9 str\u00e1nky: <a href=\"http:\/\/www.panamapacking.com\" target=\"_blank\" rel=\"noopener\">http:\/\/www.panamapacking.com<\/a><\/p>","protected":false},"excerpt":{"rendered":"<p>Are you moving home or office within, to or from Panama? Then you may want to employ the services of a moving company to assist you with packing, organising transportation and arrangement of documentation for international moves. Below we have compiled a list of Panama based removal companies that are members of the International Association [&hellip;]<\/p>\n","protected":false},"author":4,"featured_media":0,"parent":190,"menu_order":0,"comment_status":"closed","ping_status":"closed","template":"","meta":{"_genesis_hide_title":false,"_genesis_hide_breadcrumbs":false,"_genesis_hide_singular_image":false,"_genesis_hide_footer_widgets":false,"_genesis_custom_body_class":"","_genesis_custom_post_class":"","_genesis_layout":"","footnotes":""},"class_list":{"0":"post-8908","1":"page","2":"type-page","3":"status-publish","5":"entry","6":"has-post-thumbnail"},"_links":{"self":[{"href":"https:\/\/moverdb.com\/cs\/wp-json\/wp\/v2\/pages\/8908","targetHints":{"allow":["GET"]}}],"collection":[{"href":"https:\/\/moverdb.com\/cs\/wp-json\/wp\/v2\/pages"}],"about":[{"href":"https:\/\/moverdb.com\/cs\/wp-json\/wp\/v2\/types\/page"}],"author":[{"embeddable":true,"href":"https:\/\/moverdb.com\/cs\/wp-json\/wp\/v2\/users\/4"}],"replies":[{"embeddable":true,"href":"https:\/\/moverdb.com\/cs\/wp-json\/wp\/v2\/comments?post=8908"}],"version-history":[{"count":1,"href":"https:\/\/moverdb.com\/cs\/wp-json\/wp\/v2\/pages\/8908\/revisions"}],"predecessor-version":[{"id":8909,"href":"https:\/\/moverdb.com\/cs\/wp-json\/wp\/v2\/pages\/8908\/revisions\/8909"}],"up":[{"embeddable":true,"href":"https:\/\/moverdb.com\/cs\/wp-json\/wp\/v2\/pages\/190"}],"wp:attachment":[{"href":"https:\/\/moverdb.com\/cs\/wp-json\/wp\/v2\/media?parent=8908"}],"curies":[{"name":"wp","href":"https:\/\/api.w.org\/{rel}","templated":true}]}}