{"id":8906,"date":"2023-04-27T14:30:32","date_gmt":"2023-04-27T14:30:32","guid":{"rendered":"https:\/\/moverdb.com\/?page_id=8906"},"modified":"2026-01-08T15:24:24","modified_gmt":"2026-01-08T15:24:24","slug":"moving-companies-paraguay","status":"publish","type":"page","link":"https:\/\/moverdb.com\/cs\/moving-companies\/moving-companies-paraguay\/","title":{"rendered":"3 nejlep\u0161\u00ed mezin\u00e1rodn\u00ed st\u011bhovac\u00ed spole\u010dnosti v Paraguayi"},"content":{"rendered":"<p>Pl\u00e1nujete st\u011bhov\u00e1n\u00ed v r\u00e1mci Paraguaye, do Paraguaye nebo z Paraguaye? Pokud pot\u0159ebujete pomoci s balen\u00edm a organizac\u00ed st\u011bhov\u00e1n\u00ed, zejm\u00e9na pokud se st\u011bhujete do jin\u00e9 zem\u011b a pot\u0159ebujete vy\u0159\u00eddit dovozn\u00ed\/v\u00fdvozn\u00ed dokumenty. N\u00ed\u017ee jsme pro v\u00e1s p\u0159ipravili seznam firem se s\u00eddlem v Paraguayi. <a href=\"https:\/\/moverdb.com\/cs\/international-removals\/\" data-internallinksmanager029f6b8e52c=\"27\" title=\"36 nejlep\u0161\u00edch mezin\u00e1rodn\u00edch st\u011bhovac\u00edch spole\u010dnost\u00ed ve Velk\u00e9 Brit\u00e1nii\">st\u011bhovac\u00ed firmy<\/a> kter\u00e9 jsou \u010dleny <a href=\"https:\/\/moverdb.com\/cs\/iam\/\" data-internallinksmanager029f6b8e52c=\"23\" title=\"Vysv\u011btlen\u00ed Mezin\u00e1rodn\u00ed asociace st\u011bhov\u00e1k\u016f (IAM)\">Mezin\u00e1rodn\u00ed asociace st\u011bhov\u00e1k\u016f<\/a> (IAM) a\/nebo <a href=\"https:\/\/moverdb.com\/cs\/fidi-faim\/\" data-internallinksmanager029f6b8e52c=\"16\" title=\"Vysv\u011btlen\u00ed FIDI a FAIM (FIDI Accredited International Mover)\">FIDI<\/a> Akreditovan\u00e9 mezin\u00e1rodn\u00ed st\u011bhov\u00e1n\u00ed (FAIM), kter\u00e9 by v\u00e1m mohlo pomoci se st\u011bhov\u00e1n\u00edm.<\/p>\n<h2><strong>1. Servimex<\/strong><\/h2>\n<p><img loading=\"lazy\" decoding=\"async\" class=\"alignnone size-full wp-image-8856\" src=\"https:\/\/moverdb.com\/wp-content\/uploads\/Servimex-international-moving-company.png\" alt=\"Servimex mezin\u00e1rodn\u00ed st\u011bhovac\u00ed spole\u010dnost\" width=\"1440\" height=\"674\" data-wp-pid=\"8856\" srcset=\"https:\/\/moverdb.com\/wp-content\/uploads\/Servimex-international-moving-company.png 1440w, https:\/\/moverdb.com\/wp-content\/uploads\/Servimex-international-moving-company-300x140.png 300w, https:\/\/moverdb.com\/wp-content\/uploads\/Servimex-international-moving-company-1024x479.png 1024w, https:\/\/moverdb.com\/wp-content\/uploads\/Servimex-international-moving-company-18x8.png 18w, https:\/\/moverdb.com\/wp-content\/uploads\/Servimex-international-moving-company-600x281.png 600w\" sizes=\"auto, (max-width: 1440px) 100vw, 1440px\" \/><\/p>\n<ul>\n<li>M\u00edstn\u00ed vnitrost\u00e1tn\u00ed st\u011bhov\u00e1n\u00ed<\/li>\n<li>Mezin\u00e1rodn\u00ed st\u011bhov\u00e1n\u00ed<\/li>\n<li>St\u011bhov\u00e1n\u00ed obytn\u00fdch budov<\/li>\n<li>St\u011bhov\u00e1n\u00ed kancel\u00e1\u0159\u00ed<\/li>\n<li>Slu\u017eby od dve\u0159\u00ed ke dve\u0159\u00edm<\/li>\n<li>Balic\u00ed slu\u017eba<\/li>\n<li>Silni\u010dn\u00ed, n\u00e1mo\u0159n\u00ed a leteck\u00e1 doprava<\/li>\n<li>Celn\u00ed odbaven\u00ed<\/li>\n<li>Poji\u0161t\u011bn\u00ed<\/li>\n<li>Skladovac\u00ed prostory<\/li>\n<\/ul>\n<p>Servimex je <a href=\"https:\/\/moverdb.com\/cs\/moving-companies\/\" data-internallinksmanager029f6b8e52c=\"79\" title=\"Top 25 Mezin\u00e1rodn\u00ed st\u011bhovac\u00ed spole\u010dnosti Online\">st\u011bhovac\u00ed spole\u010dnost<\/a> kter\u00e1 byla zalo\u017eena v roce 1979 a s\u00eddl\u00ed v Asunci\u00f3nu. Je \u010dlenem IAM se 44letou tradic\u00ed a je akreditov\u00e1na u FIDI, co\u017e j\u00ed umo\u017e\u0148uje p\u0159\u00edstup k mezin\u00e1rodn\u00ed s\u00edti st\u011bhovac\u00edch agent\u016f.<\/p>\n<p>Spole\u010dnost Servimex poskytuje balic\u00ed slu\u017eby pro dom\u00e1c\u00ed pot\u0159eby a um\u011bleck\u00e1 d\u00edla, kter\u00e1 budou zabalena do pr\u016fmyslov\u00fdch obal\u016f, aby byla chr\u00e1n\u011bna p\u0159i p\u0159eprav\u011b. Nab\u00edz\u00ed multimod\u00e1ln\u00ed \u0159e\u0161en\u00ed p\u0159epravy v\u010detn\u011b silni\u010dn\u00ed, n\u00e1mo\u0159n\u00ed a leteck\u00e9 p\u0159epravy s vyu\u017eit\u00edm kontejner\u016f a pom\u016f\u017ee s v\u00fdvozn\u00edm a dovozn\u00edm celn\u00edm odbaven\u00edm. Nab\u00edzej\u00ed st\u011bhovac\u00ed slu\u017eby v\u010detn\u011b imigra\u010dn\u00edch slu\u017eeb, orientace, pomoci p\u0159i usazov\u00e1n\u00ed, vyhled\u00e1v\u00e1n\u00ed bydli\u0161t\u011b a \u0161koly a asistence p\u0159i odjezdu.<\/p>\n<p>Webov\u00e9 str\u00e1nky: <a href=\"http:\/\/www.servimex.com.py\" target=\"_blank\" rel=\"noopener\">http:\/\/www.servimex.com.py<\/a><\/p>\n<h2><strong>2. Benkovics<\/strong><\/h2>\n<p><img loading=\"lazy\" decoding=\"async\" class=\"alignnone size-full wp-image-8766\" src=\"https:\/\/moverdb.com\/wp-content\/uploads\/Benkovics-international-moving-company.png\" alt=\"Benkovics mezin\u00e1rodn\u00ed st\u011bhov\u00e1n\u00ed spole\u010dnost\" width=\"1440\" height=\"679\" data-wp-pid=\"8766\" srcset=\"https:\/\/moverdb.com\/wp-content\/uploads\/Benkovics-international-moving-company.png 1440w, https:\/\/moverdb.com\/wp-content\/uploads\/Benkovics-international-moving-company-300x141.png 300w, https:\/\/moverdb.com\/wp-content\/uploads\/Benkovics-international-moving-company-1024x483.png 1024w, https:\/\/moverdb.com\/wp-content\/uploads\/Benkovics-international-moving-company-18x8.png 18w, https:\/\/moverdb.com\/wp-content\/uploads\/Benkovics-international-moving-company-600x283.png 600w\" sizes=\"auto, (max-width: 1440px) 100vw, 1440px\" \/><\/p>\n<ul>\n<li>Vnitrost\u00e1tn\u00ed st\u011bhov\u00e1n\u00ed<\/li>\n<li>Mezin\u00e1rodn\u00ed st\u011bhov\u00e1n\u00ed<\/li>\n<li>St\u011bhov\u00e1n\u00ed dom\u00e1cnost\u00ed<\/li>\n<li>Pr\u016fzkum p\u0159ed st\u011bhov\u00e1n\u00edm<\/li>\n<li>Pokyny pro st\u011bhov\u00e1n\u00ed<\/li>\n<li>Balic\u00ed slu\u017eba<\/li>\n<li>Pozemn\u00ed, leteck\u00e1 a n\u00e1mo\u0159n\u00ed doprava<\/li>\n<li>V\u00fdvozn\u00ed povolen\u00ed<\/li>\n<li>Poji\u0161t\u011bn\u00ed<\/li>\n<li>Kr\u00e1tkodob\u00e9 a dlouhodob\u00e9 skladov\u00e1n\u00ed<\/li>\n<\/ul>\n<p>Benkovics je st\u011bhovac\u00ed spole\u010dnost se s\u00eddlem v Asunci\u00f3nu. P\u0159i poskytov\u00e1n\u00ed sv\u00fdch slu\u017eeb v mezin\u00e1rodn\u00edm m\u011b\u0159\u00edtku spolupracuje s mezin\u00e1rodn\u011b akreditovan\u00fdmi st\u011bhovac\u00edmi agenturami po cel\u00e9m sv\u011bt\u011b. Je \u010dlenem IAM s 64letou tradic\u00ed.<\/p>\n<p>Spole\u010dnost Benkovics nab\u00edz\u00ed p\u0159edst\u011bhovac\u00ed prohl\u00eddku, p\u0159i kter\u00e9 posoud\u00ed objem va\u0161ich po\u017eadavk\u016f na st\u011bhov\u00e1n\u00ed a poskytne v\u00e1m odhad. Poskytuj\u00ed balic\u00ed slu\u017eby, p\u0159i kter\u00fdch pou\u017e\u00edvaj\u00ed nejkvalitn\u011bj\u0161\u00ed balic\u00ed materi\u00e1ly v\u010detn\u011b d\u0159ev\u011bn\u00fdch skelet\u016f a siln\u00fdch krabic, kter\u00e9 chr\u00e1n\u00ed va\u0161e v\u011bci. Jejich odborn\u00edci na logistiku zajist\u00ed p\u0159epravu po silnici, letecky nebo po mo\u0159i a pomohou s v\u00fdvozn\u00edm odbaven\u00edm. Po p\u0159\u00edjezdu z\u00e1silku vybal\u00ed a odstran\u00ed ve\u0161ker\u00fd odpad.<\/p>\n<p>Webov\u00e9 str\u00e1nky: <a href=\"http:\/\/www.benkovics.com.py\" target=\"_blank\" rel=\"noopener\">http:\/\/www.benkovics.com.py<\/a><\/p>\n<h2><strong>3. Asuncion Vanpack<\/strong><\/h2>\n<p><img loading=\"lazy\" decoding=\"async\" class=\"alignnone size-full wp-image-8761\" src=\"https:\/\/moverdb.com\/wp-content\/uploads\/Asuncion-Vanpack-international-moving-company.png\" alt=\"Asuncion Vanpack mezin\u00e1rodn\u00ed st\u011bhov\u00e1n\u00ed spole\u010dnost\" width=\"1440\" height=\"677\" data-wp-pid=\"8761\" srcset=\"https:\/\/moverdb.com\/wp-content\/uploads\/Asuncion-Vanpack-international-moving-company.png 1440w, https:\/\/moverdb.com\/wp-content\/uploads\/Asuncion-Vanpack-international-moving-company-300x141.png 300w, https:\/\/moverdb.com\/wp-content\/uploads\/Asuncion-Vanpack-international-moving-company-1024x481.png 1024w, https:\/\/moverdb.com\/wp-content\/uploads\/Asuncion-Vanpack-international-moving-company-18x8.png 18w, https:\/\/moverdb.com\/wp-content\/uploads\/Asuncion-Vanpack-international-moving-company-600x282.png 600w\" sizes=\"auto, (max-width: 1440px) 100vw, 1440px\" \/><\/p>\n<ul>\n<li>St\u011bhov\u00e1n\u00ed na n\u00e1rodn\u00ed \u00farovni<\/li>\n<li>Mezin\u00e1rodn\u00ed p\u0159esuny<\/li>\n<li>St\u011bhov\u00e1n\u00ed dom\u00e1cnost\u00ed<\/li>\n<li>Pr\u016fzkum v dom\u00e1cnosti<\/li>\n<li>Balic\u00ed slu\u017eba<\/li>\n<li>Specializovan\u00e9 obaly<\/li>\n<li>Zaji\u0161t\u011bn\u00ed dopravy<\/li>\n<li>Poji\u0161t\u011bn\u00ed<\/li>\n<li>Spr\u00e1va soubor\u016f<\/li>\n<li>Skladovac\u00ed prostory<\/li>\n<\/ul>\n<p>Asuncion Vanpack je dopravn\u00ed a logistick\u00e1 spole\u010dnost s v\u00edce ne\u017e 30 lety zku\u0161enost\u00ed se s\u00eddlem v Asunci\u00f3nu. Je \u010dlenem IAM s 35letou prax\u00ed, co\u017e j\u00ed poskytuje p\u0159\u00edstup k mezin\u00e1rodn\u00ed s\u00edti st\u011bhovac\u00edch agent\u016f, kte\u0159\u00ed ji podporuj\u00ed i mimo Paraguay.<\/p>\n<p>Spole\u010dnost Asuncion Vanpack provede pr\u016fzkum, aby zjistila objem va\u0161eho st\u011bhov\u00e1n\u00ed a doporu\u010dila v\u00e1m nejlep\u0161\u00ed mo\u017enosti st\u011bhov\u00e1n\u00ed a sestavila cenovou nab\u00eddku. Nab\u00edzej\u00ed balic\u00ed slu\u017eby, kter\u00e9 poskytuj\u00ed nejlep\u0161\u00ed obalov\u00e9 materi\u00e1ly pro ochranu va\u0161ich v\u011bc\u00ed b\u011bhem p\u0159epravy, a pou\u017e\u00edvaj\u00ed specifick\u00fd design obal\u016f pro ka\u017edou polo\u017eku a maj\u00ed truhl\u00e1\u0159stv\u00ed pro specializovan\u00e9 po\u017eadavky.<\/p>\n<p>Webov\u00e9 str\u00e1nky: <a href=\"http:\/\/www.asuncionvanpack.com\" target=\"_blank\" rel=\"noopener\">http:\/\/www.asuncionvanpack.com<\/a><\/p>","protected":false},"excerpt":{"rendered":"<p>Are you planning a move within, to or from Paraguay? If you need help with packing and organising your move especially if you are moving countries and need to complete import\/export paperwork. Below we have compiled a list of Paraguay based removal companies that are members of the International Association of Movers (IAM) and\/or FIDI [&hellip;]<\/p>\n","protected":false},"author":4,"featured_media":0,"parent":190,"menu_order":0,"comment_status":"closed","ping_status":"closed","template":"","meta":{"_genesis_hide_title":false,"_genesis_hide_breadcrumbs":false,"_genesis_hide_singular_image":false,"_genesis_hide_footer_widgets":false,"_genesis_custom_body_class":"","_genesis_custom_post_class":"","_genesis_layout":"","footnotes":""},"class_list":{"0":"post-8906","1":"page","2":"type-page","3":"status-publish","5":"entry","6":"has-post-thumbnail"},"_links":{"self":[{"href":"https:\/\/moverdb.com\/cs\/wp-json\/wp\/v2\/pages\/8906","targetHints":{"allow":["GET"]}}],"collection":[{"href":"https:\/\/moverdb.com\/cs\/wp-json\/wp\/v2\/pages"}],"about":[{"href":"https:\/\/moverdb.com\/cs\/wp-json\/wp\/v2\/types\/page"}],"author":[{"embeddable":true,"href":"https:\/\/moverdb.com\/cs\/wp-json\/wp\/v2\/users\/4"}],"replies":[{"embeddable":true,"href":"https:\/\/moverdb.com\/cs\/wp-json\/wp\/v2\/comments?post=8906"}],"version-history":[{"count":1,"href":"https:\/\/moverdb.com\/cs\/wp-json\/wp\/v2\/pages\/8906\/revisions"}],"predecessor-version":[{"id":8907,"href":"https:\/\/moverdb.com\/cs\/wp-json\/wp\/v2\/pages\/8906\/revisions\/8907"}],"up":[{"embeddable":true,"href":"https:\/\/moverdb.com\/cs\/wp-json\/wp\/v2\/pages\/190"}],"wp:attachment":[{"href":"https:\/\/moverdb.com\/cs\/wp-json\/wp\/v2\/media?parent=8906"}],"curies":[{"name":"wp","href":"https:\/\/api.w.org\/{rel}","templated":true}]}}