{"id":890,"date":"2016-08-29T10:10:27","date_gmt":"2016-08-29T10:10:27","guid":{"rendered":"http:\/\/moverdb.com\/?page_id=890"},"modified":"2026-01-08T15:20:31","modified_gmt":"2026-01-08T15:20:31","slug":"pearson","status":"publish","type":"page","link":"https:\/\/moverdb.com\/cs\/pearson\/","title":{"rendered":"Pearson Home Moving: Mezin\u00e1rodn\u00ed st\u011bhov\u00e1n\u00ed Recenze"},"content":{"rendered":"<p>Pearson Home Moving je st\u011bhovac\u00ed spole\u010dnost, kter\u00e1 sv\u00fdm klient\u016fm nab\u00edz\u00ed n\u00e1sleduj\u00edc\u00ed slu\u017eby. Za seznamem slu\u017eeb n\u00e1sleduje profil spole\u010dnosti a recenze.<\/p>\n<p><strong>Mezin\u00e1rodn\u00ed st\u011bhovac\u00ed slu\u017eby<\/strong><\/p>\n<ul>\n<li> Vyhrazen\u00fd mana\u017eer st\u011bhov\u00e1n\u00ed<\/li>\n<li> Slu\u017eba od dve\u0159\u00ed ke dve\u0159\u00edm<\/li>\n<li> Vyhrazen\u00fd vozov\u00fd park<\/li>\n<li> Profesion\u00e1ln\u00ed bali\u010di - demont\u00e1\u017e a balen\u00ed<\/li>\n<li> Dod\u00e1van\u00e9 obalov\u00e9 materi\u00e1ly<\/li>\n<li> <a href=\"https:\/\/moverdb.com\/cs\/kontejnerova-preprava\/\">Leteck\u00e1 nebo n\u00e1mo\u0159n\u00ed p\u0159eprava<\/a><\/li>\n<li> Celn\u00ed asistence<\/li>\n<li> Rozbalen\u00ed a op\u011btovn\u00e1 mont\u00e1\u017e<\/li>\n<li> P\u0159em\u00edst\u011bn\u00ed dom\u00e1c\u00edho mazl\u00ed\u010dka<\/li>\n<li> <a href=\"https:\/\/moverdb.com\/cs\/preprava-aut-a-lodni-doprava\/\">P\u0159em\u00edst\u011bn\u00ed vozidla<\/a><\/li>\n<li> \u00daklidov\u00e9 slu\u017eby<\/li>\n<li> Sjednan\u00e9 poji\u0161t\u011bn\u00ed<\/li>\n<li> Dostupn\u00e9 \u00falo\u017ei\u0161t\u011b<\/li>\n<\/ul>\n<h2>Pearson Home St\u011bhov\u00e1n\u00ed Profil spole\u010dnosti<\/h2>\n<p>Spole\u010dnost Pearson Home Moving byla zalo\u017eena v roce 1917 Edwardem Pearsonem a do dne\u0161n\u00edho dne provedla v\u00edce ne\u017e 250 000 \u00fasp\u011b\u0161n\u00fdch st\u011bhov\u00e1n\u00ed na v\u0161ech kontinentech, dokonce i na Antarktid\u011b. C\u00edlem Edwarda Pearsona bylo st\u00e1t se nejlep\u0161\u00edm <a href=\"https:\/\/moverdb.com\/cs\/international-removals\/\" data-internallinksmanager029f6b8e52c=\"27\" title=\"36 nejlep\u0161\u00edch mezin\u00e1rodn\u00edch st\u011bhovac\u00edch spole\u010dnost\u00ed ve Velk\u00e9 Brit\u00e1nii\">st\u011bhovac\u00ed spole\u010dnost<\/a> v oboru.<\/p>\n<p>Spole\u010dnost uv\u00e1d\u00ed, \u017ee za posledn\u00edch 100 let vybudovala jednu z nejlep\u0161\u00edch glob\u00e1ln\u00edch s\u00edt\u00ed st\u011bhovac\u00edch profesion\u00e1l\u016f na sv\u011bt\u011b. Spole\u010dnost Pearson Home Moving stav\u00ed sv\u00e9 klienty na prvn\u00ed m\u00edsto bez ohledu na to, o jak mal\u00e9 st\u011bhov\u00e1n\u00ed se jedn\u00e1.<\/p>\n<p>Spole\u010dnost Pearson Home Moving se \u0159\u00edd\u00ed z\u00e1sadami ochrany \u017eivotn\u00edho prost\u0159ed\u00ed, v\u010detn\u011b pou\u017e\u00edv\u00e1n\u00ed ekologicky \u0161etrn\u00fdch v\u00fdrobk\u016f a recyklace, kdekoli je to mo\u017en\u00e9, a v\u017edy se sna\u017e\u00ed pou\u017e\u00edvat pln\u011b nalo\u017een\u00e1 vozidla, aby sn\u00ed\u017eila svou uhl\u00edkovou stopu.<\/p>\n<p>Maj\u00ed n\u00e1sleduj\u00edc\u00ed akreditace a afilace:<\/p>\n<ul>\n<li> <a href=\"https:\/\/moverdb.com\/cs\/britska-asociace-stehovaku\/\">Britsk\u00e1 asociace st\u011bhov\u00e1k\u016f<\/a> (<a href=\"https:\/\/moverdb.com\/cs\/british-association-of-removers\/\" data-internallinksmanager029f6b8e52c=\"9\" title=\"Vysv\u011btlen\u00ed Britsk\u00e9 asociace st\u011bhov\u00e1k\u016f (BAR)\">BAR<\/a>)<\/li>\n<li> <a href=\"https:\/\/moverdb.com\/cs\/harmony-relocation-network\/\">Harmony Relocation Network<\/a><\/li>\n<li> DNV ISO9001<\/li>\n<li> <a href=\"https:\/\/moverdb.com\/cs\/fedemac\/\">Federace evropsk\u00fdch st\u011bhov\u00e1k\u016f<\/a> (<a href=\"https:\/\/moverdb.com\/cs\/fedemac\/\" data-internallinksmanager029f6b8e52c=\"15\" title=\"Vysv\u011btlen\u00ed Federace evropsk\u00fdch st\u011bhov\u00e1k\u016f (FEDEMAC)\">FEDEMAC<\/a>)<\/li>\n<li> <a href=\"https:\/\/moverdb.com\/cs\/fidi-faim\/\">FIDI<\/a><\/li>\n<\/ul>\n<h2>Pearson Home St\u011bhov\u00e1n\u00ed Recenze<\/h2>\n<p><strong>Pozitivn\u00ed:<\/strong><\/p>\n<ul>\n<li> \"Toto bylo na\u0161e 19. st\u011bhov\u00e1n\u00ed za posledn\u00edch 40 let. Nejlep\u0161\u00ed v historii, velmi profesion\u00e1ln\u00ed person\u00e1l kancel\u00e1\u0159e a st\u011bhov\u00e1ci byli prvot\u0159\u00eddn\u00ed. Dobr\u00e1 pr\u00e1ce! Firmu Pearson bychom v\u0161em v\u0159ele doporu\u010dili.\" - Peter prost\u0159ednictv\u00edm <a href=\"http:\/\/www.pearsonhomemoving.com\/\" target=\"_blank\" rel=\"noopener\">Pearson Home St\u011bhov\u00e1n\u00ed webov\u00e9 str\u00e1nky<\/a><\/li>\n<li> <em>\"Tato spole\u010dnost byla fantastick\u00e1 od za\u010d\u00e1tku do konce. Jejich cena byla opravdu konkurenceschopn\u00e1 a dali <a href=\"https:\/\/moverdb.com\/cs\/moving-to-the-united-states\/\" data-internallinksmanager029f6b8e52c=\"94\" title=\"St\u011bhujete se do Spojen\u00fdch st\u00e1t\u016f? 2022 \u017divotn\u00ed n\u00e1klady a tipy na st\u011bhov\u00e1n\u00ed\">n\u00e1s<\/a> vynikaj\u00edc\u00ed slu\u017eby.\"<\/em> - Steve prost\u0159ednictv\u00edm <a href=\"http:\/\/www.mymovingreviews.com\/movers\/pearson-home-moving-2276#56936\" target=\"_blank\" rel=\"noopener\">MyMovingReviews.com<\/a><\/li>\n<li> <em>\"P\u0159i st\u011bhov\u00e1n\u00ed jsme obdr\u017eeli velmi profesion\u00e1ln\u00ed slu\u017eby od spole\u010dnosti <a href=\"https:\/\/moverdb.com\/cs\/moving-to-germany\/\" data-internallinksmanager029f6b8e52c=\"321\" title=\"St\u011bhov\u00e1n\u00ed do N\u011bmecka? 2026 N\u00e1klady na bydlen\u00ed a tipy na st\u011bhov\u00e1n\u00ed\">N\u011bmecko<\/a> na <a href=\"https:\/\/moverdb.com\/cs\/moving-to-the-uk\/\" data-internallinksmanager029f6b8e52c=\"93\" title=\"St\u011bhujete se do Spojen\u00e9ho kr\u00e1lovstv\u00ed? 2022 \u017divotn\u00ed n\u00e1klady a tipy na st\u011bhov\u00e1n\u00ed\">UK<\/a>.\"<\/em> - Kerry prost\u0159ednictv\u00edm <a href=\"http:\/\/www.removalreviews.co.uk\/movingreviews\/home-move-to-uk-10941\" target=\"_blank\" rel=\"noopener\">Recenze st\u011bhov\u00e1n\u00ed<\/a><\/li>\n<li> \"<em>Skv\u011bl\u00fd z\u00e1kaznick\u00fd servis \/ skv\u011bl\u00e9 celkov\u00e9 slu\u017eby.\"<\/em> - Bruce prost\u0159ednictv\u00edm <a href=\"http:\/\/www.ciao.co.uk\/Pearson_Home_Moving__Review_6008009\" target=\"_blank\" rel=\"noopener\">Ciao!<\/a> <\/li>\n<\/ul>\n<p><strong>Negativn\u00ed:<\/strong><\/p>\n<ul>\n<li> <em>\"Dod\u00e1vka p\u0159i\u0161la o dva dny pozd\u011bji. Ch\u00e1peme, \u017ee na hranic\u00edch do\u0161lo k probl\u00e9m\u016fm a zdr\u017een\u00ed, kter\u00e9 nemohli ovlivnit, ale ne to, \u017ee jsme nebyli informov\u00e1ni o stavu dod\u00e1vky.\"<\/em> - Christoph prost\u0159ednictv\u00edm <a href=\"http:\/\/www.mymovingreviews.com\/movers\/pearson-home-moving-2276#57516\" target=\"_blank\" rel=\"noopener\">MyMovingReviews.com<\/a> <\/li>\n<li> <em>\"P\u0159i doru\u010den\u00ed byly moje krabice \u0161pinav\u00e9 a mokr\u00e9. V d\u016fsledku toho byly tak\u00e9 po\u0161kozen\u00e9.\"<\/em> - Harald in Glos prost\u0159ednictv\u00edm <a href=\"http:\/\/www.removalreviews.co.uk\/movingreviews\/never-again-10123\" target=\"_blank\" rel=\"noopener\">Recenze st\u011bhov\u00e1n\u00ed<\/a><\/li>\n<li> <em>\"Nakonec mi v\u011bci doru\u010dili v polovin\u011b z\u00e1\u0159\u00ed, 81 dn\u00ed po jejich vyzvednut\u00ed.\"<\/em> - Imoena prost\u0159ednictv\u00edm <a href=\"http:\/\/www.ciao.co.uk\/Pearson_Home_Moving__Review_6113468\" target=\"_blank\" rel=\"noopener\">Ciao!<\/a> <\/li>\n<\/ul>\n<div itemprop=\"review\" itemscope itemtype=\"http:\/\/schema.org\/Review\">\n<span itemprop=\"author\" itemscope=\"\" itemtype=\"http:\/\/schema.org\/Organization\"><span itemprop=\"name\">MoverDB.com<\/span><\/span> Online recenze webov\u00fdch str\u00e1nek pro <span itemprop=\"itemreviewed\" itemscope=\"\" itemtype=\"http:\/\/schema.org\/Brand\"><span itemprop=\"name\">Pearson Home St\u011bhov\u00e1n\u00ed<\/span><\/span>:<\/p>\n<ol>\n<li> Jasn\u00e9 kontaktn\u00ed \u00fadaje na webov\u00fdch str\u00e1nk\u00e1ch (v\u010detn\u011b telefonn\u00edho \u010d\u00edsla): <strong>Ano<\/strong><\/li>\n<li> Snadn\u00e9 z\u00edsk\u00e1n\u00ed <a href=\"https:\/\/moverdb.com\/cs\/citaty\/\">mezin\u00e1rodn\u00ed st\u011bhov\u00e1n\u00ed<\/a>? (Online formul\u00e1\u0159 \u017e\u00e1dosti o odhad): <strong>Ano<\/strong><\/li>\n<li> Jasn\u00e9 informace na webov\u00fdch str\u00e1nk\u00e1ch: <strong>N\u011bkter\u00e9 str\u00e1nky<\/strong>, a\u010dkoli jsou na str\u00e1nk\u00e1ch p\u0159ehledn\u00e9 kontaktn\u00ed informace a p\u0159ehled slu\u017eeb, chyb\u00ed podrobn\u00e9 informace o pl\u00e1nov\u00e1n\u00ed st\u011bhov\u00e1n\u00ed.<\/li>\n<li> \u010dlenstv\u00ed v mezin\u00e1rodn\u00edch uzn\u00e1van\u00fdch organizac\u00edch pohybliv\u00fdch aktivit: <strong>Ano<\/strong>, viz v\u00fd\u0161e.<\/li>\n<li> Seznam klient\u016f a\/nebo reference p\u0159edchoz\u00edch z\u00e1kazn\u00edk\u016f: <strong>Ano,<\/strong> Na str\u00e1nk\u00e1ch je n\u011bkolik referenc\u00ed z\u00e1kazn\u00edk\u016f.<\/li>\n<\/ol>\n<div itemprop=\"reviewRating\" itemscope itemtype=\"http:\/\/schema.org\/Rating\"><meta itemprop=\"worstRating\" content = \"0\" \/><meta itemprop=\"bestRating\" content=\"5\" \/><meta itemprop=\"ratingValue\" content=\"4.5\"><\/div>\n<p><strong>Celkov\u00e9 hodnocen\u00ed: 4,5\/5<\/strong><br \/>\n<strong>Datum recenze:<\/strong> <span itemprop=\"datePublished\" content=\"2016-08-29\">29\/08\/2016<\/span>\n<\/div>\n<p>V\u00edce o <a href=\"https:\/\/moverdb.com\/cs\/mezinarodni-stehovani\/\">mezin\u00e1rodn\u00ed st\u011bhov\u00e1n\u00ed<\/a> a na\u0161e <a href=\"https:\/\/moverdb.com\/cs\/recenze\/\">proces p\u0159ezkoum\u00e1n\u00ed<\/a>.<\/p>\n<p><strong>Webov\u00e9 str\u00e1nky:<\/strong> <a href=\"http:\/\/www.pearsonhomemoving.com\" target=\"_blank\" rel=\"noopener\">http:\/\/www.pearsonhomemoving.com<\/a><\/p>","protected":false},"excerpt":{"rendered":"<p>Pearson Home Moving are a removal and relocation company which offer the following services to their clients. The service list is followed by their company profile and reviews. International Home Moving Services Dedicated move manager Door to door service Dedicated vehicle fleet Professional packers &#8211; disassemble and pack Packing materials suppled Air freight or sea [&hellip;]<\/p>\n","protected":false},"author":1,"featured_media":0,"parent":0,"menu_order":0,"comment_status":"closed","ping_status":"closed","template":"","meta":{"_genesis_hide_title":false,"_genesis_hide_breadcrumbs":false,"_genesis_hide_singular_image":false,"_genesis_hide_footer_widgets":false,"_genesis_custom_body_class":"","_genesis_custom_post_class":"","_genesis_layout":"","footnotes":""},"class_list":{"0":"post-890","1":"page","2":"type-page","3":"status-publish","5":"entry"},"_links":{"self":[{"href":"https:\/\/moverdb.com\/cs\/wp-json\/wp\/v2\/pages\/890","targetHints":{"allow":["GET"]}}],"collection":[{"href":"https:\/\/moverdb.com\/cs\/wp-json\/wp\/v2\/pages"}],"about":[{"href":"https:\/\/moverdb.com\/cs\/wp-json\/wp\/v2\/types\/page"}],"author":[{"embeddable":true,"href":"https:\/\/moverdb.com\/cs\/wp-json\/wp\/v2\/users\/1"}],"replies":[{"embeddable":true,"href":"https:\/\/moverdb.com\/cs\/wp-json\/wp\/v2\/comments?post=890"}],"version-history":[{"count":6,"href":"https:\/\/moverdb.com\/cs\/wp-json\/wp\/v2\/pages\/890\/revisions"}],"predecessor-version":[{"id":6229,"href":"https:\/\/moverdb.com\/cs\/wp-json\/wp\/v2\/pages\/890\/revisions\/6229"}],"wp:attachment":[{"href":"https:\/\/moverdb.com\/cs\/wp-json\/wp\/v2\/media?parent=890"}],"curies":[{"name":"wp","href":"https:\/\/api.w.org\/{rel}","templated":true}]}}