{"id":8899,"date":"2023-04-27T14:32:24","date_gmt":"2023-04-27T14:32:24","guid":{"rendered":"https:\/\/moverdb.com\/?page_id=8899"},"modified":"2026-01-08T15:30:13","modified_gmt":"2026-01-08T15:30:13","slug":"moving-companies-nicaragua","status":"publish","type":"page","link":"https:\/\/moverdb.com\/cs\/moving-companies\/moving-companies-nicaragua\/","title":{"rendered":"Nejlep\u0161\u00ed mezin\u00e1rodn\u00ed st\u011bhovac\u00ed spole\u010dnosti v Nikaragui"},"content":{"rendered":"<p>Pl\u00e1nujete st\u011bhov\u00e1n\u00ed do Nikaraguy, z Nikaraguy nebo v r\u00e1mci zem\u011b? Pak pro v\u00e1s m\u016f\u017ee b\u00fdt organizace a pap\u00edrov\u00e1n\u00ed n\u00e1ro\u010dn\u00e9 a mo\u017en\u00e1 budete cht\u00edt n\u011bjakou podporu. <a href=\"https:\/\/moverdb.com\/cs\/moving-companies\/\" data-internallinksmanager029f6b8e52c=\"79\" title=\"Top 25 Mezin\u00e1rodn\u00ed st\u011bhovac\u00ed spole\u010dnosti Online\">st\u011bhovac\u00ed spole\u010dnost<\/a> m\u016f\u017ee pomoci sn\u00ed\u017eit pracovn\u00ed z\u00e1t\u011b\u017e. N\u00ed\u017ee jsme sestavili seznam <a href=\"https:\/\/moverdb.com\/cs\/moving-companies\/moving-companies-mauritius\/\" data-internallinksmanager029f6b8e52c=\"291\" title=\"6 Nejlep\u0161\u00ed mezin\u00e1rodn\u00ed st\u011bhovac\u00ed spole\u010dnosti na Mauriciu\">Mauricius<\/a> na adrese <a href=\"https:\/\/moverdb.com\/cs\/international-removals\/\" data-internallinksmanager029f6b8e52c=\"27\" title=\"36 nejlep\u0161\u00edch mezin\u00e1rodn\u00edch st\u011bhovac\u00edch spole\u010dnost\u00ed ve Velk\u00e9 Brit\u00e1nii\">st\u011bhovac\u00ed firmy<\/a> kter\u00e9 jsou \u010dleny <a href=\"https:\/\/moverdb.com\/cs\/iam\/\" data-internallinksmanager029f6b8e52c=\"23\" title=\"Vysv\u011btlen\u00ed Mezin\u00e1rodn\u00ed asociace st\u011bhov\u00e1k\u016f (IAM)\">Mezin\u00e1rodn\u00ed asociace st\u011bhov\u00e1k\u016f<\/a> (IAM) a\/nebo <a href=\"https:\/\/moverdb.com\/cs\/fidi-faim\/\" data-internallinksmanager029f6b8e52c=\"16\" title=\"Vysv\u011btlen\u00ed FIDI a FAIM (FIDI Accredited International Mover)\">FIDI<\/a> Akreditovan\u00e9 mezin\u00e1rodn\u00ed st\u011bhov\u00e1n\u00ed (FAIM), kter\u00e9 by v\u00e1m mohlo pomoci se st\u011bhov\u00e1n\u00edm.<\/p>\n<h2><strong>Mudanzas Mundiales<\/strong><\/h2>\n<p><img loading=\"lazy\" decoding=\"async\" class=\"alignnone size-full wp-image-8834\" src=\"https:\/\/moverdb.com\/wp-content\/uploads\/Mudanzas-Mundiales-international-moving-company-1.png\" alt=\"Mudanzas Mundiales mezin\u00e1rodn\u00ed st\u011bhov\u00e1n\u00ed spole\u010dnost\" width=\"1440\" height=\"681\" data-wp-pid=\"8834\" srcset=\"https:\/\/moverdb.com\/wp-content\/uploads\/Mudanzas-Mundiales-international-moving-company-1.png 1440w, https:\/\/moverdb.com\/wp-content\/uploads\/Mudanzas-Mundiales-international-moving-company-1-300x142.png 300w, https:\/\/moverdb.com\/wp-content\/uploads\/Mudanzas-Mundiales-international-moving-company-1-1024x484.png 1024w, https:\/\/moverdb.com\/wp-content\/uploads\/Mudanzas-Mundiales-international-moving-company-1-18x9.png 18w, https:\/\/moverdb.com\/wp-content\/uploads\/Mudanzas-Mundiales-international-moving-company-1-600x284.png 600w\" sizes=\"auto, (max-width: 1440px) 100vw, 1440px\" \/><\/p>\n<ul>\n<li>M\u00edstn\u00ed a vnitrost\u00e1tn\u00ed p\u0159esuny<\/li>\n<li>Mezin\u00e1rodn\u00ed p\u0159esuny<\/li>\n<li>St\u011bhov\u00e1n\u00ed do obytn\u00fdch prostor<\/li>\n<li>Komer\u010dn\u00ed p\u0159esuny<\/li>\n<li>Slu\u017eby od dve\u0159\u00ed ke dve\u0159\u00edm<\/li>\n<li>Balic\u00ed slu\u017eba<\/li>\n<li>Celn\u00ed zprost\u0159edkov\u00e1n\u00ed<\/li>\n<li>Manipulace s um\u011bleck\u00fdmi d\u00edly<\/li>\n<li>P\u0159enos zv\u00ed\u0159ete<\/li>\n<li>Skladovac\u00ed prostory<\/li>\n<\/ul>\n<p>Mudanzas Mundiales je st\u011bhovac\u00ed, logistick\u00e1 a skladovac\u00ed spole\u010dnost s v\u00edce ne\u017e 60 lety zku\u0161enost\u00ed, kter\u00e1 s\u00eddl\u00ed ve m\u011bst\u011b Barrio Altagracia a m\u00e1 pobo\u010dku tak\u00e9 v <a href=\"https:\/\/moverdb.com\/cs\/moving-to-costa-rica\/\" data-internallinksmanager029f6b8e52c=\"427\" title=\"St\u011bhujete se na Kostariku? 2026 N\u00e1klady na bydlen\u00ed a tipy na p\u0159est\u011bhov\u00e1n\u00ed\">Kostarika<\/a>. Maj\u00ed vztahy s obchodn\u00edmi partnery po cel\u00e9m sv\u011bt\u011b, kte\u0159\u00ed jim pom\u00e1haj\u00ed poskytovat slu\u017eby v jin\u00fdch zem\u00edch, a jsou \u010dleny IAM.<\/p>\n<p>Spole\u010dnost Mudanzas Mundiales nab\u00edz\u00ed jedin\u00e9 kontaktn\u00ed m\u00edsto pro st\u011bhov\u00e1n\u00ed od dve\u0159\u00ed ke dve\u0159\u00edm, kter\u00e9 v\u00e1m pom\u016f\u017ee. Nab\u00edz\u00ed balic\u00ed slu\u017ebu, kter\u00e1 pou\u017e\u00edv\u00e1 vysoce kvalitn\u00ed materi\u00e1ly k ochran\u011b va\u0161ich v\u011bc\u00ed, a po p\u0159\u00edjezdu v\u00e1m vybal\u00ed a uspo\u0159\u00e1d\u00e1 n\u00e1bytek. Zajist\u00ed leteckou, n\u00e1mo\u0159n\u00ed i pozemn\u00ed p\u0159epravu se sledov\u00e1n\u00edm n\u00e1kladu a celn\u00edm zprost\u0159edkov\u00e1n\u00edm.<\/p>\n<p>Webov\u00e9 str\u00e1nky: <a href=\"http:\/\/www.mudanzasmundiales.com\" target=\"_blank\" rel=\"noopener\">http:\/\/www.mudanzasmundiales.com<\/a><\/p>","protected":false},"excerpt":{"rendered":"<p>Are you planning a move to or from Nicaragua or within the country? Then the organisation and paperwork might be daunting, and you may want some support, this is where a moving company can help reduce the workload. Below we have compiled a list of Mauritius based removal companies that are members of the International [&hellip;]<\/p>\n","protected":false},"author":4,"featured_media":0,"parent":190,"menu_order":0,"comment_status":"closed","ping_status":"closed","template":"","meta":{"_genesis_hide_title":false,"_genesis_hide_breadcrumbs":false,"_genesis_hide_singular_image":false,"_genesis_hide_footer_widgets":false,"_genesis_custom_body_class":"","_genesis_custom_post_class":"","_genesis_layout":"","footnotes":""},"class_list":{"0":"post-8899","1":"page","2":"type-page","3":"status-publish","5":"entry","6":"has-post-thumbnail"},"_links":{"self":[{"href":"https:\/\/moverdb.com\/cs\/wp-json\/wp\/v2\/pages\/8899","targetHints":{"allow":["GET"]}}],"collection":[{"href":"https:\/\/moverdb.com\/cs\/wp-json\/wp\/v2\/pages"}],"about":[{"href":"https:\/\/moverdb.com\/cs\/wp-json\/wp\/v2\/types\/page"}],"author":[{"embeddable":true,"href":"https:\/\/moverdb.com\/cs\/wp-json\/wp\/v2\/users\/4"}],"replies":[{"embeddable":true,"href":"https:\/\/moverdb.com\/cs\/wp-json\/wp\/v2\/comments?post=8899"}],"version-history":[{"count":1,"href":"https:\/\/moverdb.com\/cs\/wp-json\/wp\/v2\/pages\/8899\/revisions"}],"predecessor-version":[{"id":8900,"href":"https:\/\/moverdb.com\/cs\/wp-json\/wp\/v2\/pages\/8899\/revisions\/8900"}],"up":[{"embeddable":true,"href":"https:\/\/moverdb.com\/cs\/wp-json\/wp\/v2\/pages\/190"}],"wp:attachment":[{"href":"https:\/\/moverdb.com\/cs\/wp-json\/wp\/v2\/media?parent=8899"}],"curies":[{"name":"wp","href":"https:\/\/api.w.org\/{rel}","templated":true}]}}