{"id":8897,"date":"2023-04-27T14:33:01","date_gmt":"2023-04-27T14:33:01","guid":{"rendered":"https:\/\/moverdb.com\/?page_id=8897"},"modified":"2026-01-08T15:29:01","modified_gmt":"2026-01-08T15:29:01","slug":"moving-companies-norway","status":"publish","type":"page","link":"https:\/\/moverdb.com\/cs\/moving-companies\/moving-companies-norway\/","title":{"rendered":"5 nejlep\u0161\u00edch mezin\u00e1rodn\u00edch st\u011bhovac\u00edch spole\u010dnost\u00ed v Norsku"},"content":{"rendered":"<p>Pokud se st\u011bhujete z nebo do sv\u00e9ho domova nebo firmy v r\u00e1mci nebo z <a href=\"https:\/\/moverdb.com\/cs\/moving-to-norway\/\" data-internallinksmanager029f6b8e52c=\"325\" title=\"St\u011bhov\u00e1n\u00ed do Norska? 2026 N\u00e1klady na bydlen\u00ed a tipy na st\u011bhov\u00e1n\u00ed\">Norsko<\/a> pak byste mohli vyu\u017e\u00edt slu\u017eeb odborn\u00edka na <a href=\"https:\/\/moverdb.com\/cs\/moving-companies\/\" data-internallinksmanager029f6b8e52c=\"79\" title=\"Top 25 Mezin\u00e1rodn\u00ed st\u011bhovac\u00ed spole\u010dnosti Online\">st\u011bhovac\u00ed spole\u010dnost<\/a> aby v\u00e1m pomohl. Mohou v\u00e1m pomoci s balen\u00edm, organizac\u00ed p\u0159epravy a vy\u0159izov\u00e1n\u00edm dokument\u016f. N\u00ed\u017ee jsme pro v\u00e1s p\u0159ipravili seznam pobo\u010dek v Norsku. <a href=\"https:\/\/moverdb.com\/cs\/international-removals\/\" data-internallinksmanager029f6b8e52c=\"27\" title=\"36 nejlep\u0161\u00edch mezin\u00e1rodn\u00edch st\u011bhovac\u00edch spole\u010dnost\u00ed ve Velk\u00e9 Brit\u00e1nii\">st\u011bhovac\u00ed firmy<\/a> kter\u00e9 jsou \u010dleny <a href=\"https:\/\/moverdb.com\/cs\/iam\/\" data-internallinksmanager029f6b8e52c=\"23\" title=\"Vysv\u011btlen\u00ed Mezin\u00e1rodn\u00ed asociace st\u011bhov\u00e1k\u016f (IAM)\">Mezin\u00e1rodn\u00ed asociace st\u011bhov\u00e1k\u016f<\/a> (IAM) a\/nebo <a href=\"https:\/\/moverdb.com\/cs\/fidi-faim\/\" data-internallinksmanager029f6b8e52c=\"16\" title=\"Vysv\u011btlen\u00ed FIDI a FAIM (FIDI Accredited International Mover)\">FIDI<\/a> Akreditovan\u00e9 mezin\u00e1rodn\u00ed st\u011bhov\u00e1n\u00ed (FAIM), kter\u00e9 by v\u00e1m mohlo pomoci se st\u011bhov\u00e1n\u00edm.<\/p>\n<div id=\"ez-toc-container\" class=\"ez-toc-v2_0_83 ez-toc-wrap-left counter-hierarchy ez-toc-counter ez-toc-transparent ez-toc-container-direction\">\n<div class=\"ez-toc-title-container\">\n<p class=\"ez-toc-title\" style=\"cursor:inherit\">Sekce<\/p>\n<span class=\"ez-toc-title-toggle\"><a href=\"#\" class=\"ez-toc-pull-right ez-toc-btn ez-toc-btn-xs ez-toc-btn-default ez-toc-toggle\" aria-label=\"P\u0159epnut\u00ed tabulky obsahu\"><span class=\"ez-toc-js-icon-con\"><span class=\"\"><span class=\"eztoc-hide\" style=\"display:none;\">P\u0159ep\u00edna\u010d<\/span><span class=\"ez-toc-icon-toggle-span\"><svg style=\"fill: #999;color:#999\" xmlns=\"http:\/\/www.w3.org\/2000\/svg\" class=\"list-377408\" width=\"20px\" height=\"20px\" viewbox=\"0 0 24 24\" fill=\"none\"><path d=\"M6 6H4v2h2V6zm14 0H8v2h12V6zM4 11h2v2H4v-2zm16 0H8v2h12v-2zM4 16h2v2H4v-2zm16 0H8v2h12v-2z\" fill=\"currentColor\"><\/path><\/svg><svg style=\"fill: #999;color:#999\" class=\"arrow-unsorted-368013\" xmlns=\"http:\/\/www.w3.org\/2000\/svg\" width=\"10px\" height=\"10px\" viewbox=\"0 0 24 24\" version=\"1.2\" baseprofile=\"tiny\"><path d=\"M18.2 9.3l-6.2-6.3-6.2 6.3c-.2.2-.3.4-.3.7s.1.5.3.7c.2.2.4.3.7.3h11c.3 0 .5-.1.7-.3.2-.2.3-.5.3-.7s-.1-.5-.3-.7zM5.8 14.7l6.2 6.3 6.2-6.3c.2-.2.3-.5.3-.7s-.1-.5-.3-.7c-.2-.2-.4-.3-.7-.3h-11c-.3 0-.5.1-.7.3-.2.2-.3.5-.3.7s.1.5.3.7z\"\/><\/svg><\/span><\/span><\/span><\/a><\/span><\/div>\n<nav><ul class='ez-toc-list ez-toc-list-level-1 eztoc-toggle-hide-by-default' ><li class='ez-toc-page-1 ez-toc-heading-level-2'><a class=\"ez-toc-link ez-toc-heading-1\" href=\"https:\/\/moverdb.com\/cs\/moving-companies\/moving-companies-norway\/#1_Adams_Express\" >1. Adams Express<\/a><\/li><li class='ez-toc-page-1 ez-toc-heading-level-2'><a class=\"ez-toc-link ez-toc-heading-2\" href=\"https:\/\/moverdb.com\/cs\/moving-companies\/moving-companies-norway\/#2_Hakull\" >2. Hakull<\/a><\/li><li class='ez-toc-page-1 ez-toc-heading-level-2'><a class=\"ez-toc-link ez-toc-heading-3\" href=\"https:\/\/moverdb.com\/cs\/moving-companies\/moving-companies-norway\/#3_NFB_International_Relocations\" >3. Mezin\u00e1rodn\u00ed st\u011bhov\u00e1n\u00ed NFB<\/a><\/li><li class='ez-toc-page-1 ez-toc-heading-level-2'><a class=\"ez-toc-link ez-toc-heading-4\" href=\"https:\/\/moverdb.com\/cs\/moving-companies\/moving-companies-norway\/#4_SIRVA\" >4. SIRVA<\/a><\/li><li class='ez-toc-page-1 ez-toc-heading-level-2'><a class=\"ez-toc-link ez-toc-heading-5\" href=\"https:\/\/moverdb.com\/cs\/moving-companies\/moving-companies-norway\/#5_Vinjes\" >5. Vinjes<\/a><\/li><li class='ez-toc-page-1 ez-toc-heading-level-2'><a class=\"ez-toc-link ez-toc-heading-6\" href=\"https:\/\/moverdb.com\/cs\/moving-companies\/moving-companies-norway\/#Other_Useful_Guides_to_Norway\" >Dal\u0161\u00ed u\u017eite\u010dn\u00ed pr\u016fvodci Norskem<\/a><\/li><\/ul><\/nav><\/div>\n<h2><span class=\"ez-toc-section\" id=\"1_Adams_Express\"><\/span><strong>1. Adams Express<\/strong><span class=\"ez-toc-section-end\"><\/span><\/h2>\n<p><img loading=\"lazy\" decoding=\"async\" class=\"alignnone size-full wp-image-8750\" src=\"https:\/\/moverdb.com\/wp-content\/uploads\/Adams-Express-international-moving-company.png\" alt=\"Adams Express mezin\u00e1rodn\u00ed st\u011bhov\u00e1n\u00ed spole\u010dnost\" width=\"1440\" height=\"674\" data-wp-pid=\"8750\" srcset=\"https:\/\/moverdb.com\/wp-content\/uploads\/Adams-Express-international-moving-company.png 1440w, https:\/\/moverdb.com\/wp-content\/uploads\/Adams-Express-international-moving-company-300x140.png 300w, https:\/\/moverdb.com\/wp-content\/uploads\/Adams-Express-international-moving-company-1024x479.png 1024w, https:\/\/moverdb.com\/wp-content\/uploads\/Adams-Express-international-moving-company-18x8.png 18w, https:\/\/moverdb.com\/wp-content\/uploads\/Adams-Express-international-moving-company-600x281.png 600w\" sizes=\"auto, (max-width: 1440px) 100vw, 1440px\" \/><\/p>\n<ul>\n<li>St\u011bhov\u00e1n\u00ed na n\u00e1rodn\u00ed \u00farovni<\/li>\n<li>Mezin\u00e1rodn\u00ed p\u0159esuny<\/li>\n<li>St\u011bhov\u00e1n\u00ed dom\u00e1cnost\u00ed<\/li>\n<li>St\u011bhov\u00e1n\u00ed kancel\u00e1\u0159\u00ed<\/li>\n<li>Balic\u00ed slu\u017eba<\/li>\n<li>Zaji\u0161t\u011bn\u00ed dopravy<\/li>\n<li>Celn\u00ed odbaven\u00ed<\/li>\n<li>Manipulace s v\u00fdtvarn\u00fdm um\u011bn\u00edm<\/li>\n<li>Poji\u0161t\u011bn\u00ed<\/li>\n<li>Kr\u00e1tkodob\u00e9 a dlouhodob\u00e9 skladov\u00e1n\u00ed<\/li>\n<\/ul>\n<p>Adams Express je st\u011bhovac\u00ed, skladovac\u00ed a logistick\u00e1 spole\u010dnost, kter\u00e1 m\u00e1 pobo\u010dky v Bergenu, Oslu a Stavangeru. M\u00e1 rozs\u00e1hlou s\u00ed\u0165 agent\u016f po cel\u00e9m sv\u011bt\u011b, kte\u0159\u00ed j\u00ed mohou pomoci s mezin\u00e1rodn\u00edmi slu\u017ebami. Jsou \u010dlenem IAM se 125letou tradic\u00ed a jsou akreditov\u00e1ni FIDI.<\/p>\n<p>Adams Express nab\u00edz\u00ed st\u011bhovac\u00ed slu\u017eby od mal\u00fdch z\u00e1silek a\u017e po velk\u00e9 zak\u00e1zky. Poskytuj\u00ed slu\u017eby od dve\u0159\u00ed ke dve\u0159\u00edm, kter\u00e9 zahrnuj\u00ed kontrolu va\u0161ich v\u011bc\u00ed a pl\u00e1nov\u00e1n\u00ed st\u011bhov\u00e1n\u00ed. Nab\u00edzej\u00ed balic\u00ed slu\u017eby pro ochranu va\u0161ich v\u011bc\u00ed a po p\u0159\u00edjezdu je vybal\u00ed. P\u0159evezou va\u0161e v\u011bci na m\u00edsto ur\u010den\u00ed a pomohou v\u00e1m s celn\u00edm odbaven\u00edm a poji\u0161t\u011bn\u00edm.<\/p>\n<p>Webov\u00e9 str\u00e1nky: <a href=\"http:\/\/www.adamsexpress.no\" target=\"_blank\" rel=\"noopener\">http:\/\/www.adamsexpress.no<\/a><\/p>\n<h2><span class=\"ez-toc-section\" id=\"2_Hakull\"><\/span><strong>2. Hakull<\/strong><span class=\"ez-toc-section-end\"><\/span><\/h2>\n<p><img loading=\"lazy\" decoding=\"async\" class=\"alignnone size-full wp-image-8812\" src=\"https:\/\/moverdb.com\/wp-content\/uploads\/Hakull-international-moving-company.png\" alt=\"Hakull mezin\u00e1rodn\u00ed pohybuj\u00edc\u00ed se spole\u010dnost\" width=\"1440\" height=\"680\" data-wp-pid=\"8812\" srcset=\"https:\/\/moverdb.com\/wp-content\/uploads\/Hakull-international-moving-company.png 1440w, https:\/\/moverdb.com\/wp-content\/uploads\/Hakull-international-moving-company-300x142.png 300w, https:\/\/moverdb.com\/wp-content\/uploads\/Hakull-international-moving-company-1024x484.png 1024w, https:\/\/moverdb.com\/wp-content\/uploads\/Hakull-international-moving-company-18x9.png 18w, https:\/\/moverdb.com\/wp-content\/uploads\/Hakull-international-moving-company-600x283.png 600w\" sizes=\"auto, (max-width: 1440px) 100vw, 1440px\" \/><\/p>\n<ul>\n<li>M\u00edstn\u00ed a vnitrost\u00e1tn\u00ed st\u011bhov\u00e1n\u00ed<\/li>\n<li>Mezin\u00e1rodn\u00ed st\u011bhov\u00e1n\u00ed<\/li>\n<li>St\u011bhov\u00e1n\u00ed dom\u00e1cnost\u00ed<\/li>\n<li>St\u011bhov\u00e1n\u00ed kancel\u00e1\u0159\u00ed<\/li>\n<li>St\u011bhovac\u00ed slu\u017eby<\/li>\n<li>Slu\u017eba od dve\u0159\u00ed ke dve\u0159\u00edm<\/li>\n<li>Balic\u00ed slu\u017eba<\/li>\n<li>Silni\u010dn\u00ed, n\u00e1mo\u0159n\u00ed a leteck\u00e1 n\u00e1kladn\u00ed doprava<\/li>\n<li>Celn\u00ed odbaven\u00ed<\/li>\n<li>Skladovac\u00ed prostory<\/li>\n<\/ul>\n<p>Spole\u010dnost Hakull je mezin\u00e1rodn\u00ed p\u0159epravn\u00ed a st\u011bhovac\u00ed spole\u010dnost zalo\u017een\u00e1 v roce 1946 s pobo\u010dkami v Sandes, Kristiansandu, Oslu a Norresundby. Je \u010dlenem IAM se 77letou tradic\u00ed a je akreditov\u00e1na u FIDI.<\/p>\n<p>Spole\u010dnost Hakull nab\u00edz\u00ed st\u011bhovac\u00ed slu\u017eby pro r\u016fzn\u00e9 druhy zbo\u017e\u00ed v\u010detn\u011b n\u00e1bytku a v\u0161eho ostatn\u00edho ve va\u0161\u00ed dom\u00e1cnosti, a to se slu\u017ebou od dve\u0159\u00ed ke dve\u0159\u00edm. Poskytuj\u00ed balic\u00ed slu\u017eby, kter\u00e9 chr\u00e1n\u00ed va\u0161e v\u011bci p\u0159i p\u0159eprav\u011b. Zaji\u0161\u0165uj\u00ed p\u0159epravu po silnici, po mo\u0159i nebo leteckou p\u0159epravu, kter\u00e1 zahrnuje v\u00fdb\u011br kontejner\u016f, jako jsou pln\u00e9 a m\u00e9n\u011b ne\u017e pln\u00e9 kontejnery. Pomohou s celn\u00edm odbaven\u00edm a v p\u0159\u00edpad\u011b pot\u0159eby zajist\u00ed skladov\u00e1n\u00ed s poji\u0161t\u011bn\u00edm.<\/p>\n<p>Webov\u00e9 str\u00e1nky: <a href=\"http:\/\/www.haakull.no\" target=\"_blank\" rel=\"noopener\">http:\/\/www.haakull.no<\/a><\/p>\n<h2><span class=\"ez-toc-section\" id=\"3_NFB_International_Relocations\"><\/span><strong>3. Mezin\u00e1rodn\u00ed st\u011bhov\u00e1n\u00ed NFB<\/strong><span class=\"ez-toc-section-end\"><\/span><\/h2>\n<p><img loading=\"lazy\" decoding=\"async\" class=\"alignnone size-full wp-image-8837\" src=\"https:\/\/moverdb.com\/wp-content\/uploads\/NFB-International-Relocations-company.png\" alt=\"Spole\u010dnost NFB International Relocations\" width=\"1440\" height=\"677\" data-wp-pid=\"8837\" srcset=\"https:\/\/moverdb.com\/wp-content\/uploads\/NFB-International-Relocations-company.png 1440w, https:\/\/moverdb.com\/wp-content\/uploads\/NFB-International-Relocations-company-300x141.png 300w, https:\/\/moverdb.com\/wp-content\/uploads\/NFB-International-Relocations-company-1024x481.png 1024w, https:\/\/moverdb.com\/wp-content\/uploads\/NFB-International-Relocations-company-18x8.png 18w, https:\/\/moverdb.com\/wp-content\/uploads\/NFB-International-Relocations-company-600x282.png 600w\" sizes=\"auto, (max-width: 1440px) 100vw, 1440px\" \/><\/p>\n<ul>\n<li>St\u011bhov\u00e1n\u00ed na n\u00e1rodn\u00ed \u00farovni<\/li>\n<li>Mezin\u00e1rodn\u00ed p\u0159esuny<\/li>\n<li>St\u011bhov\u00e1n\u00ed dom\u00e1cnost\u00ed<\/li>\n<li>St\u011bhov\u00e1n\u00ed spole\u010dnosti<\/li>\n<li>Balic\u00ed slu\u017eba<\/li>\n<li>Silni\u010dn\u00ed, n\u00e1mo\u0159n\u00ed a leteck\u00e1 doprava<\/li>\n<li>Slu\u017eby \u00fadr\u017eb\u00e1\u0159\u016f a pokojsk\u00fdch<\/li>\n<li>Vyhled\u00e1v\u00e1n\u00ed v domovech a \u0161kol\u00e1ch<\/li>\n<li>Poji\u0161t\u011bn\u00ed tranzitu<\/li>\n<li>Kr\u00e1tkodob\u00e9 a dlouhodob\u00e9 skladov\u00e1n\u00ed<\/li>\n<\/ul>\n<p>NFB International Relocations je mezin\u00e1rodn\u00ed st\u011bhovac\u00ed spole\u010dnost se s\u00eddlem ve Skui. Spolupracuje s glob\u00e1ln\u00ed s\u00edt\u00ed profesion\u00e1ln\u00edch st\u011bhovac\u00edch firem po cel\u00e9m sv\u011bt\u011b ve 150 zem\u00edch a poskytuje mezin\u00e1rodn\u00ed slu\u017eby. Jsou \u010dlenem IAM s patn\u00e1ctiletou prax\u00ed a jsou akreditov\u00e1ni FIDI.<\/p>\n<p>NFB International Relocations nab\u00edz\u00ed st\u011bhovac\u00ed slu\u017eby od dve\u0159\u00ed ke dve\u0159\u00edm, kter\u00e9 za\u010d\u00ednaj\u00ed p\u0159edst\u011bhovac\u00ed prohl\u00eddkou. Nab\u00edz\u00ed \u0161irokou \u0161k\u00e1lu st\u011bhovac\u00edch slu\u017eeb v\u010detn\u011b balen\u00ed, p\u0159epravy v r\u00e1mci Norska, Evropy a mezin\u00e1rodn\u011b, slu\u017eeb \u0159\u00edzen\u00ed st\u011bhov\u00e1n\u00ed, slu\u017eeb \u00fadr\u017eb\u00e1\u0159\u016f a pokojsk\u00fdch, skladov\u00e1n\u00ed a poji\u0161t\u011bn\u00ed. Nab\u00edzej\u00ed st\u011bhovac\u00ed slu\u017eby, kter\u00e9 zahrnuj\u00ed vyhled\u00e1v\u00e1n\u00ed bydli\u0161t\u011b a \u0161koly, imigraci a v\u00edza, orientaci a pomoc p\u0159i registraci v m\u00edstn\u00edch slu\u017eb\u00e1ch.<\/p>\n<p>Webov\u00e9 str\u00e1nky: <a href=\"http:\/\/www.nfbir.com\" target=\"_blank\" rel=\"noopener\">http:\/\/www.nfbir.com<\/a><\/p>\n<h2><span class=\"ez-toc-section\" id=\"4_SIRVA\"><\/span><strong>4. SIRVA<\/strong><span class=\"ez-toc-section-end\"><\/span><\/h2>\n<p><img loading=\"lazy\" decoding=\"async\" class=\"alignnone size-full wp-image-8859\" src=\"https:\/\/moverdb.com\/wp-content\/uploads\/SIRVA-Norway-international-moving-company.png\" alt=\"SIRVA Norsko mezin\u00e1rodn\u00ed st\u011bhov\u00e1n\u00ed spole\u010dnost\" width=\"1440\" height=\"681\" data-wp-pid=\"8859\" srcset=\"https:\/\/moverdb.com\/wp-content\/uploads\/SIRVA-Norway-international-moving-company.png 1440w, https:\/\/moverdb.com\/wp-content\/uploads\/SIRVA-Norway-international-moving-company-300x142.png 300w, https:\/\/moverdb.com\/wp-content\/uploads\/SIRVA-Norway-international-moving-company-1024x484.png 1024w, https:\/\/moverdb.com\/wp-content\/uploads\/SIRVA-Norway-international-moving-company-18x9.png 18w, https:\/\/moverdb.com\/wp-content\/uploads\/SIRVA-Norway-international-moving-company-600x284.png 600w\" sizes=\"auto, (max-width: 1440px) 100vw, 1440px\" \/><\/p>\n<ul>\n<li>St\u011bhov\u00e1n\u00ed na n\u00e1rodn\u00ed \u00farovni<\/li>\n<li>Mezin\u00e1rodn\u00ed p\u0159esuny<\/li>\n<li>St\u011bhov\u00e1n\u00ed dom\u00e1cnost\u00ed<\/li>\n<li>Komer\u010dn\u00ed p\u0159esuny<\/li>\n<li>\u0158\u00edzen\u00ed od konce ke konci<\/li>\n<li>Odborn\u00edci na st\u011bhov\u00e1n\u00ed, kte\u0159\u00ed v\u00e1m porad\u00ed<\/li>\n<li>Jednotn\u00e9 kontaktn\u00ed m\u00edsto<\/li>\n<li>V\u00fdb\u011br mo\u017enost\u00ed balen\u00ed<\/li>\n<li>Zaji\u0161t\u011bn\u00ed dopravy<\/li>\n<li>Skladovac\u00ed prostory<\/li>\n<\/ul>\n<p>SIRVA je glob\u00e1ln\u00ed poskytovatel st\u011bhovac\u00edch a reloka\u010dn\u00edch slu\u017eeb, kter\u00fd m\u00e1 77 pobo\u010dek ve v\u00edce ne\u017e 190 zem\u00edch a kancel\u00e1\u0159e v Oslu a Stavangeru. Mezi jej\u00ed st\u011bhovac\u00ed zna\u010dky pat\u0159\u00ed SIRVA, Allied, North American Van Lines, SMARTBOX a dal\u0161\u00ed. Je \u010dlenem IAM se 46letou tradic\u00ed a je akreditov\u00e1na organizac\u00ed FIDI.<\/p>\n<p>Spole\u010dnost SIRVA vyu\u017e\u00edv\u00e1 k poskytov\u00e1n\u00ed sv\u00fdch slu\u017eeb nejmodern\u011bj\u0161\u00ed n\u00e1stroje a \u0159e\u0161en\u00ed. Nab\u00edz\u00ed kompletn\u00ed st\u011bhovac\u00ed slu\u017eby nebo st\u011bhovac\u00ed slu\u017eby \"ud\u011blej si s\u00e1m\". Specializuj\u00ed se na poskytov\u00e1n\u00ed slu\u017eeb podnik\u016fm, kter\u00e9 st\u011bhuj\u00ed zam\u011bstnance individu\u00e1ln\u011b nebo ve skupin\u00e1ch. Poskytuj\u00ed odborn\u00edky na st\u011bhov\u00e1n\u00ed, kte\u0159\u00ed v\u00e1s provedou cel\u00fdm procesem a budou jedin\u00fdm kontaktn\u00edm m\u00edstem.<\/p>\n<p>Webov\u00e9 str\u00e1nky: <a href=\"http:\/\/www.teamrelocations.com\" target=\"_blank\" rel=\"noopener\">http:\/\/www.teamrelocations.com<\/a><\/p>\n<h2><span class=\"ez-toc-section\" id=\"5_Vinjes\"><\/span><strong>5. Vinjes<\/strong><span class=\"ez-toc-section-end\"><\/span><\/h2>\n<p><img loading=\"lazy\" decoding=\"async\" class=\"alignnone size-full wp-image-8874\" src=\"https:\/\/moverdb.com\/wp-content\/uploads\/Vinjes-international-moving-company.png\" alt=\"Vinjes mezin\u00e1rodn\u00ed st\u011bhov\u00e1n\u00ed spole\u010dnost\" width=\"1440\" height=\"681\" data-wp-pid=\"8874\" srcset=\"https:\/\/moverdb.com\/wp-content\/uploads\/Vinjes-international-moving-company.png 1440w, https:\/\/moverdb.com\/wp-content\/uploads\/Vinjes-international-moving-company-300x142.png 300w, https:\/\/moverdb.com\/wp-content\/uploads\/Vinjes-international-moving-company-1024x484.png 1024w, https:\/\/moverdb.com\/wp-content\/uploads\/Vinjes-international-moving-company-18x9.png 18w, https:\/\/moverdb.com\/wp-content\/uploads\/Vinjes-international-moving-company-600x284.png 600w\" sizes=\"auto, (max-width: 1440px) 100vw, 1440px\" \/><\/p>\n<ul>\n<li>St\u011bhov\u00e1n\u00ed na n\u00e1rodn\u00ed \u00farovni<\/li>\n<li>Mezin\u00e1rodn\u00ed p\u0159esuny<\/li>\n<li>St\u011bhov\u00e1n\u00ed dom\u00e1cnost\u00ed<\/li>\n<li>St\u011bhov\u00e1n\u00ed kancel\u00e1\u0159\u00ed<\/li>\n<li>V\u00fdb\u011br mo\u017enost\u00ed balen\u00ed<\/li>\n<li>Balic\u00ed slu\u017eba<\/li>\n<li>Zaji\u0161t\u011bn\u00ed dopravy<\/li>\n<li>Pron\u00e1jem p\u0159\u00edv\u011bs\u016f<\/li>\n<li>Poji\u0161t\u011bn\u00ed<\/li>\n<li>Skladovac\u00ed prostory<\/li>\n<\/ul>\n<p>Spole\u010dnost Vinjes je p\u0159epravn\u00ed firma zalo\u017een\u00e1 v roce 1889, kter\u00e1 nab\u00edz\u00ed st\u011bhovac\u00ed a skladovac\u00ed slu\u017eby a s\u00eddl\u00ed ve m\u011bst\u011b Tiller. Spolupracuje s dal\u0161\u00edmi spolehliv\u00fdmi st\u011bhovac\u00edmi spole\u010dnostmi, kter\u00e9 jim pom\u00e1haj\u00ed p\u0159i poskytov\u00e1n\u00ed mezin\u00e1rodn\u00edch slu\u017eeb. Jsou \u010dlenem IAM se 134 lety p\u016fsoben\u00ed.<\/p>\n<p>Spole\u010dnost Vinjes nab\u00edz\u00ed r\u016fzn\u00e9 mo\u017enosti st\u011bhov\u00e1n\u00ed, mezi kter\u00e9 pat\u0159\u00ed balen\u00ed a pron\u00e1jem p\u0159\u00edv\u011bs\u016f pro vlastn\u00ed pot\u0159ebu, \u010d\u00e1ste\u010dn\u00e9 balen\u00ed a kompletn\u00ed balic\u00ed slu\u017eby. Jejich balic\u00ed slu\u017eby zahrnuj\u00ed bezpe\u010dn\u00e9 zabalen\u00ed va\u0161ich v\u011bc\u00ed do vhodn\u00fdch obalov\u00fdch materi\u00e1l\u016f a vybalen\u00ed na nov\u00e9 adrese. Poskytuj\u00ed tak\u00e9 poji\u0161t\u011bn\u00ed obsahu b\u011bhem st\u011bhov\u00e1n\u00ed a v p\u0159\u00edpad\u011b pot\u0159eby i skladovac\u00ed prostory.<\/p>\n<p>Webov\u00e9 str\u00e1nky: <a href=\"http:\/\/www.vinjes.no\" target=\"_blank\" rel=\"noopener\">http:\/\/www.vinjes.no<\/a><\/p>\n<h2><span class=\"ez-toc-section\" id=\"Other_Useful_Guides_to_Norway\"><\/span>Dal\u0161\u00ed u\u017eite\u010dn\u00ed pr\u016fvodci Norskem<span class=\"ez-toc-section-end\"><\/span><\/h2>\n<ul>\n<li> <a href=\"https:\/\/moverdb.com\/cs\/kontejnerova-preprava\/norsko\/\">2024 Sazby n\u00e1mo\u0159n\u00ed kontejnerov\u00e9 dopravy do a z Norska<\/a><\/li>\n<li> <a href=\"https:\/\/moverdb.com\/cs\/moving-to-norway\/\">St\u011bhov\u00e1n\u00ed do Norska? 2026 N\u00e1klady na bydlen\u00ed a tipy na st\u011bhov\u00e1n\u00ed<\/a><\/li>\n<li> <a href=\"https:\/\/moverdb.com\/cs\/moving-to-norway\/best-places-to-live-norway\/\">13 nejlep\u0161\u00edch m\u00edst k \u017eivotu v Norsku\/a&gt;<\/li>\n<li> <a href=\"https:\/\/moverdb.com\/cs\/moving-to-norway\/living-in-norway\/\">21 tajemstv\u00ed o \u017eivot\u011b v Norsku, kter\u00e1 je t\u0159eba zn\u00e1t p\u0159ed st\u011bhov\u00e1n\u00edm<\/a><\/li>\n<\/ul>","protected":false},"excerpt":{"rendered":"<p>If you are moving home or business within, to or from Norway then you may want to employ the services of a moving company to assist you. They can help you with packing, organising transportation and sorting out paperwork. Below we have compiled a list of Norway based removal companies that are members of the [&hellip;]<\/p>\n","protected":false},"author":4,"featured_media":0,"parent":190,"menu_order":0,"comment_status":"closed","ping_status":"closed","template":"","meta":{"_genesis_hide_title":false,"_genesis_hide_breadcrumbs":false,"_genesis_hide_singular_image":false,"_genesis_hide_footer_widgets":false,"_genesis_custom_body_class":"","_genesis_custom_post_class":"","_genesis_layout":"","footnotes":""},"class_list":{"0":"post-8897","1":"page","2":"type-page","3":"status-publish","5":"entry","6":"has-post-thumbnail"},"_links":{"self":[{"href":"https:\/\/moverdb.com\/cs\/wp-json\/wp\/v2\/pages\/8897","targetHints":{"allow":["GET"]}}],"collection":[{"href":"https:\/\/moverdb.com\/cs\/wp-json\/wp\/v2\/pages"}],"about":[{"href":"https:\/\/moverdb.com\/cs\/wp-json\/wp\/v2\/types\/page"}],"author":[{"embeddable":true,"href":"https:\/\/moverdb.com\/cs\/wp-json\/wp\/v2\/users\/4"}],"replies":[{"embeddable":true,"href":"https:\/\/moverdb.com\/cs\/wp-json\/wp\/v2\/comments?post=8897"}],"version-history":[{"count":2,"href":"https:\/\/moverdb.com\/cs\/wp-json\/wp\/v2\/pages\/8897\/revisions"}],"predecessor-version":[{"id":17049,"href":"https:\/\/moverdb.com\/cs\/wp-json\/wp\/v2\/pages\/8897\/revisions\/17049"}],"up":[{"embeddable":true,"href":"https:\/\/moverdb.com\/cs\/wp-json\/wp\/v2\/pages\/190"}],"wp:attachment":[{"href":"https:\/\/moverdb.com\/cs\/wp-json\/wp\/v2\/media?parent=8897"}],"curies":[{"name":"wp","href":"https:\/\/api.w.org\/{rel}","templated":true}]}}