{"id":889,"date":"2016-09-03T15:17:39","date_gmt":"2016-09-03T15:17:39","guid":{"rendered":"http:\/\/moverdb.com\/?page_id=889"},"modified":"2026-01-08T15:20:33","modified_gmt":"2026-01-08T15:20:33","slug":"pss-removals","status":"publish","type":"page","link":"https:\/\/moverdb.com\/cs\/pss-removals\/","title":{"rendered":"Mezin\u00e1rodn\u00ed st\u011bhov\u00e1n\u00ed PSS: St\u011bhovac\u00ed slu\u017eby a recenze"},"content":{"rendered":"<p>PSS <a href=\"https:\/\/moverdb.com\/cs\/international-removals\/\" data-internallinksmanager029f6b8e52c=\"27\" title=\"36 nejlep\u0161\u00edch mezin\u00e1rodn\u00edch st\u011bhovac\u00edch spole\u010dnost\u00ed ve Velk\u00e9 Brit\u00e1nii\">Mezin\u00e1rodn\u00ed st\u011bhov\u00e1n\u00ed<\/a> st\u011bhuje lidi do zahrani\u010d\u00ed ji\u017e v\u00edce ne\u017e 34 let. N\u00ed\u017ee jsou uvedeny r\u016fzn\u00e9 slu\u017eby, kter\u00e9 nab\u00edz\u00ed.<\/p>\n<p><strong>Mezin\u00e1rodn\u00ed st\u011bhov\u00e1n\u00ed<\/strong><\/p>\n<ul>\n<li> Slu\u017eby na m\u00edru do v\u011bt\u0161iny zem\u00ed<\/li>\n<li> Ur\u010den\u00fd koordin\u00e1tor pro mezin\u00e1rodn\u00ed st\u011bhov\u00e1n\u00ed<\/li>\n<li> Profesion\u00e1ln\u00ed bali\u010di nebo mo\u017enost vlastn\u00edho balen\u00ed<\/li>\n<li> Slu\u017eba od dve\u0159\u00ed ke dve\u0159\u00edm<\/li>\n<li> Sjednan\u00e9 poji\u0161t\u011bn\u00ed<\/li>\n<li> Poradenstv\u00ed o v\u0161ech aspektech c\u00edlov\u00e9 zem\u011b<\/li>\n<\/ul>\n<p><strong>Migra\u010dn\u00ed slu\u017eby<\/strong><br \/>\n<strong>Celn\u00ed informace\/dokumentace<\/strong><\/p>\n<p><strong><a href=\"https:\/\/moverdb.com\/cs\/kontejnerova-preprava\/\">Mezin\u00e1rodn\u00ed p\u0159eprava<\/a><\/strong><\/p>\n<ul>\n<li> N\u00e1mo\u0159n\u00ed nebo expresn\u00ed leteck\u00e1 p\u0159eprava<\/li>\n<li> Sjednan\u00e9 poji\u0161t\u011bn\u00ed<\/li>\n<\/ul>\n<p><strong>Expresn\u00ed z\u00e1silkov\u00e1 slu\u017eba Overseas Parcel Service<\/strong><\/p>\n<ul>\n<li> Expresn\u00ed doru\u010dov\u00e1n\u00ed bal\u00edk\u016f od dve\u0159\u00ed ke dve\u0159\u00edm pro nal\u00e9hav\u011b pot\u0159ebn\u00e9 zbo\u017e\u00ed<\/li>\n<\/ul>\n<p><strong>Nadm\u011brn\u00e1 zavazadla<\/strong><\/p>\n<ul>\n<li> Silni\u010dn\u00ed n\u00e1kladn\u00ed doprava (v r\u00e1mci Evropy) N\u00e1mo\u0159n\u00ed n\u00e1kladn\u00ed doprava nebo expresn\u00ed leteck\u00e1 n\u00e1kladn\u00ed doprava<\/li>\n<li> Vlastn\u00ed balen\u00ed<\/li>\n<li> Zabaleno pro v\u00e1s<\/li>\n<li> Sjednan\u00e9 poji\u0161t\u011bn\u00ed<\/li>\n<\/ul>\n<p><strong><a href=\"https:\/\/moverdb.com\/cs\/car-transport-shipping\/\" data-internallinksmanager029f6b8e52c=\"2\" title=\"2026 Mezin\u00e1rodn\u00ed p\u0159eprava automobil\u016f &amp; P\u0159eprava vozidel Citace\">P\u0159eprava automobil\u016f<\/a><\/strong><\/p>\n<ul>\n<li> Odesl\u00e1n\u00ed vozu samostatn\u011b<\/li>\n<li> P\u0159eprava automobilu ve stejn\u00e9m kontejneru jako v\u011bc\u00ed<\/li>\n<li> Sjednan\u00e9 poji\u0161t\u011bn\u00ed<\/li>\n<\/ul>\n<h2>Profil spole\u010dnosti PSS International Removals<\/h2>\n<p>Spole\u010dnost PSS International Removals se zab\u00fdv\u00e1 st\u011bhov\u00e1n\u00edm do zahrani\u010d\u00ed ji\u017e v\u00edce ne\u017e 34 let. Spole\u010dnost se zam\u011b\u0159uje na st\u011bhov\u00e1n\u00ed do zahrani\u010d\u00ed a neprov\u00e1d\u00ed st\u011bhov\u00e1n\u00ed v r\u00e1mci zem\u011b. <a href=\"https:\/\/moverdb.com\/cs\/moving-to-the-uk\/\" data-internallinksmanager029f6b8e52c=\"93\" title=\"St\u011bhujete se do Spojen\u00e9ho kr\u00e1lovstv\u00ed? 2022 \u017divotn\u00ed n\u00e1klady a tipy na st\u011bhov\u00e1n\u00ed\">UK<\/a>. <\/p>\n<p>Spole\u010dnost PSS International Removals p\u0159epravuje v\u011bci od jednoho kartonu a\u017e po velk\u00e9 dom\u00e1cnosti nebo dokonce velk\u00e9 firemn\u00ed st\u011bhov\u00e1n\u00ed. \u017d\u00e1dn\u00e9 st\u011bhov\u00e1n\u00ed nen\u00ed p\u0159\u00edli\u0161 komplikovan\u00e9 ani p\u0159\u00edli\u0161 velk\u00e9 \u010di mal\u00e9.<\/p>\n<p>Ka\u017ed\u00fd zam\u011bstnanec je vy\u0161kolen v oblasti v\u00fdvozn\u00edch postup\u016f a spolupracuje pouze s t\u011bmi nejlep\u0161\u00edmi profesion\u00e1ln\u00edmi st\u011bhovac\u00edmi spole\u010dnostmi v zahrani\u010d\u00ed, aby mohl poskytovat slu\u017eby na m\u00edru, kter\u00e9 slibuje. Pat\u0159\u00ed k nejv\u011bt\u0161\u00edm britsk\u00fdm <a href=\"https:\/\/moverdb.com\/cs\/mezinarodni-stehovani\/\">mezin\u00e1rodn\u00ed st\u011bhovac\u00ed spole\u010dnosti<\/a> a v roce 2015 p\u0159esunula 4 536 z\u00e1kazn\u00edk\u016f do zahrani\u010d\u00ed.<\/p>\n<p>Spole\u010dnost PSS International m\u00e1 n\u00e1sleduj\u00edc\u00ed akreditace a afilace:<\/p>\n<ul>\n<li> <a href=\"https:\/\/moverdb.com\/cs\/britska-asociace-stehovaku\/\">Britsk\u00e1 asociace st\u011bhov\u00e1k\u016f<\/a> (<a href=\"https:\/\/moverdb.com\/cs\/british-association-of-removers\/\" data-internallinksmanager029f6b8e52c=\"9\" title=\"Vysv\u011btlen\u00ed Britsk\u00e9 asociace st\u011bhov\u00e1k\u016f (BAR)\">BAR<\/a>)<\/li>\n<li> <a href=\"https:\/\/moverdb.com\/cs\/bar-overseas\/\">Britsk\u00e1 asociace st\u011bhov\u00e1k\u016f v z\u00e1mo\u0159\u00ed<\/a><\/li>\n<li> <a href=\"https:\/\/moverdb.com\/cs\/fidi-faim\/\">FIDI<\/a><\/li>\n<li> <a href=\"https:\/\/moverdb.com\/cs\/fidi-faim\/\" data-internallinksmanager029f6b8e52c=\"16\" title=\"Vysv\u011btlen\u00ed FIDI a FAIM (FIDI Accredited International Mover)\">FAIM<\/a><\/li>\n<\/ul>\n<p><strong>PSS Mezin\u00e1rodn\u00ed st\u011bhov\u00e1n\u00ed Recenze<\/strong><\/p>\n<p><strong>Pozitivn\u00ed<\/strong><\/p>\n<ul>\n<li> <em>\"V\u0161ichni byli velmi vst\u0159\u00edcn\u00ed a opravdu profesion\u00e1ln\u00ed. Nedok\u00e1\u017eu si p\u0159edstavit, \u017ee by tento den mohl prob\u011bhnout l\u00e9pe a hlad\u010deji. Byla jsem tak vystresovan\u00e1 a oni m\u011b dok\u00e1zali rozveselit. <a href=\"https:\/\/moverdb.com\/cs\/moving-to-the-united-states\/\" data-internallinksmanager029f6b8e52c=\"94\" title=\"St\u011bhujete se do Spojen\u00fdch st\u00e1t\u016f? 2022 \u017divotn\u00ed n\u00e1klady a tipy na st\u011bhov\u00e1n\u00ed\">n\u00e1s<\/a> nahoru. Opravdu profesion\u00e1ln\u00ed a mil\u00ed, p\u0159\u00e1tel\u0161t\u00ed lid\u00e9.Jsem opravdu ohromen.\"<\/em> - Ania prost\u0159ednictv\u00edm <a href=\"https:\/\/www.pssremovals.com\/reviews\" target=\"_blank\" rel=\"noopener\">Hodnocen\u00ed z\u00e1kazn\u00edk\u016f spole\u010dnosti PSS Removals<\/a><\/li>\n<li> <em>\"Spole\u010dnost PSS jsme vyu\u017eili na doporu\u010den\u00ed p\u0159\u00e1tel. M\u011bli jsme k dispozici v\u00fdhradn\u011b 20 stop dlouh\u00fd kontejner <a href=\"https:\/\/moverdb.com\/cs\/moving-to-australia\/living-in-australia\/\" data-internallinksmanager029f6b8e52c=\"240\" title=\"21 tajemstv\u00ed o \u017eivot\u011b v Austr\u00e1lii, kter\u00e1 je t\u0159eba zn\u00e1t p\u0159ed st\u011bhov\u00e1n\u00edm\">Austr\u00e1lie<\/a>. T\u00fdm, kter\u00fd p\u0159ijel a zabalil n\u00e1\u0161 d\u016fm, byl \u00fa\u017easn\u00fd - pracoval tak rychle. Kdy\u017e u\u017e byly na\u0161e v\u011bci na cest\u011b, tak jsem chv\u00edlemi panika\u0159ila, co bude rozbit\u00e9 nebo po\u0161kozen\u00e9, ale minul\u00fd t\u00fdden na\u0161e v\u011bci dorazily a v\u0161e vypad\u00e1 stejn\u011b jako p\u0159i balen\u00ed.\"<\/em> - Zoe prost\u0159ednictv\u00edm <a href=\"http:\/\/www.mymovingreviews.com\/movers\/pss-international-removals-1788#57593\" target=\"_blank\" rel=\"noopener\">MyMovingReviews.com<\/a> <\/li>\n<li> <em>\"Od za\u010d\u00e1tku a\u017e do konce jsem nemohl b\u00fdt se slu\u017ebou spokojen\u011bj\u0161\u00ed, proto\u017ee maj\u00ed vynikaj\u00edc\u00ed nastaven\u00ed a byli vst\u0159\u00edcn\u00ed a p\u0159\u00e1tel\u0161t\u00ed po celou dobu, co\u017e je n\u011bco, co \u0159\u00edk\u00e1, vzhledem k tomu, \u017ee jsme byli pravd\u011bpodobn\u011b nejv\u00edce neorganizovan\u00ed a vystresovan\u00ed lid\u00e9, kte\u0159\u00ed se kdy st\u011bhovali.\"<\/em> - Michelle prost\u0159ednictv\u00edm <a href=\"http:\/\/www.removalreviews.co.uk\/movingreviews\/good-company-8764\" target=\"_blank\" rel=\"noopener\">Recenze st\u011bhov\u00e1n\u00ed<\/a> <\/li>\n<\/ul>\n<p><strong>Negativn\u00ed<\/strong><\/p>\n<ul>\n<li> <em>\"Po\u017e\u00e1dal jsem o st\u011bhov\u00e1n\u00ed dom\u00e1c\u00edch pot\u0159eb z Velk\u00e9 Brit\u00e1nie do USA. A\u010dkoli jsem to ozn\u00e1mil velmi kr\u00e1tce a nevyplnil jsem formul\u00e1\u0159e v\u010das, nejsem spokojen s t\u00edm, \u017ee mi bylo v c\u00edlov\u00e9 destinaci \u00fa\u010dtov\u00e1no 400 americk\u00fdch dolar\u016f nav\u00edc za n\u00e1hodn\u00e9 rentgenov\u00e9 skenov\u00e1n\u00ed na celnici a opo\u017ed\u011bn\u00fd p\u0159\u00edjezd po 4 m\u011bs\u00edc\u00edch, kter\u00fd zahrnuje i dobu skladov\u00e1n\u00ed.\"<\/em> - Sanjay prost\u0159ednictv\u00edm <a href=\"http:\/\/www.mymovingreviews.com\/movers\/pss-international-removals-1788#57002\" target=\"_blank\" rel=\"noopener\">MyMovingReviews.com<\/a><\/li>\n<li> \"<em>Spole\u010dnost je tu jen proto, aby okr\u00e1dala lidi o jejich pen\u00edze!!!!!!\"<\/em> - Amir prost\u0159ednictv\u00edm <a href=\"http:\/\/www.removalreviews.co.uk\/movingreviews\/straight-up-con-6619\" target=\"_blank\" rel=\"noopener\">Recenze st\u011bhov\u00e1n\u00ed<\/a> <\/li>\n<\/ul>\n<div itemprop=\"review\" itemscope itemtype=\"http:\/\/schema.org\/Review\">\n<span itemprop=\"author\" itemscope=\"\" itemtype=\"http:\/\/schema.org\/Organization\"><span itemprop=\"name\">MoverDB.com<\/span><\/span> Online recenze webov\u00fdch str\u00e1nek pro <span itemprop=\"itemreviewed\" itemscope=\"\" itemtype=\"http:\/\/schema.org\/Brand\"><span itemprop=\"name\">Mezin\u00e1rodn\u00ed st\u011bhov\u00e1n\u00ed PSS<\/span><\/span>:<\/p>\n<ol>\n<li> Jasn\u00e9 kontaktn\u00ed \u00fadaje na webov\u00fdch str\u00e1nk\u00e1ch (v\u010detn\u011b telefonn\u00edho \u010d\u00edsla): <strong>Ano<\/strong><\/li>\n<li> Snadn\u00e9 z\u00edsk\u00e1n\u00ed <a href=\"https:\/\/moverdb.com\/cs\/citaty\/\">mezin\u00e1rodn\u00ed st\u011bhov\u00e1n\u00ed<\/a>? (Online formul\u00e1\u0159 \u017e\u00e1dosti o odhad): <strong>Ano<\/strong><\/li>\n<li> Jasn\u00e9 informace na webov\u00fdch str\u00e1nk\u00e1ch: <strong>Ano,<\/strong> mnoho podrobn\u00fdch informac\u00ed o ka\u017ed\u00e9 destinaci.<\/li>\n<li> \u010clenstv\u00ed v mezin\u00e1rodn\u00edch uzn\u00e1van\u00fdch organizac\u00edch pohybliv\u00fdch aktivit: <strong>Ano<\/strong>, viz v\u00fd\u0161e.<\/li>\n<li> Seznam klient\u016f a\/nebo reference p\u0159edchoz\u00edch z\u00e1kazn\u00edk\u016f: <strong>Ano,<\/strong> maj\u00ed str\u00e1nku s recenzemi z\u00e1kazn\u00edk\u016f a na jin\u00fdch webov\u00fdch str\u00e1nk\u00e1ch maj\u00ed obecn\u011b pozitivn\u00ed recenze.<\/li>\n<\/ol>\n<div itemprop=\"reviewRating\" itemscope itemtype=\"http:\/\/schema.org\/Rating\"><meta itemprop=\"worstRating\" content = \"0\" \/><meta itemprop=\"bestRating\" content=\"5\" \/><meta itemprop=\"ratingValue\" content=\"5\"><\/div>\n<p><strong>Celkov\u00e9 hodnocen\u00ed: 5\/5<\/strong><br \/>\n<strong>Datum recenze:<\/strong> <span itemprop=\"datePublished\" content=\"2016-09-03\">03\/09\/2016<\/span>\n<\/div>\n<p>V\u00edce o <a href=\"https:\/\/moverdb.com\/cs\/stehovani-spolecnosti\/\">mezin\u00e1rodn\u00ed st\u011bhovac\u00ed spole\u010dnosti<\/a> a na\u0161e <a href=\"https:\/\/moverdb.com\/cs\/recenze\/\">proces p\u0159ezkoum\u00e1n\u00ed<\/a>.<\/p>\n<p><strong>Webov\u00e9 str\u00e1nky:<\/strong> <a href=\"https:\/\/www.pssremovals.com\" target=\"_blank\" rel=\"noopener\">https:\/\/www.pssremovals.com<\/a>.<\/p>","protected":false},"excerpt":{"rendered":"<p>PSS International Removals has been moving people abroad for over 34 years. Listed below are the various services they offer. International Removals Bespoke service to most countries Designated international move co-ordinator Professional packers or self-pack option Door to door service Insurance arranged Advice on every aspect of destination country Migration Services Customs Information\/Documentation International Shipping [&hellip;]<\/p>\n","protected":false},"author":1,"featured_media":0,"parent":0,"menu_order":0,"comment_status":"closed","ping_status":"closed","template":"","meta":{"_genesis_hide_title":false,"_genesis_hide_breadcrumbs":false,"_genesis_hide_singular_image":false,"_genesis_hide_footer_widgets":false,"_genesis_custom_body_class":"","_genesis_custom_post_class":"","_genesis_layout":"","footnotes":""},"class_list":{"0":"post-889","1":"page","2":"type-page","3":"status-publish","5":"entry"},"_links":{"self":[{"href":"https:\/\/moverdb.com\/cs\/wp-json\/wp\/v2\/pages\/889","targetHints":{"allow":["GET"]}}],"collection":[{"href":"https:\/\/moverdb.com\/cs\/wp-json\/wp\/v2\/pages"}],"about":[{"href":"https:\/\/moverdb.com\/cs\/wp-json\/wp\/v2\/types\/page"}],"author":[{"embeddable":true,"href":"https:\/\/moverdb.com\/cs\/wp-json\/wp\/v2\/users\/1"}],"replies":[{"embeddable":true,"href":"https:\/\/moverdb.com\/cs\/wp-json\/wp\/v2\/comments?post=889"}],"version-history":[{"count":4,"href":"https:\/\/moverdb.com\/cs\/wp-json\/wp\/v2\/pages\/889\/revisions"}],"predecessor-version":[{"id":6230,"href":"https:\/\/moverdb.com\/cs\/wp-json\/wp\/v2\/pages\/889\/revisions\/6230"}],"wp:attachment":[{"href":"https:\/\/moverdb.com\/cs\/wp-json\/wp\/v2\/media?parent=889"}],"curies":[{"name":"wp","href":"https:\/\/api.w.org\/{rel}","templated":true}]}}