{"id":888,"date":"2016-08-31T21:15:38","date_gmt":"2016-08-31T21:15:38","guid":{"rendered":"http:\/\/moverdb.com\/?page_id=888"},"modified":"2026-01-08T14:47:24","modified_gmt":"2026-01-08T14:47:24","slug":"abels-removals","status":"publish","type":"page","link":"https:\/\/moverdb.com\/cs\/abels-removals\/","title":{"rendered":"St\u011bhovac\u00ed slu\u017eby Abels: Mezin\u00e1rodn\u00ed st\u011bhov\u00e1n\u00ed Recenze"},"content":{"rendered":"<p>Abels Moving Services s\u00eddl\u00ed v Brandonu, Suffolk, ale m\u00e1 za\u0159\u00edzen\u00ed v <a href=\"https:\/\/moverdb.com\/cs\/moving-to-london\/\">Lond\u00fdn<\/a>, <a href=\"\" data-internallinksmanager029f6b8e52c=\"37\" title=\"Cambridge\">Cambridge<\/a> a Lutterworthu, ale slou\u017e\u00ed cel\u00e9mu regionu. <a href=\"https:\/\/moverdb.com\/cs\/moving-to-the-uk\/\" data-internallinksmanager029f6b8e52c=\"93\" title=\"St\u011bhujete se do Spojen\u00e9ho kr\u00e1lovstv\u00ed? 2022 \u017divotn\u00ed n\u00e1klady a tipy na st\u011bhov\u00e1n\u00ed\">UK<\/a>. <\/p>\n<p>Sv\u00fdm klient\u016fm nab\u00edz\u00ed mnoho z\u00e1m\u011brn\u00fdch st\u011bhovac\u00edch slu\u017eeb, kter\u00e9 jsou uvedeny n\u00ed\u017ee. N\u00e1sleduje tak\u00e9 profil spole\u010dnosti a recenze spole\u010dnosti.<\/p>\n<p><strong>Mezin\u00e1rodn\u00ed p\u0159esuny<\/strong><\/p>\n<ul>\n<li> Leteck\u00e1 p\u0159eprava mal\u00fdch objem\u016f<\/li>\n<li> N\u00e1mo\u0159n\u00ed p\u0159eprava velk\u00fdch objem\u016f<\/li>\n<li> K dispozici je kompletn\u00ed spr\u00e1va st\u011bhov\u00e1n\u00ed<\/li>\n<li> Odstra\u0148ov\u00e1n\u00ed dom\u00e1c\u00edch zv\u00ed\u0159at<\/li>\n<li> St\u011bhov\u00e1n\u00ed automobil\u016f<\/li>\n<li> Slu\u017eba od dve\u0159\u00ed ke dve\u0159\u00edm<\/li>\n<li> Vysoce vy\u0161kolen\u00ed bali\u010di<\/li>\n<li> Vysoce kvalitn\u00ed obalov\u00e9 materi\u00e1ly<\/li>\n<li> Celn\u00ed asistence<\/li>\n<li> Dod\u00e1n\u00ed a vybalen\u00ed<\/li>\n<li> Informace o p\u0159em\u00edst\u011bn\u00ed<\/li>\n<li> Sjednan\u00e9 poji\u0161t\u011bn\u00ed<\/li>\n<li> \u00daklidov\u00e9 slu\u017eby<\/li>\n<li> Zahradn\u00ed slu\u017eby<\/li>\n<\/ul>\n<p><strong>St\u011bhovac\u00ed slu\u017eby<\/strong><\/p>\n<ul>\n<li> Pr\u016fvodci p\u0159em\u00edst\u011bn\u00edm do jin\u00e9 zem\u011b jsou k dispozici pro 60 zem\u00ed.<\/li>\n<li> Po\u010d\u00e1te\u010dn\u00ed posouzen\u00ed pot\u0159eb<\/li>\n<li> Orientace - n\u00e1kupy, z\u00e1bava, bankovnictv\u00ed, za\u0159\u00edzen\u00ed pro voln\u00fd \u010das<\/li>\n<li> P\u0159ehled vzd\u011bl\u00e1v\u00e1n\u00ed<\/li>\n<li> P\u0159ehled nemovitost\u00ed<\/li>\n<li> Pron\u00e1jem n\u00e1bytku<\/li>\n<li> P\u0159ipojen\u00ed k in\u017een\u00fdrsk\u00fdm s\u00edt\u00edm<\/li>\n<li> \u00daklidov\u00e9 slu\u017eby<\/li>\n<li> Zahradn\u00ed slu\u017eby<\/li>\n<\/ul>\n<p><strong>Evropsk\u00e9 pohyby<\/strong><\/p>\n<ul>\n<li> Slu\u017eba od dve\u0159\u00ed ke dve\u0159\u00edm<\/li>\n<li> Ve\u0161ker\u00e9 pap\u00edrov\u00e1n\u00ed vyplnila spole\u010dnost Abels<\/li>\n<li> Balen\u00ed a vybalov\u00e1n\u00ed<\/li>\n<li> Speci\u00e1ln\u00ed balic\u00ed materi\u00e1ly<\/li>\n<li> Kr\u00e1tkodob\u00e9 a dlouhodob\u00e9 skladov\u00e1n\u00ed<\/li>\n<li> Slu\u017eba osobn\u00edho asistenta - cokoli a cokoli<\/li>\n<li> Pr\u016fvodci p\u0159em\u00edst\u011bn\u00edm<\/li>\n<li> \u00daklidov\u00e9 slu\u017eby<\/li>\n<li> Zahradn\u00ed slu\u017eby<\/li>\n<\/ul>\n<p><strong>Balic\u00ed slu\u017eby<\/strong><\/p>\n<ul>\n<li> K\u0159ehk\u00e9 p\u0159edm\u011bty v\u010detn\u011b k\u0159i\u0161\u0165\u00e1lu, <a href=\"https:\/\/moverdb.com\/cs\/moving-to-china\/\" data-internallinksmanager029f6b8e52c=\"357\" title=\"St\u011bhov\u00e1n\u00ed do \u010c\u00edny? 2026 N\u00e1klady na bydlen\u00ed a tipy na st\u011bhov\u00e1n\u00ed\">\u010c\u00edna<\/a>, sklo atd.<\/li>\n<li> Obrazy, fotografie<\/li>\n<li> Oble\u010den\u00ed<\/li>\n<li> Staro\u017eitn\u00fd n\u00e1bytek, p\u0159edm\u011bty vysok\u00e9 hodnoty<\/li>\n<li> Obsah sk\u0159\u00edn\u00ed obecn\u011b<\/li>\n<\/ul>\n<p><strong>\u00dalo\u017ei\u0161t\u011b<\/strong><\/p>\n<ul>\n<li> Dlouhodob\u00e9 a kr\u00e1tkodob\u00e9<\/li>\n<li> Skladov\u00e1n\u00ed ve Velk\u00e9 Brit\u00e1nii, Evrop\u011b a z\u00e1mo\u0159\u00ed<\/li>\n<li> \u00da\u010delov\u00e9 stavby<\/li>\n<li> Optim\u00e1ln\u00ed prost\u0159ed\u00ed<\/li>\n<li> P\u0159\u00edsn\u00e9 protipo\u017e\u00e1rn\u00ed kontroly<\/li>\n<li> Pokryt\u00ed kamerov\u00fdm syst\u00e9mem<\/li>\n<li> St\u00e1l\u00e1 p\u0159\u00edtomnost bezpe\u010dnostn\u00edch slo\u017eek<\/li>\n<li> Kontejnery zape\u010det\u011bn\u00e9 p\u0159i svozu<\/li>\n<li> M\u011bkk\u00fd n\u00e1bytek skladovan\u00fd v ide\u00e1ln\u00edch teplotn\u00edch podm\u00ednk\u00e1ch<\/li>\n<li> Ukl\u00e1d\u00e1n\u00ed soubor\u016f a archiv\u016f<\/li>\n<li> Skladov\u00e1n\u00ed student\u016f<\/li>\n<\/ul>\n<p><strong>Specializovan\u00e9 slu\u017eby<\/strong><\/p>\n<ul>\n<li> St\u011bhov\u00e1n\u00ed firem a komer\u010dn\u00edch prostor<\/li>\n<li> Dokumentov\u00e9 slu\u017eby<\/li>\n<li> N\u00e1bytkov\u00e9 vybaven\u00ed a za\u0159\u00edzen\u00ed<\/li>\n<li> Maloobchodn\u00ed slu\u017eby a slu\u017eby dod\u00e1vek do domu<\/li>\n<li> Instalace n\u00e1bytku<\/li>\n<li> Instala\u010dn\u00ed \u0159e\u0161en\u00ed pro n\u00e1vrh\u00e1\u0159e interi\u00e9r\u016f a developery<\/li>\n<\/ul>\n<h2>Profil spole\u010dnosti Abels Moving Services<\/h2>\n<p>St\u011bhovac\u00ed slu\u017eby Abels za\u010daly jako rodinn\u00fd podnik v roce 1958 rozvozem zbo\u017e\u00ed do obchod\u016f. Od t\u00e9 doby se spole\u010dnost rozrostla a nyn\u00ed m\u00e1 1 500 servisn\u00edch st\u0159edisek v 56 zem\u00edch sv\u011bta. <\/p>\n<p>Spole\u010dnost z\u00edskala v roce 1989 kr\u00e1lovsk\u00fd zatyka\u010d Jej\u00edho Veli\u010denstva kr\u00e1lovny jako uzn\u00e1n\u00ed za sv\u00e9 slu\u017eby korun\u011b, mezi n\u011b\u017e pat\u0159ilo i st\u011bhov\u00e1n\u00ed v\u0161ech svatebn\u00edch dar\u016f prince Charlese a princezny Diany v roce 1981. <\/p>\n<p>Spole\u010dnost Abels Moving Services se py\u0161n\u00ed sv\u00fdmi speci\u00e1ln\u011b konstruovan\u00fdmi n\u00e1kladn\u00edmi vozy, kter\u00e9 jsou \u0161etrn\u00e9 k \u017eivotn\u00edmu prost\u0159ed\u00ed. V\u011b\u0159\u00ed, \u017ee se v\u011bnuj\u00ed komunit\u011b a podporuj\u00ed r\u016fzn\u00e9 charitativn\u00ed organizace po cel\u00e9m sv\u011bt\u011b. <\/p>\n<p>Pevn\u011b v\u011b\u0159\u00ed v bezprobl\u00e9mov\u00fd p\u0159\u00edstup ke klient\u016fm a v\u011b\u0159\u00ed, \u017ee \u00fasm\u011bv je na dlouhou tra\u0165.<\/p>\n<p>Spole\u010dnost Abels Moving Services m\u00e1 n\u00e1sleduj\u00edc\u00ed afiliace a akreditace:<\/p>\n<ul>\n<li> Kr\u00e1lovsk\u00fd zatyka\u010d na Jej\u00ed Veli\u010denstvo kr\u00e1lovnu<\/li>\n<li> <a href=\"https:\/\/moverdb.com\/cs\/fidi-faim\/\">FIDI<\/a><\/li>\n<li> <a href=\"https:\/\/moverdb.com\/cs\/fidi-faim\/\" data-internallinksmanager029f6b8e52c=\"16\" title=\"Vysv\u011btlen\u00ed FIDI a FAIM (FIDI Accredited International Mover)\">FAIM<\/a><\/li>\n<li> Investors in People<\/li>\n<li> <a href=\"https:\/\/moverdb.com\/cs\/britska-asociace-stehovaku\/\">Britsk\u00e1 asociace st\u011bhov\u00e1k\u016f<\/a> (<a href=\"https:\/\/moverdb.com\/cs\/british-association-of-removers\/\" data-internallinksmanager029f6b8e52c=\"9\" title=\"Vysv\u011btlen\u00ed Britsk\u00e9 asociace st\u011bhov\u00e1k\u016f (BAR)\">BAR<\/a>)<\/li>\n<li> <a href=\"https:\/\/moverdb.com\/cs\/bar-overseas\/\">Skupina BAR Overseas<\/a><\/li>\n<li> \u00da\u0159ad pro finan\u010dn\u00ed slu\u017eby<\/li>\n<li> <a href=\"https:\/\/moverdb.com\/cs\/fedemac\/\">Federace evropsk\u00fdch st\u011bhov\u00e1k\u016f<\/a> (<a href=\"https:\/\/moverdb.com\/cs\/fedemac\/\" data-internallinksmanager029f6b8e52c=\"15\" title=\"Vysv\u011btlen\u00ed Federace evropsk\u00fdch st\u011bhov\u00e1k\u016f (FEDEMAC)\">FEDEMAC<\/a>)<\/li>\n<li> Vz\u00e1jemn\u00e9 poji\u0161t\u011bn\u00ed mezin\u00e1rodn\u00edch p\u0159epravc\u016f (IMMI)<\/li>\n<li> BS EN ISO 9001<\/li>\n<\/ul>\n<h2>St\u011bhovac\u00ed slu\u017eby Abels<\/h2>\n<p><strong>Pozitivn\u00ed:<\/strong><\/p>\n<ul>\n<li> <em>\"St\u011bhovac\u00ed t\u00fdmy na obou stran\u00e1ch byly skv\u011bl\u00e9 - kompetentn\u00ed, pracovaly stabiln\u011b a byly prost\u011b p\u0159\u00edjemn\u00e9, opravdu n\u00e1pomocn\u00e9 nad r\u00e1mec toho, co bylo nezbytn\u011b nutn\u00e9.\"<\/em> - Pan\u00ed Jenson prost\u0159ednictv\u00edm <a href=\"http:\/\/www.abels.co.uk\/reviews\/\" target=\"_blank\" rel=\"noopener\">Str\u00e1nka hodnocen\u00ed z\u00e1kazn\u00edk\u016f spole\u010dnosti Abels<\/a>.<\/li>\n<li> <em>\"V\u0161ichni, s nimi\u017e jsem jednal v Abels, a\u0165 u\u017e po telefonu, e-mailem nebo osobn\u011b, byli velmi vst\u0159\u00edcn\u00ed, p\u0159\u00e1tel\u0161t\u00ed a efektivn\u00ed, ur\u010dit\u011b bych je znovu vyu\u017eil a bez v\u00e1h\u00e1n\u00ed je doporu\u010dil ostatn\u00edm.\"<\/em> Pan\u00ed Pledge prost\u0159ednictv\u00edm <a href=\"http:\/\/moveaide.com\/movers\/abels-moving-cambrige-uk-mover-reviews\" target=\"_blank\" rel=\"noopener\">MoveAide<\/a><\/li>\n<li> <em>\"Cht\u011bli jsme v\u00e1s jen upozornit, \u017ee jsme \u0161\u0165astn\u00ed, \u017ee na\u0161e st\u011bhov\u00e1n\u00ed bylo \u00fasp\u011b\u0161n\u011b dokon\u010deno.\"<\/em> - prost\u0159ednictv\u00edm <a href=\"http:\/\/removal-company-reviews.com\/view-removal-company-review.php?c=Abels%20Moving%20Services%20Ltd&#038;id=384\" target=\"_blank\" rel=\"noopener\">Recenze st\u011bhovac\u00ed spole\u010dnosti<\/a><\/li>\n<\/ul>\n<p><strong>Negativn\u00ed:<\/strong><\/p>\n<ul>\n<li> <em>\"P\u0159\u00ed\u0161ern\u00e1 komunikace o zbyte\u010dn\u00fdch zpo\u017ed\u011bn\u00edch. Budete se b\u00e1t, \u017ee se v\u00e1m ztratily v\u0161echny \u017eivotn\u00ed v\u011bci.\"<\/em> - Jeanie C. prost\u0159ednictv\u00edm <a href=\"https:\/\/www.yelp.co.uk\/biz\/abels-moving-services-ltd-brandon-2?hrid=qZqRG6iZsRo2GEP-XgQefQ&#038;utm_campaign=www_review_share_popup&#038;utm_medium=copy_link&#038;utm_source=(direct)\" target=\"_blank\" rel=\"noopener\">Yelp<\/a><\/li>\n<li> <em>\"Pokud nejsi kr\u00e1lovna, nebudou se o tebe p\u0159\u00edli\u0161 starat.\"<\/em> - Simon prost\u0159ednictv\u00edm <a href=\"http:\/\/www.removalreviews.co.uk\/movingreviews\/far-from-their-advertising-image-7304\" target=\"_blank\" rel=\"noopener\">Recenze st\u011bhov\u00e1n\u00ed<\/a><\/li>\n<li> <em>\"\u0160patn\u00e9 slu\u017eby po cel\u00e9m sv\u011bt\u011b se \u0161patnou komunikac\u00ed mezi ob\u011bma <a href=\"https:\/\/moverdb.com\/cs\/stehovani-do-singapuru\/\">Singapur<\/a> t\u00fdm a uk t\u00fdm.\"<\/em> - Pan Crapper prost\u0159ednictv\u00edm <a href=\"http:\/\/moveaide.com\/movers\/abels-moving-cambrige-uk-mover-reviews\" target=\"_blank\" rel=\"noopener\">MoveAide<\/a><\/li>\n<\/li>\n<\/ul>\n<div itemprop=\"review\" itemscope itemtype=\"http:\/\/schema.org\/Review\">\n<span itemprop=\"author\" itemscope=\"\" itemtype=\"http:\/\/schema.org\/Organization\"><span itemprop=\"name\">MoverDB.com<\/span><\/span> Online recenze webov\u00fdch str\u00e1nek pro <span itemprop=\"itemreviewed\" itemscope=\"\" itemtype=\"http:\/\/schema.org\/Brand\"><span itemprop=\"name\">St\u011bhovac\u00ed slu\u017eby Abels<\/span><\/span>:<\/p>\n<ol>\n<li> Jasn\u00e9 kontaktn\u00ed \u00fadaje na webov\u00fdch str\u00e1nk\u00e1ch (v\u010detn\u011b telefonn\u00edho \u010d\u00edsla): <strong>Ano<\/strong><\/li>\n<li> Snadn\u00e9 z\u00edsk\u00e1n\u00ed <a href=\"https:\/\/moverdb.com\/cs\/citaty\/\">mezin\u00e1rodn\u00ed st\u011bhov\u00e1n\u00ed<\/a>? (Online formul\u00e1\u0159 \u017e\u00e1dosti o odhad): <strong>Ano<\/strong><\/li>\n<li> Jasn\u00e9 informace na webov\u00fdch str\u00e1nk\u00e1ch: <strong>Ano,<\/strong> slu\u0161n\u00e9 mno\u017estv\u00ed informac\u00ed na webov\u00fdch str\u00e1nk\u00e1ch o sv\u00fdch slu\u017eb\u00e1ch, i kdy\u017e n\u011bkter\u00e9 <\/li>\n<li> \u010clenstv\u00ed v mezin\u00e1rodn\u00edch uzn\u00e1van\u00fdch organizac\u00edch pohybliv\u00fdch aktivit: <strong>Ano<\/strong>, viz v\u00fd\u0161e.<\/li>\n<li> Seznam klient\u016f a\/nebo reference p\u0159edchoz\u00edch z\u00e1kazn\u00edk\u016f: <strong>Ano<\/strong> Na webov\u00fdch str\u00e1nk\u00e1ch jsou uvedeny pozitivn\u00ed reference z\u00e1kazn\u00edk\u016f.<\/li>\n<\/ol>\n<div itemprop=\"reviewRating\" itemscope itemtype=\"http:\/\/schema.org\/Rating\"><meta itemprop=\"worstRating\" content = \"0\" \/><meta itemprop=\"bestRating\" content=\"5\" \/><meta itemprop=\"ratingValue\" content=\"4.5\"><\/div>\n<p><strong>Celkov\u00e9 hodnocen\u00ed: 4,5\/5<\/strong><br \/>\n<strong>Datum recenze:<\/strong> <span itemprop=\"datePublished\" content=\"2016-08-31\">31\/08\/2016<\/span>\n<\/div>\n<p>V\u00edce o <a href=\"https:\/\/moverdb.com\/cs\/mezinarodni-stehovani\/\">mezin\u00e1rodn\u00ed st\u011bhov\u00e1n\u00ed<\/a> a na\u0161e <a href=\"https:\/\/moverdb.com\/cs\/recenze\/\">proces p\u0159ezkoum\u00e1n\u00ed<\/a>.<\/p>\n<p><strong>Webov\u00e9 str\u00e1nky:<\/strong> <a href=\"http:\/\/www.abels.co.uk\" target=\"_blank\" rel=\"noopener\">http:\/\/www.abels.co.uk<\/a><\/p>","protected":false},"excerpt":{"rendered":"<p>Abels Moving Services is based in Brandon, Suffolk but has facilities in London, Cambridge and Lutterworth but serves the whole of the UK. It offers its clients many intentional moving services which are listed below. There also follows a company profile and company reviews. International Moves Airfreight for small volumes Sea freight for large volumes [&hellip;]<\/p>\n","protected":false},"author":1,"featured_media":0,"parent":0,"menu_order":0,"comment_status":"closed","ping_status":"closed","template":"","meta":{"_genesis_hide_title":false,"_genesis_hide_breadcrumbs":false,"_genesis_hide_singular_image":false,"_genesis_hide_footer_widgets":false,"_genesis_custom_body_class":"","_genesis_custom_post_class":"","_genesis_layout":"","footnotes":""},"class_list":{"0":"post-888","1":"page","2":"type-page","3":"status-publish","5":"entry"},"_links":{"self":[{"href":"https:\/\/moverdb.com\/cs\/wp-json\/wp\/v2\/pages\/888","targetHints":{"allow":["GET"]}}],"collection":[{"href":"https:\/\/moverdb.com\/cs\/wp-json\/wp\/v2\/pages"}],"about":[{"href":"https:\/\/moverdb.com\/cs\/wp-json\/wp\/v2\/types\/page"}],"author":[{"embeddable":true,"href":"https:\/\/moverdb.com\/cs\/wp-json\/wp\/v2\/users\/1"}],"replies":[{"embeddable":true,"href":"https:\/\/moverdb.com\/cs\/wp-json\/wp\/v2\/comments?post=888"}],"version-history":[{"count":8,"href":"https:\/\/moverdb.com\/cs\/wp-json\/wp\/v2\/pages\/888\/revisions"}],"predecessor-version":[{"id":6166,"href":"https:\/\/moverdb.com\/cs\/wp-json\/wp\/v2\/pages\/888\/revisions\/6166"}],"wp:attachment":[{"href":"https:\/\/moverdb.com\/cs\/wp-json\/wp\/v2\/media?parent=888"}],"curies":[{"name":"wp","href":"https:\/\/api.w.org\/{rel}","templated":true}]}}