{"id":8879,"date":"2023-04-27T14:40:42","date_gmt":"2023-04-27T14:40:42","guid":{"rendered":"https:\/\/moverdb.com\/?page_id=8879"},"modified":"2026-01-08T15:29:24","modified_gmt":"2026-01-08T15:29:24","slug":"moving-companies-myanmar","status":"publish","type":"page","link":"https:\/\/moverdb.com\/cs\/moving-companies\/moving-companies-myanmar\/","title":{"rendered":"6 Nejlep\u0161\u00ed mezin\u00e1rodn\u00ed st\u011bhovac\u00ed spole\u010dnosti v Myanmaru"},"content":{"rendered":"<p>St\u011bhov\u00e1n\u00ed dom\u016f nebo do firmy m\u016f\u017ee b\u00fdt velmi stresuj\u00edc\u00ed, proto\u017ee je t\u0159eba toho hodn\u011b napl\u00e1novat a za\u0159\u00eddit, zejm\u00e9na pokud se st\u011bhujete do jin\u00e9 zem\u011b. Vyu\u017eit\u00ed slu\u017eeb <a href=\"https:\/\/moverdb.com\/cs\/moving-companies\/\" data-internallinksmanager029f6b8e52c=\"79\" title=\"Top 25 Mezin\u00e1rodn\u00ed st\u011bhovac\u00ed spole\u010dnosti Online\">st\u011bhovac\u00ed spole\u010dnost<\/a> m\u016f\u017ee pomoci sn\u00ed\u017eit v\u00e1\u0161 stres a zbavit v\u00e1s mnoha t\u011bchto \u00fakol\u016f. N\u00ed\u017ee jsme pro v\u00e1s p\u0159ipravili seznam myanmarsk\u00fdch (barmsk\u00fdch) pobo\u010dek. <a href=\"https:\/\/moverdb.com\/cs\/international-removals\/\" data-internallinksmanager029f6b8e52c=\"27\" title=\"36 nejlep\u0161\u00edch mezin\u00e1rodn\u00edch st\u011bhovac\u00edch spole\u010dnost\u00ed ve Velk\u00e9 Brit\u00e1nii\">st\u011bhovac\u00ed firmy<\/a> kter\u00e9 jsou \u010dleny <a href=\"https:\/\/moverdb.com\/cs\/iam\/\" data-internallinksmanager029f6b8e52c=\"23\" title=\"Vysv\u011btlen\u00ed Mezin\u00e1rodn\u00ed asociace st\u011bhov\u00e1k\u016f (IAM)\">Mezin\u00e1rodn\u00ed asociace st\u011bhov\u00e1k\u016f<\/a> (IAM) a\/nebo <a href=\"https:\/\/moverdb.com\/cs\/fidi-faim\/\" data-internallinksmanager029f6b8e52c=\"16\" title=\"Vysv\u011btlen\u00ed FIDI a FAIM (FIDI Accredited International Mover)\">FIDI<\/a> Akreditovan\u00e9 mezin\u00e1rodn\u00ed st\u011bhov\u00e1n\u00ed (FAIM), kter\u00e9 by v\u00e1m mohlo pomoci se st\u011bhov\u00e1n\u00edm.<\/p>\n<div id=\"ez-toc-container\" class=\"ez-toc-v2_0_82_2 ez-toc-wrap-left counter-hierarchy ez-toc-counter ez-toc-transparent ez-toc-container-direction\">\n<div class=\"ez-toc-title-container\">\n<p class=\"ez-toc-title\" style=\"cursor:inherit\">Sekce<\/p>\n<span class=\"ez-toc-title-toggle\"><a href=\"#\" class=\"ez-toc-pull-right ez-toc-btn ez-toc-btn-xs ez-toc-btn-default ez-toc-toggle\" aria-label=\"P\u0159epnut\u00ed tabulky obsahu\"><span class=\"ez-toc-js-icon-con\"><span class=\"\"><span class=\"eztoc-hide\" style=\"display:none;\">P\u0159ep\u00edna\u010d<\/span><span class=\"ez-toc-icon-toggle-span\"><svg style=\"fill: #999;color:#999\" xmlns=\"http:\/\/www.w3.org\/2000\/svg\" class=\"list-377408\" width=\"20px\" height=\"20px\" viewbox=\"0 0 24 24\" fill=\"none\"><path d=\"M6 6H4v2h2V6zm14 0H8v2h12V6zM4 11h2v2H4v-2zm16 0H8v2h12v-2zM4 16h2v2H4v-2zm16 0H8v2h12v-2z\" fill=\"currentColor\"><\/path><\/svg><svg style=\"fill: #999;color:#999\" class=\"arrow-unsorted-368013\" xmlns=\"http:\/\/www.w3.org\/2000\/svg\" width=\"10px\" height=\"10px\" viewbox=\"0 0 24 24\" version=\"1.2\" baseprofile=\"tiny\"><path d=\"M18.2 9.3l-6.2-6.3-6.2 6.3c-.2.2-.3.4-.3.7s.1.5.3.7c.2.2.4.3.7.3h11c.3 0 .5-.1.7-.3.2-.2.3-.5.3-.7s-.1-.5-.3-.7zM5.8 14.7l6.2 6.3 6.2-6.3c.2-.2.3-.5.3-.7s-.1-.5-.3-.7c-.2-.2-.4-.3-.7-.3h-11c-.3 0-.5.1-.7.3-.2.2-.3.5-.3.7s.1.5.3.7z\"\/><\/svg><\/span><\/span><\/span><\/a><\/span><\/div>\n<nav><ul class='ez-toc-list ez-toc-list-level-1 eztoc-toggle-hide-by-default' ><li class='ez-toc-page-1 ez-toc-heading-level-2'><a class=\"ez-toc-link ez-toc-heading-1\" href=\"https:\/\/moverdb.com\/cs\/moving-companies\/moving-companies-myanmar\/#1_Dawood_Worldwide_Movers\" >1. Dawood Worldwide Movers<\/a><\/li><li class='ez-toc-page-1 ez-toc-heading-level-2'><a class=\"ez-toc-link ez-toc-heading-2\" href=\"https:\/\/moverdb.com\/cs\/moving-companies\/moving-companies-myanmar\/#2_DNS_Mobility_Ltd\" >2. DNS Mobility Ltd<\/a><\/li><li class='ez-toc-page-1 ez-toc-heading-level-2'><a class=\"ez-toc-link ez-toc-heading-3\" href=\"https:\/\/moverdb.com\/cs\/moving-companies\/moving-companies-myanmar\/#3_Global_Moving_Storage_Ltd\" >3. Global Moving &amp; Storage Ltd<\/a><\/li><li class='ez-toc-page-1 ez-toc-heading-level-2'><a class=\"ez-toc-link ez-toc-heading-4\" href=\"https:\/\/moverdb.com\/cs\/moving-companies\/moving-companies-myanmar\/#4_Legendary_Myanmar_International_Moving_Logistics_Co_Ltd\" >4. Legend\u00e1rn\u00ed Myanmar International Moving &amp; Logistics Co Ltd<\/a><\/li><li class='ez-toc-page-1 ez-toc-heading-level-2'><a class=\"ez-toc-link ez-toc-heading-5\" href=\"https:\/\/moverdb.com\/cs\/moving-companies\/moving-companies-myanmar\/#5_Myanmar_Express_Moving\" >5. Myanmar Express Moving<\/a><\/li><li class='ez-toc-page-1 ez-toc-heading-level-2'><a class=\"ez-toc-link ez-toc-heading-6\" href=\"https:\/\/moverdb.com\/cs\/moving-companies\/moving-companies-myanmar\/#6_NMT_Ltd\" >6. NMT Ltd<\/a><\/li><\/ul><\/nav><\/div>\n<h2><span class=\"ez-toc-section\" id=\"1_Dawood_Worldwide_Movers\"><\/span><strong>1. Dawood Worldwide Movers<\/strong><span class=\"ez-toc-section-end\"><\/span><\/h2>\n<p><img loading=\"lazy\" decoding=\"async\" class=\"alignnone size-full wp-image-8783\" src=\"https:\/\/moverdb.com\/wp-content\/uploads\/Dawood-Worldwide-Moving-international-moving-company.png\" alt=\"Dawood Worldwide Moving mezin\u00e1rodn\u00ed st\u011bhov\u00e1n\u00ed spole\u010dnost\" width=\"1440\" height=\"682\" data-wp-pid=\"8783\" srcset=\"https:\/\/moverdb.com\/wp-content\/uploads\/Dawood-Worldwide-Moving-international-moving-company.png 1440w, https:\/\/moverdb.com\/wp-content\/uploads\/Dawood-Worldwide-Moving-international-moving-company-300x142.png 300w, https:\/\/moverdb.com\/wp-content\/uploads\/Dawood-Worldwide-Moving-international-moving-company-1024x485.png 1024w, https:\/\/moverdb.com\/wp-content\/uploads\/Dawood-Worldwide-Moving-international-moving-company-18x9.png 18w, https:\/\/moverdb.com\/wp-content\/uploads\/Dawood-Worldwide-Moving-international-moving-company-600x284.png 600w\" sizes=\"auto, (max-width: 1440px) 100vw, 1440px\" \/><\/p>\n<ul>\n<li>Vnitrost\u00e1tn\u00ed st\u011bhov\u00e1n\u00ed<\/li>\n<li>Mezin\u00e1rodn\u00ed st\u011bhov\u00e1n\u00ed<\/li>\n<li>St\u011bhov\u00e1n\u00ed dom\u00e1cnost\u00ed<\/li>\n<li>St\u011bhov\u00e1n\u00ed kancel\u00e1\u0159\u00ed<\/li>\n<li>Balic\u00ed slu\u017eba<\/li>\n<li>Dopravn\u00ed opat\u0159en\u00ed<\/li>\n<li>Celn\u00ed odbaven\u00ed<\/li>\n<li>Slu\u017eby p\u016fvodu a ur\u010den\u00ed<\/li>\n<li>P\u0159em\u00edst\u011bn\u00ed dom\u00e1c\u00edho mazl\u00ed\u010dka<\/li>\n<li>Zabezpe\u010den\u00e9 skladov\u00e1n\u00ed<\/li>\n<\/ul>\n<p>Dawood Worldwide Movers je mezin\u00e1rodn\u00ed st\u011bhovac\u00ed spole\u010dnost, kter\u00e1 byla zalo\u017eena v roce 1963 a s\u00eddl\u00ed v Rang\u00fanu. Spolupracuje s mezin\u00e1rodn\u00edmi st\u011bhovac\u00edmi slu\u017ebami a p\u0159epravci a poskytuje sv\u00e9 slu\u017eby po cel\u00e9m sv\u011bt\u011b. Jsou \u010dlenem IAM a p\u016fsob\u00ed v t\u00e9to organizaci ji\u017e 47 let.<\/p>\n<p>Spole\u010dnost Dawood Worldwide Movers nab\u00edz\u00ed kompletn\u00ed st\u011bhovac\u00ed slu\u017eby, kter\u00e9 zahrnuj\u00ed podporu p\u0159ed st\u011bhov\u00e1n\u00edm, slu\u017eby v m\u00edst\u011b p\u016fvodu a slu\u017eby v m\u00edst\u011b ur\u010den\u00ed po p\u0159\u00edjezdu, a m\u016f\u017ee tak\u00e9 p\u0159est\u011bhovat va\u0161e dom\u00e1c\u00ed mazl\u00ed\u010dky. Poskytuj\u00ed kompletn\u00ed balic\u00ed slu\u017eby, kter\u00e9 zahrnuj\u00ed balic\u00ed materi\u00e1ly pro ochranu va\u0161ich v\u011bc\u00ed p\u0159i p\u0159eprav\u011b. Zajist\u00ed p\u0159epravu va\u0161ich v\u011bc\u00ed na m\u00edsto ur\u010den\u00ed s celn\u00edm odbaven\u00edm.<\/p>\n<p>Webov\u00e9 str\u00e1nky: <a href=\"http:\/\/www.dawoodmovers.com\" target=\"_blank\" rel=\"noopener\">http:\/\/www.dawoodmovers.com<\/a><\/p>\n<h2><span class=\"ez-toc-section\" id=\"2_DNS_Mobility_Ltd\"><\/span><strong>2. DNS Mobility Ltd<\/strong><span class=\"ez-toc-section-end\"><\/span><\/h2>\n<p><img loading=\"lazy\" decoding=\"async\" class=\"alignnone size-full wp-image-8789\" src=\"https:\/\/moverdb.com\/wp-content\/uploads\/DNS-Mobility-Ltd-international-moving-company.png\" alt=\"DNS Mobility Ltd mezin\u00e1rodn\u00ed st\u011bhov\u00e1n\u00ed spole\u010dnost\" width=\"1440\" height=\"680\" data-wp-pid=\"8789\" srcset=\"https:\/\/moverdb.com\/wp-content\/uploads\/DNS-Mobility-Ltd-international-moving-company.png 1440w, https:\/\/moverdb.com\/wp-content\/uploads\/DNS-Mobility-Ltd-international-moving-company-300x142.png 300w, https:\/\/moverdb.com\/wp-content\/uploads\/DNS-Mobility-Ltd-international-moving-company-1024x484.png 1024w, https:\/\/moverdb.com\/wp-content\/uploads\/DNS-Mobility-Ltd-international-moving-company-18x9.png 18w, https:\/\/moverdb.com\/wp-content\/uploads\/DNS-Mobility-Ltd-international-moving-company-600x283.png 600w\" sizes=\"auto, (max-width: 1440px) 100vw, 1440px\" \/><\/p>\n<ul>\n<li>Vnitrost\u00e1tn\u00ed st\u011bhov\u00e1n\u00ed<\/li>\n<li>Mezin\u00e1rodn\u00ed st\u011bhov\u00e1n\u00ed<\/li>\n<li>St\u011bhov\u00e1n\u00ed dom\u00e1cnost\u00ed<\/li>\n<li>Kompletn\u00ed balic\u00ed slu\u017eby<\/li>\n<li>Balic\u00ed za\u0159\u00edzen\u00ed na m\u00edru<\/li>\n<li>Zaji\u0161t\u011bn\u00ed dopravy<\/li>\n<li><a href=\"https:\/\/moverdb.com\/cs\/car-transport-shipping\/\" data-internallinksmanager029f6b8e52c=\"2\" title=\"2026 Mezin\u00e1rodn\u00ed p\u0159eprava automobil\u016f &amp; P\u0159eprava vozidel Citace\">P\u0159eprava vozidel<\/a><\/li>\n<li>Manipulace s v\u00fdtvarn\u00fdm um\u011bn\u00edm<\/li>\n<li>P\u0159em\u00edst\u011bn\u00ed dom\u00e1c\u00edch zv\u00ed\u0159at<\/li>\n<li>Zabezpe\u010den\u00e9 skladovac\u00ed prostory<\/li>\n<\/ul>\n<p>Spole\u010dnost DNS Mobility Ltd je mezin\u00e1rodn\u00ed logistick\u00e1 spole\u010dnost a spole\u010dnost zab\u00fdvaj\u00edc\u00ed se st\u011bhov\u00e1n\u00edm dom\u00e1c\u00edch zv\u00ed\u0159at, kter\u00e1 byla zalo\u017eena v roce 2013 a s\u00eddl\u00ed v Rang\u00fanu. P\u0159i poskytov\u00e1n\u00ed sv\u00fdch slu\u017eeb na mezin\u00e1rodn\u00ed \u00farovni spolupracuje s v\u00edce ne\u017e 100 p\u0159idru\u017een\u00fdmi a partnersk\u00fdmi kancel\u00e1\u0159emi po cel\u00e9m sv\u011bt\u011b. Je \u010dlenem IAM s jeden\u00e1ctiletou tradic\u00ed.<\/p>\n<p>Spole\u010dnost DNS Mobility s.r.o. nab\u00edz\u00ed komplexn\u00ed st\u011bhovac\u00ed slu\u017eby pro dom\u00e1cnosti, kter\u00e9 mohou poskytnout kompletn\u00ed balic\u00ed slu\u017eby na ochranu va\u0161ich v\u011bc\u00ed p\u0159i p\u0159eprav\u011b, v\u010detn\u011b balic\u00edho vybaven\u00ed a p\u0159epravek na m\u00edru. Zajist\u00ed p\u0159epravu va\u0161ich v\u011bc\u00ed a sledov\u00e1n\u00ed z\u00e1silky online. Po p\u0159\u00edjezdu z\u00e1silku vybal\u00ed a odstran\u00ed z n\u00ed zbytky.<\/p>\n<p>Webov\u00e9 str\u00e1nky: <a href=\"http:\/\/www.dnsmyanmar.com\" target=\"_blank\" rel=\"noopener\">http:\/\/www.dnsmyanmar.com<\/a><\/p>\n<h2><span class=\"ez-toc-section\" id=\"3_Global_Moving_Storage_Ltd\"><\/span><strong>3. Global Moving &amp; Storage Ltd<\/strong><span class=\"ez-toc-section-end\"><\/span><\/h2>\n<p><img loading=\"lazy\" decoding=\"async\" class=\"alignnone size-full wp-image-8806\" src=\"https:\/\/moverdb.com\/wp-content\/uploads\/Global-Moving-Storage-Ltd-international-moving-company.png\" alt=\"Global Moving &amp; Storage Ltd mezin\u00e1rodn\u00ed st\u011bhov\u00e1n\u00ed spole\u010dnost\" width=\"1440\" height=\"675\" data-wp-pid=\"8806\" srcset=\"https:\/\/moverdb.com\/wp-content\/uploads\/Global-Moving-Storage-Ltd-international-moving-company.png 1440w, https:\/\/moverdb.com\/wp-content\/uploads\/Global-Moving-Storage-Ltd-international-moving-company-300x141.png 300w, https:\/\/moverdb.com\/wp-content\/uploads\/Global-Moving-Storage-Ltd-international-moving-company-1024x480.png 1024w, https:\/\/moverdb.com\/wp-content\/uploads\/Global-Moving-Storage-Ltd-international-moving-company-18x8.png 18w, https:\/\/moverdb.com\/wp-content\/uploads\/Global-Moving-Storage-Ltd-international-moving-company-600x281.png 600w\" sizes=\"auto, (max-width: 1440px) 100vw, 1440px\" \/><\/p>\n<ul>\n<li>St\u011bhov\u00e1n\u00ed na n\u00e1rodn\u00ed \u00farovni<\/li>\n<li>Mezin\u00e1rodn\u00ed p\u0159esuny<\/li>\n<li>St\u011bhov\u00e1n\u00ed dom\u00e1cnost\u00ed<\/li>\n<li>St\u011bhov\u00e1n\u00ed kancel\u00e1\u0159\u00ed<\/li>\n<li>Balic\u00ed slu\u017eby<\/li>\n<li>Uspo\u0159\u00e1d\u00e1n\u00ed dopravy<\/li>\n<li>Celn\u00ed odbaven\u00ed<\/li>\n<li>Balen\u00ed v\u00fdtvarn\u00e9ho um\u011bn\u00ed<\/li>\n<li>St\u011bhov\u00e1n\u00ed dom\u00e1c\u00edch mazl\u00ed\u010dk\u016f<\/li>\n<li>Skladovac\u00ed prostory<\/li>\n<\/ul>\n<p>Global Moving &amp; Storage Ltd je celosv\u011btov\u00e1 st\u011bhovac\u00ed a logistick\u00e1 spole\u010dnost s v\u00edce ne\u017e dvacetilet\u00fdmi zku\u0161enostmi. Je \u010dlenem IAM s dvan\u00e1ctiletou prax\u00ed, co\u017e j\u00ed poskytuje mezin\u00e1rodn\u00ed s\u00ed\u0165 st\u011bhovac\u00edch agent\u016f, kte\u0159\u00ed j\u00ed mohou pom\u00e1hat p\u0159i poskytov\u00e1n\u00ed slu\u017eeb po cel\u00e9m sv\u011bt\u011b.<\/p>\n<p>Spole\u010dnost Global Moving &amp; Storage Ltd nab\u00edz\u00ed slu\u017eby door-to-door, door-to-<a href=\"https:\/\/moverdb.com\/cs\/top-49-container-ports\/\" data-internallinksmanager029f6b8e52c=\"80\" title=\"49 nejv\u011bt\u0161\u00edch a nejru\u0161n\u011bj\u0161\u00edch kontejnerov\u00fdch p\u0159\u00edstav\u016f v roce 2025\">p\u0159\u00edstav<\/a> nebo slu\u017eby od p\u0159\u00edstavu ke dve\u0159\u00edm, kter\u00e9 zahrnuj\u00ed celn\u00ed odbaven\u00ed a zaji\u0161t\u011bn\u00ed p\u0159epravy. Poskytuj\u00ed balic\u00ed slu\u017eby pro ochranu va\u0161ich p\u0159edm\u011bt\u016f p\u0159i p\u0159eprav\u011b, kter\u00e9 spl\u0148uj\u00ed mezin\u00e1rodn\u00ed normy. Poskytuj\u00ed specializovan\u00e9 slu\u017eby pro diplomaty, v\u00fdtvarn\u00e9 um\u011bn\u00ed a st\u011bhov\u00e1n\u00ed dom\u00e1c\u00edch zv\u00ed\u0159at.<\/p>\n<p>Webov\u00e9 str\u00e1nky: <a href=\"http:\/\/www.globalmovingstorage.com\" target=\"_blank\" rel=\"noopener\">http:\/\/www.globalmovingstorage.com<\/a><\/p>\n<h2><span class=\"ez-toc-section\" id=\"4_Legendary_Myanmar_International_Moving_Logistics_Co_Ltd\"><\/span><strong>4. Legend\u00e1rn\u00ed Myanmar International Moving &amp; Logistics Co Ltd<\/strong><span class=\"ez-toc-section-end\"><\/span><\/h2>\n<p><img loading=\"lazy\" decoding=\"async\" class=\"alignnone size-full wp-image-8821\" src=\"https:\/\/moverdb.com\/wp-content\/uploads\/Legendary-Myanmar-International-Moving-Logistics-Co-Ltd.png\" alt=\"Legend\u00e1rn\u00ed Myanmar Mezin\u00e1rodn\u00ed st\u011bhov\u00e1n\u00ed &amp; Logistika Co Ltd\" width=\"1440\" height=\"682\" data-wp-pid=\"8821\" srcset=\"https:\/\/moverdb.com\/wp-content\/uploads\/Legendary-Myanmar-International-Moving-Logistics-Co-Ltd.png 1440w, https:\/\/moverdb.com\/wp-content\/uploads\/Legendary-Myanmar-International-Moving-Logistics-Co-Ltd-300x142.png 300w, https:\/\/moverdb.com\/wp-content\/uploads\/Legendary-Myanmar-International-Moving-Logistics-Co-Ltd-1024x485.png 1024w, https:\/\/moverdb.com\/wp-content\/uploads\/Legendary-Myanmar-International-Moving-Logistics-Co-Ltd-18x9.png 18w, https:\/\/moverdb.com\/wp-content\/uploads\/Legendary-Myanmar-International-Moving-Logistics-Co-Ltd-600x284.png 600w\" sizes=\"auto, (max-width: 1440px) 100vw, 1440px\" \/><\/p>\n<ul>\n<li>St\u011bhov\u00e1n\u00ed na n\u00e1rodn\u00ed \u00farovni<\/li>\n<li>Mezin\u00e1rodn\u00ed p\u0159esuny<\/li>\n<li>St\u011bhov\u00e1n\u00ed dom\u00e1cnost\u00ed<\/li>\n<li>St\u011bhov\u00e1n\u00ed firem<\/li>\n<li>Balic\u00ed slu\u017eba<\/li>\n<li>Silni\u010dn\u00ed, n\u00e1mo\u0159n\u00ed a leteck\u00e1 n\u00e1kladn\u00ed doprava<\/li>\n<li>Podpora dokumentace<\/li>\n<li>P\u0159eprava automobil\u016f<\/li>\n<li>P\u0159em\u00edst\u011bn\u00ed dom\u00e1c\u00edho mazl\u00ed\u010dka<\/li>\n<li>Skladovac\u00ed prostory<\/li>\n<\/ul>\n<p>Legend\u00e1rn\u00ed Myanmar International Moving &amp; Logistics Co Ltd (LMSL) je p\u0159epravn\u00ed, st\u011bhov\u00e1n\u00ed a <a href=\"https:\/\/moverdb.com\/cs\/relocation-agents\/\" data-internallinksmanager029f6b8e52c=\"1\" title=\"7 d\u016fvod\u016f, pro\u010d byste m\u011bli vyu\u017e\u00edt slu\u017eeb reloka\u010dn\u00edho agenta?\">agent pro st\u011bhov\u00e1n\u00ed<\/a> zalo\u017eena v roce 2010 s kancel\u00e1\u0159emi v Rang\u00fanu, Mandalaji a Baganu. Nav\u00e1zali celosv\u011btov\u00e9 vztahy s dopravn\u00edmi a st\u011bhovac\u00edmi agenturami, aby mohli poskytovat mezin\u00e1rodn\u00ed slu\u017eby, a jsou \u010dlenem IAM s 13letou tradic\u00ed.<\/p>\n<p>Spole\u010dnost LMSL nab\u00edz\u00ed komplexn\u00ed st\u011bhovac\u00ed slu\u017eby pro m\u00edstn\u00ed i mezin\u00e1rodn\u00ed st\u011bhov\u00e1n\u00ed, kter\u00e9 zahrnuj\u00ed pomoc s dokumentac\u00ed. Poskytuje balic\u00ed slu\u017eby na ochranu va\u0161ich v\u011bc\u00ed a zajist\u00ed p\u0159epravu po silnici, letecky i po mo\u0159i, v\u010detn\u011b doprovodn\u00e9 dokumentace, jako je celn\u00ed odbaven\u00ed. Nab\u00edzej\u00ed slu\u017eby spojen\u00e9 se st\u011bhov\u00e1n\u00edm v\u010detn\u011b orientace, vyhled\u00e1v\u00e1n\u00ed bydli\u0161t\u011b a \u0161koly a sjedn\u00e1v\u00e1n\u00ed n\u00e1jemn\u00edch smluv.<\/p>\n<p>Webov\u00e9 str\u00e1nky: <a href=\"http:\/\/www.lmsl-shipping.com\" target=\"_blank\" rel=\"noopener\">http:\/\/www.lmsl-shipping.com<\/a><\/p>\n<h2><span class=\"ez-toc-section\" id=\"5_Myanmar_Express_Moving\"><\/span><strong>5. Myanmar Express Moving<\/strong><span class=\"ez-toc-section-end\"><\/span><\/h2>\n<p><img loading=\"lazy\" decoding=\"async\" class=\"alignnone size-full wp-image-8835\" src=\"https:\/\/moverdb.com\/wp-content\/uploads\/Myanmar-Express-Moving-international-moving-company.png\" alt=\"Myanmar Express Moving mezin\u00e1rodn\u00ed st\u011bhov\u00e1n\u00ed spole\u010dnost\" width=\"1440\" height=\"677\" data-wp-pid=\"8835\" srcset=\"https:\/\/moverdb.com\/wp-content\/uploads\/Myanmar-Express-Moving-international-moving-company.png 1440w, https:\/\/moverdb.com\/wp-content\/uploads\/Myanmar-Express-Moving-international-moving-company-300x141.png 300w, https:\/\/moverdb.com\/wp-content\/uploads\/Myanmar-Express-Moving-international-moving-company-1024x481.png 1024w, https:\/\/moverdb.com\/wp-content\/uploads\/Myanmar-Express-Moving-international-moving-company-18x8.png 18w, https:\/\/moverdb.com\/wp-content\/uploads\/Myanmar-Express-Moving-international-moving-company-600x282.png 600w\" sizes=\"auto, (max-width: 1440px) 100vw, 1440px\" \/><\/p>\n<ul>\n<li>M\u00edstn\u00ed st\u011bhov\u00e1n\u00ed<\/li>\n<li>Mezin\u00e1rodn\u00ed st\u011bhov\u00e1n\u00ed<\/li>\n<li>St\u011bhov\u00e1n\u00ed dom\u00e1cnost\u00ed<\/li>\n<li>Obchodn\u00ed n\u00e1klad<\/li>\n<li>Balic\u00ed slu\u017eba<\/li>\n<li>Silni\u010dn\u00ed, leteck\u00e1 a n\u00e1mo\u0159n\u00ed doprava<\/li>\n<li>Celn\u00ed odbaven\u00ed<\/li>\n<li>P\u0159em\u00edst\u011bn\u00ed dom\u00e1c\u00edho mazl\u00ed\u010dka<\/li>\n<li>Poji\u0161t\u011bn\u00ed<\/li>\n<li>Skladovac\u00ed prostory<\/li>\n<\/ul>\n<p>Myanmar Express Moving je st\u011bhovac\u00ed a balic\u00ed spole\u010dnost s v\u00edce ne\u017e 57 lety zku\u0161enost\u00ed, kter\u00e1 s\u00eddl\u00ed v Rang\u00fanu. Pro poskytov\u00e1n\u00ed mezin\u00e1rodn\u00edch slu\u017eeb m\u00e1 mezin\u00e1rodn\u00ed strategick\u00e1 partnerstv\u00ed a aliance po cel\u00e9m sv\u011bt\u011b. Je \u010dlenem IAM s 29letou tradic\u00ed.<\/p>\n<p>Spole\u010dnost Myanmar Express Moving nab\u00edz\u00ed bezplatnou prohl\u00eddku, p\u0159i kter\u00e9 posoud\u00ed va\u0161e po\u017eadavky na st\u011bhov\u00e1n\u00ed a poskytne cenovou nab\u00eddku. Poskytuj\u00ed balic\u00ed slu\u017eby, kter\u00e9 ochr\u00e1n\u00ed v\u00e1\u0161 n\u00e1bytek pomoc\u00ed modern\u00edch balic\u00edch materi\u00e1l\u016f, kter\u00e9 jsou na vysok\u00e9 \u00farovni, po p\u0159\u00edjezdu vybal\u00ed a odstran\u00ed ve\u0161ker\u00e9 ne\u010distoty. Zajist\u00ed silni\u010dn\u00ed, leteckou a n\u00e1mo\u0159n\u00ed p\u0159epravu s celn\u00edm odbaven\u00edm a poji\u0161t\u011bn\u00edm.<\/p>\n<p>Webov\u00e9 str\u00e1nky: <a href=\"http:\/\/www.myanmarexpressmoving.com\" target=\"_blank\" rel=\"noopener\">http:\/\/www.myanmarexpressmoving.com<\/a><\/p>\n<h2><span class=\"ez-toc-section\" id=\"6_NMT_Ltd\"><\/span><strong>6. NMT Ltd<\/strong><span class=\"ez-toc-section-end\"><\/span><\/h2>\n<p><img loading=\"lazy\" decoding=\"async\" class=\"alignnone size-full wp-image-8838\" src=\"https:\/\/moverdb.com\/wp-content\/uploads\/NMT-Ltd-international-moving-company.png\" alt=\"NMT Ltd mezin\u00e1rodn\u00ed st\u011bhovac\u00ed spole\u010dnost\" width=\"1440\" height=\"683\" data-wp-pid=\"8838\" srcset=\"https:\/\/moverdb.com\/wp-content\/uploads\/NMT-Ltd-international-moving-company.png 1440w, https:\/\/moverdb.com\/wp-content\/uploads\/NMT-Ltd-international-moving-company-300x142.png 300w, https:\/\/moverdb.com\/wp-content\/uploads\/NMT-Ltd-international-moving-company-1024x486.png 1024w, https:\/\/moverdb.com\/wp-content\/uploads\/NMT-Ltd-international-moving-company-18x9.png 18w, https:\/\/moverdb.com\/wp-content\/uploads\/NMT-Ltd-international-moving-company-600x285.png 600w\" sizes=\"auto, (max-width: 1440px) 100vw, 1440px\" \/><\/p>\n<ul>\n<li>Vnitrost\u00e1tn\u00ed st\u011bhov\u00e1n\u00ed<\/li>\n<li>Mezin\u00e1rodn\u00ed st\u011bhov\u00e1n\u00ed<\/li>\n<li>St\u011bhov\u00e1n\u00ed dom\u00e1cnost\u00ed<\/li>\n<li>St\u011bhov\u00e1n\u00ed kancel\u00e1\u0159\u00ed<\/li>\n<li>Diplomatick\u00fd tah<\/li>\n<li>Balic\u00ed slu\u017eba<\/li>\n<li>N\u00e1mo\u0159n\u00ed a leteck\u00e1 p\u0159eprava<\/li>\n<li>Celn\u00ed zprost\u0159edkov\u00e1n\u00ed<\/li>\n<li>P\u0159eprava vozidel<\/li>\n<li>Skladovac\u00ed prostory<\/li>\n<\/ul>\n<p>NMT Ltd je mezin\u00e1rodn\u00ed balic\u00ed, p\u0159epravn\u00ed, st\u011bhovac\u00ed, logistick\u00e1 a dopravn\u00ed spole\u010dnost zalo\u017een\u00e1 v roce 1993 se s\u00eddlem v severn\u00edm Dagonu a Rang\u00fanu. Nab\u00edz\u00ed tak\u00e9 slu\u017eby spojen\u00e9 s veletrhy a akcemi, kter\u00e9 se zab\u00fdvaj\u00ed p\u0159epravou a z\u0159izov\u00e1n\u00edm. Jsou \u010dlenem IAM s 30letou tradic\u00ed, kter\u00e1 jim umo\u017e\u0148uje p\u0159\u00edstup k mezin\u00e1rodn\u00ed s\u00edti st\u011bhovac\u00edch agentur a nab\u00edzet sv\u00e9 slu\u017eby po cel\u00e9m sv\u011bt\u011b.<\/p>\n<p>Spole\u010dnost NMT Ltd zaji\u0161\u0165uje st\u011bhov\u00e1n\u00ed dom\u00e1cnost\u00ed a kancel\u00e1\u0159\u00ed v r\u00e1mci Myanmaru, do Myanmaru a z Myanmaru, v\u010detn\u011b velvyslanectv\u00ed a diplomat\u016f. Jej\u00ed zku\u0161en\u00ed zam\u011bstnanci v\u00e1s podpo\u0159\u00ed b\u011bhem cel\u00e9ho st\u011bhov\u00e1n\u00ed, v\u010detn\u011b zku\u0161en\u00fdch bal\u00edc\u00edch pracovn\u00edk\u016f, kte\u0159\u00ed bezpe\u010dn\u011b zabal\u00ed va\u0161e v\u011bci a zajist\u00ed p\u0159epravu po mo\u0159i nebo letecky s celn\u00edm zprost\u0159edkov\u00e1n\u00edm.<\/p>\n<p>Webov\u00e9 str\u00e1nky: <a href=\"http:\/\/www.ntmyanmar.com\" target=\"_blank\" rel=\"noopener\">http:\/\/www.ntmyanmar.com<\/a><\/p>","protected":false},"excerpt":{"rendered":"<p>When you are moving home or business it can be such a stressful time as there is so much to plan and do especially if you are moving to another country. Engaging the services of a moving company can help reduce your stress and take away a lot of those tasks. Below we have compiled [&hellip;]<\/p>\n","protected":false},"author":4,"featured_media":0,"parent":190,"menu_order":0,"comment_status":"closed","ping_status":"closed","template":"","meta":{"_genesis_hide_title":false,"_genesis_hide_breadcrumbs":false,"_genesis_hide_singular_image":false,"_genesis_hide_footer_widgets":false,"_genesis_custom_body_class":"","_genesis_custom_post_class":"","_genesis_layout":"","footnotes":""},"class_list":{"0":"post-8879","1":"page","2":"type-page","3":"status-publish","5":"entry","6":"has-post-thumbnail"},"_links":{"self":[{"href":"https:\/\/moverdb.com\/cs\/wp-json\/wp\/v2\/pages\/8879","targetHints":{"allow":["GET"]}}],"collection":[{"href":"https:\/\/moverdb.com\/cs\/wp-json\/wp\/v2\/pages"}],"about":[{"href":"https:\/\/moverdb.com\/cs\/wp-json\/wp\/v2\/types\/page"}],"author":[{"embeddable":true,"href":"https:\/\/moverdb.com\/cs\/wp-json\/wp\/v2\/users\/4"}],"replies":[{"embeddable":true,"href":"https:\/\/moverdb.com\/cs\/wp-json\/wp\/v2\/comments?post=8879"}],"version-history":[{"count":1,"href":"https:\/\/moverdb.com\/cs\/wp-json\/wp\/v2\/pages\/8879\/revisions"}],"predecessor-version":[{"id":8881,"href":"https:\/\/moverdb.com\/cs\/wp-json\/wp\/v2\/pages\/8879\/revisions\/8881"}],"up":[{"embeddable":true,"href":"https:\/\/moverdb.com\/cs\/wp-json\/wp\/v2\/pages\/190"}],"wp:attachment":[{"href":"https:\/\/moverdb.com\/cs\/wp-json\/wp\/v2\/media?parent=8879"}],"curies":[{"name":"wp","href":"https:\/\/api.w.org\/{rel}","templated":true}]}}