{"id":8438,"date":"2023-04-27T14:42:03","date_gmt":"2023-04-27T14:42:03","guid":{"rendered":"https:\/\/moverdb.com\/?page_id=8438"},"modified":"2026-01-08T15:24:48","modified_gmt":"2026-01-08T15:24:48","slug":"moving-companies-morocco","status":"publish","type":"page","link":"https:\/\/moverdb.com\/cs\/moving-companies\/moving-companies-morocco\/","title":{"rendered":"4 Nejlep\u0161\u00ed mezin\u00e1rodn\u00ed st\u011bhovac\u00ed spole\u010dnosti v Maroku"},"content":{"rendered":"<p>Kdy\u017e uva\u017eujete o st\u011bhov\u00e1n\u00ed, je toho tolik, co mus\u00edte ud\u011blat a napl\u00e1novat, zejm\u00e9na pokud se st\u011bhujete do zahrani\u010d\u00ed. V tomto p\u0159\u00edpad\u011b je t\u0159eba <a href=\"https:\/\/moverdb.com\/cs\/moving-companies\/\" data-internallinksmanager029f6b8e52c=\"79\" title=\"Top 25 Mezin\u00e1rodn\u00ed st\u011bhovac\u00ed spole\u010dnosti Online\">st\u011bhovac\u00ed spole\u010dnost<\/a> m\u016f\u017ee pomoci odleh\u010dit z\u00e1t\u011b\u017e. N\u00ed\u017ee jsme sestavili seznam marock\u00fdch <a href=\"https:\/\/moverdb.com\/cs\/international-removals\/\" data-internallinksmanager029f6b8e52c=\"27\" title=\"36 nejlep\u0161\u00edch mezin\u00e1rodn\u00edch st\u011bhovac\u00edch spole\u010dnost\u00ed ve Velk\u00e9 Brit\u00e1nii\">st\u011bhovac\u00ed firmy<\/a> kter\u00e9 jsou \u010dleny <a href=\"https:\/\/moverdb.com\/cs\/iam\/\" data-internallinksmanager029f6b8e52c=\"23\" title=\"Vysv\u011btlen\u00ed Mezin\u00e1rodn\u00ed asociace st\u011bhov\u00e1k\u016f (IAM)\">Mezin\u00e1rodn\u00ed asociace st\u011bhov\u00e1k\u016f<\/a> (IAM) a\/nebo <a href=\"https:\/\/moverdb.com\/cs\/fidi-faim\/\" data-internallinksmanager029f6b8e52c=\"16\" title=\"Vysv\u011btlen\u00ed FIDI a FAIM (FIDI Accredited International Mover)\">FIDI<\/a> Akreditovan\u00e9 mezin\u00e1rodn\u00ed st\u011bhov\u00e1n\u00ed (FAIM), kter\u00e9 by v\u00e1m mohlo pomoci se st\u011bhov\u00e1n\u00edm.<\/p>\n<div id=\"ez-toc-container\" class=\"ez-toc-v2_0_82_2 ez-toc-wrap-left counter-hierarchy ez-toc-counter ez-toc-transparent ez-toc-container-direction\">\n<div class=\"ez-toc-title-container\">\n<p class=\"ez-toc-title\" style=\"cursor:inherit\">Sekce<\/p>\n<span class=\"ez-toc-title-toggle\"><a href=\"#\" class=\"ez-toc-pull-right ez-toc-btn ez-toc-btn-xs ez-toc-btn-default ez-toc-toggle\" aria-label=\"P\u0159epnut\u00ed tabulky obsahu\"><span class=\"ez-toc-js-icon-con\"><span class=\"\"><span class=\"eztoc-hide\" style=\"display:none;\">P\u0159ep\u00edna\u010d<\/span><span class=\"ez-toc-icon-toggle-span\"><svg style=\"fill: #999;color:#999\" xmlns=\"http:\/\/www.w3.org\/2000\/svg\" class=\"list-377408\" width=\"20px\" height=\"20px\" viewbox=\"0 0 24 24\" fill=\"none\"><path d=\"M6 6H4v2h2V6zm14 0H8v2h12V6zM4 11h2v2H4v-2zm16 0H8v2h12v-2zM4 16h2v2H4v-2zm16 0H8v2h12v-2z\" fill=\"currentColor\"><\/path><\/svg><svg style=\"fill: #999;color:#999\" class=\"arrow-unsorted-368013\" xmlns=\"http:\/\/www.w3.org\/2000\/svg\" width=\"10px\" height=\"10px\" viewbox=\"0 0 24 24\" version=\"1.2\" baseprofile=\"tiny\"><path d=\"M18.2 9.3l-6.2-6.3-6.2 6.3c-.2.2-.3.4-.3.7s.1.5.3.7c.2.2.4.3.7.3h11c.3 0 .5-.1.7-.3.2-.2.3-.5.3-.7s-.1-.5-.3-.7zM5.8 14.7l6.2 6.3 6.2-6.3c.2-.2.3-.5.3-.7s-.1-.5-.3-.7c-.2-.2-.4-.3-.7-.3h-11c-.3 0-.5.1-.7.3-.2.2-.3.5-.3.7s.1.5.3.7z\"\/><\/svg><\/span><\/span><\/span><\/a><\/span><\/div>\n<nav><ul class='ez-toc-list ez-toc-list-level-1 eztoc-toggle-hide-by-default' ><li class='ez-toc-page-1 ez-toc-heading-level-2'><a class=\"ez-toc-link ez-toc-heading-1\" href=\"https:\/\/moverdb.com\/cs\/moving-companies\/moving-companies-morocco\/#1_Africa_Move\" >1. Pohyb v Africe<\/a><\/li><li class='ez-toc-page-1 ez-toc-heading-level-2'><a class=\"ez-toc-link ez-toc-heading-2\" href=\"https:\/\/moverdb.com\/cs\/moving-companies\/moving-companies-morocco\/#2_Euromove\" >2. Euromove<\/a><\/li><li class='ez-toc-page-1 ez-toc-heading-level-2'><a class=\"ez-toc-link ez-toc-heading-3\" href=\"https:\/\/moverdb.com\/cs\/moving-companies\/moving-companies-morocco\/#3_MIMC\" >3. MIMC<\/a><\/li><li class='ez-toc-page-1 ez-toc-heading-level-2'><a class=\"ez-toc-link ez-toc-heading-4\" href=\"https:\/\/moverdb.com\/cs\/moving-companies\/moving-companies-morocco\/#4_MYCS\" >4. MYCS<\/a><\/li><\/ul><\/nav><\/div>\n<h2><span class=\"ez-toc-section\" id=\"1_Africa_Move\"><\/span><strong>1. Pohyb v Africe<\/strong><span class=\"ez-toc-section-end\"><\/span><\/h2>\n<p><img loading=\"lazy\" decoding=\"async\" class=\"alignnone size-full wp-image-8280\" src=\"https:\/\/moverdb.com\/wp-content\/uploads\/Africa-Move-international-moving-company.png\" alt=\"Afrika Move mezin\u00e1rodn\u00ed st\u011bhov\u00e1n\u00ed spole\u010dnost\" width=\"1440\" height=\"680\" data-wp-pid=\"8280\" srcset=\"https:\/\/moverdb.com\/wp-content\/uploads\/Africa-Move-international-moving-company.png 1440w, https:\/\/moverdb.com\/wp-content\/uploads\/Africa-Move-international-moving-company-300x142.png 300w, https:\/\/moverdb.com\/wp-content\/uploads\/Africa-Move-international-moving-company-1024x484.png 1024w, https:\/\/moverdb.com\/wp-content\/uploads\/Africa-Move-international-moving-company-18x9.png 18w, https:\/\/moverdb.com\/wp-content\/uploads\/Africa-Move-international-moving-company-600x283.png 600w\" sizes=\"auto, (max-width: 1440px) 100vw, 1440px\" \/><\/p>\n<ul>\n<li>Vnitrost\u00e1tn\u00ed st\u011bhov\u00e1n\u00ed<\/li>\n<li>Mezin\u00e1rodn\u00ed st\u011bhov\u00e1n\u00ed<\/li>\n<li>St\u011bhov\u00e1n\u00ed dom\u00e1cnost\u00ed<\/li>\n<li>St\u011bhov\u00e1n\u00ed spole\u010dnosti<\/li>\n<li>Slu\u017eba od dve\u0159\u00ed ke dve\u0159\u00edm<\/li>\n<li>Balic\u00ed slu\u017eba<\/li>\n<li>Silni\u010dn\u00ed, n\u00e1mo\u0159n\u00ed a leteck\u00e1 doprava<\/li>\n<li>Celn\u00ed podpora<\/li>\n<li>Sledov\u00e1n\u00ed z\u00e1silky<\/li>\n<li>Poji\u0161t\u011bn\u00ed<\/li>\n<\/ul>\n<p>Africa Move je st\u011bhovac\u00ed a reloka\u010dn\u00ed spole\u010dnost, kter\u00e1 se specializuje na slu\u017eby v africk\u00fdch zem\u00edch, mezi n\u011b\u017e pat\u0159\u00ed i Maroko. Nab\u00edz\u00ed st\u011bhov\u00e1n\u00ed v r\u00e1mci zem\u011b, Afriky i do zahrani\u010d\u00ed. Maj\u00ed celosv\u011btovou s\u00ed\u0165, kter\u00e1 jim pom\u00e1h\u00e1 realizovat st\u011bhov\u00e1n\u00ed v mezin\u00e1rodn\u00edm m\u011b\u0159\u00edtku. Jsou \u010dlenem IAM s t\u0159\u00edletou prax\u00ed.<\/p>\n<p>Africa Move nab\u00edz\u00ed st\u011bhov\u00e1n\u00ed od dve\u0159\u00ed ke dve\u0159\u00edm s podrobn\u00fdm odhadem zahrnuj\u00edc\u00edm v\u0161echny jejich slu\u017eby. Poskytuj\u00ed balic\u00ed slu\u017eby, p\u0159i nich\u017e pou\u017e\u00edvaj\u00ed vysoce kvalitn\u00ed materi\u00e1ly a vy\u0161kolen\u00fd person\u00e1l, kter\u00fd zaji\u0161\u0165uje balen\u00ed podle mezin\u00e1rodn\u00edch standard\u016f. Zajist\u00ed p\u0159epravu va\u0161ich v\u011bc\u00ed po silnici, po mo\u0159i nebo letecky a pom\u016f\u017ee v\u00e1m s vy\u0159\u00edzen\u00edm celn\u00edch formalit.<\/p>\n<p>Webov\u00e9 str\u00e1nky: <a href=\"http:\/\/www.africa-move.com\" target=\"_blank\" rel=\"noopener\">http:\/\/www.africa-move.com<\/a><\/p>\n<h2><span class=\"ez-toc-section\" id=\"2_Euromove\"><\/span><strong>2. Euromove<\/strong><span class=\"ez-toc-section-end\"><\/span><\/h2>\n<p><img loading=\"lazy\" decoding=\"async\" class=\"alignnone size-full wp-image-8311\" src=\"https:\/\/moverdb.com\/wp-content\/uploads\/Euromove-international-moving-company-1.png\" alt=\"Euromove mezin\u00e1rodn\u00ed st\u011bhov\u00e1n\u00ed spole\u010dnost\" width=\"1440\" height=\"683\" data-wp-pid=\"8311\" srcset=\"https:\/\/moverdb.com\/wp-content\/uploads\/Euromove-international-moving-company-1.png 1440w, https:\/\/moverdb.com\/wp-content\/uploads\/Euromove-international-moving-company-1-300x142.png 300w, https:\/\/moverdb.com\/wp-content\/uploads\/Euromove-international-moving-company-1-1024x486.png 1024w, https:\/\/moverdb.com\/wp-content\/uploads\/Euromove-international-moving-company-1-18x9.png 18w, https:\/\/moverdb.com\/wp-content\/uploads\/Euromove-international-moving-company-1-600x285.png 600w\" sizes=\"auto, (max-width: 1440px) 100vw, 1440px\" \/><\/p>\n<ul>\n<li>M\u00edstn\u00ed a vnitrost\u00e1tn\u00ed p\u0159esuny<\/li>\n<li>Mezin\u00e1rodn\u00ed p\u0159esuny<\/li>\n<li>St\u011bhov\u00e1n\u00ed do obytn\u00fdch prostor<\/li>\n<li>Komer\u010dn\u00ed p\u0159esuny<\/li>\n<li>Balic\u00ed slu\u017eba<\/li>\n<li>Demont\u00e1\u017e a mont\u00e1\u017e n\u00e1bytku<\/li>\n<li>V\u00fdb\u011br p\u0159epravy a manipulace<\/li>\n<li>Celn\u00ed formality<\/li>\n<li>Skladovac\u00ed prostory<\/li>\n<\/ul>\n<p>Euromove je mezin\u00e1rodn\u00ed st\u011bhovac\u00ed spole\u010dnost, kter\u00e1 byla zalo\u017eena v roce 2006. <a href=\"https:\/\/moverdb.com\/cs\/moving-to-canada\/\" data-internallinksmanager029f6b8e52c=\"265\" title=\"St\u011bhov\u00e1n\u00ed do Kanady? 2026 N\u00e1klady na bydlen\u00ed a tipy na p\u0159est\u011bhov\u00e1n\u00ed\">Kanada<\/a> v roce 2004 a jej\u00ed marock\u00e1 dce\u0159in\u00e1 spole\u010dnost byla zalo\u017eena v Casablance v roce 2011. Je \u010dlenem IAM s dvan\u00e1ctiletou tradic\u00ed, co\u017e j\u00ed poskytuje mezin\u00e1rodn\u00ed s\u00ed\u0165 st\u011bhovac\u00edch agent\u016f, kte\u0159\u00ed j\u00ed pomohou se st\u011bhov\u00e1n\u00edm do zahrani\u010d\u00ed.<\/p>\n<p>Spole\u010dnost Euromove nab\u00edz\u00ed rychl\u00e9 a profesion\u00e1ln\u00ed st\u011bhov\u00e1n\u00ed, kter\u00e9 zahrnuje v\u0161echny aspekty st\u011bhov\u00e1n\u00ed. Poskytuje balic\u00ed slu\u017eby, kter\u00e9 bezpe\u010dn\u011b zabal\u00ed v\u0161echny va\u0161e v\u011bci a um\u00edst\u00ed je do va\u0161eho nov\u00e9ho domova. Disponuj\u00ed vozov\u00fdm parkem kvalitn\u00edch st\u011bhovac\u00edch voz\u016f, kter\u00e9 ochr\u00e1n\u00ed sv\u016fj n\u00e1klad p\u0159i p\u0159eprav\u011b. Pomohou v\u00e1m s administrativn\u00edmi postupy a celn\u00edmi formalitami.<\/p>\n<p>Webov\u00e9 str\u00e1nky: <a href=\"http:\/\/www.euromove.ma\" target=\"_blank\" rel=\"noopener\">http:\/\/www.euromove.ma<\/a><\/p>\n<h2><span class=\"ez-toc-section\" id=\"3_MIMC\"><\/span><strong>3. MIMC<\/strong><span class=\"ez-toc-section-end\"><\/span><\/h2>\n<p><img loading=\"lazy\" decoding=\"async\" class=\"alignnone size-full wp-image-8339\" src=\"https:\/\/moverdb.com\/wp-content\/uploads\/MIMC-international-moving-company.png\" alt=\"MIMC mezin\u00e1rodn\u00ed st\u011bhov\u00e1n\u00ed spole\u010dnost\" width=\"1440\" height=\"683\" data-wp-pid=\"8339\" srcset=\"https:\/\/moverdb.com\/wp-content\/uploads\/MIMC-international-moving-company.png 1440w, https:\/\/moverdb.com\/wp-content\/uploads\/MIMC-international-moving-company-300x142.png 300w, https:\/\/moverdb.com\/wp-content\/uploads\/MIMC-international-moving-company-1024x486.png 1024w, https:\/\/moverdb.com\/wp-content\/uploads\/MIMC-international-moving-company-18x9.png 18w, https:\/\/moverdb.com\/wp-content\/uploads\/MIMC-international-moving-company-600x285.png 600w\" sizes=\"auto, (max-width: 1440px) 100vw, 1440px\" \/><\/p>\n<ul>\n<li>St\u011bhov\u00e1n\u00ed na n\u00e1rodn\u00ed \u00farovni<\/li>\n<li>Mezin\u00e1rodn\u00ed p\u0159esuny<\/li>\n<li>St\u011bhov\u00e1n\u00ed dom\u00e1cnost\u00ed<\/li>\n<li>Slu\u017eba od dve\u0159\u00ed ke dve\u0159\u00edm<\/li>\n<li>Balic\u00ed slu\u017eba<\/li>\n<li>Silni\u010dn\u00ed, n\u00e1mo\u0159n\u00ed a leteck\u00e1 doprava<\/li>\n<li>Celn\u00ed formality<\/li>\n<li>P\u0159em\u00edst\u011bn\u00ed dom\u00e1c\u00edho mazl\u00ed\u010dka<\/li>\n<li><a href=\"https:\/\/moverdb.com\/cs\/car-transport-shipping\/\" data-internallinksmanager029f6b8e52c=\"2\" title=\"2026 Mezin\u00e1rodn\u00ed p\u0159eprava automobil\u016f &amp; P\u0159eprava vozidel Citace\">P\u0159eprava automobil\u016f<\/a><\/li>\n<li>Zabezpe\u010den\u00e9 skladovac\u00ed prostory<\/li>\n<\/ul>\n<p>MIMC je mezin\u00e1rodn\u00ed st\u011bhovac\u00ed spole\u010dnost, kter\u00e1 byla zalo\u017eena v roce 2001 a m\u00e1 pobo\u010dky v Rabatu, Kenit\u0159e a Casa. Spolupracuje s celou \u0159adou spolehliv\u00fdch partner\u016f, kte\u0159\u00ed j\u00ed pom\u00e1haj\u00ed p\u0159i poskytov\u00e1n\u00ed slu\u017eeb v mezin\u00e1rodn\u00edm m\u011b\u0159\u00edtku. Jsou \u010dlenem IAM s 22letou tradic\u00ed.<\/p>\n<p>Spole\u010dnost MIMC nab\u00edz\u00ed komplexn\u00ed \u0159e\u0161en\u00ed st\u011bhov\u00e1n\u00ed, kter\u00e9 je p\u0159izp\u016fsobeno va\u0161im pot\u0159eb\u00e1m a kter\u00e9 za\u010d\u00edn\u00e1 \u00favodn\u00edm pr\u016fzkumem, p\u0159i n\u011bm\u017e se posoud\u00ed va\u0161e po\u017eadavky. Nab\u00edz\u00ed balic\u00ed slu\u017eby, kter\u00e9 ochr\u00e1n\u00ed va\u0161e v\u011bci p\u0159i p\u0159eprav\u011b. Nab\u00edzej\u00ed silni\u010dn\u00ed, n\u00e1mo\u0159n\u00ed a leteckou p\u0159epravu, kter\u00e1 zahrnuje v\u00fdb\u011br velikosti z\u00e1silek, jako jsou pln\u00e9 kontejnery a men\u0161\u00ed ne\u017e kontejnerov\u00e9 z\u00e1silky.<\/p>\n<p>Webov\u00e9 str\u00e1nky: <a href=\"https:\/\/moumene.ma\/\" target=\"_blank\" rel=\"noopener\">https:\/\/moumene.ma\/<\/a><\/p>\n<h2><span class=\"ez-toc-section\" id=\"4_MYCS\"><\/span><strong>4. MYCS<\/strong><span class=\"ez-toc-section-end\"><\/span><\/h2>\n<p><img loading=\"lazy\" decoding=\"async\" class=\"alignnone size-full wp-image-8439\" src=\"https:\/\/moverdb.com\/wp-content\/uploads\/MYCS-international-moving-company.png\" alt=\"\" width=\"1440\" height=\"676\" data-wp-pid=\"8439\" srcset=\"https:\/\/moverdb.com\/wp-content\/uploads\/MYCS-international-moving-company.png 1440w, https:\/\/moverdb.com\/wp-content\/uploads\/MYCS-international-moving-company-300x141.png 300w, https:\/\/moverdb.com\/wp-content\/uploads\/MYCS-international-moving-company-1024x481.png 1024w, https:\/\/moverdb.com\/wp-content\/uploads\/MYCS-international-moving-company-18x8.png 18w, https:\/\/moverdb.com\/wp-content\/uploads\/MYCS-international-moving-company-600x282.png 600w\" sizes=\"auto, (max-width: 1440px) 100vw, 1440px\" \/><\/p>\n<ul>\n<li>Vnitrost\u00e1tn\u00ed z\u00e1silky<\/li>\n<li>Mezin\u00e1rodn\u00ed z\u00e1silky<\/li>\n<li>Osobn\u00ed z\u00e1silky<\/li>\n<li>Obchodn\u00ed z\u00e1silky<\/li>\n<li>Slu\u017eba od dve\u0159\u00ed ke dve\u0159\u00edm<\/li>\n<li>Silni\u010dn\u00ed, n\u00e1mo\u0159n\u00ed a leteck\u00e1 n\u00e1kladn\u00ed doprava<\/li>\n<li><a href=\"https:\/\/moverdb.com\/cs\/container-shipping\/\" data-internallinksmanager029f6b8e52c=\"3\" title=\"Graf sazeb mezin\u00e1rodn\u00ed kontejnerov\u00e9 dopravy: Duben 2026\">Kontejnerov\u00e1 doprava<\/a> mo\u017enosti<\/li>\n<li>Celn\u00ed odbaven\u00ed<\/li>\n<li>Stav z\u00e1silek v re\u00e1ln\u00e9m \u010dase<\/li>\n<li>Skladovac\u00ed prostory<\/li>\n<\/ul>\n<p>MYCS je spedi\u010dn\u00ed a logistick\u00e1 spole\u010dnost s desetilet\u00fdmi zku\u0161enostmi, kter\u00e1 s\u00eddl\u00ed v Maroku a na Slovensku. <a href=\"https:\/\/moverdb.com\/cs\/moving-companies\/egypt-moving-companies\/\" data-internallinksmanager029f6b8e52c=\"200\" title=\"11 Nejlep\u0161\u00ed mezin\u00e1rodn\u00ed st\u011bhovac\u00ed spole\u010dnosti v Egypt\u011b\">Egypt<\/a>. Jejich marock\u00e9 kancel\u00e1\u0159e se nach\u00e1zej\u00ed v Casablance, Mohammedii a Tangeru. Spolupracuj\u00ed s celosv\u011btovou s\u00edt\u00ed partner\u016f, kte\u0159\u00ed poskytuj\u00ed slu\u017eby po cel\u00e9m sv\u011bt\u011b, a jsou \u010dleny IAM.<\/p>\n<p>Spole\u010dnost MYCS nab\u00edz\u00ed individu\u00e1ln\u00ed p\u0159epravn\u00ed \u0159e\u0161en\u00ed, kter\u00e1 zahrnuj\u00ed p\u0159epravu zbo\u017e\u00ed pro dom\u00e1cnosti a firmy mezi domovy nebo kancel\u00e1\u0159emi. Poskytuje slu\u017eby od dve\u0159\u00ed ke dve\u0159\u00edm pro mal\u00e9 i velk\u00e9 z\u00e1silky a m\u016f\u017ee je doru\u010dit kamkoli na sv\u011bt\u011b. Nab\u00edz\u00ed silni\u010dn\u00ed, leteckou a n\u00e1mo\u0159n\u00ed p\u0159epravu, kter\u00e1 zahrnuje p\u0159epravu men\u0161\u00edch i cel\u00fdch kontejner\u016f.<\/p>\n<p>Webov\u00e9 str\u00e1nky: <a href=\"http:\/\/www.mycs.ma\" target=\"_blank\" rel=\"noopener\">http:\/\/www.mycs.ma<\/a> &nbsp;<\/p>","protected":false},"excerpt":{"rendered":"<p>When you are thinking of moving, there is so much to do and plan especially if you are moving abroad. This is where a moving company can help lighten the load. Below we have compiled a list of Moroccan removal companies that are members of the International Association of Movers (IAM) and\/or FIDI Accredited International [&hellip;]<\/p>\n","protected":false},"author":4,"featured_media":0,"parent":190,"menu_order":0,"comment_status":"closed","ping_status":"closed","template":"","meta":{"_genesis_hide_title":false,"_genesis_hide_breadcrumbs":false,"_genesis_hide_singular_image":false,"_genesis_hide_footer_widgets":false,"_genesis_custom_body_class":"","_genesis_custom_post_class":"","_genesis_layout":"","footnotes":""},"class_list":{"0":"post-8438","1":"page","2":"type-page","3":"status-publish","5":"entry","6":"has-post-thumbnail"},"_links":{"self":[{"href":"https:\/\/moverdb.com\/cs\/wp-json\/wp\/v2\/pages\/8438","targetHints":{"allow":["GET"]}}],"collection":[{"href":"https:\/\/moverdb.com\/cs\/wp-json\/wp\/v2\/pages"}],"about":[{"href":"https:\/\/moverdb.com\/cs\/wp-json\/wp\/v2\/types\/page"}],"author":[{"embeddable":true,"href":"https:\/\/moverdb.com\/cs\/wp-json\/wp\/v2\/users\/4"}],"replies":[{"embeddable":true,"href":"https:\/\/moverdb.com\/cs\/wp-json\/wp\/v2\/comments?post=8438"}],"version-history":[{"count":1,"href":"https:\/\/moverdb.com\/cs\/wp-json\/wp\/v2\/pages\/8438\/revisions"}],"predecessor-version":[{"id":8440,"href":"https:\/\/moverdb.com\/cs\/wp-json\/wp\/v2\/pages\/8438\/revisions\/8440"}],"up":[{"embeddable":true,"href":"https:\/\/moverdb.com\/cs\/wp-json\/wp\/v2\/pages\/190"}],"wp:attachment":[{"href":"https:\/\/moverdb.com\/cs\/wp-json\/wp\/v2\/media?parent=8438"}],"curies":[{"name":"wp","href":"https:\/\/api.w.org\/{rel}","templated":true}]}}