{"id":8434,"date":"2023-04-27T14:43:29","date_gmt":"2023-04-27T14:43:29","guid":{"rendered":"https:\/\/moverdb.com\/?page_id=8434"},"modified":"2026-01-08T15:23:49","modified_gmt":"2026-01-08T15:23:49","slug":"moving-companies-mongolia","status":"publish","type":"page","link":"https:\/\/moverdb.com\/cs\/moving-companies\/moving-companies-mongolia\/","title":{"rendered":"2 Nejlep\u0161\u00ed mezin\u00e1rodn\u00ed st\u011bhovac\u00ed spole\u010dnosti v Mongolsku"},"content":{"rendered":"<p>St\u011bhov\u00e1n\u00ed m\u016f\u017ee b\u00fdt stresuj\u00edc\u00ed, zejm\u00e9na pokud se st\u011bhujete do jin\u00e9 zem\u011b. Pokud se st\u011bhujete v r\u00e1mci Mongolska, do Mongolska nebo z Mongolska, mo\u017en\u00e1 budete cht\u00edt vyu\u017e\u00edt slu\u017eeb st\u011bhovac\u00ed firmy. <a href=\"https:\/\/moverdb.com\/cs\/moving-companies\/\" data-internallinksmanager029f6b8e52c=\"79\" title=\"Top 25 Mezin\u00e1rodn\u00ed st\u011bhovac\u00ed spole\u010dnosti Online\">st\u011bhovac\u00ed spole\u010dnost<\/a> abyste si usnadnili \u017eivot. N\u00ed\u017ee jsme pro v\u00e1s p\u0159ipravili seznam mongol\u0161tiny. <a href=\"https:\/\/moverdb.com\/cs\/international-removals\/\" data-internallinksmanager029f6b8e52c=\"27\" title=\"36 nejlep\u0161\u00edch mezin\u00e1rodn\u00edch st\u011bhovac\u00edch spole\u010dnost\u00ed ve Velk\u00e9 Brit\u00e1nii\">st\u011bhovac\u00ed firmy<\/a> kter\u00e9 jsou \u010dleny <a href=\"https:\/\/moverdb.com\/cs\/iam\/\" data-internallinksmanager029f6b8e52c=\"23\" title=\"Vysv\u011btlen\u00ed Mezin\u00e1rodn\u00ed asociace st\u011bhov\u00e1k\u016f (IAM)\">Mezin\u00e1rodn\u00ed asociace st\u011bhov\u00e1k\u016f<\/a> (IAM) a\/nebo <a href=\"https:\/\/moverdb.com\/cs\/fidi-faim\/\" data-internallinksmanager029f6b8e52c=\"16\" title=\"Vysv\u011btlen\u00ed FIDI a FAIM (FIDI Accredited International Mover)\">FIDI<\/a> Akreditovan\u00e9 mezin\u00e1rodn\u00ed st\u011bhov\u00e1n\u00ed (FAIM), kter\u00e9 by v\u00e1m mohlo pomoci se st\u011bhov\u00e1n\u00edm.<\/p>\n<h2><strong>1. Nice Move Logistics<\/strong><\/h2>\n<p><img loading=\"lazy\" decoding=\"async\" class=\"alignnone size-full wp-image-8349\" src=\"https:\/\/moverdb.com\/wp-content\/uploads\/Nice-Move-Logistics-international-moving-company.png\" alt=\"Nice Move Logistics mezin\u00e1rodn\u00ed st\u011bhov\u00e1n\u00ed spole\u010dnost\" width=\"1440\" height=\"670\" data-wp-pid=\"8349\" srcset=\"https:\/\/moverdb.com\/wp-content\/uploads\/Nice-Move-Logistics-international-moving-company.png 1440w, https:\/\/moverdb.com\/wp-content\/uploads\/Nice-Move-Logistics-international-moving-company-300x140.png 300w, https:\/\/moverdb.com\/wp-content\/uploads\/Nice-Move-Logistics-international-moving-company-1024x476.png 1024w, https:\/\/moverdb.com\/wp-content\/uploads\/Nice-Move-Logistics-international-moving-company-18x8.png 18w, https:\/\/moverdb.com\/wp-content\/uploads\/Nice-Move-Logistics-international-moving-company-600x279.png 600w\" sizes=\"auto, (max-width: 1440px) 100vw, 1440px\" \/><\/p>\n<ul>\n<li>M\u00edstn\u00ed a vnitrost\u00e1tn\u00ed p\u0159esuny<\/li>\n<li>Mezin\u00e1rodn\u00ed p\u0159esuny<\/li>\n<li>St\u011bhov\u00e1n\u00ed dom\u00e1cnost\u00ed<\/li>\n<li>St\u011bhov\u00e1n\u00ed kancel\u00e1\u0159\u00ed<\/li>\n<li>Profesion\u00e1ln\u00ed balic\u00ed slu\u017eby<\/li>\n<li>N\u00e1mo\u0159n\u00ed a leteck\u00e9 z\u00e1silky<\/li>\n<li>Celn\u00ed odbaven\u00ed<\/li>\n<li>P\u0159em\u00edst\u011bn\u00ed dom\u00e1c\u00edch zv\u00ed\u0159at<\/li>\n<li>P\u0159eprava autem<\/li>\n<li>Skladovac\u00ed prostory<\/li>\n<\/ul>\n<p>Nice Move Logistics je st\u011bhovac\u00ed a reloka\u010dn\u00ed spole\u010dnost, kter\u00e1 byla zalo\u017eena v roce 2021 a s\u00eddl\u00ed v Ul\u00e1nb\u00e1taru. Je \u010dlenem IAM s dvouletou p\u016fsobnost\u00ed, co\u017e j\u00ed umo\u017e\u0148uje p\u0159\u00edstup k mezin\u00e1rodn\u00ed s\u00edti st\u011bhovac\u00edch agent\u016f, kter\u00e1 j\u00ed pom\u00e1h\u00e1 poskytovat slu\u017eby po cel\u00e9m sv\u011bt\u011b.<\/p>\n<p>Nice Move Logistics nab\u00edz\u00ed st\u011bhovac\u00ed slu\u017eby v r\u00e1mci Mongolska, do Mongolska a z Mongolska pro dom\u00e1cnosti a kancel\u00e1\u0159e. Nab\u00edz\u00ed profesion\u00e1ln\u00ed balic\u00ed slu\u017eby, kter\u00e9 pomohou ochr\u00e1nit va\u0161e v\u011bci p\u0159i p\u0159eprav\u011b, a zajist\u00ed p\u0159epravu po mo\u0159i nebo letecky s celn\u00edm odbaven\u00edm. Nab\u00edz\u00ed tak\u00e9 dal\u0161\u00ed slu\u017eby v\u010detn\u011b st\u011bhov\u00e1n\u00ed dom\u00e1c\u00edch mazl\u00ed\u010dk\u016f, manipulace s automobily a skladov\u00e1n\u00ed.<\/p>\n<p>Webov\u00e9 str\u00e1nky: <a href=\"http:\/\/www.nicelogistics.mn\" target=\"_blank\" rel=\"noopener\">http:\/\/www.nicelogistics.mn<\/a><\/p>\n<h2><strong>2. Monex Mongolian Express<\/strong><\/h2>\n<p><img loading=\"lazy\" decoding=\"async\" class=\"alignnone size-full wp-image-8342\" src=\"https:\/\/moverdb.com\/wp-content\/uploads\/Monex-Mongolian-Express-international-moving-company.png\" alt=\"Monex Mongolsk\u00fd Express mezin\u00e1rodn\u00ed st\u011bhov\u00e1n\u00ed spole\u010dnost\" width=\"1440\" height=\"637\" data-wp-pid=\"8342\" srcset=\"https:\/\/moverdb.com\/wp-content\/uploads\/Monex-Mongolian-Express-international-moving-company.png 1440w, https:\/\/moverdb.com\/wp-content\/uploads\/Monex-Mongolian-Express-international-moving-company-300x133.png 300w, https:\/\/moverdb.com\/wp-content\/uploads\/Monex-Mongolian-Express-international-moving-company-1024x453.png 1024w, https:\/\/moverdb.com\/wp-content\/uploads\/Monex-Mongolian-Express-international-moving-company-18x8.png 18w, https:\/\/moverdb.com\/wp-content\/uploads\/Monex-Mongolian-Express-international-moving-company-600x265.png 600w\" sizes=\"auto, (max-width: 1440px) 100vw, 1440px\" \/><\/p>\n<ul>\n<li>St\u011bhov\u00e1n\u00ed na n\u00e1rodn\u00ed \u00farovni<\/li>\n<li>Mezin\u00e1rodn\u00ed p\u0159esuny<\/li>\n<li>St\u011bhov\u00e1n\u00ed dom\u00e1cnost\u00ed<\/li>\n<li>Obchodn\u00ed z\u00e1silky<\/li>\n<li>Organizace z\u00e1silek<\/li>\n<li><a href=\"https:\/\/moverdb.com\/cs\/container-shipping\/\" data-internallinksmanager029f6b8e52c=\"3\" title=\"Graf sazeb mezin\u00e1rodn\u00ed kontejnerov\u00e9 dopravy: Duben 2026\">Kontejnerov\u00e1 doprava<\/a><\/li>\n<li>Balic\u00ed slu\u017eby<\/li>\n<li>Silni\u010dn\u00ed, \u017eelezni\u010dn\u00ed, n\u00e1mo\u0159n\u00ed a leteck\u00e1 doprava<\/li>\n<li>Celn\u00ed odbaven\u00ed<\/li>\n<li>Skladovac\u00ed prostory<\/li>\n<\/ul>\n<p>Monex Mongolian Express je dopravn\u00ed a logistick\u00e1 spole\u010dnost zalo\u017een\u00e1 v roce 1999 se s\u00eddlem v Ul\u00e1nb\u00e1taru. Je \u010dlenem IAM s 24letou tradic\u00ed, kter\u00e1 j\u00ed poskytuje mezin\u00e1rodn\u00ed s\u00ed\u0165 st\u011bhovac\u00edch agent\u016f, kte\u0159\u00ed j\u00ed pom\u00e1haj\u00ed poskytovat slu\u017eby po cel\u00e9m sv\u011bt\u011b.<\/p>\n<p>Spole\u010dnost Monex Mongolian Express poskytuje p\u0159epravn\u00ed slu\u017eby, kter\u00e9 zahrnuj\u00ed mezin\u00e1rodn\u00ed st\u011bhov\u00e1n\u00ed a doru\u010dov\u00e1n\u00ed. Zajist\u00ed p\u0159epravu va\u0161ich v\u011bc\u00ed po silnici, \u017eeleznici, po mo\u0159i nebo letecky a pom\u016f\u017ee v\u00e1m s celn\u00edm odbaven\u00edm. Nab\u00edz\u00ed 20 a 40stop\u00e9 kontejnery pro p\u0159epravu va\u0161eho zbo\u017e\u00ed a tak\u00e9 \u0159adu vozidel r\u016fzn\u00fdch velikost\u00ed.<\/p>\n<p>Webov\u00e9 str\u00e1nky: <a href=\"http:\/\/www.monex.mn\" target=\"_blank\" rel=\"noopener\">http:\/\/www.monex.mn<\/a><\/p>","protected":false},"excerpt":{"rendered":"<p>Moving can be a stressful time especially if you are moving countries. If you are moving within, to or from Mongolia you may want to engage the services of a moving company to make your life easier. Below we have compiled a list of Mongolian removal companies that are members of the International Association of [&hellip;]<\/p>\n","protected":false},"author":4,"featured_media":0,"parent":190,"menu_order":0,"comment_status":"closed","ping_status":"closed","template":"","meta":{"_genesis_hide_title":false,"_genesis_hide_breadcrumbs":false,"_genesis_hide_singular_image":false,"_genesis_hide_footer_widgets":false,"_genesis_custom_body_class":"","_genesis_custom_post_class":"","_genesis_layout":"","footnotes":""},"class_list":{"0":"post-8434","1":"page","2":"type-page","3":"status-publish","5":"entry","6":"has-post-thumbnail"},"_links":{"self":[{"href":"https:\/\/moverdb.com\/cs\/wp-json\/wp\/v2\/pages\/8434","targetHints":{"allow":["GET"]}}],"collection":[{"href":"https:\/\/moverdb.com\/cs\/wp-json\/wp\/v2\/pages"}],"about":[{"href":"https:\/\/moverdb.com\/cs\/wp-json\/wp\/v2\/types\/page"}],"author":[{"embeddable":true,"href":"https:\/\/moverdb.com\/cs\/wp-json\/wp\/v2\/users\/4"}],"replies":[{"embeddable":true,"href":"https:\/\/moverdb.com\/cs\/wp-json\/wp\/v2\/comments?post=8434"}],"version-history":[{"count":1,"href":"https:\/\/moverdb.com\/cs\/wp-json\/wp\/v2\/pages\/8434\/revisions"}],"predecessor-version":[{"id":8435,"href":"https:\/\/moverdb.com\/cs\/wp-json\/wp\/v2\/pages\/8434\/revisions\/8435"}],"up":[{"embeddable":true,"href":"https:\/\/moverdb.com\/cs\/wp-json\/wp\/v2\/pages\/190"}],"wp:attachment":[{"href":"https:\/\/moverdb.com\/cs\/wp-json\/wp\/v2\/media?parent=8434"}],"curies":[{"name":"wp","href":"https:\/\/api.w.org\/{rel}","templated":true}]}}