{"id":8432,"date":"2023-04-27T14:44:07","date_gmt":"2023-04-27T14:44:07","guid":{"rendered":"https:\/\/moverdb.com\/?page_id=8432"},"modified":"2026-01-08T15:30:08","modified_gmt":"2026-01-08T15:30:08","slug":"moving-companies-moldova","status":"publish","type":"page","link":"https:\/\/moverdb.com\/cs\/moving-companies\/moving-companies-moldova\/","title":{"rendered":"Nejlep\u0161\u00ed mezin\u00e1rodn\u00ed st\u011bhovac\u00ed spole\u010dnosti v Moldavsku"},"content":{"rendered":"<p>Pokud se chyst\u00e1te st\u011bhovat dom\u016f nebo podnikat v r\u00e1mci Moldavska, do Moldavska nebo z Moldavska, mo\u017en\u00e1 byste m\u011bli zv\u00e1\u017eit vyu\u017eit\u00ed slu\u017eeb advok\u00e1tn\u00ed kancel\u00e1\u0159e. <a href=\"https:\/\/moverdb.com\/cs\/moving-companies\/\" data-internallinksmanager029f6b8e52c=\"79\" title=\"Top 25 Mezin\u00e1rodn\u00ed st\u011bhovac\u00ed spole\u010dnosti Online\">st\u011bhovac\u00ed spole\u010dnost<\/a> usnadnit st\u011bhov\u00e1n\u00ed. N\u00ed\u017ee jsme sestavili seznam firem se s\u00eddlem v Moldavsku. <a href=\"https:\/\/moverdb.com\/cs\/international-removals\/\" data-internallinksmanager029f6b8e52c=\"27\" title=\"36 nejlep\u0161\u00edch mezin\u00e1rodn\u00edch st\u011bhovac\u00edch spole\u010dnost\u00ed ve Velk\u00e9 Brit\u00e1nii\">st\u011bhovac\u00ed firmy<\/a> kter\u00e9 jsou \u010dleny <a href=\"https:\/\/moverdb.com\/cs\/iam\/\" data-internallinksmanager029f6b8e52c=\"23\" title=\"Vysv\u011btlen\u00ed Mezin\u00e1rodn\u00ed asociace st\u011bhov\u00e1k\u016f (IAM)\">Mezin\u00e1rodn\u00ed asociace st\u011bhov\u00e1k\u016f<\/a> (IAM) a\/nebo <a href=\"https:\/\/moverdb.com\/cs\/fidi-faim\/\" data-internallinksmanager029f6b8e52c=\"16\" title=\"Vysv\u011btlen\u00ed FIDI a FAIM (FIDI Accredited International Mover)\">FIDI<\/a> Akreditovan\u00e9 mezin\u00e1rodn\u00ed st\u011bhov\u00e1n\u00ed (FAIM), kter\u00e9 by v\u00e1m mohlo pomoci se st\u011bhov\u00e1n\u00edm.<\/p>\n<h2><strong>Moldav\u0161t\u00ed st\u011bhov\u00e1ci<\/strong><\/h2>\n<p><img loading=\"lazy\" decoding=\"async\" class=\"alignnone size-full wp-image-8341\" src=\"https:\/\/moverdb.com\/wp-content\/uploads\/Moldovan-Movers-international-moving-company.png\" alt=\"Moldavsk\u00e9 Movers mezin\u00e1rodn\u00ed st\u011bhov\u00e1n\u00ed spole\u010dnost\" width=\"1440\" height=\"682\" data-wp-pid=\"8341\" srcset=\"https:\/\/moverdb.com\/wp-content\/uploads\/Moldovan-Movers-international-moving-company.png 1440w, https:\/\/moverdb.com\/wp-content\/uploads\/Moldovan-Movers-international-moving-company-300x142.png 300w, https:\/\/moverdb.com\/wp-content\/uploads\/Moldovan-Movers-international-moving-company-1024x485.png 1024w, https:\/\/moverdb.com\/wp-content\/uploads\/Moldovan-Movers-international-moving-company-18x9.png 18w, https:\/\/moverdb.com\/wp-content\/uploads\/Moldovan-Movers-international-moving-company-600x284.png 600w\" sizes=\"auto, (max-width: 1440px) 100vw, 1440px\" \/><\/p>\n<ul>\n<li>St\u011bhov\u00e1n\u00ed na n\u00e1rodn\u00ed \u00farovni<\/li>\n<li>Mezin\u00e1rodn\u00ed p\u0159esuny<\/li>\n<li>St\u011bhov\u00e1n\u00ed do obytn\u00fdch prostor<\/li>\n<li>St\u011bhov\u00e1n\u00ed kancel\u00e1\u0159\u00ed<\/li>\n<li>Profesion\u00e1ln\u00ed balic\u00ed slu\u017eby<\/li>\n<li>Zaji\u0161t\u011bn\u00ed dopravy<\/li>\n<li>Celn\u00ed odbaven\u00ed<\/li>\n<li>P\u0159em\u00edst\u011bn\u00ed dom\u00e1c\u00edho mazl\u00ed\u010dka<\/li>\n<li>P\u0159eprava vozidel<\/li>\n<li>Skladovac\u00ed prostory<\/li>\n<\/ul>\n<p>Moldovan je jednou z nejv\u011bt\u0161\u00edch st\u011bhovac\u00edch spole\u010dnost\u00ed v Moldavsku, kter\u00e1 byla zalo\u017eena v roce 1995 a s\u00eddl\u00ed v Ki\u0161in\u011bv\u011b. M\u00e1 s\u00ed\u0165 d\u016fv\u011bryhodn\u00fdch partner\u016f, s nimi\u017e spolupracuje po cel\u00e9m sv\u011bt\u011b a poskytuje st\u011bhovac\u00ed slu\u017eby v mezin\u00e1rodn\u00edm m\u011b\u0159\u00edtku. Je \u010dlenem IAM s 25letou tradic\u00ed.<\/p>\n<p>Spole\u010dnost Moldovan nab\u00edz\u00ed bezplatn\u00fd pr\u016fzkum p\u0159ed st\u011bhov\u00e1n\u00edm, kter\u00fd posoud\u00ed va\u0161e pot\u0159eby a poskytne cenovou nab\u00eddku. Poskytuje kompletn\u00ed st\u011bhovac\u00ed slu\u017eby, kter\u00e9 zahrnuj\u00ed profesion\u00e1ln\u00ed balic\u00ed slu\u017ebu, kter\u00e1 bezpe\u010dn\u011b zabal\u00ed a vybal\u00ed va\u0161e v\u011bci, zajist\u00ed p\u0159epravu a celn\u00ed odbaven\u00ed. Nab\u00edz\u00ed tak\u00e9 specializovan\u00e9 st\u011bhovac\u00ed slu\u017eby pro vozidla a dom\u00e1c\u00ed zv\u00ed\u0159ata.<\/p>\n<p>Webov\u00e9 str\u00e1nky: <a href=\"http:\/\/www.movers.md\" target=\"_blank\" rel=\"noopener\">http:\/\/www.movers.md<\/a><\/p>","protected":false},"excerpt":{"rendered":"<p>If you are planning on moving home or business within, to or from Moldova then you might want to consider employing a moving company to make the move easier. Below we have compiled a list of Moldova based removal companies that are members of the International Association of Movers (IAM) and\/or FIDI Accredited International Mover [&hellip;]<\/p>\n","protected":false},"author":4,"featured_media":0,"parent":190,"menu_order":0,"comment_status":"closed","ping_status":"closed","template":"","meta":{"_genesis_hide_title":false,"_genesis_hide_breadcrumbs":false,"_genesis_hide_singular_image":false,"_genesis_hide_footer_widgets":false,"_genesis_custom_body_class":"","_genesis_custom_post_class":"","_genesis_layout":"","footnotes":""},"class_list":{"0":"post-8432","1":"page","2":"type-page","3":"status-publish","5":"entry","6":"has-post-thumbnail"},"_links":{"self":[{"href":"https:\/\/moverdb.com\/cs\/wp-json\/wp\/v2\/pages\/8432","targetHints":{"allow":["GET"]}}],"collection":[{"href":"https:\/\/moverdb.com\/cs\/wp-json\/wp\/v2\/pages"}],"about":[{"href":"https:\/\/moverdb.com\/cs\/wp-json\/wp\/v2\/types\/page"}],"author":[{"embeddable":true,"href":"https:\/\/moverdb.com\/cs\/wp-json\/wp\/v2\/users\/4"}],"replies":[{"embeddable":true,"href":"https:\/\/moverdb.com\/cs\/wp-json\/wp\/v2\/comments?post=8432"}],"version-history":[{"count":1,"href":"https:\/\/moverdb.com\/cs\/wp-json\/wp\/v2\/pages\/8432\/revisions"}],"predecessor-version":[{"id":8433,"href":"https:\/\/moverdb.com\/cs\/wp-json\/wp\/v2\/pages\/8432\/revisions\/8433"}],"up":[{"embeddable":true,"href":"https:\/\/moverdb.com\/cs\/wp-json\/wp\/v2\/pages\/190"}],"wp:attachment":[{"href":"https:\/\/moverdb.com\/cs\/wp-json\/wp\/v2\/media?parent=8432"}],"curies":[{"name":"wp","href":"https:\/\/api.w.org\/{rel}","templated":true}]}}