{"id":8429,"date":"2023-04-27T14:44:53","date_gmt":"2023-04-27T14:44:53","guid":{"rendered":"https:\/\/moverdb.com\/?page_id=8429"},"modified":"2026-01-08T15:29:22","modified_gmt":"2026-01-08T15:29:22","slug":"moving-companies-mauritius","status":"publish","type":"page","link":"https:\/\/moverdb.com\/cs\/moving-companies\/moving-companies-mauritius\/","title":{"rendered":"6 Nejlep\u0161\u00ed mezin\u00e1rodn\u00ed st\u011bhovac\u00ed spole\u010dnosti na Mauriciu"},"content":{"rendered":"<p>St\u011bhov\u00e1n\u00ed dom\u016f nebo podnik\u00e1n\u00ed na Mauricius nebo z Mauricia m\u016f\u017ee b\u00fdt stresuj\u00edc\u00ed, proto\u017ee p\u0159i st\u011bhov\u00e1n\u00ed do zahrani\u010d\u00ed je t\u0159eba vy\u0159\u00eddit spoustu formalit a dokument\u016f. To je d\u016fvod, pro\u010d mnoz\u00ed lid\u00e9 vyu\u017e\u00edvaj\u00ed slu\u017eeb <a href=\"https:\/\/moverdb.com\/cs\/moving-companies\/\" data-internallinksmanager029f6b8e52c=\"79\" title=\"Top 25 Mezin\u00e1rodn\u00ed st\u011bhovac\u00ed spole\u010dnosti Online\">st\u011bhovac\u00ed spole\u010dnost<\/a> usnadnit jim \u017eivot. N\u00ed\u017ee jsme pro v\u00e1s p\u0159ipravili seznam firem, kter\u00e9 se na Mauriciu nach\u00e1zej\u00ed <a href=\"https:\/\/moverdb.com\/cs\/international-removals\/\" data-internallinksmanager029f6b8e52c=\"27\" title=\"36 nejlep\u0161\u00edch mezin\u00e1rodn\u00edch st\u011bhovac\u00edch spole\u010dnost\u00ed ve Velk\u00e9 Brit\u00e1nii\">st\u011bhovac\u00ed firmy<\/a> kter\u00e9 jsou \u010dleny <a href=\"https:\/\/moverdb.com\/cs\/iam\/\" data-internallinksmanager029f6b8e52c=\"23\" title=\"Vysv\u011btlen\u00ed Mezin\u00e1rodn\u00ed asociace st\u011bhov\u00e1k\u016f (IAM)\">Mezin\u00e1rodn\u00ed asociace st\u011bhov\u00e1k\u016f<\/a> (IAM) a\/nebo <a href=\"https:\/\/moverdb.com\/cs\/fidi-faim\/\" data-internallinksmanager029f6b8e52c=\"16\" title=\"Vysv\u011btlen\u00ed FIDI a FAIM (FIDI Accredited International Mover)\">FIDI<\/a> Akreditovan\u00e9 mezin\u00e1rodn\u00ed st\u011bhov\u00e1n\u00ed (FAIM), kter\u00e9 by v\u00e1m mohlo pomoci se st\u011bhov\u00e1n\u00edm.<\/p>\n<div id=\"ez-toc-container\" class=\"ez-toc-v2_0_82_2 ez-toc-wrap-left counter-hierarchy ez-toc-counter ez-toc-transparent ez-toc-container-direction\">\n<div class=\"ez-toc-title-container\">\n<p class=\"ez-toc-title\" style=\"cursor:inherit\">Sekce<\/p>\n<span class=\"ez-toc-title-toggle\"><a href=\"#\" class=\"ez-toc-pull-right ez-toc-btn ez-toc-btn-xs ez-toc-btn-default ez-toc-toggle\" aria-label=\"P\u0159epnut\u00ed tabulky obsahu\"><span class=\"ez-toc-js-icon-con\"><span class=\"\"><span class=\"eztoc-hide\" style=\"display:none;\">P\u0159ep\u00edna\u010d<\/span><span class=\"ez-toc-icon-toggle-span\"><svg style=\"fill: #999;color:#999\" xmlns=\"http:\/\/www.w3.org\/2000\/svg\" class=\"list-377408\" width=\"20px\" height=\"20px\" viewbox=\"0 0 24 24\" fill=\"none\"><path d=\"M6 6H4v2h2V6zm14 0H8v2h12V6zM4 11h2v2H4v-2zm16 0H8v2h12v-2zM4 16h2v2H4v-2zm16 0H8v2h12v-2z\" fill=\"currentColor\"><\/path><\/svg><svg style=\"fill: #999;color:#999\" class=\"arrow-unsorted-368013\" xmlns=\"http:\/\/www.w3.org\/2000\/svg\" width=\"10px\" height=\"10px\" viewbox=\"0 0 24 24\" version=\"1.2\" baseprofile=\"tiny\"><path d=\"M18.2 9.3l-6.2-6.3-6.2 6.3c-.2.2-.3.4-.3.7s.1.5.3.7c.2.2.4.3.7.3h11c.3 0 .5-.1.7-.3.2-.2.3-.5.3-.7s-.1-.5-.3-.7zM5.8 14.7l6.2 6.3 6.2-6.3c.2-.2.3-.5.3-.7s-.1-.5-.3-.7c-.2-.2-.4-.3-.7-.3h-11c-.3 0-.5.1-.7.3-.2.2-.3.5-.3.7s.1.5.3.7z\"\/><\/svg><\/span><\/span><\/span><\/a><\/span><\/div>\n<nav><ul class='ez-toc-list ez-toc-list-level-1 eztoc-toggle-hide-by-default' ><li class='ez-toc-page-1 ez-toc-heading-level-2'><a class=\"ez-toc-link ez-toc-heading-1\" href=\"https:\/\/moverdb.com\/cs\/moving-companies\/moving-companies-mauritius\/#1_Celero\" >1. Celero<\/a><\/li><li class='ez-toc-page-1 ez-toc-heading-level-2'><a class=\"ez-toc-link ez-toc-heading-2\" href=\"https:\/\/moverdb.com\/cs\/moving-companies\/moving-companies-mauritius\/#2_Freight_and_Transit_Co_Ltd\" >2. Freight and Transit Co Ltd<\/a><\/li><li class='ez-toc-page-1 ez-toc-heading-level-2'><a class=\"ez-toc-link ez-toc-heading-3\" href=\"https:\/\/moverdb.com\/cs\/moving-companies\/moving-companies-mauritius\/#3_Relocation_and_Moving_Solutions_Ltd\" >3. P\u0159em\u00edst\u011bn\u00ed a st\u011bhov\u00e1n\u00ed Solutions Ltd<\/a><\/li><li class='ez-toc-page-1 ez-toc-heading-level-2'><a class=\"ez-toc-link ez-toc-heading-4\" href=\"https:\/\/moverdb.com\/cs\/moving-companies\/moving-companies-mauritius\/#4_Somatrans\" >4. Somatrans<\/a><\/li><li class='ez-toc-page-1 ez-toc-heading-level-2'><a class=\"ez-toc-link ez-toc-heading-5\" href=\"https:\/\/moverdb.com\/cs\/moving-companies\/moving-companies-mauritius\/#5_Velogic\" >5. Velogic<\/a><\/li><li class='ez-toc-page-1 ez-toc-heading-level-2'><a class=\"ez-toc-link ez-toc-heading-6\" href=\"https:\/\/moverdb.com\/cs\/moving-companies\/moving-companies-mauritius\/#6_Worldwide_Relocation_Services\" >6. Celosv\u011btov\u00e9 st\u011bhovac\u00ed slu\u017eby<\/a><\/li><\/ul><\/nav><\/div>\n<h2><span class=\"ez-toc-section\" id=\"1_Celero\"><\/span><strong>1. Celero<\/strong><span class=\"ez-toc-section-end\"><\/span><\/h2>\n<p><img loading=\"lazy\" decoding=\"async\" class=\"alignnone size-full wp-image-8296\" src=\"https:\/\/moverdb.com\/wp-content\/uploads\/Celero-international-moving-company.png\" alt=\"Celero mezin\u00e1rodn\u00ed st\u011bhov\u00e1n\u00ed spole\u010dnost\" width=\"1440\" height=\"671\" data-wp-pid=\"8296\" srcset=\"https:\/\/moverdb.com\/wp-content\/uploads\/Celero-international-moving-company.png 1440w, https:\/\/moverdb.com\/wp-content\/uploads\/Celero-international-moving-company-300x140.png 300w, https:\/\/moverdb.com\/wp-content\/uploads\/Celero-international-moving-company-1024x477.png 1024w, https:\/\/moverdb.com\/wp-content\/uploads\/Celero-international-moving-company-18x8.png 18w, https:\/\/moverdb.com\/wp-content\/uploads\/Celero-international-moving-company-600x280.png 600w\" sizes=\"auto, (max-width: 1440px) 100vw, 1440px\" \/><\/p>\n<ul>\n<li>Mezin\u00e1rodn\u00ed p\u0159esuny<\/li>\n<li>St\u011bhov\u00e1n\u00ed do obytn\u00fdch prostor<\/li>\n<li>St\u011bhov\u00e1n\u00ed kancel\u00e1\u0159\u00ed<\/li>\n<li>Profesion\u00e1ln\u00ed balic\u00ed slu\u017eby<\/li>\n<li>N\u00e1mo\u0159n\u00ed a leteck\u00e1 p\u0159eprava<\/li>\n<li>Konsolida\u010dn\u00ed slu\u017eba<\/li>\n<li>Celn\u00ed odbaven\u00ed<\/li>\n<li>P\u0159eprava dom\u00e1c\u00edch zv\u00ed\u0159at<\/li>\n<li>Poji\u0161t\u011bn\u00ed<\/li>\n<li>Zabezpe\u010den\u00e9 skladov\u00e1n\u00ed<\/li>\n<\/ul>\n<p>Celero je nez\u00e1visl\u00e1 logistick\u00e1 spole\u010dnost zalo\u017een\u00e1 v roce 2009 se s\u00eddlem na Mauriciu a kancel\u00e1\u0159\u00ed v Praze. <a href=\"https:\/\/moverdb.com\/cs\/moving-companies\/moving-companies-madagascar\/\" data-internallinksmanager029f6b8e52c=\"297\" title=\"Nejlep\u0161\u00ed mezin\u00e1rodn\u00ed st\u011bhovac\u00ed spole\u010dnosti na Madagaskaru\">Madagaskar<\/a> tak\u00e9. Jsou \u010dlenem IAM se 14letou tradic\u00ed, co\u017e jim umo\u017e\u0148uje p\u0159\u00edstup k mezin\u00e1rodn\u00ed s\u00edti st\u011bhovac\u00edch agent\u016f, kte\u0159\u00ed jim pom\u00e1haj\u00ed p\u0159i mezin\u00e1rodn\u00edch st\u011bhov\u00e1n\u00edch.<\/p>\n<p>Spole\u010dnost Celero nab\u00edz\u00ed st\u011bhovac\u00ed slu\u017eby pro st\u011bhov\u00e1n\u00ed dom\u00e1cnost\u00ed a kancel\u00e1\u0159\u00ed. Poskytuje profesion\u00e1ln\u00ed balic\u00ed a balic\u00ed slu\u017eby, kter\u00e9 chr\u00e1n\u00ed va\u0161e v\u011bci p\u0159i p\u0159eprav\u011b, a vybal\u00ed a odstran\u00ed zbytky. Zajist\u00ed bezpe\u010dnou p\u0159epravu va\u0161ich v\u011bc\u00ed n\u00e1mo\u0159n\u00ed nebo leteckou dopravou a pom\u016f\u017ee s celn\u00edm odbaven\u00edm. Nab\u00edzej\u00ed tak\u00e9 p\u0159epravu dom\u00e1c\u00edch zv\u00ed\u0159at, poji\u0161t\u011bn\u00ed a bezpe\u010dn\u00e9 skladovac\u00ed prostory.<\/p>\n<p>Webov\u00e9 str\u00e1nky: <a href=\"http:\/\/www.celerogroup.com\" target=\"_blank\" rel=\"noopener\">http:\/\/www.celerogroup.com<\/a><\/p>\n<h2><span class=\"ez-toc-section\" id=\"2_Freight_and_Transit_Co_Ltd\"><\/span><strong>2. Freight and Transit Co Ltd<\/strong><span class=\"ez-toc-section-end\"><\/span><\/h2>\n<p><img loading=\"lazy\" decoding=\"async\" class=\"alignnone size-full wp-image-8315\" src=\"https:\/\/moverdb.com\/wp-content\/uploads\/Freight-and-Transit-Co-Ltd-international-moving-company.png\" alt=\"N\u00e1kladn\u00ed a tranzitn\u00ed Co Ltd mezin\u00e1rodn\u00ed st\u011bhov\u00e1n\u00ed spole\u010dnost\" width=\"1440\" height=\"655\" data-wp-pid=\"8315\" srcset=\"https:\/\/moverdb.com\/wp-content\/uploads\/Freight-and-Transit-Co-Ltd-international-moving-company.png 1440w, https:\/\/moverdb.com\/wp-content\/uploads\/Freight-and-Transit-Co-Ltd-international-moving-company-300x136.png 300w, https:\/\/moverdb.com\/wp-content\/uploads\/Freight-and-Transit-Co-Ltd-international-moving-company-1024x466.png 1024w, https:\/\/moverdb.com\/wp-content\/uploads\/Freight-and-Transit-Co-Ltd-international-moving-company-18x8.png 18w, https:\/\/moverdb.com\/wp-content\/uploads\/Freight-and-Transit-Co-Ltd-international-moving-company-600x273.png 600w\" sizes=\"auto, (max-width: 1440px) 100vw, 1440px\" \/><\/p>\n<ul>\n<li>M\u00edstn\u00ed st\u011bhov\u00e1n\u00ed<\/li>\n<li>Mezin\u00e1rodn\u00ed st\u011bhov\u00e1n\u00ed<\/li>\n<li>St\u011bhov\u00e1n\u00ed dom\u00e1cnost\u00ed<\/li>\n<li>\u0158e\u0161en\u00ed od dve\u0159\u00ed ke dve\u0159\u00edm<\/li>\n<li>Profesion\u00e1ln\u00ed balen\u00ed<\/li>\n<li>N\u00e1mo\u0159n\u00ed a leteck\u00e1 p\u0159eprava<\/li>\n<li>Celn\u00ed odbaven\u00ed<\/li>\n<li>P\u0159eprava dom\u00e1c\u00edch zv\u00ed\u0159at<\/li>\n<li>Poji\u0161t\u011bn\u00ed<\/li>\n<li>Zabezpe\u010den\u00e9 skladov\u00e1n\u00ed<\/li>\n<\/ul>\n<p>Freight and Transit Co Ltd je dopravn\u00ed a spedi\u010dn\u00ed spole\u010dnost zalo\u017een\u00e1 v roce 1994. Je \u010dlenem IAM s 29letou tradic\u00ed, co\u017e j\u00ed umo\u017e\u0148uje p\u0159\u00edstup k mezin\u00e1rodn\u00ed s\u00edti st\u011bhovac\u00edch agent\u016f.<\/p>\n<p>Spole\u010dnost Freight and Transit Co Ltd nab\u00edz\u00ed st\u011bhov\u00e1n\u00ed od dve\u0159\u00ed ke dve\u0159\u00edm na n\u00e1rodn\u00ed i mezin\u00e1rodn\u00ed \u00farovni. Poskytuje profesion\u00e1ln\u00ed balic\u00ed slu\u017eby, kter\u00e9 zahrnuj\u00ed balen\u00ed a balen\u00ed va\u0161ich v\u011bc\u00ed, demont\u00e1\u017e a mont\u00e1\u017e n\u00e1bytku, vybalen\u00ed a odstran\u011bn\u00ed ve\u0161ker\u00fdch ne\u010distot. Pomohou v\u00e1m vybrat nejoptim\u00e1ln\u011bj\u0161\u00ed variantu st\u011bhov\u00e1n\u00ed v\u010detn\u011b leteck\u00e9 a n\u00e1mo\u0159n\u00ed p\u0159epravy. Pomohou s celn\u00edm odbaven\u00edm a dokumentac\u00ed a v p\u0159\u00edpad\u011b pot\u0159eby nab\u00eddnou poji\u0161t\u011bn\u00ed a bezpe\u010dn\u00e9 uskladn\u011bn\u00ed.<\/p>\n<p>Webov\u00e9 str\u00e1nky: <a href=\"http:\/\/www.ftl.mu\" target=\"_blank\" rel=\"noopener\">http:\/\/www.ftl.mu<\/a><\/p>\n<h2><span class=\"ez-toc-section\" id=\"3_Relocation_and_Moving_Solutions_Ltd\"><\/span><strong>3. P\u0159em\u00edst\u011bn\u00ed a st\u011bhov\u00e1n\u00ed Solutions Ltd<\/strong><span class=\"ez-toc-section-end\"><\/span><\/h2>\n<p><img loading=\"lazy\" decoding=\"async\" class=\"alignnone size-full wp-image-8359\" src=\"https:\/\/moverdb.com\/wp-content\/uploads\/Relocation-and-Moving-Solutions-Ltd-international-moving-company.png\" alt=\"P\u0159em\u00edst\u011bn\u00ed a st\u011bhov\u00e1n\u00ed Solutions Ltd mezin\u00e1rodn\u00ed st\u011bhovac\u00ed spole\u010dnost\" width=\"1440\" height=\"679\" data-wp-pid=\"8359\" srcset=\"https:\/\/moverdb.com\/wp-content\/uploads\/Relocation-and-Moving-Solutions-Ltd-international-moving-company.png 1440w, https:\/\/moverdb.com\/wp-content\/uploads\/Relocation-and-Moving-Solutions-Ltd-international-moving-company-300x141.png 300w, https:\/\/moverdb.com\/wp-content\/uploads\/Relocation-and-Moving-Solutions-Ltd-international-moving-company-1024x483.png 1024w, https:\/\/moverdb.com\/wp-content\/uploads\/Relocation-and-Moving-Solutions-Ltd-international-moving-company-18x8.png 18w, https:\/\/moverdb.com\/wp-content\/uploads\/Relocation-and-Moving-Solutions-Ltd-international-moving-company-600x283.png 600w\" sizes=\"auto, (max-width: 1440px) 100vw, 1440px\" \/><\/p>\n<ul>\n<li>St\u011bhov\u00e1n\u00ed na n\u00e1rodn\u00ed \u00farovni<\/li>\n<li>Mezin\u00e1rodn\u00ed p\u0159esuny<\/li>\n<li>St\u011bhov\u00e1n\u00ed dom\u00e1cnost\u00ed<\/li>\n<li>St\u011bhov\u00e1n\u00ed kancel\u00e1\u0159\u00ed<\/li>\n<li>\u0158e\u0161en\u00ed na m\u00edru<\/li>\n<li>Slu\u017eby od dve\u0159\u00ed ke dve\u0159\u00edm<\/li>\n<li>Balic\u00ed slu\u017eba<\/li>\n<li>P\u0159eprava po silnici, po mo\u0159i nebo letecky<\/li>\n<li>Celn\u00ed odbaven\u00ed<\/li>\n<li>Kr\u00e1tkodob\u00e9 a dlouhodob\u00e9 skladov\u00e1n\u00ed<\/li>\n<\/ul>\n<p>Spole\u010dnost Relocation and Moving Solutions Ltd je poskytovatelem st\u011bhovac\u00edch slu\u017eeb od dve\u0159\u00ed ke dve\u0159\u00edm, kter\u00fd nab\u00edz\u00ed st\u011bhovac\u00ed slu\u017eby v r\u00e1mci Mauricia, na Mauricius a z Mauricia. P\u0159i poskytov\u00e1n\u00ed sv\u00fdch slu\u017eeb na mezin\u00e1rodn\u00ed \u00farovni spolupracuje s akreditovan\u00fdmi partnery a je \u010dlenem IAM.<\/p>\n<p>Spole\u010dnost Relocation and Moving Solutions Ltd nab\u00edz\u00ed st\u011bhovac\u00ed slu\u017eby na m\u00edru, kter\u00e9 zahrnuj\u00ed slu\u017eby \"od dve\u0159\u00ed ke dve\u0159\u00edm\" pro vnitrost\u00e1tn\u00ed a mezin\u00e1rodn\u00ed st\u011bhov\u00e1n\u00ed. Poskytuj\u00ed balic\u00ed slu\u017eby, p\u0159i nich\u017e pou\u017e\u00edvaj\u00ed nejkvalitn\u011bj\u0161\u00ed materi\u00e1ly, aby zajistily ochranu p\u0159edm\u011bt\u016f, v\u010detn\u011b pou\u017eit\u00ed bedn\u011bn\u00ed a upevn\u011bn\u00ed. Zajist\u00ed p\u0159epravu va\u0161ich v\u011bc\u00ed po silnici, letecky i po mo\u0159i a pom\u016f\u017ee v\u00e1m s celn\u00edm odbaven\u00edm.<\/p>\n<p>Webov\u00e9 str\u00e1nky: <a href=\"http:\/\/mauritius-relocation.com\/\" target=\"_blank\" rel=\"noopener\">http:\/\/mauritius-relocation.com\/<\/a><\/p>\n<h2><span class=\"ez-toc-section\" id=\"4_Somatrans\"><\/span><strong>4. Somatrans<\/strong><span class=\"ez-toc-section-end\"><\/span><\/h2>\n<p><img loading=\"lazy\" decoding=\"async\" class=\"alignnone size-full wp-image-8366\" src=\"https:\/\/moverdb.com\/wp-content\/uploads\/Somatrans-international-moving-company.png\" alt=\"Somatrans mezin\u00e1rodn\u00ed pohybuj\u00edc\u00ed se spole\u010dnost\" width=\"1440\" height=\"632\" data-wp-pid=\"8366\" srcset=\"https:\/\/moverdb.com\/wp-content\/uploads\/Somatrans-international-moving-company.png 1440w, https:\/\/moverdb.com\/wp-content\/uploads\/Somatrans-international-moving-company-300x132.png 300w, https:\/\/moverdb.com\/wp-content\/uploads\/Somatrans-international-moving-company-1024x449.png 1024w, https:\/\/moverdb.com\/wp-content\/uploads\/Somatrans-international-moving-company-18x8.png 18w, https:\/\/moverdb.com\/wp-content\/uploads\/Somatrans-international-moving-company-600x263.png 600w\" sizes=\"auto, (max-width: 1440px) 100vw, 1440px\" \/><\/p>\n<ul>\n<li>St\u011bhov\u00e1n\u00ed na n\u00e1rodn\u00ed \u00farovni<\/li>\n<li>Mezin\u00e1rodn\u00ed p\u0159esuny<\/li>\n<li>St\u011bhov\u00e1n\u00ed dom\u00e1cnost\u00ed<\/li>\n<li>Slu\u017eba od dve\u0159\u00ed ke dve\u0159\u00edm<\/li>\n<li>Balic\u00ed slu\u017eba<\/li>\n<li>N\u00e1mo\u0159n\u00ed a leteck\u00e1 p\u0159eprava<\/li>\n<li>V\u00fdb\u011br <a href=\"https:\/\/moverdb.com\/cs\/shipping-container-sizes-and-dimensions\/\" data-internallinksmanager029f6b8e52c=\"247\" title=\"Kone\u010dn\u00fd pr\u016fvodce velikostmi a rozm\u011bry p\u0159epravn\u00edch kontejner\u016f\">velikosti kontejner\u016f<\/a><\/li>\n<li>Celn\u00ed zprost\u0159edkov\u00e1n\u00ed<\/li>\n<li>Poji\u0161t\u011bn\u00ed<\/li>\n<li>Skladovac\u00ed prostory<\/li>\n<\/ul>\n<p>Somatrans je mezin\u00e1rodn\u00ed <a href=\"https:\/\/moverdb.com\/cs\/freight-forwarder\/\" data-internallinksmanager029f6b8e52c=\"17\" title=\"Mezin\u00e1rodn\u00ed spedice a NVOCC Pr\u016fvodce n\u00e1klady a spole\u010dnostmi\">spedice<\/a> se s\u00eddlem v Ruche Terre a kancel\u00e1\u0159emi na mezin\u00e1rodn\u00edm leti\u0161ti SSR. Spolupracuj\u00ed s renomovan\u00fdmi a kvalifikovan\u00fdmi mezin\u00e1rodn\u00edmi st\u011bhovac\u00edmi firmami, kter\u00e9 jim pom\u00e1haj\u00ed poskytovat slu\u017eby po cel\u00e9m sv\u011bt\u011b. Jsou tak\u00e9 \u010dlenem IAM s pades\u00e1tiletou tradic\u00ed.<\/p>\n<p>Spole\u010dnost Somatrans nab\u00edz\u00ed st\u011bhovac\u00ed slu\u017eby od dve\u0159\u00ed ke dve\u0159\u00edm s profesion\u00e1ln\u00edmi st\u011bhov\u00e1ky, kte\u0159\u00ed maj\u00ed zku\u0161enosti s mezin\u00e1rodn\u00edm st\u011bhov\u00e1n\u00edm. D\u00e1vaj\u00ed v\u00e1m mo\u017enost zabalit si v\u011bci sami nebo je nechat zabalit za v\u00e1s a poskytuj\u00ed palety a bedn\u011bn\u00ed. Nab\u00edzej\u00ed leteckou a n\u00e1mo\u0159n\u00ed p\u0159epravu, kter\u00e1 zahrnuje p\u0159epravu cel\u00fdch kontejner\u016f a m\u00e9n\u011b ne\u017e kontejner\u016f, a tak\u00e9 mo\u017enosti konsolidace.<\/p>\n<p>Webov\u00e9 str\u00e1nky: <a href=\"http:\/\/www.somatrans.mu\" target=\"_blank\" rel=\"noopener\">http:\/\/www.somatrans.mu<\/a><\/p>\n<h2><span class=\"ez-toc-section\" id=\"5_Velogic\"><\/span><strong>5. Velogic<\/strong><span class=\"ez-toc-section-end\"><\/span><\/h2>\n<p><img loading=\"lazy\" decoding=\"async\" class=\"alignnone size-full wp-image-8380\" src=\"https:\/\/moverdb.com\/wp-content\/uploads\/Velogic-international-moving-company.png\" alt=\"Velogic mezin\u00e1rodn\u00ed st\u011bhov\u00e1n\u00ed spole\u010dnost\" width=\"1440\" height=\"678\" data-wp-pid=\"8380\" srcset=\"https:\/\/moverdb.com\/wp-content\/uploads\/Velogic-international-moving-company.png 1440w, https:\/\/moverdb.com\/wp-content\/uploads\/Velogic-international-moving-company-300x141.png 300w, https:\/\/moverdb.com\/wp-content\/uploads\/Velogic-international-moving-company-1024x482.png 1024w, https:\/\/moverdb.com\/wp-content\/uploads\/Velogic-international-moving-company-18x8.png 18w, https:\/\/moverdb.com\/wp-content\/uploads\/Velogic-international-moving-company-600x283.png 600w\" sizes=\"auto, (max-width: 1440px) 100vw, 1440px\" \/><\/p>\n<ul>\n<li>St\u011bhov\u00e1n\u00ed na n\u00e1rodn\u00ed \u00farovni<\/li>\n<li>Mezin\u00e1rodn\u00ed p\u0159esuny<\/li>\n<li>St\u011bhov\u00e1n\u00ed dom\u00e1cnost\u00ed<\/li>\n<li>Firemn\u00ed slu\u017eby<\/li>\n<li>\u0158e\u0161en\u00ed na m\u00edru<\/li>\n<li>Pozemn\u00ed, n\u00e1mo\u0159n\u00ed a leteck\u00e1 doprava<\/li>\n<li>Rozsah mo\u017enost\u00ed zat\u00ed\u017een\u00ed<\/li>\n<li>Celn\u00ed odbaven\u00ed<\/li>\n<li>Sledovac\u00ed platforma<\/li>\n<li>Skladovac\u00ed prostory<\/li>\n<\/ul>\n<p>Velogic je logistick\u00e1 spole\u010dnost, kter\u00e1 p\u016fsob\u00ed po cel\u00e9m sv\u011bt\u011b na 38 m\u00edstech v\u010detn\u011b Mauricia, <a href=\"https:\/\/moverdb.com\/cs\/moving-to-france\/\" data-internallinksmanager029f6b8e52c=\"315\" title=\"St\u011bhov\u00e1n\u00ed do Francie? 2026 N\u00e1klady na bydlen\u00ed a tipy na st\u011bhov\u00e1n\u00ed\">Francie<\/a>, <a href=\"https:\/\/moverdb.com\/cs\/moving-to-india\/\" data-internallinksmanager029f6b8e52c=\"356\" title=\"St\u011bhov\u00e1n\u00ed do Indie? 2026 N\u00e1klady na bydlen\u00ed a tipy na st\u011bhov\u00e1n\u00ed\">Indie<\/a>, Madagaskar, <a href=\"https:\/\/moverdb.com\/cs\/moving-companies\/moving-companies-kenya\/\" data-internallinksmanager029f6b8e52c=\"305\" title=\"4 Nejlep\u0161\u00ed mezin\u00e1rodn\u00ed st\u011bhov\u00e1n\u00ed spole\u010dnosti v Keni\">Ke\u0148a<\/a> a na ostrov\u011b R\u00e9union. Spolupracuj\u00ed se s\u00edt\u00ed mezin\u00e1rodn\u00edch st\u011bhovac\u00edch agentur, aby roz\u0161\u00ed\u0159ili sv\u00e9 zdroje a mo\u017enosti poskytov\u00e1n\u00ed slu\u017eeb na mezin\u00e1rodn\u00ed \u00farovni. Jsou \u010dlenem IAM s 30letou tradic\u00ed.<\/p>\n<p>Spole\u010dnost Velogic nab\u00edz\u00ed \u0159e\u0161en\u00ed na m\u00edru pro dovoz a v\u00fdvoz, kter\u00e1 zahrnuj\u00ed st\u011bhovac\u00ed slu\u017eby. Nab\u00edz\u00ed \u0159adu mo\u017enost\u00ed p\u0159epravy, kter\u00e9 zahrnuj\u00ed leteckou, n\u00e1mo\u0159n\u00ed a silni\u010dn\u00ed p\u0159epravu s celn\u00edm odbaven\u00edm. Jejich n\u00e1mo\u0159n\u00ed p\u0159eprava zahrnuje p\u0159epravu men\u0161\u00edho ne\u017e kontejnerov\u00e9ho n\u00e1kladu a p\u0159epravu cel\u00e9ho kontejneru.<\/p>\n<p>Webov\u00e9 str\u00e1nky: <a href=\"http:\/\/www.velogic.net\" target=\"_blank\" rel=\"noopener\">http:\/\/www.velogic.net<\/a><\/p>\n<h2><span class=\"ez-toc-section\" id=\"6_Worldwide_Relocation_Services\"><\/span><strong>6. Celosv\u011btov\u00e9 st\u011bhovac\u00ed slu\u017eby<\/strong><span class=\"ez-toc-section-end\"><\/span><\/h2>\n<p>&nbsp;<img loading=\"lazy\" decoding=\"async\" class=\"alignnone size-full wp-image-8430\" src=\"https:\/\/moverdb.com\/wp-content\/uploads\/Worldwide-Relocation-Services-international-moving-company.png\" alt=\"Worldwide Relocation Services mezin\u00e1rodn\u00ed st\u011bhov\u00e1n\u00ed spole\u010dnost\" width=\"1440\" height=\"683\" data-wp-pid=\"8430\" srcset=\"https:\/\/moverdb.com\/wp-content\/uploads\/Worldwide-Relocation-Services-international-moving-company.png 1440w, https:\/\/moverdb.com\/wp-content\/uploads\/Worldwide-Relocation-Services-international-moving-company-300x142.png 300w, https:\/\/moverdb.com\/wp-content\/uploads\/Worldwide-Relocation-Services-international-moving-company-1024x486.png 1024w, https:\/\/moverdb.com\/wp-content\/uploads\/Worldwide-Relocation-Services-international-moving-company-18x9.png 18w, https:\/\/moverdb.com\/wp-content\/uploads\/Worldwide-Relocation-Services-international-moving-company-600x285.png 600w\" sizes=\"auto, (max-width: 1440px) 100vw, 1440px\" \/><\/p>\n<ul>\n<li>St\u011bhov\u00e1n\u00ed na n\u00e1rodn\u00ed \u00farovni<\/li>\n<li>Mezin\u00e1rodn\u00ed p\u0159esuny<\/li>\n<li>St\u011bhov\u00e1n\u00ed a p\u0159em\u00edst\u011bn\u00ed dom\u00e1cnost\u00ed<\/li>\n<li>St\u011bhov\u00e1n\u00ed kancel\u00e1\u0159\u00ed<\/li>\n<li>Mana\u017eer osobn\u00edch p\u0159esun\u016f<\/li>\n<li>Slu\u017eba od dve\u0159\u00ed ke dve\u0159\u00edm<\/li>\n<li>Balic\u00ed slu\u017eba<\/li>\n<li>P\u0159eprava s celn\u00edm poradenstv\u00edm<\/li>\n<li>Cestovn\u00ed slu\u017eby pro dom\u00e1c\u00ed zv\u00ed\u0159ata<\/li>\n<li>Skladovac\u00ed prostory<\/li>\n<\/ul>\n<p>Worldwide Relocation Services je st\u011bhovac\u00ed a reloka\u010dn\u00ed spole\u010dnost, kter\u00e1 poskytuje celosv\u011btov\u00e9 pokryt\u00ed pro st\u011bhov\u00e1n\u00ed dom\u00e1cnost\u00ed. Spolupracuje s \u0159adou st\u011bhovac\u00edch agentur po cel\u00e9m sv\u011bt\u011b, kter\u00e9 zaji\u0161\u0165uj\u00ed mezin\u00e1rodn\u00ed st\u011bhov\u00e1n\u00ed, a je tak\u00e9 \u010dlenem IAM.<\/p>\n<p>Spole\u010dnost Worldwide Relocation Services nab\u00edz\u00ed agiln\u00ed p\u0159\u00edstup k p\u0159eprav\u011b a na pomoc v\u00e1m p\u0159id\u011bl\u00ed osobn\u00edho mana\u017eera st\u011bhov\u00e1n\u00ed a zku\u0161en\u00e9ho konzultanta pro mezin\u00e1rodn\u00ed st\u011bhov\u00e1n\u00ed. Nab\u00edzej\u00ed slu\u017eby od dve\u0159\u00ed ke dve\u0159\u00edm v\u010detn\u011b profesion\u00e1ln\u00edho balic\u00edho servisu, bedn\u011bn\u00ed n\u00e1bytku a staro\u017eitnost\u00ed, st\u011bhov\u00e1n\u00ed v\u00fdtvarn\u00fdch d\u011bl a slu\u017eeb spojen\u00fdch s cestov\u00e1n\u00edm dom\u00e1c\u00edch mazl\u00ed\u010dk\u016f. Zajist\u00ed p\u0159epravu va\u0161ich v\u011bc\u00ed, kter\u00e1 zahrnuje celn\u00ed poradenstv\u00ed a poji\u0161t\u011bn\u00ed.<\/p>\n<p>Webov\u00e9 str\u00e1nky: <a href=\"http:\/\/www.relocation.mu\" target=\"_blank\" rel=\"noopener\">http:\/\/www.relocation.mu<\/a><\/p>","protected":false},"excerpt":{"rendered":"<p>Moving home or business within, to or from Mauritius can be a stressful time as there is so much to organise and paperwork to complete if you are moving abroad. This is why many people engage the services of a moving company to make their life easier. Below we have compiled a list of Mauritius [&hellip;]<\/p>\n","protected":false},"author":4,"featured_media":0,"parent":190,"menu_order":0,"comment_status":"closed","ping_status":"closed","template":"","meta":{"_genesis_hide_title":false,"_genesis_hide_breadcrumbs":false,"_genesis_hide_singular_image":false,"_genesis_hide_footer_widgets":false,"_genesis_custom_body_class":"","_genesis_custom_post_class":"","_genesis_layout":"","footnotes":""},"class_list":{"0":"post-8429","1":"page","2":"type-page","3":"status-publish","5":"entry","6":"has-post-thumbnail"},"_links":{"self":[{"href":"https:\/\/moverdb.com\/cs\/wp-json\/wp\/v2\/pages\/8429","targetHints":{"allow":["GET"]}}],"collection":[{"href":"https:\/\/moverdb.com\/cs\/wp-json\/wp\/v2\/pages"}],"about":[{"href":"https:\/\/moverdb.com\/cs\/wp-json\/wp\/v2\/types\/page"}],"author":[{"embeddable":true,"href":"https:\/\/moverdb.com\/cs\/wp-json\/wp\/v2\/users\/4"}],"replies":[{"embeddable":true,"href":"https:\/\/moverdb.com\/cs\/wp-json\/wp\/v2\/comments?post=8429"}],"version-history":[{"count":1,"href":"https:\/\/moverdb.com\/cs\/wp-json\/wp\/v2\/pages\/8429\/revisions"}],"predecessor-version":[{"id":8431,"href":"https:\/\/moverdb.com\/cs\/wp-json\/wp\/v2\/pages\/8429\/revisions\/8431"}],"up":[{"embeddable":true,"href":"https:\/\/moverdb.com\/cs\/wp-json\/wp\/v2\/pages\/190"}],"wp:attachment":[{"href":"https:\/\/moverdb.com\/cs\/wp-json\/wp\/v2\/media?parent=8429"}],"curies":[{"name":"wp","href":"https:\/\/api.w.org\/{rel}","templated":true}]}}