{"id":8414,"date":"2023-04-27T14:48:39","date_gmt":"2023-04-27T14:48:39","guid":{"rendered":"https:\/\/moverdb.com\/?page_id=8414"},"modified":"2026-01-08T15:30:05","modified_gmt":"2026-01-08T15:30:05","slug":"moving-companies-madagascar","status":"publish","type":"page","link":"https:\/\/moverdb.com\/cs\/moving-companies\/moving-companies-madagascar\/","title":{"rendered":"Nejlep\u0161\u00ed mezin\u00e1rodn\u00ed st\u011bhovac\u00ed spole\u010dnosti na Madagaskaru"},"content":{"rendered":"<p>Pl\u00e1nujete st\u011bhov\u00e1n\u00ed dom\u016f nebo firmy v r\u00e1mci Madagaskaru, na Madagaskar nebo z Madagaskaru? Pak byste si m\u011bli najmout <a href=\"https:\/\/moverdb.com\/cs\/moving-companies\/\" data-internallinksmanager029f6b8e52c=\"79\" title=\"Top 25 Mezin\u00e1rodn\u00ed st\u011bhovac\u00ed spole\u010dnosti Online\">st\u011bhovac\u00ed spole\u010dnost<\/a> odleh\u010dit z\u00e1t\u011b\u017e a stres. N\u00ed\u017ee jsme pro v\u00e1s p\u0159ipravili seznam madagaskarsk\u00fdch <a href=\"https:\/\/moverdb.com\/cs\/international-removals\/\" data-internallinksmanager029f6b8e52c=\"27\" title=\"36 nejlep\u0161\u00edch mezin\u00e1rodn\u00edch st\u011bhovac\u00edch spole\u010dnost\u00ed ve Velk\u00e9 Brit\u00e1nii\">st\u011bhovac\u00ed firmy<\/a> kter\u00e9 jsou \u010dleny <a href=\"https:\/\/moverdb.com\/cs\/iam\/\" data-internallinksmanager029f6b8e52c=\"23\" title=\"Vysv\u011btlen\u00ed Mezin\u00e1rodn\u00ed asociace st\u011bhov\u00e1k\u016f (IAM)\">Mezin\u00e1rodn\u00ed asociace st\u011bhov\u00e1k\u016f<\/a> (IAM) a\/nebo <a href=\"https:\/\/moverdb.com\/cs\/fidi-faim\/\" data-internallinksmanager029f6b8e52c=\"16\" title=\"Vysv\u011btlen\u00ed FIDI a FAIM (FIDI Accredited International Mover)\">FIDI<\/a> Akreditovan\u00e9 mezin\u00e1rodn\u00ed st\u011bhov\u00e1n\u00ed (FAIM), kter\u00e9 by v\u00e1m mohlo pomoci se st\u011bhov\u00e1n\u00edm.<\/p>\n<h2><strong>Celosv\u011btov\u00e9 st\u011bhov\u00e1n\u00ed Afrika<\/strong><\/h2>\n<p><img loading=\"lazy\" decoding=\"async\" class=\"alignnone size-full wp-image-6012\" src=\"https:\/\/moverdb.com\/wp-content\/uploads\/Worldwide-Movers-Africa-international-moving-company.png\" alt=\"Worldwide Movers Afrika mezin\u00e1rodn\u00ed st\u011bhov\u00e1n\u00ed spole\u010dnost\" width=\"1440\" height=\"681\" data-wp-pid=\"6012\" srcset=\"https:\/\/moverdb.com\/wp-content\/uploads\/Worldwide-Movers-Africa-international-moving-company.png 1440w, https:\/\/moverdb.com\/wp-content\/uploads\/Worldwide-Movers-Africa-international-moving-company-300x142.png 300w, https:\/\/moverdb.com\/wp-content\/uploads\/Worldwide-Movers-Africa-international-moving-company-1024x484.png 1024w, https:\/\/moverdb.com\/wp-content\/uploads\/Worldwide-Movers-Africa-international-moving-company-18x9.png 18w, https:\/\/moverdb.com\/wp-content\/uploads\/Worldwide-Movers-Africa-international-moving-company-600x284.png 600w\" sizes=\"auto, (max-width: 1440px) 100vw, 1440px\" \/><\/p>\n<ul>\n<li>M\u00edstn\u00ed p\u0159esuny<\/li>\n<li>Mezin\u00e1rodn\u00ed st\u011bhov\u00e1n\u00ed<\/li>\n<li>St\u011bhov\u00e1n\u00ed dom\u00e1cnost\u00ed<\/li>\n<li>St\u011bhov\u00e1n\u00ed kancel\u00e1\u0159\u00ed<\/li>\n<li>Balic\u00ed slu\u017eba<\/li>\n<li>Silni\u010dn\u00ed, leteck\u00e1 a n\u00e1mo\u0159n\u00ed doprava<\/li>\n<li>Celn\u00ed odbaven\u00ed<\/li>\n<li>P\u0159em\u00edst\u011bn\u00ed dom\u00e1c\u00edho mazl\u00ed\u010dka<\/li>\n<li>Poji\u0161t\u011bn\u00ed<\/li>\n<li>\u00dalo\u017ei\u0161t\u011b<\/li>\n<\/ul>\n<p>Worldwide Movers Africa je mezin\u00e1rodn\u00ed st\u011bhovac\u00ed spole\u010dnost, kter\u00e1 byla zalo\u017eena v Tanzanii v roce 1993. V sou\u010dasn\u00e9 dob\u011b p\u016fsob\u00ed v 16 africk\u00fdch zem\u00edch v\u010detn\u011b Madagaskaru. Maj\u00ed dob\u0159e zaveden\u00e9 glob\u00e1ln\u00ed vztahy, kter\u00e9 jim pom\u00e1haj\u00ed poskytovat slu\u017eby i mimo jejich oblasti. Jsou \u010dlenem IAM s dvacetiletou tradic\u00ed.<\/p>\n<p>Worldwide Movers Africa nab\u00edz\u00ed m\u00edstn\u00ed a mezin\u00e1rodn\u00ed st\u011bhovac\u00ed slu\u017eby pro dom\u00e1cnosti a kancel\u00e1\u0159e. Poskytuj\u00ed st\u011bhovac\u00ed slu\u017eby, kter\u00e9 zahrnuj\u00ed bezpe\u010dn\u00e9 zabalen\u00ed a zape\u010det\u011bn\u00ed va\u0161ich v\u011bc\u00ed, zaji\u0161t\u011bn\u00ed p\u0159epravy po silnici, letecky nebo po mo\u0159i s celn\u00edm odbaven\u00edm. Poskytuj\u00ed dal\u0161\u00ed slu\u017eby v\u010detn\u011b st\u011bhov\u00e1n\u00ed dom\u00e1c\u00edch zv\u00ed\u0159at, skladovac\u00edch prostor a poji\u0161t\u011bn\u00ed.<\/p>\n<p>Webov\u00e9 str\u00e1nky: <a href=\"http:\/\/www.worldwidemoversafrica.com\/\" target=\"_blank\" rel=\"noopener\">http:\/\/www.worldwidemoversafrica.com\/<\/a><\/p>","protected":false},"excerpt":{"rendered":"<p>Are you planning on moving home or your business within, to or from Madagascar? Then you may want to engage a moving company to help lighten the load and stress. Below we have compiled a list of Madagascar based removal companies that are members of the International Association of Movers (IAM) and\/or FIDI Accredited International [&hellip;]<\/p>\n","protected":false},"author":4,"featured_media":0,"parent":190,"menu_order":0,"comment_status":"closed","ping_status":"closed","template":"","meta":{"_genesis_hide_title":false,"_genesis_hide_breadcrumbs":false,"_genesis_hide_singular_image":false,"_genesis_hide_footer_widgets":false,"_genesis_custom_body_class":"","_genesis_custom_post_class":"","_genesis_layout":"","footnotes":""},"class_list":{"0":"post-8414","1":"page","2":"type-page","3":"status-publish","5":"entry"},"_links":{"self":[{"href":"https:\/\/moverdb.com\/cs\/wp-json\/wp\/v2\/pages\/8414","targetHints":{"allow":["GET"]}}],"collection":[{"href":"https:\/\/moverdb.com\/cs\/wp-json\/wp\/v2\/pages"}],"about":[{"href":"https:\/\/moverdb.com\/cs\/wp-json\/wp\/v2\/types\/page"}],"author":[{"embeddable":true,"href":"https:\/\/moverdb.com\/cs\/wp-json\/wp\/v2\/users\/4"}],"replies":[{"embeddable":true,"href":"https:\/\/moverdb.com\/cs\/wp-json\/wp\/v2\/comments?post=8414"}],"version-history":[{"count":1,"href":"https:\/\/moverdb.com\/cs\/wp-json\/wp\/v2\/pages\/8414\/revisions"}],"predecessor-version":[{"id":8415,"href":"https:\/\/moverdb.com\/cs\/wp-json\/wp\/v2\/pages\/8414\/revisions\/8415"}],"up":[{"embeddable":true,"href":"https:\/\/moverdb.com\/cs\/wp-json\/wp\/v2\/pages\/190"}],"wp:attachment":[{"href":"https:\/\/moverdb.com\/cs\/wp-json\/wp\/v2\/media?parent=8414"}],"curies":[{"name":"wp","href":"https:\/\/api.w.org\/{rel}","templated":true}]}}