{"id":8412,"date":"2023-04-27T14:49:22","date_gmt":"2023-04-27T14:49:22","guid":{"rendered":"https:\/\/moverdb.com\/?page_id=8412"},"modified":"2026-01-08T15:23:48","modified_gmt":"2026-01-08T15:23:48","slug":"moving-companies-macedonia","status":"publish","type":"page","link":"https:\/\/moverdb.com\/cs\/moving-companies\/moving-companies-macedonia\/","title":{"rendered":"2 Nejlep\u0161\u00ed mezin\u00e1rodn\u00ed st\u011bhovac\u00ed spole\u010dnosti v Makedonii"},"content":{"rendered":"<p>St\u011bhov\u00e1n\u00ed m\u016f\u017ee b\u00fdt hektick\u00fdm obdob\u00edm, kdy je t\u0159eba vy\u0159\u00eddit mnoho \u00fakol\u016f a vy\u0159\u00eddit spoustu dokument\u016f, zejm\u00e9na pokud se st\u011bhujete do zahrani\u010d\u00ed. V tomto p\u0159\u00edpad\u011b je t\u0159eba se obr\u00e1tit na <a href=\"https:\/\/moverdb.com\/cs\/moving-companies\/\" data-internallinksmanager029f6b8e52c=\"79\" title=\"Top 25 Mezin\u00e1rodn\u00ed st\u011bhovac\u00ed spole\u010dnosti Online\">st\u011bhovac\u00ed spole\u010dnost<\/a> v\u00e1m m\u016f\u017ee pomoci uleh\u010dit a zvl\u00e1dnout st\u011bhov\u00e1n\u00ed za v\u00e1s. N\u00ed\u017ee jsme pro v\u00e1s p\u0159ipravili seznam makedonsk\u00fdch <a href=\"https:\/\/moverdb.com\/cs\/international-removals\/\" data-internallinksmanager029f6b8e52c=\"27\" title=\"36 nejlep\u0161\u00edch mezin\u00e1rodn\u00edch st\u011bhovac\u00edch spole\u010dnost\u00ed ve Velk\u00e9 Brit\u00e1nii\">st\u011bhovac\u00ed firmy<\/a> kter\u00e9 jsou \u010dleny <a href=\"https:\/\/moverdb.com\/cs\/iam\/\" data-internallinksmanager029f6b8e52c=\"23\" title=\"Vysv\u011btlen\u00ed Mezin\u00e1rodn\u00ed asociace st\u011bhov\u00e1k\u016f (IAM)\">Mezin\u00e1rodn\u00ed asociace st\u011bhov\u00e1k\u016f<\/a> (IAM) a\/nebo <a href=\"https:\/\/moverdb.com\/cs\/fidi-faim\/\" data-internallinksmanager029f6b8e52c=\"16\" title=\"Vysv\u011btlen\u00ed FIDI a FAIM (FIDI Accredited International Mover)\">FIDI<\/a> Akreditovan\u00e9 mezin\u00e1rodn\u00ed st\u011bhov\u00e1n\u00ed (FAIM), kter\u00e9 by v\u00e1m mohlo pomoci se st\u011bhov\u00e1n\u00edm.<\/p>\n<h2><strong>1. Orbit Ltd International<\/strong><\/h2>\n<p><img loading=\"lazy\" decoding=\"async\" class=\"alignnone size-full wp-image-8352\" src=\"https:\/\/moverdb.com\/wp-content\/uploads\/Orbit-Macedonia-international-moving-company.png\" alt=\"Orbit Makedonie mezin\u00e1rodn\u00ed st\u011bhov\u00e1n\u00ed spole\u010dnost\" width=\"1440\" height=\"681\" data-wp-pid=\"8352\" srcset=\"https:\/\/moverdb.com\/wp-content\/uploads\/Orbit-Macedonia-international-moving-company.png 1440w, https:\/\/moverdb.com\/wp-content\/uploads\/Orbit-Macedonia-international-moving-company-300x142.png 300w, https:\/\/moverdb.com\/wp-content\/uploads\/Orbit-Macedonia-international-moving-company-1024x484.png 1024w, https:\/\/moverdb.com\/wp-content\/uploads\/Orbit-Macedonia-international-moving-company-18x9.png 18w, https:\/\/moverdb.com\/wp-content\/uploads\/Orbit-Macedonia-international-moving-company-600x284.png 600w\" sizes=\"auto, (max-width: 1440px) 100vw, 1440px\" \/><\/p>\n<ul>\n<li>St\u011bhov\u00e1n\u00ed na n\u00e1rodn\u00ed \u00farovni<\/li>\n<li>Mezin\u00e1rodn\u00ed p\u0159esuny<\/li>\n<li>St\u011bhov\u00e1n\u00ed dom\u00e1cnost\u00ed<\/li>\n<li>Veletrhy a v\u00fdstavy<\/li>\n<li>Slu\u017eba od dve\u0159\u00ed ke dve\u0159\u00edm<\/li>\n<li>Silni\u010dn\u00ed, n\u00e1mo\u0159n\u00ed a leteck\u00e1 n\u00e1kladn\u00ed doprava<\/li>\n<li>V\u00fdb\u011br <a href=\"https:\/\/moverdb.com\/cs\/shipping-container-sizes-and-dimensions\/\" data-internallinksmanager029f6b8e52c=\"247\" title=\"Kone\u010dn\u00fd pr\u016fvodce velikostmi a rozm\u011bry p\u0159epravn\u00edch kontejner\u016f\">velikosti kontejner\u016f<\/a><\/li>\n<li>Celn\u00ed odbaven\u00ed<\/li>\n<li>Poji\u0161t\u011bn\u00ed<\/li>\n<li>Skladovac\u00ed prostory<\/li>\n<\/ul>\n<p>Orbit Ltd International je spedi\u010dn\u00ed a st\u011bhovac\u00ed spole\u010dnost zalo\u017een\u00e1 v roce 2000 ve Skopje v Makedonii a je sou\u010d\u00e1st\u00ed skupiny Orphee Beinoglou Group. Orbit se specializuje na Severn\u00ed Makedonii a Kosovo a Orphee Beinoglou na... <a href=\"https:\/\/moverdb.com\/cs\/moving-to-greece\/\" data-internallinksmanager029f6b8e52c=\"353\" title=\"St\u011bhov\u00e1n\u00ed do \u0158ecka? 2026 N\u00e1klady na bydlen\u00ed a tipy na st\u011bhov\u00e1n\u00ed\">\u0158ecko<\/a> a v\u00fdchodn\u00ed Evrop\u011b. Je \u010dlenem IAM s 23letou tradic\u00ed.<\/p>\n<p>Spole\u010dnost Orbit Ltd International nab\u00edz\u00ed slu\u017eby n\u00e1mo\u0159n\u00ed p\u0159epravy, kter\u00e9 zahrnuj\u00ed \u0159adu mo\u017enost\u00ed, jako je sb\u011brn\u00e1 p\u0159eprava, pln\u00e9 kontejnery a voln\u011b lo\u017een\u00e9 zbo\u017e\u00ed. Poskytuj\u00ed leteckou n\u00e1kladn\u00ed dopravu s v\u00fdb\u011brem pr\u00e9miov\u00fdch, odlo\u017een\u00fdch, konsolidovan\u00fdch a charterov\u00fdch slu\u017eeb. Kamionov\u00e1 n\u00e1kladn\u00ed doprava nab\u00edz\u00ed p\u0159epravu cel\u00fdch nebo \u010d\u00e1ste\u010dn\u00fdch n\u00e1klad\u016f. Jejich slu\u017eby zahrnuj\u00ed sledov\u00e1n\u00ed z\u00e1silek, celn\u00ed formality a poji\u0161t\u011bn\u00ed.<\/p>\n<p>Webov\u00e9 str\u00e1nky: <a href=\"http:\/\/www.orbit.mk\" target=\"_blank\" rel=\"noopener\">http:\/\/www.orbit.mk<\/a><\/p>\n<h2><strong>2. DoraSt\u011bhov\u00e1n\u00ed<\/strong><\/h2>\n<p><img loading=\"lazy\" decoding=\"async\" class=\"alignnone size-full wp-image-8307\" src=\"https:\/\/moverdb.com\/wp-content\/uploads\/DoraMoving-international-moving-company.png\" alt=\"DoraMoving mezin\u00e1rodn\u00ed st\u011bhov\u00e1n\u00ed spole\u010dnost\" width=\"1440\" height=\"682\" data-wp-pid=\"8307\" srcset=\"https:\/\/moverdb.com\/wp-content\/uploads\/DoraMoving-international-moving-company.png 1440w, https:\/\/moverdb.com\/wp-content\/uploads\/DoraMoving-international-moving-company-300x142.png 300w, https:\/\/moverdb.com\/wp-content\/uploads\/DoraMoving-international-moving-company-1024x485.png 1024w, https:\/\/moverdb.com\/wp-content\/uploads\/DoraMoving-international-moving-company-18x9.png 18w, https:\/\/moverdb.com\/wp-content\/uploads\/DoraMoving-international-moving-company-600x284.png 600w\" sizes=\"auto, (max-width: 1440px) 100vw, 1440px\" \/><\/p>\n<ul>\n<li>M\u00edstn\u00ed p\u0159esuny<\/li>\n<li>Mezin\u00e1rodn\u00ed p\u0159esuny<\/li>\n<li>St\u011bhov\u00e1n\u00ed do obytn\u00fdch prostor<\/li>\n<li>St\u011bhov\u00e1n\u00ed spole\u010dnosti<\/li>\n<li>Slu\u017eby na m\u00edru<\/li>\n<li>Individu\u00e1ln\u00ed citace<\/li>\n<li>\u00dapln\u00fd nebo \u010d\u00e1ste\u010dn\u00fd servis<\/li>\n<li>Balic\u00ed slu\u017eba<\/li>\n<li>Zaji\u0161t\u011bn\u00ed dopravy<\/li>\n<li>Zabezpe\u010den\u00e9 skladov\u00e1n\u00ed<\/li>\n<\/ul>\n<p>DoraMoving je st\u011bhovac\u00ed spole\u010dnost zalo\u017een\u00e1 v roce 2019 ve Skopje v Makedonii, kter\u00e1 nab\u00edz\u00ed m\u00edstn\u00ed a mezin\u00e1rodn\u00ed st\u011bhovac\u00ed slu\u017eby pro reziden\u010dn\u00ed i firemn\u00ed klientelu. Je \u010dlenem IAM se \u010dty\u0159letou prax\u00ed, co\u017e jim umo\u017e\u0148uje p\u0159\u00edstup k mezin\u00e1rodn\u00ed s\u00edti st\u011bhovac\u00edch agent\u016f, kte\u0159\u00ed jim poskytuj\u00ed podporu.<\/p>\n<p>Spole\u010dnost DoraMoving nab\u00edz\u00ed st\u011bhovac\u00ed slu\u017eby na m\u00edru a poskytne v\u00e1m cenovou nab\u00eddku na z\u00e1klad\u011b va\u0161ich pot\u0159eb a objemu. Nab\u00edzej\u00ed mo\u017enost v\u00fdb\u011bru balic\u00ed slu\u017eby nebo vlastn\u00edho balen\u00ed s dodan\u00fdm materi\u00e1lem. Jejich balic\u00ed slu\u017eba zahrnuje balen\u00ed a vybalov\u00e1n\u00ed a tak\u00e9 demont\u00e1\u017e a mont\u00e1\u017e va\u0161eho n\u00e1bytku.<\/p>\n<p>Webov\u00e9 str\u00e1nky: <a href=\"https:\/\/doramoving.com\/en\/international-moving\/\" target=\"_blank\" rel=\"noopener\">https:\/\/doramoving.com\/en\/international-moving\/<\/a><\/p>","protected":false},"excerpt":{"rendered":"<p>Moving can be a hectic time with a lot of tasks to do and paperwork to complete, especially if you are moving abroad. This is where a moving company can assist in lightening your load and managing the move for you. Below we have compiled a list of Macedonia based removal companies that are members [&hellip;]<\/p>\n","protected":false},"author":4,"featured_media":0,"parent":190,"menu_order":0,"comment_status":"closed","ping_status":"closed","template":"","meta":{"_genesis_hide_title":false,"_genesis_hide_breadcrumbs":false,"_genesis_hide_singular_image":false,"_genesis_hide_footer_widgets":false,"_genesis_custom_body_class":"","_genesis_custom_post_class":"","_genesis_layout":"","footnotes":""},"class_list":{"0":"post-8412","1":"page","2":"type-page","3":"status-publish","5":"entry","6":"has-post-thumbnail"},"_links":{"self":[{"href":"https:\/\/moverdb.com\/cs\/wp-json\/wp\/v2\/pages\/8412","targetHints":{"allow":["GET"]}}],"collection":[{"href":"https:\/\/moverdb.com\/cs\/wp-json\/wp\/v2\/pages"}],"about":[{"href":"https:\/\/moverdb.com\/cs\/wp-json\/wp\/v2\/types\/page"}],"author":[{"embeddable":true,"href":"https:\/\/moverdb.com\/cs\/wp-json\/wp\/v2\/users\/4"}],"replies":[{"embeddable":true,"href":"https:\/\/moverdb.com\/cs\/wp-json\/wp\/v2\/comments?post=8412"}],"version-history":[{"count":1,"href":"https:\/\/moverdb.com\/cs\/wp-json\/wp\/v2\/pages\/8412\/revisions"}],"predecessor-version":[{"id":8413,"href":"https:\/\/moverdb.com\/cs\/wp-json\/wp\/v2\/pages\/8412\/revisions\/8413"}],"up":[{"embeddable":true,"href":"https:\/\/moverdb.com\/cs\/wp-json\/wp\/v2\/pages\/190"}],"wp:attachment":[{"href":"https:\/\/moverdb.com\/cs\/wp-json\/wp\/v2\/media?parent=8412"}],"curies":[{"name":"wp","href":"https:\/\/api.w.org\/{rel}","templated":true}]}}