{"id":8410,"date":"2023-04-27T14:49:53","date_gmt":"2023-04-27T14:49:53","guid":{"rendered":"https:\/\/moverdb.com\/?page_id=8410"},"modified":"2026-01-08T15:24:22","modified_gmt":"2026-01-08T15:24:22","slug":"moving-companies-luxembourg","status":"publish","type":"page","link":"https:\/\/moverdb.com\/cs\/moving-companies\/moving-companies-luxembourg\/","title":{"rendered":"3 nejlep\u0161\u00ed mezin\u00e1rodn\u00ed st\u011bhovac\u00ed spole\u010dnosti v Lucembursku"},"content":{"rendered":"<p>P\u0159i st\u011bhov\u00e1n\u00ed, a\u0165 u\u017e m\u00edstn\u00edm, n\u00e1rodn\u00edm nebo mezin\u00e1rodn\u00edm, je t\u0159eba myslet na spoustu v\u011bc\u00ed, kter\u00e9 v\u00e1m mohou v noci nedat sp\u00e1t. Zam\u011bstn\u00e1n\u00ed <a href=\"https:\/\/moverdb.com\/cs\/moving-companies\/\" data-internallinksmanager029f6b8e52c=\"79\" title=\"Top 25 Mezin\u00e1rodn\u00ed st\u011bhovac\u00ed spole\u010dnosti Online\">st\u011bhovac\u00ed spole\u010dnost<\/a> \u0159\u00edzen\u00ed st\u011bhov\u00e1n\u00ed v\u00e1m m\u016f\u017ee usnadnit a pomoci v\u00e1m l\u00e9pe sp\u00e1t. N\u00ed\u017ee jsme sestavili seznam <a href=\"https:\/\/moverdb.com\/cs\/moving-to-luxembourg\/\" data-internallinksmanager029f6b8e52c=\"349\" title=\"St\u011bhov\u00e1n\u00ed do Lucemburska? 2026 N\u00e1klady na bydlen\u00ed a tipy na st\u011bhov\u00e1n\u00ed\">Lucembursko<\/a> na adrese <a href=\"https:\/\/moverdb.com\/cs\/international-removals\/\" data-internallinksmanager029f6b8e52c=\"27\" title=\"36 nejlep\u0161\u00edch mezin\u00e1rodn\u00edch st\u011bhovac\u00edch spole\u010dnost\u00ed ve Velk\u00e9 Brit\u00e1nii\">st\u011bhovac\u00ed firmy<\/a> kter\u00e9 jsou \u010dleny <a href=\"https:\/\/moverdb.com\/cs\/iam\/\" data-internallinksmanager029f6b8e52c=\"23\" title=\"Vysv\u011btlen\u00ed Mezin\u00e1rodn\u00ed asociace st\u011bhov\u00e1k\u016f (IAM)\">Mezin\u00e1rodn\u00ed asociace st\u011bhov\u00e1k\u016f<\/a> (IAM) a\/nebo <a href=\"https:\/\/moverdb.com\/cs\/fidi-faim\/\" data-internallinksmanager029f6b8e52c=\"16\" title=\"Vysv\u011btlen\u00ed FIDI a FAIM (FIDI Accredited International Mover)\">FIDI<\/a> Akreditovan\u00e9 mezin\u00e1rodn\u00ed st\u011bhov\u00e1n\u00ed (FAIM), kter\u00e9 by v\u00e1m mohlo pomoci se st\u011bhov\u00e1n\u00edm.<\/p>\n<div id=\"ez-toc-container\" class=\"ez-toc-v2_0_83 ez-toc-wrap-left counter-hierarchy ez-toc-counter ez-toc-transparent ez-toc-container-direction\">\n<div class=\"ez-toc-title-container\">\n<p class=\"ez-toc-title\" style=\"cursor:inherit\">Sekce<\/p>\n<span class=\"ez-toc-title-toggle\"><a href=\"#\" class=\"ez-toc-pull-right ez-toc-btn ez-toc-btn-xs ez-toc-btn-default ez-toc-toggle\" aria-label=\"P\u0159epnut\u00ed tabulky obsahu\"><span class=\"ez-toc-js-icon-con\"><span class=\"\"><span class=\"eztoc-hide\" style=\"display:none;\">P\u0159ep\u00edna\u010d<\/span><span class=\"ez-toc-icon-toggle-span\"><svg style=\"fill: #999;color:#999\" xmlns=\"http:\/\/www.w3.org\/2000\/svg\" class=\"list-377408\" width=\"20px\" height=\"20px\" viewbox=\"0 0 24 24\" fill=\"none\"><path d=\"M6 6H4v2h2V6zm14 0H8v2h12V6zM4 11h2v2H4v-2zm16 0H8v2h12v-2zM4 16h2v2H4v-2zm16 0H8v2h12v-2z\" fill=\"currentColor\"><\/path><\/svg><svg style=\"fill: #999;color:#999\" class=\"arrow-unsorted-368013\" xmlns=\"http:\/\/www.w3.org\/2000\/svg\" width=\"10px\" height=\"10px\" viewbox=\"0 0 24 24\" version=\"1.2\" baseprofile=\"tiny\"><path d=\"M18.2 9.3l-6.2-6.3-6.2 6.3c-.2.2-.3.4-.3.7s.1.5.3.7c.2.2.4.3.7.3h11c.3 0 .5-.1.7-.3.2-.2.3-.5.3-.7s-.1-.5-.3-.7zM5.8 14.7l6.2 6.3 6.2-6.3c.2-.2.3-.5.3-.7s-.1-.5-.3-.7c-.2-.2-.4-.3-.7-.3h-11c-.3 0-.5.1-.7.3-.2.2-.3.5-.3.7s.1.5.3.7z\"\/><\/svg><\/span><\/span><\/span><\/a><\/span><\/div>\n<nav><ul class='ez-toc-list ez-toc-list-level-1 eztoc-toggle-hide-by-default' ><li class='ez-toc-page-1 ez-toc-heading-level-2'><a class=\"ez-toc-link ez-toc-heading-1\" href=\"https:\/\/moverdb.com\/cs\/moving-companies\/moving-companies-luxembourg\/#1_Streff\" >1. Streff<\/a><\/li><li class='ez-toc-page-1 ez-toc-heading-level-2'><a class=\"ez-toc-link ez-toc-heading-2\" href=\"https:\/\/moverdb.com\/cs\/moving-companies\/moving-companies-luxembourg\/#2_MoverManiac\" >2. MoverManiac<\/a><\/li><li class='ez-toc-page-1 ez-toc-heading-level-2'><a class=\"ez-toc-link ez-toc-heading-3\" href=\"https:\/\/moverdb.com\/cs\/moving-companies\/moving-companies-luxembourg\/#3_Tranelux\" >3. Tranelux<\/a><\/li><li class='ez-toc-page-1 ez-toc-heading-level-2'><a class=\"ez-toc-link ez-toc-heading-4\" href=\"https:\/\/moverdb.com\/cs\/moving-companies\/moving-companies-luxembourg\/#Other_Useful_Guides_to_Luxembourg\" >Dal\u0161\u00ed u\u017eite\u010dn\u00ed pr\u016fvodci po Lucembursku<\/a><\/li><\/ul><\/nav><\/div>\n<h2><span class=\"ez-toc-section\" id=\"1_Streff\"><\/span><strong>1. Streff<\/strong><span class=\"ez-toc-section-end\"><\/span><\/h2>\n<p><img loading=\"lazy\" decoding=\"async\" class=\"alignnone size-full wp-image-8367\" src=\"https:\/\/moverdb.com\/wp-content\/uploads\/Streff-international-moving-company.png\" alt=\"Streff mezin\u00e1rodn\u00ed st\u011bhov\u00e1n\u00ed spole\u010dnost\" width=\"1440\" height=\"683\" data-wp-pid=\"8367\" srcset=\"https:\/\/moverdb.com\/wp-content\/uploads\/Streff-international-moving-company.png 1440w, https:\/\/moverdb.com\/wp-content\/uploads\/Streff-international-moving-company-300x142.png 300w, https:\/\/moverdb.com\/wp-content\/uploads\/Streff-international-moving-company-1024x486.png 1024w, https:\/\/moverdb.com\/wp-content\/uploads\/Streff-international-moving-company-18x9.png 18w, https:\/\/moverdb.com\/wp-content\/uploads\/Streff-international-moving-company-600x285.png 600w\" sizes=\"auto, (max-width: 1440px) 100vw, 1440px\" \/><\/p>\n<ul>\n<li>St\u011bhov\u00e1n\u00ed na n\u00e1rodn\u00ed \u00farovni<\/li>\n<li>Mezin\u00e1rodn\u00ed p\u0159esuny<\/li>\n<li>St\u011bhov\u00e1n\u00ed do obytn\u00fdch prostor<\/li>\n<li>Obchodn\u00ed kroky<\/li>\n<li>V\u00fdb\u011br bal\u00ed\u010dk\u016f na m\u00edru<\/li>\n<li>Balic\u00ed slu\u017eba<\/li>\n<li>Zaji\u0161t\u011bn\u00ed dopravy<\/li>\n<li>P\u0159eprava dom\u00e1c\u00edch zv\u00ed\u0159at<\/li>\n<li>Poji\u0161t\u011bn\u00ed<\/li>\n<li>Zabezpe\u010den\u00e9 skladovac\u00ed prostory<\/li>\n<\/ul>\n<p>Spole\u010dnost Streff je dopravn\u00ed a skladovac\u00ed firma, kter\u00e1 p\u016fsob\u00ed na trhu od roku 1928 a s\u00eddl\u00ed ve \u0160trasburku. Je dlouholet\u00fdm \u010dlenem IAM a m\u00e1 akreditaci FIDI.<\/p>\n<p>Spole\u010dnost Streff nab\u00edz\u00ed v\u00fdb\u011br bal\u00ed\u010dk\u016f, kter\u00e9 jsou v\u00e1m \u0161it\u00e9 na m\u00edru a zahrnuj\u00ed kompletn\u00ed, standardn\u00ed a z\u00e1kladn\u00ed slu\u017eby. Kompletn\u00ed slu\u017eba zahrnuje pe\u010dliv\u00e9 zabalen\u00ed va\u0161ich v\u011bc\u00ed, demont\u00e1\u017e n\u00e1bytku, zaji\u0161t\u011bn\u00ed p\u0159epravy, vybalen\u00ed a sestaven\u00ed n\u00e1bytku. Standardn\u00ed slu\u017eba v\u00e1m umo\u017en\u00ed zabalit a vybalit si v\u011bci sami. Z\u00e1kladn\u00ed slu\u017eba p\u0159edstavuje pouze p\u0159epravu. Mezi dopl\u0148kov\u00e9 slu\u017eby pat\u0159\u00ed vyhled\u00e1n\u00ed domu, za\u0159izovac\u00ed slu\u017eby, \u0159emesln\u00edci, \u00faklid, p\u0159eprava dom\u00e1c\u00edch zv\u00ed\u0159at, poji\u0161t\u011bn\u00ed a skladov\u00e1n\u00ed.<\/p>\n<p>Webov\u00e9 str\u00e1nky: <a href=\"http:\/\/www.streff.lu\/en\" target=\"_blank\" rel=\"noopener\">http:\/\/www.streff.lu\/en<\/a><\/p>\n<h2><span class=\"ez-toc-section\" id=\"2_MoverManiac\"><\/span><strong>2. MoverManiac<\/strong><span class=\"ez-toc-section-end\"><\/span><\/h2>\n<p><img loading=\"lazy\" decoding=\"async\" class=\"alignnone size-full wp-image-8344\" src=\"https:\/\/moverdb.com\/wp-content\/uploads\/Mover-Maniac-international-moving-company.png\" alt=\"Mover Maniac mezin\u00e1rodn\u00ed st\u011bhov\u00e1n\u00ed spole\u010dnost\" width=\"1440\" height=\"678\" data-wp-pid=\"8344\" srcset=\"https:\/\/moverdb.com\/wp-content\/uploads\/Mover-Maniac-international-moving-company.png 1440w, https:\/\/moverdb.com\/wp-content\/uploads\/Mover-Maniac-international-moving-company-300x141.png 300w, https:\/\/moverdb.com\/wp-content\/uploads\/Mover-Maniac-international-moving-company-1024x482.png 1024w, https:\/\/moverdb.com\/wp-content\/uploads\/Mover-Maniac-international-moving-company-18x8.png 18w, https:\/\/moverdb.com\/wp-content\/uploads\/Mover-Maniac-international-moving-company-600x283.png 600w\" sizes=\"auto, (max-width: 1440px) 100vw, 1440px\" \/><\/p>\n<ul>\n<li>M\u00edstn\u00ed a vnitrost\u00e1tn\u00ed p\u0159esuny<\/li>\n<li>Mezin\u00e1rodn\u00ed p\u0159esuny<\/li>\n<li>St\u011bhov\u00e1n\u00ed dom\u00e1cnost\u00ed<\/li>\n<li>St\u011bhov\u00e1n\u00ed kancel\u00e1\u0159\u00ed<\/li>\n<li>Slu\u017eby na m\u00edru<\/li>\n<li>Pr\u016fzkum p\u0159ed st\u011bhov\u00e1n\u00edm<\/li>\n<li>Balic\u00ed slu\u017eba<\/li>\n<li>P\u0159eprava zbo\u017e\u00ed<\/li>\n<li>\u00daklid a malov\u00e1n\u00ed domu<\/li>\n<li>Skladovac\u00ed prostory<\/li>\n<\/ul>\n<p>MoverManiac je profesion\u00e1ln\u00ed st\u011bhovac\u00ed spole\u010dnost se s\u00eddlem v Trintange. Poskytuje kompletn\u00ed nebo \u010d\u00e1ste\u010dn\u00e9 st\u011bhovac\u00ed slu\u017eby a slu\u017eby mu\u017ee s dod\u00e1vkou. Je \u010dlenem IAM, co\u017e jim umo\u017e\u0148uje p\u0159\u00edstup k s\u00edti mezin\u00e1rodn\u00edch st\u011bhovac\u00edch agent\u016f.<\/p>\n<p>Spole\u010dnost MoverManiac nab\u00edz\u00ed p\u0159edst\u011bhovac\u00ed pr\u016fzkum, kter\u00fd posoud\u00ed va\u0161e po\u017eadavky na st\u011bhov\u00e1n\u00ed a poskytne cenovou nab\u00eddku. Nab\u00edz\u00ed st\u011bhovac\u00ed slu\u017eby na m\u00edru, kter\u00e9 mohou zahrnovat balen\u00ed va\u0161ich v\u011bc\u00ed, demont\u00e1\u017e a mont\u00e1\u017e n\u00e1bytku nebo jen poskytnut\u00ed balic\u00edch materi\u00e1l\u016f. Zajist\u00ed p\u0159epravu va\u0161ich v\u011bc\u00ed v r\u00e1mci Evropy. Poskytuj\u00ed dal\u0161\u00ed slu\u017eby v\u010detn\u011b \u00faklidu domu, malov\u00e1n\u00ed, skladov\u00e1n\u00ed a likvidace nepot\u0159ebn\u00fdch v\u011bc\u00ed.<\/p>\n<p>Webov\u00e9 str\u00e1nky: <a href=\"http:\/\/www.movermaniac.lu\" target=\"_blank\" rel=\"noopener\">http:\/\/www.movermaniac.lu<\/a><\/p>\n<h2><span class=\"ez-toc-section\" id=\"3_Tranelux\"><\/span><strong>3. Tranelux<\/strong><span class=\"ez-toc-section-end\"><\/span><\/h2>\n<p><img loading=\"lazy\" decoding=\"async\" class=\"alignnone size-full wp-image-8374\" src=\"https:\/\/moverdb.com\/wp-content\/uploads\/Tranelux-international-moving-company.png\" alt=\"Tranelux mezin\u00e1rodn\u00ed st\u011bhov\u00e1n\u00ed spole\u010dnost\" width=\"1440\" height=\"682\" data-wp-pid=\"8374\" srcset=\"https:\/\/moverdb.com\/wp-content\/uploads\/Tranelux-international-moving-company.png 1440w, https:\/\/moverdb.com\/wp-content\/uploads\/Tranelux-international-moving-company-300x142.png 300w, https:\/\/moverdb.com\/wp-content\/uploads\/Tranelux-international-moving-company-1024x485.png 1024w, https:\/\/moverdb.com\/wp-content\/uploads\/Tranelux-international-moving-company-18x9.png 18w, https:\/\/moverdb.com\/wp-content\/uploads\/Tranelux-international-moving-company-600x284.png 600w\" sizes=\"auto, (max-width: 1440px) 100vw, 1440px\" \/><\/p>\n<ul>\n<li>Mezin\u00e1rodn\u00ed st\u011bhov\u00e1n\u00ed<\/li>\n<li>St\u011bhov\u00e1n\u00ed dom\u00e1cnost\u00ed<\/li>\n<li>St\u011bhov\u00e1n\u00ed zam\u011bstnanc\u016f<\/li>\n<li>Slu\u017eba od dve\u0159\u00ed ke dve\u0159\u00edm<\/li>\n<li>V\u00fdb\u011br pohybliv\u00fdch bal\u00ed\u010dk\u016f<\/li>\n<li>Balic\u00ed slu\u017eba<\/li>\n<li>Zaji\u0161t\u011bn\u00ed dopravy<\/li>\n<li>Profesion\u00e1ln\u00ed slu\u017eby<\/li>\n<li>Doprava v oblasti v\u00fdtvarn\u00e9ho um\u011bn\u00ed<\/li>\n<li>Zabezpe\u010den\u00e9 skladovac\u00ed prostory<\/li>\n<\/ul>\n<p>Tranelux je st\u011bhovac\u00ed a skladovac\u00ed spole\u010dnost zalo\u017een\u00e1 v roce 1957 se s\u00eddlem v Conternu. Jedn\u00e1 se o <a href=\"https:\/\/moverdb.com\/cs\/euromovers\/\" data-internallinksmanager029f6b8e52c=\"12\" title=\"Vysv\u011btlen\u00ed partnerstv\u00ed evropsk\u00fdch p\u0159epravc\u016f (EUROMOVERS International)\">Euromovers<\/a> Z\u00e1stupce s\u00edt\u011b v Lucembursku a je \u010dlenem IAM s 66 lety slu\u017eby.<\/p>\n<p>Tranelux nab\u00edz\u00ed t\u0159i bal\u00ed\u010dky - pln\u00fd, klasick\u00fd a ekonomick\u00fd. Kompletn\u00ed bal\u00ed\u010dek poskytuje slu\u017eby od dve\u0159\u00ed ke dve\u0159\u00edm v\u010detn\u011b balen\u00ed, demont\u00e1\u017ee a mont\u00e1\u017ee n\u00e1bytku a asistence \u0159emesln\u00edk\u016f, jako jsou mal\u00ed\u0159i, instalat\u00e9\u0159i a elektrik\u00e1\u0159i. Klasick\u00fd bal\u00ed\u010dek umo\u017e\u0148uje flexibiln\u011bj\u0161\u00ed bal\u00ed\u010dek s v\u011bt\u0161\u00edm zapojen\u00edm do st\u011bhovac\u00edch \u010dinnost\u00ed. Ekonomick\u00fd bal\u00ed\u010dek umo\u017e\u0148uje prov\u00e9st v\u011bt\u0161inu \u00fakon\u016f sami a poskytuje p\u0159epravn\u00ed slu\u017eby.<\/p>\n<p>Webov\u00e9 str\u00e1nky: <a href=\"http:\/\/www.tranelux.lu\" target=\"_blank\" rel=\"noopener\">http:\/\/www.tranelux.lu<\/a><\/p>\n<h2><span class=\"ez-toc-section\" id=\"Other_Useful_Guides_to_Luxembourg\"><\/span>Dal\u0161\u00ed u\u017eite\u010dn\u00ed pr\u016fvodci po Lucembursku<span class=\"ez-toc-section-end\"><\/span><\/h2>\n<ul>\n<li> <a href=\"https:\/\/moverdb.com\/cs\/kontejnerova-preprava\/lucembursko\/\">2024 Sazby n\u00e1mo\u0159n\u00ed kontejnerov\u00e9 dopravy do a z Lucemburska<\/a><\/li>\n<li> <a href=\"https:\/\/moverdb.com\/cs\/moving-to-luxembourg\/\">St\u011bhov\u00e1n\u00ed do Lucemburska? 2026 N\u00e1klady na bydlen\u00ed a tipy na st\u011bhov\u00e1n\u00ed<\/a><\/li>\n<li> <a href=\"https:\/\/moverdb.com\/cs\/moving-to-luxembourg\/living-in-luxembourg\/\">21 tajemstv\u00ed o \u017eivot\u011b v Lucembursku, kter\u00e1 je t\u0159eba zn\u00e1t p\u0159ed st\u011bhov\u00e1n\u00edm<\/a><\/li>\n<\/ul>","protected":false},"excerpt":{"rendered":"<p>When you are moving whether that is locally, nationally or internationally, there is a lot to think about and can keep you awake at night. Employing a moving company to manage your move can simplify it and help you sleep better. Below we have compiled a list of Luxembourg based removal companies that are members [&hellip;]<\/p>\n","protected":false},"author":4,"featured_media":0,"parent":190,"menu_order":0,"comment_status":"closed","ping_status":"closed","template":"","meta":{"_genesis_hide_title":false,"_genesis_hide_breadcrumbs":false,"_genesis_hide_singular_image":false,"_genesis_hide_footer_widgets":false,"_genesis_custom_body_class":"","_genesis_custom_post_class":"","_genesis_layout":"","footnotes":""},"class_list":{"0":"post-8410","1":"page","2":"type-page","3":"status-publish","5":"entry","6":"has-post-thumbnail"},"_links":{"self":[{"href":"https:\/\/moverdb.com\/cs\/wp-json\/wp\/v2\/pages\/8410","targetHints":{"allow":["GET"]}}],"collection":[{"href":"https:\/\/moverdb.com\/cs\/wp-json\/wp\/v2\/pages"}],"about":[{"href":"https:\/\/moverdb.com\/cs\/wp-json\/wp\/v2\/types\/page"}],"author":[{"embeddable":true,"href":"https:\/\/moverdb.com\/cs\/wp-json\/wp\/v2\/users\/4"}],"replies":[{"embeddable":true,"href":"https:\/\/moverdb.com\/cs\/wp-json\/wp\/v2\/comments?post=8410"}],"version-history":[{"count":2,"href":"https:\/\/moverdb.com\/cs\/wp-json\/wp\/v2\/pages\/8410\/revisions"}],"predecessor-version":[{"id":18372,"href":"https:\/\/moverdb.com\/cs\/wp-json\/wp\/v2\/pages\/8410\/revisions\/18372"}],"up":[{"embeddable":true,"href":"https:\/\/moverdb.com\/cs\/wp-json\/wp\/v2\/pages\/190"}],"wp:attachment":[{"href":"https:\/\/moverdb.com\/cs\/wp-json\/wp\/v2\/media?parent=8410"}],"curies":[{"name":"wp","href":"https:\/\/api.w.org\/{rel}","templated":true}]}}