{"id":8408,"date":"2023-04-27T14:50:26","date_gmt":"2023-04-27T14:50:26","guid":{"rendered":"https:\/\/moverdb.com\/?page_id=8408"},"modified":"2026-01-08T15:30:04","modified_gmt":"2026-01-08T15:30:04","slug":"moving-companies-lithuania","status":"publish","type":"page","link":"https:\/\/moverdb.com\/cs\/moving-companies\/moving-companies-lithuania\/","title":{"rendered":"Nejlep\u0161\u00ed mezin\u00e1rodn\u00ed st\u011bhovac\u00ed spole\u010dnosti v Litv\u011b"},"content":{"rendered":"<p>Pl\u00e1nujete se st\u011bhovat dom\u016f? A\u0165 u\u017e v r\u00e1mci Litvy, do Litvy nebo z Litvy, pak byste mo\u017en\u00e1 m\u011bli vyu\u017e\u00edt slu\u017eeb advok\u00e1tn\u00ed kancel\u00e1\u0159e. <a href=\"https:\/\/moverdb.com\/cs\/moving-companies\/\" data-internallinksmanager029f6b8e52c=\"79\" title=\"Top 25 Mezin\u00e1rodn\u00ed st\u011bhovac\u00ed spole\u010dnosti Online\">st\u011bhovac\u00ed spole\u010dnost<\/a> aby v\u00e1m pomohl. N\u00ed\u017ee jsme pro v\u00e1s p\u0159ipravili seznam firem se s\u00eddlem v Litv\u011b. <a href=\"https:\/\/moverdb.com\/cs\/international-removals\/\" data-internallinksmanager029f6b8e52c=\"27\" title=\"36 nejlep\u0161\u00edch mezin\u00e1rodn\u00edch st\u011bhovac\u00edch spole\u010dnost\u00ed ve Velk\u00e9 Brit\u00e1nii\">st\u011bhovac\u00ed firmy<\/a> kter\u00e9 jsou \u010dleny <a href=\"https:\/\/moverdb.com\/cs\/iam\/\" data-internallinksmanager029f6b8e52c=\"23\" title=\"Vysv\u011btlen\u00ed Mezin\u00e1rodn\u00ed asociace st\u011bhov\u00e1k\u016f (IAM)\">Mezin\u00e1rodn\u00ed asociace st\u011bhov\u00e1k\u016f<\/a> (IAM) a\/nebo <a href=\"https:\/\/moverdb.com\/cs\/fidi-faim\/\" data-internallinksmanager029f6b8e52c=\"16\" title=\"Vysv\u011btlen\u00ed FIDI a FAIM (FIDI Accredited International Mover)\">FIDI<\/a> Akreditovan\u00e9 mezin\u00e1rodn\u00ed st\u011bhov\u00e1n\u00ed (FAIM), kter\u00e9 by v\u00e1m mohlo pomoci se st\u011bhov\u00e1n\u00edm.<\/p>\n<h2><strong>St\u011bhov\u00e1ci UAB<\/strong><\/h2>\n<p><img loading=\"lazy\" decoding=\"async\" class=\"alignnone size-full wp-image-8378\" src=\"https:\/\/moverdb.com\/wp-content\/uploads\/UAB-Moving-international-moving-company.png\" alt=\"UAB Moving mezin\u00e1rodn\u00ed st\u011bhov\u00e1n\u00ed spole\u010dnost\" width=\"1440\" height=\"683\" data-wp-pid=\"8378\" srcset=\"https:\/\/moverdb.com\/wp-content\/uploads\/UAB-Moving-international-moving-company.png 1440w, https:\/\/moverdb.com\/wp-content\/uploads\/UAB-Moving-international-moving-company-300x142.png 300w, https:\/\/moverdb.com\/wp-content\/uploads\/UAB-Moving-international-moving-company-1024x486.png 1024w, https:\/\/moverdb.com\/wp-content\/uploads\/UAB-Moving-international-moving-company-18x9.png 18w, https:\/\/moverdb.com\/wp-content\/uploads\/UAB-Moving-international-moving-company-600x285.png 600w\" sizes=\"auto, (max-width: 1440px) 100vw, 1440px\" \/><\/p>\n<ul>\n<li>M\u00edstn\u00ed p\u0159esuny<\/li>\n<li>Mezin\u00e1rodn\u00ed st\u011bhov\u00e1n\u00ed<\/li>\n<li>St\u011bhov\u00e1n\u00ed dom\u00e1cnost\u00ed<\/li>\n<li>St\u011bhov\u00e1n\u00ed kancel\u00e1\u0159\u00ed<\/li>\n<li>Slu\u017eba od dve\u0159\u00ed ke dve\u0159\u00edm<\/li>\n<li>Balic\u00ed slu\u017eba<\/li>\n<li>Silni\u010dn\u00ed, leteck\u00e1 nebo n\u00e1mo\u0159n\u00ed doprava<\/li>\n<li>V\u00fdvozn\u00ed a dovozn\u00ed postupy<\/li>\n<li>Celn\u00ed podpora<\/li>\n<li>Skladovac\u00ed prostory<\/li>\n<\/ul>\n<p>UAB Movers je st\u011bhovac\u00ed spole\u010dnost se s\u00eddlem ve Vilniusu, kter\u00e1 nab\u00edz\u00ed m\u00edstn\u00ed, vnitrost\u00e1tn\u00ed a mezin\u00e1rodn\u00ed st\u011bhov\u00e1n\u00ed. Je \u010dlenem IAM se sedmiletou prax\u00ed. Jejich \u010dlenstv\u00ed v mezin\u00e1rodn\u00edch asociac\u00edch jim umo\u017e\u0148uje poskytovat vysoce kvalitn\u00ed slu\u017eby kdekoli na sv\u011bt\u011b.<\/p>\n<p>Spole\u010dnost UAB Movers nab\u00edz\u00ed st\u011bhovac\u00ed slu\u017eby od dve\u0159\u00ed ke dve\u0159\u00edm pro mal\u00e9 i velk\u00e9 st\u011bhovac\u00ed projekty a nab\u00edz\u00ed nejlep\u0161\u00ed \u0159e\u0161en\u00ed dopravy, a\u0165 u\u017e po silnici, vzduchem nebo po mo\u0159i. Pro n\u00e1mo\u0159n\u00ed p\u0159epravu nab\u00edzej\u00ed mo\u017enost v\u00fdb\u011bru pln\u00fdch nebo m\u00e9n\u011b ne\u017e pln\u00fdch kontejner\u016f a pro silni\u010dn\u00ed p\u0159epravu r\u016fzn\u00e9 velikosti dod\u00e1vek. Porad\u00ed v\u00e1m s formalitami v\u00fdvozn\u00edch a dovozn\u00edch postup\u016f.<\/p>\n<p>Webov\u00e9 str\u00e1nky: <a href=\"http:\/\/www.movers.lt\" target=\"_blank\" rel=\"noopener\">http:\/\/www.movers.lt<\/a><\/p>\n<h2>Dal\u0161\u00ed u\u017eite\u010dn\u00ed pr\u016fvodci po Litv\u011b<\/h2>\n<ul>\n<li> <a href=\"https:\/\/moverdb.com\/cs\/kontejnerova-preprava\/litva\/\">2024 Sazby n\u00e1mo\u0159n\u00ed kontejnerov\u00e9 dopravy do a z Litvy<\/a><\/li>\n<li> <a href=\"https:\/\/moverdb.com\/cs\/moving-to-lithuania\/\">St\u011bhov\u00e1n\u00ed do Litvy? 2024 N\u00e1klady na bydlen\u00ed a tipy na st\u011bhov\u00e1n\u00ed<\/a><\/li>\n<\/ul>","protected":false},"excerpt":{"rendered":"<p>Are you planning on moving home? Whether that is within, or to or from Lithuania then you might want to engage the services of a moving company to help you. Below we have compiled a list of Lithuania based removal companies that are members of the International Association of Movers (IAM) and\/or FIDI Accredited International [&hellip;]<\/p>\n","protected":false},"author":4,"featured_media":0,"parent":190,"menu_order":0,"comment_status":"closed","ping_status":"closed","template":"","meta":{"_genesis_hide_title":false,"_genesis_hide_breadcrumbs":false,"_genesis_hide_singular_image":false,"_genesis_hide_footer_widgets":false,"_genesis_custom_body_class":"","_genesis_custom_post_class":"","_genesis_layout":"","footnotes":""},"class_list":{"0":"post-8408","1":"page","2":"type-page","3":"status-publish","5":"entry","6":"has-post-thumbnail"},"_links":{"self":[{"href":"https:\/\/moverdb.com\/cs\/wp-json\/wp\/v2\/pages\/8408","targetHints":{"allow":["GET"]}}],"collection":[{"href":"https:\/\/moverdb.com\/cs\/wp-json\/wp\/v2\/pages"}],"about":[{"href":"https:\/\/moverdb.com\/cs\/wp-json\/wp\/v2\/types\/page"}],"author":[{"embeddable":true,"href":"https:\/\/moverdb.com\/cs\/wp-json\/wp\/v2\/users\/4"}],"replies":[{"embeddable":true,"href":"https:\/\/moverdb.com\/cs\/wp-json\/wp\/v2\/comments?post=8408"}],"version-history":[{"count":3,"href":"https:\/\/moverdb.com\/cs\/wp-json\/wp\/v2\/pages\/8408\/revisions"}],"predecessor-version":[{"id":18259,"href":"https:\/\/moverdb.com\/cs\/wp-json\/wp\/v2\/pages\/8408\/revisions\/18259"}],"up":[{"embeddable":true,"href":"https:\/\/moverdb.com\/cs\/wp-json\/wp\/v2\/pages\/190"}],"wp:attachment":[{"href":"https:\/\/moverdb.com\/cs\/wp-json\/wp\/v2\/media?parent=8408"}],"curies":[{"name":"wp","href":"https:\/\/api.w.org\/{rel}","templated":true}]}}