{"id":8404,"date":"2023-04-27T14:48:01","date_gmt":"2023-04-27T14:48:01","guid":{"rendered":"https:\/\/moverdb.com\/?page_id=8404"},"modified":"2026-01-08T15:23:47","modified_gmt":"2026-01-08T15:23:47","slug":"moving-companies-lesotho","status":"publish","type":"page","link":"https:\/\/moverdb.com\/cs\/moving-companies\/moving-companies-lesotho\/","title":{"rendered":"2 Nejlep\u0161\u00ed mezin\u00e1rodn\u00ed st\u011bhovac\u00ed spole\u010dnosti v Lesothu"},"content":{"rendered":"<p>St\u011bhov\u00e1n\u00ed m\u016f\u017ee b\u00fdt stresuj\u00edc\u00ed, a\u0165 u\u017e st\u011bhujete sv\u016fj domov nebo firmu, a m\u00edra stresu se zvy\u0161uje, kdy\u017e st\u011bhujete zem\u011b. To je d\u016fvod, pro\u010d tolik lid\u00ed vyu\u017e\u00edv\u00e1 slu\u017eeb slu\u017eeb <a href=\"https:\/\/moverdb.com\/cs\/moving-companies\/\" data-internallinksmanager029f6b8e52c=\"79\" title=\"Top 25 Mezin\u00e1rodn\u00ed st\u011bhovac\u00ed spole\u010dnosti Online\">st\u011bhovac\u00ed spole\u010dnost<\/a>. N\u00ed\u017ee jsme sestavili seznam firem z Lesotha. <a href=\"https:\/\/moverdb.com\/cs\/international-removals\/\" data-internallinksmanager029f6b8e52c=\"27\" title=\"36 nejlep\u0161\u00edch mezin\u00e1rodn\u00edch st\u011bhovac\u00edch spole\u010dnost\u00ed ve Velk\u00e9 Brit\u00e1nii\">st\u011bhovac\u00ed firmy<\/a> kter\u00e9 jsou \u010dleny <a href=\"https:\/\/moverdb.com\/cs\/iam\/\" data-internallinksmanager029f6b8e52c=\"23\" title=\"Vysv\u011btlen\u00ed Mezin\u00e1rodn\u00ed asociace st\u011bhov\u00e1k\u016f (IAM)\">Mezin\u00e1rodn\u00ed asociace st\u011bhov\u00e1k\u016f<\/a> (IAM) a\/nebo <a href=\"https:\/\/moverdb.com\/cs\/fidi-faim\/\" data-internallinksmanager029f6b8e52c=\"16\" title=\"Vysv\u011btlen\u00ed FIDI a FAIM (FIDI Accredited International Mover)\">FIDI<\/a> Akreditovan\u00e9 mezin\u00e1rodn\u00ed st\u011bhov\u00e1n\u00ed (FAIM), kter\u00e9 by v\u00e1m mohlo pomoci se st\u011bhov\u00e1n\u00edm.<\/p>\n<h2><strong>1. Stuttaford Van Lines<\/strong><\/h2>\n<p><img loading=\"lazy\" decoding=\"async\" class=\"alignnone size-full wp-image-8368\" src=\"https:\/\/moverdb.com\/wp-content\/uploads\/Stuttaford-Van-Lines-international-moving-company.png\" alt=\"Stuttaford Van Lines mezin\u00e1rodn\u00ed st\u011bhov\u00e1n\u00ed spole\u010dnost\" width=\"1440\" height=\"680\" data-wp-pid=\"8368\" srcset=\"https:\/\/moverdb.com\/wp-content\/uploads\/Stuttaford-Van-Lines-international-moving-company.png 1440w, https:\/\/moverdb.com\/wp-content\/uploads\/Stuttaford-Van-Lines-international-moving-company-300x142.png 300w, https:\/\/moverdb.com\/wp-content\/uploads\/Stuttaford-Van-Lines-international-moving-company-1024x484.png 1024w, https:\/\/moverdb.com\/wp-content\/uploads\/Stuttaford-Van-Lines-international-moving-company-18x9.png 18w, https:\/\/moverdb.com\/wp-content\/uploads\/Stuttaford-Van-Lines-international-moving-company-600x283.png 600w\" sizes=\"auto, (max-width: 1440px) 100vw, 1440px\" \/><\/p>\n<ul>\n<li>St\u011bhov\u00e1n\u00ed na n\u00e1rodn\u00ed \u00farovni<\/li>\n<li>Mezin\u00e1rodn\u00ed p\u0159esuny<\/li>\n<li>St\u011bhov\u00e1n\u00ed do obytn\u00fdch prostor<\/li>\n<li>Obchodn\u00ed kroky<\/li>\n<li>Slu\u017eby na m\u00edru<\/li>\n<li>Balic\u00ed slu\u017eba<\/li>\n<li>P\u0159em\u00edst\u011bn\u00ed vozidla a dom\u00e1c\u00edho mazl\u00ed\u010dka<\/li>\n<li>Manipulace s v\u00fdtvarn\u00fdm um\u011bn\u00edm<\/li>\n<li>Poji\u0161t\u011bn\u00ed<\/li>\n<li>Kr\u00e1tkodob\u00e9 a dlouhodob\u00e9 skladov\u00e1n\u00ed<\/li>\n<\/ul>\n<p>Stuttaford Van Lines je st\u011bhovac\u00ed spole\u010dnost, kter\u00e1 slou\u017e\u00ed rodin\u00e1m a podnik\u016fm od poloviny 19. stolet\u00ed a m\u00e1 pobo\u010dky po cel\u00e9m sv\u011bt\u011b. <a href=\"https:\/\/moverdb.com\/cs\/moving-to-south-africa\/\" data-internallinksmanager029f6b8e52c=\"347\" title=\"St\u011bhov\u00e1n\u00ed do Jihoafrick\u00e9 republiky? 2026 N\u00e1klady na bydlen\u00ed a tipy na st\u011bhov\u00e1n\u00ed\">Jihoafrick\u00e1 republika<\/a> v\u010detn\u011b Masera v Lesothu. Je \u010dlenem IAM se 47letou tradic\u00ed, co\u017e jim umo\u017e\u0148uje p\u0159\u00edstup k mezin\u00e1rodn\u00ed s\u00edti st\u011bhovac\u00edch agent\u016f, kte\u0159\u00ed je podporuj\u00ed,<\/p>\n<p>Spole\u010dnost Stuffaford Van Lines v\u00e1m pom\u016f\u017ee st\u011bhov\u00e1n\u00ed pe\u010dliv\u011b napl\u00e1novat a p\u0159ipravit. P\u0159id\u011bl\u00ed v\u00e1m jedinou kontaktn\u00ed osobu, kter\u00e1 v\u00e1s bude podporovat v ka\u017ed\u00e9m kroku. Poskytuj\u00ed balic\u00ed slu\u017eby, kter\u00e9 zahrnuj\u00ed pou\u017eit\u00ed vysoce kvalitn\u00edch obal\u016f a ochrann\u00fdch potah\u016f, ozna\u010d\u00ed v\u0161echny kartony a vyhotov\u00ed jejich soupis.<\/p>\n<p>Webov\u00e9 str\u00e1nky: <a href=\"http:\/\/www.stuttafordvanlines.co.za\" target=\"_blank\" rel=\"noopener\">http:\/\/www.stuttafordvanlines.co.za<\/a><\/p>\n<h2><strong>2. Jist\u00e1 logistika<\/strong><\/h2>\n<p><img loading=\"lazy\" decoding=\"async\" class=\"alignnone size-full wp-image-8371\" src=\"https:\/\/moverdb.com\/wp-content\/uploads\/Sure-Logistics-international-moving-company.png\" alt=\"Jist\u00fd Logistika mezin\u00e1rodn\u00ed st\u011bhov\u00e1n\u00ed spole\u010dnost\" width=\"1440\" height=\"678\" data-wp-pid=\"8371\" srcset=\"https:\/\/moverdb.com\/wp-content\/uploads\/Sure-Logistics-international-moving-company.png 1440w, https:\/\/moverdb.com\/wp-content\/uploads\/Sure-Logistics-international-moving-company-300x141.png 300w, https:\/\/moverdb.com\/wp-content\/uploads\/Sure-Logistics-international-moving-company-1024x482.png 1024w, https:\/\/moverdb.com\/wp-content\/uploads\/Sure-Logistics-international-moving-company-18x8.png 18w, https:\/\/moverdb.com\/wp-content\/uploads\/Sure-Logistics-international-moving-company-600x283.png 600w\" sizes=\"auto, (max-width: 1440px) 100vw, 1440px\" \/><\/p>\n<ul>\n<li>M\u00edstn\u00ed p\u0159esuny<\/li>\n<li>St\u011bhov\u00e1n\u00ed do z\u00e1mo\u0159\u00ed<\/li>\n<li>St\u011bhov\u00e1n\u00ed dom\u016f<\/li>\n<li>St\u011bhov\u00e1n\u00ed kancel\u00e1\u0159\u00ed<\/li>\n<li>St\u011bhovac\u00ed slu\u017eby<\/li>\n<li>St\u011bhovac\u00ed slu\u017eby na m\u00edru<\/li>\n<li>Zaji\u0161t\u011bn\u00ed dopravy<\/li>\n<li>Mo\u017enosti kontejner\u016f<\/li>\n<li><a href=\"https:\/\/moverdb.com\/cs\/car-transport-shipping\/\" data-internallinksmanager029f6b8e52c=\"2\" title=\"2026 Mezin\u00e1rodn\u00ed p\u0159eprava automobil\u016f &amp; P\u0159eprava vozidel Citace\">P\u0159eprava vozidel<\/a><\/li>\n<li>Bezpe\u010dn\u00e9 kr\u00e1tkodob\u00e9 a dlouhodob\u00e9 skladov\u00e1n\u00ed<\/li>\n<\/ul>\n<p>Spole\u010dnost Sure Logistics se s\u00eddlem ve m\u011bst\u011b Masero je specializovan\u00e1 spole\u010dnost na \u0159\u00edzen\u00ed logistiky, kter\u00e1 nab\u00edz\u00ed \u0159adu dopravn\u00edch slu\u017eeb a \u0159e\u0161en\u00ed dodavatelsk\u00e9ho \u0159et\u011bzce. Spolupracuje s mezin\u00e1rodn\u00edmi st\u011bhovac\u00edmi partnery, kte\u0159\u00ed poskytuj\u00ed jej\u00ed slu\u017eby do jin\u00fdch zem\u00ed. Je \u010dlenem IAM s dev\u00edtiletou p\u016fsobnost\u00ed.<\/p>\n<p>Sure Logistics nab\u00edz\u00ed st\u011bhovac\u00ed slu\u017eby v r\u00e1mci Lesotha, do Lesotha a z Lesotha pro dom\u00e1cnosti a firmy, kter\u00e9 jsou p\u0159izp\u016fsobeny va\u0161im pot\u0159eb\u00e1m. Nab\u00edz\u00ed tak\u00e9 st\u011bhovac\u00ed slu\u017eby, kter\u00e9 poskytuj\u00ed person\u00e1ln\u00ed podporu zam\u011bstnanc\u016fm, a specializovan\u00e9 bal\u00ed\u010dky glob\u00e1ln\u00ed mobility ve v\u00edce ne\u017e 150 zem\u00edch. Bezpe\u010dn\u011b p\u0159eprav\u00ed va\u0161e v\u011bci a m\u016f\u017ee nab\u00eddnout pln\u00fd n\u00e1klad i m\u00e9n\u011b ne\u017e kontejnerov\u00fd n\u00e1klad.<\/p>\n<p>Webov\u00e9 str\u00e1nky: <a href=\"http:\/\/www.surelogistics.co.ls\" target=\"_blank\" rel=\"noopener\">http:\/\/www.surelogistics.co.ls<\/a><\/p>","protected":false},"excerpt":{"rendered":"<p>Moving can be a stressful time whether you are moving your home or your business, and the stress level increases when you are moving countries. This is why so many people employ the services of a moving company. Below we have compiled a list of Lesotho based removal companies that are members of the International [&hellip;]<\/p>\n","protected":false},"author":4,"featured_media":0,"parent":190,"menu_order":0,"comment_status":"closed","ping_status":"closed","template":"","meta":{"_genesis_hide_title":false,"_genesis_hide_breadcrumbs":false,"_genesis_hide_singular_image":false,"_genesis_hide_footer_widgets":false,"_genesis_custom_body_class":"","_genesis_custom_post_class":"","_genesis_layout":"","footnotes":""},"class_list":{"0":"post-8404","1":"page","2":"type-page","3":"status-publish","5":"entry","6":"has-post-thumbnail"},"_links":{"self":[{"href":"https:\/\/moverdb.com\/cs\/wp-json\/wp\/v2\/pages\/8404","targetHints":{"allow":["GET"]}}],"collection":[{"href":"https:\/\/moverdb.com\/cs\/wp-json\/wp\/v2\/pages"}],"about":[{"href":"https:\/\/moverdb.com\/cs\/wp-json\/wp\/v2\/types\/page"}],"author":[{"embeddable":true,"href":"https:\/\/moverdb.com\/cs\/wp-json\/wp\/v2\/users\/4"}],"replies":[{"embeddable":true,"href":"https:\/\/moverdb.com\/cs\/wp-json\/wp\/v2\/comments?post=8404"}],"version-history":[{"count":2,"href":"https:\/\/moverdb.com\/cs\/wp-json\/wp\/v2\/pages\/8404\/revisions"}],"predecessor-version":[{"id":8418,"href":"https:\/\/moverdb.com\/cs\/wp-json\/wp\/v2\/pages\/8404\/revisions\/8418"}],"up":[{"embeddable":true,"href":"https:\/\/moverdb.com\/cs\/wp-json\/wp\/v2\/pages\/190"}],"wp:attachment":[{"href":"https:\/\/moverdb.com\/cs\/wp-json\/wp\/v2\/media?parent=8404"}],"curies":[{"name":"wp","href":"https:\/\/api.w.org\/{rel}","templated":true}]}}