{"id":8402,"date":"2023-04-27T14:51:30","date_gmt":"2023-04-27T14:51:30","guid":{"rendered":"https:\/\/moverdb.com\/?page_id=8402"},"modified":"2026-01-08T15:29:28","modified_gmt":"2026-01-08T15:29:28","slug":"moving-companies-lebanon","status":"publish","type":"page","link":"https:\/\/moverdb.com\/cs\/moving-companies\/moving-companies-lebanon\/","title":{"rendered":"7 nejlep\u0161\u00edch mezin\u00e1rodn\u00edch st\u011bhovac\u00edch spole\u010dnost\u00ed v Libanonu"},"content":{"rendered":"<p>U\u017e samotn\u00e9 p\u0159em\u00fd\u0161len\u00ed o st\u011bhov\u00e1n\u00ed domu nebo firmy m\u016f\u017ee b\u00fdt stresuj\u00edc\u00ed a zd\u00e1 se b\u00fdt komplikovan\u00e9, pokud se pl\u00e1nujete st\u011bhovat do zahrani\u010d\u00ed, co\u017e je p\u0159\u00edpad, kdy je <a href=\"https:\/\/moverdb.com\/cs\/moving-companies\/\" data-internallinksmanager029f6b8e52c=\"79\" title=\"Top 25 Mezin\u00e1rodn\u00ed st\u011bhovac\u00ed spole\u010dnosti Online\">st\u011bhovac\u00ed spole\u010dnost<\/a> m\u016f\u017ee pomoci odleh\u010dit z\u00e1t\u011b\u017e. N\u00ed\u017ee jsme sestavili seznam libanonsk\u00fdch firem. <a href=\"https:\/\/moverdb.com\/cs\/international-removals\/\" data-internallinksmanager029f6b8e52c=\"27\" title=\"36 nejlep\u0161\u00edch mezin\u00e1rodn\u00edch st\u011bhovac\u00edch spole\u010dnost\u00ed ve Velk\u00e9 Brit\u00e1nii\">st\u011bhovac\u00ed firmy<\/a> kter\u00e9 jsou \u010dleny <a href=\"https:\/\/moverdb.com\/cs\/iam\/\" data-internallinksmanager029f6b8e52c=\"23\" title=\"Vysv\u011btlen\u00ed Mezin\u00e1rodn\u00ed asociace st\u011bhov\u00e1k\u016f (IAM)\">Mezin\u00e1rodn\u00ed asociace st\u011bhov\u00e1k\u016f<\/a> (IAM) a\/nebo <a href=\"https:\/\/moverdb.com\/cs\/fidi-faim\/\" data-internallinksmanager029f6b8e52c=\"16\" title=\"Vysv\u011btlen\u00ed FIDI a FAIM (FIDI Accredited International Mover)\">FIDI<\/a> Akreditovan\u00e9 mezin\u00e1rodn\u00ed st\u011bhov\u00e1n\u00ed (FAIM), kter\u00e9 by v\u00e1m mohlo pomoci se st\u011bhov\u00e1n\u00edm.<\/p>\n<div id=\"ez-toc-container\" class=\"ez-toc-v2_0_82_2 ez-toc-wrap-left counter-hierarchy ez-toc-counter ez-toc-transparent ez-toc-container-direction\">\n<div class=\"ez-toc-title-container\">\n<p class=\"ez-toc-title\" style=\"cursor:inherit\">Sekce<\/p>\n<span class=\"ez-toc-title-toggle\"><a href=\"#\" class=\"ez-toc-pull-right ez-toc-btn ez-toc-btn-xs ez-toc-btn-default ez-toc-toggle\" aria-label=\"P\u0159epnut\u00ed tabulky obsahu\"><span class=\"ez-toc-js-icon-con\"><span class=\"\"><span class=\"eztoc-hide\" style=\"display:none;\">P\u0159ep\u00edna\u010d<\/span><span class=\"ez-toc-icon-toggle-span\"><svg style=\"fill: #999;color:#999\" xmlns=\"http:\/\/www.w3.org\/2000\/svg\" class=\"list-377408\" width=\"20px\" height=\"20px\" viewbox=\"0 0 24 24\" fill=\"none\"><path d=\"M6 6H4v2h2V6zm14 0H8v2h12V6zM4 11h2v2H4v-2zm16 0H8v2h12v-2zM4 16h2v2H4v-2zm16 0H8v2h12v-2z\" fill=\"currentColor\"><\/path><\/svg><svg style=\"fill: #999;color:#999\" class=\"arrow-unsorted-368013\" xmlns=\"http:\/\/www.w3.org\/2000\/svg\" width=\"10px\" height=\"10px\" viewbox=\"0 0 24 24\" version=\"1.2\" baseprofile=\"tiny\"><path d=\"M18.2 9.3l-6.2-6.3-6.2 6.3c-.2.2-.3.4-.3.7s.1.5.3.7c.2.2.4.3.7.3h11c.3 0 .5-.1.7-.3.2-.2.3-.5.3-.7s-.1-.5-.3-.7zM5.8 14.7l6.2 6.3 6.2-6.3c.2-.2.3-.5.3-.7s-.1-.5-.3-.7c-.2-.2-.4-.3-.7-.3h-11c-.3 0-.5.1-.7.3-.2.2-.3.5-.3.7s.1.5.3.7z\"\/><\/svg><\/span><\/span><\/span><\/a><\/span><\/div>\n<nav><ul class='ez-toc-list ez-toc-list-level-1 eztoc-toggle-hide-by-default' ><li class='ez-toc-page-1 ez-toc-heading-level-2'><a class=\"ez-toc-link ez-toc-heading-1\" href=\"https:\/\/moverdb.com\/cs\/moving-companies\/moving-companies-lebanon\/#1_I-Movers\" >1. I-Movers<\/a><\/li><li class='ez-toc-page-1 ez-toc-heading-level-2'><a class=\"ez-toc-link ez-toc-heading-2\" href=\"https:\/\/moverdb.com\/cs\/moving-companies\/moving-companies-lebanon\/#2_Adam_International_Movers\" >2. Adam International Movers<\/a><\/li><li class='ez-toc-page-1 ez-toc-heading-level-2'><a class=\"ez-toc-link ez-toc-heading-3\" href=\"https:\/\/moverdb.com\/cs\/moving-companies\/moving-companies-lebanon\/#3_Orbit_International_Forwarders\" >3. Mezin\u00e1rodn\u00ed spedice Orbit<\/a><\/li><li class='ez-toc-page-1 ez-toc-heading-level-2'><a class=\"ez-toc-link ez-toc-heading-4\" href=\"https:\/\/moverdb.com\/cs\/moving-companies\/moving-companies-lebanon\/#4_All_Transportation_Agency\" >4. V\u0161echny dopravn\u00ed agentury<\/a><\/li><li class='ez-toc-page-1 ez-toc-heading-level-2'><a class=\"ez-toc-link ez-toc-heading-5\" href=\"https:\/\/moverdb.com\/cs\/moving-companies\/moving-companies-lebanon\/#5_Beirut_Express\" >5. Bejr\u00fatsk\u00fd expres<\/a><\/li><li class='ez-toc-page-1 ez-toc-heading-level-2'><a class=\"ez-toc-link ez-toc-heading-6\" href=\"https:\/\/moverdb.com\/cs\/moving-companies\/moving-companies-lebanon\/#6_Domex\" >6. Domex<\/a><\/li><li class='ez-toc-page-1 ez-toc-heading-level-2'><a class=\"ez-toc-link ez-toc-heading-7\" href=\"https:\/\/moverdb.com\/cs\/moving-companies\/moving-companies-lebanon\/#7_BCC_Logistics\" >7. Logistika BCC<\/a><\/li><\/ul><\/nav><\/div>\n<h2><span class=\"ez-toc-section\" id=\"1_I-Movers\"><\/span><strong>1. I-Movers<\/strong><span class=\"ez-toc-section-end\"><\/span><\/h2>\n<p><img loading=\"lazy\" decoding=\"async\" class=\"alignnone size-full wp-image-8327\" src=\"https:\/\/moverdb.com\/wp-content\/uploads\/I-Movers-international-moving-company.png\" alt=\"I-Movers mezin\u00e1rodn\u00ed st\u011bhov\u00e1n\u00ed spole\u010dnost\" width=\"1440\" height=\"680\" data-wp-pid=\"8327\" srcset=\"https:\/\/moverdb.com\/wp-content\/uploads\/I-Movers-international-moving-company.png 1440w, https:\/\/moverdb.com\/wp-content\/uploads\/I-Movers-international-moving-company-300x142.png 300w, https:\/\/moverdb.com\/wp-content\/uploads\/I-Movers-international-moving-company-1024x484.png 1024w, https:\/\/moverdb.com\/wp-content\/uploads\/I-Movers-international-moving-company-18x9.png 18w, https:\/\/moverdb.com\/wp-content\/uploads\/I-Movers-international-moving-company-600x283.png 600w\" sizes=\"auto, (max-width: 1440px) 100vw, 1440px\" \/><\/p>\n<ul>\n<li>M\u00edstn\u00ed p\u0159esuny<\/li>\n<li>Mezin\u00e1rodn\u00ed p\u0159esuny<\/li>\n<li>St\u011bhov\u00e1n\u00ed dom\u00e1cnost\u00ed<\/li>\n<li>St\u011bhov\u00e1n\u00ed firem<\/li>\n<li>Slu\u017eby na m\u00edru<\/li>\n<li>Profesion\u00e1ln\u00ed balic\u00ed slu\u017eby<\/li>\n<li>Leteck\u00e1 a n\u00e1mo\u0159n\u00ed doprava<\/li>\n<li>Celn\u00ed pap\u00edrov\u00e1n\u00ed<\/li>\n<li><a href=\"https:\/\/moverdb.com\/cs\/car-transport-shipping\/\" data-internallinksmanager029f6b8e52c=\"2\" title=\"2026 Mezin\u00e1rodn\u00ed p\u0159eprava automobil\u016f &amp; P\u0159eprava vozidel Citace\">P\u0159eprava vozidel<\/a><\/li>\n<li>Mo\u017enosti ukl\u00e1d\u00e1n\u00ed<\/li>\n<\/ul>\n<p>I-Movers je mezin\u00e1rodn\u00ed st\u011bhovac\u00ed spole\u010dnost se s\u00eddlem v Bejr\u00fatu, kter\u00e1 zaji\u0161\u0165uje p\u0159epravu dom\u00e1cnost\u00ed a firem. Je \u010dlenem IAM s osmiletou tradic\u00ed a toto \u010dlenstv\u00ed j\u00ed umo\u017e\u0148uje p\u0159\u00edstup k mezin\u00e1rodn\u00ed s\u00edti st\u011bhovac\u00edch agent\u016f.<\/p>\n<p>I-Movers nab\u00edz\u00ed virtu\u00e1ln\u00ed pr\u016fzkum pro rychlost a efektivitu. Poskytuj\u00ed st\u011bhovac\u00ed slu\u017eby na m\u00edru s vyhrazen\u00fdm mana\u017eerem, kter\u00fd \u0159\u00edd\u00ed va\u0161e st\u011bhov\u00e1n\u00ed. Poskytuj\u00ed balic\u00ed slu\u017eby, p\u0159i nich\u017e pou\u017e\u00edvaj\u00ed prvot\u0159\u00eddn\u00ed obalov\u00fd materi\u00e1l a dob\u0159e vy\u0161kolen\u00e9 t\u00fdmy balic\u00edch pracovn\u00edk\u016f, kte\u0159\u00ed jsou nav\u00edc poji\u0161t\u011bni proti v\u0161em rizik\u016fm. Poskytuj\u00ed syst\u00e9m sledov\u00e1n\u00ed a dohled\u00e1v\u00e1n\u00ed leteck\u00fdch a n\u00e1mo\u0159n\u00edch z\u00e1silek a podporu p\u0159i vy\u0159izov\u00e1n\u00ed dokument\u016f v\u010detn\u011b celn\u00edho odbaven\u00ed.<\/p>\n<p>Webov\u00e9 str\u00e1nky: <a href=\"http:\/\/www.i-movers.com\" target=\"_blank\" rel=\"noopener\">http:\/\/www.i-movers.com<\/a><\/p>\n<h2><span class=\"ez-toc-section\" id=\"2_Adam_International_Movers\"><\/span><strong>2. Adam International Movers<\/strong><span class=\"ez-toc-section-end\"><\/span><\/h2>\n<p><img loading=\"lazy\" decoding=\"async\" class=\"alignnone size-full wp-image-8279\" src=\"https:\/\/moverdb.com\/wp-content\/uploads\/Adam-International-Movers-company.png\" alt=\"Spole\u010dnost Adam International Movers\" width=\"1440\" height=\"679\" data-wp-pid=\"8279\" srcset=\"https:\/\/moverdb.com\/wp-content\/uploads\/Adam-International-Movers-company.png 1440w, https:\/\/moverdb.com\/wp-content\/uploads\/Adam-International-Movers-company-300x141.png 300w, https:\/\/moverdb.com\/wp-content\/uploads\/Adam-International-Movers-company-1024x483.png 1024w, https:\/\/moverdb.com\/wp-content\/uploads\/Adam-International-Movers-company-18x8.png 18w, https:\/\/moverdb.com\/wp-content\/uploads\/Adam-International-Movers-company-600x283.png 600w\" sizes=\"auto, (max-width: 1440px) 100vw, 1440px\" \/><\/p>\n<ul>\n<li>St\u011bhov\u00e1n\u00ed na n\u00e1rodn\u00ed \u00farovni<\/li>\n<li>Mezin\u00e1rodn\u00ed p\u0159esuny<\/li>\n<li>St\u011bhov\u00e1n\u00ed dom\u00e1cnost\u00ed<\/li>\n<li>St\u011bhov\u00e1n\u00ed kancel\u00e1\u0159\u00ed<\/li>\n<li>P\u0159izp\u016fsobiteln\u00e9 nab\u00eddky, kter\u00e9 jsou \u0161etrn\u00e9 k rozpo\u010dtu<\/li>\n<li>Profesion\u00e1ln\u00ed balic\u00ed slu\u017eby<\/li>\n<li>Silni\u010dn\u00ed, leteck\u00e1 nebo n\u00e1mo\u0159n\u00ed doprava<\/li>\n<li>Celn\u00ed odbaven\u00ed<\/li>\n<li>Poji\u0161t\u011bn\u00ed<\/li>\n<li>Skladovac\u00ed prostory<\/li>\n<\/ul>\n<p>Adam International Movers je balic\u00ed a st\u011bhovac\u00ed spole\u010dnost pro jednotlivce, dom\u00e1cnosti a kancel\u00e1\u0159e s pobo\u010dkami v Bejr\u00fatu, Libanonu a Arm\u00e9nii. M\u00e1 s\u00ed\u0165 agent\u016f a p\u0159epravc\u016f po cel\u00e9m sv\u011bt\u011b, kte\u0159\u00ed ji podporuj\u00ed p\u0159i poskytov\u00e1n\u00ed mezin\u00e1rodn\u00edch slu\u017eeb. Jsou \u010dlenem IAM s \u0161estiletou p\u016fsobnost\u00ed.<\/p>\n<p>Spole\u010dnost Adam International Movers nab\u00edz\u00ed p\u0159edst\u011bhovac\u00ed pr\u016fzkum, aby zjistila va\u0161e po\u017eadavky na st\u011bhov\u00e1n\u00ed a poskytla v\u00e1m cenovou nab\u00eddku. Poskytuj\u00ed profesion\u00e1ln\u00ed balic\u00ed slu\u017eby, kter\u00e9 zaji\u0161\u0165uje vy\u0161kolen\u00fd person\u00e1l pou\u017e\u00edvaj\u00edc\u00ed nejmodern\u011bj\u0161\u00ed techniku a vysoce kvalitn\u00ed obalov\u00e9 materi\u00e1ly. Zajist\u00ed p\u0159epravu va\u0161ich v\u011bc\u00ed po silnici, letecky nebo po mo\u0159i a v p\u0159\u00edpad\u011b pot\u0159eby i celn\u00ed odbaven\u00ed.<\/p>\n<p>Webov\u00e9 str\u00e1nky: <a href=\"http:\/\/www.adam-movers.com\" target=\"_blank\" rel=\"noopener\">http:\/\/www.adam-movers.com<\/a><\/p>\n<h2><span class=\"ez-toc-section\" id=\"3_Orbit_International_Forwarders\"><\/span><strong>3. Mezin\u00e1rodn\u00ed spedice Orbit<\/strong><span class=\"ez-toc-section-end\"><\/span><\/h2>\n<p><img loading=\"lazy\" decoding=\"async\" class=\"alignnone size-full wp-image-8351\" src=\"https:\/\/moverdb.com\/wp-content\/uploads\/Orbit-International-Forwarders-Lebanon-moving-company.png\" alt=\"Orbit Mezin\u00e1rodn\u00ed spedice Libanon st\u011bhov\u00e1n\u00ed spole\u010dnost\" width=\"1440\" height=\"679\" data-wp-pid=\"8351\" srcset=\"https:\/\/moverdb.com\/wp-content\/uploads\/Orbit-International-Forwarders-Lebanon-moving-company.png 1440w, https:\/\/moverdb.com\/wp-content\/uploads\/Orbit-International-Forwarders-Lebanon-moving-company-300x141.png 300w, https:\/\/moverdb.com\/wp-content\/uploads\/Orbit-International-Forwarders-Lebanon-moving-company-1024x483.png 1024w, https:\/\/moverdb.com\/wp-content\/uploads\/Orbit-International-Forwarders-Lebanon-moving-company-18x8.png 18w, https:\/\/moverdb.com\/wp-content\/uploads\/Orbit-International-Forwarders-Lebanon-moving-company-600x283.png 600w\" sizes=\"auto, (max-width: 1440px) 100vw, 1440px\" \/><\/p>\n<ul>\n<li>M\u00edstn\u00ed a vnitrost\u00e1tn\u00ed p\u0159esuny<\/li>\n<li>Celosv\u011btov\u00e9 st\u011bhov\u00e1n\u00ed<\/li>\n<li>St\u011bhov\u00e1n\u00ed dom\u00e1cnost\u00ed<\/li>\n<li>St\u011bhov\u00e1n\u00ed firem<\/li>\n<li>Slu\u017eba od dve\u0159\u00ed ke dve\u0159\u00edm<\/li>\n<li>Balic\u00ed slu\u017eba<\/li>\n<li>Pozemn\u00ed, n\u00e1mo\u0159n\u00ed nebo leteck\u00e1 n\u00e1kladn\u00ed doprava<\/li>\n<li>Manipulace s v\u00fdtvarn\u00fdm um\u011bn\u00edm<\/li>\n<li>P\u0159eprava motorov\u00fdch vozidel<\/li>\n<li>Skladovac\u00ed prostory<\/li>\n<\/ul>\n<p>Orbit International Forwarders je balic\u00ed a st\u011bhovac\u00ed spole\u010dnost, kter\u00e1 byla zalo\u017eena v roce 1983. M\u00e1 dev\u011bt pobo\u010dek v Evrop\u011b a Asii v\u010detn\u011b Bejr\u00fatu v Libanonu. Spolupracuj\u00ed s v\u00edce ne\u017e tis\u00edcovkou vybran\u00fdch agent\u016f v t\u00e9m\u011b\u0159 v\u0161ech zem\u00edch sv\u011bta, kte\u0159\u00ed poskytuj\u00ed jejich slu\u017eby na mezin\u00e1rodn\u00ed \u00farovni. Jsou \u010dlenem IAM s 26letou tradic\u00ed.<\/p>\n<p>Spole\u010dnost Orbit International Forwarders nab\u00edz\u00ed individu\u00e1ln\u00ed st\u011bhovac\u00ed slu\u017eby od dve\u0159\u00ed ke dve\u0159\u00edm, kter\u00e9 za\u010d\u00ednaj\u00ed \u00favodn\u00edm pr\u016fzkumem. Nab\u00edz\u00ed kvalitn\u00ed balic\u00ed slu\u017eby pro ochranu va\u0161ich v\u011bc\u00ed a p\u0159epravky pro k\u0159ehk\u00e9 p\u0159edm\u011bty. Nab\u00edz\u00ed dal\u0161\u00ed slu\u017eby, kter\u00e9 zahrnuj\u00ed p\u0159epravu motorov\u00fdch vozidel, manipulaci s v\u00fdtvarn\u00fdm um\u011bn\u00edm, logistiku v\u00fdstav, logistiku m\u00e9di\u00ed a z\u00e1bavy a skladovac\u00ed prostory.<\/p>\n<p>Webov\u00e9 str\u00e1nky: <a href=\"http:\/\/www.orbitlb.com\" target=\"_blank\" rel=\"noopener\">http:\/\/www.orbitlb.com<\/a><\/p>\n<h2><span class=\"ez-toc-section\" id=\"4_All_Transportation_Agency\"><\/span><strong>4. V\u0161echny dopravn\u00ed agentury<\/strong><span class=\"ez-toc-section-end\"><\/span><\/h2>\n<p><img loading=\"lazy\" decoding=\"async\" class=\"alignnone size-full wp-image-8285\" src=\"https:\/\/moverdb.com\/wp-content\/uploads\/All-Transportation-Agency-international-moving-company.png\" alt=\"V\u0161echny Dopravn\u00ed agentura mezin\u00e1rodn\u00ed st\u011bhov\u00e1n\u00ed spole\u010dnost\" width=\"1440\" height=\"680\" data-wp-pid=\"8285\" srcset=\"https:\/\/moverdb.com\/wp-content\/uploads\/All-Transportation-Agency-international-moving-company.png 1440w, https:\/\/moverdb.com\/wp-content\/uploads\/All-Transportation-Agency-international-moving-company-300x142.png 300w, https:\/\/moverdb.com\/wp-content\/uploads\/All-Transportation-Agency-international-moving-company-1024x484.png 1024w, https:\/\/moverdb.com\/wp-content\/uploads\/All-Transportation-Agency-international-moving-company-18x9.png 18w, https:\/\/moverdb.com\/wp-content\/uploads\/All-Transportation-Agency-international-moving-company-600x283.png 600w\" sizes=\"auto, (max-width: 1440px) 100vw, 1440px\" \/><\/p>\n<ul>\n<li>St\u011bhov\u00e1n\u00ed na n\u00e1rodn\u00ed \u00farovni<\/li>\n<li>Mezin\u00e1rodn\u00ed p\u0159esuny<\/li>\n<li>St\u011bhov\u00e1n\u00ed dom\u00e1cnost\u00ed<\/li>\n<li>Komer\u010dn\u00ed projekty<\/li>\n<li>Slu\u017eba od dve\u0159\u00ed ke dve\u0159\u00edm<\/li>\n<li>Profesion\u00e1ln\u00ed balic\u00ed slu\u017eby<\/li>\n<li>Pozemn\u00ed, n\u00e1mo\u0159n\u00ed a leteck\u00e1 doprava<\/li>\n<li>Celn\u00ed odbaven\u00ed<\/li>\n<li>Manipulace s v\u00fdtvarn\u00fdm um\u011bn\u00edm<\/li>\n<li>Zabezpe\u010den\u00e9 skladov\u00e1n\u00ed<\/li>\n<\/ul>\n<p>All Transportation Agency je clearingov\u00e1 a spedi\u010dn\u00ed agentura zalo\u017een\u00e1 v roce 1985 se s\u00eddlem v Bejr\u00fatu. Sv\u00e9 pobo\u010dky m\u00e1 tak\u00e9 v Tripolisu, Said\u011b a Tyru. Je \u010dlenem IAM, co\u017e j\u00ed umo\u017e\u0148uje p\u0159\u00edstup k mezin\u00e1rodn\u00ed s\u00edti st\u011bhovac\u00edch agentur, kter\u00e9 j\u00ed mohou pom\u00e1hat p\u0159i poskytov\u00e1n\u00ed slu\u017eeb na mezin\u00e1rodn\u00ed \u00farovni.<\/p>\n<p>All Transportation Agency poskytuje slu\u017eby od dve\u0159\u00ed ke dve\u0159\u00edm pro dom\u00e1cnosti, kter\u00e9 se st\u011bhuj\u00ed v r\u00e1mci Libanonu, do Libanonu nebo z Libanonu. Poskytuje profesion\u00e1ln\u00ed balic\u00ed slu\u017eby pro ochranu va\u0161ich v\u011bc\u00ed, v\u010detn\u011b specializovan\u00fdch slu\u017eeb pro v\u00fdtvarn\u00e9 um\u011bn\u00ed. Jejich balic\u00ed slu\u017eby zahrnuj\u00ed tak\u00e9 demont\u00e1\u017e a mont\u00e1\u017e n\u00e1bytku a ozna\u010den\u00ed krabic.<\/p>\n<p>Webov\u00e9 str\u00e1nky: <a href=\"http:\/\/www.ata-lebanon.com\" target=\"_blank\" rel=\"noopener\">http:\/\/www.ata-lebanon.com<\/a><\/p>\n<h2><span class=\"ez-toc-section\" id=\"5_Beirut_Express\"><\/span><strong>5. Bejr\u00fatsk\u00fd expres<\/strong><span class=\"ez-toc-section-end\"><\/span><\/h2>\n<p><img loading=\"lazy\" decoding=\"async\" class=\"alignnone size-full wp-image-8293\" src=\"https:\/\/moverdb.com\/wp-content\/uploads\/Beirut-Express-international-moving-company.png\" alt=\"Bejr\u00fat Express mezin\u00e1rodn\u00ed st\u011bhov\u00e1n\u00ed spole\u010dnost\" width=\"1440\" height=\"681\" data-wp-pid=\"8293\" srcset=\"https:\/\/moverdb.com\/wp-content\/uploads\/Beirut-Express-international-moving-company.png 1440w, https:\/\/moverdb.com\/wp-content\/uploads\/Beirut-Express-international-moving-company-300x142.png 300w, https:\/\/moverdb.com\/wp-content\/uploads\/Beirut-Express-international-moving-company-1024x484.png 1024w, https:\/\/moverdb.com\/wp-content\/uploads\/Beirut-Express-international-moving-company-18x9.png 18w, https:\/\/moverdb.com\/wp-content\/uploads\/Beirut-Express-international-moving-company-600x284.png 600w\" sizes=\"auto, (max-width: 1440px) 100vw, 1440px\" \/><\/p>\n<ul>\n<li>M\u00edstn\u00ed st\u011bhov\u00e1n\u00ed<\/li>\n<li>Mezin\u00e1rodn\u00ed st\u011bhov\u00e1n\u00ed<\/li>\n<li>St\u011bhov\u00e1n\u00ed dom\u00e1cnost\u00ed<\/li>\n<li>St\u011bhov\u00e1n\u00ed kancel\u00e1\u0159\u00ed<\/li>\n<li>Profesion\u00e1ln\u00ed balic\u00ed slu\u017eby<\/li>\n<li>Kvalitn\u00ed obalov\u00e9 materi\u00e1ly<\/li>\n<li>Leteck\u00e1 a n\u00e1mo\u0159n\u00ed p\u0159eprava<\/li>\n<li>Celn\u00ed odbaven\u00ed<\/li>\n<li>P\u0159eprava vozidel<\/li>\n<li>Cestov\u00e1n\u00ed a prodej letenek<\/li>\n<\/ul>\n<p>Beirut Express je m\u00edstn\u00ed a mezin\u00e1rodn\u00ed st\u011bhovac\u00ed a reloka\u010dn\u00ed slu\u017eba, kter\u00e1 p\u016fsob\u00ed ji\u017e 56 let a s\u00eddl\u00ed v Bejr\u00fatu. M\u00e1 celosv\u011btovou s\u00ed\u0165 p\u0159idru\u017een\u00fdch spole\u010dnost\u00ed a akreditovan\u00fdch agent\u016f a je \u010dlenem IAM.<\/p>\n<p>Beirut Express poskytuje st\u011bhovac\u00ed slu\u017eby pro dom\u00e1cnosti, firmy a spole\u010dnosti, aby st\u011bhov\u00e1n\u00ed bylo co nejbezprobl\u00e9mov\u011bj\u0161\u00ed. Poskytuj\u00ed profesion\u00e1ln\u00ed balic\u00ed slu\u017eby s vy\u0161kolenou pos\u00e1dkou, kter\u00e1 pou\u017e\u00edv\u00e1 vysoce kvalitn\u00ed ochrann\u00e9 techniky k ochran\u011b va\u0161ich v\u011bc\u00ed p\u0159i p\u0159eprav\u011b. Zajist\u00ed tranzit va\u0161ich v\u011bc\u00ed leteckou a n\u00e1mo\u0159n\u00ed dopravou a pom\u016f\u017ee v\u00e1m s celn\u00edm odbaven\u00edm.<\/p>\n<p>Webov\u00e9 str\u00e1nky: <a href=\"http:\/\/www.beirutexpress.com\" target=\"_blank\" rel=\"noopener\">http:\/\/www.beirutexpress.com<\/a><\/p>\n<h2><span class=\"ez-toc-section\" id=\"6_Domex\"><\/span><strong>6. Domex<\/strong><span class=\"ez-toc-section-end\"><\/span><\/h2>\n<p><img loading=\"lazy\" decoding=\"async\" class=\"alignnone size-full wp-image-8306\" src=\"https:\/\/moverdb.com\/wp-content\/uploads\/Domex-international-moving-company.png\" alt=\"Domex mezin\u00e1rodn\u00ed st\u011bhov\u00e1n\u00ed spole\u010dnost\" width=\"1440\" height=\"681\" data-wp-pid=\"8306\" srcset=\"https:\/\/moverdb.com\/wp-content\/uploads\/Domex-international-moving-company.png 1440w, https:\/\/moverdb.com\/wp-content\/uploads\/Domex-international-moving-company-300x142.png 300w, https:\/\/moverdb.com\/wp-content\/uploads\/Domex-international-moving-company-1024x484.png 1024w, https:\/\/moverdb.com\/wp-content\/uploads\/Domex-international-moving-company-18x9.png 18w, https:\/\/moverdb.com\/wp-content\/uploads\/Domex-international-moving-company-600x284.png 600w\" sizes=\"auto, (max-width: 1440px) 100vw, 1440px\" \/><\/p>\n<ul>\n<li>Mezin\u00e1rodn\u00ed p\u0159esuny<\/li>\n<li>St\u011bhov\u00e1n\u00ed dom\u00e1cnost\u00ed<\/li>\n<li>St\u011bhov\u00e1n\u00ed kancel\u00e1\u0159\u00ed<\/li>\n<li>Slu\u017eba od dve\u0159\u00ed ke dve\u0159\u00edm<\/li>\n<li>Balic\u00ed slu\u017eba<\/li>\n<li>Vysoce kvalitn\u00ed obalov\u00e9 materi\u00e1ly<\/li>\n<li>Celn\u00ed odbaven\u00ed<\/li>\n<li>Manipulace s v\u00fdtvarn\u00fdm um\u011bn\u00edm<\/li>\n<li>Poji\u0161t\u011bn\u00ed<\/li>\n<li>Skladovac\u00ed prostory<\/li>\n<\/ul>\n<p>Domex je st\u011bhovac\u00ed a skladovac\u00ed spole\u010dnost, kter\u00e1 poskytuje mezin\u00e1rodn\u00ed slu\u017eby do Libanonu a z Libanonu a s\u00eddl\u00ed v Bejr\u00fatu. Spolupracuje s vybran\u00fdmi st\u011bhovac\u00edmi spole\u010dnostmi po cel\u00e9m sv\u011bt\u011b, kter\u00e9 poskytuj\u00ed slu\u017eby mimo Libanon, a je \u010dlenem IAM.<\/p>\n<p>Domex nab\u00edz\u00ed slu\u017ebu door-to-door pro dom\u00e1cnosti a kancel\u00e1\u0159e. Poskytuje balic\u00ed slu\u017eby s pou\u017eit\u00edm vysoce kvalitn\u00edch balic\u00edch materi\u00e1l\u016f, kter\u00e9 chr\u00e1n\u00ed va\u0161e v\u011bci, a s vy\u0161kolen\u00fdm person\u00e1lem. Poskytuj\u00ed tak\u00e9 speci\u00e1ln\u00ed slu\u017eby pro k\u0159ehk\u00e9 p\u0159edm\u011bty a v\u00fdtvarn\u00e9 um\u011bn\u00ed. Zorganizuj\u00ed nejvhodn\u011bj\u0161\u00ed trasu a p\u0159epravu pomoc\u00ed n\u00e1mo\u0159n\u00ed a leteck\u00e9 p\u0159epravy a pomohou v\u00e1m s celn\u00edm odbaven\u00edm.<\/p>\n<p>Webov\u00e9 str\u00e1nky: <a href=\"http:\/\/www.domexco.net\" target=\"_blank\" rel=\"noopener\">http:\/\/www.domexco.net<\/a><\/p>\n<h2><span class=\"ez-toc-section\" id=\"7_BCC_Logistics\"><\/span><strong>7. Logistika BCC<\/strong><span class=\"ez-toc-section-end\"><\/span><\/h2>\n<p><img loading=\"lazy\" decoding=\"async\" class=\"alignnone size-full wp-image-7673\" src=\"https:\/\/moverdb.com\/wp-content\/uploads\/BCC-Logistics-international-moving-company.png\" alt=\"BCC Logistics mezin\u00e1rodn\u00ed st\u011bhov\u00e1n\u00ed spole\u010dnost\" width=\"1440\" height=\"634\" data-wp-pid=\"7673\" srcset=\"https:\/\/moverdb.com\/wp-content\/uploads\/BCC-Logistics-international-moving-company.png 1440w, https:\/\/moverdb.com\/wp-content\/uploads\/BCC-Logistics-international-moving-company-300x132.png 300w, https:\/\/moverdb.com\/wp-content\/uploads\/BCC-Logistics-international-moving-company-1024x451.png 1024w, https:\/\/moverdb.com\/wp-content\/uploads\/BCC-Logistics-international-moving-company-18x8.png 18w, https:\/\/moverdb.com\/wp-content\/uploads\/BCC-Logistics-international-moving-company-600x264.png 600w\" sizes=\"auto, (max-width: 1440px) 100vw, 1440px\" \/><\/p>\n<ul>\n<li>St\u011bhov\u00e1n\u00ed na n\u00e1rodn\u00ed \u00farovni<\/li>\n<li>Mezin\u00e1rodn\u00ed p\u0159esuny<\/li>\n<li>St\u011bhov\u00e1n\u00ed do obytn\u00fdch prostor<\/li>\n<li>St\u011bhov\u00e1n\u00ed firem<\/li>\n<li>Slu\u017eba od dve\u0159\u00ed ke dve\u0159\u00edm<\/li>\n<li>Balic\u00ed slu\u017eba<\/li>\n<li>Pozemn\u00ed, n\u00e1mo\u0159n\u00ed a leteck\u00e1 n\u00e1kladn\u00ed doprava<\/li>\n<li>Celn\u00ed odbaven\u00ed<\/li>\n<li>Manipulace s v\u00fdtvarn\u00fdm um\u011bn\u00edm<\/li>\n<li>Skladovac\u00ed prostory<\/li>\n<\/ul>\n<p>BCC Logistics je glob\u00e1ln\u00ed spedi\u010dn\u00ed spole\u010dnost se s\u00eddlem v Bejr\u00fatu, kter\u00e1 byla zalo\u017eena v roce 1993 a m\u00e1 pobo\u010dky v. <a href=\"https:\/\/moverdb.com\/cs\/moving-to-qatar\/\" data-internallinksmanager029f6b8e52c=\"334\" title=\"St\u011bhov\u00e1n\u00ed do Kataru? 2026 N\u00e1klady na bydlen\u00ed a tipy na st\u011bhov\u00e1n\u00ed\">Katar<\/a>, <a href=\"https:\/\/moverdb.com\/cs\/moving-companies\/moving-companies-iraq\/\" data-internallinksmanager029f6b8e52c=\"314\" title=\"2 Nejlep\u0161\u00ed mezin\u00e1rodn\u00ed st\u011bhovac\u00ed spole\u010dnosti v Ir\u00e1ku\">Ir\u00e1k<\/a> a <a href=\"https:\/\/moverdb.com\/cs\/moving-to-saudi-arabia\/\" data-internallinksmanager029f6b8e52c=\"319\" title=\"St\u011bhov\u00e1n\u00ed do Sa\u00fadsk\u00e9 Ar\u00e1bie? 2026 N\u00e1klady na bydlen\u00ed a tipy na st\u011bhov\u00e1n\u00ed\">Sa\u00fadsk\u00e1 Ar\u00e1bie<\/a>. Jsou dob\u0159e propojeni s mezin\u00e1rodn\u00edmi st\u011bhovac\u00edmi agenturami, co\u017e jim umo\u017e\u0148uje poskytovat slu\u017eby po cel\u00e9m sv\u011bt\u011b. Jsou \u010dleny IAM a jsou akreditov\u00e1ni FIDI.<\/p>\n<p>Spole\u010dnost BCC Logistics nab\u00edz\u00ed st\u011bhovac\u00ed slu\u017eby od dve\u0159\u00ed ke dve\u0159\u00edm s jedin\u00fdm kontaktn\u00edm m\u00edstem. Poskytuje balic\u00ed slu\u017eby s pou\u017eit\u00edm kvalitn\u00edch balic\u00edch materi\u00e1l\u016f a nab\u00edz\u00ed kontejnerov\u00e9 n\u00e1mo\u0159n\u00ed p\u0159epravy a t\u0159\u00edst\u011bnn\u00e9 balen\u00ed pro leteckou p\u0159epravu s celn\u00edmi formalitami. Pomohou v\u00e1m s balen\u00edm, vybalov\u00e1n\u00edm a rozestav\u011bn\u00edm n\u00e1bytku. Nab\u00edzej\u00ed tak\u00e9 manipulaci s t\u011b\u017ek\u00fdmi p\u0159edm\u011bty, p\u0159epravu vozidlem a poji\u0161t\u011bn\u00ed.<\/p>\n<p>Webov\u00e9 str\u00e1nky: <a href=\"http:\/\/www.bcclogistics.com\/\" target=\"_blank\" rel=\"noopener\">http:\/\/www.bcclogistics.com\/<\/a><\/p>","protected":false},"excerpt":{"rendered":"<p>Just thinking about moving your home or business can be stressful and seem complicated if you are planning on moving abroad, which is where a moving company can assist by lightening the load. Below we have compiled a list of Lebanon based removal companies that are members of the International Association of Movers (IAM) and\/or [&hellip;]<\/p>\n","protected":false},"author":4,"featured_media":0,"parent":190,"menu_order":0,"comment_status":"closed","ping_status":"closed","template":"","meta":{"_genesis_hide_title":false,"_genesis_hide_breadcrumbs":false,"_genesis_hide_singular_image":false,"_genesis_hide_footer_widgets":false,"_genesis_custom_body_class":"","_genesis_custom_post_class":"","_genesis_layout":"","footnotes":""},"class_list":{"0":"post-8402","1":"page","2":"type-page","3":"status-publish","5":"entry","6":"has-post-thumbnail"},"_links":{"self":[{"href":"https:\/\/moverdb.com\/cs\/wp-json\/wp\/v2\/pages\/8402","targetHints":{"allow":["GET"]}}],"collection":[{"href":"https:\/\/moverdb.com\/cs\/wp-json\/wp\/v2\/pages"}],"about":[{"href":"https:\/\/moverdb.com\/cs\/wp-json\/wp\/v2\/types\/page"}],"author":[{"embeddable":true,"href":"https:\/\/moverdb.com\/cs\/wp-json\/wp\/v2\/users\/4"}],"replies":[{"embeddable":true,"href":"https:\/\/moverdb.com\/cs\/wp-json\/wp\/v2\/comments?post=8402"}],"version-history":[{"count":1,"href":"https:\/\/moverdb.com\/cs\/wp-json\/wp\/v2\/pages\/8402\/revisions"}],"predecessor-version":[{"id":8403,"href":"https:\/\/moverdb.com\/cs\/wp-json\/wp\/v2\/pages\/8402\/revisions\/8403"}],"up":[{"embeddable":true,"href":"https:\/\/moverdb.com\/cs\/wp-json\/wp\/v2\/pages\/190"}],"wp:attachment":[{"href":"https:\/\/moverdb.com\/cs\/wp-json\/wp\/v2\/media?parent=8402"}],"curies":[{"name":"wp","href":"https:\/\/api.w.org\/{rel}","templated":true}]}}