{"id":8400,"date":"2023-04-27T14:52:05","date_gmt":"2023-04-27T14:52:05","guid":{"rendered":"https:\/\/moverdb.com\/?page_id=8400"},"modified":"2026-01-08T15:24:21","modified_gmt":"2026-01-08T15:24:21","slug":"moving-companies-latvia","status":"publish","type":"page","link":"https:\/\/moverdb.com\/cs\/moving-companies\/moving-companies-latvia\/","title":{"rendered":"3 nejlep\u0161\u00ed mezin\u00e1rodn\u00ed st\u011bhovac\u00ed spole\u010dnosti v Loty\u0161sku"},"content":{"rendered":"<p>St\u011bhujete se dom\u016f nebo st\u011bhujete firmu v r\u00e1mci Loty\u0161ska nebo do Loty\u0161ska \u010di z Loty\u0161ska, mo\u017en\u00e1 budete cht\u00edt vyu\u017e\u00edt slu\u017eeb st\u011bhovac\u00ed firmy, kter\u00e1 v\u00e1m pom\u016f\u017ee. N\u00ed\u017ee jsme sestavili seznam loty\u0161sk\u00fdch <a href=\"https:\/\/moverdb.com\/cs\/international-removals\/\" data-internallinksmanager029f6b8e52c=\"27\" title=\"36 nejlep\u0161\u00edch mezin\u00e1rodn\u00edch st\u011bhovac\u00edch spole\u010dnost\u00ed ve Velk\u00e9 Brit\u00e1nii\">st\u011bhovac\u00ed firmy<\/a> kter\u00e9 jsou \u010dleny <a href=\"https:\/\/moverdb.com\/cs\/iam\/\" data-internallinksmanager029f6b8e52c=\"23\" title=\"Vysv\u011btlen\u00ed Mezin\u00e1rodn\u00ed asociace st\u011bhov\u00e1k\u016f (IAM)\">Mezin\u00e1rodn\u00ed asociace st\u011bhov\u00e1k\u016f<\/a> (IAM) a\/nebo <a href=\"https:\/\/moverdb.com\/cs\/fidi-faim\/\" data-internallinksmanager029f6b8e52c=\"16\" title=\"Vysv\u011btlen\u00ed FIDI a FAIM (FIDI Accredited International Mover)\">FIDI<\/a> Akreditovan\u00e9 mezin\u00e1rodn\u00ed st\u011bhov\u00e1n\u00ed (FAIM), kter\u00e9 by v\u00e1m mohlo pomoci se st\u011bhov\u00e1n\u00edm.<\/p>\n<div id=\"ez-toc-container\" class=\"ez-toc-v2_0_82_2 ez-toc-wrap-left counter-hierarchy ez-toc-counter ez-toc-transparent ez-toc-container-direction\">\n<div class=\"ez-toc-title-container\">\n<p class=\"ez-toc-title\" style=\"cursor:inherit\">Sekce<\/p>\n<span class=\"ez-toc-title-toggle\"><a href=\"#\" class=\"ez-toc-pull-right ez-toc-btn ez-toc-btn-xs ez-toc-btn-default ez-toc-toggle\" aria-label=\"P\u0159epnut\u00ed tabulky obsahu\"><span class=\"ez-toc-js-icon-con\"><span class=\"\"><span class=\"eztoc-hide\" style=\"display:none;\">P\u0159ep\u00edna\u010d<\/span><span class=\"ez-toc-icon-toggle-span\"><svg style=\"fill: #999;color:#999\" xmlns=\"http:\/\/www.w3.org\/2000\/svg\" class=\"list-377408\" width=\"20px\" height=\"20px\" viewbox=\"0 0 24 24\" fill=\"none\"><path d=\"M6 6H4v2h2V6zm14 0H8v2h12V6zM4 11h2v2H4v-2zm16 0H8v2h12v-2zM4 16h2v2H4v-2zm16 0H8v2h12v-2z\" fill=\"currentColor\"><\/path><\/svg><svg style=\"fill: #999;color:#999\" class=\"arrow-unsorted-368013\" xmlns=\"http:\/\/www.w3.org\/2000\/svg\" width=\"10px\" height=\"10px\" viewbox=\"0 0 24 24\" version=\"1.2\" baseprofile=\"tiny\"><path d=\"M18.2 9.3l-6.2-6.3-6.2 6.3c-.2.2-.3.4-.3.7s.1.5.3.7c.2.2.4.3.7.3h11c.3 0 .5-.1.7-.3.2-.2.3-.5.3-.7s-.1-.5-.3-.7zM5.8 14.7l6.2 6.3 6.2-6.3c.2-.2.3-.5.3-.7s-.1-.5-.3-.7c-.2-.2-.4-.3-.7-.3h-11c-.3 0-.5.1-.7.3-.2.2-.3.5-.3.7s.1.5.3.7z\"\/><\/svg><\/span><\/span><\/span><\/a><\/span><\/div>\n<nav><ul class='ez-toc-list ez-toc-list-level-1 eztoc-toggle-hide-by-default' ><li class='ez-toc-page-1 ez-toc-heading-level-2'><a class=\"ez-toc-link ez-toc-heading-1\" href=\"https:\/\/moverdb.com\/cs\/moving-companies\/moving-companies-latvia\/#1_FF_International_Movers\" >1. FF International Movers<\/a><\/li><li class='ez-toc-page-1 ez-toc-heading-level-2'><a class=\"ez-toc-link ez-toc-heading-2\" href=\"https:\/\/moverdb.com\/cs\/moving-companies\/moving-companies-latvia\/#2_Gosselin\" >2. Gosselin<\/a><\/li><li class='ez-toc-page-1 ez-toc-heading-level-2'><a class=\"ez-toc-link ez-toc-heading-3\" href=\"https:\/\/moverdb.com\/cs\/moving-companies\/moving-companies-latvia\/#3_Zebra_Cargo\" >3. Zebra Cargo<\/a><\/li><li class='ez-toc-page-1 ez-toc-heading-level-2'><a class=\"ez-toc-link ez-toc-heading-4\" href=\"https:\/\/moverdb.com\/cs\/moving-companies\/moving-companies-latvia\/#Other_Useful_Guides_to_Latvia\" >Dal\u0161\u00ed u\u017eite\u010dn\u00ed pr\u016fvodci po Loty\u0161sku<\/a><\/li><\/ul><\/nav><\/div>\n<h2><span class=\"ez-toc-section\" id=\"1_FF_International_Movers\"><\/span><strong>1. FF International Movers<\/strong><span class=\"ez-toc-section-end\"><\/span><\/h2>\n<p><img loading=\"lazy\" decoding=\"async\" class=\"alignnone size-full wp-image-8314\" src=\"https:\/\/moverdb.com\/wp-content\/uploads\/FF-International-Movers-moving-company.png\" alt=\"FF Mezin\u00e1rodn\u00ed Movers pohybuj\u00edc\u00ed se spole\u010dnost\" width=\"1440\" height=\"684\" data-wp-pid=\"8314\" srcset=\"https:\/\/moverdb.com\/wp-content\/uploads\/FF-International-Movers-moving-company.png 1440w, https:\/\/moverdb.com\/wp-content\/uploads\/FF-International-Movers-moving-company-300x143.png 300w, https:\/\/moverdb.com\/wp-content\/uploads\/FF-International-Movers-moving-company-1024x486.png 1024w, https:\/\/moverdb.com\/wp-content\/uploads\/FF-International-Movers-moving-company-18x9.png 18w, https:\/\/moverdb.com\/wp-content\/uploads\/FF-International-Movers-moving-company-600x285.png 600w\" sizes=\"auto, (max-width: 1440px) 100vw, 1440px\" \/><\/p>\n<ul>\n<li>St\u011bhov\u00e1n\u00ed na n\u00e1rodn\u00ed \u00farovni<\/li>\n<li>Mezin\u00e1rodn\u00ed p\u0159esuny<\/li>\n<li>St\u011bhov\u00e1n\u00ed dom\u00e1cnost\u00ed<\/li>\n<li>St\u011bhov\u00e1n\u00ed kancel\u00e1\u0159\u00ed<\/li>\n<li>Balic\u00ed slu\u017eba<\/li>\n<li>Pozemn\u00ed, leteck\u00e1 a n\u00e1mo\u0159n\u00ed doprava<\/li>\n<li>Celn\u00ed formality<\/li>\n<li>P\u0159enos um\u011bleck\u00fdch d\u011bl<\/li>\n<li>Podpora p\u0159ist\u011bhovalectv\u00ed<\/li>\n<li>Kr\u00e1tkodob\u00e9 nebo dlouhodob\u00e9 skladov\u00e1n\u00ed<\/li>\n<\/ul>\n<p>FF International Movers je st\u011bhovac\u00ed a p\u0159epravn\u00ed spole\u010dnost zalo\u017een\u00e1 v roce 2001 se s\u00eddlem v Rize. Specializuje se na slu\u017eby v Loty\u0161sku, <a href=\"https:\/\/moverdb.com\/cs\/moving-to-estonia\/\" data-internallinksmanager029f6b8e52c=\"430\" title=\"St\u011bhov\u00e1n\u00ed do Estonska? 2026 N\u00e1klady na bydlen\u00ed a tipy na st\u011bhov\u00e1n\u00ed\">Estonsko<\/a> a Litv\u011b, ale nab\u00edz\u00ed slu\u017eby i v mezin\u00e1rodn\u00edm m\u011b\u0159\u00edtku. Je \u010dlenem IAM s 22letou tradic\u00ed.<\/p>\n<p>Spole\u010dnost FF International Movers nab\u00edz\u00ed bezplatnou konzultaci, aby zjistila va\u0161e pot\u0159eby a objemy st\u011bhov\u00e1n\u00ed. Nab\u00edz\u00ed balic\u00ed slu\u017eby, kter\u00e9 zajist\u00ed, \u017ee va\u0161e v\u011bci budou bezpe\u010dn\u011b zabaleny do kvalitn\u00edch balic\u00edch materi\u00e1l\u016f a budou spl\u0148ovat normy pro dan\u00fd druh p\u0159epravy. Pomohou v\u00e1m tak\u00e9 s demont\u00e1\u017e\u00ed a mont\u00e1\u017e\u00ed n\u00e1bytku. Porad\u00ed s dokumentac\u00ed pro imigra\u010dn\u00ed a celn\u00ed formality.<\/p>\n<p>Webov\u00e9 str\u00e1nky: <a href=\"http:\/\/www.ffinternationalmovers.lv\" target=\"_blank\" rel=\"noopener\">http:\/\/www.ffinternationalmovers.lv<\/a><\/p>\n<h2><span class=\"ez-toc-section\" id=\"2_Gosselin\"><\/span><strong>2. Gosselin<\/strong><span class=\"ez-toc-section-end\"><\/span><\/h2>\n<p><img loading=\"lazy\" decoding=\"async\" class=\"alignnone size-full wp-image-8322\" src=\"https:\/\/moverdb.com\/wp-content\/uploads\/Gosselin-Latvia-international-moving-company.png\" alt=\"Gosselin Loty\u0161sko mezin\u00e1rodn\u00ed st\u011bhov\u00e1n\u00ed spole\u010dnost\" width=\"1440\" height=\"679\" data-wp-pid=\"8322\" srcset=\"https:\/\/moverdb.com\/wp-content\/uploads\/Gosselin-Latvia-international-moving-company.png 1440w, https:\/\/moverdb.com\/wp-content\/uploads\/Gosselin-Latvia-international-moving-company-300x141.png 300w, https:\/\/moverdb.com\/wp-content\/uploads\/Gosselin-Latvia-international-moving-company-1024x483.png 1024w, https:\/\/moverdb.com\/wp-content\/uploads\/Gosselin-Latvia-international-moving-company-18x8.png 18w, https:\/\/moverdb.com\/wp-content\/uploads\/Gosselin-Latvia-international-moving-company-600x283.png 600w\" sizes=\"auto, (max-width: 1440px) 100vw, 1440px\" \/><\/p>\n<ul>\n<li>St\u011bhov\u00e1n\u00ed na n\u00e1rodn\u00ed \u00farovni<\/li>\n<li>Mezin\u00e1rodn\u00ed p\u0159esuny<\/li>\n<li>St\u011bhov\u00e1n\u00ed dom\u00e1cnost\u00ed<\/li>\n<li>St\u011bhov\u00e1n\u00ed kancel\u00e1\u0159\u00ed<\/li>\n<li>Slu\u017eba od dve\u0159\u00ed ke dve\u0159\u00edm<\/li>\n<li>Balic\u00ed slu\u017eba<\/li>\n<li>Celn\u00ed odbaven\u00ed<\/li>\n<li>V\u00fdtvarn\u00e9 um\u011bn\u00ed a p\u0159eprava vozidel<\/li>\n<li>Poji\u0161t\u011bn\u00ed<\/li>\n<li>Skladovac\u00ed prostory<\/li>\n<\/ul>\n<p>Gosselin je mezin\u00e1rodn\u00ed st\u011bhovac\u00ed a reloka\u010dn\u00ed spole\u010dnost p\u016fsob\u00edc\u00ed ve 34 zem\u00edch Evropy, Ruska a St\u0159edn\u00ed Asie, kter\u00e1 byla zalo\u017eena v roce 1930. Jej\u00ed loty\u0161sk\u00e1 pobo\u010dka se nach\u00e1z\u00ed v Rize, kter\u00e1 je \u010dlenem IAM. Maj\u00ed tak\u00e9 p\u0159\u00edstup k mezin\u00e1rodn\u00edm s\u00edt\u00edm, kter\u00e9 roz\u0161i\u0159uj\u00ed jejich p\u016fsobnost po cel\u00e9m sv\u011bt\u011b.<\/p>\n<p>Spole\u010dnost Gosselin nab\u00edz\u00ed st\u011bhovac\u00ed slu\u017eby od dve\u0159\u00ed ke dve\u0159\u00edm s vyu\u017eit\u00edm profesion\u00e1ln\u00edch a kompetentn\u00edch st\u011bhov\u00e1k\u016f. Poskytuj\u00ed balic\u00ed slu\u017eby, kter\u00e9 zahrnuj\u00ed balen\u00ed s pou\u017eit\u00edm ekologick\u00fdch obalov\u00fdch materi\u00e1l\u016f, demont\u00e1\u017e a op\u011btovnou mont\u00e1\u017e n\u00e1bytku a vybalen\u00ed. Zajist\u00ed p\u0159epravu se v\u0161emi administrativn\u00edmi n\u00e1le\u017eitostmi v\u010detn\u011b celn\u00edho odbaven\u00ed. Nab\u00edzej\u00ed dal\u0161\u00ed slu\u017eby v\u010detn\u011b manipulace s um\u011bleck\u00fdmi d\u00edly, st\u011bhov\u00e1n\u00ed dom\u00e1c\u00edch zv\u00ed\u0159at, p\u0159epravy automobil\u016f a motocykl\u016f a skladov\u00e1n\u00ed.<\/p>\n<p>Webov\u00e9 str\u00e1nky: <a href=\"https:\/\/gosselin-moving.com\/en\/moving-to-latvia\" target=\"_blank\" rel=\"noopener\">https:\/\/gosselin-moving.com\/en\/moving-to-latvia<\/a><\/p>\n<h2><span class=\"ez-toc-section\" id=\"3_Zebra_Cargo\"><\/span><strong>3. Zebra Cargo<\/strong><span class=\"ez-toc-section-end\"><\/span><\/h2>\n<p><img loading=\"lazy\" decoding=\"async\" class=\"alignnone size-full wp-image-8384\" src=\"https:\/\/moverdb.com\/wp-content\/uploads\/Zebra-Cargo-international-moving-company.png\" alt=\"Zebra Cargo mezin\u00e1rodn\u00ed st\u011bhov\u00e1n\u00ed spole\u010dnost\" width=\"1440\" height=\"684\" data-wp-pid=\"8384\" srcset=\"https:\/\/moverdb.com\/wp-content\/uploads\/Zebra-Cargo-international-moving-company.png 1440w, https:\/\/moverdb.com\/wp-content\/uploads\/Zebra-Cargo-international-moving-company-300x143.png 300w, https:\/\/moverdb.com\/wp-content\/uploads\/Zebra-Cargo-international-moving-company-1024x486.png 1024w, https:\/\/moverdb.com\/wp-content\/uploads\/Zebra-Cargo-international-moving-company-18x9.png 18w, https:\/\/moverdb.com\/wp-content\/uploads\/Zebra-Cargo-international-moving-company-600x285.png 600w\" sizes=\"auto, (max-width: 1440px) 100vw, 1440px\" \/><\/p>\n<ul>\n<li>St\u011bhov\u00e1n\u00ed na n\u00e1rodn\u00ed \u00farovni<\/li>\n<li>Mezin\u00e1rodn\u00ed p\u0159esuny<\/li>\n<li>St\u011bhov\u00e1n\u00ed dom\u00e1cnost\u00ed<\/li>\n<li>P\u0159em\u00edst\u011bn\u00ed podnik\u016f<\/li>\n<li>Balic\u00ed slu\u017eba<\/li>\n<li>Dopravn\u00ed opat\u0159en\u00ed<\/li>\n<li>Celn\u00ed formality<\/li>\n<li>P\u0159eprava um\u011bleck\u00fdch d\u011bl<\/li>\n<li>Poji\u0161t\u011bn\u00ed<\/li>\n<li>Skladovac\u00ed prostory<\/li>\n<\/ul>\n<p>Zebra Cargo je st\u011bhovac\u00ed a reloka\u010dn\u00ed spole\u010dnost zalo\u017een\u00e1 v roce 1998, kter\u00e1 m\u00e1 pobo\u010dky v Loty\u0161sku, Litv\u011b a Estonsku se s\u00eddlem v Rize. P\u0159i poskytov\u00e1n\u00ed sv\u00fdch slu\u017eeb v mezin\u00e1rodn\u00edm m\u011b\u0159\u00edtku spolupracuje se st\u011bhovac\u00edmi agenturami po cel\u00e9m sv\u011bt\u011b. Je tak\u00e9 \u010dlenem IAM.<\/p>\n<p>Spole\u010dnost Zebra Cargo nab\u00edz\u00ed bezplatnou konzultaci k posouzen\u00ed va\u0161ich po\u017eadavk\u016f na st\u011bhov\u00e1n\u00ed a vytvo\u0159\u00ed harmonogram st\u011bhov\u00e1n\u00ed, podle kter\u00e9ho m\u016f\u017eete sledovat jeho pr\u016fb\u011bh. Jejich konzultanti pro mezin\u00e1rodn\u00ed st\u011bhov\u00e1n\u00ed v\u00e1m porad\u00ed a pomohou v\u00e1m u\u010dinit ta nejlep\u0161\u00ed rozhodnut\u00ed. Poskytuj\u00ed balic\u00ed slu\u017eby pro v\u0161echny velikosti a tvary p\u0159edm\u011bt\u016f a zajist\u00ed p\u0159epravu s pomoc\u00ed p\u0159i vy\u0159izov\u00e1n\u00ed celn\u00edch formalit.<\/p>\n<p>Webov\u00e9 str\u00e1nky: <a href=\"http:\/\/www.zebracargo.com\" target=\"_blank\" rel=\"noopener\">http:\/\/www.zebracargo.com<\/a><\/p>\n<h2><span class=\"ez-toc-section\" id=\"Other_Useful_Guides_to_Latvia\"><\/span>Dal\u0161\u00ed u\u017eite\u010dn\u00ed pr\u016fvodci po Loty\u0161sku<span class=\"ez-toc-section-end\"><\/span><\/h2>\n<ul>\n<li> <a href=\"https:\/\/moverdb.com\/cs\/kontejnerova-preprava\/lotyssko\/\">2024 Sazby n\u00e1mo\u0159n\u00ed kontejnerov\u00e9 dopravy do a z Loty\u0161ska<\/a><\/li>\n<li> <a href=\"https:\/\/moverdb.com\/cs\/moving-to-latvia\/\">St\u011bhov\u00e1n\u00ed do Loty\u0161ska? 2024 N\u00e1klady na bydlen\u00ed a tipy na st\u011bhov\u00e1n\u00ed<\/a><\/li>\n<\/ul>","protected":false},"excerpt":{"rendered":"<p>Are you are moving home or your business within, or to or from Latvia then you might want to employ the services of a removal company to assist you. Below we have compiled a list of Latvian removal companies that are members of the International Association of Movers (IAM) and\/or FIDI Accredited International Mover (FAIM) [&hellip;]<\/p>\n","protected":false},"author":4,"featured_media":0,"parent":190,"menu_order":0,"comment_status":"closed","ping_status":"closed","template":"","meta":{"_genesis_hide_title":false,"_genesis_hide_breadcrumbs":false,"_genesis_hide_singular_image":false,"_genesis_hide_footer_widgets":false,"_genesis_custom_body_class":"","_genesis_custom_post_class":"","_genesis_layout":"","footnotes":""},"class_list":{"0":"post-8400","1":"page","2":"type-page","3":"status-publish","5":"entry","6":"has-post-thumbnail"},"_links":{"self":[{"href":"https:\/\/moverdb.com\/cs\/wp-json\/wp\/v2\/pages\/8400","targetHints":{"allow":["GET"]}}],"collection":[{"href":"https:\/\/moverdb.com\/cs\/wp-json\/wp\/v2\/pages"}],"about":[{"href":"https:\/\/moverdb.com\/cs\/wp-json\/wp\/v2\/types\/page"}],"author":[{"embeddable":true,"href":"https:\/\/moverdb.com\/cs\/wp-json\/wp\/v2\/users\/4"}],"replies":[{"embeddable":true,"href":"https:\/\/moverdb.com\/cs\/wp-json\/wp\/v2\/comments?post=8400"}],"version-history":[{"count":2,"href":"https:\/\/moverdb.com\/cs\/wp-json\/wp\/v2\/pages\/8400\/revisions"}],"predecessor-version":[{"id":17890,"href":"https:\/\/moverdb.com\/cs\/wp-json\/wp\/v2\/pages\/8400\/revisions\/17890"}],"up":[{"embeddable":true,"href":"https:\/\/moverdb.com\/cs\/wp-json\/wp\/v2\/pages\/190"}],"wp:attachment":[{"href":"https:\/\/moverdb.com\/cs\/wp-json\/wp\/v2\/media?parent=8400"}],"curies":[{"name":"wp","href":"https:\/\/api.w.org\/{rel}","templated":true}]}}