{"id":8396,"date":"2023-04-27T14:53:30","date_gmt":"2023-04-27T14:53:30","guid":{"rendered":"https:\/\/moverdb.com\/?page_id=8396"},"modified":"2026-05-15T15:00:49","modified_gmt":"2026-05-15T15:00:49","slug":"moving-companies-kenya","status":"publish","type":"page","link":"https:\/\/moverdb.com\/cs\/moving-companies\/moving-companies-kenya\/","title":{"rendered":"4 Nejlep\u0161\u00ed mezin\u00e1rodn\u00ed st\u011bhov\u00e1n\u00ed spole\u010dnosti v Keni"},"content":{"rendered":"<p>Pokud se st\u011bhujete dom\u016f nebo st\u011bhujete firmu, m\u016f\u017ee se v\u00e1m to zd\u00e1t pon\u011bkud skli\u010duj\u00edc\u00ed, zejm\u00e9na pokud se st\u011bhujete do jin\u00fdch zem\u00ed, kde je t\u0159eba vy\u0159\u00eddit dal\u0161\u00ed pap\u00edrov\u00e1n\u00ed a z\u00e1le\u017eitosti. Zde je na m\u00edst\u011b <a href=\"https:\/\/moverdb.com\/cs\/moving-companies\/\" data-internallinksmanager029f6b8e52c=\"79\" title=\"Top 25 Mezin\u00e1rodn\u00ed st\u011bhovac\u00ed spole\u010dnosti Online\">st\u011bhovac\u00ed spole\u010dnost<\/a> v\u00e1m m\u016f\u017ee skute\u010dn\u011b uleh\u010dit. N\u00ed\u017ee jsme uvedli seznam ke\u0148sk\u00fdch firem. <a href=\"https:\/\/moverdb.com\/cs\/international-removals\/\" data-internallinksmanager029f6b8e52c=\"27\" title=\"36 nejlep\u0161\u00edch mezin\u00e1rodn\u00edch st\u011bhovac\u00edch spole\u010dnost\u00ed ve Velk\u00e9 Brit\u00e1nii\">st\u011bhovac\u00ed firmy<\/a> kter\u00e9 jsou \u010dleny <a href=\"https:\/\/moverdb.com\/cs\/iam\/\" data-internallinksmanager029f6b8e52c=\"23\" title=\"Vysv\u011btlen\u00ed Mezin\u00e1rodn\u00ed asociace st\u011bhov\u00e1k\u016f (IAM)\">Mezin\u00e1rodn\u00ed asociace st\u011bhov\u00e1k\u016f<\/a> (IAM) a\/nebo <a href=\"https:\/\/moverdb.com\/cs\/fidi-faim\/\" data-internallinksmanager029f6b8e52c=\"16\" title=\"Vysv\u011btlen\u00ed FIDI a FAIM (FIDI Accredited International Mover)\">FIDI<\/a> Akreditovan\u00e9 mezin\u00e1rodn\u00ed st\u011bhov\u00e1n\u00ed (FAIM), kter\u00e9 by v\u00e1m mohlo pomoci se st\u011bhov\u00e1n\u00edm.<\/p>\n<div id=\"ez-toc-container\" class=\"ez-toc-v2_0_83 ez-toc-wrap-left counter-hierarchy ez-toc-counter ez-toc-transparent ez-toc-container-direction\">\n<div class=\"ez-toc-title-container\">\n<p class=\"ez-toc-title\" style=\"cursor:inherit\">Sekce<\/p>\n<span class=\"ez-toc-title-toggle\"><a href=\"#\" class=\"ez-toc-pull-right ez-toc-btn ez-toc-btn-xs ez-toc-btn-default ez-toc-toggle\" aria-label=\"P\u0159epnut\u00ed tabulky obsahu\"><span class=\"ez-toc-js-icon-con\"><span class=\"\"><span class=\"eztoc-hide\" style=\"display:none;\">P\u0159ep\u00edna\u010d<\/span><span class=\"ez-toc-icon-toggle-span\"><svg style=\"fill: #999;color:#999\" xmlns=\"http:\/\/www.w3.org\/2000\/svg\" class=\"list-377408\" width=\"20px\" height=\"20px\" viewbox=\"0 0 24 24\" fill=\"none\"><path d=\"M6 6H4v2h2V6zm14 0H8v2h12V6zM4 11h2v2H4v-2zm16 0H8v2h12v-2zM4 16h2v2H4v-2zm16 0H8v2h12v-2z\" fill=\"currentColor\"><\/path><\/svg><svg style=\"fill: #999;color:#999\" class=\"arrow-unsorted-368013\" xmlns=\"http:\/\/www.w3.org\/2000\/svg\" width=\"10px\" height=\"10px\" viewbox=\"0 0 24 24\" version=\"1.2\" baseprofile=\"tiny\"><path d=\"M18.2 9.3l-6.2-6.3-6.2 6.3c-.2.2-.3.4-.3.7s.1.5.3.7c.2.2.4.3.7.3h11c.3 0 .5-.1.7-.3.2-.2.3-.5.3-.7s-.1-.5-.3-.7zM5.8 14.7l6.2 6.3 6.2-6.3c.2-.2.3-.5.3-.7s-.1-.5-.3-.7c-.2-.2-.4-.3-.7-.3h-11c-.3 0-.5.1-.7.3-.2.2-.3.5-.3.7s.1.5.3.7z\"\/><\/svg><\/span><\/span><\/span><\/a><\/span><\/div>\n<nav><ul class='ez-toc-list ez-toc-list-level-1 eztoc-toggle-hide-by-default' ><li class='ez-toc-page-1 ez-toc-heading-level-2'><a class=\"ez-toc-link ez-toc-heading-1\" href=\"https:\/\/moverdb.com\/cs\/moving-companies\/moving-companies-kenya\/#1_Quick_Task_Freight_Limited\" >1. Quick Task Freight Limited<\/a><\/li><li class='ez-toc-page-1 ez-toc-heading-level-2'><a class=\"ez-toc-link ez-toc-heading-2\" href=\"https:\/\/moverdb.com\/cs\/moving-companies\/moving-companies-kenya\/#2_Nellions_Moving_Relocations\" >2. Nellions Moving &amp; Relocations<\/a><\/li><li class='ez-toc-page-1 ez-toc-heading-level-2'><a class=\"ez-toc-link ez-toc-heading-3\" href=\"https:\/\/moverdb.com\/cs\/moving-companies\/moving-companies-kenya\/#3_Benfi_Global_Logistics\" >3. Benfi Global Logistics<\/a><\/li><li class='ez-toc-page-1 ez-toc-heading-level-2'><a class=\"ez-toc-link ez-toc-heading-4\" href=\"https:\/\/moverdb.com\/cs\/moving-companies\/moving-companies-kenya\/#4_DB_Schenker\" >4. DB Schenker<\/a><\/li><\/ul><\/nav><\/div>\n<h2><span class=\"ez-toc-section\" id=\"1_Quick_Task_Freight_Limited\"><\/span><strong>1. Quick Task Freight Limited<\/strong><span class=\"ez-toc-section-end\"><\/span><\/h2>\n<p><img loading=\"lazy\" decoding=\"async\" class=\"alignnone size-full wp-image-8356\" src=\"https:\/\/moverdb.com\/wp-content\/uploads\/Quick-Task-Freight-international-moving-company.png\" alt=\"Rychl\u00fd \u00fakol N\u00e1kladn\u00ed mezin\u00e1rodn\u00ed st\u011bhov\u00e1n\u00ed spole\u010dnost\" width=\"1440\" height=\"682\" data-wp-pid=\"8356\" srcset=\"https:\/\/moverdb.com\/wp-content\/uploads\/Quick-Task-Freight-international-moving-company.png 1440w, https:\/\/moverdb.com\/wp-content\/uploads\/Quick-Task-Freight-international-moving-company-300x142.png 300w, https:\/\/moverdb.com\/wp-content\/uploads\/Quick-Task-Freight-international-moving-company-1024x485.png 1024w, https:\/\/moverdb.com\/wp-content\/uploads\/Quick-Task-Freight-international-moving-company-18x9.png 18w, https:\/\/moverdb.com\/wp-content\/uploads\/Quick-Task-Freight-international-moving-company-600x284.png 600w\" sizes=\"auto, (max-width: 1440px) 100vw, 1440px\" \/><\/p>\n<ul>\n<li>M\u00edstn\u00ed p\u0159esuny<\/li>\n<li>Mezin\u00e1rodn\u00ed p\u0159esuny<\/li>\n<li>St\u011bhov\u00e1n\u00ed dom\u00e1cnosti<\/li>\n<li>St\u011bhov\u00e1n\u00ed firem<\/li>\n<li>Slu\u017eba \"door-to-door\" na m\u00edru<\/li>\n<li>Balic\u00ed slu\u017eba<\/li>\n<li>Silni\u010dn\u00ed, n\u00e1mo\u0159n\u00ed a leteck\u00e1 doprava<\/li>\n<li>Celn\u00ed zprost\u0159edkov\u00e1n\u00ed<\/li>\n<li>Pojistn\u00e9 poradenstv\u00ed<\/li>\n<li>Skladovac\u00ed prostory<\/li>\n<\/ul>\n<p>Quick Task Freight Limited je spedi\u010dn\u00ed a logistick\u00e1 spole\u010dnost zalo\u017een\u00e1 v roce 2013 se s\u00eddlem v Keni, s pobo\u010dkami v Nairobi a Mombase a dal\u0161\u00edmi kancel\u00e1\u0159emi ve v\u00fdchodn\u00ed Africe. Spolupracuje s mezin\u00e1rodn\u00edmi partnery p\u0159i p\u0159emis\u0165ov\u00e1n\u00ed osob po cel\u00e9m sv\u011bt\u011b. Jsou \u010dlenem IAM s osmiletou tradic\u00ed.<\/p>\n<p>Spole\u010dnost Quick Task Freight Limited poskytuje st\u011bhovac\u00ed slu\u017eby na m\u00edru pro dom\u00e1cnosti a firmy. Nab\u00edz\u00ed balic\u00ed slu\u017eby, kter\u00e9 ochr\u00e1n\u00ed va\u0161e v\u011bci p\u0159i p\u0159eprav\u011b, a\u0165 u\u017e po silnici, po mo\u0159i nebo letecky. Poskytuj\u00ed pomoc s celn\u00edm zprost\u0159edkov\u00e1n\u00edm a poji\u0161t\u011bn\u00edm.<\/p>\n<p>Webov\u00e9 str\u00e1nky: <a href=\"http:\/\/www.quicktaskfreight.com\" target=\"_blank\" rel=\"noopener\">http:\/\/www.quicktaskfreight.com<\/a><\/p>\n<h2><span class=\"ez-toc-section\" id=\"2_Nellions_Moving_Relocations\"><\/span><strong>2. Nellions Moving &amp; Relocations<\/strong><span class=\"ez-toc-section-end\"><\/span><\/h2>\n<p><img loading=\"lazy\" decoding=\"async\" class=\"alignnone size-full wp-image-8348\" src=\"https:\/\/moverdb.com\/wp-content\/uploads\/Nellions-international-moving-company.png\" alt=\"Nellions mezin\u00e1rodn\u00ed st\u011bhov\u00e1n\u00ed spole\u010dnost\" width=\"1440\" height=\"680\" data-wp-pid=\"8348\" srcset=\"https:\/\/moverdb.com\/wp-content\/uploads\/Nellions-international-moving-company.png 1440w, https:\/\/moverdb.com\/wp-content\/uploads\/Nellions-international-moving-company-300x142.png 300w, https:\/\/moverdb.com\/wp-content\/uploads\/Nellions-international-moving-company-1024x484.png 1024w, https:\/\/moverdb.com\/wp-content\/uploads\/Nellions-international-moving-company-18x9.png 18w, https:\/\/moverdb.com\/wp-content\/uploads\/Nellions-international-moving-company-600x283.png 600w\" sizes=\"auto, (max-width: 1440px) 100vw, 1440px\" \/><\/p>\n<ul>\n<li>St\u011bhov\u00e1n\u00ed na n\u00e1rodn\u00ed \u00farovni<\/li>\n<li>Mezin\u00e1rodn\u00ed p\u0159esuny<\/li>\n<li>St\u011bhov\u00e1n\u00ed do obytn\u00fdch prostor<\/li>\n<li>St\u011bhov\u00e1n\u00ed firem a kancel\u00e1\u0159\u00ed<\/li>\n<li>Slu\u017eba od dve\u0159\u00ed ke dve\u0159\u00edm<\/li>\n<li>Leteck\u00e1, n\u00e1mo\u0159n\u00ed nebo silni\u010dn\u00ed n\u00e1kladn\u00ed doprava<\/li>\n<li>Mo\u017enosti p\u0159epravy v\u010detn\u011b sb\u011brn\u00e9 p\u0159epravy<\/li>\n<li>Celn\u00ed odbaven\u00ed<\/li>\n<li>Poji\u0161t\u011bn\u00ed<\/li>\n<li>Skladovac\u00ed prostory<\/li>\n<\/ul>\n<p>Nellions Moving &amp; Relocations je mezin\u00e1rodn\u00ed st\u011bhovac\u00ed spole\u010dnost se s\u00eddlem v Nairobi. Je \u010dlenem IAM s dev\u00edtiletou prax\u00ed, co\u017e j\u00ed umo\u017e\u0148uje p\u0159\u00edstup k mezin\u00e1rodn\u00ed s\u00edti st\u011bhovac\u00edch agent\u016f, kte\u0159\u00ed ji podporuj\u00ed.<\/p>\n<p>Spole\u010dnost Nellions Moving &amp; Relocations nab\u00edz\u00ed p\u0159edst\u011bhovac\u00ed pr\u016fzkum a poradce pro st\u011bhov\u00e1n\u00ed, kte\u0159\u00ed v\u00e1m pomohou s pl\u00e1nov\u00e1n\u00edm st\u011bhov\u00e1n\u00ed. Nab\u00edzej\u00ed slu\u017eby door-to-door, door-to-<a href=\"https:\/\/moverdb.com\/cs\/top-49-container-ports\/\" data-internallinksmanager029f6b8e52c=\"80\" title=\"49 nejv\u011bt\u0161\u00edch a nejru\u0161n\u011bj\u0161\u00edch kontejnerov\u00fdch p\u0159\u00edstav\u016f v roce 2025\">p\u0159\u00edstav<\/a> nebo \u0159e\u0161en\u00ed port-to-door. Bezpe\u010dn\u011b zabal\u00ed va\u0161e v\u011bci, v\u010detn\u011b instalace a mont\u00e1\u017ee n\u00e1bytku a vytvo\u0159en\u00ed balic\u00edho seznamu bez pap\u00edrov\u00e1n\u00ed. Zajist\u00ed leteckou, n\u00e1mo\u0159n\u00ed nebo silni\u010dn\u00ed p\u0159epravu a vy\u0159\u00edd\u00ed dovozn\u00ed a v\u00fdvozn\u00ed clo. P\u0159eprava zahrnuje pln\u00e9 nebo men\u0161\u00ed ne\u017e kontejnerov\u00e9 n\u00e1klady a mo\u017enosti sb\u011brn\u00e9 p\u0159epravy.<\/p>\n<p>Webov\u00e9 str\u00e1nky: <a href=\"http:\/\/www.nellions.co.ke\" target=\"_blank\" rel=\"noopener\">http:\/\/www.nellions.co.ke<\/a><\/p>\n<h2><span class=\"ez-toc-section\" id=\"3_Benfi_Global_Logistics\"><\/span><strong>3. <\/strong><strong>Benfi Global Logistics<\/strong><span class=\"ez-toc-section-end\"><\/span><\/h2>\n<p><img loading=\"lazy\" decoding=\"async\" class=\"alignnone size-full wp-image-8294\" src=\"https:\/\/moverdb.com\/wp-content\/uploads\/Benfi-Global-Logistics-international-moving-company.png\" alt=\"Benfi Global Logistics mezin\u00e1rodn\u00ed st\u011bhov\u00e1n\u00ed spole\u010dnost\" width=\"1440\" height=\"683\" data-wp-pid=\"8294\" srcset=\"https:\/\/moverdb.com\/wp-content\/uploads\/Benfi-Global-Logistics-international-moving-company.png 1440w, https:\/\/moverdb.com\/wp-content\/uploads\/Benfi-Global-Logistics-international-moving-company-300x142.png 300w, https:\/\/moverdb.com\/wp-content\/uploads\/Benfi-Global-Logistics-international-moving-company-1024x486.png 1024w, https:\/\/moverdb.com\/wp-content\/uploads\/Benfi-Global-Logistics-international-moving-company-18x9.png 18w, https:\/\/moverdb.com\/wp-content\/uploads\/Benfi-Global-Logistics-international-moving-company-600x285.png 600w\" sizes=\"auto, (max-width: 1440px) 100vw, 1440px\" \/><\/p>\n<ul>\n<li>M\u00edstn\u00ed a n\u00e1rodn\u00ed logistika<\/li>\n<li><a href=\"https:\/\/moverdb.com\/cs\/container-shipping\/\" data-internallinksmanager029f6b8e52c=\"3\" title=\"Graf sazeb mezin\u00e1rodn\u00ed kontejnerov\u00e9 dopravy: Kv\u011bten 2026\">Mezin\u00e1rodn\u00ed p\u0159eprava<\/a><\/li>\n<li>Jednotliv\u00e9 z\u00e1silky<\/li>\n<li>Firemn\u00ed z\u00e1silky<\/li>\n<li>Individu\u00e1ln\u00ed p\u0159\u00edstup<\/li>\n<li>Silni\u010dn\u00ed n\u00e1kladn\u00ed doprava s vyu\u017eit\u00edm jejich vozov\u00e9ho parku<\/li>\n<li>Mo\u017enosti leteck\u00e9 p\u0159epravy<\/li>\n<li>Mo\u017enosti n\u00e1mo\u0159n\u00ed p\u0159epravy<\/li>\n<li>Celn\u00ed zprost\u0159edkov\u00e1n\u00ed<\/li>\n<li>Skladovac\u00ed prostory<\/li>\n<\/ul>\n<p>Spole\u010dnost Benfi Global Logistics je poskytovatelem komplexn\u00edch logistick\u00fdch \u0159e\u0161en\u00ed, kter\u00fd dok\u00e1\u017ee doru\u010dit zbo\u017e\u00ed do v\u0161ech kout\u016f sv\u011bta a s\u00eddl\u00ed v Nairobi. M\u00e1 sdru\u017een\u00ed po cel\u00e9m sv\u011bt\u011b, aby roz\u0161\u00ed\u0159ila sv\u016fj dosah a poskytovala slu\u017eby na mezin\u00e1rodn\u00ed \u00farovni. Je \u010dlenem IAM s desetiletou p\u016fsobnost\u00ed.<\/p>\n<p>Benfi Global Logistics nab\u00edz\u00ed pouze spedi\u010dn\u00ed a skladovac\u00ed slu\u017eby, ale m\u016f\u017ee se postarat i o jednotlivce a firmy. Nab\u00edz\u00ed celou \u0159adu mo\u017enost\u00ed p\u0159epravy, kter\u00e9 zahrnuj\u00ed p\u0159epravu n\u00e1kladu pomoc\u00ed jejich vozov\u00e9ho parku, leteckou p\u0159epravu od mal\u00fdch z\u00e1silek a\u017e po charterov\u00e9 lety a n\u00e1mo\u0159n\u00ed p\u0159epravu bu\u010f pln\u00e9ho, nebo men\u0161\u00edho ne\u017e kontejnerov\u00e9ho n\u00e1kladu.<\/p>\n<p>Webov\u00e9 str\u00e1nky: <a href=\"http:\/\/www.benfifreightkenya.co.ke\" target=\"_blank\" rel=\"noopener\">http:\/\/www.benfifreightkenya.co.ke<\/a><\/p>\n<h2><span class=\"ez-toc-section\" id=\"4_DB_Schenker\"><\/span><strong>4. DB Schenker<\/strong><span class=\"ez-toc-section-end\"><\/span><\/h2>\n<p><img loading=\"lazy\" decoding=\"async\" class=\"alignnone size-full wp-image-8303\" src=\"https:\/\/moverdb.com\/wp-content\/uploads\/DB-Schenker-Kenya-international-moving-company.png\" alt=\"DB Schenker Ke\u0148a mezin\u00e1rodn\u00ed st\u011bhov\u00e1n\u00ed spole\u010dnost\" width=\"1440\" height=\"677\" data-wp-pid=\"8303\" srcset=\"https:\/\/moverdb.com\/wp-content\/uploads\/DB-Schenker-Kenya-international-moving-company.png 1440w, https:\/\/moverdb.com\/wp-content\/uploads\/DB-Schenker-Kenya-international-moving-company-300x141.png 300w, https:\/\/moverdb.com\/wp-content\/uploads\/DB-Schenker-Kenya-international-moving-company-1024x481.png 1024w, https:\/\/moverdb.com\/wp-content\/uploads\/DB-Schenker-Kenya-international-moving-company-18x8.png 18w, https:\/\/moverdb.com\/wp-content\/uploads\/DB-Schenker-Kenya-international-moving-company-600x282.png 600w\" sizes=\"auto, (max-width: 1440px) 100vw, 1440px\" \/><\/p>\n<ul>\n<li>St\u011bhov\u00e1n\u00ed na n\u00e1rodn\u00ed \u00farovni<\/li>\n<li>Mezin\u00e1rodn\u00ed p\u0159esuny<\/li>\n<li>St\u011bhov\u00e1n\u00ed do obytn\u00fdch prostor<\/li>\n<li>St\u011bhov\u00e1n\u00ed spole\u010dnosti<\/li>\n<li>Balic\u00ed slu\u017eba<\/li>\n<li>Profesion\u00e1ln\u00ed bali\u010di<\/li>\n<li>Pozemn\u00ed, \u017eelezni\u010dn\u00ed, leteck\u00e1 a n\u00e1mo\u0159n\u00ed n\u00e1kladn\u00ed doprava<\/li>\n<li>Celn\u00ed odbaven\u00ed<\/li>\n<li>Slu\u017eba sledov\u00e1n\u00ed<\/li>\n<li>Skladovac\u00ed prostory<\/li>\n<\/ul>\n<p>DB Schenker je glob\u00e1ln\u00ed poskytovatel logistick\u00fdch slu\u017eeb, kter\u00fd p\u016fsob\u00ed na t\u00e9m\u011b\u0159 725 m\u00edstech a ve v\u00edce ne\u017e 60 zem\u00edch sv\u011bta ji\u017e v\u00edce ne\u017e 150 let. Jej\u00ed ke\u0148sk\u00e1 z\u00e1kladna se nach\u00e1z\u00ed v Nairobi, kde nab\u00edz\u00ed vnitrost\u00e1tn\u00ed a mezin\u00e1rodn\u00ed slu\u017eby. Disponuje mezin\u00e1rodn\u00ed s\u00edt\u00ed pro poskytov\u00e1n\u00ed slu\u017eeb po cel\u00e9m sv\u011bt\u011b a je \u010dlenem IAM.<\/p>\n<p>DB Schenker nab\u00edz\u00ed balic\u00ed slu\u017ebu, kter\u00e1 ochr\u00e1n\u00ed va\u0161e v\u011bci pomoc\u00ed ekologick\u00fdch obalov\u00fdch materi\u00e1l\u016f a zahrnuje demont\u00e1\u017e a mont\u00e1\u017e n\u00e1bytku. Zajist\u00ed pozemn\u00ed, \u017eelezni\u010dn\u00ed, leteckou nebo n\u00e1mo\u0159n\u00ed p\u0159epravu s celn\u00edm odbaven\u00edm a slu\u017ebou sledov\u00e1n\u00ed, kter\u00e1 v\u00e1m umo\u017en\u00ed sledovat jej\u00ed pr\u016fb\u011bh.<\/p>\n<p>Webov\u00e9 str\u00e1nky: <a href=\"http:\/\/www.dbschenker.com\" target=\"_blank\" rel=\"noopener\">http:\/\/www.dbschenker.com<\/a><\/p>","protected":false},"excerpt":{"rendered":"<p>If you are moving home or your business, it might seem a bit daunting especially if you are moving countries with the additional paperwork and arrangements to make. This is where a moving company can really lighten your load. So below we\u2019ve listed Kenyan based removal companies that are members of the International Association of [&hellip;]<\/p>\n","protected":false},"author":4,"featured_media":0,"parent":190,"menu_order":0,"comment_status":"closed","ping_status":"closed","template":"","meta":{"_genesis_hide_title":false,"_genesis_hide_breadcrumbs":false,"_genesis_hide_singular_image":false,"_genesis_hide_footer_widgets":false,"_genesis_custom_body_class":"","_genesis_custom_post_class":"","_genesis_layout":"","footnotes":""},"class_list":{"0":"post-8396","1":"page","2":"type-page","3":"status-publish","5":"entry","6":"has-post-thumbnail"},"_links":{"self":[{"href":"https:\/\/moverdb.com\/cs\/wp-json\/wp\/v2\/pages\/8396","targetHints":{"allow":["GET"]}}],"collection":[{"href":"https:\/\/moverdb.com\/cs\/wp-json\/wp\/v2\/pages"}],"about":[{"href":"https:\/\/moverdb.com\/cs\/wp-json\/wp\/v2\/types\/page"}],"author":[{"embeddable":true,"href":"https:\/\/moverdb.com\/cs\/wp-json\/wp\/v2\/users\/4"}],"replies":[{"embeddable":true,"href":"https:\/\/moverdb.com\/cs\/wp-json\/wp\/v2\/comments?post=8396"}],"version-history":[{"count":1,"href":"https:\/\/moverdb.com\/cs\/wp-json\/wp\/v2\/pages\/8396\/revisions"}],"predecessor-version":[{"id":8397,"href":"https:\/\/moverdb.com\/cs\/wp-json\/wp\/v2\/pages\/8396\/revisions\/8397"}],"up":[{"embeddable":true,"href":"https:\/\/moverdb.com\/cs\/wp-json\/wp\/v2\/pages\/190"}],"wp:attachment":[{"href":"https:\/\/moverdb.com\/cs\/wp-json\/wp\/v2\/media?parent=8396"}],"curies":[{"name":"wp","href":"https:\/\/api.w.org\/{rel}","templated":true}]}}