{"id":8390,"date":"2023-04-27T14:54:37","date_gmt":"2023-04-27T14:54:37","guid":{"rendered":"https:\/\/moverdb.com\/?page_id=8390"},"modified":"2026-01-08T15:29:21","modified_gmt":"2026-01-08T15:29:21","slug":"moving-companies-jordan","status":"publish","type":"page","link":"https:\/\/moverdb.com\/cs\/moving-companies\/moving-companies-jordan\/","title":{"rendered":"6 Nejlep\u0161\u00ed mezin\u00e1rodn\u00ed st\u011bhovac\u00ed spole\u010dnosti v Jord\u00e1nsku"},"content":{"rendered":"<p>St\u011bhujete domov nebo firmu? Pak v\u00e1s mo\u017en\u00e1 za\u010d\u00edn\u00e1 tr\u00e1pit organizace a pap\u00edrov\u00e1n\u00ed, tak\u017ee mo\u017en\u00e1 budete cht\u00edt pomoc n\u011bkoho jin\u00e9ho. <a href=\"https:\/\/moverdb.com\/cs\/moving-companies\/\" data-internallinksmanager029f6b8e52c=\"79\" title=\"Top 25 Mezin\u00e1rodn\u00ed st\u011bhovac\u00ed spole\u010dnosti Online\">st\u011bhovac\u00ed spole\u010dnost<\/a>. Pokud se chcete p\u0159est\u011bhovat v r\u00e1mci Jord\u00e1nska, do Jord\u00e1nska nebo z Jord\u00e1nska, sestavili jsme pro v\u00e1s n\u00ed\u017ee uveden\u00fd seznam. <a href=\"https:\/\/moverdb.com\/cs\/international-removals\/\" data-internallinksmanager029f6b8e52c=\"27\" title=\"36 nejlep\u0161\u00edch mezin\u00e1rodn\u00edch st\u011bhovac\u00edch spole\u010dnost\u00ed ve Velk\u00e9 Brit\u00e1nii\">st\u011bhovac\u00ed firmy<\/a> kter\u00e9 jsou \u010dleny <a href=\"https:\/\/moverdb.com\/cs\/iam\/\" data-internallinksmanager029f6b8e52c=\"23\" title=\"Vysv\u011btlen\u00ed Mezin\u00e1rodn\u00ed asociace st\u011bhov\u00e1k\u016f (IAM)\">Mezin\u00e1rodn\u00ed asociace st\u011bhov\u00e1k\u016f<\/a> (IAM) a\/nebo <a href=\"https:\/\/moverdb.com\/cs\/fidi-faim\/\" data-internallinksmanager029f6b8e52c=\"16\" title=\"Vysv\u011btlen\u00ed FIDI a FAIM (FIDI Accredited International Mover)\">FIDI<\/a> Akreditovan\u00e9 mezin\u00e1rodn\u00ed st\u011bhov\u00e1n\u00ed (FAIM), kter\u00e9 by v\u00e1m mohlo pomoci se st\u011bhov\u00e1n\u00edm.<\/p>\n<div id=\"ez-toc-container\" class=\"ez-toc-v2_0_82_2 ez-toc-wrap-left counter-hierarchy ez-toc-counter ez-toc-transparent ez-toc-container-direction\">\n<div class=\"ez-toc-title-container\">\n<p class=\"ez-toc-title\" style=\"cursor:inherit\">Sekce<\/p>\n<span class=\"ez-toc-title-toggle\"><a href=\"#\" class=\"ez-toc-pull-right ez-toc-btn ez-toc-btn-xs ez-toc-btn-default ez-toc-toggle\" aria-label=\"P\u0159epnut\u00ed tabulky obsahu\"><span class=\"ez-toc-js-icon-con\"><span class=\"\"><span class=\"eztoc-hide\" style=\"display:none;\">P\u0159ep\u00edna\u010d<\/span><span class=\"ez-toc-icon-toggle-span\"><svg style=\"fill: #999;color:#999\" xmlns=\"http:\/\/www.w3.org\/2000\/svg\" class=\"list-377408\" width=\"20px\" height=\"20px\" viewbox=\"0 0 24 24\" fill=\"none\"><path d=\"M6 6H4v2h2V6zm14 0H8v2h12V6zM4 11h2v2H4v-2zm16 0H8v2h12v-2zM4 16h2v2H4v-2zm16 0H8v2h12v-2z\" fill=\"currentColor\"><\/path><\/svg><svg style=\"fill: #999;color:#999\" class=\"arrow-unsorted-368013\" xmlns=\"http:\/\/www.w3.org\/2000\/svg\" width=\"10px\" height=\"10px\" viewbox=\"0 0 24 24\" version=\"1.2\" baseprofile=\"tiny\"><path d=\"M18.2 9.3l-6.2-6.3-6.2 6.3c-.2.2-.3.4-.3.7s.1.5.3.7c.2.2.4.3.7.3h11c.3 0 .5-.1.7-.3.2-.2.3-.5.3-.7s-.1-.5-.3-.7zM5.8 14.7l6.2 6.3 6.2-6.3c.2-.2.3-.5.3-.7s-.1-.5-.3-.7c-.2-.2-.4-.3-.7-.3h-11c-.3 0-.5.1-.7.3-.2.2-.3.5-.3.7s.1.5.3.7z\"\/><\/svg><\/span><\/span><\/span><\/a><\/span><\/div>\n<nav><ul class='ez-toc-list ez-toc-list-level-1 eztoc-toggle-hide-by-default' ><li class='ez-toc-page-1 ez-toc-heading-level-2'><a class=\"ez-toc-link ez-toc-heading-1\" href=\"https:\/\/moverdb.com\/cs\/moving-companies\/moving-companies-jordan\/#1_CML_Safe_Pak\" >1. CML Safe Pak<\/a><\/li><li class='ez-toc-page-1 ez-toc-heading-level-2'><a class=\"ez-toc-link ez-toc-heading-2\" href=\"https:\/\/moverdb.com\/cs\/moving-companies\/moving-companies-jordan\/#2_Jirpac\" >2. Jirpac<\/a><\/li><li class='ez-toc-page-1 ez-toc-heading-level-2'><a class=\"ez-toc-link ez-toc-heading-3\" href=\"https:\/\/moverdb.com\/cs\/moving-companies\/moving-companies-jordan\/#3_Jordanian_Coast_Cargo_Service\" >3. Jord\u00e1nsk\u00e1 pob\u0159e\u017en\u00ed n\u00e1kladn\u00ed doprava<\/a><\/li><li class='ez-toc-page-1 ez-toc-heading-level-2'><a class=\"ez-toc-link ez-toc-heading-4\" href=\"https:\/\/moverdb.com\/cs\/moving-companies\/moving-companies-jordan\/#4_Levant_Express\" >4. Levant Express<\/a><\/li><li class='ez-toc-page-1 ez-toc-heading-level-2'><a class=\"ez-toc-link ez-toc-heading-5\" href=\"https:\/\/moverdb.com\/cs\/moving-companies\/moving-companies-jordan\/#5_Logistimania\" >5. Logistimania<\/a><\/li><li class='ez-toc-page-1 ez-toc-heading-level-2'><a class=\"ez-toc-link ez-toc-heading-6\" href=\"https:\/\/moverdb.com\/cs\/moving-companies\/moving-companies-jordan\/#6_Naouri_Group\" >6. Naouri Group<\/a><\/li><\/ul><\/nav><\/div>\n<h2><span class=\"ez-toc-section\" id=\"1_CML_Safe_Pak\"><\/span><strong>1. CML Safe Pak<\/strong><span class=\"ez-toc-section-end\"><\/span><\/h2>\n<p><img loading=\"lazy\" decoding=\"async\" class=\"alignnone size-full wp-image-8391\" src=\"https:\/\/moverdb.com\/wp-content\/uploads\/CML-Safe-Pak-international-moving-company.png\" alt=\"CML Safe Pak mezin\u00e1rodn\u00ed st\u011bhov\u00e1n\u00ed spole\u010dnost\" width=\"1440\" height=\"667\" data-wp-pid=\"8391\" srcset=\"https:\/\/moverdb.com\/wp-content\/uploads\/CML-Safe-Pak-international-moving-company.png 1440w, https:\/\/moverdb.com\/wp-content\/uploads\/CML-Safe-Pak-international-moving-company-300x139.png 300w, https:\/\/moverdb.com\/wp-content\/uploads\/CML-Safe-Pak-international-moving-company-1024x474.png 1024w, https:\/\/moverdb.com\/wp-content\/uploads\/CML-Safe-Pak-international-moving-company-18x8.png 18w, https:\/\/moverdb.com\/wp-content\/uploads\/CML-Safe-Pak-international-moving-company-600x278.png 600w\" sizes=\"auto, (max-width: 1440px) 100vw, 1440px\" \/><\/p>\n<ul>\n<li>M\u00edstn\u00ed a vnitrost\u00e1tn\u00ed st\u011bhov\u00e1n\u00ed<\/li>\n<li>Mezin\u00e1rodn\u00ed st\u011bhov\u00e1n\u00ed<\/li>\n<li>St\u011bhov\u00e1n\u00ed do obytn\u00fdch prostor<\/li>\n<li>Koordin\u00e1tor p\u0159esunu<\/li>\n<li>Balic\u00ed slu\u017eba<\/li>\n<li>Pozemn\u00ed, n\u00e1mo\u0159n\u00ed a leteck\u00e1 doprava<\/li>\n<li>Celn\u00ed odbaven\u00ed<\/li>\n<li>P\u0159eprava dom\u00e1c\u00edch zv\u00ed\u0159at<\/li>\n<li>\u00daklidov\u00e9 slu\u017eby<\/li>\n<li>Zabezpe\u010den\u00e9 skladov\u00e1n\u00ed<\/li>\n<\/ul>\n<p>CML Safe Pak je st\u011bhovac\u00ed, logistick\u00e1 a p\u0159epravn\u00ed spole\u010dnost, kter\u00e1 pom\u00e1h\u00e1 lidem se st\u011bhov\u00e1n\u00edm ji\u017e od roku 1992 a s\u00eddl\u00ed v Amm\u00e1nu. Je \u010dlenem <a href=\"https:\/\/moverdb.com\/cs\/harmony-relocation-network\/\" data-internallinksmanager029f6b8e52c=\"20\" title=\"Vysv\u011btlen\u00ed s\u00edt\u011b Harmony Relocation Network (HRN)\">Harmony Relocation Network<\/a> a IAM s 31letou prax\u00ed a akreditac\u00ed FIDI. Tyto asociace jim umo\u017e\u0148uj\u00ed p\u0159\u00edstup k mezin\u00e1rodn\u00ed s\u00edti st\u011bhovac\u00edch agent\u016f.<\/p>\n<p>Spole\u010dnost CML Safe Pak nab\u00edz\u00ed p\u0159ed st\u011bhov\u00e1n\u00edm konzultaci s poradcem pro st\u011bhov\u00e1n\u00ed, kter\u00fd posoud\u00ed va\u0161e pot\u0159eby. Koordin\u00e1tor st\u011bhov\u00e1n\u00ed se postar\u00e1 o ve\u0161kerou logistiku va\u0161eho st\u011bhov\u00e1n\u00ed v\u010detn\u011b pap\u00edrov\u00e1n\u00ed a celn\u00edho odbaven\u00ed. Poskytuj\u00ed dal\u0161\u00ed slu\u017eby, kter\u00e9 zahrnuj\u00ed st\u011bhov\u00e1n\u00ed\/\u00faklid, st\u011bhov\u00e1n\u00ed um\u011bleck\u00fdch d\u011bl a staro\u017eitnost\u00ed a p\u0159epravu dom\u00e1c\u00edch zv\u00ed\u0159at.<\/p>\n<p>Webov\u00e9 str\u00e1nky: <a href=\"http:\/\/www.cml-jo.com\" target=\"_blank\" rel=\"noopener\">http:\/\/www.cml-jo.com<\/a><\/p>\n<h2><span class=\"ez-toc-section\" id=\"2_Jirpac\"><\/span><strong>2. Jirpac<\/strong><span class=\"ez-toc-section-end\"><\/span><\/h2>\n<p><img loading=\"lazy\" decoding=\"async\" class=\"alignnone size-full wp-image-8333\" src=\"https:\/\/moverdb.com\/wp-content\/uploads\/Jirpac-international-moving-company.png\" alt=\"Jirpac mezin\u00e1rodn\u00ed st\u011bhov\u00e1n\u00ed spole\u010dnost\" width=\"1440\" height=\"679\" data-wp-pid=\"8333\" srcset=\"https:\/\/moverdb.com\/wp-content\/uploads\/Jirpac-international-moving-company.png 1440w, https:\/\/moverdb.com\/wp-content\/uploads\/Jirpac-international-moving-company-300x141.png 300w, https:\/\/moverdb.com\/wp-content\/uploads\/Jirpac-international-moving-company-1024x483.png 1024w, https:\/\/moverdb.com\/wp-content\/uploads\/Jirpac-international-moving-company-18x8.png 18w, https:\/\/moverdb.com\/wp-content\/uploads\/Jirpac-international-moving-company-600x283.png 600w\" sizes=\"auto, (max-width: 1440px) 100vw, 1440px\" \/><\/p>\n<ul>\n<li>St\u011bhov\u00e1n\u00ed na n\u00e1rodn\u00ed \u00farovni<\/li>\n<li>Mezin\u00e1rodn\u00ed p\u0159esuny<\/li>\n<li>St\u011bhov\u00e1n\u00ed dom\u00e1cnost\u00ed<\/li>\n<li>St\u011bhov\u00e1n\u00ed zam\u011bstnanc\u016f<\/li>\n<li>St\u011bhov\u00e1n\u00ed firem a kancel\u00e1\u0159\u00ed<\/li>\n<li>Balic\u00ed slu\u017eba<\/li>\n<li>Pozemn\u00ed, n\u00e1mo\u0159n\u00ed a leteck\u00e1 doprava<\/li>\n<li>Celn\u00ed zprost\u0159edkov\u00e1n\u00ed<\/li>\n<li>Poji\u0161t\u011bn\u00ed<\/li>\n<li>Zabezpe\u010den\u00e9 skladovac\u00ed prostory<\/li>\n<\/ul>\n<p>Jirpac je mezin\u00e1rodn\u00ed st\u011bhovac\u00ed a balic\u00ed spole\u010dnost, kter\u00e1 byla zalo\u017eena v roce 1978 a s\u00eddl\u00ed v Amm\u00e1nu. M\u00e1 s\u00ed\u0165 korespondent\u016f po cel\u00e9m sv\u011bt\u011b ve 170 zem\u00edch, kte\u0159\u00ed j\u00ed pom\u00e1haj\u00ed poskytovat slu\u017eby v mezin\u00e1rodn\u00edm m\u011b\u0159\u00edtku. Je \u010dlenem IAM s 45letou tradic\u00ed.<\/p>\n<p>Spole\u010dnost Jirpac nab\u00edz\u00ed vnitrost\u00e1tn\u00ed a mezin\u00e1rodn\u00ed st\u011bhovac\u00ed slu\u017eby pro dom\u00e1cnosti a organizace. Nab\u00edz\u00ed balic\u00ed slu\u017eby, kter\u00e9 poskytuj\u00ed r\u016fzn\u00e9 balic\u00ed materi\u00e1ly a kartony pro ochranu va\u0161ich v\u011bc\u00ed p\u0159i p\u0159eprav\u011b, kter\u00e9 spl\u0148uj\u00ed mezin\u00e1rodn\u00ed normy. Nab\u00edz\u00ed pozemn\u00ed, leteckou a n\u00e1mo\u0159n\u00ed p\u0159epravu s celn\u00edm odbaven\u00edm.<\/p>\n<p>Webov\u00e9 str\u00e1nky: <a href=\"http:\/\/www.jirpac.com\" target=\"_blank\" rel=\"noopener\">http:\/\/www.jirpac.com<\/a><\/p>\n<h2><span class=\"ez-toc-section\" id=\"3_Jordanian_Coast_Cargo_Service\"><\/span><strong>3. Jord\u00e1nsk\u00e1 pob\u0159e\u017en\u00ed n\u00e1kladn\u00ed doprava<\/strong><span class=\"ez-toc-section-end\"><\/span><\/h2>\n<p><img loading=\"lazy\" decoding=\"async\" class=\"alignnone size-full wp-image-8334\" src=\"https:\/\/moverdb.com\/wp-content\/uploads\/Jordanian-Coast-Cargo-Services-international-moving-company.png\" alt=\"Jord\u00e1nsk\u00e9 pob\u0159e\u017e\u00ed Cargo Services mezin\u00e1rodn\u00ed st\u011bhov\u00e1n\u00ed spole\u010dnost\" width=\"1440\" height=\"677\" data-wp-pid=\"8334\" srcset=\"https:\/\/moverdb.com\/wp-content\/uploads\/Jordanian-Coast-Cargo-Services-international-moving-company.png 1440w, https:\/\/moverdb.com\/wp-content\/uploads\/Jordanian-Coast-Cargo-Services-international-moving-company-300x141.png 300w, https:\/\/moverdb.com\/wp-content\/uploads\/Jordanian-Coast-Cargo-Services-international-moving-company-1024x481.png 1024w, https:\/\/moverdb.com\/wp-content\/uploads\/Jordanian-Coast-Cargo-Services-international-moving-company-18x8.png 18w, https:\/\/moverdb.com\/wp-content\/uploads\/Jordanian-Coast-Cargo-Services-international-moving-company-600x282.png 600w\" sizes=\"auto, (max-width: 1440px) 100vw, 1440px\" \/><\/p>\n<ul>\n<li>Vnitrost\u00e1tn\u00ed st\u011bhov\u00e1n\u00ed<\/li>\n<li>Mezin\u00e1rodn\u00ed st\u011bhov\u00e1n\u00ed<\/li>\n<li>St\u011bhov\u00e1n\u00ed dom\u00e1cnost\u00ed<\/li>\n<li>Obchodn\u00ed slu\u017eby<\/li>\n<li>Slu\u017eba od dve\u0159\u00ed ke dve\u0159\u00edm<\/li>\n<li>Profesion\u00e1ln\u00ed balic\u00ed slu\u017eby<\/li>\n<li>Pozemn\u00ed, leteck\u00e1 a n\u00e1mo\u0159n\u00ed doprava<\/li>\n<li>Celn\u00ed odbaven\u00ed<\/li>\n<li>P\u0159eprava vozidel a dom\u00e1c\u00edch zv\u00ed\u0159at<\/li>\n<li>Bezpe\u010dn\u00e9 kr\u00e1tkodob\u00e9 a dlouhodob\u00e9 skladov\u00e1n\u00ed<\/li>\n<\/ul>\n<p>Jord\u00e1nsk\u00e9 pob\u0159e\u017en\u00ed n\u00e1kladn\u00ed slu\u017eby jsou lodn\u00ed dopravou, <a href=\"https:\/\/moverdb.com\/cs\/freight-forwarder\/\" data-internallinksmanager029f6b8e52c=\"17\" title=\"Mezin\u00e1rodn\u00ed spedice a NVOCC Pr\u016fvodce n\u00e1klady a spole\u010dnostmi\">spedice<\/a> a skladovac\u00ed spole\u010dnost, kter\u00e1 poskytuje st\u011bhovac\u00ed slu\u017eby a diplomatick\u00e9 p\u0159esuny. Byla zalo\u017eena v roce 2000 a s\u00eddl\u00ed v Amm\u00e1nu. Spolupracuje s mezin\u00e1rodn\u00edmi organizacemi a poskytuje sv\u00e9 slu\u017eby po cel\u00e9m sv\u011bt\u011b. Jsou \u010dlenem IAM s 23letou tradic\u00ed.<\/p>\n<p>Jord\u00e1nsk\u00e9 pob\u0159e\u017en\u00ed n\u00e1kladn\u00ed slu\u017eby nab\u00edzej\u00ed slu\u017eby \"od dve\u0159\u00ed ke dve\u0159\u00edm\" s vysoce kvalifikovan\u00fdmi balic\u00edmi pracovn\u00edky, kte\u0159\u00ed pou\u017e\u00edvaj\u00ed vysoce kvalitn\u00ed balic\u00ed materi\u00e1ly a bedny k bezpe\u010dn\u00e9mu st\u011bhov\u00e1n\u00ed va\u0161ich v\u011bc\u00ed. Zajist\u00ed p\u0159epravu s celn\u00edm odbaven\u00edm, a to po zemi, letecky nebo po mo\u0159i v m\u00e9n\u011b ne\u017e kontejnerov\u00fdch z\u00e1silk\u00e1ch a celokontejnerov\u00fdch z\u00e1silk\u00e1ch.<\/p>\n<p>Webov\u00e9 str\u00e1nky: <a href=\"http:\/\/www.jordaniancoastco.com\" target=\"_blank\" rel=\"noopener\">http:\/\/www.jordaniancoastco.com<\/a><\/p>\n<h2><span class=\"ez-toc-section\" id=\"4_Levant_Express\"><\/span><strong>4. Levant Express<\/strong><span class=\"ez-toc-section-end\"><\/span><\/h2>\n<p><img loading=\"lazy\" decoding=\"async\" class=\"alignnone size-full wp-image-8392\" src=\"https:\/\/moverdb.com\/wp-content\/uploads\/Levant-Express-international-moving-company.png\" alt=\"Levant Express mezin\u00e1rodn\u00ed st\u011bhov\u00e1n\u00ed spole\u010dnost\" width=\"1440\" height=\"683\" data-wp-pid=\"8392\" srcset=\"https:\/\/moverdb.com\/wp-content\/uploads\/Levant-Express-international-moving-company.png 1440w, https:\/\/moverdb.com\/wp-content\/uploads\/Levant-Express-international-moving-company-300x142.png 300w, https:\/\/moverdb.com\/wp-content\/uploads\/Levant-Express-international-moving-company-1024x486.png 1024w, https:\/\/moverdb.com\/wp-content\/uploads\/Levant-Express-international-moving-company-18x9.png 18w, https:\/\/moverdb.com\/wp-content\/uploads\/Levant-Express-international-moving-company-600x285.png 600w\" sizes=\"auto, (max-width: 1440px) 100vw, 1440px\" \/><\/p>\n<ul>\n<li>Vnitrost\u00e1tn\u00ed st\u011bhov\u00e1n\u00ed<\/li>\n<li>Mezin\u00e1rodn\u00ed st\u011bhov\u00e1n\u00ed<\/li>\n<li>St\u011bhov\u00e1n\u00ed dom\u00e1cnost\u00ed<\/li>\n<li>\u00davodn\u00ed pr\u016fzkum<\/li>\n<li>Balic\u00ed slu\u017eba<\/li>\n<li>Inventura<\/li>\n<li>Pozemn\u00ed, n\u00e1mo\u0159n\u00ed a leteck\u00e1 doprava<\/li>\n<li>Celn\u00ed odbaven\u00ed<\/li>\n<li>Poji\u0161t\u011bn\u00ed<\/li>\n<li>Skladovac\u00ed prostory<\/li>\n<\/ul>\n<p>Levant Express je poskytovatel komplexn\u00edch \u0159e\u0161en\u00ed pro dodavatelsk\u00fd \u0159et\u011bzec, kter\u00fd nab\u00edz\u00ed st\u011bhovac\u00ed slu\u017eby. Spole\u010dnost byla zalo\u017eena v roce 1930 a m\u00e1 pobo\u010dky v Jord\u00e1nsku a na Slovensku. <a href=\"https:\/\/moverdb.com\/cs\/moving-companies\/moving-companies-lebanon\/\" data-internallinksmanager029f6b8e52c=\"302\" title=\"7 nejlep\u0161\u00edch mezin\u00e1rodn\u00edch st\u011bhovac\u00edch spole\u010dnost\u00ed v Libanonu\">Libanon<\/a>. Jsou \u010dlenem IAM s 93letou tradic\u00ed, co\u017e jim umo\u017e\u0148uje p\u0159\u00edstup k mezin\u00e1rodn\u00ed s\u00edti st\u011bhovac\u00edch agent\u016f, kte\u0159\u00ed je podporuj\u00ed.<\/p>\n<p>Spole\u010dnost Levant Express nab\u00edz\u00ed p\u0159edst\u011bhovac\u00ed pr\u016fzkum, kter\u00fd umo\u017en\u00ed odhadnout objem st\u011bhov\u00e1n\u00ed a sestavit cenovou nab\u00eddku. Poskytuj\u00ed balic\u00ed slu\u017eby, kter\u00e9 chr\u00e1n\u00ed va\u0161e v\u011bci b\u011bhem p\u0159epravy pomoc\u00ed nejvhodn\u011bj\u0161\u00edch balic\u00edch materi\u00e1l\u016f v\u010detn\u011b karton\u016f a beden. V\u0161echny bal\u00edky jsou ozna\u010deny a je vypracov\u00e1n jejich soupis.<\/p>\n<p>Webov\u00e9 str\u00e1nky: <a href=\"http:\/\/www.levantexpress.net\" target=\"_blank\" rel=\"noopener\">http:\/\/www.levantexpress.net<\/a><\/p>\n<h2><span class=\"ez-toc-section\" id=\"5_Logistimania\"><\/span><strong>5. <\/strong><strong>Logistimania<\/strong><span class=\"ez-toc-section-end\"><\/span><\/h2>\n<p><img loading=\"lazy\" decoding=\"async\" class=\"alignnone size-full wp-image-8337\" src=\"https:\/\/moverdb.com\/wp-content\/uploads\/Logistimania-international-moving-company.png\" alt=\"Logistimania mezin\u00e1rodn\u00ed st\u011bhov\u00e1n\u00ed spole\u010dnost\" width=\"1440\" height=\"676\" data-wp-pid=\"8337\" srcset=\"https:\/\/moverdb.com\/wp-content\/uploads\/Logistimania-international-moving-company.png 1440w, https:\/\/moverdb.com\/wp-content\/uploads\/Logistimania-international-moving-company-300x141.png 300w, https:\/\/moverdb.com\/wp-content\/uploads\/Logistimania-international-moving-company-1024x481.png 1024w, https:\/\/moverdb.com\/wp-content\/uploads\/Logistimania-international-moving-company-18x8.png 18w, https:\/\/moverdb.com\/wp-content\/uploads\/Logistimania-international-moving-company-600x282.png 600w\" sizes=\"auto, (max-width: 1440px) 100vw, 1440px\" \/><\/p>\n<ul>\n<li>St\u011bhov\u00e1n\u00ed na n\u00e1rodn\u00ed \u00farovni<\/li>\n<li>Mezin\u00e1rodn\u00ed p\u0159esuny<\/li>\n<li>St\u011bhov\u00e1n\u00ed dom\u00e1cnost\u00ed<\/li>\n<li>Obchodn\u00ed n\u00e1klad<\/li>\n<li>Slu\u017eba od dve\u0159\u00ed ke dve\u0159\u00edm<\/li>\n<li>Profesion\u00e1ln\u00ed balic\u00ed slu\u017eby<\/li>\n<li>Vysoce kvalitn\u00ed obalov\u00e9 materi\u00e1ly<\/li>\n<li>Leteck\u00e1, n\u00e1mo\u0159n\u00ed a silni\u010dn\u00ed doprava<\/li>\n<li>Celn\u00ed odbaven\u00ed<\/li>\n<li>Skladovac\u00ed prostory<\/li>\n<\/ul>\n<p>Logistimania je mezin\u00e1rodn\u00ed st\u011bhovac\u00ed a spedi\u010dn\u00ed spole\u010dnost, kter\u00e1 vznikla ve Stockholmu, ale m\u00e1 pobo\u010dku tak\u00e9 v jord\u00e1nsk\u00e9m Amm\u00e1nu. Dlouhodob\u011b spolupracuje s p\u0159epravn\u00edmi spole\u010dnostmi, spedi\u010dn\u00edmi agenturami a dodavateli n\u00e1kladn\u00ed dopravy, aby mohla poskytovat sv\u00e9 slu\u017eby po cel\u00e9m sv\u011bt\u011b, a je tak\u00e9 \u010dlenem IAM.<\/p>\n<p>Logistimania nab\u00edz\u00ed st\u011bhov\u00e1n\u00ed a st\u011bhovac\u00ed slu\u017eby od dve\u0159\u00ed ke dve\u0159\u00edm. Poskytuje profesion\u00e1ln\u00ed balic\u00ed slu\u017eby, p\u0159i kter\u00fdch pou\u017e\u00edv\u00e1 vysoce kvalitn\u00ed balic\u00ed materi\u00e1ly, kter\u00e9 chr\u00e1n\u00ed va\u0161e v\u011bci b\u011bhem p\u0159epravy. Zajist\u00ed leteckou, n\u00e1mo\u0159n\u00ed i silni\u010dn\u00ed p\u0159epravu s p\u0159\u00edpadn\u00fdm celn\u00edm odbaven\u00edm. Po p\u0159\u00edjezdu v\u00e1m pomohou s vybalen\u00edm va\u0161ich v\u011bc\u00ed.<\/p>\n<p>Webov\u00e9 str\u00e1nky: <a href=\"http:\/\/www.logistimania.com\" target=\"_blank\" rel=\"noopener\">http:\/\/www.logistimania.com<\/a><\/p>\n<h2><span class=\"ez-toc-section\" id=\"6_Naouri_Group\"><\/span><strong>6. Naouri Group<\/strong><span class=\"ez-toc-section-end\"><\/span><\/h2>\n<p><img loading=\"lazy\" decoding=\"async\" class=\"alignnone size-full wp-image-8347\" src=\"https:\/\/moverdb.com\/wp-content\/uploads\/Naouri-Group-international-moving-company.png\" alt=\"Naouri Group mezin\u00e1rodn\u00ed st\u011bhov\u00e1n\u00ed spole\u010dnost\" width=\"1440\" height=\"680\" data-wp-pid=\"8347\" srcset=\"https:\/\/moverdb.com\/wp-content\/uploads\/Naouri-Group-international-moving-company.png 1440w, https:\/\/moverdb.com\/wp-content\/uploads\/Naouri-Group-international-moving-company-300x142.png 300w, https:\/\/moverdb.com\/wp-content\/uploads\/Naouri-Group-international-moving-company-1024x484.png 1024w, https:\/\/moverdb.com\/wp-content\/uploads\/Naouri-Group-international-moving-company-18x9.png 18w, https:\/\/moverdb.com\/wp-content\/uploads\/Naouri-Group-international-moving-company-600x283.png 600w\" sizes=\"auto, (max-width: 1440px) 100vw, 1440px\" \/><\/p>\n<ul>\n<li>St\u011bhov\u00e1n\u00ed na n\u00e1rodn\u00ed \u00farovni<\/li>\n<li>Mezin\u00e1rodn\u00ed p\u0159esuny<\/li>\n<li>Dod\u00e1vky spole\u010dnosti<\/li>\n<li>Jednotliv\u00e9 z\u00e1silky<\/li>\n<li>P\u0159ed\u00e1v\u00e1n\u00ed projekt\u016f<\/li>\n<li>Slu\u017eby na m\u00edru<\/li>\n<li>Silni\u010dn\u00ed, n\u00e1mo\u0159n\u00ed a leteck\u00e1 doprava<\/li>\n<li>Mo\u017enosti seskupen\u00ed<\/li>\n<li>Celn\u00ed odbaven\u00ed<\/li>\n<li>Kontejnerov\u00fd termin\u00e1l<\/li>\n<\/ul>\n<p>Naouri Group je spedi\u010dn\u00ed a logistick\u00e1 spole\u010dnost, kter\u00e1 byla zalo\u017eena v roce 1994 a s\u00eddl\u00ed v Amm\u00e1nu, kde p\u016fsob\u00ed tak\u00e9 v dal\u0161\u00edch zem\u00edch. <a href=\"https:\/\/moverdb.com\/cs\/moving-companies\/moving-companies-iraq\/\" data-internallinksmanager029f6b8e52c=\"314\" title=\"2 Nejlep\u0161\u00ed mezin\u00e1rodn\u00ed st\u011bhovac\u00ed spole\u010dnosti v Ir\u00e1ku\">Ir\u00e1k<\/a> a Palestina. Je \u010dlenem IAM s t\u0159in\u00e1ctiletou tradic\u00ed a je akreditov\u00e1na u FIDI. Tato sdru\u017een\u00ed jim umo\u017e\u0148uj\u00ed p\u0159\u00edstup k mezin\u00e1rodn\u00ed s\u00edti agent\u016f, kte\u0159\u00ed jim pom\u00e1haj\u00ed p\u0159i poskytov\u00e1n\u00ed slu\u017eeb v zahrani\u010d\u00ed.<\/p>\n<p>Naouri Group nab\u00edz\u00ed slu\u017eby \u0161it\u00e9 na m\u00edru va\u0161im po\u017eadavk\u016fm a prohla\u0161uje se za jednu z p\u0159edn\u00edch jord\u00e1nsk\u00fdch logistick\u00fdch skupin. Poskytuje \u0159adu p\u0159epravn\u00edch a spedi\u010dn\u00edch slu\u017eeb, kter\u00e9 zahrnuj\u00ed silni\u010dn\u00ed, leteckou a n\u00e1mo\u0159n\u00ed p\u0159epravu, jako\u017e i mo\u017enosti sb\u011brn\u00e9 p\u0159epravy m\u00e9n\u011b ne\u017e kontejnerov\u00fdch n\u00e1klad\u016f.<\/p>\n<p>Webov\u00e9 str\u00e1nky: <a href=\"http:\/\/www.naouri.com\" target=\"_blank\" rel=\"noopener\">http:\/\/www.naouri.com<\/a><\/p>","protected":false},"excerpt":{"rendered":"<p>Are you moving home or your business? Then the organisation and paperwork may be starting to daunt you, so you may want the assistance of a moving company. If you are looking to move within, to or from Jordan we have compiled the below list of removal companies that are members of the International Association [&hellip;]<\/p>\n","protected":false},"author":4,"featured_media":0,"parent":190,"menu_order":0,"comment_status":"closed","ping_status":"closed","template":"","meta":{"_genesis_hide_title":false,"_genesis_hide_breadcrumbs":false,"_genesis_hide_singular_image":false,"_genesis_hide_footer_widgets":false,"_genesis_custom_body_class":"","_genesis_custom_post_class":"","_genesis_layout":"","footnotes":""},"class_list":{"0":"post-8390","1":"page","2":"type-page","3":"status-publish","5":"entry","6":"has-post-thumbnail"},"_links":{"self":[{"href":"https:\/\/moverdb.com\/cs\/wp-json\/wp\/v2\/pages\/8390","targetHints":{"allow":["GET"]}}],"collection":[{"href":"https:\/\/moverdb.com\/cs\/wp-json\/wp\/v2\/pages"}],"about":[{"href":"https:\/\/moverdb.com\/cs\/wp-json\/wp\/v2\/types\/page"}],"author":[{"embeddable":true,"href":"https:\/\/moverdb.com\/cs\/wp-json\/wp\/v2\/users\/4"}],"replies":[{"embeddable":true,"href":"https:\/\/moverdb.com\/cs\/wp-json\/wp\/v2\/comments?post=8390"}],"version-history":[{"count":1,"href":"https:\/\/moverdb.com\/cs\/wp-json\/wp\/v2\/pages\/8390\/revisions"}],"predecessor-version":[{"id":8393,"href":"https:\/\/moverdb.com\/cs\/wp-json\/wp\/v2\/pages\/8390\/revisions\/8393"}],"up":[{"embeddable":true,"href":"https:\/\/moverdb.com\/cs\/wp-json\/wp\/v2\/pages\/190"}],"wp:attachment":[{"href":"https:\/\/moverdb.com\/cs\/wp-json\/wp\/v2\/media?parent=8390"}],"curies":[{"name":"wp","href":"https:\/\/api.w.org\/{rel}","templated":true}]}}