{"id":7781,"date":"2023-04-27T14:57:02","date_gmt":"2023-04-27T14:57:02","guid":{"rendered":"https:\/\/moverdb.com\/?page_id=7781"},"modified":"2026-01-08T15:23:46","modified_gmt":"2026-01-08T15:23:46","slug":"moving-companies-jamaica","status":"publish","type":"page","link":"https:\/\/moverdb.com\/cs\/moving-companies\/moving-companies-jamaica\/","title":{"rendered":"2 Nejlep\u0161\u00ed mezin\u00e1rodn\u00ed st\u011bhovac\u00ed spole\u010dnosti na Jamajce"},"content":{"rendered":"<p>St\u011bhov\u00e1n\u00ed domova nebo firmy m\u016f\u017ee b\u00fdt obt\u00ed\u017en\u00e9 a m\u016f\u017ee b\u00fdt pod velk\u00fdm tlakem, zejm\u00e9na pokud pl\u00e1nujete st\u011bhov\u00e1n\u00ed do zahrani\u010d\u00ed, a proto si najm\u011bte odborn\u00edka na st\u011bhov\u00e1n\u00ed. <a href=\"https:\/\/moverdb.com\/cs\/moving-companies\/\" data-internallinksmanager029f6b8e52c=\"79\" title=\"Top 25 Mezin\u00e1rodn\u00ed st\u011bhovac\u00ed spole\u010dnosti Online\">st\u011bhovac\u00ed spole\u010dnost<\/a> v\u00e1m m\u016f\u017ee skute\u010dn\u011b pomoci. N\u00ed\u017ee jsme pro v\u00e1s p\u0159ipravili seznam jamajsk\u00fdch <a href=\"https:\/\/moverdb.com\/cs\/international-removals\/\" data-internallinksmanager029f6b8e52c=\"27\" title=\"36 nejlep\u0161\u00edch mezin\u00e1rodn\u00edch st\u011bhovac\u00edch spole\u010dnost\u00ed ve Velk\u00e9 Brit\u00e1nii\">st\u011bhovac\u00ed firmy<\/a> kter\u00e9 jsou \u010dleny <a href=\"https:\/\/moverdb.com\/cs\/iam\/\" data-internallinksmanager029f6b8e52c=\"23\" title=\"Vysv\u011btlen\u00ed Mezin\u00e1rodn\u00ed asociace st\u011bhov\u00e1k\u016f (IAM)\">Mezin\u00e1rodn\u00ed asociace st\u011bhov\u00e1k\u016f<\/a> (IAM) a\/nebo <a href=\"https:\/\/moverdb.com\/cs\/fidi-faim\/\" data-internallinksmanager029f6b8e52c=\"16\" title=\"Vysv\u011btlen\u00ed FIDI a FAIM (FIDI Accredited International Mover)\">FIDI<\/a> Akreditovan\u00e9 mezin\u00e1rodn\u00ed st\u011bhov\u00e1n\u00ed (FAIM), kter\u00e9 by v\u00e1m mohlo pomoci se st\u011bhov\u00e1n\u00edm.<\/p>\n<h2><strong>1. Aero International Shipping<\/strong><\/h2>\n<p><img loading=\"lazy\" decoding=\"async\" class=\"alignnone size-full wp-image-7656\" src=\"https:\/\/moverdb.com\/wp-content\/uploads\/Aero-International-Shipping-moving-company.png\" alt=\"Aero International Shipping st\u011bhov\u00e1n\u00ed spole\u010dnost\" width=\"1440\" height=\"686\" data-wp-pid=\"7656\" srcset=\"https:\/\/moverdb.com\/wp-content\/uploads\/Aero-International-Shipping-moving-company.png 1440w, https:\/\/moverdb.com\/wp-content\/uploads\/Aero-International-Shipping-moving-company-300x143.png 300w, https:\/\/moverdb.com\/wp-content\/uploads\/Aero-International-Shipping-moving-company-1024x488.png 1024w, https:\/\/moverdb.com\/wp-content\/uploads\/Aero-International-Shipping-moving-company-18x9.png 18w, https:\/\/moverdb.com\/wp-content\/uploads\/Aero-International-Shipping-moving-company-600x286.png 600w\" sizes=\"auto, (max-width: 1440px) 100vw, 1440px\" \/><\/p>\n<ul>\n<li><a href=\"https:\/\/moverdb.com\/cs\/container-shipping\/\" data-internallinksmanager029f6b8e52c=\"3\" title=\"Graf sazeb mezin\u00e1rodn\u00ed kontejnerov\u00e9 dopravy: Duben 2026\">Mezin\u00e1rodn\u00ed p\u0159eprava<\/a><\/li>\n<li>P\u0159eprava pro dom\u00e1cnost<\/li>\n<li>Obchodn\u00ed p\u0159eprava<\/li>\n<li>Speci\u00e1ln\u00ed projekty<\/li>\n<li>Exportn\u00ed balen\u00ed<\/li>\n<li>Pozemn\u00ed, leteck\u00e1 a n\u00e1mo\u0159n\u00ed n\u00e1kladn\u00ed doprava<\/li>\n<li>Mo\u017enosti konsolidace<\/li>\n<li>Vlastn\u00ed odbaven\u00ed<\/li>\n<li>Pojistn\u00e9 kryt\u00ed<\/li>\n<li>Skladovac\u00ed prostory<\/li>\n<\/ul>\n<p>Aero International Shipping je mezin\u00e1rodn\u00ed p\u0159epravn\u00ed a logistick\u00e1 spole\u010dnost, kter\u00e1 se zab\u00fdv\u00e1 p\u0159epravou zbo\u017e\u00ed pro dom\u00e1cnost. Byla zalo\u017eena v roce 1974 a s\u00eddl\u00ed v Kingstonu. Spolupracuje s mezin\u00e1rodn\u00ed s\u00edt\u00ed agentur, kter\u00e9 poskytuj\u00ed slu\u017eby po cel\u00e9m sv\u011bt\u011b. Jsou \u010dlenem IAM s 49letou tradic\u00ed.<\/p>\n<p>Spole\u010dnost Aero International Shipping nab\u00edz\u00ed p\u0159epravn\u00ed slu\u017eby pro mal\u00e9 i velk\u00e9 lod\u011b. Poskytuje podporu p\u0159i exportn\u00edm balen\u00ed, aby zajistila, \u017ee va\u0161e v\u011bci budou bezpe\u010dn\u011b zabaleny pro p\u0159epravu. Zajist\u00ed pozemn\u00ed, leteckou a n\u00e1mo\u0159n\u00ed p\u0159epravu s pe\u010dliv\u011b vybran\u00fdmi trasami, celn\u00edm odbaven\u00edm a poji\u0161t\u011bn\u00edm. Poskytuj\u00ed mo\u017enosti konsolidace leteck\u00e9 a n\u00e1mo\u0159n\u00ed p\u0159epravy pro sn\u00ed\u017een\u00ed n\u00e1klad\u016f.<\/p>\n<p>Webov\u00e9 str\u00e1nky: <a href=\"http:\/\/www.aerointel.com\/\" target=\"_blank\" rel=\"noopener\">http:\/\/www.aerointel.com\/<\/a><\/p>\n<h2><strong>2. B.L. Williams<\/strong><\/h2>\n<p><img loading=\"lazy\" decoding=\"async\" class=\"alignnone size-full wp-image-7675\" src=\"https:\/\/moverdb.com\/wp-content\/uploads\/Bliss-Moving-international-moving-company.png\" alt=\"BL Williams mezin\u00e1rodn\u00ed st\u011bhov\u00e1n\u00ed spole\u010dnost\" width=\"1440\" height=\"684\" data-wp-pid=\"7675\" srcset=\"https:\/\/moverdb.com\/wp-content\/uploads\/Bliss-Moving-international-moving-company.png 1440w, https:\/\/moverdb.com\/wp-content\/uploads\/Bliss-Moving-international-moving-company-300x143.png 300w, https:\/\/moverdb.com\/wp-content\/uploads\/Bliss-Moving-international-moving-company-1024x486.png 1024w, https:\/\/moverdb.com\/wp-content\/uploads\/Bliss-Moving-international-moving-company-18x9.png 18w, https:\/\/moverdb.com\/wp-content\/uploads\/Bliss-Moving-international-moving-company-600x285.png 600w\" sizes=\"auto, (max-width: 1440px) 100vw, 1440px\" \/><\/p>\n<ul>\n<li>St\u011bhov\u00e1n\u00ed na n\u00e1rodn\u00ed \u00farovni<\/li>\n<li>Mezin\u00e1rodn\u00ed p\u0159esuny<\/li>\n<li>St\u011bhov\u00e1n\u00ed dom\u00e1cnost\u00ed<\/li>\n<li>Slu\u017eba od dve\u0159\u00ed ke dve\u0159\u00edm<\/li>\n<li>Balic\u00ed slu\u017eba<\/li>\n<li>N\u00e1mo\u0159n\u00ed a leteck\u00e1 p\u0159eprava<\/li>\n<li>V\u00fdvozn\u00ed a dovozn\u00ed slu\u017eby<\/li>\n<li>Slu\u017eby p\u016fvodu a ur\u010den\u00ed<\/li>\n<li>Poji\u0161t\u011bn\u00ed tranzitu<\/li>\n<li>Skladovac\u00ed prostory<\/li>\n<\/ul>\n<p>B.L. Williams je <a href=\"https:\/\/moverdb.com\/cs\/freight-forwarder\/\" data-internallinksmanager029f6b8e52c=\"17\" title=\"Mezin\u00e1rodn\u00ed spedice a NVOCC Pr\u016fvodce n\u00e1klady a spole\u010dnostmi\">spedice<\/a> a mezin\u00e1rodn\u00ed p\u0159epravce, kter\u00fd byl zalo\u017een v roce 1924 a s\u00eddl\u00ed v Kingstonu. Podporuje je s\u00ed\u0165 m\u00edstn\u00edch z\u00e1stupc\u016f, kte\u0159\u00ed jsou rozm\u00edst\u011bni po cel\u00e9m sv\u011bt\u011b. Je \u010dlenem IAM s 34letou tradic\u00ed.<\/p>\n<p>Spole\u010dnost B.L. Williams prov\u00e1d\u00ed \u00favodn\u00ed pr\u016fzkum, aby zjistila va\u0161e pot\u0159eby a poskytla cenovou nab\u00eddku. Po celou dobu st\u011bhov\u00e1n\u00ed v\u00e1m poskytuje podporu specializovan\u00fdch pracovn\u00edk\u016f, kte\u0159\u00ed v\u00e1m poskytnou slu\u017eby od dve\u0159\u00ed ke dve\u0159\u00edm. Poskytuj\u00ed balic\u00ed slu\u017eby, p\u0159i kter\u00fdch pou\u017e\u00edvaj\u00ed r\u016fzn\u00e9 materi\u00e1ly k ochran\u011b va\u0161ich v\u011bc\u00ed a jejich zabalen\u00ed do beden. Zajist\u00ed p\u0159epravu n\u00e1mo\u0159n\u00ed a leteckou dopravou, kter\u00e1 zahrnuje ve\u0161ker\u00e9 exportn\u00ed a importn\u00ed slu\u017eby.<\/p>\n<p>Webov\u00e9 str\u00e1nky: <a href=\"http:\/\/www.blwilliams.com\/\" target=\"_blank\" rel=\"noopener\">http:\/\/www.blwilliams.com\/<\/a><\/p>","protected":false},"excerpt":{"rendered":"<p>Moving your home or business can be difficult and add a lot of pressure especially if you are planning a move abroad, so employing a moving company can really assist you. Below we have compiled a list of Jamaican removal companies that are members of the International Association of Movers (IAM) and\/or FIDI Accredited International [&hellip;]<\/p>\n","protected":false},"author":4,"featured_media":0,"parent":190,"menu_order":0,"comment_status":"closed","ping_status":"closed","template":"","meta":{"_genesis_hide_title":false,"_genesis_hide_breadcrumbs":false,"_genesis_hide_singular_image":false,"_genesis_hide_footer_widgets":false,"_genesis_custom_body_class":"","_genesis_custom_post_class":"","_genesis_layout":"","footnotes":""},"class_list":{"0":"post-7781","1":"page","2":"type-page","3":"status-publish","5":"entry","6":"has-post-thumbnail"},"_links":{"self":[{"href":"https:\/\/moverdb.com\/cs\/wp-json\/wp\/v2\/pages\/7781","targetHints":{"allow":["GET"]}}],"collection":[{"href":"https:\/\/moverdb.com\/cs\/wp-json\/wp\/v2\/pages"}],"about":[{"href":"https:\/\/moverdb.com\/cs\/wp-json\/wp\/v2\/types\/page"}],"author":[{"embeddable":true,"href":"https:\/\/moverdb.com\/cs\/wp-json\/wp\/v2\/users\/4"}],"replies":[{"embeddable":true,"href":"https:\/\/moverdb.com\/cs\/wp-json\/wp\/v2\/comments?post=7781"}],"version-history":[{"count":1,"href":"https:\/\/moverdb.com\/cs\/wp-json\/wp\/v2\/pages\/7781\/revisions"}],"predecessor-version":[{"id":7782,"href":"https:\/\/moverdb.com\/cs\/wp-json\/wp\/v2\/pages\/7781\/revisions\/7782"}],"up":[{"embeddable":true,"href":"https:\/\/moverdb.com\/cs\/wp-json\/wp\/v2\/pages\/190"}],"wp:attachment":[{"href":"https:\/\/moverdb.com\/cs\/wp-json\/wp\/v2\/media?parent=7781"}],"curies":[{"name":"wp","href":"https:\/\/api.w.org\/{rel}","templated":true}]}}