{"id":7779,"date":"2023-04-27T14:57:32","date_gmt":"2023-04-27T14:57:32","guid":{"rendered":"https:\/\/moverdb.com\/?page_id=7779"},"modified":"2026-01-08T15:29:20","modified_gmt":"2026-01-08T15:29:20","slug":"moving-companies-israel","status":"publish","type":"page","link":"https:\/\/moverdb.com\/cs\/moving-companies\/moving-companies-israel\/","title":{"rendered":"6 Nejlep\u0161\u00ed mezin\u00e1rodn\u00ed st\u011bhovac\u00ed spole\u010dnosti v Izraeli"},"content":{"rendered":"<p>St\u011bhov\u00e1n\u00ed domova nebo firmy m\u016f\u017ee b\u00fdt stresuj\u00edc\u00ed, a proto je vhodn\u00e9 vyu\u017e\u00edt slu\u017eeb <a href=\"https:\/\/moverdb.com\/cs\/moving-companies\/\" data-internallinksmanager029f6b8e52c=\"79\" title=\"Top 25 Mezin\u00e1rodn\u00ed st\u011bhovac\u00ed spole\u010dnosti Online\">st\u011bhovac\u00ed spole\u010dnost<\/a> by mohla sn\u00ed\u017eit pracovn\u00ed z\u00e1t\u011b\u017e a usnadnit st\u011bhov\u00e1n\u00ed. N\u00ed\u017ee jsme proto sestavili seznam <a href=\"https:\/\/moverdb.com\/cs\/moving-to-israel\/\" data-internallinksmanager029f6b8e52c=\"333\" title=\"St\u011bhov\u00e1n\u00ed do Izraele? 2026 N\u00e1klady na bydlen\u00ed a tipy na p\u0159est\u011bhov\u00e1n\u00ed\">Izrael<\/a> na adrese <a href=\"https:\/\/moverdb.com\/cs\/international-removals\/\" data-internallinksmanager029f6b8e52c=\"27\" title=\"36 nejlep\u0161\u00edch mezin\u00e1rodn\u00edch st\u011bhovac\u00edch spole\u010dnost\u00ed ve Velk\u00e9 Brit\u00e1nii\">st\u011bhovac\u00ed firmy<\/a> kter\u00e9 jsou \u010dleny <a href=\"https:\/\/moverdb.com\/cs\/iam\/\" data-internallinksmanager029f6b8e52c=\"23\" title=\"Vysv\u011btlen\u00ed Mezin\u00e1rodn\u00ed asociace st\u011bhov\u00e1k\u016f (IAM)\">Mezin\u00e1rodn\u00ed asociace st\u011bhov\u00e1k\u016f<\/a> (IAM) a\/nebo <a href=\"https:\/\/moverdb.com\/cs\/fidi-faim\/\" data-internallinksmanager029f6b8e52c=\"16\" title=\"Vysv\u011btlen\u00ed FIDI a FAIM (FIDI Accredited International Mover)\">FIDI<\/a> Akreditovan\u00e9 mezin\u00e1rodn\u00ed st\u011bhov\u00e1n\u00ed (FAIM), kter\u00e9 v\u00e1m m\u016f\u017ee pomoci se st\u011bhov\u00e1n\u00edm do Izraele, z Izraele nebo v r\u00e1mci Izraele.<\/p>\n<div id=\"ez-toc-container\" class=\"ez-toc-v2_0_82_2 ez-toc-wrap-left counter-hierarchy ez-toc-counter ez-toc-transparent ez-toc-container-direction\">\n<div class=\"ez-toc-title-container\">\n<p class=\"ez-toc-title\" style=\"cursor:inherit\">Sekce<\/p>\n<span class=\"ez-toc-title-toggle\"><a href=\"#\" class=\"ez-toc-pull-right ez-toc-btn ez-toc-btn-xs ez-toc-btn-default ez-toc-toggle\" aria-label=\"P\u0159epnut\u00ed tabulky obsahu\"><span class=\"ez-toc-js-icon-con\"><span class=\"\"><span class=\"eztoc-hide\" style=\"display:none;\">P\u0159ep\u00edna\u010d<\/span><span class=\"ez-toc-icon-toggle-span\"><svg style=\"fill: #999;color:#999\" xmlns=\"http:\/\/www.w3.org\/2000\/svg\" class=\"list-377408\" width=\"20px\" height=\"20px\" viewbox=\"0 0 24 24\" fill=\"none\"><path d=\"M6 6H4v2h2V6zm14 0H8v2h12V6zM4 11h2v2H4v-2zm16 0H8v2h12v-2zM4 16h2v2H4v-2zm16 0H8v2h12v-2z\" fill=\"currentColor\"><\/path><\/svg><svg style=\"fill: #999;color:#999\" class=\"arrow-unsorted-368013\" xmlns=\"http:\/\/www.w3.org\/2000\/svg\" width=\"10px\" height=\"10px\" viewbox=\"0 0 24 24\" version=\"1.2\" baseprofile=\"tiny\"><path d=\"M18.2 9.3l-6.2-6.3-6.2 6.3c-.2.2-.3.4-.3.7s.1.5.3.7c.2.2.4.3.7.3h11c.3 0 .5-.1.7-.3.2-.2.3-.5.3-.7s-.1-.5-.3-.7zM5.8 14.7l6.2 6.3 6.2-6.3c.2-.2.3-.5.3-.7s-.1-.5-.3-.7c-.2-.2-.4-.3-.7-.3h-11c-.3 0-.5.1-.7.3-.2.2-.3.5-.3.7s.1.5.3.7z\"\/><\/svg><\/span><\/span><\/span><\/a><\/span><\/div>\n<nav><ul class='ez-toc-list ez-toc-list-level-1 eztoc-toggle-hide-by-default' ><li class='ez-toc-page-1 ez-toc-heading-level-2'><a class=\"ez-toc-link ez-toc-heading-1\" href=\"https:\/\/moverdb.com\/cs\/moving-companies\/moving-companies-israel\/#1_Globus_Relocation\" >1. P\u0159em\u00edst\u011bn\u00ed spole\u010dnosti Globus<\/a><\/li><li class='ez-toc-page-1 ez-toc-heading-level-2'><a class=\"ez-toc-link ez-toc-heading-2\" href=\"https:\/\/moverdb.com\/cs\/moving-companies\/moving-companies-israel\/#2_Infinity_Pack_Ship\" >2. Balen\u00ed a odes\u00edl\u00e1n\u00ed Infinity<\/a><\/li><li class='ez-toc-page-1 ez-toc-heading-level-2'><a class=\"ez-toc-link ez-toc-heading-3\" href=\"https:\/\/moverdb.com\/cs\/moving-companies\/moving-companies-israel\/#3_Ocean\" >3. Ocean<\/a><\/li><li class='ez-toc-page-1 ez-toc-heading-level-2'><a class=\"ez-toc-link ez-toc-heading-4\" href=\"https:\/\/moverdb.com\/cs\/moving-companies\/moving-companies-israel\/#4_Sonigo\" >4. Sonigo<\/a><\/li><li class='ez-toc-page-1 ez-toc-heading-level-2'><a class=\"ez-toc-link ez-toc-heading-5\" href=\"https:\/\/moverdb.com\/cs\/moving-companies\/moving-companies-israel\/#5_A_Univers_Transit\" >5. A. Univers Transit<\/a><\/li><li class='ez-toc-page-1 ez-toc-heading-level-2'><a class=\"ez-toc-link ez-toc-heading-6\" href=\"https:\/\/moverdb.com\/cs\/moving-companies\/moving-companies-israel\/#6_Teamnet\" >6. Teamnet<\/a><\/li><li class='ez-toc-page-1 ez-toc-heading-level-2'><a class=\"ez-toc-link ez-toc-heading-7\" href=\"https:\/\/moverdb.com\/cs\/moving-companies\/moving-companies-israel\/#Other_Useful_Guides_to_Israel\" >Dal\u0161\u00ed u\u017eite\u010dn\u00ed pr\u016fvodci po Izraeli<\/a><\/li><\/ul><\/nav><\/div>\n<h2><span class=\"ez-toc-section\" id=\"1_Globus_Relocation\"><\/span><strong>1. P\u0159em\u00edst\u011bn\u00ed spole\u010dnosti Globus<\/strong><span class=\"ez-toc-section-end\"><\/span><\/h2>\n<p><img loading=\"lazy\" decoding=\"async\" class=\"alignnone size-full wp-image-7699\" src=\"https:\/\/moverdb.com\/wp-content\/uploads\/Globus-Relocation-international-moving-company.png\" alt=\"Globus Relocation mezin\u00e1rodn\u00ed st\u011bhov\u00e1n\u00ed spole\u010dnost\" width=\"1440\" height=\"681\" data-wp-pid=\"7699\" srcset=\"https:\/\/moverdb.com\/wp-content\/uploads\/Globus-Relocation-international-moving-company.png 1440w, https:\/\/moverdb.com\/wp-content\/uploads\/Globus-Relocation-international-moving-company-300x142.png 300w, https:\/\/moverdb.com\/wp-content\/uploads\/Globus-Relocation-international-moving-company-1024x484.png 1024w, https:\/\/moverdb.com\/wp-content\/uploads\/Globus-Relocation-international-moving-company-18x9.png 18w, https:\/\/moverdb.com\/wp-content\/uploads\/Globus-Relocation-international-moving-company-600x284.png 600w\" sizes=\"auto, (max-width: 1440px) 100vw, 1440px\" \/><\/p>\n<ul>\n<li>Mezin\u00e1rodn\u00ed p\u0159esuny<\/li>\n<li>Osobn\u00ed p\u0159esuny<\/li>\n<li>Komer\u010dn\u00ed p\u0159esuny<\/li>\n<li>St\u011bhovac\u00ed slu\u017eby<\/li>\n<li>Slu\u017eba od dve\u0159\u00ed ke dve\u0159\u00edm<\/li>\n<li>Pomoc p\u0159i balen\u00ed<\/li>\n<li>Pokro\u010dil\u00e9 a zak\u00e1zkov\u00e9 balic\u00ed materi\u00e1ly<\/li>\n<li>Pozemn\u00ed, n\u00e1mo\u0159n\u00ed a leteck\u00e1 doprava<\/li>\n<li>Poji\u0161t\u011bn\u00ed<\/li>\n<li>Zabezpe\u010den\u00e9 skladov\u00e1n\u00ed<\/li>\n<\/ul>\n<p>Globus Relocation je mezin\u00e1rodn\u00ed balic\u00ed a p\u0159epravn\u00ed spole\u010dnost. <a href=\"https:\/\/moverdb.com\/cs\/shipping-companies\/\" data-internallinksmanager029f6b8e52c=\"4\" title=\"10 nejlep\u0161\u00edch mezin\u00e1rodn\u00edch kontejnerov\u00fdch p\u0159epravn\u00edch spole\u010dnost\u00ed\">p\u0159epravn\u00ed spole\u010dnost<\/a> kter\u00e1 byla zalo\u017eena v roce 2014 a s\u00eddl\u00ed v A\u0161dodu. Je \u010dlenem IAM a m\u00e1 akreditaci FIDI. Tato \u010dlenstv\u00ed nebo akreditace jim umo\u017e\u0148uj\u00ed p\u0159\u00edstup k mezin\u00e1rodn\u00ed s\u00edti agent\u016f.<\/p>\n<p>Spole\u010dnost Globus Relocation v\u00e1m po celou dobu st\u011bhov\u00e1n\u00ed poskytuje podporu jednoho ze sv\u00fdch specialist\u016f. Poskytuj\u00ed slu\u017eby od dve\u0159\u00ed ke dve\u0159\u00edm a nab\u00edzej\u00ed modern\u00ed balic\u00ed materi\u00e1ly a \u0159e\u0161en\u00ed balen\u00ed na m\u00edru pro v\u0161echny p\u0159edm\u011bty. Zajist\u00ed p\u0159epravu va\u0161ich v\u011bc\u00ed po zemi, po mo\u0159i nebo letecky. Poskytuj\u00ed dal\u0161\u00ed st\u011bhovac\u00ed slu\u017eby, kter\u00e9 zahrnuj\u00ed pracovn\u00ed v\u00edza, vyhled\u00e1v\u00e1n\u00ed bydli\u0161t\u011b a \u0161koly, pron\u00e1jem n\u00e1bytku, p\u0159\u00edjezdov\u00e9 slu\u017eby a \u00faklid.<\/p>\n<p>Webov\u00e9 str\u00e1nky: <a href=\"http:\/\/www.globus-relocation.com\" target=\"_blank\" rel=\"noopener\">http:\/\/www.globus-relocation.com<\/a><\/p>\n<h2><span class=\"ez-toc-section\" id=\"2_Infinity_Pack_Ship\"><\/span><strong>2. Balen\u00ed a odes\u00edl\u00e1n\u00ed Infinity<\/strong><span class=\"ez-toc-section-end\"><\/span><\/h2>\n<p><img loading=\"lazy\" decoding=\"async\" class=\"alignnone size-full wp-image-7707\" src=\"https:\/\/moverdb.com\/wp-content\/uploads\/Infinity-Pack-Ship-international-moving-company.png\" alt=\"Infinity Pack &amp; Ship mezin\u00e1rodn\u00ed st\u011bhov\u00e1n\u00ed spole\u010dnost\" width=\"1440\" height=\"680\" data-wp-pid=\"7707\" srcset=\"https:\/\/moverdb.com\/wp-content\/uploads\/Infinity-Pack-Ship-international-moving-company.png 1440w, https:\/\/moverdb.com\/wp-content\/uploads\/Infinity-Pack-Ship-international-moving-company-300x142.png 300w, https:\/\/moverdb.com\/wp-content\/uploads\/Infinity-Pack-Ship-international-moving-company-1024x484.png 1024w, https:\/\/moverdb.com\/wp-content\/uploads\/Infinity-Pack-Ship-international-moving-company-18x9.png 18w, https:\/\/moverdb.com\/wp-content\/uploads\/Infinity-Pack-Ship-international-moving-company-600x283.png 600w\" sizes=\"auto, (max-width: 1440px) 100vw, 1440px\" \/><\/p>\n<ul>\n<li>St\u011bhov\u00e1n\u00ed na n\u00e1rodn\u00ed \u00farovni<\/li>\n<li>Mezin\u00e1rodn\u00ed p\u0159esuny<\/li>\n<li>St\u011bhov\u00e1n\u00ed do obytn\u00fdch prostor<\/li>\n<li>Obchodn\u00ed z\u00e1silky<\/li>\n<li>Door-to-door nebo door-to-<a href=\"https:\/\/moverdb.com\/cs\/top-49-container-ports\/\" data-internallinksmanager029f6b8e52c=\"80\" title=\"49 nejv\u011bt\u0161\u00edch a nejru\u0161n\u011bj\u0161\u00edch kontejnerov\u00fdch p\u0159\u00edstav\u016f v roce 2025\">p\u0159\u00edstav<\/a> slu\u017eba<\/li>\n<li>Pomoc p\u0159i balen\u00ed<\/li>\n<li>Silni\u010dn\u00ed, n\u00e1mo\u0159n\u00ed a leteck\u00e1 doprava<\/li>\n<li>Celn\u00ed odbaven\u00ed<\/li>\n<li>Poji\u0161t\u011bn\u00ed<\/li>\n<li>Kr\u00e1tkodob\u00e9 a\u017e dlouhodob\u00e9 skladov\u00e1n\u00ed<\/li>\n<\/ul>\n<p>Infinity Pack &amp; Ship je spole\u010dnost zab\u00fdvaj\u00edc\u00ed se st\u011bhov\u00e1n\u00edm a logistikou, kter\u00e1 byla zalo\u017eena v roce 2005 v Jeruzal\u00e9m\u011b. P\u0159i poskytov\u00e1n\u00ed sv\u00fdch slu\u017eeb spolupracuje s mezin\u00e1rodn\u00ed s\u00edt\u00ed st\u011bhovac\u00edch a logistick\u00fdch spole\u010dnost\u00ed. Je \u010dlenem IAM s 16letou tradic\u00ed.<\/p>\n<p>Spole\u010dnost Infinity Pack &amp; Ship nab\u00edz\u00ed bezplatnou prohl\u00eddku v m\u00edst\u011b bydli\u0161t\u011b a vy\u0159\u00edd\u00ed ve\u0161ker\u00e9 pap\u00edrov\u00e1n\u00ed spojen\u00e9 se st\u011bhov\u00e1n\u00edm v\u010detn\u011b celn\u00edho odbaven\u00ed. Poskytuje profesion\u00e1ln\u00ed balic\u00ed t\u00fdm, kter\u00fd bezpe\u010dn\u011b zabal\u00ed va\u0161e v\u011bci. Nab\u00edzej\u00ed r\u016fzn\u00e9 mo\u017enosti p\u0159epravy v\u010detn\u011b silni\u010dn\u00ed dopravy, jako jsou uzav\u0159en\u00e9 airbagy, p\u0159\u00edv\u011bsy a chladic\u00ed za\u0159\u00edzen\u00ed, leteck\u00e9 p\u0159epravy a n\u00e1mo\u0159n\u00ed p\u0159epravy, jako jsou pln\u00e9 nebo men\u0161\u00ed ne\u017e kontejnerov\u00e9 n\u00e1klady.<\/p>\n<p>Webov\u00e9 str\u00e1nky: <a href=\"http:\/\/infinitypack.co.il\" target=\"_blank\" rel=\"noopener\">http:\/\/infinitypack.co.il<\/a><\/p>\n<h2><span class=\"ez-toc-section\" id=\"3_Ocean\"><\/span><strong>3. <\/strong><strong>Ocean<\/strong><span class=\"ez-toc-section-end\"><\/span><\/h2>\n<p><img loading=\"lazy\" decoding=\"async\" class=\"alignnone size-full wp-image-7731\" src=\"https:\/\/moverdb.com\/wp-content\/uploads\/Ocean-international-moving-company.png\" alt=\"Ocean mezin\u00e1rodn\u00ed st\u011bhov\u00e1n\u00ed spole\u010dnost\" width=\"1440\" height=\"682\" data-wp-pid=\"7731\" srcset=\"https:\/\/moverdb.com\/wp-content\/uploads\/Ocean-international-moving-company.png 1440w, https:\/\/moverdb.com\/wp-content\/uploads\/Ocean-international-moving-company-300x142.png 300w, https:\/\/moverdb.com\/wp-content\/uploads\/Ocean-international-moving-company-1024x485.png 1024w, https:\/\/moverdb.com\/wp-content\/uploads\/Ocean-international-moving-company-18x9.png 18w, https:\/\/moverdb.com\/wp-content\/uploads\/Ocean-international-moving-company-600x284.png 600w\" sizes=\"auto, (max-width: 1440px) 100vw, 1440px\" \/><\/p>\n<ul>\n<li>Mezin\u00e1rodn\u00ed p\u0159esuny<\/li>\n<li>St\u011bhov\u00e1n\u00ed dom\u00e1cnost\u00ed<\/li>\n<li>St\u011bhovac\u00ed slu\u017eby<\/li>\n<li>Z\u00e1kaznick\u00fd mana\u017eer, kter\u00fd v\u00e1s podpo\u0159\u00ed<\/li>\n<li>Balic\u00ed slu\u017eba<\/li>\n<li>Silni\u010dn\u00ed, n\u00e1mo\u0159n\u00ed a leteck\u00e1 doprava<\/li>\n<li>Celn\u00ed odbaven\u00ed<\/li>\n<li>Sledov\u00e1n\u00ed z\u00e1silky<\/li>\n<li>Akreditace FIDI<\/li>\n<li>Glob\u00e1ln\u00ed skladovac\u00ed slu\u017eby<\/li>\n<\/ul>\n<p>Ocean je st\u011bhovac\u00ed a reloka\u010dn\u00ed spole\u010dnost se s\u00eddlem v kibucu Yakum. Spolupracuje s mezin\u00e1rodn\u00edmi partnery a poskytuje st\u011bhovac\u00ed a reloka\u010dn\u00ed slu\u017eby v mezin\u00e1rodn\u00edm m\u011b\u0159\u00edtku. Jsou \u010dlenem IAM se 79 lety p\u016fsoben\u00ed a jsou akreditov\u00e1ni FIDI.<\/p>\n<p>Spole\u010dnost Ocean v\u00e1m poskytne mana\u017eera st\u011bhov\u00e1n\u00ed, kter\u00fd v\u00e1s bude podporovat po celou dobu st\u011bhov\u00e1n\u00ed a vytvo\u0159\u00ed pl\u00e1n p\u0159epravy. Poskytne v\u00e1m odhadce, kter\u00fd posoud\u00ed va\u0161e pot\u0159eby a sestav\u00ed pl\u00e1n, co je t\u0159eba p\u0159epravit letecky, po mo\u0159i nebo v zavazadlech. Jejich st\u011bhovac\u00ed slu\u017eby zahrnuj\u00ed vyhled\u00e1n\u00ed domova a \u0161kol, aklimatiza\u010dn\u00ed slu\u017eby, do\u010dasn\u00e9 bydlen\u00ed, pron\u00e1jem n\u00e1bytku, pracovn\u00ed v\u00edza, jazykov\u00e9 vzd\u011bl\u00e1v\u00e1n\u00ed a \u0159e\u0161en\u00ed skladov\u00e1n\u00ed.<\/p>\n<p>Webov\u00e9 str\u00e1nky: <a href=\"http:\/\/www.ocean-il.co.il\" target=\"_blank\" rel=\"noopener\">http:\/\/www.ocean-il.co.il<\/a><\/p>\n<h2><span class=\"ez-toc-section\" id=\"4_Sonigo\"><\/span><strong>4. Sonigo<\/strong><span class=\"ez-toc-section-end\"><\/span><\/h2>\n<p><img loading=\"lazy\" decoding=\"async\" class=\"alignnone size-full wp-image-7750\" src=\"https:\/\/moverdb.com\/wp-content\/uploads\/Sonigo-international-moving-company.png\" alt=\"Sonigo mezin\u00e1rodn\u00ed st\u011bhov\u00e1n\u00ed spole\u010dnost\" width=\"1440\" height=\"679\" data-wp-pid=\"7750\" srcset=\"https:\/\/moverdb.com\/wp-content\/uploads\/Sonigo-international-moving-company.png 1440w, https:\/\/moverdb.com\/wp-content\/uploads\/Sonigo-international-moving-company-300x141.png 300w, https:\/\/moverdb.com\/wp-content\/uploads\/Sonigo-international-moving-company-1024x483.png 1024w, https:\/\/moverdb.com\/wp-content\/uploads\/Sonigo-international-moving-company-18x8.png 18w, https:\/\/moverdb.com\/wp-content\/uploads\/Sonigo-international-moving-company-600x283.png 600w\" sizes=\"auto, (max-width: 1440px) 100vw, 1440px\" \/><\/p>\n<ul>\n<li>M\u00edstn\u00ed a vnitrost\u00e1tn\u00ed p\u0159esuny<\/li>\n<li>Mezin\u00e1rodn\u00ed st\u011bhov\u00e1n\u00ed a st\u011bhov\u00e1n\u00ed<\/li>\n<li>St\u011bhov\u00e1n\u00ed dom\u00e1cnost\u00ed<\/li>\n<li>Komer\u010dn\u00ed p\u0159esuny<\/li>\n<li>Slu\u017eba od dve\u0159\u00ed ke dve\u0159\u00edm<\/li>\n<li>Balic\u00ed slu\u017eba<\/li>\n<li>Celn\u00ed odbaven\u00ed<\/li>\n<li>Manipulace s v\u00fdtvarn\u00fdm um\u011bn\u00edm<\/li>\n<li>Poji\u0161t\u011bn\u00ed<\/li>\n<li>Kr\u00e1tkodob\u00e9 a dlouhodob\u00e9 skladov\u00e1n\u00ed<\/li>\n<\/ul>\n<p>Sonigo je <a href=\"https:\/\/moverdb.com\/cs\/container-shipping\/\" data-internallinksmanager029f6b8e52c=\"3\" title=\"Graf sazeb mezin\u00e1rodn\u00ed kontejnerov\u00e9 dopravy: Duben 2026\">mezin\u00e1rodn\u00ed p\u0159eprava<\/a> spole\u010dnost se s\u00eddlem v Gan Yavne, kter\u00e1 p\u016fsob\u00ed od roku 1986 a nab\u00edz\u00ed balic\u00ed a p\u0159epravn\u00ed slu\u017eby pro dom\u00e1cnosti i firmy. Pro svou podporu m\u00e1 celosv\u011btovou s\u00ed\u0165 vybran\u00fdch mezin\u00e1rodn\u00edch p\u0159epravn\u00edch agent\u016f. Jsou \u010dlenem IAM s 36letou prax\u00ed a jsou akreditov\u00e1ni FIDI.<\/p>\n<p>Spole\u010dnost Sonigo nab\u00edz\u00ed st\u011bhov\u00e1n\u00ed a st\u011bhovac\u00ed slu\u017eby \"od dve\u0159\u00ed ke dve\u0159\u00edm\", kter\u00e9 za\u010d\u00ednaj\u00ed prohl\u00eddkou v m\u00edst\u011b bydli\u0161t\u011b, p\u0159i n\u00ed\u017e se posoud\u00ed po\u017eadavky a vypracuje cenov\u00e1 nab\u00eddka. Nab\u00edz\u00ed profesion\u00e1ln\u00ed balic\u00ed slu\u017eby, kompletaci dokumentace a zaji\u0161t\u011bn\u00ed p\u0159epravy. Jejich st\u011bhovac\u00ed slu\u017eby zahrnuj\u00ed v\u00edza, da\u0148ov\u00e9 poradenstv\u00ed, vyhled\u00e1n\u00ed bydli\u0161t\u011b a \u0161koly, pron\u00e1jem n\u00e1bytku, slu\u017eby p\u0159i p\u0159\u00edjezdu, orienta\u010dn\u00ed slu\u017eby a pomoc s komun\u00e1ln\u00edmi slu\u017ebami.<\/p>\n<p>Webov\u00e9 str\u00e1nky: <a href=\"http:\/\/www.sonigo.com\" target=\"_blank\" rel=\"noopener\">http:\/\/www.sonigo.com<\/a><\/p>\n<h2><span class=\"ez-toc-section\" id=\"5_A_Univers_Transit\"><\/span><strong>5. A. Univers Transit<\/strong><span class=\"ez-toc-section-end\"><\/span><\/h2>\n<p><img loading=\"lazy\" decoding=\"async\" class=\"alignnone size-full wp-image-7654\" src=\"https:\/\/moverdb.com\/wp-content\/uploads\/A-Univers-Transit-international-moving-company.png\" alt=\"Univers Transit mezin\u00e1rodn\u00ed st\u011bhov\u00e1n\u00ed spole\u010dnost\" width=\"1440\" height=\"691\" data-wp-pid=\"7654\" srcset=\"https:\/\/moverdb.com\/wp-content\/uploads\/A-Univers-Transit-international-moving-company.png 1440w, https:\/\/moverdb.com\/wp-content\/uploads\/A-Univers-Transit-international-moving-company-300x144.png 300w, https:\/\/moverdb.com\/wp-content\/uploads\/A-Univers-Transit-international-moving-company-1024x491.png 1024w, https:\/\/moverdb.com\/wp-content\/uploads\/A-Univers-Transit-international-moving-company-18x9.png 18w, https:\/\/moverdb.com\/wp-content\/uploads\/A-Univers-Transit-international-moving-company-600x288.png 600w\" sizes=\"auto, (max-width: 1440px) 100vw, 1440px\" \/><\/p>\n<ul>\n<li>Mezin\u00e1rodn\u00ed p\u0159esuny<\/li>\n<li>St\u011bhov\u00e1n\u00ed dom\u00e1cnost\u00ed<\/li>\n<li>Komer\u010dn\u00ed p\u0159esuny<\/li>\n<li>St\u011bhovac\u00ed slu\u017eby<\/li>\n<li>Slu\u017eba od dve\u0159\u00ed ke dve\u0159\u00edm<\/li>\n<li>Profesion\u00e1ln\u00ed balen\u00ed<\/li>\n<li>Leteck\u00e1 a n\u00e1mo\u0159n\u00ed doprava<\/li>\n<li>Vypl\u0148ov\u00e1n\u00ed dokument\u016f<\/li>\n<li>Vyhled\u00e1v\u00e1n\u00ed v domovech a \u0161kol\u00e1ch<\/li>\n<li>Zabezpe\u010den\u00e9 skladov\u00e1n\u00ed<\/li>\n<\/ul>\n<p>Univers Transit je p\u0159epravn\u00ed, p\u0159epravn\u00ed a st\u011bhovac\u00ed spole\u010dnost, kter\u00e1 nab\u00edz\u00ed tak\u00e9 balic\u00ed a skladovac\u00ed \u0159e\u0161en\u00ed a byla zalo\u017eena koncem 80. let 20. stolet\u00ed. M\u00e1 pobo\u010dky v Tel Avivu, A\u0161dodu a Haif\u011b. Je \u010dlenem IAM s 28letou tradic\u00ed a je akreditov\u00e1na u FIDI.<\/p>\n<p>Spole\u010dnost Univers Transit nab\u00edz\u00ed st\u011bhov\u00e1n\u00ed a st\u011bhovac\u00ed slu\u017eby od dve\u0159\u00ed ke dve\u0159\u00edm, kter\u00e9 za\u010d\u00ednaj\u00ed konzulta\u010dn\u00ed sch\u016fzkou, na n\u00ed\u017e se posoud\u00ed va\u0161e pot\u0159eby a vytvo\u0159\u00ed pl\u00e1n st\u011bhov\u00e1n\u00ed. Poskytuje profesion\u00e1ln\u00ed balic\u00ed slu\u017eby a vhodn\u00e9 krabice pro va\u0161e v\u011bci. Nalo\u017e\u00ed kontejnery a krabice pro p\u0159epravu a odvezou je na leti\u0161t\u011b nebo do p\u0159\u00edstavu k doru\u010den\u00ed.<\/p>\n<p>Webov\u00e9 str\u00e1nky: <a href=\"http:\/\/www.univers-transit.co.il\" target=\"_blank\" rel=\"noopener\">http:\/\/www.univers-transit.co.il<\/a><\/p>\n<h2><span class=\"ez-toc-section\" id=\"6_Teamnet\"><\/span><strong>6. Teamnet<\/strong><span class=\"ez-toc-section-end\"><\/span><\/h2>\n<p><img loading=\"lazy\" decoding=\"async\" class=\"alignnone size-full wp-image-7752\" src=\"https:\/\/moverdb.com\/wp-content\/uploads\/Teamnet-international-moving-company.png\" alt=\"Teamnet mezin\u00e1rodn\u00ed st\u011bhov\u00e1n\u00ed spole\u010dnost\" width=\"1440\" height=\"685\" data-wp-pid=\"7752\" srcset=\"https:\/\/moverdb.com\/wp-content\/uploads\/Teamnet-international-moving-company.png 1440w, https:\/\/moverdb.com\/wp-content\/uploads\/Teamnet-international-moving-company-300x143.png 300w, https:\/\/moverdb.com\/wp-content\/uploads\/Teamnet-international-moving-company-1024x487.png 1024w, https:\/\/moverdb.com\/wp-content\/uploads\/Teamnet-international-moving-company-18x9.png 18w, https:\/\/moverdb.com\/wp-content\/uploads\/Teamnet-international-moving-company-600x285.png 600w\" sizes=\"auto, (max-width: 1440px) 100vw, 1440px\" \/><\/p>\n<ul>\n<li>Mezin\u00e1rodn\u00ed p\u0159esuny<\/li>\n<li>Osobn\u00ed p\u0159esuny<\/li>\n<li>Obchodn\u00ed z\u00e1silky<\/li>\n<li>St\u011bhovac\u00ed slu\u017eby<\/li>\n<li>Slu\u017eba od dve\u0159\u00ed ke dve\u0159\u00edm<\/li>\n<li>Balic\u00ed slu\u017eby<\/li>\n<li>Zaji\u0161t\u011bn\u00ed p\u0159epravy nebo leteck\u00e9 p\u0159epravy<\/li>\n<li>Celn\u00ed formality<\/li>\n<li>Poji\u0161t\u011bn\u00ed<\/li>\n<li>Skladovac\u00ed prostory<\/li>\n<\/ul>\n<p>Teamnet je st\u011bhovac\u00ed a reloka\u010dn\u00ed spole\u010dnost se s\u00eddlem v Haif\u011b. Nab\u00edz\u00ed \u0159adu slu\u017eeb soukrom\u00fdm osob\u00e1m a spole\u010dnostem, kter\u00e9 p\u0159epravuj\u00ed zbo\u017e\u00ed do Izraele nebo z Izraele. Spolupracuje se s\u00edt\u00ed mezin\u00e1rodn\u00edch agent\u016f, kte\u0159\u00ed poskytuj\u00ed slu\u017eby mimo Izrael, a je \u010dlenem IAM.<\/p>\n<p>Spole\u010dnost Teamnet nab\u00edz\u00ed st\u011bhov\u00e1n\u00ed a st\u011bhovac\u00ed slu\u017eby od dve\u0159\u00ed ke dve\u0159\u00edm pro odj\u00ed\u017ed\u011bj\u00edc\u00ed a p\u0159ij\u00ed\u017ed\u011bj\u00edc\u00ed z\u00e1kazn\u00edky do Izraele. Poskytuj\u00ed konzultace p\u0159\u00edmo v m\u00edst\u011b bydli\u0161t\u011b, aby zhodnotili va\u0161e st\u011bhovac\u00ed pot\u0159eby. Vytvo\u0159\u00ed podrobn\u00fd pl\u00e1n a zajist\u00ed balic\u00ed slu\u017eby s pou\u017eit\u00edm modern\u00edch balic\u00edch materi\u00e1l\u016f vhodn\u00fdch pro n\u00e1mo\u0159n\u00ed nebo leteckou p\u0159epravu. Vy\u0159\u00edd\u00ed \u00fa\u0159ady a celn\u00ed formality.<\/p>\n<p>Webov\u00e9 str\u00e1nky: <a href=\"http:\/\/www.en.team-net.co.il\" target=\"_blank\" rel=\"noopener\">http:\/\/www.en.team-net.co.il<\/a><\/p>\n<h2><span class=\"ez-toc-section\" id=\"Other_Useful_Guides_to_Israel\"><\/span>Dal\u0161\u00ed u\u017eite\u010dn\u00ed pr\u016fvodci po Izraeli<span class=\"ez-toc-section-end\"><\/span><\/h2>\n<ul>\n<li> <a href=\"https:\/\/moverdb.com\/cs\/kontejnerova-preprava\/israel\/\">2024 Sazby n\u00e1mo\u0159n\u00ed kontejnerov\u00e9 dopravy do Izraele a z Izraele<\/a><\/li>\n<li> <a href=\"https:\/\/moverdb.com\/cs\/moving-to-israel\/\">St\u011bhov\u00e1n\u00ed do Izraele? 2026 N\u00e1klady na bydlen\u00ed a tipy na p\u0159est\u011bhov\u00e1n\u00ed<\/a><\/li>\n<li> <a href=\"https:\/\/moverdb.com\/cs\/moving-to-israel\/best-places-to-live-israel\/\">13 nejlep\u0161\u00edch m\u00edst k \u017eivotu v Izraeli<\/a><\/li>\n<li> <a href=\"https:\/\/moverdb.com\/cs\/moving-to-israel\/living-in-israel\/\">21 tajemstv\u00ed o \u017eivot\u011b v Izraeli, kter\u00e1 je t\u0159eba zn\u00e1t p\u0159ed st\u011bhov\u00e1n\u00edm<\/a><\/li>\n<\/ul>","protected":false},"excerpt":{"rendered":"<p>Moving your home or business can be stressful so employing the services of a moving company could reduce the workload and ease the move. So below we have compiled a list of Israel based removal companies that are members of the International Association of Movers (IAM) and\/or FIDI Accredited International Mover (FAIM) who could assist [&hellip;]<\/p>\n","protected":false},"author":4,"featured_media":0,"parent":190,"menu_order":0,"comment_status":"closed","ping_status":"closed","template":"","meta":{"_genesis_hide_title":false,"_genesis_hide_breadcrumbs":false,"_genesis_hide_singular_image":false,"_genesis_hide_footer_widgets":false,"_genesis_custom_body_class":"","_genesis_custom_post_class":"","_genesis_layout":"","footnotes":""},"class_list":{"0":"post-7779","1":"page","2":"type-page","3":"status-publish","5":"entry","6":"has-post-thumbnail"},"_links":{"self":[{"href":"https:\/\/moverdb.com\/cs\/wp-json\/wp\/v2\/pages\/7779","targetHints":{"allow":["GET"]}}],"collection":[{"href":"https:\/\/moverdb.com\/cs\/wp-json\/wp\/v2\/pages"}],"about":[{"href":"https:\/\/moverdb.com\/cs\/wp-json\/wp\/v2\/types\/page"}],"author":[{"embeddable":true,"href":"https:\/\/moverdb.com\/cs\/wp-json\/wp\/v2\/users\/4"}],"replies":[{"embeddable":true,"href":"https:\/\/moverdb.com\/cs\/wp-json\/wp\/v2\/comments?post=7779"}],"version-history":[{"count":4,"href":"https:\/\/moverdb.com\/cs\/wp-json\/wp\/v2\/pages\/7779\/revisions"}],"predecessor-version":[{"id":17076,"href":"https:\/\/moverdb.com\/cs\/wp-json\/wp\/v2\/pages\/7779\/revisions\/17076"}],"up":[{"embeddable":true,"href":"https:\/\/moverdb.com\/cs\/wp-json\/wp\/v2\/pages\/190"}],"wp:attachment":[{"href":"https:\/\/moverdb.com\/cs\/wp-json\/wp\/v2\/media?parent=7779"}],"curies":[{"name":"wp","href":"https:\/\/api.w.org\/{rel}","templated":true}]}}