{"id":7764,"date":"2023-04-27T14:59:23","date_gmt":"2023-04-27T14:59:23","guid":{"rendered":"https:\/\/moverdb.com\/?page_id=7764"},"modified":"2026-01-08T15:23:45","modified_gmt":"2026-01-08T15:23:45","slug":"moving-companies-iraq","status":"publish","type":"page","link":"https:\/\/moverdb.com\/cs\/moving-companies\/moving-companies-iraq\/","title":{"rendered":"2 Nejlep\u0161\u00ed mezin\u00e1rodn\u00ed st\u011bhovac\u00ed spole\u010dnosti v Ir\u00e1ku"},"content":{"rendered":"<p>St\u011bhov\u00e1n\u00ed dom\u016f nebo firmy nen\u00ed nikdy jednoduch\u00e9, tak\u017ee v\u00e1m m\u016f\u017ee pomoci, zejm\u00e9na pokud se st\u011bhujete mezi zem\u011bmi. Pokud se st\u011bhujete v r\u00e1mci Ir\u00e1ku, do Ir\u00e1ku nebo z Ir\u00e1ku, sestavili jsme pro v\u00e1s seznam. <a href=\"https:\/\/moverdb.com\/cs\/international-removals\/\" data-internallinksmanager029f6b8e52c=\"27\" title=\"36 nejlep\u0161\u00edch mezin\u00e1rodn\u00edch st\u011bhovac\u00edch spole\u010dnost\u00ed ve Velk\u00e9 Brit\u00e1nii\">st\u011bhovac\u00ed firmy<\/a> kter\u00e9 jsou \u010dleny <a href=\"https:\/\/moverdb.com\/cs\/iam\/\" data-internallinksmanager029f6b8e52c=\"23\" title=\"Vysv\u011btlen\u00ed Mezin\u00e1rodn\u00ed asociace st\u011bhov\u00e1k\u016f (IAM)\">Mezin\u00e1rodn\u00ed asociace st\u011bhov\u00e1k\u016f<\/a> (IAM) a\/nebo <a href=\"https:\/\/moverdb.com\/cs\/fidi-faim\/\" data-internallinksmanager029f6b8e52c=\"16\" title=\"Vysv\u011btlen\u00ed FIDI a FAIM (FIDI Accredited International Mover)\">FIDI<\/a> Akreditovan\u00e9 mezin\u00e1rodn\u00ed st\u011bhov\u00e1n\u00ed (FAIM), kter\u00e9 by v\u00e1m mohlo pomoci se st\u011bhov\u00e1n\u00edm.<\/p>\n<h2><strong>1. Logistika BCC<\/strong><\/h2>\n<p><img loading=\"lazy\" decoding=\"async\" class=\"alignnone size-full wp-image-7673\" src=\"https:\/\/moverdb.com\/wp-content\/uploads\/BCC-Logistics-international-moving-company.png\" alt=\"BCC Logistics mezin\u00e1rodn\u00ed st\u011bhov\u00e1n\u00ed spole\u010dnost\" width=\"1440\" height=\"634\" data-wp-pid=\"7673\" srcset=\"https:\/\/moverdb.com\/wp-content\/uploads\/BCC-Logistics-international-moving-company.png 1440w, https:\/\/moverdb.com\/wp-content\/uploads\/BCC-Logistics-international-moving-company-300x132.png 300w, https:\/\/moverdb.com\/wp-content\/uploads\/BCC-Logistics-international-moving-company-1024x451.png 1024w, https:\/\/moverdb.com\/wp-content\/uploads\/BCC-Logistics-international-moving-company-18x8.png 18w, https:\/\/moverdb.com\/wp-content\/uploads\/BCC-Logistics-international-moving-company-600x264.png 600w\" sizes=\"auto, (max-width: 1440px) 100vw, 1440px\" \/><\/p>\n<ul>\n<li>St\u011bhov\u00e1n\u00ed na n\u00e1rodn\u00ed \u00farovni<\/li>\n<li>Mezin\u00e1rodn\u00ed p\u0159esuny<\/li>\n<li>St\u011bhov\u00e1n\u00ed dom\u00e1cnost\u00ed<\/li>\n<li>St\u011bhov\u00e1n\u00ed firem, diplomat\u016f a voj\u00e1k\u016f<\/li>\n<li>Door-to-door st\u011bhov\u00e1n\u00ed slu\u017eby<\/li>\n<li>Balic\u00ed slu\u017eba<\/li>\n<li>Silni\u010dn\u00ed, n\u00e1mo\u0159n\u00ed a leteck\u00e1 n\u00e1kladn\u00ed doprava<\/li>\n<li>Celn\u00ed odbaven\u00ed<\/li>\n<li>Manipulace s v\u00fdtvarn\u00fdm um\u011bn\u00edm<\/li>\n<li>Skladovac\u00ed prostory<\/li>\n<\/ul>\n<p>BCC Logistics je glob\u00e1ln\u00ed spedi\u010dn\u00ed spole\u010dnost, kter\u00e1 byla zalo\u017eena v roce 1993 v... <a href=\"https:\/\/moverdb.com\/cs\/moving-companies\/moving-companies-lebanon\/\" data-internallinksmanager029f6b8e52c=\"302\" title=\"7 nejlep\u0161\u00edch mezin\u00e1rodn\u00edch st\u011bhovac\u00edch spole\u010dnost\u00ed v Libanonu\">Libanon<\/a> s kancel\u00e1\u0159emi v <a href=\"https:\/\/moverdb.com\/cs\/moving-to-qatar\/\" data-internallinksmanager029f6b8e52c=\"334\" title=\"St\u011bhov\u00e1n\u00ed do Kataru? 2026 N\u00e1klady na bydlen\u00ed a tipy na st\u011bhov\u00e1n\u00ed\">Katar<\/a>, Ir\u00e1k a <a href=\"https:\/\/moverdb.com\/cs\/moving-to-saudi-arabia\/\" data-internallinksmanager029f6b8e52c=\"319\" title=\"St\u011bhov\u00e1n\u00ed do Sa\u00fadsk\u00e9 Ar\u00e1bie? 2026 N\u00e1klady na bydlen\u00ed a tipy na st\u011bhov\u00e1n\u00ed\">Sa\u00fadsk\u00e1 Ar\u00e1bie<\/a>. Ir\u00e1ck\u00e1 kancel\u00e1\u0159 v Erb\u00edlu byla otev\u0159ena v roce 2008. Maj\u00ed mezin\u00e1rodn\u00ed s\u00ed\u0165 agent\u016f, kte\u0159\u00ed podporuj\u00ed jejich celosv\u011btov\u00e9 \u00fasil\u00ed. Jsou \u010dlenem IAM s patn\u00e1ctiletou p\u016fsobnost\u00ed.<\/p>\n<p>Spole\u010dnost BCC Logistics nab\u00edz\u00ed st\u011bhovac\u00ed slu\u017eby od dve\u0159\u00ed ke dve\u0159\u00edm pro vnitrost\u00e1tn\u00ed a mezin\u00e1rodn\u00ed st\u011bhov\u00e1n\u00ed. Nab\u00edz\u00ed balic\u00ed slu\u017ebu, kter\u00e1 zaji\u0161\u0165uje n\u00e1mo\u0159n\u00ed p\u0159epravu v kontejnerech, t\u0159\u00edst\u011bnnou p\u0159epravu pro leteckou p\u0159epravu a p\u0159epravu d\u0159ev\u011bn\u00fdmi zvedac\u00edmi vozy. Vybal\u00ed a rozestav\u00ed n\u00e1bytek a odstran\u00ed ve\u0161ker\u00e9 zbytky obal\u016f. Zajist\u00ed p\u0159epravu po zemi, letecky nebo po mo\u0159i s vy\u0159\u00edzen\u00edm celn\u00edch formalit.<\/p>\n<p>Webov\u00e9 str\u00e1nky: <a href=\"http:\/\/www.bcclogistics.com\" target=\"_blank\" rel=\"noopener\">http:\/\/www.bcclogistics.com<\/a><\/p>\n<h2><strong>2. Paxton<\/strong><\/h2>\n<p><img loading=\"lazy\" decoding=\"async\" class=\"alignnone size-full wp-image-7736\" src=\"https:\/\/moverdb.com\/wp-content\/uploads\/Paxton-international-moving-company.png\" alt=\"Paxton mezin\u00e1rodn\u00ed pohybuj\u00edc\u00ed se spole\u010dnost\" width=\"1440\" height=\"682\" data-wp-pid=\"7736\" srcset=\"https:\/\/moverdb.com\/wp-content\/uploads\/Paxton-international-moving-company.png 1440w, https:\/\/moverdb.com\/wp-content\/uploads\/Paxton-international-moving-company-300x142.png 300w, https:\/\/moverdb.com\/wp-content\/uploads\/Paxton-international-moving-company-1024x485.png 1024w, https:\/\/moverdb.com\/wp-content\/uploads\/Paxton-international-moving-company-18x9.png 18w, https:\/\/moverdb.com\/wp-content\/uploads\/Paxton-international-moving-company-600x284.png 600w\" sizes=\"auto, (max-width: 1440px) 100vw, 1440px\" \/><\/p>\n<ul>\n<li>St\u011bhov\u00e1n\u00ed na n\u00e1rodn\u00ed \u00farovni<\/li>\n<li>Mezin\u00e1rodn\u00ed p\u0159esuny<\/li>\n<li>St\u011bhov\u00e1n\u00ed dom\u00e1cnost\u00ed<\/li>\n<li>St\u011bhov\u00e1n\u00ed kancel\u00e1\u0159\u00ed a pr\u016fmyslov\u00fdch podnik\u016f<\/li>\n<li>Slu\u017eba od dve\u0159\u00ed ke dve\u0159\u00edm<\/li>\n<li>Balic\u00ed slu\u017eba<\/li>\n<li>Zaji\u0161t\u011bn\u00ed dopravy<\/li>\n<li>Celn\u00ed odbaven\u00ed<\/li>\n<li>P\u0159eprava vozidel<\/li>\n<li>Zabezpe\u010den\u00e9 skladovac\u00ed prostory<\/li>\n<\/ul>\n<p>Paxton je spole\u010dnost poskytuj\u00edc\u00ed slu\u017eby v oblasti st\u011bhov\u00e1n\u00ed, informac\u00ed a logistiky, kter\u00e1 p\u016fsob\u00ed na m\u00edstn\u00ed i celosv\u011btov\u00e9 \u00farovni. P\u016fsob\u00ed ji\u017e v\u00edce ne\u017e 60 let a m\u00e1 pobo\u010dky v Americe, P\u00e1kist\u00e1nu a Ji\u017en\u00edm S\u00fad\u00e1nu, <a href=\"https:\/\/moverdb.com\/cs\/moving-to-singapore\/\" data-internallinksmanager029f6b8e52c=\"68\" title=\"St\u011bhov\u00e1n\u00ed do Singapuru? 2022 \u017divotn\u00ed n\u00e1klady a tipy na st\u011bhov\u00e1n\u00ed\">Singapur<\/a>, Afgh\u00e1nist\u00e1nu a Ir\u00e1ku v Bagd\u00e1du a Erb\u00edlu. Maj\u00ed s\u00ed\u0165 vybran\u00fdch partner\u016f, kte\u0159\u00ed poskytuj\u00ed slu\u017eby na mezin\u00e1rodn\u00ed \u00farovni, a jsou \u010dlenem IAM.<\/p>\n<p>Spole\u010dnost Paxton nab\u00edz\u00ed st\u011bhovac\u00ed slu\u017eby od dve\u0159\u00ed ke dve\u0159\u00edm na m\u00edstn\u00ed, n\u00e1rodn\u00ed i mezin\u00e1rodn\u00ed \u00farovni. Poskytuje balic\u00ed slu\u017eby pro ochranu va\u0161ich v\u011bc\u00ed p\u0159i p\u0159eprav\u011b nebo mo\u017enost zabalit si je s\u00e1m. Poskytnou v\u00e1m mo\u017enosti p\u0159epravy, kter\u00e9 nejl\u00e9pe vyhovuj\u00ed va\u0161im pot\u0159eb\u00e1m a rozpo\u010dtu, a zajist\u00ed podporu p\u0159i celn\u00edm odbaven\u00ed.<\/p>\n<p>Webov\u00e9 str\u00e1nky: <a href=\"http:\/\/www.paxton.com\" target=\"_blank\" rel=\"noopener\">http:\/\/www.paxton.com<\/a><\/p>","protected":false},"excerpt":{"rendered":"<p>Moving home or your business is never straightforward so getting assistance can really help especially if you are moving between countries. If you moving within, to or from Iraq, we have compiled a list of removal companies that are members of the International Association of Movers (IAM) and\/or FIDI Accredited International Mover (FAIM) who could [&hellip;]<\/p>\n","protected":false},"author":4,"featured_media":0,"parent":190,"menu_order":0,"comment_status":"closed","ping_status":"closed","template":"","meta":{"_genesis_hide_title":false,"_genesis_hide_breadcrumbs":false,"_genesis_hide_singular_image":false,"_genesis_hide_footer_widgets":false,"_genesis_custom_body_class":"","_genesis_custom_post_class":"","_genesis_layout":"","footnotes":""},"class_list":{"0":"post-7764","1":"page","2":"type-page","3":"status-publish","5":"entry","6":"has-post-thumbnail"},"_links":{"self":[{"href":"https:\/\/moverdb.com\/cs\/wp-json\/wp\/v2\/pages\/7764","targetHints":{"allow":["GET"]}}],"collection":[{"href":"https:\/\/moverdb.com\/cs\/wp-json\/wp\/v2\/pages"}],"about":[{"href":"https:\/\/moverdb.com\/cs\/wp-json\/wp\/v2\/types\/page"}],"author":[{"embeddable":true,"href":"https:\/\/moverdb.com\/cs\/wp-json\/wp\/v2\/users\/4"}],"replies":[{"embeddable":true,"href":"https:\/\/moverdb.com\/cs\/wp-json\/wp\/v2\/comments?post=7764"}],"version-history":[{"count":1,"href":"https:\/\/moverdb.com\/cs\/wp-json\/wp\/v2\/pages\/7764\/revisions"}],"predecessor-version":[{"id":7765,"href":"https:\/\/moverdb.com\/cs\/wp-json\/wp\/v2\/pages\/7764\/revisions\/7765"}],"up":[{"embeddable":true,"href":"https:\/\/moverdb.com\/cs\/wp-json\/wp\/v2\/pages\/190"}],"wp:attachment":[{"href":"https:\/\/moverdb.com\/cs\/wp-json\/wp\/v2\/media?parent=7764"}],"curies":[{"name":"wp","href":"https:\/\/api.w.org\/{rel}","templated":true}]}}