{"id":7525,"date":"2023-02-01T14:03:46","date_gmt":"2023-02-01T14:03:46","guid":{"rendered":"https:\/\/moverdb.com\/?page_id=7525"},"modified":"2026-01-08T15:25:10","modified_gmt":"2026-01-08T15:25:10","slug":"stehovani-firem-iran","status":"publish","type":"page","link":"https:\/\/moverdb.com\/cs\/moving-companies\/moving-companies-iran\/","title":{"rendered":"5 Nejlep\u0161\u00ed mezin\u00e1rodn\u00ed st\u011bhovac\u00ed spole\u010dnosti v \u00cdr\u00e1nu"},"content":{"rendered":"<p>Pl\u00e1nujete se st\u011bhovat? A\u0165 u\u017e se st\u011bhujete dom\u016f nebo do firmy, mo\u017en\u00e1 budete cht\u00edt pomoc, abyste sn\u00ed\u017eili tlak, kter\u00fd na v\u00e1s p\u016fsob\u00ed. <a href=\"https:\/\/moverdb.com\/cs\/moving-companies\/\" data-internallinksmanager029f6b8e52c=\"79\" title=\"Top 25 Mezin\u00e1rodn\u00ed st\u011bhovac\u00ed spole\u010dnosti Online\">st\u011bhovac\u00ed spole\u010dnost<\/a> m\u016f\u017ee pomoci. N\u00ed\u017ee jsme sestavili seznam spole\u010dnost\u00ed, kter\u00e9 se nach\u00e1zej\u00ed v \u00cdr\u00e1nu. <a href=\"https:\/\/moverdb.com\/cs\/international-removals\/\" data-internallinksmanager029f6b8e52c=\"27\" title=\"36 nejlep\u0161\u00edch mezin\u00e1rodn\u00edch st\u011bhovac\u00edch spole\u010dnost\u00ed ve Velk\u00e9 Brit\u00e1nii\">st\u011bhovac\u00ed firmy<\/a> kter\u00e9 jsou \u010dleny <a href=\"https:\/\/moverdb.com\/cs\/iam\/\" data-internallinksmanager029f6b8e52c=\"23\" title=\"Vysv\u011btlen\u00ed Mezin\u00e1rodn\u00ed asociace st\u011bhov\u00e1k\u016f (IAM)\">Mezin\u00e1rodn\u00ed asociace st\u011bhov\u00e1k\u016f<\/a> (IAM) a\/nebo <a href=\"https:\/\/moverdb.com\/cs\/fidi-faim\/\" data-internallinksmanager029f6b8e52c=\"16\" title=\"Vysv\u011btlen\u00ed FIDI a FAIM (FIDI Accredited International Mover)\">FIDI<\/a> Akreditovan\u00e9 mezin\u00e1rodn\u00ed st\u011bhov\u00e1n\u00ed (FAIM), kter\u00e9 by v\u00e1m mohlo pomoci se st\u011bhov\u00e1n\u00edm.<\/p>\n<div id=\"ez-toc-container\" class=\"ez-toc-v2_0_82_2 ez-toc-wrap-left counter-hierarchy ez-toc-counter ez-toc-transparent ez-toc-container-direction\">\n<div class=\"ez-toc-title-container\">\n<p class=\"ez-toc-title\" style=\"cursor:inherit\">Sekce<\/p>\n<span class=\"ez-toc-title-toggle\"><a href=\"#\" class=\"ez-toc-pull-right ez-toc-btn ez-toc-btn-xs ez-toc-btn-default ez-toc-toggle\" aria-label=\"P\u0159epnut\u00ed tabulky obsahu\"><span class=\"ez-toc-js-icon-con\"><span class=\"\"><span class=\"eztoc-hide\" style=\"display:none;\">P\u0159ep\u00edna\u010d<\/span><span class=\"ez-toc-icon-toggle-span\"><svg style=\"fill: #999;color:#999\" xmlns=\"http:\/\/www.w3.org\/2000\/svg\" class=\"list-377408\" width=\"20px\" height=\"20px\" viewbox=\"0 0 24 24\" fill=\"none\"><path d=\"M6 6H4v2h2V6zm14 0H8v2h12V6zM4 11h2v2H4v-2zm16 0H8v2h12v-2zM4 16h2v2H4v-2zm16 0H8v2h12v-2z\" fill=\"currentColor\"><\/path><\/svg><svg style=\"fill: #999;color:#999\" class=\"arrow-unsorted-368013\" xmlns=\"http:\/\/www.w3.org\/2000\/svg\" width=\"10px\" height=\"10px\" viewbox=\"0 0 24 24\" version=\"1.2\" baseprofile=\"tiny\"><path d=\"M18.2 9.3l-6.2-6.3-6.2 6.3c-.2.2-.3.4-.3.7s.1.5.3.7c.2.2.4.3.7.3h11c.3 0 .5-.1.7-.3.2-.2.3-.5.3-.7s-.1-.5-.3-.7zM5.8 14.7l6.2 6.3 6.2-6.3c.2-.2.3-.5.3-.7s-.1-.5-.3-.7c-.2-.2-.4-.3-.7-.3h-11c-.3 0-.5.1-.7.3-.2.2-.3.5-.3.7s.1.5.3.7z\"\/><\/svg><\/span><\/span><\/span><\/a><\/span><\/div>\n<nav><ul class='ez-toc-list ez-toc-list-level-1 eztoc-toggle-hide-by-default' ><li class='ez-toc-page-1 ez-toc-heading-level-2'><a class=\"ez-toc-link ez-toc-heading-1\" href=\"https:\/\/moverdb.com\/cs\/moving-companies\/moving-companies-iran\/#1_Barad_Air_Sea_Co\" >1. Barad Air &amp; Sea Co<\/a><\/li><li class='ez-toc-page-1 ez-toc-heading-level-2'><a class=\"ez-toc-link ez-toc-heading-2\" href=\"https:\/\/moverdb.com\/cs\/moving-companies\/moving-companies-iran\/#2_Kar_Kia_Co_Ltd\" >2. Kar Kia Co Ltd<\/a><\/li><li class='ez-toc-page-1 ez-toc-heading-level-2'><a class=\"ez-toc-link ez-toc-heading-3\" href=\"https:\/\/moverdb.com\/cs\/moving-companies\/moving-companies-iran\/#3_Simorgh_Pack_Express\" >3. Simorgh Pack Express<\/a><\/li><li class='ez-toc-page-1 ez-toc-heading-level-2'><a class=\"ez-toc-link ez-toc-heading-4\" href=\"https:\/\/moverdb.com\/cs\/moving-companies\/moving-companies-iran\/#4_Simorgh_Pack\" >4. Simorgh Pack<\/a><\/li><li class='ez-toc-page-1 ez-toc-heading-level-2'><a class=\"ez-toc-link ez-toc-heading-5\" href=\"https:\/\/moverdb.com\/cs\/moving-companies\/moving-companies-iran\/#5_Unipack\" >5. Unipack<\/a><\/li><\/ul><\/nav><\/div>\n<h2><span class=\"ez-toc-section\" id=\"1_Barad_Air_Sea_Co\"><\/span><strong>1. Barad Air &amp; Sea Co<\/strong><span class=\"ez-toc-section-end\"><\/span><\/h2>\n<p><img loading=\"lazy\" decoding=\"async\" class=\"alignnone size-full wp-image-7418\" src=\"https:\/\/moverdb.com\/wp-content\/uploads\/Barad-international-moving-company.png\" alt=\"Barad mezin\u00e1rodn\u00ed pohybuj\u00edc\u00ed se spole\u010dnost\" width=\"1440\" height=\"687\" data-wp-pid=\"7418\" srcset=\"https:\/\/moverdb.com\/wp-content\/uploads\/Barad-international-moving-company.png 1440w, https:\/\/moverdb.com\/wp-content\/uploads\/Barad-international-moving-company-300x143.png 300w, https:\/\/moverdb.com\/wp-content\/uploads\/Barad-international-moving-company-1024x489.png 1024w, https:\/\/moverdb.com\/wp-content\/uploads\/Barad-international-moving-company-18x9.png 18w, https:\/\/moverdb.com\/wp-content\/uploads\/Barad-international-moving-company-600x286.png 600w\" sizes=\"auto, (max-width: 1440px) 100vw, 1440px\" \/><\/p>\n<ul>\n<li>St\u011bhov\u00e1n\u00ed na n\u00e1rodn\u00ed \u00farovni<\/li>\n<li>Mezin\u00e1rodn\u00ed p\u0159esuny<\/li>\n<li>St\u011bhov\u00e1n\u00ed dom\u00e1cnost\u00ed<\/li>\n<li>St\u011bhov\u00e1n\u00ed kancel\u00e1\u0159\u00ed<\/li>\n<li>Vyhrazen\u00ed mana\u017ee\u0159i \u00fa\u010dtu<\/li>\n<li>Profesion\u00e1ln\u00ed balic\u00ed slu\u017eby<\/li>\n<li>Silni\u010dn\u00ed, n\u00e1mo\u0159n\u00ed a leteck\u00e1 doprava<\/li>\n<li>Celn\u00ed odbaven\u00ed<\/li>\n<li>P\u0159eprava um\u011bleck\u00fdch d\u011bl<\/li>\n<li>Kr\u00e1tkodob\u00e9 a\u017e dlouhodob\u00e9 skladov\u00e1n\u00ed<\/li>\n<\/ul>\n<p>Barad je p\u0159epravn\u00ed a logistick\u00e1 spole\u010dnost, kter\u00e1 prost\u0159ednictv\u00edm s\u00edt\u011b st\u011bhovac\u00edch partner\u016f nab\u00edz\u00ed \u0159e\u0161en\u00ed pro st\u011bhov\u00e1n\u00ed v \u00cdr\u00e1nu a ve v\u00edce ne\u017e 150 zem\u00edch sv\u011bta. Nab\u00edz\u00ed tak\u00e9 spedici, skladov\u00e9 slu\u017eby a celn\u00ed odbaven\u00ed. Je tak\u00e9 \u010dlenem IAM.<\/p>\n<p>Spole\u010dnost Barad poskytuje pro sv\u00e9 slu\u017eby specializovan\u00e9 account mana\u017eery, kte\u0159\u00ed v\u00e1m pomohou s va\u0161imi p\u0159epravn\u00edmi pot\u0159ebami. Nab\u00edz\u00ed st\u011bhovac\u00ed slu\u017eby od dve\u0159\u00ed ke dve\u0159\u00edm, kter\u00e9 mohou b\u00fdt provedeny po silnici, po mo\u0159i nebo letecky a zahrnuj\u00ed celn\u00ed odbaven\u00ed. Poskytuj\u00ed profesion\u00e1ln\u00ed balic\u00ed slu\u017eby, kter\u00e9 zahrnuj\u00ed balen\u00ed do beden, vybalov\u00e1n\u00ed a odstra\u0148ov\u00e1n\u00ed trosek. Zaji\u0161\u0165uj\u00ed p\u0159epravu osobn\u00edch v\u011bc\u00ed, nadm\u011brn\u00fdch zavazadel, um\u011bleck\u00fdch d\u011bl, kancel\u00e1\u0159sk\u00e9ho vybaven\u00ed a velvyslanectv\u00ed.<\/p>\n<p>Webov\u00e9 str\u00e1nky: <a href=\"http:\/\/baradairsea.com\" target=\"_blank\" rel=\"noopener\">http:\/\/baradairsea.com<\/a><\/p>\n<h2><span class=\"ez-toc-section\" id=\"2_Kar_Kia_Co_Ltd\"><\/span><strong>2. Kar Kia Co Ltd<\/strong><span class=\"ez-toc-section-end\"><\/span><\/h2>\n<p><img loading=\"lazy\" decoding=\"async\" class=\"alignnone size-full wp-image-7526\" src=\"https:\/\/moverdb.com\/wp-content\/uploads\/Kat-Kia-international-moving-company.png\" alt=\"Kat Kia mezin\u00e1rodn\u00ed pohybuj\u00edc\u00ed se spole\u010dnost\" width=\"1440\" height=\"680\" data-wp-pid=\"7526\" srcset=\"https:\/\/moverdb.com\/wp-content\/uploads\/Kat-Kia-international-moving-company.png 1440w, https:\/\/moverdb.com\/wp-content\/uploads\/Kat-Kia-international-moving-company-300x142.png 300w, https:\/\/moverdb.com\/wp-content\/uploads\/Kat-Kia-international-moving-company-1024x484.png 1024w, https:\/\/moverdb.com\/wp-content\/uploads\/Kat-Kia-international-moving-company-18x9.png 18w, https:\/\/moverdb.com\/wp-content\/uploads\/Kat-Kia-international-moving-company-600x283.png 600w\" sizes=\"auto, (max-width: 1440px) 100vw, 1440px\" \/><\/p>\n<ul>\n<li>St\u011bhov\u00e1n\u00ed na n\u00e1rodn\u00ed \u00farovni<\/li>\n<li>Mezin\u00e1rodn\u00ed p\u0159esuny<\/li>\n<li>St\u011bhov\u00e1n\u00ed dom\u00e1cnost\u00ed<\/li>\n<li>Slu\u017eba od dve\u0159\u00ed ke dve\u0159\u00edm<\/li>\n<li>Balic\u00ed slu\u017eba<\/li>\n<li>Pozemn\u00ed, n\u00e1mo\u0159n\u00ed nebo leteck\u00e1 p\u0159eprava<\/li>\n<li>Celn\u00ed odbaven\u00ed<\/li>\n<li>Doprava v oblasti v\u00fdtvarn\u00e9ho um\u011bn\u00ed<\/li>\n<li>Poji\u0161t\u011bn\u00ed<\/li>\n<li>\u00dalo\u017ei\u0161t\u011b<\/li>\n<\/ul>\n<p>Kar Kia je st\u011bhovac\u00ed a skladovac\u00ed spole\u010dnost se s\u00eddlem v Teher\u00e1nu, kter\u00e1 nab\u00edz\u00ed \u0159e\u0161en\u00ed pro m\u00edstn\u00ed st\u011bhov\u00e1n\u00ed v Teher\u00e1nu, po cel\u00e9m \u00cdr\u00e1nu a mezin\u00e1rodn\u00ed st\u011bhov\u00e1n\u00ed do \u00cdr\u00e1nu a z \u00cdr\u00e1nu. Je podporov\u00e1na s\u00edt\u00ed st\u011bhovac\u00edch agent\u016f po cel\u00e9m sv\u011bt\u011b a je \u010dlenem IAM s 39letou tradic\u00ed.<\/p>\n<p>Spole\u010dnost Kar Kia nab\u00edz\u00ed st\u011bhov\u00e1n\u00ed dom\u00e1cnost\u00ed od dve\u0159\u00ed ke dve\u0159\u00edm, kter\u00e9 zahrnuje bezpe\u010dn\u00e9 zabalen\u00ed v\u0161ech va\u0161ich v\u011bc\u00ed pro p\u0159epravu. Zajist\u00ed p\u0159epravu va\u0161ich v\u011bc\u00ed na m\u00edsto ur\u010den\u00ed po silnici, po mo\u0159i nebo letecky a pom\u016f\u017ee v\u00e1m s celn\u00edm odbaven\u00edm p\u0159i dovozu a v\u00fdvozu. Nab\u00edzej\u00ed tak\u00e9 dopl\u0148kov\u00e9 slu\u017eby, kter\u00e9 zahrnuj\u00ed st\u011bhov\u00e1n\u00ed um\u011bleck\u00fdch d\u011bl, poji\u0161t\u011bn\u00ed a skladov\u00e1n\u00ed.<\/p>\n<p>Webov\u00e9 str\u00e1nky: <a href=\"http:\/\/www.karkiamovers.com\" target=\"_blank\" rel=\"noopener\">http:\/\/www.karkiamovers.com<\/a><\/p>\n<h2><span class=\"ez-toc-section\" id=\"3_Simorgh_Pack_Express\"><\/span><strong>3. <\/strong><strong>Simorgh Pack Express<\/strong><span class=\"ez-toc-section-end\"><\/span><\/h2>\n<p><img loading=\"lazy\" decoding=\"async\" class=\"alignnone size-full wp-image-7486\" src=\"https:\/\/moverdb.com\/wp-content\/uploads\/Simorgh-Pack-Express-international-moving-company.png\" alt=\"Simorgh Pack Express mezin\u00e1rodn\u00ed st\u011bhov\u00e1n\u00ed spole\u010dnost\" width=\"1440\" height=\"678\" data-wp-pid=\"7486\" srcset=\"https:\/\/moverdb.com\/wp-content\/uploads\/Simorgh-Pack-Express-international-moving-company.png 1440w, https:\/\/moverdb.com\/wp-content\/uploads\/Simorgh-Pack-Express-international-moving-company-300x141.png 300w, https:\/\/moverdb.com\/wp-content\/uploads\/Simorgh-Pack-Express-international-moving-company-1024x482.png 1024w, https:\/\/moverdb.com\/wp-content\/uploads\/Simorgh-Pack-Express-international-moving-company-18x8.png 18w, https:\/\/moverdb.com\/wp-content\/uploads\/Simorgh-Pack-Express-international-moving-company-600x283.png 600w\" sizes=\"auto, (max-width: 1440px) 100vw, 1440px\" \/><\/p>\n<ul>\n<li>St\u011bhov\u00e1n\u00ed na n\u00e1rodn\u00ed \u00farovni<\/li>\n<li>Mezin\u00e1rodn\u00ed p\u0159esuny<\/li>\n<li>St\u011bhov\u00e1n\u00ed dom\u00e1cnost\u00ed<\/li>\n<li>Pr\u016fzkum v dom\u00e1cnosti<\/li>\n<li>Balic\u00ed slu\u017eba<\/li>\n<li>Doprava po mo\u0159i, vzduchem a po zemi<\/li>\n<li>Celn\u00ed asistence<\/li>\n<li>P\u0159eprava vozidel<\/li>\n<li>Poji\u0161t\u011bn\u00ed<\/li>\n<li>Skladovac\u00ed prostory<\/li>\n<\/ul>\n<p>Simorgh Pack Express je st\u011bhovac\u00ed spole\u010dnost se s\u00eddlem v Teher\u00e1nu. M\u00e1 celosv\u011btovou s\u00ed\u0165 spolupracovn\u00edk\u016f, kte\u0159\u00ed pom\u00e1haj\u00ed s mezin\u00e1rodn\u00edm st\u011bhov\u00e1n\u00edm kdekoli na sv\u011bt\u011b. Je \u010dlenem IAM s 31letou tradic\u00ed.<\/p>\n<p>Simorgh Pack Express bude koordinovat cel\u00e9 st\u011bhov\u00e1n\u00ed a zajist\u00ed jeho hladk\u00fd pr\u016fb\u011bh, a\u0165 u\u017e se st\u011bhujete lok\u00e1ln\u011b, nebo po cel\u00e9m sv\u011bt\u011b. Poskytuje vy\u0161kolen\u00fd person\u00e1l, kter\u00fd bezpe\u010dn\u011b zabal\u00ed va\u0161e v\u011bci a ochr\u00e1n\u00ed je p\u0159i p\u0159eprav\u011b pomoc\u00ed vysoce kvalitn\u00edch materi\u00e1l\u016f. Postaraj\u00ed se o va\u0161i p\u0159epravu po zemi, letecky nebo po mo\u0159i a zajist\u00ed, aby na\u0161li nejlep\u0161\u00ed \u0159e\u0161en\u00ed pro va\u0161e pot\u0159eby a nejni\u017e\u0161\u00ed poplatky.<\/p>\n<p>Webov\u00e9 str\u00e1nky: <a href=\"http:\/\/www.simorghpackexpress.com\" target=\"_blank\" rel=\"noopener\">http:\/\/www.simorghpackexpress.com<\/a><\/p>\n<h2><span class=\"ez-toc-section\" id=\"4_Simorgh_Pack\"><\/span><strong>4. Simorgh Pack<\/strong><span class=\"ez-toc-section-end\"><\/span><\/h2>\n<p><img loading=\"lazy\" decoding=\"async\" class=\"alignnone size-full wp-image-7487\" src=\"https:\/\/moverdb.com\/wp-content\/uploads\/Simorgh-Pack-international-moving-company.png\" alt=\"Simorgh Pack mezin\u00e1rodn\u00ed st\u011bhov\u00e1n\u00ed spole\u010dnost\" width=\"1440\" height=\"680\" data-wp-pid=\"7487\" srcset=\"https:\/\/moverdb.com\/wp-content\/uploads\/Simorgh-Pack-international-moving-company.png 1440w, https:\/\/moverdb.com\/wp-content\/uploads\/Simorgh-Pack-international-moving-company-300x142.png 300w, https:\/\/moverdb.com\/wp-content\/uploads\/Simorgh-Pack-international-moving-company-1024x484.png 1024w, https:\/\/moverdb.com\/wp-content\/uploads\/Simorgh-Pack-international-moving-company-18x9.png 18w, https:\/\/moverdb.com\/wp-content\/uploads\/Simorgh-Pack-international-moving-company-600x283.png 600w\" sizes=\"auto, (max-width: 1440px) 100vw, 1440px\" \/><\/p>\n<ul>\n<li>M\u00edstn\u00ed a vnitrost\u00e1tn\u00ed p\u0159esuny<\/li>\n<li>Mezin\u00e1rodn\u00ed p\u0159esuny<\/li>\n<li>St\u011bhov\u00e1n\u00ed dom\u00e1cnost\u00ed<\/li>\n<li>Komer\u010dn\u00ed p\u0159esuny<\/li>\n<li>Slu\u017eba od dve\u0159\u00ed ke dve\u0159\u00edm<\/li>\n<li>Profesion\u00e1ln\u00ed balen\u00ed<\/li>\n<li>Pozemn\u00ed, leteck\u00e1 nebo n\u00e1mo\u0159n\u00ed doprava<\/li>\n<li>P\u0159eprava vozidel<\/li>\n<li>Poji\u0161t\u011bn\u00ed<\/li>\n<li>Zabezpe\u010den\u00e9 skladovac\u00ed prostory<\/li>\n<\/ul>\n<p>Simorgh Pack je glob\u00e1ln\u00ed st\u011bhovac\u00ed spole\u010dnost, kter\u00e1 pom\u00e1h\u00e1 lidem se st\u011bhov\u00e1n\u00edm ji\u017e od roku 1992 a s\u00eddl\u00ed v Teher\u00e1nu. M\u00e1 celosv\u011btovou s\u00ed\u0165 p\u0159epravn\u00edch a st\u011bhovac\u00edch agent\u016f a specialist\u016f, kte\u0159\u00ed ji podporuj\u00ed. Jsou \u010dlenem mezin\u00e1rodn\u00ed asociace IAM s 31letou tradic\u00ed.<\/p>\n<p>Spole\u010dnost Simorgh Pack poskytuje specializovan\u00e9ho koordin\u00e1tora st\u011bhov\u00e1n\u00ed, kter\u00fd v\u00e1s bude podporovat na ka\u017ed\u00e9m kroku. Za\u010d\u00edn\u00e1 to \u00favodn\u00edm pr\u016fzkumem, kter\u00fd zhodnot\u00ed va\u0161e pot\u0159eby, a pot\u00e9 najde nejlep\u0161\u00ed trasy za spr\u00e1vn\u00e9 ceny. Jejich profesion\u00e1ln\u00ed bali\u010di zabal\u00ed va\u0161e v\u011bci pro p\u0159epravu po zemi, letecky nebo po mo\u0159i s podrobn\u00fdm soupisem.<\/p>\n<p>Webov\u00e9 str\u00e1nky: <a href=\"http:\/\/www.simorghpack.com\" target=\"_blank\" rel=\"noopener\">http:\/\/www.simorghpack.com<\/a><\/p>\n<h2><span class=\"ez-toc-section\" id=\"5_Unipack\"><\/span><strong>5. Unipack<\/strong><span class=\"ez-toc-section-end\"><\/span><\/h2>\n<p><img loading=\"lazy\" decoding=\"async\" class=\"alignnone size-full wp-image-7494\" src=\"https:\/\/moverdb.com\/wp-content\/uploads\/Unipack-international-moving-company-1.png\" alt=\"Unipack mezin\u00e1rodn\u00ed st\u011bhov\u00e1n\u00ed spole\u010dnost\" width=\"1440\" height=\"681\" data-wp-pid=\"7494\" srcset=\"https:\/\/moverdb.com\/wp-content\/uploads\/Unipack-international-moving-company-1.png 1440w, https:\/\/moverdb.com\/wp-content\/uploads\/Unipack-international-moving-company-1-300x142.png 300w, https:\/\/moverdb.com\/wp-content\/uploads\/Unipack-international-moving-company-1-1024x484.png 1024w, https:\/\/moverdb.com\/wp-content\/uploads\/Unipack-international-moving-company-1-18x9.png 18w, https:\/\/moverdb.com\/wp-content\/uploads\/Unipack-international-moving-company-1-600x284.png 600w\" sizes=\"auto, (max-width: 1440px) 100vw, 1440px\" \/><\/p>\n<ul>\n<li>Mezin\u00e1rodn\u00ed p\u0159esuny<\/li>\n<li>St\u011bhov\u00e1n\u00ed dom\u00e1cnost\u00ed<\/li>\n<li>Obchodn\u00ed a kancel\u00e1\u0159sk\u00e9 st\u011bhov\u00e1n\u00ed<\/li>\n<li>Slu\u017eba od dve\u0159\u00ed ke dve\u0159\u00edm<\/li>\n<li>Balic\u00ed slu\u017eby<\/li>\n<li>Celn\u00ed formality<\/li>\n<li>Pozemn\u00ed, n\u00e1mo\u0159n\u00ed a leteck\u00e1 doprava<\/li>\n<li>P\u0159eprava dom\u00e1c\u00edch zv\u00ed\u0159at<\/li>\n<li>P\u0159eprava vozidel<\/li>\n<li>Skladovac\u00ed prostory<\/li>\n<\/ul>\n<p>Unipack je mezin\u00e1rodn\u00ed balic\u00ed a spedi\u010dn\u00ed spole\u010dnost se s\u00eddlem v \u00cdr\u00e1nu, kter\u00e1 byla zalo\u017eena v roce 1975. Spolupracuje se s\u00edt\u00ed vybran\u00fdch mezin\u00e1rodn\u00edch partner\u016f pro st\u011bhov\u00e1n\u00ed a p\u0159emis\u0165ov\u00e1n\u00ed po cel\u00e9m sv\u011bt\u011b a zaji\u0161\u0165uje st\u011bhov\u00e1n\u00ed kamkoli. Jsou \u010dlenem IAM s 49letou tradic\u00ed.<\/p>\n<p>Spole\u010dnost Unipack nab\u00edz\u00ed \u0161irokou \u0161k\u00e1lu p\u0159epravn\u00edch slu\u017eeb v\u010detn\u011b p\u0159epravy zbo\u017e\u00ed pro dom\u00e1cnost, v\u00fdstavn\u00edho zbo\u017e\u00ed, v\u00fdtvarn\u00e9ho um\u011bn\u00ed, vozidel, dom\u00e1c\u00edch zv\u00ed\u0159at, mrtv\u00fdch t\u011bl a kancel\u00e1\u0159sk\u00fdch st\u011bhov\u00e1n\u00ed. Poskytuje slu\u017eby st\u011bhov\u00e1n\u00ed od dve\u0159\u00ed ke dve\u0159\u00edm, kter\u00e9 zahrnuj\u00ed bezpe\u010dn\u00e9 zabalen\u00ed v\u011bc\u00ed a pou\u017eit\u00ed d\u0159ev\u011bn\u00fdch beden pro k\u0159ehk\u00e9 p\u0159edm\u011bty. Zajist\u00ed p\u0159epravu po zemi, vzduchem i po mo\u0159i a vy\u0159\u00edd\u00ed celn\u00ed formality.<\/p>\n<p>Webov\u00e9 str\u00e1nky: <a href=\"http:\/\/www.unipack.ir\" target=\"_blank\" rel=\"noopener\">http:\/\/www.unipack.ir<\/a><\/p>","protected":false},"excerpt":{"rendered":"<p>Are you planning on moving? Whether you are moving home and\/or business, you might want some help to reduce the pressure which is where a moving company can help. Below we have compiled a list of Iran based removal companies that are members of the International Association of Movers (IAM) and\/or FIDI Accredited International Mover [&hellip;]<\/p>\n","protected":false},"author":4,"featured_media":0,"parent":190,"menu_order":0,"comment_status":"closed","ping_status":"closed","template":"","meta":{"_genesis_hide_title":false,"_genesis_hide_breadcrumbs":false,"_genesis_hide_singular_image":false,"_genesis_hide_footer_widgets":false,"_genesis_custom_body_class":"","_genesis_custom_post_class":"","_genesis_layout":"","footnotes":""},"class_list":{"0":"post-7525","1":"page","2":"type-page","3":"status-publish","5":"entry","6":"has-post-thumbnail"},"_links":{"self":[{"href":"https:\/\/moverdb.com\/cs\/wp-json\/wp\/v2\/pages\/7525","targetHints":{"allow":["GET"]}}],"collection":[{"href":"https:\/\/moverdb.com\/cs\/wp-json\/wp\/v2\/pages"}],"about":[{"href":"https:\/\/moverdb.com\/cs\/wp-json\/wp\/v2\/types\/page"}],"author":[{"embeddable":true,"href":"https:\/\/moverdb.com\/cs\/wp-json\/wp\/v2\/users\/4"}],"replies":[{"embeddable":true,"href":"https:\/\/moverdb.com\/cs\/wp-json\/wp\/v2\/comments?post=7525"}],"version-history":[{"count":1,"href":"https:\/\/moverdb.com\/cs\/wp-json\/wp\/v2\/pages\/7525\/revisions"}],"predecessor-version":[{"id":7527,"href":"https:\/\/moverdb.com\/cs\/wp-json\/wp\/v2\/pages\/7525\/revisions\/7527"}],"up":[{"embeddable":true,"href":"https:\/\/moverdb.com\/cs\/wp-json\/wp\/v2\/pages\/190"}],"wp:attachment":[{"href":"https:\/\/moverdb.com\/cs\/wp-json\/wp\/v2\/media?parent=7525"}],"curies":[{"name":"wp","href":"https:\/\/api.w.org\/{rel}","templated":true}]}}