{"id":7516,"date":"2023-02-01T14:01:04","date_gmt":"2023-02-01T14:01:04","guid":{"rendered":"https:\/\/moverdb.com\/?page_id=7516"},"modified":"2026-01-08T15:29:56","modified_gmt":"2026-01-08T15:29:56","slug":"stehovani-firem-guyana","status":"publish","type":"page","link":"https:\/\/moverdb.com\/cs\/moving-companies\/moving-companies-guyana\/","title":{"rendered":"Nejlep\u0161\u00ed mezin\u00e1rodn\u00ed st\u011bhovac\u00ed spole\u010dnosti v Guyan\u011b"},"content":{"rendered":"<p>Pokud pl\u00e1nujete st\u011bhov\u00e1n\u00ed do Guyany, z Guyany nebo v r\u00e1mci Guyany, mo\u017en\u00e1 budete cht\u00edt se st\u011bhov\u00e1n\u00edm pomoci. Profesion\u00e1ln\u00ed <a href=\"https:\/\/moverdb.com\/cs\/moving-companies\/\" data-internallinksmanager029f6b8e52c=\"79\" title=\"Top 25 Mezin\u00e1rodn\u00ed st\u011bhovac\u00ed spole\u010dnosti Online\">st\u011bhovac\u00ed spole\u010dnosti<\/a> v\u00e1m m\u016f\u017ee sn\u00ed\u017eit pr\u00e1ci s balen\u00edm, pl\u00e1nov\u00e1n\u00edm a organizac\u00ed st\u011bhov\u00e1n\u00ed. N\u00ed\u017ee jsme sestavili seznam firem se s\u00eddlem v Guyan\u011b. <a href=\"https:\/\/moverdb.com\/cs\/international-removals\/\" data-internallinksmanager029f6b8e52c=\"27\" title=\"36 nejlep\u0161\u00edch mezin\u00e1rodn\u00edch st\u011bhovac\u00edch spole\u010dnost\u00ed ve Velk\u00e9 Brit\u00e1nii\">st\u011bhovac\u00ed firmy<\/a> kter\u00e9 jsou \u010dleny <a href=\"https:\/\/moverdb.com\/cs\/iam\/\" data-internallinksmanager029f6b8e52c=\"23\" title=\"Vysv\u011btlen\u00ed Mezin\u00e1rodn\u00ed asociace st\u011bhov\u00e1k\u016f (IAM)\">Mezin\u00e1rodn\u00ed asociace st\u011bhov\u00e1k\u016f<\/a> (IAM) a\/nebo <a href=\"https:\/\/moverdb.com\/cs\/fidi-faim\/\" data-internallinksmanager029f6b8e52c=\"16\" title=\"Vysv\u011btlen\u00ed FIDI a FAIM (FIDI Accredited International Mover)\">FIDI<\/a> Akreditovan\u00e9 mezin\u00e1rodn\u00ed st\u011bhov\u00e1n\u00ed (FAIM), kter\u00e9 by v\u00e1m mohlo pomoci se st\u011bhov\u00e1n\u00edm.<\/p>\n<p><strong>Guywillship<\/strong><\/p>\n<p><img loading=\"lazy\" decoding=\"async\" class=\"alignnone size-full wp-image-7448\" src=\"https:\/\/moverdb.com\/wp-content\/uploads\/Guywillship-international-moving-company.png\" alt=\"Guywillship mezin\u00e1rodn\u00ed pohybuj\u00edc\u00ed se spole\u010dnost\" width=\"1440\" height=\"679\" data-wp-pid=\"7448\" srcset=\"https:\/\/moverdb.com\/wp-content\/uploads\/Guywillship-international-moving-company.png 1440w, https:\/\/moverdb.com\/wp-content\/uploads\/Guywillship-international-moving-company-300x141.png 300w, https:\/\/moverdb.com\/wp-content\/uploads\/Guywillship-international-moving-company-1024x483.png 1024w, https:\/\/moverdb.com\/wp-content\/uploads\/Guywillship-international-moving-company-18x8.png 18w, https:\/\/moverdb.com\/wp-content\/uploads\/Guywillship-international-moving-company-600x283.png 600w\" sizes=\"auto, (max-width: 1440px) 100vw, 1440px\" \/><\/p>\n<ul>\n<li>Nab\u00edz\u00ed pouze vyzvednut\u00ed a doru\u010den\u00ed<\/li>\n<li>Specializuje se na <a href=\"https:\/\/moverdb.com\/cs\/moving-to-the-united-states\/\" data-internallinksmanager029f6b8e52c=\"94\" title=\"St\u011bhujete se do Spojen\u00fdch st\u00e1t\u016f? 2022 \u017divotn\u00ed n\u00e1klady a tipy na st\u011bhov\u00e1n\u00ed\">US<\/a> do karibsk\u00fdch z\u00e1silek<\/li>\n<li>P\u0159esuny do z\u00e1mo\u0159\u00ed<\/li>\n<li>St\u011bhov\u00e1n\u00ed dom\u00e1cnost\u00ed<\/li>\n<li>Obchodn\u00ed n\u00e1kladn\u00ed doprava<\/li>\n<li>Slu\u017eba od dve\u0159\u00ed ke dve\u0159\u00edm<\/li>\n<li>Silni\u010dn\u00ed, n\u00e1mo\u0159n\u00ed a leteck\u00e1 doprava<\/li>\n<li>Chytr\u00e9 sledov\u00e1n\u00ed<\/li>\n<li>Konsolidace z\u00e1silek<\/li>\n<li>\u010clen IAM<\/li>\n<\/ul>\n<p>Spole\u010dnost Guywillship je lodn\u00ed a logistick\u00fd agent, kter\u00fd se specializuje na p\u0159epravu zbo\u017e\u00ed mezi USA a Karibikem. S p\u0159epravou zbo\u017e\u00ed m\u00e1 v\u00edce ne\u017e 30 let zku\u0161enost\u00ed. Jsou \u010dlenem IAM, co\u017e jim poskytuje p\u0159\u00edstup k s\u00edti mezin\u00e1rodn\u00edch st\u011bhovac\u00edch agent\u016f, kte\u0159\u00ed poskytuj\u00ed jejich slu\u017eby.<\/p>\n<p>Spole\u010dnost Guywillship nab\u00edz\u00ed slu\u017eby vyzvednut\u00ed a doru\u010den\u00ed od dve\u0159\u00ed ke dve\u0159\u00edm, kter\u00e9 jsou vhodn\u00e9 pro ty, kte\u0159\u00ed se st\u011bhuj\u00ed. Nab\u00edzej\u00ed leteckou a n\u00e1mo\u0159n\u00ed p\u0159epravu zbo\u017e\u00ed, kter\u00fdch provedli ji\u017e v\u00edce ne\u017e 200 000. Nab\u00edzej\u00ed p\u0159esn\u00e9 sledovac\u00ed za\u0159\u00edzen\u00ed se specializovanou cloudovou infrastrukturou, kter\u00e1 v\u00e1s informuje o va\u0161\u00ed z\u00e1silce.<\/p>\n<p>Webov\u00e9 str\u00e1nky: <a href=\"http:\/\/www.guywillship.com\" target=\"_blank\" rel=\"noopener\">http:\/\/www.guywillship.com<\/a><\/p>","protected":false},"excerpt":{"rendered":"<p>If you are planning a move to or from Guyana, or within Guyana, you may want some help with your move. Professional moving companies can reduce the work needed by packing, planning and organising your move. Below we have compiled a list of Guyana based removal companies that are members of the International Association of [&hellip;]<\/p>\n","protected":false},"author":4,"featured_media":0,"parent":190,"menu_order":0,"comment_status":"closed","ping_status":"closed","template":"","meta":{"_genesis_hide_title":false,"_genesis_hide_breadcrumbs":false,"_genesis_hide_singular_image":false,"_genesis_hide_footer_widgets":false,"_genesis_custom_body_class":"","_genesis_custom_post_class":"","_genesis_layout":"","footnotes":""},"class_list":{"0":"post-7516","1":"page","2":"type-page","3":"status-publish","5":"entry","6":"has-post-thumbnail"},"_links":{"self":[{"href":"https:\/\/moverdb.com\/cs\/wp-json\/wp\/v2\/pages\/7516","targetHints":{"allow":["GET"]}}],"collection":[{"href":"https:\/\/moverdb.com\/cs\/wp-json\/wp\/v2\/pages"}],"about":[{"href":"https:\/\/moverdb.com\/cs\/wp-json\/wp\/v2\/types\/page"}],"author":[{"embeddable":true,"href":"https:\/\/moverdb.com\/cs\/wp-json\/wp\/v2\/users\/4"}],"replies":[{"embeddable":true,"href":"https:\/\/moverdb.com\/cs\/wp-json\/wp\/v2\/comments?post=7516"}],"version-history":[{"count":1,"href":"https:\/\/moverdb.com\/cs\/wp-json\/wp\/v2\/pages\/7516\/revisions"}],"predecessor-version":[{"id":7517,"href":"https:\/\/moverdb.com\/cs\/wp-json\/wp\/v2\/pages\/7516\/revisions\/7517"}],"up":[{"embeddable":true,"href":"https:\/\/moverdb.com\/cs\/wp-json\/wp\/v2\/pages\/190"}],"wp:attachment":[{"href":"https:\/\/moverdb.com\/cs\/wp-json\/wp\/v2\/media?parent=7516"}],"curies":[{"name":"wp","href":"https:\/\/api.w.org\/{rel}","templated":true}]}}