{"id":7514,"date":"2023-02-01T14:00:27","date_gmt":"2023-02-01T14:00:27","guid":{"rendered":"https:\/\/moverdb.com\/?page_id=7514"},"modified":"2026-01-08T15:23:43","modified_gmt":"2026-01-08T15:23:43","slug":"stehovani-firem-guinea","status":"publish","type":"page","link":"https:\/\/moverdb.com\/cs\/moving-companies\/moving-companies-guinea\/","title":{"rendered":"2 Nejlep\u0161\u00ed mezin\u00e1rodn\u00ed st\u011bhovac\u00ed spole\u010dnosti v Guineji"},"content":{"rendered":"<p>Kdy\u017e pl\u00e1nujete st\u011bhov\u00e1n\u00ed, a\u0165 u\u017e se jedn\u00e1 o v\u00e1\u0161 domov nebo kancel\u00e1\u0159, m\u016f\u017ee to b\u00fdt stresuj\u00edc\u00ed obdob\u00ed s mno\u017estv\u00edm logistiky a pap\u00edrov\u00e1n\u00ed. V t\u00e9to situaci je vhodn\u00e9 vyu\u017e\u00edt slu\u017eeb <a href=\"https:\/\/moverdb.com\/cs\/moving-companies\/\" data-internallinksmanager029f6b8e52c=\"79\" title=\"Top 25 Mezin\u00e1rodn\u00ed st\u011bhovac\u00ed spole\u010dnosti Online\">st\u011bhovac\u00ed spole\u010dnost<\/a> m\u016f\u017ee pomoci zm\u00edrnit z\u00e1t\u011b\u017e. N\u00ed\u017ee jsme sestavili seznam Guineje na z\u00e1klad\u011b <a href=\"https:\/\/moverdb.com\/cs\/international-removals\/\" data-internallinksmanager029f6b8e52c=\"27\" title=\"36 nejlep\u0161\u00edch mezin\u00e1rodn\u00edch st\u011bhovac\u00edch spole\u010dnost\u00ed ve Velk\u00e9 Brit\u00e1nii\">st\u011bhovac\u00ed firmy<\/a> kter\u00e9 jsou \u010dleny <a href=\"https:\/\/moverdb.com\/cs\/iam\/\" data-internallinksmanager029f6b8e52c=\"23\" title=\"Vysv\u011btlen\u00ed Mezin\u00e1rodn\u00ed asociace st\u011bhov\u00e1k\u016f (IAM)\">Mezin\u00e1rodn\u00ed asociace st\u011bhov\u00e1k\u016f<\/a> (IAM) a\/nebo <a href=\"https:\/\/moverdb.com\/cs\/fidi-faim\/\" data-internallinksmanager029f6b8e52c=\"16\" title=\"Vysv\u011btlen\u00ed FIDI a FAIM (FIDI Accredited International Mover)\">FIDI<\/a> Akreditovan\u00e9 mezin\u00e1rodn\u00ed st\u011bhov\u00e1n\u00ed (FAIM), kter\u00e9 by v\u00e1m mohlo pomoci se st\u011bhov\u00e1n\u00edm.<\/p>\n<h2><strong>1. Soguifret<\/strong><\/h2>\n<p><img loading=\"lazy\" decoding=\"async\" class=\"alignnone size-full wp-image-7489\" src=\"https:\/\/moverdb.com\/wp-content\/uploads\/Soguifret-international-moving-company.png\" alt=\"Soguifret mezin\u00e1rodn\u00ed st\u011bhov\u00e1n\u00ed spole\u010dnost\" width=\"1440\" height=\"679\" data-wp-pid=\"7489\" srcset=\"https:\/\/moverdb.com\/wp-content\/uploads\/Soguifret-international-moving-company.png 1440w, https:\/\/moverdb.com\/wp-content\/uploads\/Soguifret-international-moving-company-300x141.png 300w, https:\/\/moverdb.com\/wp-content\/uploads\/Soguifret-international-moving-company-1024x483.png 1024w, https:\/\/moverdb.com\/wp-content\/uploads\/Soguifret-international-moving-company-18x8.png 18w, https:\/\/moverdb.com\/wp-content\/uploads\/Soguifret-international-moving-company-600x283.png 600w\" sizes=\"auto, (max-width: 1440px) 100vw, 1440px\" \/><\/p>\n<ul>\n<li>St\u011bhov\u00e1n\u00ed na n\u00e1rodn\u00ed \u00farovni<\/li>\n<li>Mezin\u00e1rodn\u00ed p\u0159esuny<\/li>\n<li>St\u011bhov\u00e1n\u00ed dom\u00e1cnost\u00ed<\/li>\n<li>St\u011bhov\u00e1n\u00ed kancel\u00e1\u0159\u00ed<\/li>\n<li>Slu\u017eba od dve\u0159\u00ed ke dve\u0159\u00edm<\/li>\n<li>Balic\u00ed slu\u017eba<\/li>\n<li>V\u00fdb\u011br mo\u017enost\u00ed kontejner\u016f<\/li>\n<li>Zaji\u0161t\u011bn\u00ed dopravy<\/li>\n<li>Celn\u00ed odbaven\u00ed<\/li>\n<li>Mezin\u00e1rodn\u00ed s\u00edt\u011b<\/li>\n<\/ul>\n<p>Soguifret je st\u011bhovac\u00ed a spedi\u010dn\u00ed spole\u010dnost zalo\u017een\u00e1 v roce 1989 v Guineji. Je sou\u010d\u00e1st\u00ed organizace Universal Freight Organisation pokr\u00fdvaj\u00edc\u00ed 120 zem\u00ed a \u010dlenem IAM s 34letou tradic\u00ed a p\u016fsobnost\u00ed ve 170 zem\u00edch. Prost\u0159ednictv\u00edm sv\u00fdch s\u00edt\u00ed spolupracuj\u00ed s klienty v oblasti mezin\u00e1rodn\u00edho st\u011bhov\u00e1n\u00ed.<\/p>\n<p>Spole\u010dnost Soguifret poskytuje vnitrost\u00e1tn\u00ed a mezin\u00e1rodn\u00ed st\u011bhovac\u00ed slu\u017eby od dve\u0159\u00ed ke dve\u0159\u00edm pro dom\u00e1cnosti a kancel\u00e1\u0159e. Zaji\u0161\u0165uje slu\u017eby pro r\u016fzn\u00e9 osoby v\u010detn\u011b velvyslanectv\u00ed a m\u00edrov\u00fdch sbor\u016f. Nab\u00edz\u00ed v\u00fdb\u011br z n\u011bkolika variant kontejner\u016f, kter\u00e9 zahrnuj\u00ed m\u00e9n\u011b ne\u017e kontejnerov\u00e9 n\u00e1klady a pln\u00e9 kontejnerov\u00e9 n\u00e1klady. Zajist\u00ed p\u0159epravu va\u0161ich v\u011bc\u00ed a provede celn\u00ed odbaven\u00ed.<\/p>\n<p>Webov\u00e9 str\u00e1nky: <a href=\"http:\/\/www.soguifret.com\" target=\"_blank\" rel=\"noopener\">http:\/\/www.soguifret.com<\/a><\/p>\n<h2><strong>2. JVK<\/strong><\/h2>\n<p><img loading=\"lazy\" decoding=\"async\" class=\"alignnone size-full wp-image-7459\" src=\"https:\/\/moverdb.com\/wp-content\/uploads\/JVK-Guinea-international-moving-company.png\" alt=\"JVK Guinea mezin\u00e1rodn\u00ed st\u011bhov\u00e1n\u00ed spole\u010dnost\" width=\"1440\" height=\"680\" data-wp-pid=\"7459\" srcset=\"https:\/\/moverdb.com\/wp-content\/uploads\/JVK-Guinea-international-moving-company.png 1440w, https:\/\/moverdb.com\/wp-content\/uploads\/JVK-Guinea-international-moving-company-300x142.png 300w, https:\/\/moverdb.com\/wp-content\/uploads\/JVK-Guinea-international-moving-company-1024x484.png 1024w, https:\/\/moverdb.com\/wp-content\/uploads\/JVK-Guinea-international-moving-company-18x9.png 18w, https:\/\/moverdb.com\/wp-content\/uploads\/JVK-Guinea-international-moving-company-600x283.png 600w\" sizes=\"auto, (max-width: 1440px) 100vw, 1440px\" \/><\/p>\n<ul>\n<li>St\u011bhov\u00e1n\u00ed na n\u00e1rodn\u00ed \u00farovni<\/li>\n<li>Mezin\u00e1rodn\u00ed p\u0159esuny<\/li>\n<li>St\u011bhovac\u00ed slu\u017eby<\/li>\n<li>St\u011bhov\u00e1n\u00ed dom\u00e1cnost\u00ed<\/li>\n<li>St\u011bhov\u00e1n\u00ed kancel\u00e1\u0159\u00ed<\/li>\n<li>Balic\u00ed slu\u017eba<\/li>\n<li>Vysoce kvalitn\u00ed obalov\u00e9 materi\u00e1ly<\/li>\n<li>Silni\u010dn\u00ed, n\u00e1mo\u0159n\u00ed a leteck\u00e1 doprava<\/li>\n<li>Celn\u00ed formality<\/li>\n<li>Kr\u00e1tkodob\u00e9 a\u017e dlouhodob\u00e9 skladovac\u00ed prostory<\/li>\n<\/ul>\n<p>JVK je mezin\u00e1rodn\u00ed st\u011bhovac\u00ed a reloka\u010dn\u00ed spole\u010dnost, kter\u00e1 m\u00e1 s\u00ed\u0165 pobo\u010dek v Africe, Asii a Tichomo\u0159\u00ed. Jej\u00ed kancel\u00e1\u0159 se nach\u00e1z\u00ed v Konakry v Guineji, ale byla zalo\u017eena v roce 2005. <a href=\"https:\/\/moverdb.com\/cs\/moving-to-thailand\/\" data-internallinksmanager029f6b8e52c=\"318\" title=\"St\u011bhov\u00e1n\u00ed do Thajska? 2026 N\u00e1klady na bydlen\u00ed a tipy na p\u0159est\u011bhov\u00e1n\u00ed\">Thajsko<\/a> v roce 1979. Je \u010dlenem IAM a m\u00e1 s\u00ed\u0165 mezin\u00e1rodn\u00edch st\u011bhovac\u00edch agent\u016f, kte\u0159\u00ed pom\u00e1haj\u00ed tam, kde nemaj\u00ed pokryt\u00ed.<\/p>\n<p>Spole\u010dnost JVK nab\u00edz\u00ed p\u0159edst\u011bhovac\u00ed pr\u016fzkum, kter\u00fd posoud\u00ed va\u0161e po\u017eadavky na st\u011bhov\u00e1n\u00ed, p\u0159iprav\u00ed n\u00e1vrh st\u011bhov\u00e1n\u00ed a napl\u00e1nuje st\u011bhov\u00e1n\u00ed. Nab\u00edz\u00ed slu\u017eby od dve\u0159\u00ed ke dve\u0159\u00edm, kter\u00e9 zahrnuj\u00ed bezpe\u010dn\u00e9 zabalen\u00ed va\u0161ich v\u011bc\u00ed s pou\u017eit\u00edm vysoce kvalitn\u00edch materi\u00e1l\u016f a speci\u00e1ln\u00edch beden pro k\u0159ehk\u00e9 p\u0159edm\u011bty. Zajist\u00ed p\u0159epravu po silnici, po mo\u0159i nebo letecky a koordinuje celn\u00ed formality.<\/p>\n<p>Webov\u00e9 str\u00e1nky: <a href=\"http:\/\/www.jvkpacific.com\" target=\"_blank\" rel=\"noopener\">http:\/\/www.jvkpacific.com<\/a><\/p>","protected":false},"excerpt":{"rendered":"<p>When you are planning a move whether that is your home or office, it can be stressful time with a lot of logistics to manage and paperwork. This is where employing a moving company can help to ease the burden. Below we have compiled a list of Guinea based removal companies that are members of [&hellip;]<\/p>\n","protected":false},"author":4,"featured_media":0,"parent":190,"menu_order":0,"comment_status":"closed","ping_status":"closed","template":"","meta":{"_genesis_hide_title":false,"_genesis_hide_breadcrumbs":false,"_genesis_hide_singular_image":false,"_genesis_hide_footer_widgets":false,"_genesis_custom_body_class":"","_genesis_custom_post_class":"","_genesis_layout":"","footnotes":""},"class_list":{"0":"post-7514","1":"page","2":"type-page","3":"status-publish","5":"entry","6":"has-post-thumbnail"},"_links":{"self":[{"href":"https:\/\/moverdb.com\/cs\/wp-json\/wp\/v2\/pages\/7514","targetHints":{"allow":["GET"]}}],"collection":[{"href":"https:\/\/moverdb.com\/cs\/wp-json\/wp\/v2\/pages"}],"about":[{"href":"https:\/\/moverdb.com\/cs\/wp-json\/wp\/v2\/types\/page"}],"author":[{"embeddable":true,"href":"https:\/\/moverdb.com\/cs\/wp-json\/wp\/v2\/users\/4"}],"replies":[{"embeddable":true,"href":"https:\/\/moverdb.com\/cs\/wp-json\/wp\/v2\/comments?post=7514"}],"version-history":[{"count":1,"href":"https:\/\/moverdb.com\/cs\/wp-json\/wp\/v2\/pages\/7514\/revisions"}],"predecessor-version":[{"id":7515,"href":"https:\/\/moverdb.com\/cs\/wp-json\/wp\/v2\/pages\/7514\/revisions\/7515"}],"up":[{"embeddable":true,"href":"https:\/\/moverdb.com\/cs\/wp-json\/wp\/v2\/pages\/190"}],"wp:attachment":[{"href":"https:\/\/moverdb.com\/cs\/wp-json\/wp\/v2\/media?parent=7514"}],"curies":[{"name":"wp","href":"https:\/\/api.w.org\/{rel}","templated":true}]}}