{"id":7512,"date":"2023-02-01T13:59:57","date_gmt":"2023-02-01T13:59:57","guid":{"rendered":"https:\/\/moverdb.com\/?page_id=7512"},"modified":"2026-01-08T15:24:16","modified_gmt":"2026-01-08T15:24:16","slug":"stehovani-spolecnosti-guatemala","status":"publish","type":"page","link":"https:\/\/moverdb.com\/cs\/moving-companies\/moving-companies-guatemala\/","title":{"rendered":"3 nejlep\u0161\u00ed mezin\u00e1rodn\u00ed st\u011bhovac\u00ed spole\u010dnosti v Guatemale"},"content":{"rendered":"<p>St\u011bhujete se do Guatemaly, z Guatemaly nebo v r\u00e1mci Guatemaly? Pak by v\u00e1s mohly zaj\u00edmat slu\u017eby spole\u010dnosti <a href=\"https:\/\/moverdb.com\/cs\/moving-companies\/\" data-internallinksmanager029f6b8e52c=\"79\" title=\"Top 25 Mezin\u00e1rodn\u00ed st\u011bhovac\u00ed spole\u010dnosti Online\">st\u011bhovac\u00ed spole\u010dnost<\/a> kter\u00e9 v\u00e1m pomohou s balen\u00edm, p\u0159epravou a celn\u00edmi formalitami. N\u00ed\u017ee jsme sestavili seznam firem se s\u00eddlem v Guatemale. <a href=\"https:\/\/moverdb.com\/cs\/international-removals\/\" data-internallinksmanager029f6b8e52c=\"27\" title=\"36 nejlep\u0161\u00edch mezin\u00e1rodn\u00edch st\u011bhovac\u00edch spole\u010dnost\u00ed ve Velk\u00e9 Brit\u00e1nii\">st\u011bhovac\u00ed firmy<\/a> kter\u00e9 jsou \u010dleny <a href=\"https:\/\/moverdb.com\/cs\/iam\/\" data-internallinksmanager029f6b8e52c=\"23\" title=\"Vysv\u011btlen\u00ed Mezin\u00e1rodn\u00ed asociace st\u011bhov\u00e1k\u016f (IAM)\">Mezin\u00e1rodn\u00ed asociace st\u011bhov\u00e1k\u016f<\/a> (IAM) a\/nebo <a href=\"https:\/\/moverdb.com\/cs\/fidi-faim\/\" data-internallinksmanager029f6b8e52c=\"16\" title=\"Vysv\u011btlen\u00ed FIDI a FAIM (FIDI Accredited International Mover)\">FIDI<\/a> Akreditovan\u00e9 mezin\u00e1rodn\u00ed st\u011bhov\u00e1n\u00ed (FAIM), kter\u00e9 by v\u00e1m mohlo pomoci se st\u011bhov\u00e1n\u00edm.<\/p>\n<h2><strong>1. Brizmud<\/strong><\/h2>\n<p><img loading=\"lazy\" decoding=\"async\" class=\"alignnone size-full wp-image-7422\" src=\"https:\/\/moverdb.com\/wp-content\/uploads\/Brizmud-international-moving-company.png\" alt=\"Brizmud mezin\u00e1rodn\u00ed pohybuj\u00edc\u00ed se spole\u010dnost\" width=\"1440\" height=\"686\" data-wp-pid=\"7422\" srcset=\"https:\/\/moverdb.com\/wp-content\/uploads\/Brizmud-international-moving-company.png 1440w, https:\/\/moverdb.com\/wp-content\/uploads\/Brizmud-international-moving-company-300x143.png 300w, https:\/\/moverdb.com\/wp-content\/uploads\/Brizmud-international-moving-company-1024x488.png 1024w, https:\/\/moverdb.com\/wp-content\/uploads\/Brizmud-international-moving-company-18x9.png 18w, https:\/\/moverdb.com\/wp-content\/uploads\/Brizmud-international-moving-company-600x286.png 600w\" sizes=\"auto, (max-width: 1440px) 100vw, 1440px\" \/><\/p>\n<ul>\n<li>Vnitrost\u00e1tn\u00ed st\u011bhov\u00e1n\u00ed<\/li>\n<li>Mezin\u00e1rodn\u00ed st\u011bhov\u00e1n\u00ed<\/li>\n<li>St\u011bhovac\u00ed slu\u017eby<\/li>\n<li>St\u011bhov\u00e1n\u00ed dom\u00e1cnost\u00ed<\/li>\n<li>Balic\u00ed slu\u017eby<\/li>\n<li>Silni\u010dn\u00ed, n\u00e1mo\u0159n\u00ed a leteck\u00e1 doprava<\/li>\n<li>Celn\u00ed doklady<\/li>\n<li>P\u0159eprava um\u011bleck\u00fdch d\u011bl<\/li>\n<li>S\u00ed\u0165 mezin\u00e1rodn\u00edch agent\u016f<\/li>\n<li>Skladovac\u00ed prostory<\/li>\n<\/ul>\n<p>Brizmud je m\u00edstn\u00ed a mezin\u00e1rodn\u00ed st\u011bhovac\u00ed spole\u010dnost se s\u00eddlem v Guatemale. Poskytuje st\u011bhovac\u00ed a reloka\u010dn\u00ed slu\u017eby pro dom\u00e1cnosti. Disponuj\u00ed s\u00edt\u00ed kvalifikovan\u00fdch dodavatel\u016f a agent\u016f, kter\u00e1 jim umo\u017e\u0148uje p\u016fsobit i v jin\u00fdch zem\u00edch. Jsou \u010dlenem IAM s p\u011btilet\u00fdm p\u016fsoben\u00edm.<\/p>\n<p>Spole\u010dnost Brizmud poskytuje sv\u00fdm klient\u016fm individu\u00e1ln\u00ed p\u00e9\u010di, kter\u00e1 zahrnuje p\u0159izp\u016fsoben\u00ed nab\u00eddky st\u011bhov\u00e1n\u00ed pot\u0159eb\u00e1m klient\u016f. Poskytuje \u0159adu st\u011bhovac\u00edch slu\u017eeb, kter\u00e9 zahrnuj\u00ed bezpe\u010dn\u00e9 zabalen\u00ed v\u011bc\u00ed, zaji\u0161t\u011bn\u00ed tranzitu po silnici, po mo\u0159i nebo letecky a celn\u00ed podporu p\u0159i vypl\u0148ov\u00e1n\u00ed dokument\u016f. V p\u0159\u00edpad\u011b pot\u0159eby nab\u00edz\u00ed tak\u00e9 skladovac\u00ed prostory.<\/p>\n<p>Webov\u00e9 str\u00e1nky: <a href=\"https:\/\/brizmud.com\/\" target=\"_blank\" rel=\"noopener\">https:\/\/brizmud.com\/<\/a><\/p>\n<h2><strong>2. Intermud<\/strong><\/h2>\n<p><img loading=\"lazy\" decoding=\"async\" class=\"alignnone size-full wp-image-7457\" src=\"https:\/\/moverdb.com\/wp-content\/uploads\/Intermud-international-moving-company.png\" alt=\"Intermud mezin\u00e1rodn\u00ed pohybuj\u00edc\u00ed se spole\u010dnost\" width=\"1440\" height=\"683\" data-wp-pid=\"7457\" srcset=\"https:\/\/moverdb.com\/wp-content\/uploads\/Intermud-international-moving-company.png 1440w, https:\/\/moverdb.com\/wp-content\/uploads\/Intermud-international-moving-company-300x142.png 300w, https:\/\/moverdb.com\/wp-content\/uploads\/Intermud-international-moving-company-1024x486.png 1024w, https:\/\/moverdb.com\/wp-content\/uploads\/Intermud-international-moving-company-18x9.png 18w, https:\/\/moverdb.com\/wp-content\/uploads\/Intermud-international-moving-company-600x285.png 600w\" sizes=\"auto, (max-width: 1440px) 100vw, 1440px\" \/><\/p>\n<ul>\n<li>St\u011bhov\u00e1n\u00ed na n\u00e1rodn\u00ed \u00farovni<\/li>\n<li>Mezin\u00e1rodn\u00ed p\u0159esuny<\/li>\n<li>St\u011bhov\u00e1n\u00ed do obytn\u00fdch prostor<\/li>\n<li>St\u011bhov\u00e1n\u00ed kancel\u00e1\u0159\u00ed<\/li>\n<li>Poradenstv\u00ed p\u0159i st\u011bhov\u00e1n\u00ed<\/li>\n<li>Balic\u00ed slu\u017eby<\/li>\n<li>Demont\u00e1\u017e a mont\u00e1\u017e n\u00e1bytku<\/li>\n<li>Pozemn\u00ed, n\u00e1mo\u0159n\u00ed a leteck\u00e1 doprava<\/li>\n<li>Celn\u00ed podpora<\/li>\n<li>Skladovac\u00ed prostory<\/li>\n<\/ul>\n<p>Intermud je st\u011bhovac\u00ed a logistick\u00e1 spole\u010dnost se s\u00eddlem v Guatemale, kter\u00e1 m\u00e1 v\u00edce ne\u017e 35 let zku\u0161enost\u00ed se st\u011bhov\u00e1n\u00edm. Je \u010dlenem IAM se 40letou prax\u00ed a m\u00e1 akreditaci FIDI. D\u00edky sv\u00e9mu \u010dlenstv\u00ed maj\u00ed p\u0159\u00edstup k mezin\u00e1rodn\u00ed s\u00edti st\u011bhovac\u00edch agent\u016f, kte\u0159\u00ed jim pom\u00e1haj\u00ed se st\u011bhov\u00e1n\u00edm do zahrani\u010d\u00ed.<\/p>\n<p>Spole\u010dnost Intermud nab\u00edz\u00ed st\u011bhov\u00e1n\u00ed byt\u016f i kancel\u00e1\u0159\u00ed na m\u00edstn\u00ed i mezin\u00e1rodn\u00ed \u00farovni. Pro klienty z \u0159ad dom\u00e1cnost\u00ed poskytuje balic\u00ed a vybalovac\u00ed slu\u017eby, do\u010dasn\u00fd pron\u00e1jem n\u00e1bytku a skladovac\u00ed prostory. Pro st\u011bhov\u00e1n\u00ed kancel\u00e1\u0159\u00ed zaji\u0161\u0165uj\u00ed slu\u017eby od mal\u00fdch kancel\u00e1\u0159\u00ed a\u017e po velk\u00e9 budovy, kter\u00e9 zahrnuj\u00ed balic\u00ed a vybalovac\u00ed slu\u017eby, demont\u00e1\u017e a mont\u00e1\u017e n\u00e1bytku a bezpe\u010dn\u00e9 balen\u00ed elektronick\u00fdch za\u0159\u00edzen\u00ed.<\/p>\n<p>Webov\u00e9 str\u00e1nky: <a href=\"http:\/\/www.intermud.com\" target=\"_blank\" rel=\"noopener\">http:\/\/www.intermud.com<\/a><\/p>\n<h2><strong>3. Swiss Global Movers<\/strong><\/h2>\n<p><img loading=\"lazy\" decoding=\"async\" class=\"alignnone size-full wp-image-7493\" src=\"https:\/\/moverdb.com\/wp-content\/uploads\/Swiss-Global-Movers-international-moving-company.png\" alt=\"Swiss Global Movers mezin\u00e1rodn\u00ed st\u011bhov\u00e1n\u00ed spole\u010dnost\" width=\"1440\" height=\"683\" data-wp-pid=\"7493\" srcset=\"https:\/\/moverdb.com\/wp-content\/uploads\/Swiss-Global-Movers-international-moving-company.png 1440w, https:\/\/moverdb.com\/wp-content\/uploads\/Swiss-Global-Movers-international-moving-company-300x142.png 300w, https:\/\/moverdb.com\/wp-content\/uploads\/Swiss-Global-Movers-international-moving-company-1024x486.png 1024w, https:\/\/moverdb.com\/wp-content\/uploads\/Swiss-Global-Movers-international-moving-company-18x9.png 18w, https:\/\/moverdb.com\/wp-content\/uploads\/Swiss-Global-Movers-international-moving-company-600x285.png 600w\" sizes=\"auto, (max-width: 1440px) 100vw, 1440px\" \/><\/p>\n<ul>\n<li>M\u00edstn\u00ed p\u0159esuny<\/li>\n<li>Mezin\u00e1rodn\u00ed p\u0159esuny<\/li>\n<li>St\u011bhov\u00e1n\u00ed dom\u00e1cnost\u00ed<\/li>\n<li>St\u011bhov\u00e1n\u00ed firem<\/li>\n<li>\u0158e\u0161en\u00ed od dve\u0159\u00ed ke dve\u0159\u00edm<\/li>\n<li>Kvalifikovan\u00fd person\u00e1l<\/li>\n<li>Balic\u00ed slu\u017eba<\/li>\n<li>Zaji\u0161t\u011bn\u00ed dopravy<\/li>\n<li>Celn\u00ed slu\u017eby<\/li>\n<li>Skladovac\u00ed prostory<\/li>\n<\/ul>\n<p>Swiss Global Movers je st\u011bhovac\u00ed a logistick\u00e1 spole\u010dnost se s\u00eddlem v Guatemala City, kter\u00e1 m\u00e1 v\u00edce ne\u017e 20 let zku\u0161enost\u00ed. Spolupracuje s dal\u0161\u00edmi subjekty a poskytuje komplexn\u00ed slu\u017eby s celosv\u011btovou p\u016fsobnost\u00ed. Jsou \u010dlenem IAM s 42letou tradic\u00ed.<\/p>\n<p>Spole\u010dnost Swiss Global Movers poskytuje kvalifikovan\u00fd person\u00e1l, kter\u00fd v\u00e1m porad\u00ed a pom\u016f\u017ee p\u0159i pl\u00e1nov\u00e1n\u00ed st\u011bhov\u00e1n\u00ed. Poskytuj\u00ed slu\u017eby od dve\u0159\u00ed ke dve\u0159\u00edm, kter\u00e9 zahrnuj\u00ed balic\u00ed a vybalovac\u00ed slu\u017eby, a v p\u0159\u00edpad\u011b pot\u0159eby mohou nab\u00eddnout do\u010dasn\u00e9 skladov\u00e1n\u00ed. Zajist\u00ed p\u0159epravu va\u0161ich v\u011bc\u00ed v\u010detn\u011b \u0159\u00edzen\u00ed dovozn\u00edch a v\u00fdvozn\u00edch proces\u016f s celn\u00edmi slu\u017ebami.<\/p>\n<p>Webov\u00e9 str\u00e1nky: <a href=\"https:\/\/swissglobalmovers.com.gt\/\" target=\"_blank\" rel=\"noopener\">https:\/\/swissglobalmovers.com.gt\/<\/a><\/p>","protected":false},"excerpt":{"rendered":"<p>Are you moving to or from, or within Guatemala? Then you might be interested in the services of a moving company that can assist with packing, transportation and customs formalities. Below we have compiled a list of Guatemala based removal companies that are members of the International Association of Movers (IAM) and\/or FIDI Accredited International [&hellip;]<\/p>\n","protected":false},"author":4,"featured_media":0,"parent":190,"menu_order":0,"comment_status":"closed","ping_status":"closed","template":"","meta":{"_genesis_hide_title":false,"_genesis_hide_breadcrumbs":false,"_genesis_hide_singular_image":false,"_genesis_hide_footer_widgets":false,"_genesis_custom_body_class":"","_genesis_custom_post_class":"","_genesis_layout":"","footnotes":""},"class_list":{"0":"post-7512","1":"page","2":"type-page","3":"status-publish","5":"entry","6":"has-post-thumbnail"},"_links":{"self":[{"href":"https:\/\/moverdb.com\/cs\/wp-json\/wp\/v2\/pages\/7512","targetHints":{"allow":["GET"]}}],"collection":[{"href":"https:\/\/moverdb.com\/cs\/wp-json\/wp\/v2\/pages"}],"about":[{"href":"https:\/\/moverdb.com\/cs\/wp-json\/wp\/v2\/types\/page"}],"author":[{"embeddable":true,"href":"https:\/\/moverdb.com\/cs\/wp-json\/wp\/v2\/users\/4"}],"replies":[{"embeddable":true,"href":"https:\/\/moverdb.com\/cs\/wp-json\/wp\/v2\/comments?post=7512"}],"version-history":[{"count":1,"href":"https:\/\/moverdb.com\/cs\/wp-json\/wp\/v2\/pages\/7512\/revisions"}],"predecessor-version":[{"id":7513,"href":"https:\/\/moverdb.com\/cs\/wp-json\/wp\/v2\/pages\/7512\/revisions\/7513"}],"up":[{"embeddable":true,"href":"https:\/\/moverdb.com\/cs\/wp-json\/wp\/v2\/pages\/190"}],"wp:attachment":[{"href":"https:\/\/moverdb.com\/cs\/wp-json\/wp\/v2\/media?parent=7512"}],"curies":[{"name":"wp","href":"https:\/\/api.w.org\/{rel}","templated":true}]}}