{"id":7508,"date":"2023-02-01T13:58:25","date_gmt":"2023-02-01T13:58:25","guid":{"rendered":"https:\/\/moverdb.com\/?page_id=7508"},"modified":"2026-01-08T15:23:42","modified_gmt":"2026-01-08T15:23:42","slug":"stehovani-firem-ghana","status":"publish","type":"page","link":"https:\/\/moverdb.com\/cs\/moving-companies\/moving-companies-ghana\/","title":{"rendered":"2 Nejlep\u0161\u00ed mezin\u00e1rodn\u00ed st\u011bhovac\u00ed spole\u010dnosti v Ghan\u011b"},"content":{"rendered":"<p>Pl\u00e1nujete se p\u0159est\u011bhovat do Ghany, z Ghany nebo do Ghany? Pak by v\u00e1s mohlo zaj\u00edmat vyu\u017eit\u00ed slu\u017eeb profesion\u00e1ln\u00edho st\u011bhov\u00e1n\u00ed. <a href=\"https:\/\/moverdb.com\/cs\/moving-companies\/\" data-internallinksmanager029f6b8e52c=\"79\" title=\"Top 25 Mezin\u00e1rodn\u00ed st\u011bhovac\u00ed spole\u010dnosti Online\">st\u011bhovac\u00ed spole\u010dnost<\/a> kter\u00e1 v\u00e1m pom\u016f\u017ee se st\u011bhov\u00e1n\u00edm a vy\u0159\u00edd\u00ed pap\u00edrov\u00e1n\u00ed. N\u00ed\u017ee jsme sestavili seznam firem z Ghany. <a href=\"https:\/\/moverdb.com\/cs\/international-removals\/\" data-internallinksmanager029f6b8e52c=\"27\" title=\"36 nejlep\u0161\u00edch mezin\u00e1rodn\u00edch st\u011bhovac\u00edch spole\u010dnost\u00ed ve Velk\u00e9 Brit\u00e1nii\">st\u011bhovac\u00ed firmy<\/a> kter\u00e9 jsou \u010dleny <a href=\"https:\/\/moverdb.com\/cs\/iam\/\" data-internallinksmanager029f6b8e52c=\"23\" title=\"Vysv\u011btlen\u00ed Mezin\u00e1rodn\u00ed asociace st\u011bhov\u00e1k\u016f (IAM)\">Mezin\u00e1rodn\u00ed asociace st\u011bhov\u00e1k\u016f<\/a> (IAM) a\/nebo <a href=\"https:\/\/moverdb.com\/cs\/fidi-faim\/\" data-internallinksmanager029f6b8e52c=\"16\" title=\"Vysv\u011btlen\u00ed FIDI a FAIM (FIDI Accredited International Mover)\">FIDI<\/a> Akreditovan\u00e9 mezin\u00e1rodn\u00ed st\u011bhov\u00e1n\u00ed (FAIM), kter\u00e9 by v\u00e1m mohlo pomoci se st\u011bhov\u00e1n\u00edm.<\/p>\n<h2><strong>1. Celosv\u011btov\u00e9 st\u011bhov\u00e1n\u00ed<\/strong><\/h2>\n<p><img loading=\"lazy\" decoding=\"async\" class=\"alignnone size-full wp-image-7498\" src=\"https:\/\/moverdb.com\/wp-content\/uploads\/Worldwide-Movers-Ghana-international-moving-company.png\" alt=\"Worldwide Movers Ghana mezin\u00e1rodn\u00ed st\u011bhov\u00e1n\u00ed spole\u010dnost\" width=\"1440\" height=\"675\" data-wp-pid=\"7498\" srcset=\"https:\/\/moverdb.com\/wp-content\/uploads\/Worldwide-Movers-Ghana-international-moving-company.png 1440w, https:\/\/moverdb.com\/wp-content\/uploads\/Worldwide-Movers-Ghana-international-moving-company-300x141.png 300w, https:\/\/moverdb.com\/wp-content\/uploads\/Worldwide-Movers-Ghana-international-moving-company-1024x480.png 1024w, https:\/\/moverdb.com\/wp-content\/uploads\/Worldwide-Movers-Ghana-international-moving-company-18x8.png 18w, https:\/\/moverdb.com\/wp-content\/uploads\/Worldwide-Movers-Ghana-international-moving-company-600x281.png 600w\" sizes=\"auto, (max-width: 1440px) 100vw, 1440px\" \/><\/p>\n<ul>\n<li>St\u011bhov\u00e1n\u00ed na n\u00e1rodn\u00ed \u00farovni<\/li>\n<li>Mezin\u00e1rodn\u00ed p\u0159esuny<\/li>\n<li>St\u011bhov\u00e1n\u00ed dom\u00e1cnost\u00ed<\/li>\n<li>St\u011bhov\u00e1n\u00ed kancel\u00e1\u0159\u00ed<\/li>\n<li>Slu\u017eba od dve\u0159\u00ed ke dve\u0159\u00edm<\/li>\n<li>Silni\u010dn\u00ed, n\u00e1mo\u0159n\u00ed a leteck\u00e1 doprava<\/li>\n<li>Podpora p\u0159i vy\u0159izov\u00e1n\u00ed celn\u00edch formalit<\/li>\n<li>P\u0159eprava dom\u00e1c\u00edch zv\u00ed\u0159at<\/li>\n<li>Orienta\u010dn\u00ed slu\u017eby<\/li>\n<li>Skladovac\u00ed prostory<\/li>\n<\/ul>\n<p>Worldwide Movers je mezin\u00e1rodn\u00ed st\u011bhovac\u00ed spole\u010dnost s pobo\u010dkami po cel\u00e9m sv\u011bt\u011b v\u010detn\u011b jedn\u00e9 v Ghan\u011b, kter\u00e1 byla zalo\u017eena v roce 2013 v Akk\u0159e. Je dr\u017eitelem africk\u00e9ho zlat\u00e9ho standardu pro st\u011bhov\u00e1n\u00ed a tak\u00e9 \u010dlenem IAM s desetiletou prax\u00ed.<\/p>\n<p>Spole\u010dnost Worldwide Movers nab\u00edz\u00ed slu\u017ebu st\u011bhov\u00e1n\u00ed od dve\u0159\u00ed ke dve\u0159\u00edm, kter\u00e1 za\u010d\u00edn\u00e1 pr\u016fzkumem pro stanoven\u00ed cenov\u00e9 nab\u00eddky. Zajist\u00ed p\u0159epravu po silnici, po mo\u0159i nebo letecky a porad\u00ed v\u00e1m s celn\u00edmi p\u0159edpisy a poji\u0161t\u011bn\u00edm. Nab\u00edzej\u00ed tak\u00e9 dal\u0161\u00ed slu\u017eby, kter\u00e9 v\u00e1m pomohou se usadit, v\u010detn\u011b orienta\u010dn\u00ed slu\u017eby pro sezn\u00e1men\u00ed se s oblast\u00ed a podpory p\u0159i hled\u00e1n\u00ed ubytov\u00e1n\u00ed a \u0161kol.<\/p>\n<p>Webov\u00e9 str\u00e1nky: <a href=\"https:\/\/www.worldwidemoversafrica.com\/countries\/ghana\/\" target=\"_blank\" rel=\"noopener\">https:\/\/www.worldwidemoversafrica.com\/countries\/ghana\/<\/a><\/p>\n<h2><strong>2. Doxa Worldwide Movers<\/strong><\/h2>\n<p><img loading=\"lazy\" decoding=\"async\" class=\"alignnone size-full wp-image-7436\" src=\"https:\/\/moverdb.com\/wp-content\/uploads\/Doxa-Worldwide-Movers-international-moving-company.png\" alt=\"Doxa Worldwide Movers mezin\u00e1rodn\u00ed st\u011bhov\u00e1n\u00ed spole\u010dnost\" width=\"1440\" height=\"686\" data-wp-pid=\"7436\" srcset=\"https:\/\/moverdb.com\/wp-content\/uploads\/Doxa-Worldwide-Movers-international-moving-company.png 1440w, https:\/\/moverdb.com\/wp-content\/uploads\/Doxa-Worldwide-Movers-international-moving-company-300x143.png 300w, https:\/\/moverdb.com\/wp-content\/uploads\/Doxa-Worldwide-Movers-international-moving-company-1024x488.png 1024w, https:\/\/moverdb.com\/wp-content\/uploads\/Doxa-Worldwide-Movers-international-moving-company-18x9.png 18w, https:\/\/moverdb.com\/wp-content\/uploads\/Doxa-Worldwide-Movers-international-moving-company-600x286.png 600w\" sizes=\"auto, (max-width: 1440px) 100vw, 1440px\" \/><\/p>\n<ul>\n<li>St\u011bhov\u00e1n\u00ed na n\u00e1rodn\u00ed \u00farovni<\/li>\n<li>Mezin\u00e1rodn\u00ed p\u0159esuny<\/li>\n<li>St\u011bhov\u00e1n\u00ed do obytn\u00fdch prostor<\/li>\n<li>St\u011bhov\u00e1n\u00ed firem<\/li>\n<li>Podomn\u00ed prodej nebo <a href=\"https:\/\/moverdb.com\/cs\/top-49-container-ports\/\" data-internallinksmanager029f6b8e52c=\"80\" title=\"49 nejv\u011bt\u0161\u00edch a nejru\u0161n\u011bj\u0161\u00edch kontejnerov\u00fdch p\u0159\u00edstav\u016f v roce 2025\">p\u0159\u00edstav<\/a>-slu\u017eby mezi p\u0159\u00edstavy<\/li>\n<li>Balic\u00ed slu\u017eba<\/li>\n<li>Speci\u00e1ln\u00ed d\u00fdhov\u00e9 nebo d\u0159ev\u011bn\u00e9 krabice<\/li>\n<li>Pozemn\u00ed, leteck\u00e1 nebo n\u00e1mo\u0159n\u00ed doprava<\/li>\n<li>Celn\u00ed odbaven\u00ed<\/li>\n<li>Zabezpe\u010den\u00e9 skladovac\u00ed prostory<\/li>\n<\/ul>\n<p>Doxa Worldwide Movers je ghansk\u00e1 spedi\u010dn\u00ed spole\u010dnost, kter\u00e1 funguje ji\u017e 20 let. Je \u010dlenem IAM s 28letou prax\u00ed a toto \u010dlenstv\u00ed jim umo\u017e\u0148uje p\u0159\u00edstup k \u0161irok\u00e9 s\u00edti st\u011bhovac\u00edch agent\u016f po cel\u00e9m sv\u011bt\u011b, kte\u0159\u00ed jim pom\u00e1haj\u00ed.<\/p>\n<p>Spole\u010dnost Doxa Worldwide Movers nab\u00edz\u00ed slu\u017ebu od dve\u0159\u00ed ke dve\u0159\u00edm nebo od p\u0159\u00edstavu k p\u0159\u00edstavu. Poskytuje balic\u00ed slu\u017eby podle mezin\u00e1rodn\u00edch standard\u016f s pou\u017eit\u00edm \u0159ady balic\u00edch materi\u00e1l\u016f a v p\u0159\u00edpad\u011b pot\u0159eby i speci\u00e1ln\u00edch d\u00fdhov\u00fdch nebo d\u0159ev\u011bn\u00fdch krabic, kter\u00e9 chr\u00e1n\u00ed va\u0161e v\u011bci p\u0159i p\u0159eprav\u011b. Poskytuj\u00ed mo\u017enost volby p\u0159epravy po zemi, po mo\u0159i nebo letecky a pom\u00e1haj\u00ed s celn\u00edm odbaven\u00edm.<\/p>\n<p>Webov\u00e9 str\u00e1nky: <a href=\"https:\/\/doxaworldwidemovers.com\" target=\"_blank\" rel=\"noopener\">https:\/\/doxaworldwidemovers.com<\/a><\/p>","protected":false},"excerpt":{"rendered":"<p>Are you planning a move in, from or to Ghana? Then you might be interested in employing the services of a professional moving company that can assist with moving your belongings and handle the paperwork. Below we have compiled a list of Ghana based removal companies that are members of the International Association of Movers [&hellip;]<\/p>\n","protected":false},"author":4,"featured_media":0,"parent":190,"menu_order":0,"comment_status":"closed","ping_status":"closed","template":"","meta":{"_genesis_hide_title":false,"_genesis_hide_breadcrumbs":false,"_genesis_hide_singular_image":false,"_genesis_hide_footer_widgets":false,"_genesis_custom_body_class":"","_genesis_custom_post_class":"","_genesis_layout":"","footnotes":""},"class_list":{"0":"post-7508","1":"page","2":"type-page","3":"status-publish","5":"entry","6":"has-post-thumbnail"},"_links":{"self":[{"href":"https:\/\/moverdb.com\/cs\/wp-json\/wp\/v2\/pages\/7508","targetHints":{"allow":["GET"]}}],"collection":[{"href":"https:\/\/moverdb.com\/cs\/wp-json\/wp\/v2\/pages"}],"about":[{"href":"https:\/\/moverdb.com\/cs\/wp-json\/wp\/v2\/types\/page"}],"author":[{"embeddable":true,"href":"https:\/\/moverdb.com\/cs\/wp-json\/wp\/v2\/users\/4"}],"replies":[{"embeddable":true,"href":"https:\/\/moverdb.com\/cs\/wp-json\/wp\/v2\/comments?post=7508"}],"version-history":[{"count":1,"href":"https:\/\/moverdb.com\/cs\/wp-json\/wp\/v2\/pages\/7508\/revisions"}],"predecessor-version":[{"id":7509,"href":"https:\/\/moverdb.com\/cs\/wp-json\/wp\/v2\/pages\/7508\/revisions\/7509"}],"up":[{"embeddable":true,"href":"https:\/\/moverdb.com\/cs\/wp-json\/wp\/v2\/pages\/190"}],"wp:attachment":[{"href":"https:\/\/moverdb.com\/cs\/wp-json\/wp\/v2\/media?parent=7508"}],"curies":[{"name":"wp","href":"https:\/\/api.w.org\/{rel}","templated":true}]}}