{"id":6049,"date":"2023-02-01T13:40:08","date_gmt":"2023-02-01T13:40:08","guid":{"rendered":"https:\/\/moverdb.com\/?page_id=6049"},"modified":"2026-01-08T15:24:41","modified_gmt":"2026-01-08T15:24:41","slug":"moving-companies-fiji","status":"publish","type":"page","link":"https:\/\/moverdb.com\/cs\/moving-companies\/moving-companies-fiji\/","title":{"rendered":"4 Nejlep\u0161\u00ed mezin\u00e1rodn\u00ed st\u011bhovac\u00ed spole\u010dnosti na Fid\u017ei"},"content":{"rendered":"<p>Pokud pl\u00e1nujete st\u011bhov\u00e1n\u00ed na Fid\u017ei, z Fid\u017ei nebo v r\u00e1mci Fid\u017ei, mo\u017en\u00e1 budete cht\u00edt vyu\u017e\u00edt slu\u017eeb renomovan\u00e9 firmy. <a href=\"https:\/\/moverdb.com\/cs\/moving-companies\/\" data-internallinksmanager029f6b8e52c=\"79\" title=\"Top 25 Mezin\u00e1rodn\u00ed st\u011bhovac\u00ed spole\u010dnosti Online\">st\u011bhovac\u00ed spole\u010dnost<\/a> aby v\u00e1m pomohl. N\u00ed\u017ee jsme pro v\u00e1s p\u0159ipravili seznam fid\u017eijsk\u00fdch zem\u00ed. <a href=\"https:\/\/moverdb.com\/cs\/international-removals\/\" data-internallinksmanager029f6b8e52c=\"27\" title=\"36 nejlep\u0161\u00edch mezin\u00e1rodn\u00edch st\u011bhovac\u00edch spole\u010dnost\u00ed ve Velk\u00e9 Brit\u00e1nii\">st\u011bhovac\u00ed firmy<\/a> kter\u00e9 jsou \u010dleny <a href=\"https:\/\/moverdb.com\/cs\/iam\/\" data-internallinksmanager029f6b8e52c=\"23\" title=\"Vysv\u011btlen\u00ed Mezin\u00e1rodn\u00ed asociace st\u011bhov\u00e1k\u016f (IAM)\">Mezin\u00e1rodn\u00ed asociace st\u011bhov\u00e1k\u016f<\/a> (IAM) a\/nebo <a href=\"https:\/\/moverdb.com\/cs\/fidi-faim\/\" data-internallinksmanager029f6b8e52c=\"16\" title=\"Vysv\u011btlen\u00ed FIDI a FAIM (FIDI Accredited International Mover)\">FIDI<\/a> Akreditovan\u00e9 mezin\u00e1rodn\u00ed st\u011bhov\u00e1n\u00ed (FAIM), kter\u00e9 by v\u00e1m mohlo pomoci se st\u011bhov\u00e1n\u00edm.<\/p>\n<div id=\"ez-toc-container\" class=\"ez-toc-v2_0_82_2 ez-toc-wrap-left counter-hierarchy ez-toc-counter ez-toc-transparent ez-toc-container-direction\">\n<div class=\"ez-toc-title-container\">\n<p class=\"ez-toc-title\" style=\"cursor:inherit\">Sekce<\/p>\n<span class=\"ez-toc-title-toggle\"><a href=\"#\" class=\"ez-toc-pull-right ez-toc-btn ez-toc-btn-xs ez-toc-btn-default ez-toc-toggle\" aria-label=\"P\u0159epnut\u00ed tabulky obsahu\"><span class=\"ez-toc-js-icon-con\"><span class=\"\"><span class=\"eztoc-hide\" style=\"display:none;\">P\u0159ep\u00edna\u010d<\/span><span class=\"ez-toc-icon-toggle-span\"><svg style=\"fill: #999;color:#999\" xmlns=\"http:\/\/www.w3.org\/2000\/svg\" class=\"list-377408\" width=\"20px\" height=\"20px\" viewbox=\"0 0 24 24\" fill=\"none\"><path d=\"M6 6H4v2h2V6zm14 0H8v2h12V6zM4 11h2v2H4v-2zm16 0H8v2h12v-2zM4 16h2v2H4v-2zm16 0H8v2h12v-2z\" fill=\"currentColor\"><\/path><\/svg><svg style=\"fill: #999;color:#999\" class=\"arrow-unsorted-368013\" xmlns=\"http:\/\/www.w3.org\/2000\/svg\" width=\"10px\" height=\"10px\" viewbox=\"0 0 24 24\" version=\"1.2\" baseprofile=\"tiny\"><path d=\"M18.2 9.3l-6.2-6.3-6.2 6.3c-.2.2-.3.4-.3.7s.1.5.3.7c.2.2.4.3.7.3h11c.3 0 .5-.1.7-.3.2-.2.3-.5.3-.7s-.1-.5-.3-.7zM5.8 14.7l6.2 6.3 6.2-6.3c.2-.2.3-.5.3-.7s-.1-.5-.3-.7c-.2-.2-.4-.3-.7-.3h-11c-.3 0-.5.1-.7.3-.2.2-.3.5-.3.7s.1.5.3.7z\"\/><\/svg><\/span><\/span><\/span><\/a><\/span><\/div>\n<nav><ul class='ez-toc-list ez-toc-list-level-1 eztoc-toggle-hide-by-default' ><li class='ez-toc-page-1 ez-toc-heading-level-2'><a class=\"ez-toc-link ez-toc-heading-1\" href=\"https:\/\/moverdb.com\/cs\/moving-companies\/moving-companies-fiji\/#1_All_Freight_Logistics\" >1. Ve\u0161ker\u00e1 logistika n\u00e1kladn\u00ed dopravy<\/a><\/li><li class='ez-toc-page-1 ez-toc-heading-level-2'><a class=\"ez-toc-link ez-toc-heading-2\" href=\"https:\/\/moverdb.com\/cs\/moving-companies\/moving-companies-fiji\/#2_Freight_Services\" >2. Slu\u017eby n\u00e1kladn\u00ed dopravy<\/a><\/li><li class='ez-toc-page-1 ez-toc-heading-level-2'><a class=\"ez-toc-link ez-toc-heading-3\" href=\"https:\/\/moverdb.com\/cs\/moving-companies\/moving-companies-fiji\/#3_Movements_International\" >3. Mezin\u00e1rodn\u00ed hnut\u00ed<\/a><\/li><li class='ez-toc-page-1 ez-toc-heading-level-2'><a class=\"ez-toc-link ez-toc-heading-4\" href=\"https:\/\/moverdb.com\/cs\/moving-companies\/moving-companies-fiji\/#4_JVK_Magellan_International\" >4. JVK Magellan International<\/a><\/li><\/ul><\/nav><\/div>\n<h2><span class=\"ez-toc-section\" id=\"1_All_Freight_Logistics\"><\/span><strong>1. Ve\u0161ker\u00e1 logistika n\u00e1kladn\u00ed dopravy<\/strong><span class=\"ez-toc-section-end\"><\/span><\/h2>\n<p><img loading=\"lazy\" decoding=\"async\" class=\"alignnone size-full wp-image-5923\" src=\"https:\/\/moverdb.com\/wp-content\/uploads\/All-Freight-Logistics-international-moving-company.png\" alt=\"All Freight Logistics mezin\u00e1rodn\u00ed st\u011bhov\u00e1n\u00ed spole\u010dnost\" width=\"1440\" height=\"680\" data-wp-pid=\"5923\" srcset=\"https:\/\/moverdb.com\/wp-content\/uploads\/All-Freight-Logistics-international-moving-company.png 1440w, https:\/\/moverdb.com\/wp-content\/uploads\/All-Freight-Logistics-international-moving-company-300x142.png 300w, https:\/\/moverdb.com\/wp-content\/uploads\/All-Freight-Logistics-international-moving-company-1024x484.png 1024w, https:\/\/moverdb.com\/wp-content\/uploads\/All-Freight-Logistics-international-moving-company-18x9.png 18w, https:\/\/moverdb.com\/wp-content\/uploads\/All-Freight-Logistics-international-moving-company-600x283.png 600w\" sizes=\"auto, (max-width: 1440px) 100vw, 1440px\" \/><\/p>\n<ul>\n<li>M\u00edstn\u00ed a vnitrost\u00e1tn\u00ed p\u0159esuny<\/li>\n<li>Mezin\u00e1rodn\u00ed p\u0159esuny<\/li>\n<li>St\u011bhov\u00e1n\u00ed dom\u00e1cnost\u00ed<\/li>\n<li>St\u011bhov\u00e1n\u00ed kancel\u00e1\u0159\u00ed<\/li>\n<li>Slu\u017eba od dve\u0159\u00ed ke dve\u0159\u00edm<\/li>\n<li>Modern\u00ed technologie a zdroje<\/li>\n<li>Pozemn\u00ed, n\u00e1mo\u0159n\u00ed a leteck\u00e1 n\u00e1kladn\u00ed doprava<\/li>\n<li>Dokumentace n\u00e1kladu a celn\u00ed odbaven\u00ed<\/li>\n<li>N\u00e1mo\u0159n\u00ed poji\u0161t\u011bn\u00ed v\u0161ech rizik<\/li>\n<li>Skladovac\u00ed prostory<\/li>\n<\/ul>\n<p>All Freight Logistics je st\u011bhovac\u00ed a spedi\u010dn\u00ed slu\u017eba se s\u00eddlem na Fid\u017ei, kter\u00e1 byla zalo\u017eena v roce 2010. Pobo\u010dky m\u00e1 v Suv\u011b, Lautoce, Nadi a Aucklandu. Spolupracuj\u00ed s mezin\u00e1rodn\u00edmi st\u011bhovac\u00edmi agenturami po cel\u00e9m sv\u011bt\u011b a zaji\u0161\u0165uj\u00ed mezin\u00e1rodn\u00ed st\u011bhov\u00e1n\u00ed. Jsou \u010dlenem IAM s dvan\u00e1ctiletou p\u016fsobnost\u00ed.<\/p>\n<p>Spole\u010dnost All Freight Logistics nab\u00edz\u00ed slu\u017eby st\u011bhov\u00e1n\u00ed dom\u00e1cnost\u00ed a kancel\u00e1\u0159\u00ed od dve\u0159\u00ed ke dve\u0159\u00edm. Nab\u00edz\u00ed celou \u0159adu mo\u017enost\u00ed p\u0159epravy, v\u010detn\u011b leteck\u00e9 a n\u00e1mo\u0159n\u00ed p\u0159epravy, kter\u00e9 jsou p\u0159izp\u016fsobeny va\u0161im pot\u0159eb\u00e1m, jako je nap\u0159\u00edklad p\u0159eprava cel\u00fdch kontejner\u016f nebo p\u0159eprava men\u0161\u00edch n\u00e1klad\u016f ne\u017e kontejner\u016f. Poskytuj\u00ed tak\u00e9 pomoc s dokumentac\u00ed n\u00e1kladu a celn\u00edm odbaven\u00edm.<\/p>\n<p>Webov\u00e9 str\u00e1nky: <a href=\"http:\/\/www.allfreightfiji.com.fj\" target=\"_blank\" rel=\"noopener\">http:\/\/www.allfreightfiji.com.fj<\/a><\/p>\n<h2><span class=\"ez-toc-section\" id=\"2_Freight_Services\"><\/span><strong>2. Slu\u017eby n\u00e1kladn\u00ed dopravy<\/strong><span class=\"ez-toc-section-end\"><\/span><\/h2>\n<p><img loading=\"lazy\" decoding=\"async\" class=\"alignnone size-full wp-image-5947\" src=\"https:\/\/moverdb.com\/wp-content\/uploads\/Freight-Services-international-moving-company.png\" alt=\"N\u00e1kladn\u00ed slu\u017eby mezin\u00e1rodn\u00ed st\u011bhov\u00e1n\u00ed spole\u010dnost\" width=\"1440\" height=\"682\" data-wp-pid=\"5947\" srcset=\"https:\/\/moverdb.com\/wp-content\/uploads\/Freight-Services-international-moving-company.png 1440w, https:\/\/moverdb.com\/wp-content\/uploads\/Freight-Services-international-moving-company-300x142.png 300w, https:\/\/moverdb.com\/wp-content\/uploads\/Freight-Services-international-moving-company-1024x485.png 1024w, https:\/\/moverdb.com\/wp-content\/uploads\/Freight-Services-international-moving-company-18x9.png 18w, https:\/\/moverdb.com\/wp-content\/uploads\/Freight-Services-international-moving-company-600x284.png 600w\" sizes=\"auto, (max-width: 1440px) 100vw, 1440px\" \/><\/p>\n<ul>\n<li>St\u011bhov\u00e1n\u00ed na n\u00e1rodn\u00ed \u00farovni<\/li>\n<li>Mezin\u00e1rodn\u00ed p\u0159esuny<\/li>\n<li>St\u011bhov\u00e1n\u00ed dom\u00e1cnost\u00ed<\/li>\n<li>St\u011bhov\u00e1n\u00ed kancel\u00e1\u0159\u00ed<\/li>\n<li>Balic\u00ed slu\u017eby<\/li>\n<li>Silni\u010dn\u00ed, n\u00e1mo\u0159n\u00ed a leteck\u00e1 doprava<\/li>\n<li>Celn\u00ed zprost\u0159edkov\u00e1n\u00ed<\/li>\n<li>Poji\u0161t\u011bn\u00ed<\/li>\n<li><a href=\"https:\/\/moverdb.com\/cs\/car-transport-shipping\/\" data-internallinksmanager029f6b8e52c=\"2\" title=\"2026 Mezin\u00e1rodn\u00ed p\u0159eprava automobil\u016f &amp; P\u0159eprava vozidel Citace\">P\u0159eprava vozidel<\/a><\/li>\n<li>Kr\u00e1tkodob\u00e9 a\u017e dlouhodob\u00e9 skladov\u00e1n\u00ed<\/li>\n<\/ul>\n<p>Freight Services je poskytovatel dopravn\u00edch a logistick\u00fdch \u0159e\u0161en\u00ed, kter\u00fd m\u00e1 na Fid\u017ei t\u0159i pobo\u010dky v Suv\u011b, Nadi a Lautoce a pobo\u010dku na Papui-Nov\u00e9 Guineji. <a href=\"https:\/\/moverdb.com\/cs\/moving-companies\/moving-companies-guinea\/\" data-internallinksmanager029f6b8e52c=\"231\" title=\"2 Nejlep\u0161\u00ed mezin\u00e1rodn\u00ed st\u011bhovac\u00ed spole\u010dnosti v Guineji\">Guinea<\/a>. P\u0159i poskytov\u00e1n\u00ed mezin\u00e1rodn\u00edch st\u011bhovac\u00edch slu\u017eeb spolupracuj\u00ed s d\u016fv\u011bryhodn\u00fdmi partnery. Jsou \u010dlenem IAM s 26letou tradic\u00ed.<\/p>\n<p>Freight Services nab\u00edz\u00ed vnitrost\u00e1tn\u00ed a mezin\u00e1rodn\u00ed st\u011bhovac\u00ed slu\u017eby od dve\u0159\u00ed ke dve\u0159\u00edm, kter\u00e9 zahrnuj\u00ed pr\u016fzkum p\u0159ed st\u011bhov\u00e1n\u00edm a balic\u00ed slu\u017eby profesion\u00e1ln\u011b vy\u0161kolen\u00fdch t\u00fdm\u016f, kter\u00e9 bezpe\u010dn\u011b zabal\u00ed va\u0161e v\u011bci s pou\u017eit\u00edm r\u016fzn\u00fdch materi\u00e1l\u016f. Zajist\u00ed p\u0159epravu va\u0161ich v\u011bc\u00ed po silnici, letecky nebo po mo\u0159i a prost\u0159ednictv\u00edm sv\u00fdch zprost\u0159edkovatelsk\u00fdch slu\u017eeb v\u00e1m pom\u016f\u017ee s celn\u00edm odbaven\u00edm.<\/p>\n<p>Webov\u00e9 str\u00e1nky: <a href=\"http:\/\/www.fsf.com.fj\" target=\"_blank\" rel=\"noopener\">http:\/\/www.fsf.com.fj<\/a><\/p>\n<h2><span class=\"ez-toc-section\" id=\"3_Movements_International\"><\/span><strong>3. Mezin\u00e1rodn\u00ed hnut\u00ed<\/strong><span class=\"ez-toc-section-end\"><\/span><\/h2>\n<p><img loading=\"lazy\" decoding=\"async\" class=\"alignnone size-full wp-image-5977\" src=\"https:\/\/moverdb.com\/wp-content\/uploads\/Movements-International-moving-company.png\" alt=\"Pohyby Mezin\u00e1rodn\u00ed st\u011bhov\u00e1n\u00ed spole\u010dnost\" width=\"1440\" height=\"679\" data-wp-pid=\"5977\" srcset=\"https:\/\/moverdb.com\/wp-content\/uploads\/Movements-International-moving-company.png 1440w, https:\/\/moverdb.com\/wp-content\/uploads\/Movements-International-moving-company-300x141.png 300w, https:\/\/moverdb.com\/wp-content\/uploads\/Movements-International-moving-company-1024x483.png 1024w, https:\/\/moverdb.com\/wp-content\/uploads\/Movements-International-moving-company-18x8.png 18w, https:\/\/moverdb.com\/wp-content\/uploads\/Movements-International-moving-company-600x283.png 600w\" sizes=\"auto, (max-width: 1440px) 100vw, 1440px\" \/><\/p>\n<ul>\n<li>Mezin\u00e1rodn\u00ed p\u0159esuny<\/li>\n<li>St\u011bhov\u00e1n\u00ed dom\u00e1cnost\u00ed<\/li>\n<li>Komer\u010dn\u00ed projekty<\/li>\n<li>Slu\u017eba od dve\u0159\u00ed ke dve\u0159\u00edm<\/li>\n<li>Balic\u00ed slu\u017eby a invent\u00e1\u0159<\/li>\n<li>Vysoce kvalitn\u00ed obalov\u00fd materi\u00e1l<\/li>\n<li>Silni\u010dn\u00ed, n\u00e1mo\u0159n\u00ed a leteck\u00e1 doprava<\/li>\n<li>Podpora p\u0159i exportu dokument\u016f<\/li>\n<li>N\u00e1mo\u0159n\u00ed poji\u0161t\u011bn\u00ed v\u0161ech rizik<\/li>\n<li>Skladovac\u00ed prostory<\/li>\n<\/ul>\n<p>Movements International je poskytovatel logistick\u00fdch a st\u011bhovac\u00edch slu\u017eeb zalo\u017een\u00fd v roce 2005 se s\u00eddlem v Suv\u011b a s kancel\u00e1\u0159\u00ed tak\u00e9 v <a href=\"https:\/\/moverdb.com\/cs\/moving-to-new-zealand\/\" data-internallinksmanager029f6b8e52c=\"324\" title=\"St\u011bhujete se na Nov\u00fd Z\u00e9land? 2026 N\u00e1klady na bydlen\u00ed a tipy na p\u0159est\u011bhov\u00e1n\u00ed\">Nov\u00fd Z\u00e9land<\/a>. Nab\u00edz\u00ed mezin\u00e1rodn\u00ed st\u011bhov\u00e1n\u00ed ve spolupr\u00e1ci s mezin\u00e1rodn\u00ed s\u00edt\u00ed st\u011bhovac\u00edch agentur. Jsou \u010dlenem IAM se 14letou tradic\u00ed.<\/p>\n<p>Movements International nab\u00edz\u00ed slu\u017eby od dve\u0159\u00ed ke dve\u0159\u00edm, kter\u00e9 zahrnuj\u00ed profesion\u00e1ln\u011b vy\u0161kolen\u00fd person\u00e1l a specializovan\u00e9 balic\u00ed a st\u011bhovac\u00ed slu\u017eby. Poskytuj\u00ed r\u016fzn\u00e9 balic\u00ed materi\u00e1ly v\u010detn\u011b beden, krabic a obalov\u00fdch materi\u00e1l\u016f, ozna\u010duj\u00ed p\u0159edm\u011bty a vytv\u00e1\u0159ej\u00ed jejich soupis. Poskytuj\u00ed mo\u017enosti p\u0159epravy, kter\u00e9 zahrnuj\u00ed p\u0159epravu cel\u00fdch kontejner\u016f a m\u00e9n\u011b ne\u017e kontejner\u016f, a tak\u00e9 podporu p\u0159i zpracov\u00e1n\u00ed v\u00fdvozn\u00edch dokument\u016f.<\/p>\n<p>Webov\u00e9 str\u00e1nky: <a href=\"http:\/\/www.mifiji.com\" target=\"_blank\" rel=\"noopener\">http:\/\/www.mifiji.com<\/a><\/p>\n<h2><span class=\"ez-toc-section\" id=\"4_JVK_Magellan_International\"><\/span><strong>4. JVK Magellan International<\/strong><span class=\"ez-toc-section-end\"><\/span><\/h2>\n<p><img loading=\"lazy\" decoding=\"async\" class=\"alignnone size-full wp-image-5532\" src=\"https:\/\/moverdb.com\/wp-content\/uploads\/JVK-Asia-international-moving-company.png\" alt=\"JVK Asia mezin\u00e1rodn\u00ed st\u011bhov\u00e1n\u00ed spole\u010dnost\" width=\"1440\" height=\"681\" data-wp-pid=\"5532\" srcset=\"https:\/\/moverdb.com\/wp-content\/uploads\/JVK-Asia-international-moving-company.png 1440w, https:\/\/moverdb.com\/wp-content\/uploads\/JVK-Asia-international-moving-company-300x142.png 300w, https:\/\/moverdb.com\/wp-content\/uploads\/JVK-Asia-international-moving-company-1024x484.png 1024w, https:\/\/moverdb.com\/wp-content\/uploads\/JVK-Asia-international-moving-company-18x9.png 18w, https:\/\/moverdb.com\/wp-content\/uploads\/JVK-Asia-international-moving-company-600x284.png 600w\" sizes=\"auto, (max-width: 1440px) 100vw, 1440px\" \/><\/p>\n<ul>\n<li>St\u011bhov\u00e1n\u00ed na n\u00e1rodn\u00ed \u00farovni<\/li>\n<li>Mezin\u00e1rodn\u00ed p\u0159esuny<\/li>\n<li>St\u011bhovac\u00ed slu\u017eby<\/li>\n<li>St\u011bhov\u00e1n\u00ed dom\u00e1cnost\u00ed<\/li>\n<li>St\u011bhov\u00e1n\u00ed kancel\u00e1\u0159\u00ed<\/li>\n<li>Slu\u017eba od dve\u0159\u00ed ke dve\u0159\u00edm<\/li>\n<li>Balic\u00ed slu\u017eby<\/li>\n<li>Silni\u010dn\u00ed, n\u00e1mo\u0159n\u00ed a leteck\u00e1 n\u00e1kladn\u00ed doprava<\/li>\n<li>Podpora celn\u00edch po\u017eadavk\u016f<\/li>\n<li>Kr\u00e1tkodob\u00e9 a\u017e dlouhodob\u00e9 skladov\u00e1n\u00ed<\/li>\n<\/ul>\n<p>JVK Magellan International je mezin\u00e1rodn\u00ed st\u011bhovac\u00ed, logistick\u00e1, skladov\u00e1 a distribu\u010dn\u00ed spole\u010dnost s pobo\u010dkami po cel\u00e9m sv\u011bt\u011b, kter\u00e1 byla zalo\u017eena v roce 1979 v Praze. <a href=\"https:\/\/moverdb.com\/cs\/moving-to-thailand\/\" data-internallinksmanager029f6b8e52c=\"318\" title=\"St\u011bhov\u00e1n\u00ed do Thajska? 2026 N\u00e1klady na bydlen\u00ed a tipy na p\u0159est\u011bhov\u00e1n\u00ed\">Thajsko<\/a>. Maj\u00ed kancel\u00e1\u0159 v Suv\u011b na Fid\u017ei a jsou \u010dleny IAM.<\/p>\n<p>Spole\u010dnost JVK Magellan International nab\u00edz\u00ed p\u0159edst\u011bhovac\u00ed pr\u016fzkum, kter\u00fd posoud\u00ed va\u0161e pot\u0159eby a poskytne n\u00e1vrh st\u011bhov\u00e1n\u00ed od dve\u0159\u00ed ke dve\u0159\u00edm. Poskytuje profesion\u00e1ln\u00ed balic\u00ed slu\u017eby, kter\u00e9 ochr\u00e1n\u00ed va\u0161e v\u011bci pomoc\u00ed vysoce kvalitn\u00edch materi\u00e1l\u016f, vyhotov\u00ed polo\u017ekov\u00fd soupis a nab\u00eddne poji\u0161t\u011bn\u00ed proti v\u0161em rizik\u016fm p\u0159i p\u0159eprav\u011b. Zajist\u00ed p\u0159epravu po silnici, po mo\u0159i i letecky a porad\u00ed s celn\u00edmi po\u017eadavky.<\/p>\n<p>Webov\u00e9 str\u00e1nky: <a href=\"http:\/\/jvkasia.com\" target=\"_blank\" rel=\"noopener\">http:\/\/jvkasia.com<\/a><\/p>","protected":false},"excerpt":{"rendered":"<p>If you are planning on moving to, from or within Fiji then you may want to employ the services of a reputable moving company to assist you. Below we have compiled a list of Fijian removal companies that are members of the International Association of Movers (IAM) and\/or FIDI Accredited International Mover (FAIM) who could [&hellip;]<\/p>\n","protected":false},"author":4,"featured_media":0,"parent":190,"menu_order":0,"comment_status":"closed","ping_status":"closed","template":"","meta":{"_genesis_hide_title":false,"_genesis_hide_breadcrumbs":false,"_genesis_hide_singular_image":false,"_genesis_hide_footer_widgets":false,"_genesis_custom_body_class":"","_genesis_custom_post_class":"","_genesis_layout":"","footnotes":""},"class_list":{"0":"post-6049","1":"page","2":"type-page","3":"status-publish","5":"entry","6":"has-post-thumbnail"},"_links":{"self":[{"href":"https:\/\/moverdb.com\/cs\/wp-json\/wp\/v2\/pages\/6049","targetHints":{"allow":["GET"]}}],"collection":[{"href":"https:\/\/moverdb.com\/cs\/wp-json\/wp\/v2\/pages"}],"about":[{"href":"https:\/\/moverdb.com\/cs\/wp-json\/wp\/v2\/types\/page"}],"author":[{"embeddable":true,"href":"https:\/\/moverdb.com\/cs\/wp-json\/wp\/v2\/users\/4"}],"replies":[{"embeddable":true,"href":"https:\/\/moverdb.com\/cs\/wp-json\/wp\/v2\/comments?post=6049"}],"version-history":[{"count":1,"href":"https:\/\/moverdb.com\/cs\/wp-json\/wp\/v2\/pages\/6049\/revisions"}],"predecessor-version":[{"id":6050,"href":"https:\/\/moverdb.com\/cs\/wp-json\/wp\/v2\/pages\/6049\/revisions\/6050"}],"up":[{"embeddable":true,"href":"https:\/\/moverdb.com\/cs\/wp-json\/wp\/v2\/pages\/190"}],"wp:attachment":[{"href":"https:\/\/moverdb.com\/cs\/wp-json\/wp\/v2\/media?parent=6049"}],"curies":[{"name":"wp","href":"https:\/\/api.w.org\/{rel}","templated":true}]}}