{"id":6046,"date":"2023-02-01T13:44:41","date_gmt":"2023-02-01T13:44:41","guid":{"rendered":"https:\/\/moverdb.com\/?page_id=6046"},"modified":"2026-01-08T15:25:06","modified_gmt":"2026-01-08T15:25:06","slug":"stehovani-firem-ethiopia","status":"publish","type":"page","link":"https:\/\/moverdb.com\/cs\/moving-companies\/moving-companies-ethiopia\/","title":{"rendered":"5 nejlep\u0161\u00edch mezin\u00e1rodn\u00edch st\u011bhovac\u00edch spole\u010dnost\u00ed v Etiopii"},"content":{"rendered":"<p>St\u011bhov\u00e1n\u00ed je n\u00e1ro\u010dn\u00e9 a stresuj\u00edc\u00ed obdob\u00ed, zejm\u00e9na pokud se st\u011bhujete mezi zem\u011bmi, tak\u017ee v\u00e1m m\u016f\u017ee pomoci podpora st\u011bhovac\u00ed spole\u010dnosti. <a href=\"https:\/\/moverdb.com\/cs\/moving-companies\/\" data-internallinksmanager029f6b8e52c=\"79\" title=\"Top 25 Mezin\u00e1rodn\u00ed st\u011bhovac\u00ed spole\u010dnosti Online\">St\u011bhovac\u00ed spole\u010dnosti<\/a> m\u016f\u017ee pomoci s vy\u0159izov\u00e1n\u00edm dokument\u016f a zaji\u0161t\u011bn\u00edm dopravy. N\u00ed\u017ee jsme pro v\u00e1s p\u0159ipravili seznam etiopsk\u00fdch <a href=\"https:\/\/moverdb.com\/cs\/international-removals\/\" data-internallinksmanager029f6b8e52c=\"27\" title=\"36 nejlep\u0161\u00edch mezin\u00e1rodn\u00edch st\u011bhovac\u00edch spole\u010dnost\u00ed ve Velk\u00e9 Brit\u00e1nii\">st\u011bhovac\u00ed firmy<\/a> kter\u00e9 jsou \u010dleny <a href=\"https:\/\/moverdb.com\/cs\/iam\/\" data-internallinksmanager029f6b8e52c=\"23\" title=\"Vysv\u011btlen\u00ed Mezin\u00e1rodn\u00ed asociace st\u011bhov\u00e1k\u016f (IAM)\">Mezin\u00e1rodn\u00ed asociace st\u011bhov\u00e1k\u016f<\/a> (IAM) a\/nebo <a href=\"https:\/\/moverdb.com\/cs\/fidi-faim\/\" data-internallinksmanager029f6b8e52c=\"16\" title=\"Vysv\u011btlen\u00ed FIDI a FAIM (FIDI Accredited International Mover)\">FIDI<\/a> Akreditovan\u00e9 mezin\u00e1rodn\u00ed st\u011bhov\u00e1n\u00ed (FAIM), kter\u00e9 by v\u00e1m mohlo pomoci se st\u011bhov\u00e1n\u00edm.<\/p>\n<div id=\"ez-toc-container\" class=\"ez-toc-v2_0_82_2 ez-toc-wrap-left counter-hierarchy ez-toc-counter ez-toc-transparent ez-toc-container-direction\">\n<div class=\"ez-toc-title-container\">\n<p class=\"ez-toc-title\" style=\"cursor:inherit\">Sekce<\/p>\n<span class=\"ez-toc-title-toggle\"><a href=\"#\" class=\"ez-toc-pull-right ez-toc-btn ez-toc-btn-xs ez-toc-btn-default ez-toc-toggle\" aria-label=\"P\u0159epnut\u00ed tabulky obsahu\"><span class=\"ez-toc-js-icon-con\"><span class=\"\"><span class=\"eztoc-hide\" style=\"display:none;\">P\u0159ep\u00edna\u010d<\/span><span class=\"ez-toc-icon-toggle-span\"><svg style=\"fill: #999;color:#999\" xmlns=\"http:\/\/www.w3.org\/2000\/svg\" class=\"list-377408\" width=\"20px\" height=\"20px\" viewbox=\"0 0 24 24\" fill=\"none\"><path d=\"M6 6H4v2h2V6zm14 0H8v2h12V6zM4 11h2v2H4v-2zm16 0H8v2h12v-2zM4 16h2v2H4v-2zm16 0H8v2h12v-2z\" fill=\"currentColor\"><\/path><\/svg><svg style=\"fill: #999;color:#999\" class=\"arrow-unsorted-368013\" xmlns=\"http:\/\/www.w3.org\/2000\/svg\" width=\"10px\" height=\"10px\" viewbox=\"0 0 24 24\" version=\"1.2\" baseprofile=\"tiny\"><path d=\"M18.2 9.3l-6.2-6.3-6.2 6.3c-.2.2-.3.4-.3.7s.1.5.3.7c.2.2.4.3.7.3h11c.3 0 .5-.1.7-.3.2-.2.3-.5.3-.7s-.1-.5-.3-.7zM5.8 14.7l6.2 6.3 6.2-6.3c.2-.2.3-.5.3-.7s-.1-.5-.3-.7c-.2-.2-.4-.3-.7-.3h-11c-.3 0-.5.1-.7.3-.2.2-.3.5-.3.7s.1.5.3.7z\"\/><\/svg><\/span><\/span><\/span><\/a><\/span><\/div>\n<nav><ul class='ez-toc-list ez-toc-list-level-1 eztoc-toggle-hide-by-default' ><li class='ez-toc-page-1 ez-toc-heading-level-2'><a class=\"ez-toc-link ez-toc-heading-1\" href=\"https:\/\/moverdb.com\/cs\/moving-companies\/moving-companies-ethiopia\/#1_Melehk_Logistics\" >1. Melehk Logistics<\/a><\/li><li class='ez-toc-page-1 ez-toc-heading-level-2'><a class=\"ez-toc-link ez-toc-heading-2\" href=\"https:\/\/moverdb.com\/cs\/moving-companies\/moving-companies-ethiopia\/#2_Move_One\" >2. P\u0159esun 1<\/a><\/li><li class='ez-toc-page-1 ez-toc-heading-level-2'><a class=\"ez-toc-link ez-toc-heading-3\" href=\"https:\/\/moverdb.com\/cs\/moving-companies\/moving-companies-ethiopia\/#3_Panafric_Global\" >3. Panafric Global<\/a><\/li><li class='ez-toc-page-1 ez-toc-heading-level-2'><a class=\"ez-toc-link ez-toc-heading-4\" href=\"https:\/\/moverdb.com\/cs\/moving-companies\/moving-companies-ethiopia\/#4_Segon_Marill_Movers\" >4. Segon Marill Movers<\/a><\/li><li class='ez-toc-page-1 ez-toc-heading-level-2'><a class=\"ez-toc-link ez-toc-heading-5\" href=\"https:\/\/moverdb.com\/cs\/moving-companies\/moving-companies-ethiopia\/#5_Solomon_Zewdu_Shipping_and_Freight_Forwarding\" >5. Solomon Zewdu Shipping a spedice<\/a><\/li><\/ul><\/nav><\/div>\n<h2><span class=\"ez-toc-section\" id=\"1_Melehk_Logistics\"><\/span><strong>1. Melehk Logistics<\/strong><span class=\"ez-toc-section-end\"><\/span><\/h2>\n<p><img loading=\"lazy\" decoding=\"async\" class=\"alignnone size-full wp-image-5971\" src=\"https:\/\/moverdb.com\/wp-content\/uploads\/Melehk-Logistics-international-moving-company.png\" alt=\"Melehk Logistics mezin\u00e1rodn\u00ed st\u011bhov\u00e1n\u00ed spole\u010dnost\" width=\"1440\" height=\"674\" data-wp-pid=\"5971\" srcset=\"https:\/\/moverdb.com\/wp-content\/uploads\/Melehk-Logistics-international-moving-company.png 1440w, https:\/\/moverdb.com\/wp-content\/uploads\/Melehk-Logistics-international-moving-company-300x140.png 300w, https:\/\/moverdb.com\/wp-content\/uploads\/Melehk-Logistics-international-moving-company-1024x479.png 1024w, https:\/\/moverdb.com\/wp-content\/uploads\/Melehk-Logistics-international-moving-company-18x8.png 18w, https:\/\/moverdb.com\/wp-content\/uploads\/Melehk-Logistics-international-moving-company-600x281.png 600w\" sizes=\"auto, (max-width: 1440px) 100vw, 1440px\" \/><\/p>\n<ul>\n<li>M\u00edstn\u00ed a vnitrost\u00e1tn\u00ed p\u0159esuny<\/li>\n<li>Mezin\u00e1rodn\u00ed p\u0159esuny<\/li>\n<li>St\u011bhov\u00e1n\u00ed dom\u00e1cnost\u00ed<\/li>\n<li>Individu\u00e1ln\u00ed slu\u017eby na m\u00edru<\/li>\n<li>Vyhrazen\u00fd koordin\u00e1tor st\u011bhov\u00e1n\u00ed<\/li>\n<li>Zajistit a \u0159\u00eddit v\u0161echny aspekty va\u0161eho st\u011bhov\u00e1n\u00ed<\/li>\n<li>Silni\u010dn\u00ed, n\u00e1mo\u0159n\u00ed a leteck\u00e1 n\u00e1kladn\u00ed doprava<\/li>\n<li>Celn\u00ed zprost\u0159edkov\u00e1n\u00ed<\/li>\n<li>Mezin\u00e1rodn\u00ed partnerstv\u00ed<\/li>\n<li>Skladovac\u00ed prostory<\/li>\n<\/ul>\n<p>Melehk Logistics je spedi\u010dn\u00ed a logistick\u00e1 spole\u010dnost zalo\u017een\u00e1 v roce 2011 jako Ginchi Trading, kter\u00e1 nab\u00edz\u00ed st\u011bhovac\u00ed slu\u017eby v r\u00e1mci Etiopie, do Etiopie a z Etiopie. Spolupracuje s mezin\u00e1rodn\u00ed st\u011bhovac\u00ed s\u00edt\u00ed a poskytuje st\u011bhovac\u00ed slu\u017eby po cel\u00e9m sv\u011bt\u011b. Je \u010dlenem IAM s dev\u00edtiletou prax\u00ed.<\/p>\n<p>Melehk Logistics nab\u00edz\u00ed mezin\u00e1rodn\u00ed st\u011bhov\u00e1n\u00ed dom\u00e1cnost\u00ed po cel\u00e9m sv\u011bt\u011b a poskytuje specializovan\u00e9ho koordin\u00e1tora st\u011bhov\u00e1n\u00ed. Nab\u00edz\u00ed individu\u00e1ln\u00ed slu\u017eby \u0161it\u00e9 na m\u00edru, kter\u00e9 za\u0159\u00edd\u00ed ka\u017ed\u00fd aspekt va\u0161eho st\u011bhov\u00e1n\u00ed a efektivn\u011b ho \u0159\u00edd\u00ed. Poskytuj\u00ed mo\u017enosti n\u00e1kladn\u00ed dopravy, kter\u00e1 zahrnuje silni\u010dn\u00ed, leteckou a n\u00e1mo\u0159n\u00ed p\u0159epravu s podporou celn\u00edho zprost\u0159edkov\u00e1n\u00ed.<\/p>\n<p>Webov\u00e9 str\u00e1nky: <a href=\"http:\/\/www.melehk.com\" target=\"_blank\" rel=\"noopener\">http:\/\/www.melehk.com<\/a><\/p>\n<h2><span class=\"ez-toc-section\" id=\"2_Move_One\"><\/span><strong>2. P\u0159esun 1<\/strong><span class=\"ez-toc-section-end\"><\/span><\/h2>\n<p><img loading=\"lazy\" decoding=\"async\" class=\"alignnone size-full wp-image-5974\" src=\"https:\/\/moverdb.com\/wp-content\/uploads\/Move-One-Ethiopia-international-moving-company.png\" alt=\"Move One Etiopie mezin\u00e1rodn\u00ed st\u011bhov\u00e1n\u00ed spole\u010dnost\" width=\"1440\" height=\"667\" data-wp-pid=\"5974\" srcset=\"https:\/\/moverdb.com\/wp-content\/uploads\/Move-One-Ethiopia-international-moving-company.png 1440w, https:\/\/moverdb.com\/wp-content\/uploads\/Move-One-Ethiopia-international-moving-company-300x139.png 300w, https:\/\/moverdb.com\/wp-content\/uploads\/Move-One-Ethiopia-international-moving-company-1024x474.png 1024w, https:\/\/moverdb.com\/wp-content\/uploads\/Move-One-Ethiopia-international-moving-company-18x8.png 18w, https:\/\/moverdb.com\/wp-content\/uploads\/Move-One-Ethiopia-international-moving-company-600x278.png 600w\" sizes=\"auto, (max-width: 1440px) 100vw, 1440px\" \/><\/p>\n<ul>\n<li>St\u011bhov\u00e1n\u00ed na n\u00e1rodn\u00ed \u00farovni<\/li>\n<li>Mezin\u00e1rodn\u00ed p\u0159esuny<\/li>\n<li>St\u011bhov\u00e1n\u00ed dom\u00e1cnost\u00ed<\/li>\n<li>Komer\u010dn\u00ed p\u0159esuny<\/li>\n<li>Balic\u00ed slu\u017eba<\/li>\n<li>Pozemn\u00ed, n\u00e1mo\u0159n\u00ed a leteck\u00e1 n\u00e1kladn\u00ed doprava<\/li>\n<li>Celn\u00ed zprost\u0159edkov\u00e1n\u00ed<\/li>\n<li>V\u00edzov\u00e9 a imigra\u010dn\u00ed slu\u017eby<\/li>\n<li>P\u0159eprava dom\u00e1c\u00edch zv\u00ed\u0159at<\/li>\n<li>Zabezpe\u010den\u00e9 skladov\u00e1n\u00ed<\/li>\n<\/ul>\n<p>Move One je mezin\u00e1rodn\u00ed st\u011bhovac\u00ed spole\u010dnost zalo\u017een\u00e1 v roce 1992 s pobo\u010dkami v Evrop\u011b, Africe a Asii v\u010detn\u011b kancel\u00e1\u0159e v Etiopii v Addis Abeb\u011b. Spolupracuje s mezin\u00e1rodn\u00edmi partnery, kte\u0159\u00ed zaji\u0161\u0165uj\u00ed st\u011bhov\u00e1n\u00ed i mimo oblast sv\u00e9 p\u016fsobnosti. Jsou \u010dlenem IAM s osmiletou p\u016fsobnost\u00ed v Etiopii.<\/p>\n<p>Spole\u010dnost Move One se star\u00e1 o celou \u0159adu odv\u011btv\u00ed v\u010detn\u011b komer\u010dn\u00edho maloobchodu, diplomatick\u00e9 komunity, m\u00edstn\u00edch vl\u00e1dn\u00edch instituc\u00ed a zahrani\u010dn\u00edch dodavatel\u016f. Poskytuje exportn\u00ed balen\u00ed pro ochranu va\u0161ich v\u011bc\u00ed a zaji\u0161\u0165uje p\u0159epravu po zemi, vzduchem i po mo\u0159i s celn\u00edm zprost\u0159edkov\u00e1n\u00edm. Nab\u00edz\u00ed tak\u00e9 dal\u0161\u00ed slu\u017eby v\u010detn\u011b pomoci s vy\u0159izov\u00e1n\u00edm v\u00edz a imigrac\u00ed a p\u0159epravy dom\u00e1c\u00edch zv\u00ed\u0159at.<\/p>\n<p>Webov\u00e9 str\u00e1nky: <a href=\"http:\/\/www.moveoneinc.com\/ethiopia\" target=\"_blank\" rel=\"noopener\">http:\/\/www.moveoneinc.com\/ethiopia<\/a><\/p>\n<h2><span class=\"ez-toc-section\" id=\"3_Panafric_Global\"><\/span><strong>3. Panafric Global<\/strong><span class=\"ez-toc-section-end\"><\/span><\/h2>\n<p><img loading=\"lazy\" decoding=\"async\" class=\"alignnone size-full wp-image-5990\" src=\"https:\/\/moverdb.com\/wp-content\/uploads\/Panafric-Global-international-moving-company.png\" alt=\"Panafric Global mezin\u00e1rodn\u00ed st\u011bhov\u00e1n\u00ed spole\u010dnost\" width=\"1440\" height=\"674\" data-wp-pid=\"5990\" srcset=\"https:\/\/moverdb.com\/wp-content\/uploads\/Panafric-Global-international-moving-company.png 1440w, https:\/\/moverdb.com\/wp-content\/uploads\/Panafric-Global-international-moving-company-300x140.png 300w, https:\/\/moverdb.com\/wp-content\/uploads\/Panafric-Global-international-moving-company-1024x479.png 1024w, https:\/\/moverdb.com\/wp-content\/uploads\/Panafric-Global-international-moving-company-18x8.png 18w, https:\/\/moverdb.com\/wp-content\/uploads\/Panafric-Global-international-moving-company-600x281.png 600w\" sizes=\"auto, (max-width: 1440px) 100vw, 1440px\" \/><\/p>\n<ul>\n<li>Mezin\u00e1rodn\u00ed p\u0159esuny<\/li>\n<li>St\u011bhov\u00e1n\u00ed dom\u00e1cnost\u00ed<\/li>\n<li>Komer\u010dn\u00ed projekty<\/li>\n<li>St\u011bhovac\u00ed slu\u017eby<\/li>\n<li>Komplexn\u00ed \u0159e\u0161en\u00ed<\/li>\n<li>Pozemn\u00ed, n\u00e1mo\u0159n\u00ed a leteck\u00e1 n\u00e1kladn\u00ed doprava<\/li>\n<li>Celn\u00ed a dokumenta\u010dn\u00ed podpora<\/li>\n<li>Pomoc p\u0159i zabydlov\u00e1n\u00ed<\/li>\n<li>Poji\u0161t\u011bn\u00ed n\u00e1kladu<\/li>\n<li>\u0158e\u0161en\u00ed pro ukl\u00e1d\u00e1n\u00ed dat<\/li>\n<\/ul>\n<p>Panafric Global je multimod\u00e1ln\u00ed p\u0159epravn\u00ed a logistick\u00e1 spole\u010dnost zalo\u017een\u00e1 v roce 1993 v Addis Aires, kter\u00e1 m\u00e1 p\u011bt pobo\u010dek na leti\u0161ti, v Kality, Adam\u011b, Hawasse a na severoz\u00e1pad\u011b Addis Aires. <a href=\"https:\/\/moverdb.com\/cs\/moving-companies\/moving-companies-djibouti\/\" data-internallinksmanager029f6b8e52c=\"220\" title=\"Nejlep\u0161\u00ed mezin\u00e1rodn\u00ed st\u011bhovac\u00ed spole\u010dnosti v D\u017eibuti\">D\u017eibutsko<\/a>. Poskytuj\u00ed st\u011bhov\u00e1n\u00ed a st\u011bhovac\u00ed slu\u017eby v Etiopii, do Etiopie a z Etiopie. Jsou \u010dlenem IAM s 29letou tradic\u00ed.<\/p>\n<p>Spole\u010dnost Panafric Global nab\u00edz\u00ed slu\u017eby \"od dve\u0159\u00ed ke dve\u0159\u00edm\" z kter\u00e9hokoli m\u00edsta na sv\u011bt\u011b. Zaji\u0161\u0165uje pozemn\u00ed, leteckou a n\u00e1mo\u0159n\u00ed p\u0159epravu s podp\u016frn\u00fdmi slu\u017ebami, kter\u00e9 pom\u00e1haj\u00ed p\u0159i vy\u0159izov\u00e1n\u00ed celn\u00edch z\u00e1le\u017eitost\u00ed a dokumentace. Nab\u00edzej\u00ed slu\u017eby spojen\u00e9 s p\u0159est\u011bhov\u00e1n\u00edm, kter\u00e9 pom\u00e1haj\u00ed p\u0159i zabydlov\u00e1n\u00ed, v\u010detn\u011b vyhled\u00e1v\u00e1n\u00ed \u0161kol, obstar\u00e1v\u00e1n\u00ed vozidel a z\u0159izov\u00e1n\u00ed ve\u0159ejn\u00fdch slu\u017eeb a poji\u0161t\u011bn\u00ed.<\/p>\n<p>Webov\u00e9 str\u00e1nky: <a href=\"http:\/\/www.panafricglobal.com\" target=\"_blank\" rel=\"noopener\">http:\/\/www.panafricglobal.com<\/a><\/p>\n<h2><span class=\"ez-toc-section\" id=\"4_Segon_Marill_Movers\"><\/span><strong>4. Segon Marill Movers<\/strong><span class=\"ez-toc-section-end\"><\/span><\/h2>\n<p><img loading=\"lazy\" decoding=\"async\" class=\"alignnone size-full wp-image-6002\" src=\"https:\/\/moverdb.com\/wp-content\/uploads\/Segon-Marill-Movers-international-moving-company.png\" alt=\"Segon Marill Movers mezin\u00e1rodn\u00ed st\u011bhov\u00e1n\u00ed spole\u010dnost\" width=\"1440\" height=\"681\" data-wp-pid=\"6002\" srcset=\"https:\/\/moverdb.com\/wp-content\/uploads\/Segon-Marill-Movers-international-moving-company.png 1440w, https:\/\/moverdb.com\/wp-content\/uploads\/Segon-Marill-Movers-international-moving-company-300x142.png 300w, https:\/\/moverdb.com\/wp-content\/uploads\/Segon-Marill-Movers-international-moving-company-1024x484.png 1024w, https:\/\/moverdb.com\/wp-content\/uploads\/Segon-Marill-Movers-international-moving-company-18x9.png 18w, https:\/\/moverdb.com\/wp-content\/uploads\/Segon-Marill-Movers-international-moving-company-600x284.png 600w\" sizes=\"auto, (max-width: 1440px) 100vw, 1440px\" \/><\/p>\n<ul>\n<li>St\u011bhov\u00e1n\u00ed na n\u00e1rodn\u00ed \u00farovni<\/li>\n<li>Mezin\u00e1rodn\u00ed p\u0159esuny<\/li>\n<li>St\u011bhov\u00e1n\u00ed dom\u00e1cnost\u00ed<\/li>\n<li>St\u011bhov\u00e1n\u00ed firem<\/li>\n<li>St\u011bhovac\u00ed slu\u017eby<\/li>\n<li>Balic\u00ed slu\u017eba<\/li>\n<li>Pozemn\u00ed, n\u00e1mo\u0159n\u00ed a leteck\u00e1 doprava<\/li>\n<li>Z\u0159izovac\u00ed slu\u017eby<\/li>\n<li>Vyhled\u00e1v\u00e1n\u00ed v domech a \u0161kol\u00e1ch<\/li>\n<li>Zabezpe\u010den\u00e9 skladov\u00e1n\u00ed<\/li>\n<\/ul>\n<p>Segon Marill Movers je mezin\u00e1rodn\u00ed st\u011bhovac\u00ed a skladovac\u00ed spole\u010dnost zalo\u017een\u00e1 p\u0159ed 21 lety. P\u0159i poskytov\u00e1n\u00ed sv\u00fdch slu\u017eeb po cel\u00e9m sv\u011bt\u011b spolupracuje s 50 partnersk\u00fdmi agenturami. Jsou \u010dlenem IAM s 31letou tradic\u00ed.<\/p>\n<p>Spole\u010dnost Segon Marill Movers nab\u00edz\u00ed individu\u00e1ln\u00ed st\u011bhovac\u00ed slu\u017eby s balic\u00edmi slu\u017ebami, kter\u00e9 vyu\u017e\u00edvaj\u00ed vysoce kvalitn\u00ed techniky a materi\u00e1ly k ochran\u011b va\u0161ich v\u011bc\u00ed. Zaji\u0161\u0165uje p\u0159epravu po zemi, po mo\u0159i nebo letecky a v p\u0159\u00edpad\u011b pot\u0159eby vyu\u017e\u00edv\u00e1 podpory partnersk\u00fdch agentur. Jejich st\u011bhovac\u00ed slu\u017eby v\u00e1m pomohou usadit se v nov\u00e9 zemi, co\u017e zahrnuje orienta\u010dn\u00ed prohl\u00eddku, pomoc p\u0159i hled\u00e1n\u00ed bydlen\u00ed a \u0161koly a tak\u00e9 podporu p\u0159i odjezdu.<\/p>\n<p>Webov\u00e9 str\u00e1nky: <a href=\"http:\/\/www.segon-marill.com\" target=\"_blank\" rel=\"noopener\">http:\/\/www.segon-marill.com<\/a><\/p>\n<h2><span class=\"ez-toc-section\" id=\"5_Solomon_Zewdu_Shipping_and_Freight_Forwarding\"><\/span><strong>5. Solomon Zewdu Shipping a spedice<\/strong><span class=\"ez-toc-section-end\"><\/span><\/h2>\n<p><img loading=\"lazy\" decoding=\"async\" class=\"alignnone size-full wp-image-6047\" src=\"https:\/\/moverdb.com\/wp-content\/uploads\/Solomon-Zewdu-international-moving-company.png\" alt=\"Solomon Zewdu mezin\u00e1rodn\u00ed st\u011bhov\u00e1n\u00ed spole\u010dnost\" width=\"1440\" height=\"682\" data-wp-pid=\"6047\" srcset=\"https:\/\/moverdb.com\/wp-content\/uploads\/Solomon-Zewdu-international-moving-company.png 1440w, https:\/\/moverdb.com\/wp-content\/uploads\/Solomon-Zewdu-international-moving-company-300x142.png 300w, https:\/\/moverdb.com\/wp-content\/uploads\/Solomon-Zewdu-international-moving-company-1024x485.png 1024w, https:\/\/moverdb.com\/wp-content\/uploads\/Solomon-Zewdu-international-moving-company-18x9.png 18w, https:\/\/moverdb.com\/wp-content\/uploads\/Solomon-Zewdu-international-moving-company-600x284.png 600w\" sizes=\"auto, (max-width: 1440px) 100vw, 1440px\" \/><\/p>\n<ul>\n<li>M\u00edstn\u00ed a vnitrost\u00e1tn\u00ed p\u0159esuny<\/li>\n<li>Mezin\u00e1rodn\u00ed p\u0159esuny<\/li>\n<li>St\u011bhov\u00e1n\u00ed dom\u00e1cnost\u00ed<\/li>\n<li>St\u011bhov\u00e1n\u00ed kancel\u00e1\u0159\u00ed<\/li>\n<li>Slu\u017eba od dve\u0159\u00ed ke dve\u0159\u00edm<\/li>\n<li>Balic\u00ed slu\u017eba<\/li>\n<li>Pozemn\u00ed, n\u00e1mo\u0159n\u00ed a leteck\u00e1 doprava<\/li>\n<li>Celn\u00ed odbaven\u00ed<\/li>\n<li>P\u0159eprava vozidel<\/li>\n<li>Skladovac\u00ed prostory<\/li>\n<\/ul>\n<p>Solomon Zewdu Shipping and Freight Forwarding je st\u011bhovac\u00ed, n\u00e1kladn\u00ed a spedi\u010dn\u00ed spole\u010dnost s v\u00edce ne\u017e 20 lety zku\u0161enost\u00ed s poskytov\u00e1n\u00edm st\u011bhovac\u00edch slu\u017eeb. Spolupracuje se zahrani\u010dn\u00edmi partnery a zaji\u0161\u0165uje mezin\u00e1rodn\u00ed st\u011bhov\u00e1n\u00ed. Jsou \u010dlenem IAM s 22letou prax\u00ed.<\/p>\n<p>Spole\u010dnost Solomon Zewdu Shipping and Freight Forwarding nab\u00edz\u00ed st\u011bhov\u00e1n\u00ed od dve\u0159\u00ed ke dve\u0159\u00edm a st\u011bhovac\u00ed slu\u017eby pro dom\u00e1cnosti a kancel\u00e1\u0159e. Poskytuj\u00ed balic\u00ed a vybalovac\u00ed slu\u017eby pro ochranu va\u0161ich v\u011bc\u00ed a zaji\u0161\u0165uj\u00ed p\u0159epravu po zemi pomoc\u00ed sv\u00e9ho vozov\u00e9ho parku, po mo\u0159i nebo letecky s celn\u00edm odbaven\u00edm. Pomohou tak\u00e9 s p\u0159epravou a uskladn\u011bn\u00edm vozidel.<\/p>\n<p>Webov\u00e9 str\u00e1nky: <a href=\"http:\/\/www.solomontransit.com\" target=\"_blank\" rel=\"noopener\">http:\/\/www.solomontransit.com<\/a><\/p>","protected":false},"excerpt":{"rendered":"<p>Moving is a busy and stressful time especially if you are moving between countries so getting some support from a moving company can help. Moving companies can assist with navigating the paperwork and arranging transportation. Below we have compiled a list of Ethiopian removal companies that are members of the International Association of Movers (IAM) [&hellip;]<\/p>\n","protected":false},"author":4,"featured_media":0,"parent":190,"menu_order":0,"comment_status":"closed","ping_status":"closed","template":"","meta":{"_genesis_hide_title":false,"_genesis_hide_breadcrumbs":false,"_genesis_hide_singular_image":false,"_genesis_hide_footer_widgets":false,"_genesis_custom_body_class":"","_genesis_custom_post_class":"","_genesis_layout":"","footnotes":""},"class_list":{"0":"post-6046","1":"page","2":"type-page","3":"status-publish","5":"entry","6":"has-post-thumbnail"},"_links":{"self":[{"href":"https:\/\/moverdb.com\/cs\/wp-json\/wp\/v2\/pages\/6046","targetHints":{"allow":["GET"]}}],"collection":[{"href":"https:\/\/moverdb.com\/cs\/wp-json\/wp\/v2\/pages"}],"about":[{"href":"https:\/\/moverdb.com\/cs\/wp-json\/wp\/v2\/types\/page"}],"author":[{"embeddable":true,"href":"https:\/\/moverdb.com\/cs\/wp-json\/wp\/v2\/users\/4"}],"replies":[{"embeddable":true,"href":"https:\/\/moverdb.com\/cs\/wp-json\/wp\/v2\/comments?post=6046"}],"version-history":[{"count":1,"href":"https:\/\/moverdb.com\/cs\/wp-json\/wp\/v2\/pages\/6046\/revisions"}],"predecessor-version":[{"id":6048,"href":"https:\/\/moverdb.com\/cs\/wp-json\/wp\/v2\/pages\/6046\/revisions\/6048"}],"up":[{"embeddable":true,"href":"https:\/\/moverdb.com\/cs\/wp-json\/wp\/v2\/pages\/190"}],"wp:attachment":[{"href":"https:\/\/moverdb.com\/cs\/wp-json\/wp\/v2\/media?parent=6046"}],"curies":[{"name":"wp","href":"https:\/\/api.w.org\/{rel}","templated":true}]}}