{"id":6043,"date":"2023-02-01T13:40:56","date_gmt":"2023-02-01T13:40:56","guid":{"rendered":"https:\/\/moverdb.com\/?page_id=6043"},"modified":"2026-01-08T15:24:40","modified_gmt":"2026-01-08T15:24:40","slug":"stehovani-firem-estonia","status":"publish","type":"page","link":"https:\/\/moverdb.com\/cs\/moving-companies\/moving-companies-estonia\/","title":{"rendered":"4 nejlep\u0161\u00ed mezin\u00e1rodn\u00ed st\u011bhovac\u00ed spole\u010dnosti v Estonsku"},"content":{"rendered":"<p>St\u011bhov\u00e1n\u00ed m\u016f\u017ee b\u00fdt stresuj\u00edc\u00ed, a\u0165 u\u017e se jedn\u00e1 o st\u011bhov\u00e1n\u00ed dom\u016f nebo firmy. Mnoho lid\u00ed vyu\u017e\u00edv\u00e1 slu\u017eeb <a href=\"https:\/\/moverdb.com\/cs\/moving-companies\/\" data-internallinksmanager029f6b8e52c=\"79\" title=\"Top 25 Mezin\u00e1rodn\u00ed st\u011bhovac\u00ed spole\u010dnosti Online\">st\u011bhovac\u00ed spole\u010dnost<\/a> proto\u017ee dok\u00e1\u017e\u00ed bezpe\u010dn\u011b p\u0159est\u011bhovat va\u0161e v\u011bci a sn\u00ed\u017eit stres z va\u0161eho st\u011bhov\u00e1n\u00ed. N\u00ed\u017ee jsme sestavili seznam estonsk\u00fdch <a href=\"https:\/\/moverdb.com\/cs\/international-removals\/\" data-internallinksmanager029f6b8e52c=\"27\" title=\"36 nejlep\u0161\u00edch mezin\u00e1rodn\u00edch st\u011bhovac\u00edch spole\u010dnost\u00ed ve Velk\u00e9 Brit\u00e1nii\">st\u011bhovac\u00ed firmy<\/a> kter\u00e9 jsou \u010dleny <a href=\"https:\/\/moverdb.com\/cs\/iam\/\" data-internallinksmanager029f6b8e52c=\"23\" title=\"Vysv\u011btlen\u00ed Mezin\u00e1rodn\u00ed asociace st\u011bhov\u00e1k\u016f (IAM)\">Mezin\u00e1rodn\u00ed asociace st\u011bhov\u00e1k\u016f<\/a> (IAM) a\/nebo <a href=\"https:\/\/moverdb.com\/cs\/fidi-faim\/\" data-internallinksmanager029f6b8e52c=\"16\" title=\"Vysv\u011btlen\u00ed FIDI a FAIM (FIDI Accredited International Mover)\">FIDI<\/a> Akreditovan\u00e9 mezin\u00e1rodn\u00ed st\u011bhov\u00e1n\u00ed (FAIM), kter\u00e9 by v\u00e1m mohlo pomoci se st\u011bhov\u00e1n\u00edm.<\/p>\n<div id=\"ez-toc-container\" class=\"ez-toc-v2_0_82_2 ez-toc-wrap-left counter-hierarchy ez-toc-counter ez-toc-transparent ez-toc-container-direction\">\n<div class=\"ez-toc-title-container\">\n<p class=\"ez-toc-title\" style=\"cursor:inherit\">Sekce<\/p>\n<span class=\"ez-toc-title-toggle\"><a href=\"#\" class=\"ez-toc-pull-right ez-toc-btn ez-toc-btn-xs ez-toc-btn-default ez-toc-toggle\" aria-label=\"P\u0159epnut\u00ed tabulky obsahu\"><span class=\"ez-toc-js-icon-con\"><span class=\"\"><span class=\"eztoc-hide\" style=\"display:none;\">P\u0159ep\u00edna\u010d<\/span><span class=\"ez-toc-icon-toggle-span\"><svg style=\"fill: #999;color:#999\" xmlns=\"http:\/\/www.w3.org\/2000\/svg\" class=\"list-377408\" width=\"20px\" height=\"20px\" viewbox=\"0 0 24 24\" fill=\"none\"><path d=\"M6 6H4v2h2V6zm14 0H8v2h12V6zM4 11h2v2H4v-2zm16 0H8v2h12v-2zM4 16h2v2H4v-2zm16 0H8v2h12v-2z\" fill=\"currentColor\"><\/path><\/svg><svg style=\"fill: #999;color:#999\" class=\"arrow-unsorted-368013\" xmlns=\"http:\/\/www.w3.org\/2000\/svg\" width=\"10px\" height=\"10px\" viewbox=\"0 0 24 24\" version=\"1.2\" baseprofile=\"tiny\"><path d=\"M18.2 9.3l-6.2-6.3-6.2 6.3c-.2.2-.3.4-.3.7s.1.5.3.7c.2.2.4.3.7.3h11c.3 0 .5-.1.7-.3.2-.2.3-.5.3-.7s-.1-.5-.3-.7zM5.8 14.7l6.2 6.3 6.2-6.3c.2-.2.3-.5.3-.7s-.1-.5-.3-.7c-.2-.2-.4-.3-.7-.3h-11c-.3 0-.5.1-.7.3-.2.2-.3.5-.3.7s.1.5.3.7z\"\/><\/svg><\/span><\/span><\/span><\/a><\/span><\/div>\n<nav><ul class='ez-toc-list ez-toc-list-level-1 eztoc-toggle-hide-by-default' ><li class='ez-toc-page-1 ez-toc-heading-level-2'><a class=\"ez-toc-link ez-toc-heading-1\" href=\"https:\/\/moverdb.com\/cs\/moving-companies\/moving-companies-estonia\/#1_Adduco\" >1. Adduco<\/a><\/li><li class='ez-toc-page-1 ez-toc-heading-level-2'><a class=\"ez-toc-link ez-toc-heading-2\" href=\"https:\/\/moverdb.com\/cs\/moving-companies\/moving-companies-estonia\/#2_AVA_Express\" >2. AVA Express<\/a><\/li><li class='ez-toc-page-1 ez-toc-heading-level-2'><a class=\"ez-toc-link ez-toc-heading-3\" href=\"https:\/\/moverdb.com\/cs\/moving-companies\/moving-companies-estonia\/#3_MoveMaster\" >3. MoveMaster<\/a><\/li><li class='ez-toc-page-1 ez-toc-heading-level-2'><a class=\"ez-toc-link ez-toc-heading-4\" href=\"https:\/\/moverdb.com\/cs\/moving-companies\/moving-companies-estonia\/#4_KLG_Estonia\" >4. KLG Estonsko<\/a><\/li><li class='ez-toc-page-1 ez-toc-heading-level-2'><a class=\"ez-toc-link ez-toc-heading-5\" href=\"https:\/\/moverdb.com\/cs\/moving-companies\/moving-companies-estonia\/#Other_Useful_Guides_to_Estonia\" >Dal\u0161\u00ed u\u017eite\u010dn\u00ed pr\u016fvodci Estonskem<\/a><\/li><\/ul><\/nav><\/div>\n<h2><span class=\"ez-toc-section\" id=\"1_Adduco\"><\/span><strong>1. Adduco<\/strong><span class=\"ez-toc-section-end\"><\/span><\/h2>\n<p><img loading=\"lazy\" decoding=\"async\" class=\"alignnone size-full wp-image-6044\" src=\"https:\/\/moverdb.com\/wp-content\/uploads\/Adduco-international-moving-company.png\" alt=\"Adduco mezin\u00e1rodn\u00ed st\u011bhov\u00e1n\u00ed spole\u010dnost\" width=\"1440\" height=\"629\" data-wp-pid=\"6044\" srcset=\"https:\/\/moverdb.com\/wp-content\/uploads\/Adduco-international-moving-company.png 1440w, https:\/\/moverdb.com\/wp-content\/uploads\/Adduco-international-moving-company-300x131.png 300w, https:\/\/moverdb.com\/wp-content\/uploads\/Adduco-international-moving-company-1024x447.png 1024w, https:\/\/moverdb.com\/wp-content\/uploads\/Adduco-international-moving-company-18x8.png 18w, https:\/\/moverdb.com\/wp-content\/uploads\/Adduco-international-moving-company-600x262.png 600w\" sizes=\"auto, (max-width: 1440px) 100vw, 1440px\" \/><\/p>\n<ul>\n<li>Pohyb t\u011b\u017ek\u00fdch p\u0159edm\u011bt\u016f<\/li>\n<li>Mezin\u00e1rodn\u00ed p\u0159esuny<\/li>\n<li>St\u011bhov\u00e1n\u00ed dom\u00e1cnost\u00ed<\/li>\n<li>Obchodn\u00ed kroky<\/li>\n<li>Balic\u00ed slu\u017eba<\/li>\n<li>Napl\u00e1nujte si trasu a dopravu<\/li>\n<li>Podpora s dokumentac\u00ed<\/li>\n<li>P\u0159eprava v\u00fdtvarn\u00e9ho um\u011bn\u00ed<\/li>\n<li>Poji\u0161t\u011bn\u00ed<\/li>\n<li>\u0158e\u0161en\u00ed pro ukl\u00e1d\u00e1n\u00ed dat<\/li>\n<\/ul>\n<p>Adduco je st\u011bhovac\u00ed spole\u010dnost, kter\u00e1 pom\u00e1h\u00e1 lidem se st\u011bhov\u00e1n\u00edm od roku 2006 a m\u00e1 kancel\u00e1\u0159e v Tallinnu a Tartu. Je \u010dlenem IAM s \u0161estn\u00e1ctiletou tradic\u00ed, co\u017e jim umo\u017e\u0148uje p\u0159\u00edstup k mezin\u00e1rodn\u00ed s\u00edti st\u011bhovac\u00edch agent\u016f, kte\u0159\u00ed pom\u00e1haj\u00ed se st\u011bhov\u00e1n\u00edm po cel\u00e9m sv\u011bt\u011b.<\/p>\n<p>Spole\u010dnost Adduco nab\u00edz\u00ed st\u011bhovac\u00ed slu\u017eby, kter\u00e9 zahrnuj\u00ed i odvoz odpadu, aby v\u00e1m pomohla sn\u00ed\u017eit objem v\u011bc\u00ed, kter\u00e9 si s sebou berete na st\u011bhov\u00e1n\u00ed. Pe\u010dliv\u011b \u0159\u00edd\u00ed va\u0161e st\u011bhov\u00e1n\u00ed, napl\u00e1nuje trasu a p\u0159iprav\u00ed pot\u0159ebn\u00e9 dokumenty a poji\u0161t\u011bn\u00ed. Va\u0161e v\u011bci tak\u00e9 bezpe\u010dn\u011b zabal\u00ed a p\u0159eprav\u00ed, ne\u017e je v c\u00edlov\u00e9 destinaci vybal\u00ed.<\/p>\n<p>Webov\u00e9 str\u00e1nky: <a href=\"https:\/\/adduco.ee\/en\/\" target=\"_blank\" rel=\"noopener\">https:\/\/adduco.ee\/en\/<\/a><\/p>\n<h2><span class=\"ez-toc-section\" id=\"2_AVA_Express\"><\/span><strong>2. AVA Express<\/strong><span class=\"ez-toc-section-end\"><\/span><\/h2>\n<p><img loading=\"lazy\" decoding=\"async\" class=\"alignnone size-full wp-image-5928\" src=\"https:\/\/moverdb.com\/wp-content\/uploads\/AVA-Express-international-moving-company.png\" alt=\"AVA Express mezin\u00e1rodn\u00ed st\u011bhov\u00e1n\u00ed spole\u010dnost\" width=\"1440\" height=\"712\" data-wp-pid=\"5928\" srcset=\"https:\/\/moverdb.com\/wp-content\/uploads\/AVA-Express-international-moving-company.png 1440w, https:\/\/moverdb.com\/wp-content\/uploads\/AVA-Express-international-moving-company-300x148.png 300w, https:\/\/moverdb.com\/wp-content\/uploads\/AVA-Express-international-moving-company-1024x506.png 1024w, https:\/\/moverdb.com\/wp-content\/uploads\/AVA-Express-international-moving-company-18x9.png 18w, https:\/\/moverdb.com\/wp-content\/uploads\/AVA-Express-international-moving-company-600x297.png 600w\" sizes=\"auto, (max-width: 1440px) 100vw, 1440px\" \/><\/p>\n<ul>\n<li>St\u011bhov\u00e1n\u00ed na n\u00e1rodn\u00ed \u00farovni<\/li>\n<li>Mezin\u00e1rodn\u00ed p\u0159esuny<\/li>\n<li>St\u011bhov\u00e1n\u00ed dom\u00e1cnost\u00ed<\/li>\n<li>St\u011bhov\u00e1n\u00ed kancel\u00e1\u0159\u00ed<\/li>\n<li>Specializovan\u00e1 doprava a vybaven\u00ed<\/li>\n<li>Balic\u00ed slu\u017eby<\/li>\n<li>Dopravn\u00ed opat\u0159en\u00ed<\/li>\n<li>St\u011bhov\u00e1n\u00ed t\u011b\u017ek\u00fdch p\u0159edm\u011bt\u016f<\/li>\n<li>P\u0159eprava um\u011bn\u00ed<\/li>\n<li>\u0158e\u0161en\u00ed pro do\u010dasn\u00e9 skladov\u00e1n\u00ed<\/li>\n<\/ul>\n<p>AVA Express je estonsk\u00e1 st\u011bhovac\u00ed spole\u010dnost, kter\u00e1 m\u00e1 v\u00edce ne\u017e 20 let zku\u0161enost\u00ed se st\u011bhov\u00e1n\u00edm dom\u00e1cnost\u00ed a kancel\u00e1\u0159\u00ed. Spolupracuje s mezin\u00e1rodn\u00edmi st\u011bhovac\u00edmi agenturami, kter\u00e9 zaji\u0161\u0165uj\u00ed st\u011bhov\u00e1n\u00ed po cel\u00e9m sv\u011bt\u011b, a je \u010dlenem IAM. Disponuj\u00ed vlastn\u00edm vozov\u00fdm parkem pro prov\u00e1d\u011bn\u00ed st\u011bhov\u00e1n\u00ed ve <a href=\"https:\/\/moverdb.com\/cs\/moving-to-estonia\/\" data-internallinksmanager029f6b8e52c=\"430\" title=\"St\u011bhov\u00e1n\u00ed do Estonska? 2026 N\u00e1klady na bydlen\u00ed a tipy na st\u011bhov\u00e1n\u00ed\">Estonsko<\/a>.<\/p>\n<p>Spole\u010dnost AVA Express nab\u00edz\u00ed individu\u00e1ln\u00ed nab\u00eddku st\u011bhovac\u00edch slu\u017eeb pro dom\u00e1cnosti a firmy. Poskytne v\u00e1m ve\u0161ker\u00fd balic\u00ed materi\u00e1l pro st\u011bhov\u00e1n\u00ed a v p\u0159\u00edpad\u011b pot\u0159eby zabal\u00ed va\u0161e v\u011bci za v\u00e1s. Zajist\u00ed bezpe\u010dnou p\u0159epravu va\u0161ich v\u011bc\u00ed v\u010detn\u011b um\u011bleck\u00fdch d\u011bl nebo t\u011b\u017ek\u00fdch p\u0159edm\u011bt\u016f na m\u00edsto ur\u010den\u00ed v Estonsku nebo v zahrani\u010d\u00ed.<\/p>\n<p>Webov\u00e9 str\u00e1nky: <a href=\"http:\/\/www.ava.ee\" target=\"_blank\" rel=\"noopener\">http:\/\/www.ava.ee<\/a><\/p>\n<h2><span class=\"ez-toc-section\" id=\"3_MoveMaster\"><\/span><strong>3. MoveMaster<\/strong><span class=\"ez-toc-section-end\"><\/span><\/h2>\n<p><img loading=\"lazy\" decoding=\"async\" class=\"alignnone size-full wp-image-5976\" src=\"https:\/\/moverdb.com\/wp-content\/uploads\/MoveMaster-international-moving-company.png\" alt=\"MoveMaster mezin\u00e1rodn\u00ed st\u011bhov\u00e1n\u00ed spole\u010dnost\" width=\"1440\" height=\"713\" data-wp-pid=\"5976\" srcset=\"https:\/\/moverdb.com\/wp-content\/uploads\/MoveMaster-international-moving-company.png 1440w, https:\/\/moverdb.com\/wp-content\/uploads\/MoveMaster-international-moving-company-300x149.png 300w, https:\/\/moverdb.com\/wp-content\/uploads\/MoveMaster-international-moving-company-1024x507.png 1024w, https:\/\/moverdb.com\/wp-content\/uploads\/MoveMaster-international-moving-company-18x9.png 18w, https:\/\/moverdb.com\/wp-content\/uploads\/MoveMaster-international-moving-company-600x297.png 600w\" sizes=\"auto, (max-width: 1440px) 100vw, 1440px\" \/><\/p>\n<ul>\n<li>M\u00edstn\u00ed a vnitrost\u00e1tn\u00ed p\u0159esuny<\/li>\n<li>Mezin\u00e1rodn\u00ed p\u0159esuny<\/li>\n<li>St\u011bhov\u00e1n\u00ed do obytn\u00fdch prostor<\/li>\n<li>St\u011bhov\u00e1n\u00ed spole\u010dnosti<\/li>\n<li>Individu\u00e1ln\u00ed p\u0159\u00edstup<\/li>\n<li>Balic\u00ed slu\u017eba<\/li>\n<li>Pozemn\u00ed, n\u00e1mo\u0159n\u00ed a leteck\u00e1 doprava<\/li>\n<li>P\u0159eprava um\u011bleck\u00fdch p\u0159edm\u011bt\u016f<\/li>\n<li>Poji\u0161t\u011bn\u00ed<\/li>\n<li>Skladovac\u00ed prostory<\/li>\n<\/ul>\n<p>MoveMaster je estonsk\u00e1 st\u011bhovac\u00ed spole\u010dnost se s\u00eddlem v Tallinnu, kter\u00e1 m\u00e1 39 let zku\u0161enost\u00ed s tis\u00edci st\u011bhov\u00e1n\u00edmi ve 147 zem\u00edch. Spolupracuje s partnery ve velk\u00fdch m\u011bstech, kte\u0159\u00ed pom\u00e1haj\u00ed se st\u011bhov\u00e1n\u00edm mimo jejich oblast, a je \u010dlenem IAM.<\/p>\n<p>Spole\u010dnost MoveMaster nab\u00edz\u00ed individu\u00e1ln\u00ed p\u0159\u00edstup ke st\u011bhov\u00e1n\u00ed, kter\u00fd zahrnuje prohl\u00eddku p\u0159ed st\u011bhov\u00e1n\u00edm v Tallinnu, aby bylo mo\u017en\u00e9 vytvo\u0159it nejvhodn\u011bj\u0161\u00ed pl\u00e1n st\u011bhov\u00e1n\u00ed. Poskytuj\u00ed balic\u00ed slu\u017eby s pou\u017eit\u00edm vysoce kvalitn\u00edch balic\u00edch materi\u00e1l\u016f, kter\u00e9 ochr\u00e1n\u00ed va\u0161e v\u011bci, demontuj\u00ed n\u00e1bytek a po p\u0159\u00edjezdu n\u00e1bytek op\u011bt smontuj\u00ed. Zaji\u0161\u0165uj\u00ed pozemn\u00ed, n\u00e1mo\u0159n\u00ed i leteckou p\u0159epravu a pom\u00e1haj\u00ed s celn\u00edmi deklaracemi a poji\u0161t\u011bn\u00edm.<\/p>\n<p>Webov\u00e9 str\u00e1nky: <a href=\"http:\/\/www.movemaster.ee\" target=\"_blank\" rel=\"noopener\">http:\/\/www.movemaster.ee<\/a><\/p>\n<h2><span class=\"ez-toc-section\" id=\"4_KLG_Estonia\"><\/span><strong>4. KLG Estonsko<\/strong><span class=\"ez-toc-section-end\"><\/span><\/h2>\n<p><img loading=\"lazy\" decoding=\"async\" class=\"alignnone size-full wp-image-5964\" src=\"https:\/\/moverdb.com\/wp-content\/uploads\/KLG-Estonia-international-moving-company.png\" alt=\"KLG Estonsko mezin\u00e1rodn\u00ed st\u011bhov\u00e1n\u00ed spole\u010dnost\" width=\"1440\" height=\"711\" data-wp-pid=\"5964\" srcset=\"https:\/\/moverdb.com\/wp-content\/uploads\/KLG-Estonia-international-moving-company.png 1440w, https:\/\/moverdb.com\/wp-content\/uploads\/KLG-Estonia-international-moving-company-300x148.png 300w, https:\/\/moverdb.com\/wp-content\/uploads\/KLG-Estonia-international-moving-company-1024x506.png 1024w, https:\/\/moverdb.com\/wp-content\/uploads\/KLG-Estonia-international-moving-company-18x9.png 18w, https:\/\/moverdb.com\/wp-content\/uploads\/KLG-Estonia-international-moving-company-600x296.png 600w\" sizes=\"auto, (max-width: 1440px) 100vw, 1440px\" \/><\/p>\n<ul>\n<li>St\u011bhov\u00e1n\u00ed na n\u00e1rodn\u00ed \u00farovni<\/li>\n<li>Mezin\u00e1rodn\u00ed p\u0159esuny<\/li>\n<li>St\u011bhov\u00e1n\u00ed dom\u00e1cnost\u00ed<\/li>\n<li>Balic\u00ed slu\u017eba<\/li>\n<li>Stavba d\u0159ev\u011bn\u00fdch beden na zak\u00e1zku<\/li>\n<li>Pozemn\u00ed, leteck\u00e1, n\u00e1mo\u0159n\u00ed a \u017eelezni\u010dn\u00ed doprava<\/li>\n<li>Celn\u00ed podpora<\/li>\n<li>Um\u011bleck\u00e1 doprava<\/li>\n<li>Poji\u0161t\u011bn\u00ed<\/li>\n<li>Kr\u00e1tkodob\u00e9 a dlouhodob\u00e9 skladovac\u00ed prostory<\/li>\n<\/ul>\n<p>KLG Estonsko je poskytovatel speci\u00e1ln\u00edch logistick\u00fdch \u0159e\u0161en\u00ed se s\u00eddlem v Tallinnu, kter\u00fd poskytuje st\u011bhovac\u00ed slu\u017eby ji\u017e od roku 1994. M\u00e1 celosv\u011btovou s\u00ed\u0165 partner\u016f, kte\u0159\u00ed j\u00ed pom\u00e1haj\u00ed zaji\u0161\u0165ovat mezin\u00e1rodn\u00ed st\u011bhov\u00e1n\u00ed. Jsou akreditov\u00e1ni u FIDI.<\/p>\n<p>Spole\u010dnost KLG Estonsko poskytuje prohl\u00eddku a konzultace k posouzen\u00ed va\u0161ich pot\u0159eb. Nab\u00edz\u00ed profesion\u00e1ln\u00ed balic\u00ed slu\u017eby, kter\u00e9 ochr\u00e1n\u00ed va\u0161e v\u011bci, v\u010detn\u011b d\u0159ev\u011bn\u00fdch krabic na m\u00edru pro jak\u00fdkoli obsah v\u010detn\u011b um\u011bleck\u00fdch d\u011bl a IT vybaven\u00ed. St\u011bhuj\u00ed tak\u00e9 v\u011bt\u0161\u00ed p\u0159edm\u011bty v\u010detn\u011b motocykl\u016f a klav\u00edr\u016f. Zaji\u0161\u0165uj\u00ed pozemn\u00ed, leteckou, n\u00e1mo\u0159n\u00ed a \u017eelezni\u010dn\u00ed p\u0159epravu a pom\u00e1haj\u00ed s vy\u0159\u00edzen\u00edm celn\u00edch po\u017eadavk\u016f.<\/p>\n<p>Webov\u00e9 str\u00e1nky: <a href=\"http:\/\/www.klg.ee\/\" target=\"_blank\" rel=\"noopener\">http:\/\/www.klg.ee\/<\/a><\/p>\n<h2><span class=\"ez-toc-section\" id=\"Other_Useful_Guides_to_Estonia\"><\/span>Dal\u0161\u00ed u\u017eite\u010dn\u00ed pr\u016fvodci Estonskem<span class=\"ez-toc-section-end\"><\/span><\/h2>\n<ul>\n<li> <a href=\"https:\/\/moverdb.com\/cs\/moving-to-estonia\/\">St\u011bhov\u00e1n\u00ed do Estonska? 2026 N\u00e1klady na bydlen\u00ed a tipy na st\u011bhov\u00e1n\u00ed<\/a><\/li>\n<li> <a href=\"https:\/\/moverdb.com\/cs\/moving-to-estonia\/best-places-to-live-estonia\/\">12 nejlep\u0161\u00edch m\u00edst k \u017eivotu v Estonsku<\/a><\/li>\n<li> <a href=\"https:\/\/moverdb.com\/cs\/kontejnerova-preprava\/estonsko\/\">2026 Sazby n\u00e1mo\u0159n\u00ed kontejnerov\u00e9 dopravy do Estonska a z Estonska<\/a><\/li>\n<\/ul>","protected":false},"excerpt":{"rendered":"<p>Moving can be a stressful time, whether that is moving home or your business. Many people employ the services of a moving company as they can safely move your belongings and reduce the stress of your move. Below we have compiled a list of Estonian removal companies that are members of the International Association of [&hellip;]<\/p>\n","protected":false},"author":4,"featured_media":0,"parent":190,"menu_order":0,"comment_status":"closed","ping_status":"closed","template":"","meta":{"_genesis_hide_title":false,"_genesis_hide_breadcrumbs":false,"_genesis_hide_singular_image":false,"_genesis_hide_footer_widgets":false,"_genesis_custom_body_class":"","_genesis_custom_post_class":"","_genesis_layout":"","footnotes":""},"class_list":{"0":"post-6043","1":"page","2":"type-page","3":"status-publish","5":"entry","6":"has-post-thumbnail"},"_links":{"self":[{"href":"https:\/\/moverdb.com\/cs\/wp-json\/wp\/v2\/pages\/6043","targetHints":{"allow":["GET"]}}],"collection":[{"href":"https:\/\/moverdb.com\/cs\/wp-json\/wp\/v2\/pages"}],"about":[{"href":"https:\/\/moverdb.com\/cs\/wp-json\/wp\/v2\/types\/page"}],"author":[{"embeddable":true,"href":"https:\/\/moverdb.com\/cs\/wp-json\/wp\/v2\/users\/4"}],"replies":[{"embeddable":true,"href":"https:\/\/moverdb.com\/cs\/wp-json\/wp\/v2\/comments?post=6043"}],"version-history":[{"count":3,"href":"https:\/\/moverdb.com\/cs\/wp-json\/wp\/v2\/pages\/6043\/revisions"}],"predecessor-version":[{"id":16257,"href":"https:\/\/moverdb.com\/cs\/wp-json\/wp\/v2\/pages\/6043\/revisions\/16257"}],"up":[{"embeddable":true,"href":"https:\/\/moverdb.com\/cs\/wp-json\/wp\/v2\/pages\/190"}],"wp:attachment":[{"href":"https:\/\/moverdb.com\/cs\/wp-json\/wp\/v2\/media?parent=6043"}],"curies":[{"name":"wp","href":"https:\/\/api.w.org\/{rel}","templated":true}]}}