{"id":6040,"date":"2023-02-01T12:37:34","date_gmt":"2023-02-01T12:37:34","guid":{"rendered":"https:\/\/moverdb.com\/?page_id=6040"},"modified":"2026-01-08T15:24:14","modified_gmt":"2026-01-08T15:24:14","slug":"stehovani-spolecnosti-el-salvador","status":"publish","type":"page","link":"https:\/\/moverdb.com\/cs\/moving-companies\/moving-companies-el-salvador\/","title":{"rendered":"3 Nejlep\u0161\u00ed mezin\u00e1rodn\u00ed st\u011bhovac\u00ed spole\u010dnosti v Salvadoru"},"content":{"rendered":"<p>Pl\u00e1nujete st\u011bhov\u00e1n\u00ed v Salvadoru nebo do Salvadoru \u010di z n\u011bj? Pak mo\u017en\u00e1 budete cht\u00edt vyu\u017e\u00edt slu\u017eeb advok\u00e1tn\u00ed kancel\u00e1\u0159e. <a href=\"https:\/\/moverdb.com\/cs\/moving-companies\/\" data-internallinksmanager029f6b8e52c=\"79\" title=\"Top 25 Mezin\u00e1rodn\u00ed st\u011bhovac\u00ed spole\u010dnosti Online\">st\u011bhovac\u00ed spole\u010dnost<\/a> v\u00e1m pomohou a zbav\u00ed v\u00e1s n\u011bkter\u00fdch starost\u00ed. N\u00ed\u017ee jsme sestavili seznam Salvadoru <a href=\"https:\/\/moverdb.com\/cs\/international-removals\/\" data-internallinksmanager029f6b8e52c=\"27\" title=\"36 nejlep\u0161\u00edch mezin\u00e1rodn\u00edch st\u011bhovac\u00edch spole\u010dnost\u00ed ve Velk\u00e9 Brit\u00e1nii\">st\u011bhovac\u00ed firmy<\/a> kter\u00e9 jsou \u010dleny <a href=\"https:\/\/moverdb.com\/cs\/iam\/\" data-internallinksmanager029f6b8e52c=\"23\" title=\"Vysv\u011btlen\u00ed Mezin\u00e1rodn\u00ed asociace st\u011bhov\u00e1k\u016f (IAM)\">Mezin\u00e1rodn\u00ed asociace st\u011bhov\u00e1k\u016f<\/a> (IAM) a\/nebo <a href=\"https:\/\/moverdb.com\/cs\/fidi-faim\/\" data-internallinksmanager029f6b8e52c=\"16\" title=\"Vysv\u011btlen\u00ed FIDI a FAIM (FIDI Accredited International Mover)\">FIDI<\/a> Akreditovan\u00e9 mezin\u00e1rodn\u00ed st\u011bhov\u00e1n\u00ed (FAIM), kter\u00e9 v\u00e1m m\u016f\u017ee pomoci s va\u0161\u00edm st\u011bhov\u00e1n\u00edm.<\/p>\n<h2><strong>1. Comca International<\/strong><\/h2>\n<ul>\n<li>St\u011bhov\u00e1n\u00ed na n\u00e1rodn\u00ed \u00farovni<\/li>\n<li>Mezin\u00e1rodn\u00ed p\u0159esuny<\/li>\n<li>St\u011bhov\u00e1n\u00ed dom\u00e1cnost\u00ed<\/li>\n<li>Inspekce v dom\u00e1cnosti<\/li>\n<li>Profesion\u00e1ln\u00ed balic\u00ed slu\u017eby<\/li>\n<li>Silni\u010dn\u00ed, n\u00e1mo\u0159n\u00ed a leteck\u00e1 doprava<\/li>\n<li>Celn\u00ed podpora<\/li>\n<li>Balen\u00ed um\u011bleck\u00fdch d\u011bl<\/li>\n<li>Poji\u0161t\u011bn\u00ed<\/li>\n<li>Zabezpe\u010den\u00e9 skladov\u00e1n\u00ed<\/li>\n<\/ul>\n<p>Comca International je spole\u010dnost zalo\u017een\u00e1 v roce 1967, kter\u00e1 se zab\u00fdv\u00e1 logistick\u00fdmi \u0159e\u0161en\u00edmi v oblasti dopravy a distribuce a nab\u00edz\u00ed vnitrost\u00e1tn\u00ed a mezin\u00e1rodn\u00ed st\u011bhovac\u00ed slu\u017eby. M\u00e1 strategick\u00e9 aliance s mezin\u00e1rodn\u00edmi agenturami, kter\u00e9 j\u00ed umo\u017e\u0148uj\u00ed realizovat mezin\u00e1rodn\u00ed st\u011bhov\u00e1n\u00ed. Je \u010dlenem IAM s 55letou tradic\u00ed.<\/p>\n<p>Spole\u010dnost Comca International v\u00e1m poskytne inspekci a odhad st\u011bhov\u00e1n\u00ed a porad\u00ed v\u00e1m s nejvhodn\u011bj\u0161\u00edm zp\u016fsobem p\u0159epravy. Nab\u00edz\u00ed profesion\u00e1ln\u00ed balic\u00ed slu\u017eby s pou\u017eit\u00edm nejlep\u0161\u00edch materi\u00e1l\u016f a krabic nebo d\u0159ev\u011bn\u00fdch beden s lepic\u00edmi plasty a p\u00e1skami pro v\u011bt\u0161\u00ed ochranu p\u0159i p\u0159eprav\u011b. Zajist\u00ed p\u0159epravu po silnici, po mo\u0159i nebo letecky a pomohou s celn\u00edmi z\u00e1le\u017eitostmi.<\/p>\n<p>Webov\u00e9 str\u00e1nky: <a href=\"http:\/\/www.comca.com.sv\" target=\"_blank\" rel=\"noopener\">http:\/\/www.comca.com.sv<\/a><\/p>\n<h2><strong>2. Mudanzas Suarez<\/strong><\/h2>\n<p><img loading=\"lazy\" decoding=\"async\" class=\"alignnone size-full wp-image-5982\" src=\"https:\/\/moverdb.com\/wp-content\/uploads\/Mudanzas-Suarez-international-moving-company.png\" alt=\"Mudanzas Suarez mezin\u00e1rodn\u00ed st\u011bhov\u00e1n\u00ed spole\u010dnost\" width=\"1440\" height=\"712\" data-wp-pid=\"5982\" srcset=\"https:\/\/moverdb.com\/wp-content\/uploads\/Mudanzas-Suarez-international-moving-company.png 1440w, https:\/\/moverdb.com\/wp-content\/uploads\/Mudanzas-Suarez-international-moving-company-300x148.png 300w, https:\/\/moverdb.com\/wp-content\/uploads\/Mudanzas-Suarez-international-moving-company-1024x506.png 1024w, https:\/\/moverdb.com\/wp-content\/uploads\/Mudanzas-Suarez-international-moving-company-18x9.png 18w, https:\/\/moverdb.com\/wp-content\/uploads\/Mudanzas-Suarez-international-moving-company-600x297.png 600w\" sizes=\"auto, (max-width: 1440px) 100vw, 1440px\" \/><\/p>\n<ul>\n<li>Vnitrost\u00e1tn\u00ed st\u011bhov\u00e1n\u00ed<\/li>\n<li>Mezin\u00e1rodn\u00ed st\u011bhov\u00e1n\u00ed<\/li>\n<li>St\u011bhov\u00e1n\u00ed do obytn\u00fdch prostor<\/li>\n<li>Obchodn\u00ed kroky<\/li>\n<li>Individu\u00e1ln\u00ed slu\u017eby<\/li>\n<li>Slu\u017eba od dve\u0159\u00ed ke dve\u0159\u00edm<\/li>\n<li>Balic\u00ed slu\u017eba<\/li>\n<li>D\u0159ev\u011bn\u00e9 krabice na m\u00edru<\/li>\n<li>V\u00fdb\u011br mo\u017enost\u00ed dopravy<\/li>\n<li>Klimatizovan\u00e9 skladovac\u00ed prostory<\/li>\n<\/ul>\n<p>Mudanzas Suarez je logistick\u00e1 a st\u011bhovac\u00ed spole\u010dnost zalo\u017een\u00e1 v roce 1958 ve m\u011bst\u011b Antiguo Cuscatlan. Disponuje \u0161irokou s\u00edt\u00ed mezin\u00e1rodn\u00edch agent\u016f, kte\u0159\u00ed jim pom\u00e1haj\u00ed p\u0159i realizaci st\u011bhov\u00e1n\u00ed po cel\u00e9m sv\u011bt\u011b. Je \u010dlenem IAM s 54letou tradic\u00ed.<\/p>\n<p>Spole\u010dnost Mudanzas Suarez nab\u00edz\u00ed individu\u00e1ln\u00ed slu\u017eby a poskytuje \u0159e\u0161en\u00ed obal\u016f na m\u00edru prost\u0159ednictv\u00edm sv\u00e9ho vlastn\u00edho truhl\u00e1\u0159sk\u00e9ho t\u00fdmu, kter\u00fd vyr\u00e1b\u00ed d\u0159ev\u011bn\u00e9 krabice na zak\u00e1zku. Poskytuj\u00ed balic\u00ed slu\u017eby, kter\u00e9 ochr\u00e1n\u00ed va\u0161e v\u011bci p\u0159i p\u0159eprav\u011b. Nab\u00edzej\u00ed v\u00fdb\u011br mo\u017enost\u00ed p\u0159epravy n\u00e1kladu v\u010detn\u011b leteck\u00e9ho a n\u00e1mo\u0159n\u00edho n\u00e1kladu, nap\u0159\u00edklad konsolidovan\u00e9ho n\u00e1kladu.<\/p>\n<p>Webov\u00e9 str\u00e1nky: <a href=\"http:\/\/suarez.com.sv\" target=\"_blank\" rel=\"noopener\">http:\/\/suarez.com.sv<\/a><\/p>\n<h2><strong>3. Mudisa Salvador<\/strong><\/h2>\n<p><img loading=\"lazy\" decoding=\"async\" class=\"alignnone size-full wp-image-5983\" src=\"https:\/\/moverdb.com\/wp-content\/uploads\/Mudisa-international-moving-company.png\" alt=\"Mudisa mezin\u00e1rodn\u00ed st\u011bhov\u00e1n\u00ed spole\u010dnost\" width=\"1440\" height=\"712\" data-wp-pid=\"5983\" srcset=\"https:\/\/moverdb.com\/wp-content\/uploads\/Mudisa-international-moving-company.png 1440w, https:\/\/moverdb.com\/wp-content\/uploads\/Mudisa-international-moving-company-300x148.png 300w, https:\/\/moverdb.com\/wp-content\/uploads\/Mudisa-international-moving-company-1024x506.png 1024w, https:\/\/moverdb.com\/wp-content\/uploads\/Mudisa-international-moving-company-18x9.png 18w, https:\/\/moverdb.com\/wp-content\/uploads\/Mudisa-international-moving-company-600x297.png 600w\" sizes=\"auto, (max-width: 1440px) 100vw, 1440px\" \/><\/p>\n<ul>\n<li>Vnitrost\u00e1tn\u00ed st\u011bhov\u00e1n\u00ed<\/li>\n<li>Mezin\u00e1rodn\u00ed st\u011bhov\u00e1n\u00ed<\/li>\n<li>St\u011bhov\u00e1n\u00ed dom\u00e1cnost\u00ed<\/li>\n<li>St\u011bhov\u00e1n\u00ed firem<\/li>\n<li>St\u011bhovac\u00ed slu\u017eby<\/li>\n<li>Slu\u017eby od dve\u0159\u00ed ke dve\u0159\u00edm<\/li>\n<li>Balen\u00ed v\u010detn\u011b vlastn\u00edch krabic a beden<\/li>\n<li>P\u0159eprava um\u011bleck\u00fdch d\u011bl<\/li>\n<li>P\u0159eprava vozidel<\/li>\n<li>Zabezpe\u010den\u00e9 skladovac\u00ed prostory<\/li>\n<\/ul>\n<p>Mudisa je st\u011bhovac\u00ed, logistick\u00e1 a n\u00e1kladn\u00ed spole\u010dnost zalo\u017een\u00e1 v roce 1963 v San Salvadoru. Poskytuje mezin\u00e1rodn\u00ed st\u011bhovac\u00ed slu\u017eby \"od dve\u0159\u00ed ke dve\u0159\u00edm\" ve spolupr\u00e1ci s dal\u0161\u00edmi mezin\u00e1rodn\u00edmi st\u011bhovac\u00edmi agenturami a disponuje vlastn\u00edm vozov\u00fdm parkem pro vnitrost\u00e1tn\u00ed st\u011bhov\u00e1n\u00ed. Je \u010dlenem IAM s 45letou tradic\u00ed.<\/p>\n<p>Spole\u010dnost Mudisa nab\u00edz\u00ed st\u011bhovac\u00ed slu\u017eby pro dom\u00e1cnosti a firmy. Poskytuj\u00ed slu\u017eby ve st\u00e1vaj\u00edc\u00edch i nov\u00fdch prostor\u00e1ch, jako je balen\u00ed a vybalov\u00e1n\u00ed, kter\u00e9 zahrnuje vlastn\u00ed krabice a bedny. Jejich st\u011bhovac\u00ed slu\u017eby zahrnuj\u00ed podporu p\u0159i imigraci, p\u0159\u00edjezdov\u00e9 slu\u017eby, poradenstv\u00ed ohledn\u011b \u0161kol, vyhled\u00e1v\u00e1n\u00ed bydlen\u00ed a slu\u017eby spojen\u00e9 s usazov\u00e1n\u00edm.<\/p>\n<p>Webov\u00e9 str\u00e1nky: <a href=\"http:\/\/www.mudisa.com.sv\" target=\"_blank\" rel=\"noopener\">http:\/\/www.mudisa.com.sv<\/a><\/p>","protected":false},"excerpt":{"rendered":"<p>Are you planning on moving in El Salvador or to or from El Salvador? Then you may want to employ the services of a moving company to assist you and take some of the pressure off. Below we have compiled a list of El Salvador removal companies that are members of the International Association of [&hellip;]<\/p>\n","protected":false},"author":4,"featured_media":0,"parent":190,"menu_order":0,"comment_status":"closed","ping_status":"closed","template":"","meta":{"_genesis_hide_title":false,"_genesis_hide_breadcrumbs":false,"_genesis_hide_singular_image":false,"_genesis_hide_footer_widgets":false,"_genesis_custom_body_class":"","_genesis_custom_post_class":"","_genesis_layout":"","footnotes":""},"class_list":{"0":"post-6040","1":"page","2":"type-page","3":"status-publish","5":"entry","6":"has-post-thumbnail"},"_links":{"self":[{"href":"https:\/\/moverdb.com\/cs\/wp-json\/wp\/v2\/pages\/6040","targetHints":{"allow":["GET"]}}],"collection":[{"href":"https:\/\/moverdb.com\/cs\/wp-json\/wp\/v2\/pages"}],"about":[{"href":"https:\/\/moverdb.com\/cs\/wp-json\/wp\/v2\/types\/page"}],"author":[{"embeddable":true,"href":"https:\/\/moverdb.com\/cs\/wp-json\/wp\/v2\/users\/4"}],"replies":[{"embeddable":true,"href":"https:\/\/moverdb.com\/cs\/wp-json\/wp\/v2\/comments?post=6040"}],"version-history":[{"count":3,"href":"https:\/\/moverdb.com\/cs\/wp-json\/wp\/v2\/pages\/6040\/revisions"}],"predecessor-version":[{"id":6056,"href":"https:\/\/moverdb.com\/cs\/wp-json\/wp\/v2\/pages\/6040\/revisions\/6056"}],"up":[{"embeddable":true,"href":"https:\/\/moverdb.com\/cs\/wp-json\/wp\/v2\/pages\/190"}],"wp:attachment":[{"href":"https:\/\/moverdb.com\/cs\/wp-json\/wp\/v2\/media?parent=6040"}],"curies":[{"name":"wp","href":"https:\/\/api.w.org\/{rel}","templated":true}]}}