{"id":6034,"date":"2023-02-01T13:52:21","date_gmt":"2023-02-01T13:52:21","guid":{"rendered":"https:\/\/moverdb.com\/?page_id=6034"},"modified":"2026-01-08T15:29:54","modified_gmt":"2026-01-08T15:29:54","slug":"stehovani-firem-djibouti","status":"publish","type":"page","link":"https:\/\/moverdb.com\/cs\/moving-companies\/moving-companies-djibouti\/","title":{"rendered":"Nejlep\u0161\u00ed mezin\u00e1rodn\u00ed st\u011bhovac\u00ed spole\u010dnosti v D\u017eibuti"},"content":{"rendered":"<p>Pl\u00e1nujete st\u011bhov\u00e1n\u00ed do D\u017eibutska? Nebo se st\u011bhujete do D\u017eibutska \u010di z D\u017eibutska? Pak mo\u017en\u00e1 budete cht\u00edt s t\u00edmto st\u011bhov\u00e1n\u00edm pomoci, zejm\u00e9na pokud se st\u011bhujete mezi zem\u011bmi, proto\u017ee pap\u00edrov\u00e1n\u00ed a doprava mohou b\u00fdt slo\u017eit\u00e9. N\u00ed\u017ee jsme pro v\u00e1s p\u0159ipravili seznam D\u017eibutska. <a href=\"https:\/\/moverdb.com\/cs\/international-removals\/\" data-internallinksmanager029f6b8e52c=\"27\" title=\"36 nejlep\u0161\u00edch mezin\u00e1rodn\u00edch st\u011bhovac\u00edch spole\u010dnost\u00ed ve Velk\u00e9 Brit\u00e1nii\">st\u011bhovac\u00ed firmy<\/a> kter\u00e9 jsou \u010dleny <a href=\"https:\/\/moverdb.com\/cs\/iam\/\" data-internallinksmanager029f6b8e52c=\"23\" title=\"Vysv\u011btlen\u00ed Mezin\u00e1rodn\u00ed asociace st\u011bhov\u00e1k\u016f (IAM)\">Mezin\u00e1rodn\u00ed asociace st\u011bhov\u00e1k\u016f<\/a> (IAM) a\/nebo <a href=\"https:\/\/moverdb.com\/cs\/fidi-faim\/\" data-internallinksmanager029f6b8e52c=\"16\" title=\"Vysv\u011btlen\u00ed FIDI a FAIM (FIDI Accredited International Mover)\">FIDI<\/a> Akreditovan\u00e9 mezin\u00e1rodn\u00ed st\u011bhov\u00e1n\u00ed (FAIM), kter\u00e9 by v\u00e1m mohlo pomoci.<\/p>\n<h2><strong>MTI Logistics<\/strong><\/h2>\n<p><img loading=\"lazy\" decoding=\"async\" class=\"alignnone size-full wp-image-5979\" src=\"https:\/\/moverdb.com\/wp-content\/uploads\/MTI-Logistics-international-moving-company.png\" alt=\"MTI Logistics mezin\u00e1rodn\u00ed st\u011bhov\u00e1n\u00ed spole\u010dnost\" width=\"1440\" height=\"682\" data-wp-pid=\"5979\" srcset=\"https:\/\/moverdb.com\/wp-content\/uploads\/MTI-Logistics-international-moving-company.png 1440w, https:\/\/moverdb.com\/wp-content\/uploads\/MTI-Logistics-international-moving-company-300x142.png 300w, https:\/\/moverdb.com\/wp-content\/uploads\/MTI-Logistics-international-moving-company-1024x485.png 1024w, https:\/\/moverdb.com\/wp-content\/uploads\/MTI-Logistics-international-moving-company-18x9.png 18w, https:\/\/moverdb.com\/wp-content\/uploads\/MTI-Logistics-international-moving-company-600x284.png 600w\" sizes=\"auto, (max-width: 1440px) 100vw, 1440px\" \/><\/p>\n<ul>\n<li>St\u011bhov\u00e1n\u00ed na n\u00e1rodn\u00ed \u00farovni<\/li>\n<li>Mezin\u00e1rodn\u00ed p\u0159esuny<\/li>\n<li>Odd\u011blen\u00ed p\u0159emis\u0165ov\u00e1n\u00ed<\/li>\n<li>Obchodn\u00ed kroky<\/li>\n<li>Balic\u00ed slu\u017eby<\/li>\n<li>Pozemn\u00ed, n\u00e1mo\u0159n\u00ed a leteck\u00e1 doprava<\/li>\n<li>Konsolidace z\u00e1silek<\/li>\n<li>Celn\u00ed odbaven\u00ed<\/li>\n<li>\u0158ada vozidel vozov\u00e9ho parku<\/li>\n<li>Skladovac\u00ed prostory<\/li>\n<\/ul>\n<p>MTI Logistics je spole\u010dnost zab\u00fdvaj\u00edc\u00ed se n\u00e1kladn\u00ed dopravou a logistikou, kter\u00e1 nab\u00edz\u00ed st\u011bhovac\u00ed slu\u017eby pod svou zna\u010dkou MTI Movers. Disponuje rozs\u00e1hl\u00fdm vozov\u00fdm parkem a zvedac\u00edmi za\u0159\u00edzen\u00edmi, kter\u00e9 podporuj\u00ed jejich p\u0159epravu a dopravu. Jsou \u010dlenem IAM s patn\u00e1ctiletou prax\u00ed.<\/p>\n<p>Spole\u010dnost MTI Logistics nab\u00edz\u00ed st\u011bhovac\u00ed a p\u0159emis\u0165ovac\u00ed slu\u017eby v r\u00e1mci D\u017eibutska a do D\u017eibutska a z D\u017eibutska. Zaji\u0161\u0165uje silni\u010dn\u00ed, n\u00e1mo\u0159n\u00ed a leteckou p\u0159epravu s konsolidac\u00ed z\u00e1silek a podporu p\u0159i celn\u00edm odbaven\u00ed. Specializuje se na st\u011bhov\u00e1n\u00ed firem a m\u016f\u017ee poskytnout podporu p\u0159i balen\u00ed i p\u0159eprav\u011b a m\u016f\u017ee poskytnout skladovac\u00ed prostory.<\/p>\n<p>Webov\u00e9 str\u00e1nky: <a href=\"http:\/\/www.mti-logistics.com\" target=\"_blank\" rel=\"noopener\">http:\/\/www.mti-logistics.com<\/a><\/p>","protected":false},"excerpt":{"rendered":"<p>Are you planning a move in Djibouti? Or moving to or from Djibouti? Then you may want some help with that move especially if you are moving between countries as the paperwork and transportation can be complex to navigate. Below we have compiled a list of Djibouti removal companies that are members of the International [&hellip;]<\/p>\n","protected":false},"author":4,"featured_media":0,"parent":190,"menu_order":0,"comment_status":"closed","ping_status":"closed","template":"","meta":{"_genesis_hide_title":false,"_genesis_hide_breadcrumbs":false,"_genesis_hide_singular_image":false,"_genesis_hide_footer_widgets":false,"_genesis_custom_body_class":"","_genesis_custom_post_class":"","_genesis_layout":"","footnotes":""},"class_list":{"0":"post-6034","1":"page","2":"type-page","3":"status-publish","5":"entry","6":"has-post-thumbnail"},"_links":{"self":[{"href":"https:\/\/moverdb.com\/cs\/wp-json\/wp\/v2\/pages\/6034","targetHints":{"allow":["GET"]}}],"collection":[{"href":"https:\/\/moverdb.com\/cs\/wp-json\/wp\/v2\/pages"}],"about":[{"href":"https:\/\/moverdb.com\/cs\/wp-json\/wp\/v2\/types\/page"}],"author":[{"embeddable":true,"href":"https:\/\/moverdb.com\/cs\/wp-json\/wp\/v2\/users\/4"}],"replies":[{"embeddable":true,"href":"https:\/\/moverdb.com\/cs\/wp-json\/wp\/v2\/comments?post=6034"}],"version-history":[{"count":1,"href":"https:\/\/moverdb.com\/cs\/wp-json\/wp\/v2\/pages\/6034\/revisions"}],"predecessor-version":[{"id":6035,"href":"https:\/\/moverdb.com\/cs\/wp-json\/wp\/v2\/pages\/6034\/revisions\/6035"}],"up":[{"embeddable":true,"href":"https:\/\/moverdb.com\/cs\/wp-json\/wp\/v2\/pages\/190"}],"wp:attachment":[{"href":"https:\/\/moverdb.com\/cs\/wp-json\/wp\/v2\/media?parent=6034"}],"curies":[{"name":"wp","href":"https:\/\/api.w.org\/{rel}","templated":true}]}}