{"id":6026,"date":"2023-02-01T13:47:16","date_gmt":"2023-02-01T13:47:16","guid":{"rendered":"https:\/\/moverdb.com\/?page_id=6026"},"modified":"2026-01-08T15:29:04","modified_gmt":"2026-01-08T15:29:04","slug":"stehovani-spolecnosti-ceskarepublika","status":"publish","type":"page","link":"https:\/\/moverdb.com\/cs\/moving-companies\/moving-companies-czech-republic\/","title":{"rendered":"5 nejlep\u0161\u00edch mezin\u00e1rodn\u00edch st\u011bhovac\u00edch spole\u010dnost\u00ed v \u010cesk\u00e9 republice"},"content":{"rendered":"<p>St\u011bhov\u00e1n\u00ed m\u016f\u017ee b\u00fdt stresuj\u00edc\u00edm obdob\u00edm, a proto mnoho lid\u00ed vyhled\u00e1v\u00e1 pomoc asisten\u010dn\u00ed slu\u017eby. <a href=\"https:\/\/moverdb.com\/cs\/moving-companies\/\" data-internallinksmanager029f6b8e52c=\"79\" title=\"Top 25 Mezin\u00e1rodn\u00ed st\u011bhovac\u00ed spole\u010dnosti Online\">st\u011bhovac\u00ed spole\u010dnost<\/a> abyste si uleh\u010dili b\u0159emeno. A\u0165 u\u017e st\u011bhujete sebe nebo svou firmu na m\u00edstn\u00ed nebo mezin\u00e1rodn\u00ed \u00farovni, existuje spole\u010dnost, kter\u00e1 v\u00e1m pom\u016f\u017ee. N\u00ed\u017ee jsme sestavili seznam <a href=\"https:\/\/moverdb.com\/cs\/moving-to-the-czech-republic\/\" data-internallinksmanager029f6b8e52c=\"391\" title=\"St\u011bhov\u00e1n\u00ed do \u010cesk\u00e9 republiky? 2024 N\u00e1klady na bydlen\u00ed a tipy na st\u011bhov\u00e1n\u00ed\">\u010cesk\u00e1 republika<\/a> <a href=\"https:\/\/moverdb.com\/cs\/international-removals\/\" data-internallinksmanager029f6b8e52c=\"27\" title=\"36 nejlep\u0161\u00edch mezin\u00e1rodn\u00edch st\u011bhovac\u00edch spole\u010dnost\u00ed ve Velk\u00e9 Brit\u00e1nii\">st\u011bhovac\u00ed firmy<\/a> kter\u00e9 jsou \u010dleny <a href=\"https:\/\/moverdb.com\/cs\/iam\/\" data-internallinksmanager029f6b8e52c=\"23\" title=\"Vysv\u011btlen\u00ed Mezin\u00e1rodn\u00ed asociace st\u011bhov\u00e1k\u016f (IAM)\">Mezin\u00e1rodn\u00ed asociace st\u011bhov\u00e1k\u016f<\/a> (IAM) a\/nebo <a href=\"https:\/\/moverdb.com\/cs\/fidi-faim\/\" data-internallinksmanager029f6b8e52c=\"16\" title=\"Vysv\u011btlen\u00ed FIDI a FAIM (FIDI Accredited International Mover)\">FIDI<\/a> Akreditovan\u00e9 mezin\u00e1rodn\u00ed st\u011bhov\u00e1n\u00ed (FAIM), kter\u00e9 by v\u00e1m mohlo pomoci.<\/p>\n<div id=\"ez-toc-container\" class=\"ez-toc-v2_0_82_2 ez-toc-wrap-left counter-hierarchy ez-toc-counter ez-toc-transparent ez-toc-container-direction\">\n<div class=\"ez-toc-title-container\">\n<p class=\"ez-toc-title\" style=\"cursor:inherit\">Sekce<\/p>\n<span class=\"ez-toc-title-toggle\"><a href=\"#\" class=\"ez-toc-pull-right ez-toc-btn ez-toc-btn-xs ez-toc-btn-default ez-toc-toggle\" aria-label=\"P\u0159epnut\u00ed tabulky obsahu\"><span class=\"ez-toc-js-icon-con\"><span class=\"\"><span class=\"eztoc-hide\" style=\"display:none;\">P\u0159ep\u00edna\u010d<\/span><span class=\"ez-toc-icon-toggle-span\"><svg style=\"fill: #999;color:#999\" xmlns=\"http:\/\/www.w3.org\/2000\/svg\" class=\"list-377408\" width=\"20px\" height=\"20px\" viewbox=\"0 0 24 24\" fill=\"none\"><path d=\"M6 6H4v2h2V6zm14 0H8v2h12V6zM4 11h2v2H4v-2zm16 0H8v2h12v-2zM4 16h2v2H4v-2zm16 0H8v2h12v-2z\" fill=\"currentColor\"><\/path><\/svg><svg style=\"fill: #999;color:#999\" class=\"arrow-unsorted-368013\" xmlns=\"http:\/\/www.w3.org\/2000\/svg\" width=\"10px\" height=\"10px\" viewbox=\"0 0 24 24\" version=\"1.2\" baseprofile=\"tiny\"><path d=\"M18.2 9.3l-6.2-6.3-6.2 6.3c-.2.2-.3.4-.3.7s.1.5.3.7c.2.2.4.3.7.3h11c.3 0 .5-.1.7-.3.2-.2.3-.5.3-.7s-.1-.5-.3-.7zM5.8 14.7l6.2 6.3 6.2-6.3c.2-.2.3-.5.3-.7s-.1-.5-.3-.7c-.2-.2-.4-.3-.7-.3h-11c-.3 0-.5.1-.7.3-.2.2-.3.5-.3.7s.1.5.3.7z\"\/><\/svg><\/span><\/span><\/span><\/a><\/span><\/div>\n<nav><ul class='ez-toc-list ez-toc-list-level-1 eztoc-toggle-hide-by-default' ><li class='ez-toc-page-1 ez-toc-heading-level-2'><a class=\"ez-toc-link ez-toc-heading-1\" href=\"https:\/\/moverdb.com\/cs\/moving-companies\/moving-companies-czech-republic\/#1_Santa_Fe_Relocation\" >1. P\u0159em\u00edst\u011bn\u00ed Santa Fe<\/a><\/li><li class='ez-toc-page-1 ez-toc-heading-level-2'><a class=\"ez-toc-link ez-toc-heading-2\" href=\"https:\/\/moverdb.com\/cs\/moving-companies\/moving-companies-czech-republic\/#2_Voerman_International\" >2. Voerman International<\/a><\/li><li class='ez-toc-page-1 ez-toc-heading-level-2'><a class=\"ez-toc-link ez-toc-heading-3\" href=\"https:\/\/moverdb.com\/cs\/moving-companies\/moving-companies-czech-republic\/#3_Gosselin\" >3. Gosselin<\/a><\/li><li class='ez-toc-page-1 ez-toc-heading-level-2'><a class=\"ez-toc-link ez-toc-heading-4\" href=\"https:\/\/moverdb.com\/cs\/moving-companies\/moving-companies-czech-republic\/#4_KAE_International_Movers\" >4. KAE International Movers<\/a><\/li><li class='ez-toc-page-1 ez-toc-heading-level-2'><a class=\"ez-toc-link ez-toc-heading-5\" href=\"https:\/\/moverdb.com\/cs\/moving-companies\/moving-companies-czech-republic\/#5_Fenix_Shipping\" >5. Doprava spole\u010dnosti Fenix<\/a><\/li><li class='ez-toc-page-1 ez-toc-heading-level-2'><a class=\"ez-toc-link ez-toc-heading-6\" href=\"https:\/\/moverdb.com\/cs\/moving-companies\/moving-companies-czech-republic\/#Other_Useful_Guides_to_the_Czech_Republic\" >Dal\u0161\u00ed u\u017eite\u010dn\u00ed pr\u016fvodci po \u010cesk\u00e9 republice<\/a><\/li><\/ul><\/nav><\/div>\n<h2><span class=\"ez-toc-section\" id=\"1_Santa_Fe_Relocation\"><\/span><strong>1. P\u0159em\u00edst\u011bn\u00ed Santa Fe<\/strong><span class=\"ez-toc-section-end\"><\/span><\/h2>\n<p><img loading=\"lazy\" decoding=\"async\" class=\"alignnone size-full wp-image-6030\" src=\"https:\/\/moverdb.com\/wp-content\/uploads\/Santa-Fe-Relocation-Prague-international-moving-company.png\" alt=\"Santa Fe P\u0159em\u00edst\u011bn\u00ed Praha mezin\u00e1rodn\u00ed st\u011bhov\u00e1n\u00ed spole\u010dnost\" width=\"1440\" height=\"683\" data-wp-pid=\"6030\" srcset=\"https:\/\/moverdb.com\/wp-content\/uploads\/Santa-Fe-Relocation-Prague-international-moving-company.png 1440w, https:\/\/moverdb.com\/wp-content\/uploads\/Santa-Fe-Relocation-Prague-international-moving-company-300x142.png 300w, https:\/\/moverdb.com\/wp-content\/uploads\/Santa-Fe-Relocation-Prague-international-moving-company-1024x486.png 1024w, https:\/\/moverdb.com\/wp-content\/uploads\/Santa-Fe-Relocation-Prague-international-moving-company-18x9.png 18w, https:\/\/moverdb.com\/wp-content\/uploads\/Santa-Fe-Relocation-Prague-international-moving-company-600x285.png 600w\" sizes=\"auto, (max-width: 1440px) 100vw, 1440px\" \/><\/p>\n<ul>\n<li>M\u00edstn\u00ed p\u0159esuny<\/li>\n<li>Mezin\u00e1rodn\u00ed p\u0159esuny<\/li>\n<li>St\u011bhov\u00e1n\u00ed dom\u00e1cnost\u00ed<\/li>\n<li>St\u011bhov\u00e1n\u00ed firem<\/li>\n<li>Balic\u00ed slu\u017eby s pou\u017eit\u00edm vysoce kvalitn\u00edch materi\u00e1l\u016f<\/li>\n<li>Pozemn\u00ed, leteck\u00e1 nebo n\u00e1mo\u0159n\u00ed doprava<\/li>\n<li>Celn\u00ed odbaven\u00ed<\/li>\n<li>V\u00edzov\u00e1 a imigra\u010dn\u00ed podpora<\/li>\n<li>P\u0159eprava dom\u00e1c\u00edch zv\u00ed\u0159at a vozidel<\/li>\n<li>Kr\u00e1tkodob\u00e9 a\u017e dlouhodob\u00e9 skladovac\u00ed prostory<\/li>\n<\/ul>\n<p>Santa Fe Relocation je mezin\u00e1rodn\u00ed st\u011bhovac\u00ed a reloka\u010dn\u00ed spole\u010dnost s pobo\u010dkami v kl\u00ed\u010dov\u00fdch zem\u00edch. Svou pra\u017eskou pobo\u010dku otev\u0159ela v roce 1992 a nab\u00edz\u00ed st\u011bhov\u00e1n\u00ed dom\u00e1cnost\u00ed i firem. Jsou \u010dlenem IAM s t\u0159icetiletou tradic\u00ed a jsou akreditov\u00e1ni FIDI.<\/p>\n<p>Spole\u010dnost Santa Fe Relocation nab\u00edz\u00ed konzultaci p\u0159ed st\u011bhov\u00e1n\u00edm na m\u00edst\u011b, aby posoudila va\u0161e pot\u0159eby. Poskytuj\u00ed profesion\u00e1ln\u00ed balic\u00ed slu\u017eby v\u010detn\u011b katalogizace a pou\u017eit\u00ed nejlep\u0161\u00edch balic\u00edch materi\u00e1l\u016f a technik. Zajist\u00ed pozemn\u00ed, leteckou nebo n\u00e1mo\u0159n\u00ed p\u0159epravu s celn\u00edm odbaven\u00edm. Nab\u00edzej\u00ed dal\u0161\u00ed slu\u017eby v\u010detn\u011b poji\u0161t\u011bn\u00ed, skladov\u00e1n\u00ed, vyhled\u00e1n\u00ed bydli\u0161t\u011b a \u0161koly, slu\u017eeb p\u0159i zabydlov\u00e1n\u00ed, p\u0159epravy zv\u00ed\u0159at a vozidel.<\/p>\n<p>Webov\u00e9 str\u00e1nky: <a href=\"https:\/\/www.santaferelo.com\/en\/contact\/our-offices\/czech-republic-prague\/\" target=\"_blank\" rel=\"noopener\">https:\/\/www.santaferelo.com\/en\/contact\/our-offices\/czech-republic-prague\/<\/a><\/p>\n<h2><span class=\"ez-toc-section\" id=\"2_Voerman_International\"><\/span><strong>2. Voerman International<\/strong><span class=\"ez-toc-section-end\"><\/span><\/h2>\n<p><img loading=\"lazy\" decoding=\"async\" class=\"alignnone size-full wp-image-6011\" src=\"https:\/\/moverdb.com\/wp-content\/uploads\/Voerman-international-moving-company.png\" alt=\"Voerman mezin\u00e1rodn\u00ed st\u011bhov\u00e1n\u00ed spole\u010dnost\" width=\"1440\" height=\"683\" data-wp-pid=\"6011\" srcset=\"https:\/\/moverdb.com\/wp-content\/uploads\/Voerman-international-moving-company.png 1440w, https:\/\/moverdb.com\/wp-content\/uploads\/Voerman-international-moving-company-300x142.png 300w, https:\/\/moverdb.com\/wp-content\/uploads\/Voerman-international-moving-company-1024x486.png 1024w, https:\/\/moverdb.com\/wp-content\/uploads\/Voerman-international-moving-company-18x9.png 18w, https:\/\/moverdb.com\/wp-content\/uploads\/Voerman-international-moving-company-600x285.png 600w\" sizes=\"auto, (max-width: 1440px) 100vw, 1440px\" \/><\/p>\n<ul>\n<li>St\u011bhov\u00e1n\u00ed na n\u00e1rodn\u00ed \u00farovni<\/li>\n<li>Mezin\u00e1rodn\u00ed p\u0159esuny<\/li>\n<li>St\u011bhovac\u00ed slu\u017eby<\/li>\n<li>Imigra\u010dn\u00ed a v\u00edzov\u00e1 asistence<\/li>\n<li>Pomoc p\u0159i hled\u00e1n\u00ed domova a \u0161koly<\/li>\n<li>P\u0159eprava vozidel<\/li>\n<li>P\u0159em\u00edst\u011bn\u00ed dom\u00e1c\u00edho mazl\u00ed\u010dka<\/li>\n<li>Poji\u0161t\u011bn\u00ed<\/li>\n<li>Kr\u00e1tkodob\u00e9 a\u017e dlouhodob\u00e9 skladov\u00e1n\u00ed<\/li>\n<li>Udr\u017eiteln\u00e9 p\u0159esuny od \u00fanora 2023<\/li>\n<\/ul>\n<p>Voerman International je st\u011bhovac\u00ed a reloka\u010dn\u00ed spole\u010dnost, kter\u00e1 p\u016fsob\u00ed od roku 1986 s pobo\u010dkami v \u010cesk\u00e9 republice. <a href=\"https:\/\/moverdb.com\/cs\/moving-to-the-netherlands\/\" data-internallinksmanager029f6b8e52c=\"328\" title=\"St\u011bhov\u00e1n\u00ed do Nizozemska? 2026 N\u00e1klady na bydlen\u00ed a tipy na p\u0159est\u011bhov\u00e1n\u00ed\">Nizozemsko<\/a>, Ruska, \u010cesk\u00e9 republiky a <a href=\"https:\/\/moverdb.com\/cs\/moving-to-poland\/\" data-internallinksmanager029f6b8e52c=\"378\" title=\"St\u011bhov\u00e1n\u00ed do Polska? 2026 N\u00e1klady na bydlen\u00ed a tipy na st\u011bhov\u00e1n\u00ed\">Polsko<\/a>. P\u0159i poskytov\u00e1n\u00ed slu\u017eeb po cel\u00e9m sv\u011bt\u011b spolupracuj\u00ed s dal\u0161\u00edmi mezin\u00e1rodn\u00edmi st\u011bhovac\u00edmi agenturami. Jsou \u010dlenem IAM s 26letou tradic\u00ed, \u010dlenem organizace <a href=\"https:\/\/moverdb.com\/cs\/harmony-relocation-network\/\" data-internallinksmanager029f6b8e52c=\"20\" title=\"Vysv\u011btlen\u00ed s\u00edt\u011b Harmony Relocation Network (HRN)\">Harmony Relocation Network<\/a> a jsou akreditov\u00e1ny FIDI.<\/p>\n<p>Spole\u010dnost Voerman International nab\u00edz\u00ed komplexn\u00ed slu\u017eby, kter\u00e9 zahrnuj\u00ed slu\u017eby p\u0159ed odjezdem a po n\u011bm, jako je vy\u0159izov\u00e1n\u00ed dokument\u016f, imigra\u010dn\u00ed a v\u00edzov\u00e1 asistence. Nab\u00edz\u00ed tak\u00e9 slu\u017eby p\u0159i zabydlov\u00e1n\u00ed, pomoc p\u0159i hled\u00e1n\u00ed bydlen\u00ed a \u0161koly, slu\u017eby \u00fadr\u017eb\u00e1\u0159\u016f, kulturn\u00ed a jazykov\u00e9 vzd\u011bl\u00e1v\u00e1n\u00ed.<\/p>\n<p>Webov\u00e9 str\u00e1nky: <a href=\"https:\/\/www.voerman.com\/\" target=\"_blank\" rel=\"noopener\">https:\/\/www.voerman.com\/<\/a><\/p>\n<h2><span class=\"ez-toc-section\" id=\"3_Gosselin\"><\/span><strong>3. Gosselin<\/strong><span class=\"ez-toc-section-end\"><\/span><\/h2>\n<p><img loading=\"lazy\" decoding=\"async\" class=\"alignnone size-full wp-image-5954\" src=\"https:\/\/moverdb.com\/wp-content\/uploads\/Gosselin-Czech-Republic-international-moving-company.png\" alt=\"Gosselin \u010cesk\u00e1 republika mezin\u00e1rodn\u00ed st\u011bhovac\u00ed spole\u010dnost\" width=\"1440\" height=\"682\" data-wp-pid=\"5954\" srcset=\"https:\/\/moverdb.com\/wp-content\/uploads\/Gosselin-Czech-Republic-international-moving-company.png 1440w, https:\/\/moverdb.com\/wp-content\/uploads\/Gosselin-Czech-Republic-international-moving-company-300x142.png 300w, https:\/\/moverdb.com\/wp-content\/uploads\/Gosselin-Czech-Republic-international-moving-company-1024x485.png 1024w, https:\/\/moverdb.com\/wp-content\/uploads\/Gosselin-Czech-Republic-international-moving-company-18x9.png 18w, https:\/\/moverdb.com\/wp-content\/uploads\/Gosselin-Czech-Republic-international-moving-company-600x284.png 600w\" sizes=\"auto, (max-width: 1440px) 100vw, 1440px\" \/><\/p>\n<ul>\n<li>Mezin\u00e1rodn\u00ed p\u0159esuny<\/li>\n<li>St\u011bhovac\u00ed slu\u017eby<\/li>\n<li>St\u011bhov\u00e1n\u00ed dom\u00e1cnost\u00ed<\/li>\n<li>St\u011bhov\u00e1n\u00ed kancel\u00e1\u0159\u00ed<\/li>\n<li>Balic\u00ed slu\u017eby s pou\u017eit\u00edm prvot\u0159\u00eddn\u00edch materi\u00e1l\u016f<\/li>\n<li>Pozemn\u00ed nebo n\u00e1mo\u0159n\u00ed doprava<\/li>\n<li>Doprava v oblasti v\u00fdtvarn\u00e9ho um\u011bn\u00ed<\/li>\n<li>P\u0159em\u00edst\u011bn\u00ed dom\u00e1c\u00edho mazl\u00ed\u010dka<\/li>\n<li>P\u0159eprava vozidel<\/li>\n<li>Skladovac\u00ed prostory<\/li>\n<\/ul>\n<p>Spole\u010dnost Gosselin je mezin\u00e1rodn\u00ed poskytovatel st\u011bhovac\u00edch slu\u017eeb s pobo\u010dkami po cel\u00e9 Evrop\u011b v\u010detn\u011b Prahy, kter\u00e1 byla zalo\u017eena v roce 1992. M\u00e1 tak\u00e9 partnerskou s\u00ed\u0165 po cel\u00e9m sv\u011bt\u011b, kter\u00e1 zaji\u0161\u0165uje mezin\u00e1rodn\u00ed st\u011bhov\u00e1n\u00ed. Je \u010dlenem IAM s 30letou tradic\u00ed.<\/p>\n<p>Spole\u010dnost Gosselin nab\u00edz\u00ed zku\u0161en\u00e9 st\u011bhovac\u00ed slu\u017eby, kter\u00e9 mohou st\u011bhovat dom\u00e1c\u00ed pot\u0159eby, kancel\u00e1\u0159e, motorov\u00e1 vozidla, dom\u00e1c\u00ed zv\u00ed\u0159ata a v\u00fdtvarn\u00e9 um\u011bn\u00ed v \u010cesk\u00e9 republice i mimo ni. Va\u0161e v\u011bci zabal\u00ed ve vysok\u00e9m standardu s pou\u017eit\u00edm prvot\u0159\u00eddn\u00edch balic\u00edch materi\u00e1l\u016f. Zajist\u00ed p\u0159epravu po zemi nebo po mo\u0159i do m\u00edsta ur\u010den\u00ed. Poskytuj\u00ed slu\u017eby jednotlivc\u016fm, firm\u00e1m, diplomat\u016fm a velvyslanectv\u00edm.<\/p>\n<p>Webov\u00e9 str\u00e1nky: <a href=\"https:\/\/gosselin-moving.com\/en\/czech-republic\" target=\"_blank\" rel=\"noopener\">https:\/\/gosselin-moving.com\/en\/czech-republic<\/a><\/p>\n<h2><span class=\"ez-toc-section\" id=\"4_KAE_International_Movers\"><\/span><strong>4. KAE International Movers<\/strong><span class=\"ez-toc-section-end\"><\/span><\/h2>\n<p><img loading=\"lazy\" decoding=\"async\" class=\"alignnone size-full wp-image-6028\" src=\"https:\/\/moverdb.com\/wp-content\/uploads\/KAE-International-Movers-international-moving-company.png\" alt=\"KAE International Movers mezin\u00e1rodn\u00ed st\u011bhov\u00e1n\u00ed spole\u010dnost\" width=\"1440\" height=\"681\" data-wp-pid=\"6028\" srcset=\"https:\/\/moverdb.com\/wp-content\/uploads\/KAE-International-Movers-international-moving-company.png 1440w, https:\/\/moverdb.com\/wp-content\/uploads\/KAE-International-Movers-international-moving-company-300x142.png 300w, https:\/\/moverdb.com\/wp-content\/uploads\/KAE-International-Movers-international-moving-company-1024x484.png 1024w, https:\/\/moverdb.com\/wp-content\/uploads\/KAE-International-Movers-international-moving-company-18x9.png 18w, https:\/\/moverdb.com\/wp-content\/uploads\/KAE-International-Movers-international-moving-company-600x284.png 600w\" sizes=\"auto, (max-width: 1440px) 100vw, 1440px\" \/><\/p>\n<ul>\n<li>St\u011bhov\u00e1n\u00ed na n\u00e1rodn\u00ed \u00farovni<\/li>\n<li>Mezin\u00e1rodn\u00ed p\u0159esuny<\/li>\n<li>St\u011bhov\u00e1n\u00ed dom\u00e1cnost\u00ed<\/li>\n<li>St\u011bhov\u00e1n\u00ed kancel\u00e1\u0159\u00ed<\/li>\n<li>Balic\u00ed slu\u017eby<\/li>\n<li>Celn\u00ed podpora<\/li>\n<li>Poji\u0161t\u011bn\u00ed<\/li>\n<li>Doprava v oblasti v\u00fdtvarn\u00e9ho um\u011bn\u00ed<\/li>\n<li>P\u0159eprava vozidel<\/li>\n<li>\u0158e\u0161en\u00ed pro ukl\u00e1d\u00e1n\u00ed dat<\/li>\n<\/ul>\n<p>KAE International Movers je poskytovatel st\u011bhovac\u00edch a reloka\u010dn\u00edch slu\u017eeb, kter\u00fd m\u00e1 pobo\u010dky v \u010cesk\u00e9 republice a na Slovensku. <a href=\"https:\/\/moverdb.com\/cs\/moving-to-greece\/\" data-internallinksmanager029f6b8e52c=\"353\" title=\"St\u011bhov\u00e1n\u00ed do \u0158ecka? 2026 N\u00e1klady na bydlen\u00ed a tipy na st\u011bhov\u00e1n\u00ed\">\u0158ecko<\/a>. Spolupracuj\u00ed s mezin\u00e1rodn\u00edmi st\u011bhovac\u00edmi agenturami, kter\u00e9 poskytuj\u00ed sv\u00e9 slu\u017eby po cel\u00e9m sv\u011bt\u011b. Jsou \u010dlenem IAM s osmiletou tradic\u00ed.<\/p>\n<p>Spole\u010dnost KAE International Movers nab\u00edz\u00ed \u00favodn\u00ed pr\u016fzkum pro posouzen\u00ed va\u0161ich pot\u0159eb a vytvo\u0159en\u00ed cenov\u00e9 nab\u00eddky. Poskytuj\u00ed profesion\u00e1ln\u00ed balic\u00ed slu\u017eby pro dom\u00e1cnosti a kancel\u00e1\u0159e, kter\u00e9 je ochr\u00e1n\u00ed a ozna\u010d\u00ed pro p\u0159epravu po zemi, vzduchem nebo po mo\u0159i. Pomohou v\u00e1m s celn\u00edm odbaven\u00edm a vy\u0159\u00edzen\u00edm dokument\u016f. Poskytuj\u00ed tak\u00e9 specializovan\u00e9 p\u0159epravn\u00ed slu\u017eby pro v\u00fdtvarn\u00e9 um\u011bn\u00ed a vozidla.<\/p>\n<p>Webov\u00e9 str\u00e1nky: <a href=\"http:\/\/www.kaeintlmovers.com\" target=\"_blank\" rel=\"noopener\">http:\/\/www.kaeintlmovers.com<\/a><\/p>\n<h2><span class=\"ez-toc-section\" id=\"5_Fenix_Shipping\"><\/span><strong>5. Doprava spole\u010dnosti Fenix<\/strong><span class=\"ez-toc-section-end\"><\/span><\/h2>\n<p><img loading=\"lazy\" decoding=\"async\" class=\"alignnone size-full wp-image-6027\" src=\"https:\/\/moverdb.com\/wp-content\/uploads\/Fenix-Shipping-international-moving-company.png\" alt=\"Fenix Shipping mezin\u00e1rodn\u00ed st\u011bhov\u00e1n\u00ed spole\u010dnost\" width=\"1440\" height=\"683\" data-wp-pid=\"6027\" srcset=\"https:\/\/moverdb.com\/wp-content\/uploads\/Fenix-Shipping-international-moving-company.png 1440w, https:\/\/moverdb.com\/wp-content\/uploads\/Fenix-Shipping-international-moving-company-300x142.png 300w, https:\/\/moverdb.com\/wp-content\/uploads\/Fenix-Shipping-international-moving-company-1024x486.png 1024w, https:\/\/moverdb.com\/wp-content\/uploads\/Fenix-Shipping-international-moving-company-18x9.png 18w, https:\/\/moverdb.com\/wp-content\/uploads\/Fenix-Shipping-international-moving-company-600x285.png 600w\" sizes=\"auto, (max-width: 1440px) 100vw, 1440px\" \/><\/p>\n<ul>\n<li>St\u011bhov\u00e1n\u00ed na n\u00e1rodn\u00ed \u00farovni<\/li>\n<li>Mezin\u00e1rodn\u00ed p\u0159esuny<\/li>\n<li>St\u011bhovac\u00ed slu\u017eby<\/li>\n<li>St\u011bhov\u00e1n\u00ed dom\u00e1cnost\u00ed<\/li>\n<li>Balic\u00ed slu\u017eba<\/li>\n<li>Silnice, mo\u0159e a vzduch<\/li>\n<li>Celn\u00ed podpora<\/li>\n<li>\u00daklidov\u00e9 slu\u017eby<\/li>\n<li>P\u0159eprava dom\u00e1c\u00edch zv\u00ed\u0159at<\/li>\n<li>Kr\u00e1tkodob\u00e9 a\u017e dlouhodob\u00e9 skladovac\u00ed prostory<\/li>\n<\/ul>\n<p>Fenix Shipping je mezin\u00e1rodn\u00ed p\u0159epravn\u00ed spole\u010dnost se s\u00eddlem v Praze, kter\u00e1 nab\u00edz\u00ed st\u011bhovac\u00ed slu\u017eby v r\u00e1mci \u010cesk\u00e9 republiky a do \u010cesk\u00e9 republiky a z \u010cesk\u00e9 republiky. P\u0159i poskytov\u00e1n\u00ed sv\u00fdch mezin\u00e1rodn\u00edch slu\u017eeb spolupracuje s partnery z cel\u00e9ho sv\u011bta. Jsou \u010dlenem IAM se sedmiletou tradic\u00ed.<\/p>\n<p>Spole\u010dnost Fenix Shipping nab\u00edz\u00ed kompletn\u00ed st\u011bhovac\u00ed slu\u017eby, kter\u00e9 zahrnuj\u00ed balic\u00ed slu\u017eby pro ochranu va\u0161ich v\u011bc\u00ed, nakl\u00e1dku a zaji\u0161t\u011bn\u00ed p\u0159epravy po zemi, po mo\u0159i nebo letecky. Zajist\u00ed tak\u00e9 celn\u00ed slu\u017eby a dokumenty k va\u0161emu st\u011bhov\u00e1n\u00ed. Jejich st\u011bhovac\u00ed slu\u017eby pom\u00e1haj\u00ed tak\u00e9 s \u00faklidem a pron\u00e1jmem auta.<\/p>\n<p>Webov\u00e9 str\u00e1nky: <a href=\"http:\/\/www.fenixshipping.cz\" target=\"_blank\" rel=\"noopener\">http:\/\/www.fenixshipping.cz<\/a><\/p>\n<h2><span class=\"ez-toc-section\" id=\"Other_Useful_Guides_to_the_Czech_Republic\"><\/span>Dal\u0161\u00ed u\u017eite\u010dn\u00ed pr\u016fvodci po \u010cesk\u00e9 republice<span class=\"ez-toc-section-end\"><\/span><\/h2>\n<ul>\n<li> <a href=\"https:\/\/moverdb.com\/cs\/moving-to-the-czech-republic\/\">St\u011bhov\u00e1n\u00ed do \u010cesk\u00e9 republiky? 2024 N\u00e1klady na bydlen\u00ed a tipy na st\u011bhov\u00e1n\u00ed<\/a><\/li>\n<li> <a href=\"https:\/\/moverdb.com\/cs\/moving-to-the-czech-republic\/best-places-to-live-in-czech-republic\/\">12 nejlep\u0161\u00edch m\u00edst k \u017eivotu v \u010cesk\u00e9 republice<\/a><\/li>\n<li> <a href=\"https:\/\/moverdb.com\/cs\/?page_id=9648&#038;preview=true\">21 tajemstv\u00ed o \u017eivot\u011b v \u010cesk\u00e9 republice, kter\u00e1 je t\u0159eba zn\u00e1t p\u0159ed p\u0159est\u011bhov\u00e1n\u00edm<\/a><\/li>\n<li> <a href=\"https:\/\/moverdb.com\/cs\/kontejnerova-preprava\/ceska-republika\/\">2024 Sazby n\u00e1mo\u0159n\u00ed kontejnerov\u00e9 p\u0159epravy do a z \u010cesk\u00e9 republiky<\/a><\/li>\n<\/ul>","protected":false},"excerpt":{"rendered":"<p>Moving can be a stressful time which is why many people seek the assistance of a moving company to help ease the burden. Whether you are moving yourself or your business locally or internationally, there is a company that can help. Below we have compiled a list of Czech Republic removal companies that are members [&hellip;]<\/p>\n","protected":false},"author":4,"featured_media":0,"parent":190,"menu_order":0,"comment_status":"closed","ping_status":"closed","template":"","meta":{"_genesis_hide_title":false,"_genesis_hide_breadcrumbs":false,"_genesis_hide_singular_image":false,"_genesis_hide_footer_widgets":false,"_genesis_custom_body_class":"","_genesis_custom_post_class":"","_genesis_layout":"","footnotes":""},"class_list":{"0":"post-6026","1":"page","2":"type-page","3":"status-publish","5":"entry","6":"has-post-thumbnail"},"_links":{"self":[{"href":"https:\/\/moverdb.com\/cs\/wp-json\/wp\/v2\/pages\/6026","targetHints":{"allow":["GET"]}}],"collection":[{"href":"https:\/\/moverdb.com\/cs\/wp-json\/wp\/v2\/pages"}],"about":[{"href":"https:\/\/moverdb.com\/cs\/wp-json\/wp\/v2\/types\/page"}],"author":[{"embeddable":true,"href":"https:\/\/moverdb.com\/cs\/wp-json\/wp\/v2\/users\/4"}],"replies":[{"embeddable":true,"href":"https:\/\/moverdb.com\/cs\/wp-json\/wp\/v2\/comments?post=6026"}],"version-history":[{"count":4,"href":"https:\/\/moverdb.com\/cs\/wp-json\/wp\/v2\/pages\/6026\/revisions"}],"predecessor-version":[{"id":16359,"href":"https:\/\/moverdb.com\/cs\/wp-json\/wp\/v2\/pages\/6026\/revisions\/16359"}],"up":[{"embeddable":true,"href":"https:\/\/moverdb.com\/cs\/wp-json\/wp\/v2\/pages\/190"}],"wp:attachment":[{"href":"https:\/\/moverdb.com\/cs\/wp-json\/wp\/v2\/media?parent=6026"}],"curies":[{"name":"wp","href":"https:\/\/api.w.org\/{rel}","templated":true}]}}