{"id":6024,"date":"2023-02-01T12:30:48","date_gmt":"2023-02-01T12:30:48","guid":{"rendered":"https:\/\/moverdb.com\/?page_id=6024"},"modified":"2026-01-08T15:23:41","modified_gmt":"2026-01-08T15:23:41","slug":"stehovani-spolecnosti-na-kypru","status":"publish","type":"page","link":"https:\/\/moverdb.com\/cs\/moving-companies\/moving-companies-in-cyprus\/","title":{"rendered":"2 Nejlep\u0161\u00ed mezin\u00e1rodn\u00ed st\u011bhovac\u00ed spole\u010dnosti na Kypru"},"content":{"rendered":"<p>Pokud se st\u011bhujete dom\u016f v <a href=\"https:\/\/moverdb.com\/cs\/moving-to-cyprus\/\" data-internallinksmanager029f6b8e52c=\"377\" title=\"St\u011bhov\u00e1n\u00ed na Kypr? 2026 N\u00e1klady na bydlen\u00ed a tipy na p\u0159est\u011bhov\u00e1n\u00ed\">Kypr<\/a>nebo se st\u011bhujete na Kypr nebo z Kypru, mo\u017en\u00e1 budete cht\u00edt, aby v\u00e1m se st\u011bhov\u00e1n\u00edm pomohla st\u011bhovac\u00ed nebo jin\u00e1 firma. <a href=\"https:\/\/moverdb.com\/cs\/relocation-agents\/\" data-internallinksmanager029f6b8e52c=\"1\" title=\"7 d\u016fvod\u016f, pro\u010d byste m\u011bli vyu\u017e\u00edt slu\u017eeb reloka\u010dn\u00edho agenta?\">agent pro st\u011bhov\u00e1n\u00ed<\/a> kter\u00e9 v\u00e1s mohou zbavit \u010d\u00e1sti stresu. N\u00ed\u017ee jsme sestavili seznam Kypru <a href=\"https:\/\/moverdb.com\/cs\/international-removals\/\" data-internallinksmanager029f6b8e52c=\"27\" title=\"36 nejlep\u0161\u00edch mezin\u00e1rodn\u00edch st\u011bhovac\u00edch spole\u010dnost\u00ed ve Velk\u00e9 Brit\u00e1nii\">st\u011bhovac\u00ed firmy<\/a> kter\u00e9 jsou \u010dleny <a href=\"https:\/\/moverdb.com\/cs\/iam\/\" data-internallinksmanager029f6b8e52c=\"23\" title=\"Vysv\u011btlen\u00ed Mezin\u00e1rodn\u00ed asociace st\u011bhov\u00e1k\u016f (IAM)\">Mezin\u00e1rodn\u00ed asociace st\u011bhov\u00e1k\u016f<\/a> (IAM) a\/nebo <a href=\"https:\/\/moverdb.com\/cs\/fidi-faim\/\" data-internallinksmanager029f6b8e52c=\"16\" title=\"Vysv\u011btlen\u00ed FIDI a FAIM (FIDI Accredited International Mover)\">FIDI<\/a> Akreditovan\u00e9 mezin\u00e1rodn\u00ed st\u011bhov\u00e1n\u00ed (FAIM), kter\u00e9 by v\u00e1m mohlo pomoci.<\/p>\n<h2><strong>1. Columbia Worldwide Movers<\/strong><\/h2>\n<p><img loading=\"lazy\" decoding=\"async\" class=\"alignnone size-full wp-image-5936\" src=\"https:\/\/moverdb.com\/wp-content\/uploads\/Columbia-Worldwide-Movers-international-moving-company.png\" alt=\"Columbia Worldwide Movers mezin\u00e1rodn\u00ed st\u011bhov\u00e1n\u00ed spole\u010dnost\" width=\"1440\" height=\"682\" data-wp-pid=\"5936\" srcset=\"https:\/\/moverdb.com\/wp-content\/uploads\/Columbia-Worldwide-Movers-international-moving-company.png 1440w, https:\/\/moverdb.com\/wp-content\/uploads\/Columbia-Worldwide-Movers-international-moving-company-300x142.png 300w, https:\/\/moverdb.com\/wp-content\/uploads\/Columbia-Worldwide-Movers-international-moving-company-1024x485.png 1024w, https:\/\/moverdb.com\/wp-content\/uploads\/Columbia-Worldwide-Movers-international-moving-company-18x9.png 18w, https:\/\/moverdb.com\/wp-content\/uploads\/Columbia-Worldwide-Movers-international-moving-company-600x284.png 600w\" sizes=\"auto, (max-width: 1440px) 100vw, 1440px\" \/><\/p>\n<ul>\n<li>St\u011bhov\u00e1n\u00ed na n\u00e1rodn\u00ed \u00farovni<\/li>\n<li>Mezin\u00e1rodn\u00ed p\u0159esuny<\/li>\n<li>St\u011bhovac\u00ed slu\u017eby<\/li>\n<li>St\u011bhov\u00e1n\u00ed dom\u00e1cnost\u00ed<\/li>\n<li>Obchodn\u00ed kroky<\/li>\n<li>Balic\u00ed slu\u017eby<\/li>\n<li>Pozemn\u00ed, n\u00e1mo\u0159n\u00ed a leteck\u00e1 doprava<\/li>\n<li>P\u0159eprava dom\u00e1c\u00edch zv\u00ed\u0159at<\/li>\n<li><a href=\"https:\/\/moverdb.com\/cs\/car-transport-shipping\/\" data-internallinksmanager029f6b8e52c=\"2\" title=\"2026 Mezin\u00e1rodn\u00ed p\u0159eprava automobil\u016f &amp; P\u0159eprava vozidel Citace\">P\u0159eprava vozidel<\/a><\/li>\n<li>Skladovac\u00ed prostory<\/li>\n<\/ul>\n<p>Spole\u010dnost Columbia Worldwide Movers byla zalo\u017eena v roce 1994 jako poskytovatel st\u011bhovac\u00edch a skladovac\u00edch slu\u017eeb. Nab\u00edz\u00ed vnitrost\u00e1tn\u00ed a mezin\u00e1rodn\u00ed st\u011bhov\u00e1n\u00ed a st\u011bhovac\u00ed slu\u017eby pro dom\u00e1cnosti a firmy. Mezin\u00e1rodn\u00ed st\u011bhov\u00e1n\u00ed zaji\u0161\u0165uj\u00ed ve spolupr\u00e1ci s d\u016fv\u011bryhodn\u00fdmi st\u011bhovac\u00edmi agenty v jin\u00fdch zem\u00edch. Jsou \u010dlenem IAM s 28letou prax\u00ed a jsou akreditov\u00e1ni FIDI.<\/p>\n<p>Spole\u010dnost Columbia Worldwide Movers poskytuje individu\u00e1ln\u00ed \u0159e\u0161en\u00ed st\u011bhov\u00e1n\u00ed, kter\u00e1 zahrnuj\u00ed slu\u017eby \"od dve\u0159\u00ed ke dve\u0159\u00edm\", organizaci balen\u00ed va\u0161ich v\u011bc\u00ed a zaji\u0161t\u011bn\u00ed p\u0159epravy po zemi, po mo\u0159i nebo letecky s celn\u00edm odbaven\u00edm. Nab\u00edz\u00ed tak\u00e9 specializovan\u00e9 p\u0159epravn\u00ed slu\u017eby pro dom\u00e1c\u00ed zv\u00ed\u0159ata a vozidla.<\/p>\n<p>Webov\u00e9 str\u00e1nky: <a href=\"http:\/\/www.columbiamovers.com\" target=\"_blank\" rel=\"noopener\">http:\/\/www.columbiamovers.com<\/a><\/p>\n<h2><strong>2. St\u011bhov\u00e1n\u00ed a skladov\u00e1n\u00ed Orbit<\/strong><\/h2>\n<p><img loading=\"lazy\" decoding=\"async\" class=\"alignnone size-full wp-image-5988\" src=\"https:\/\/moverdb.com\/wp-content\/uploads\/Orbit-Moving-and-Storage-international-moving-company.png\" alt=\"Orbit st\u011bhov\u00e1n\u00ed a skladov\u00e1n\u00ed mezin\u00e1rodn\u00ed st\u011bhov\u00e1n\u00ed spole\u010dnost\" width=\"1440\" height=\"679\" data-wp-pid=\"5988\" srcset=\"https:\/\/moverdb.com\/wp-content\/uploads\/Orbit-Moving-and-Storage-international-moving-company.png 1440w, https:\/\/moverdb.com\/wp-content\/uploads\/Orbit-Moving-and-Storage-international-moving-company-300x141.png 300w, https:\/\/moverdb.com\/wp-content\/uploads\/Orbit-Moving-and-Storage-international-moving-company-1024x483.png 1024w, https:\/\/moverdb.com\/wp-content\/uploads\/Orbit-Moving-and-Storage-international-moving-company-18x8.png 18w, https:\/\/moverdb.com\/wp-content\/uploads\/Orbit-Moving-and-Storage-international-moving-company-600x283.png 600w\" sizes=\"auto, (max-width: 1440px) 100vw, 1440px\" \/><\/p>\n<ul>\n<li>M\u00edstn\u00ed p\u0159esuny<\/li>\n<li>Mezin\u00e1rodn\u00ed p\u0159esuny<\/li>\n<li>St\u011bhovac\u00ed slu\u017eby<\/li>\n<li>St\u011bhov\u00e1n\u00ed do obytn\u00fdch prostor<\/li>\n<li>St\u011bhov\u00e1n\u00ed kancel\u00e1\u0159\u00ed<\/li>\n<li>Balic\u00ed slu\u017eby<\/li>\n<li>Doprava v oblasti v\u00fdtvarn\u00e9ho um\u011bn\u00ed<\/li>\n<li>P\u0159eprava dom\u00e1c\u00edch zv\u00ed\u0159at<\/li>\n<li>P\u0159eprava vozidel<\/li>\n<li>Skladovac\u00ed slu\u017eby<\/li>\n<\/ul>\n<p>Orbit Moving and Storage je mezin\u00e1rodn\u00ed st\u011bhovac\u00ed a skladovac\u00ed spole\u010dnost, kter\u00e1 p\u016fsob\u00ed na trhu od roku 1982. Je sou\u010d\u00e1st\u00ed skupiny spole\u010dnost\u00ed Orphee Beingoglou Group, kter\u00e1 se zab\u00fdv\u00e1 p\u0159epravou a logistikou. Maj\u00ed celosv\u011btovou s\u00ed\u0165 st\u011bhovac\u00edch agent\u016f, kte\u0159\u00ed pom\u00e1haj\u00ed s mezin\u00e1rodn\u00edm st\u011bhov\u00e1n\u00edm. Jsou \u010dlenem IAM se 40letou prax\u00ed a jsou akreditov\u00e1ni FIDI.<\/p>\n<p>Spole\u010dnost Orbit Moving and Storage nab\u00edz\u00ed st\u011bhov\u00e1n\u00ed osob a firem s vyu\u017eit\u00edm nejmodern\u011bj\u0161\u00edch technologi\u00ed a balic\u00edch materi\u00e1l\u016f. Poskytuje profesion\u00e1ln\u00ed balic\u00ed slu\u017eby a zajist\u00ed p\u0159epravu va\u0161ich v\u011bc\u00ed v\u010detn\u011b specializovan\u00fdch slu\u017eeb pro v\u00fdtvarn\u00e9 um\u011bn\u00ed, dom\u00e1c\u00ed zv\u00ed\u0159ata a vozidla.<\/p>\n<p>Webov\u00e9 str\u00e1nky: <a href=\"http:\/\/www.orbitcy.com\/\" target=\"_blank\" rel=\"noopener\">http:\/\/www.orbitcy.com\/<\/a><\/p>\n<p>Viz tak\u00e9:<\/p>\n<ul>\n<li> <a href=\"https:\/\/moverdb.com\/cs\/moving-to-cyprus\/living-in-cyprus\/\">20 tajemstv\u00ed o \u017eivot\u011b na Kypru, kter\u00e1 je t\u0159eba zn\u00e1t p\u0159ed st\u011bhov\u00e1n\u00edm<\/a><\/li>\n<li> <a href=\"https:\/\/moverdb.com\/cs\/moving-to-cyprus\/\">St\u011bhov\u00e1n\u00ed na Kypr? \u017divotn\u00ed n\u00e1klady a tipy na p\u0159est\u011bhov\u00e1n\u00ed<\/a><\/li>\n<li> <a href=\"https:\/\/moverdb.com\/cs\/kontejnerova-preprava\/kypr\/\">Sazby za p\u0159epravu kontejner\u016f na Kypr a z Kypru<\/a><\/li>\n<\/ul>","protected":false},"excerpt":{"rendered":"<p>If you are moving home in Cyprus, or moving to or from Cyprus you might want some help with your move from a moving or relocation agent that can take away some of the stress. Below we have compiled a list of Cyprus removal companies that are members of the International Association of Movers (IAM) [&hellip;]<\/p>\n","protected":false},"author":4,"featured_media":0,"parent":190,"menu_order":0,"comment_status":"closed","ping_status":"closed","template":"","meta":{"_genesis_hide_title":false,"_genesis_hide_breadcrumbs":false,"_genesis_hide_singular_image":false,"_genesis_hide_footer_widgets":false,"_genesis_custom_body_class":"","_genesis_custom_post_class":"","_genesis_layout":"","footnotes":""},"class_list":{"0":"post-6024","1":"page","2":"type-page","3":"status-publish","5":"entry","6":"has-post-thumbnail"},"_links":{"self":[{"href":"https:\/\/moverdb.com\/cs\/wp-json\/wp\/v2\/pages\/6024","targetHints":{"allow":["GET"]}}],"collection":[{"href":"https:\/\/moverdb.com\/cs\/wp-json\/wp\/v2\/pages"}],"about":[{"href":"https:\/\/moverdb.com\/cs\/wp-json\/wp\/v2\/types\/page"}],"author":[{"embeddable":true,"href":"https:\/\/moverdb.com\/cs\/wp-json\/wp\/v2\/users\/4"}],"replies":[{"embeddable":true,"href":"https:\/\/moverdb.com\/cs\/wp-json\/wp\/v2\/comments?post=6024"}],"version-history":[{"count":4,"href":"https:\/\/moverdb.com\/cs\/wp-json\/wp\/v2\/pages\/6024\/revisions"}],"predecessor-version":[{"id":15035,"href":"https:\/\/moverdb.com\/cs\/wp-json\/wp\/v2\/pages\/6024\/revisions\/15035"}],"up":[{"embeddable":true,"href":"https:\/\/moverdb.com\/cs\/wp-json\/wp\/v2\/pages\/190"}],"wp:attachment":[{"href":"https:\/\/moverdb.com\/cs\/wp-json\/wp\/v2\/media?parent=6024"}],"curies":[{"name":"wp","href":"https:\/\/api.w.org\/{rel}","templated":true}]}}