{"id":6020,"date":"2023-02-01T13:55:01","date_gmt":"2023-02-01T13:55:01","guid":{"rendered":"https:\/\/moverdb.com\/?page_id=6020"},"modified":"2026-01-08T15:29:53","modified_gmt":"2026-01-08T15:29:53","slug":"stehovani-spolecnosti-chorvatsko","status":"publish","type":"page","link":"https:\/\/moverdb.com\/cs\/moving-companies\/moving-companies-croatia\/","title":{"rendered":"Nejlep\u0161\u00ed mezin\u00e1rodn\u00ed st\u011bhovac\u00ed spole\u010dnosti v Chorvatsku"},"content":{"rendered":"<p>Pokud se st\u011bhujete dom\u016f nebo do firmy v <a href=\"https:\/\/moverdb.com\/cs\/moving-to-croatia\/\" data-internallinksmanager029f6b8e52c=\"428\" title=\"St\u011bhujete se do Chorvatska? 2026 N\u00e1klady na bydlen\u00ed a tipy na st\u011bhov\u00e1n\u00ed\">Chorvatsko<\/a>, nebo do Chorvatska \u010di z Chorvatska, mo\u017en\u00e1 budete cht\u00edt se st\u011bhov\u00e1n\u00edm pomoci. Abychom pomohli t\u011bm, kte\u0159\u00ed se st\u011bhuj\u00ed, sestavili jsme seznam chorvatsk\u00fdch <a href=\"https:\/\/moverdb.com\/cs\/international-removals\/\" data-internallinksmanager029f6b8e52c=\"27\" title=\"36 nejlep\u0161\u00edch mezin\u00e1rodn\u00edch st\u011bhovac\u00edch spole\u010dnost\u00ed ve Velk\u00e9 Brit\u00e1nii\">st\u011bhovac\u00ed firmy<\/a> n\u00ed\u017ee, kter\u00e9 jsou \u010dleny <a href=\"https:\/\/moverdb.com\/cs\/iam\/\" data-internallinksmanager029f6b8e52c=\"23\" title=\"Vysv\u011btlen\u00ed Mezin\u00e1rodn\u00ed asociace st\u011bhov\u00e1k\u016f (IAM)\">Mezin\u00e1rodn\u00ed asociace st\u011bhov\u00e1k\u016f<\/a> (IAM) a\/nebo <a href=\"https:\/\/moverdb.com\/cs\/fidi-faim\/\" data-internallinksmanager029f6b8e52c=\"16\" title=\"Vysv\u011btlen\u00ed FIDI a FAIM (FIDI Accredited International Mover)\">FIDI<\/a> Akreditovan\u00e9 mezin\u00e1rodn\u00ed st\u011bhov\u00e1n\u00ed (FAIM).<\/p>\n<h2><strong>Gosselin<\/strong><\/h2>\n<p><img loading=\"lazy\" decoding=\"async\" class=\"alignnone size-full wp-image-5953\" src=\"https:\/\/moverdb.com\/wp-content\/uploads\/Gosselin-Croatia-international-moving-company.png\" alt=\"Gosselin Chorvatsko mezin\u00e1rodn\u00ed st\u011bhov\u00e1n\u00ed spole\u010dnost\" width=\"1440\" height=\"680\" data-wp-pid=\"5953\" srcset=\"https:\/\/moverdb.com\/wp-content\/uploads\/Gosselin-Croatia-international-moving-company.png 1440w, https:\/\/moverdb.com\/wp-content\/uploads\/Gosselin-Croatia-international-moving-company-300x142.png 300w, https:\/\/moverdb.com\/wp-content\/uploads\/Gosselin-Croatia-international-moving-company-1024x484.png 1024w, https:\/\/moverdb.com\/wp-content\/uploads\/Gosselin-Croatia-international-moving-company-18x9.png 18w, https:\/\/moverdb.com\/wp-content\/uploads\/Gosselin-Croatia-international-moving-company-600x283.png 600w\" sizes=\"auto, (max-width: 1440px) 100vw, 1440px\" \/><\/p>\n<ul>\n<li>St\u011bhov\u00e1n\u00ed na n\u00e1rodn\u00ed \u00farovni<\/li>\n<li>Mezin\u00e1rodn\u00ed p\u0159esuny<\/li>\n<li>St\u011bhov\u00e1n\u00ed dom\u00e1cnost\u00ed<\/li>\n<li>St\u011bhov\u00e1n\u00ed kancel\u00e1\u0159\u00ed a velvyslanectv\u00ed<\/li>\n<li>Vy\u0161kolen\u00ed st\u011bhov\u00e1ci poskytuj\u00ed vysoce kvalitn\u00ed standardy<\/li>\n<li>Balic\u00ed a vybalovac\u00ed slu\u017eby<\/li>\n<li>V\u00fdtvarn\u00e9 um\u011bn\u00ed v pohybu<\/li>\n<li>P\u0159eprava dom\u00e1c\u00edch zv\u00ed\u0159at<\/li>\n<li>P\u0159eprava vozidel<\/li>\n<li>Kr\u00e1tkodob\u00e9 a\u017e dlouhodob\u00e9 skladov\u00e1n\u00ed<\/li>\n<\/ul>\n<p>Gosselin je <a href=\"https:\/\/moverdb.com\/cs\/moving-companies\/\" data-internallinksmanager029f6b8e52c=\"79\" title=\"Top 25 Mezin\u00e1rodn\u00ed st\u011bhovac\u00ed spole\u010dnosti Online\">mezin\u00e1rodn\u00ed st\u011bhovac\u00ed spole\u010dnost<\/a> kter\u00e1 m\u00e1 pobo\u010dky po cel\u00e9m sv\u011bt\u011b a p\u016fsob\u00ed ji\u017e od roku 1930. St\u011bhovac\u00ed slu\u017eby v Chorvatsku poskytuje ji\u017e v\u00edce ne\u017e 20 let ze sv\u00e9 z\u00e1kladny v Z\u00e1h\u0159ebu. Je \u010dlenem IAM s dev\u00edtiletou prax\u00ed.<\/p>\n<p>Spole\u010dnost Gosselin nab\u00edz\u00ed profesion\u00e1ln\u00ed st\u011bhovac\u00ed slu\u017eby, kter\u00e9 jsou ur\u010deny pro mimo\u0159\u00e1dn\u011b velk\u00e9 nebo mal\u00e9 st\u011bhov\u00e1n\u00ed, kter\u00e9 m\u016f\u017ee zahrnovat i v\u00fdtvarn\u00e9 um\u011bn\u00ed vy\u017eaduj\u00edc\u00ed opatrn\u011bj\u0161\u00ed zach\u00e1zen\u00ed, a specializovan\u011bj\u0161\u00ed slu\u017eby, jako je p\u0159eprava dom\u00e1c\u00edch zv\u00ed\u0159at a vozidel. Poskytuj\u00ed vy\u0161kolen\u00fd person\u00e1l, kter\u00fd pracuje podle vysoce kvalitn\u00edch standard\u016f p\u0159i ochran\u011b va\u0161ich v\u011bc\u00ed b\u011bhem p\u0159epravy a po p\u0159\u00edjezdu va\u0161e v\u011bci vybal\u00ed.<\/p>\n<p>Webov\u00e9 str\u00e1nky: <a href=\"https:\/\/gosselin-moving.com\/en\/southeast-europe\" target=\"_blank\" rel=\"noopener\">https:\/\/gosselin-moving.com\/en\/southeast-europe<\/a><\/p>\n<h2>Dal\u0161\u00ed u\u017eite\u010dn\u00ed pr\u016fvodci po Chorvatsku<\/h2>\n<ul>\n<li> <a href=\"https:\/\/moverdb.com\/cs\/kontejnerova-preprava\/chorvatsko\/\">2024 Sazby n\u00e1mo\u0159n\u00ed kontejnerov\u00e9 dopravy do Chorvatska a z Chorvatska<\/a><\/li>\n<li> <a href=\"https:\/\/moverdb.com\/cs\/moving-to-croatia\/\">St\u011bhujete se do Chorvatska? 2026 N\u00e1klady na bydlen\u00ed a tipy na st\u011bhov\u00e1n\u00ed<\/a><\/li>\n<li> <a href=\"https:\/\/moverdb.com\/cs\/moving-to-croatia\/living-in-croatia\/\">21 tajemstv\u00ed o \u017eivot\u011b v Chorvatsku, kter\u00e1 je t\u0159eba zn\u00e1t p\u0159ed st\u011bhov\u00e1n\u00edm<\/a><\/li>\n<\/ul>","protected":false},"excerpt":{"rendered":"<p>If you are moving home or business in Croatia, or to or from Croatia, you might want some help with your move. To assist those that are moving we have compiled a list of Croatian removal companies below that are members of the International Association of Movers (IAM) and\/or FIDI Accredited International Mover (FAIM). Gosselin [&hellip;]<\/p>\n","protected":false},"author":4,"featured_media":0,"parent":190,"menu_order":0,"comment_status":"closed","ping_status":"closed","template":"","meta":{"_genesis_hide_title":false,"_genesis_hide_breadcrumbs":false,"_genesis_hide_singular_image":false,"_genesis_hide_footer_widgets":false,"_genesis_custom_body_class":"","_genesis_custom_post_class":"","_genesis_layout":"","footnotes":""},"class_list":{"0":"post-6020","1":"page","2":"type-page","3":"status-publish","5":"entry","6":"has-post-thumbnail"},"_links":{"self":[{"href":"https:\/\/moverdb.com\/cs\/wp-json\/wp\/v2\/pages\/6020","targetHints":{"allow":["GET"]}}],"collection":[{"href":"https:\/\/moverdb.com\/cs\/wp-json\/wp\/v2\/pages"}],"about":[{"href":"https:\/\/moverdb.com\/cs\/wp-json\/wp\/v2\/types\/page"}],"author":[{"embeddable":true,"href":"https:\/\/moverdb.com\/cs\/wp-json\/wp\/v2\/users\/4"}],"replies":[{"embeddable":true,"href":"https:\/\/moverdb.com\/cs\/wp-json\/wp\/v2\/comments?post=6020"}],"version-history":[{"count":2,"href":"https:\/\/moverdb.com\/cs\/wp-json\/wp\/v2\/pages\/6020\/revisions"}],"predecessor-version":[{"id":18351,"href":"https:\/\/moverdb.com\/cs\/wp-json\/wp\/v2\/pages\/6020\/revisions\/18351"}],"up":[{"embeddable":true,"href":"https:\/\/moverdb.com\/cs\/wp-json\/wp\/v2\/pages\/190"}],"wp:attachment":[{"href":"https:\/\/moverdb.com\/cs\/wp-json\/wp\/v2\/media?parent=6020"}],"curies":[{"name":"wp","href":"https:\/\/api.w.org\/{rel}","templated":true}]}}