{"id":6015,"date":"2023-02-01T13:48:20","date_gmt":"2023-02-01T13:48:20","guid":{"rendered":"https:\/\/moverdb.com\/?page_id=6015"},"modified":"2026-01-08T15:29:16","modified_gmt":"2026-01-08T15:29:16","slug":"stehovani-spolecnosti-kosta-rica","status":"publish","type":"page","link":"https:\/\/moverdb.com\/cs\/moving-companies\/moving-companies-costa-rica\/","title":{"rendered":"6 Nejlep\u0161\u00ed mezin\u00e1rodn\u00ed st\u011bhovac\u00ed spole\u010dnosti v Kostarice"},"content":{"rendered":"<p>St\u011bhujete se do nebo z <a href=\"https:\/\/moverdb.com\/cs\/moving-to-costa-rica\/\" data-internallinksmanager029f6b8e52c=\"427\" title=\"St\u011bhujete se na Kostariku? 2026 N\u00e1klady na bydlen\u00ed a tipy na p\u0159est\u011bhov\u00e1n\u00ed\">Kostarika<\/a>, nebo se st\u011bhujete v r\u00e1mci Kostariky? Pak by v\u00e1s mohla zaj\u00edmat pomoc p\u0159i st\u011bhov\u00e1n\u00ed v\u0161ech va\u0161ich v\u011bc\u00ed, proto\u017ee to m\u016f\u017ee b\u00fdt slo\u017eit\u00e9, zejm\u00e9na pokud se st\u011bhujete do jin\u00fdch zem\u00ed. N\u00ed\u017ee jsme sestavili seznam kostarick\u00fdch <a href=\"https:\/\/moverdb.com\/cs\/international-removals\/\" data-internallinksmanager029f6b8e52c=\"27\" title=\"36 nejlep\u0161\u00edch mezin\u00e1rodn\u00edch st\u011bhovac\u00edch spole\u010dnost\u00ed ve Velk\u00e9 Brit\u00e1nii\">st\u011bhovac\u00ed firmy<\/a> kter\u00e9 jsou \u010dleny <a href=\"https:\/\/moverdb.com\/cs\/iam\/\" data-internallinksmanager029f6b8e52c=\"23\" title=\"Vysv\u011btlen\u00ed Mezin\u00e1rodn\u00ed asociace st\u011bhov\u00e1k\u016f (IAM)\">Mezin\u00e1rodn\u00ed asociace st\u011bhov\u00e1k\u016f<\/a> (IAM) a\/nebo <a href=\"https:\/\/moverdb.com\/cs\/fidi-faim\/\" data-internallinksmanager029f6b8e52c=\"16\" title=\"Vysv\u011btlen\u00ed FIDI a FAIM (FIDI Accredited International Mover)\">FIDI<\/a> Akreditovan\u00e9 mezin\u00e1rodn\u00ed st\u011bhov\u00e1n\u00ed (FAIM), kter\u00e9 by v\u00e1m mohlo pomoci.<\/p>\n<div id=\"ez-toc-container\" class=\"ez-toc-v2_0_82_2 ez-toc-wrap-left counter-hierarchy ez-toc-counter ez-toc-transparent ez-toc-container-direction\">\n<div class=\"ez-toc-title-container\">\n<p class=\"ez-toc-title\" style=\"cursor:inherit\">Sekce<\/p>\n<span class=\"ez-toc-title-toggle\"><a href=\"#\" class=\"ez-toc-pull-right ez-toc-btn ez-toc-btn-xs ez-toc-btn-default ez-toc-toggle\" aria-label=\"P\u0159epnut\u00ed tabulky obsahu\"><span class=\"ez-toc-js-icon-con\"><span class=\"\"><span class=\"eztoc-hide\" style=\"display:none;\">P\u0159ep\u00edna\u010d<\/span><span class=\"ez-toc-icon-toggle-span\"><svg style=\"fill: #999;color:#999\" xmlns=\"http:\/\/www.w3.org\/2000\/svg\" class=\"list-377408\" width=\"20px\" height=\"20px\" viewbox=\"0 0 24 24\" fill=\"none\"><path d=\"M6 6H4v2h2V6zm14 0H8v2h12V6zM4 11h2v2H4v-2zm16 0H8v2h12v-2zM4 16h2v2H4v-2zm16 0H8v2h12v-2z\" fill=\"currentColor\"><\/path><\/svg><svg style=\"fill: #999;color:#999\" class=\"arrow-unsorted-368013\" xmlns=\"http:\/\/www.w3.org\/2000\/svg\" width=\"10px\" height=\"10px\" viewbox=\"0 0 24 24\" version=\"1.2\" baseprofile=\"tiny\"><path d=\"M18.2 9.3l-6.2-6.3-6.2 6.3c-.2.2-.3.4-.3.7s.1.5.3.7c.2.2.4.3.7.3h11c.3 0 .5-.1.7-.3.2-.2.3-.5.3-.7s-.1-.5-.3-.7zM5.8 14.7l6.2 6.3 6.2-6.3c.2-.2.3-.5.3-.7s-.1-.5-.3-.7c-.2-.2-.4-.3-.7-.3h-11c-.3 0-.5.1-.7.3-.2.2-.3.5-.3.7s.1.5.3.7z\"\/><\/svg><\/span><\/span><\/span><\/a><\/span><\/div>\n<nav><ul class='ez-toc-list ez-toc-list-level-1 eztoc-toggle-hide-by-default' ><li class='ez-toc-page-1 ez-toc-heading-level-2'><a class=\"ez-toc-link ez-toc-heading-1\" href=\"https:\/\/moverdb.com\/cs\/moving-companies\/moving-companies-costa-rica\/#1_Allianz_Moving\" >1. Allianz Moving<\/a><\/li><li class='ez-toc-page-1 ez-toc-heading-level-2'><a class=\"ez-toc-link ez-toc-heading-2\" href=\"https:\/\/moverdb.com\/cs\/moving-companies\/moving-companies-costa-rica\/#2_Gateway_Moving_and_Relocation\" >2. St\u011bhov\u00e1n\u00ed a p\u0159emis\u0165ov\u00e1n\u00ed Gateway<\/a><\/li><li class='ez-toc-page-1 ez-toc-heading-level-2'><a class=\"ez-toc-link ez-toc-heading-3\" href=\"https:\/\/moverdb.com\/cs\/moving-companies\/moving-companies-costa-rica\/#3_Inter_Moves_SG_Global\" >3. Inter Moves SG Global<\/a><\/li><li class='ez-toc-page-1 ez-toc-heading-level-2'><a class=\"ez-toc-link ez-toc-heading-4\" href=\"https:\/\/moverdb.com\/cs\/moving-companies\/moving-companies-costa-rica\/#4_Mudanzas_Mundiales\" >4. Mudanzas Mundiales<\/a><\/li><li class='ez-toc-page-1 ez-toc-heading-level-2'><a class=\"ez-toc-link ez-toc-heading-5\" href=\"https:\/\/moverdb.com\/cs\/moving-companies\/moving-companies-costa-rica\/#5_Multimodal\" >5. Multimod\u00e1ln\u00ed<\/a><\/li><li class='ez-toc-page-1 ez-toc-heading-level-2'><a class=\"ez-toc-link ez-toc-heading-6\" href=\"https:\/\/moverdb.com\/cs\/moving-companies\/moving-companies-costa-rica\/#6_Winmovers\" >6. Winmovers<\/a><\/li><li class='ez-toc-page-1 ez-toc-heading-level-2'><a class=\"ez-toc-link ez-toc-heading-7\" href=\"https:\/\/moverdb.com\/cs\/moving-companies\/moving-companies-costa-rica\/#Other_Useful_Guides_to_Costa_Rica\" >Dal\u0161\u00ed u\u017eite\u010dn\u00ed pr\u016fvodci po Kostarice<\/a><\/li><\/ul><\/nav><\/div>\n<h2><span class=\"ez-toc-section\" id=\"1_Allianz_Moving\"><\/span><strong>1. Allianz Moving<\/strong><span class=\"ez-toc-section-end\"><\/span><\/h2>\n<p><img loading=\"lazy\" decoding=\"async\" class=\"alignnone size-full wp-image-5925\" src=\"https:\/\/moverdb.com\/wp-content\/uploads\/Allianz-Moving-international-moving-company.png\" alt=\"Allianz Moving mezin\u00e1rodn\u00ed st\u011bhov\u00e1n\u00ed spole\u010dnost\" width=\"1440\" height=\"684\" data-wp-pid=\"5925\" srcset=\"https:\/\/moverdb.com\/wp-content\/uploads\/Allianz-Moving-international-moving-company.png 1440w, https:\/\/moverdb.com\/wp-content\/uploads\/Allianz-Moving-international-moving-company-300x143.png 300w, https:\/\/moverdb.com\/wp-content\/uploads\/Allianz-Moving-international-moving-company-1024x486.png 1024w, https:\/\/moverdb.com\/wp-content\/uploads\/Allianz-Moving-international-moving-company-18x9.png 18w, https:\/\/moverdb.com\/wp-content\/uploads\/Allianz-Moving-international-moving-company-600x285.png 600w\" sizes=\"auto, (max-width: 1440px) 100vw, 1440px\" \/><\/p>\n<ul>\n<li>M\u00edstn\u00ed a vnitrost\u00e1tn\u00ed p\u0159esuny<\/li>\n<li>Mezin\u00e1rodn\u00ed p\u0159esuny<\/li>\n<li>St\u011bhovac\u00ed slu\u017eby<\/li>\n<li>St\u011bhov\u00e1n\u00ed do obytn\u00fdch prostor<\/li>\n<li>St\u011bhov\u00e1n\u00ed kancel\u00e1\u0159\u00ed<\/li>\n<li>Balic\u00ed slu\u017eba<\/li>\n<li>Poji\u0161t\u011bn\u00ed<\/li>\n<li>St\u011bhov\u00e1n\u00ed dom\u00e1c\u00edch mazl\u00ed\u010dk\u016f<\/li>\n<li><a href=\"https:\/\/moverdb.com\/cs\/car-transport-shipping\/\" data-internallinksmanager029f6b8e52c=\"2\" title=\"2026 Mezin\u00e1rodn\u00ed p\u0159eprava automobil\u016f &amp; P\u0159eprava vozidel Citace\">P\u0159eprava automobil\u016f<\/a><\/li>\n<li>Skladovac\u00ed prostory<\/li>\n<\/ul>\n<p>Spole\u010dnost Allianz Moving je poskytovatelem \u0159e\u0161en\u00ed pro mezin\u00e1rodn\u00ed st\u011bhov\u00e1n\u00ed s v\u00edce ne\u017e 20 lety zku\u0161enost\u00ed s m\u00edstn\u00edm st\u011bhov\u00e1n\u00edm a glob\u00e1ln\u00edm st\u011bhov\u00e1n\u00edm. Mezin\u00e1rodn\u00ed st\u011bhov\u00e1n\u00ed zaji\u0161\u0165uje prost\u0159ednictv\u00edm sv\u00e9 glob\u00e1ln\u00ed s\u00edt\u011b st\u011bhovac\u00edch partner\u016f. Jsou \u010dlenem IAM se sedmiletou tradic\u00ed.<\/p>\n<p>Spole\u010dnost Allianz Moving poskytuje p\u0159edst\u011bhovac\u00ed pr\u016fzkum, kter\u00fd posoud\u00ed va\u0161e pot\u0159eby a poskytne cenovou nab\u00eddku. Poskytne v\u00e1m balic\u00ed slu\u017eby, kter\u00e9 ochr\u00e1n\u00ed va\u0161e v\u011bci, a zajist\u00ed p\u0159epravu va\u0161ich v\u011bc\u00ed v\u010detn\u011b celn\u00edho odbaven\u00ed. Poskytuj\u00ed tak\u00e9 dopl\u0148kov\u00e9 slu\u017eby v oblasti mezin\u00e1rodn\u00edho st\u011bhov\u00e1n\u00ed dom\u00e1c\u00edch zv\u00ed\u0159at a automobil\u016f a kr\u00e1tkodob\u00e9 i dlouhodob\u00e9 skladov\u00e1n\u00ed.<\/p>\n<p>Webov\u00e9 str\u00e1nky: <a href=\"http:\/\/www.allianzmoving.com\" target=\"_blank\" rel=\"noopener\">http:\/\/www.allianzmoving.com<\/a><\/p>\n<h2><span class=\"ez-toc-section\" id=\"2_Gateway_Moving_and_Relocation\"><\/span><strong>2. St\u011bhov\u00e1n\u00ed a p\u0159emis\u0165ov\u00e1n\u00ed Gateway<\/strong><span class=\"ez-toc-section-end\"><\/span><\/h2>\n<p><img loading=\"lazy\" decoding=\"async\" class=\"alignnone size-full wp-image-5949\" src=\"https:\/\/moverdb.com\/wp-content\/uploads\/Gateway-Moving-and-Relocation-international-moving-company.png\" alt=\"Gateway st\u011bhov\u00e1n\u00ed a p\u0159em\u00edst\u011bn\u00ed mezin\u00e1rodn\u00ed st\u011bhov\u00e1n\u00ed spole\u010dnost\" width=\"1440\" height=\"683\" data-wp-pid=\"5949\" srcset=\"https:\/\/moverdb.com\/wp-content\/uploads\/Gateway-Moving-and-Relocation-international-moving-company.png 1440w, https:\/\/moverdb.com\/wp-content\/uploads\/Gateway-Moving-and-Relocation-international-moving-company-300x142.png 300w, https:\/\/moverdb.com\/wp-content\/uploads\/Gateway-Moving-and-Relocation-international-moving-company-1024x486.png 1024w, https:\/\/moverdb.com\/wp-content\/uploads\/Gateway-Moving-and-Relocation-international-moving-company-18x9.png 18w, https:\/\/moverdb.com\/wp-content\/uploads\/Gateway-Moving-and-Relocation-international-moving-company-600x285.png 600w\" sizes=\"auto, (max-width: 1440px) 100vw, 1440px\" \/><\/p>\n<ul>\n<li>M\u00edstn\u00ed a vnitrost\u00e1tn\u00ed p\u0159esuny<\/li>\n<li>Mezin\u00e1rodn\u00ed p\u0159esuny<\/li>\n<li>St\u011bhov\u00e1n\u00ed do obytn\u00fdch prostor<\/li>\n<li>St\u011bhov\u00e1n\u00ed pr\u016fmyslov\u00fdch podnik\u016f a kancel\u00e1\u0159\u00ed<\/li>\n<li>St\u011bhov\u00e1n\u00ed bal\u00ed\u010dk\u016f na m\u00edru<\/li>\n<li>Balic\u00ed a p\u0159epravn\u00ed slu\u017eby<\/li>\n<li>Vysoce kvalitn\u00ed vybaven\u00ed<\/li>\n<li>Celn\u00ed zprost\u0159edkov\u00e1n\u00ed<\/li>\n<li>P\u0159eprava vozidel<\/li>\n<li>Skladovac\u00ed prostory<\/li>\n<\/ul>\n<p>Gateway Moving and Relocation je rodinn\u00e1 spole\u010dnost, kter\u00e1 se zab\u00fdv\u00e1 st\u011bhov\u00e1n\u00edm a p\u0159em\u00edst\u011bn\u00edm a s\u00eddl\u00ed v <a href=\"https:\/\/moverdb.com\/cs\/moving-to-san-jose\/\" data-internallinksmanager029f6b8e52c=\"64\" title=\"St\u011bhujete se do San Jose? 2022 N\u00e1klady na bydlen\u00ed a tipy na st\u011bhov\u00e1n\u00ed\">San Jose<\/a> s kancel\u00e1\u0159\u00ed v <a href=\"https:\/\/moverdb.com\/cs\/moving-companies\/moving-companies-nicaragua\/\" data-internallinksmanager029f6b8e52c=\"278\" title=\"Nejlep\u0161\u00ed mezin\u00e1rodn\u00ed st\u011bhovac\u00ed spole\u010dnosti v Nikaragui\">Nikaragua<\/a>. Spolupracuj\u00ed s dal\u0161\u00edmi st\u011bhovac\u00edmi agenturami po cel\u00e9m sv\u011bt\u011b a poskytuj\u00ed mezin\u00e1rodn\u00ed slu\u017eby. Jsou \u010dlenem IAM s \u0161estiletou prax\u00ed.<\/p>\n<p>Spole\u010dnost Gateway Moving and Relocation nab\u00edz\u00ed individu\u00e1ln\u00ed st\u011bhovac\u00ed bal\u00ed\u010dky, kter\u00e9 jsou p\u0159izp\u016fsobeny va\u0161im pot\u0159eb\u00e1m. Poskytnou v\u00e1m balic\u00ed slu\u017eby, kter\u00e9 ochr\u00e1n\u00ed va\u0161e v\u011bci b\u011bhem p\u0159epravy, a to od jemn\u00fdch obal\u016f a\u017e po <a href=\"https:\/\/moverdb.com\/cs\/moving-to-china\/\" data-internallinksmanager029f6b8e52c=\"357\" title=\"St\u011bhov\u00e1n\u00ed do \u010c\u00edny? 2026 N\u00e1klady na bydlen\u00ed a tipy na st\u011bhov\u00e1n\u00ed\">\u010c\u00edna<\/a> na hudebn\u00ed n\u00e1stroje a objemn\u00fd n\u00e1bytek. Poskytuj\u00ed slu\u017eby celn\u00edho zprost\u0159edkov\u00e1n\u00ed, p\u0159epravu vozidel a skladov\u00e1n\u00ed p\u0159ed st\u011bhov\u00e1n\u00edm nebo po n\u011bm.<\/p>\n<p>Webov\u00e9 str\u00e1nky: <a href=\"https:\/\/www.gatewaymovingcr.com\" target=\"_blank\" rel=\"noopener\">https:\/\/www.gatewaymovingcr.com<\/a><\/p>\n<h2><span class=\"ez-toc-section\" id=\"3_Inter_Moves_SG_Global\"><\/span><strong>3. Inter Moves SG Global<\/strong><span class=\"ez-toc-section-end\"><\/span><\/h2>\n<p><img loading=\"lazy\" decoding=\"async\" class=\"alignnone size-full wp-image-5959\" src=\"https:\/\/moverdb.com\/wp-content\/uploads\/Inter-Moves-SG-Global-international-moving-company.png\" alt=\"Inter Moves SG Glob\u00e1ln\u00ed mezin\u00e1rodn\u00ed st\u011bhov\u00e1n\u00ed spole\u010dnost\" width=\"1440\" height=\"684\" data-wp-pid=\"5959\" srcset=\"https:\/\/moverdb.com\/wp-content\/uploads\/Inter-Moves-SG-Global-international-moving-company.png 1440w, https:\/\/moverdb.com\/wp-content\/uploads\/Inter-Moves-SG-Global-international-moving-company-300x143.png 300w, https:\/\/moverdb.com\/wp-content\/uploads\/Inter-Moves-SG-Global-international-moving-company-1024x486.png 1024w, https:\/\/moverdb.com\/wp-content\/uploads\/Inter-Moves-SG-Global-international-moving-company-18x9.png 18w, https:\/\/moverdb.com\/wp-content\/uploads\/Inter-Moves-SG-Global-international-moving-company-600x285.png 600w\" sizes=\"auto, (max-width: 1440px) 100vw, 1440px\" \/><\/p>\n<ul>\n<li>M\u00edstn\u00ed a vnitrost\u00e1tn\u00ed p\u0159esuny<\/li>\n<li>Mezin\u00e1rodn\u00ed p\u0159esuny<\/li>\n<li>St\u011bhov\u00e1n\u00ed dom\u00e1cnost\u00ed<\/li>\n<li>St\u011bhov\u00e1n\u00ed kancel\u00e1\u0159\u00ed<\/li>\n<li>Balic\u00ed slu\u017eby<\/li>\n<li>Celn\u00ed zprost\u0159edkovatel<\/li>\n<li>St\u011bhov\u00e1n\u00ed staro\u017eitnost\u00ed a um\u011bleck\u00fdch d\u011bl<\/li>\n<li>P\u0159eprava vozidel<\/li>\n<li>Mo\u017enosti poji\u0161t\u011bn\u00ed<\/li>\n<li>Skladovac\u00ed prostory<\/li>\n<\/ul>\n<p>Inter Moves SG Global je spedi\u010dn\u00ed a mezin\u00e1rodn\u00ed p\u0159epravn\u00ed spole\u010dnost, kter\u00e1 byla zalo\u017eena v roce 2001. Nab\u00edz\u00ed m\u00edstn\u00ed, vnitrost\u00e1tn\u00ed a mezin\u00e1rodn\u00ed st\u011bhovac\u00ed slu\u017eby pro dom\u00e1cnosti i kancel\u00e1\u0159e. Jsou \u010dlenem IAM s 21letou tradic\u00ed.<\/p>\n<p>Spole\u010dnost Inter Moves SG Global nab\u00edz\u00ed profesion\u00e1ln\u00ed st\u011bhovac\u00ed slu\u017eby, kter\u00e9 v\u00e1m zabal\u00ed v\u011bci a zajist\u00ed jejich nalo\u017een\u00ed do kontejner\u016f a beden spolu s p\u0159epravou na m\u00edsto ur\u010den\u00ed v\u010detn\u011b celn\u00edho zprost\u0159edkov\u00e1n\u00ed. Nab\u00edz\u00ed zprost\u0159edkov\u00e1n\u00ed poji\u0161t\u011bn\u00ed, kter\u00e9 v\u00e1m pom\u016f\u017ee naj\u00edt nejlep\u0161\u00ed pojistn\u00e9 kryt\u00ed pro va\u0161e st\u011bhov\u00e1n\u00ed. Poskytuj\u00ed dokonce hotel se sn\u00eddan\u00ed pro ty, kte\u0159\u00ed se st\u011bhuj\u00ed a pot\u0159ebuj\u00ed do\u010dasn\u00e9 ubytov\u00e1n\u00ed.<\/p>\n<p>Webov\u00e9 str\u00e1nky: <a href=\"http:\/\/www.InterMoves-SGCR.com\" target=\"_blank\" rel=\"noopener\">http:\/\/www.InterMoves-SGCR.com<\/a><\/p>\n<h2><span class=\"ez-toc-section\" id=\"4_Mudanzas_Mundiales\"><\/span><strong>4. Mudanzas Mundiales<\/strong><span class=\"ez-toc-section-end\"><\/span><\/h2>\n<p><img loading=\"lazy\" decoding=\"async\" class=\"alignnone size-full wp-image-5981\" src=\"https:\/\/moverdb.com\/wp-content\/uploads\/Mudanzas-Mundiales-international-moving-company.png\" alt=\"Mudanzas Mundiales mezin\u00e1rodn\u00ed st\u011bhov\u00e1n\u00ed spole\u010dnost\" width=\"1440\" height=\"680\" data-wp-pid=\"5981\" srcset=\"https:\/\/moverdb.com\/wp-content\/uploads\/Mudanzas-Mundiales-international-moving-company.png 1440w, https:\/\/moverdb.com\/wp-content\/uploads\/Mudanzas-Mundiales-international-moving-company-300x142.png 300w, https:\/\/moverdb.com\/wp-content\/uploads\/Mudanzas-Mundiales-international-moving-company-1024x484.png 1024w, https:\/\/moverdb.com\/wp-content\/uploads\/Mudanzas-Mundiales-international-moving-company-18x9.png 18w, https:\/\/moverdb.com\/wp-content\/uploads\/Mudanzas-Mundiales-international-moving-company-600x283.png 600w\" sizes=\"auto, (max-width: 1440px) 100vw, 1440px\" \/><\/p>\n<ul>\n<li>Mezin\u00e1rodn\u00ed p\u0159esuny<\/li>\n<li>St\u011bhov\u00e1n\u00ed do obytn\u00fdch prostor<\/li>\n<li>Komer\u010dn\u00ed p\u0159esuny<\/li>\n<li>St\u011bhovac\u00ed slu\u017eby<\/li>\n<li>Profesion\u00e1ln\u00ed balic\u00ed slu\u017eby<\/li>\n<li>Pozemn\u00ed, n\u00e1mo\u0159n\u00ed nebo leteck\u00e1 p\u0159eprava<\/li>\n<li>Celn\u00ed zprost\u0159edkovatel<\/li>\n<li>P\u0159eprava um\u011bleck\u00fdch d\u011bl<\/li>\n<li>P\u0159eprava dom\u00e1c\u00edch zv\u00ed\u0159at<\/li>\n<li>Skladovac\u00ed prostory<\/li>\n<\/ul>\n<p>Mudanzas Mundiales je st\u011bhovac\u00ed spole\u010dnost s v\u00edce ne\u017e 60 lety zku\u0161enost\u00ed v oblasti integrovan\u00e9 logistiky a mezin\u00e1rodn\u00edho obchodu. M\u00e1 pobo\u010dky v San Jos\u00e9 a Nikaragui. Je \u010dlenem IAM s 53letou prax\u00ed a m\u00e1 akreditaci FIDI.<\/p>\n<p>Spole\u010dnost Mudanzas Mundiales nab\u00edz\u00ed individu\u00e1ln\u00ed p\u0159\u00edstup ke st\u011bhov\u00e1n\u00ed se slu\u017ebou od dve\u0159\u00ed ke dve\u0159\u00edm, kter\u00e1 zahrnuje balic\u00ed slu\u017eby s pou\u017eit\u00edm vysoce kvalitn\u00edch materi\u00e1l\u016f a\u017e po vybalen\u00ed a uspo\u0159\u00e1d\u00e1n\u00ed n\u00e1bytku. Zajist\u00ed pozemn\u00ed, n\u00e1mo\u0159n\u00ed nebo leteckou p\u0159epravu s celn\u00edm zprost\u0159edkov\u00e1n\u00edm a poji\u0161t\u011bn\u00edm. Jejich st\u011bhovac\u00ed slu\u017eby v\u00e1m pomohou s orientac\u00ed, hled\u00e1n\u00edm bydlen\u00ed a \u0161koly, slu\u017ebami p\u0159i p\u0159\u00edjezdu a jazykov\u00fdm a kulturn\u00edm \u0161kolen\u00edm.<\/p>\n<p>Webov\u00e9 str\u00e1nky: <a href=\"http:\/\/mudanzasmundiales.com\" target=\"_blank\" rel=\"noopener\">http:\/\/mudanzasmundiales.com<\/a><\/p>\n<h2><span class=\"ez-toc-section\" id=\"5_Multimodal\"><\/span><strong>5. Multimod\u00e1ln\u00ed<\/strong><span class=\"ez-toc-section-end\"><\/span><\/h2>\n<p><img loading=\"lazy\" decoding=\"async\" class=\"alignnone size-full wp-image-5984\" src=\"https:\/\/moverdb.com\/wp-content\/uploads\/Multimodal-international-moving-company.png\" alt=\"Multimod\u00e1ln\u00ed mezin\u00e1rodn\u00ed st\u011bhov\u00e1n\u00ed spole\u010dnost\" width=\"1440\" height=\"680\" data-wp-pid=\"5984\" srcset=\"https:\/\/moverdb.com\/wp-content\/uploads\/Multimodal-international-moving-company.png 1440w, https:\/\/moverdb.com\/wp-content\/uploads\/Multimodal-international-moving-company-300x142.png 300w, https:\/\/moverdb.com\/wp-content\/uploads\/Multimodal-international-moving-company-1024x484.png 1024w, https:\/\/moverdb.com\/wp-content\/uploads\/Multimodal-international-moving-company-18x9.png 18w, https:\/\/moverdb.com\/wp-content\/uploads\/Multimodal-international-moving-company-600x283.png 600w\" sizes=\"auto, (max-width: 1440px) 100vw, 1440px\" \/><\/p>\n<ul>\n<li>Mezin\u00e1rodn\u00ed p\u0159esuny<\/li>\n<li>St\u011bhov\u00e1n\u00ed do obytn\u00fdch prostor<\/li>\n<li>St\u011bhov\u00e1n\u00ed kancel\u00e1\u0159\u00ed<\/li>\n<li>Manipulace se z\u00e1silkami a jejich sledov\u00e1n\u00ed<\/li>\n<li>Pozemn\u00ed, n\u00e1mo\u0159n\u00ed a leteck\u00e1 doprava<\/li>\n<li>Celn\u00ed zprost\u0159edkov\u00e1n\u00ed<\/li>\n<li>Poji\u0161t\u011bn\u00ed n\u00e1kladu<\/li>\n<li>P\u0159eprava dom\u00e1c\u00edch zv\u00ed\u0159at<\/li>\n<li>P\u0159eprava vozidel<\/li>\n<li>Skladovac\u00ed prostory<\/li>\n<\/ul>\n<p>Multimodal je specializovan\u00fd poskytovatel slu\u017eeb v oblasti mezin\u00e1rodn\u00edho obchodu a celnictv\u00ed, kter\u00fd nab\u00edz\u00ed st\u011bhovac\u00ed slu\u017eby v Kostarice a Nikaragui. Byla zalo\u017eena v roce 1999 a nab\u00edzela p\u0159edev\u0161\u00edm leteckou p\u0159epravu, ale roz\u0161\u00ed\u0159ila nab\u00eddku na v\u0161echny dopravn\u00ed prost\u0159edky. Je \u010dlenem IAM s 37letou tradic\u00ed a p\u0159i poskytov\u00e1n\u00ed sv\u00fdch slu\u017eeb na mezin\u00e1rodn\u00ed \u00farovni spolupracuje s dal\u0161\u00edmi agenturami.<\/p>\n<p>Multimodal nab\u00edz\u00ed bezpe\u010dn\u00e9 a spolehliv\u00e9 st\u011bhov\u00e1n\u00ed bez komplikac\u00ed a zbyte\u010dn\u00fdch n\u00e1klad\u016f. Poskytuje profesion\u00e1ln\u00ed balic\u00ed slu\u017eby pro bezpe\u010dnou p\u0159epravu va\u0161ich v\u011bc\u00ed a zajist\u00ed p\u0159epravu po zemi, po mo\u0159i nebo letecky spolu s celn\u00edm zprost\u0159edkov\u00e1n\u00edm.<\/p>\n<p>Webov\u00e9 str\u00e1nky: <a href=\"http:\/\/www.multimodalcr.com\" target=\"_blank\" rel=\"noopener\">http:\/\/www.multimodalcr.com<\/a><\/p>\n<h2><span class=\"ez-toc-section\" id=\"6_Winmovers\"><\/span><strong>6. Winmovers<\/strong><span class=\"ez-toc-section-end\"><\/span><\/h2>\n<p><img loading=\"lazy\" decoding=\"async\" class=\"alignnone size-full wp-image-6016\" src=\"https:\/\/moverdb.com\/wp-content\/uploads\/Winmovers-international-moving-company.png\" alt=\"Winmovers mezin\u00e1rodn\u00ed st\u011bhov\u00e1n\u00ed spole\u010dnost\" width=\"1440\" height=\"678\" data-wp-pid=\"6016\" srcset=\"https:\/\/moverdb.com\/wp-content\/uploads\/Winmovers-international-moving-company.png 1440w, https:\/\/moverdb.com\/wp-content\/uploads\/Winmovers-international-moving-company-300x141.png 300w, https:\/\/moverdb.com\/wp-content\/uploads\/Winmovers-international-moving-company-1024x482.png 1024w, https:\/\/moverdb.com\/wp-content\/uploads\/Winmovers-international-moving-company-18x8.png 18w, https:\/\/moverdb.com\/wp-content\/uploads\/Winmovers-international-moving-company-600x283.png 600w\" sizes=\"auto, (max-width: 1440px) 100vw, 1440px\" \/><\/p>\n<ul>\n<li>M\u00edstn\u00ed a vnitrost\u00e1tn\u00ed p\u0159esuny<\/li>\n<li>Mezin\u00e1rodn\u00ed p\u0159esuny<\/li>\n<li>St\u011bhov\u00e1n\u00ed dom\u00e1cnost\u00ed<\/li>\n<li>Obchodn\u00ed kroky<\/li>\n<li>Slu\u017eba od dve\u0159\u00ed ke dve\u0159\u00edm<\/li>\n<li>Profesion\u00e1ln\u00ed balic\u00ed slu\u017eby<\/li>\n<li>Pr\u016fmyslov\u00e9 obaly<\/li>\n<li>Pozemn\u00ed, leteck\u00e1 a n\u00e1mo\u0159n\u00ed doprava<\/li>\n<li>Speci\u00e1ln\u00ed p\u0159edm\u011bty, jako je klav\u00edrn\u00ed a po\u010d\u00edta\u010dov\u00e9 vybaven\u00ed<\/li>\n<li>Rozmanit\u00fd vozov\u00fd park<\/li>\n<\/ul>\n<p>Spole\u010dnost Winmovers je mezin\u00e1rodn\u00ed a m\u00edstn\u00ed poskytovatel st\u011bhovac\u00edch slu\u017eeb, kter\u00fd byl zalo\u017een v roce 2003. Je \u010dlenem IAM s devaten\u00e1ctiletou tradic\u00ed a je akreditov\u00e1na u FIDI. Disponuj\u00ed \u0161irok\u00fdm a rozmanit\u00fdm vozov\u00fdm parkem, kter\u00fd spl\u0148uje nejr\u016fzn\u011bj\u0161\u00ed p\u0159epravn\u00ed pot\u0159eby.<\/p>\n<p>Spole\u010dnost Winmovers nab\u00edz\u00ed slu\u017ebu \"od dve\u0159\u00ed ke dve\u0159\u00edm\", kter\u00e1 zahrnuje profesion\u00e1ln\u00ed balic\u00ed slu\u017eby poskytovan\u00e9 vy\u0161kolen\u00fdm person\u00e1lem, kter\u00fd ochr\u00e1n\u00ed va\u0161e v\u011bci pomoc\u00ed \u0159ady balic\u00edch materi\u00e1l\u016f, jako jsou krabice, obaly a deky. Vytv\u00e1\u0159\u00ed tak\u00e9 vlastn\u00ed certifikovan\u00e9 d\u0159ev\u011bn\u00e9 krabice. Zajist\u00ed p\u0159epravu va\u0161ich v\u011bc\u00ed po zemi, letecky nebo po mo\u0159i.<\/p>\n<p>Webov\u00e9 str\u00e1nky: <a href=\"http:\/\/www.winmovers.com\" target=\"_blank\" rel=\"noopener\">http:\/\/www.winmovers.com<\/a><\/p>\n<h2><span class=\"ez-toc-section\" id=\"Other_Useful_Guides_to_Costa_Rica\"><\/span>Dal\u0161\u00ed u\u017eite\u010dn\u00ed pr\u016fvodci po Kostarice<span class=\"ez-toc-section-end\"><\/span><\/h2>\n<ul>\n<li> <a href=\"https:\/\/moverdb.com\/cs\/kontejnerova-preprava\/costa-rica\/\">2024 Sazby n\u00e1mo\u0159n\u00ed kontejnerov\u00e9 dopravy do Kostariky a z Kostariky<\/a><\/li>\n<li> <a href=\"https:\/\/moverdb.com\/cs\/moving-to-costa-rica\/\">St\u011bhujete se na Kostariku? 2026 N\u00e1klady na bydlen\u00ed a tipy na p\u0159est\u011bhov\u00e1n\u00ed<\/a><\/li>\n<li> <a href=\"https:\/\/moverdb.com\/cs\/moving-to-costa-rica\/living-in-costa-rica\/\">21 tajemstv\u00ed o \u017eivot\u011b v Kostarice, kter\u00e1 je t\u0159eba zn\u00e1t p\u0159ed st\u011bhov\u00e1n\u00edm<\/a><\/li>\n<\/ul>","protected":false},"excerpt":{"rendered":"<p>Are you moving to or from Costa Rica, or moving within Costa Rica? Then you might be interested in some help moving all of your belongings as it can be complex especially if you are moving countries. Below we have compiled a list of Costa Rican removal companies that are members of the International Association [&hellip;]<\/p>\n","protected":false},"author":4,"featured_media":0,"parent":190,"menu_order":0,"comment_status":"closed","ping_status":"closed","template":"","meta":{"_genesis_hide_title":false,"_genesis_hide_breadcrumbs":false,"_genesis_hide_singular_image":false,"_genesis_hide_footer_widgets":false,"_genesis_custom_body_class":"","_genesis_custom_post_class":"","_genesis_layout":"","footnotes":""},"class_list":{"0":"post-6015","1":"page","2":"type-page","3":"status-publish","5":"entry","6":"has-post-thumbnail"},"_links":{"self":[{"href":"https:\/\/moverdb.com\/cs\/wp-json\/wp\/v2\/pages\/6015","targetHints":{"allow":["GET"]}}],"collection":[{"href":"https:\/\/moverdb.com\/cs\/wp-json\/wp\/v2\/pages"}],"about":[{"href":"https:\/\/moverdb.com\/cs\/wp-json\/wp\/v2\/types\/page"}],"author":[{"embeddable":true,"href":"https:\/\/moverdb.com\/cs\/wp-json\/wp\/v2\/users\/4"}],"replies":[{"embeddable":true,"href":"https:\/\/moverdb.com\/cs\/wp-json\/wp\/v2\/comments?post=6015"}],"version-history":[{"count":2,"href":"https:\/\/moverdb.com\/cs\/wp-json\/wp\/v2\/pages\/6015\/revisions"}],"predecessor-version":[{"id":18296,"href":"https:\/\/moverdb.com\/cs\/wp-json\/wp\/v2\/pages\/6015\/revisions\/18296"}],"up":[{"embeddable":true,"href":"https:\/\/moverdb.com\/cs\/wp-json\/wp\/v2\/pages\/190"}],"wp:attachment":[{"href":"https:\/\/moverdb.com\/cs\/wp-json\/wp\/v2\/media?parent=6015"}],"curies":[{"name":"wp","href":"https:\/\/api.w.org\/{rel}","templated":true}]}}