{"id":5575,"date":"2022-11-24T01:39:45","date_gmt":"2022-11-24T01:39:45","guid":{"rendered":"https:\/\/moverdb.com\/?page_id=5575"},"modified":"2026-01-08T14:38:40","modified_gmt":"2026-01-08T14:38:40","slug":"us-virgin-islands","status":"publish","type":"page","link":"https:\/\/moverdb.com\/cs\/container-shipping\/us-virgin-islands\/","title":{"rendered":"2026 Sazby n\u00e1mo\u0159n\u00ed kontejnerov\u00e9 p\u0159epravy z a na Americk\u00e9 Panensk\u00e9 ostrovy"},"content":{"rendered":"<div class=\"wp-block-image\">\n<figure class=\"aligncenter size-full\"><img loading=\"lazy\" decoding=\"async\" width=\"1000\" height=\"667\" src=\"https:\/\/moverdb.com\/wp-content\/uploads\/us-virgin-islands.jpg\" alt=\"Panoramatick\u00fd pohled na karibsk\u00fd ostrov Svat\u00fd Tom\u00e1\u0161, Americk\u00e9 Panensk\u00e9 ostrovy\" class=\"wp-image-5558\" srcset=\"https:\/\/moverdb.com\/wp-content\/uploads\/us-virgin-islands.jpg 1000w, https:\/\/moverdb.com\/wp-content\/uploads\/us-virgin-islands-300x200.jpg 300w, https:\/\/moverdb.com\/wp-content\/uploads\/us-virgin-islands-18x12.jpg 18w, https:\/\/moverdb.com\/wp-content\/uploads\/us-virgin-islands-600x400.jpg 600w\" sizes=\"auto, (max-width: 1000px) 100vw, 1000px\" \/><\/figure>\n<\/div>\n\n\n<p>The<strong> <a href=\"https:\/\/moverdb.com\/cs\/moving-to-the-us-virgin-islands\/\" data-internallinksmanager029f6b8e52c=\"386\" title=\"St\u011bhujete se na Americk\u00e9 Panensk\u00e9 ostrovy? 2023 \u017divotn\u00ed n\u00e1klady\">Americk\u00e9 Panensk\u00e9 ostrovy<\/a><\/strong> jsou ide\u00e1ln\u00ed pro ka\u017ed\u00e9ho, kdo si m\u016f\u017ee dovolit odjet na exkluzivn\u00ed m\u00edsto a \u017e\u00edt vysn\u011bn\u00fd ostrovn\u00ed \u017eivot.<\/p>\n\n\n\n<p>Toto mal\u00e9 \u00fazem\u00ed USA v Karibiku zahrnuje 53 ostrov\u016f, z nich\u017e 4 jsou p\u0159ev\u00e1\u017en\u011b obydlen\u00e9 (Saint Croix, Saint Thomas, Saint John a Water island).<\/p>\n\n\n\n<p>Tento mal\u00fd r\u00e1j je prvot\u0159\u00eddn\u00ed volbou pro osadn\u00edky, kte\u0159\u00ed cht\u011bj\u00ed za\u017e\u00edt vy\u0161\u0161\u00ed \u017eivotn\u00ed \u00farove\u0148, proto\u017ee ostrovy nab\u00edzej\u00ed mnoho luxusn\u00edch mo\u017enost\u00ed ubytov\u00e1n\u00ed a z\u00e1bavy.<\/p>\n\n\n\n<p>P\u0159eprava v\u011bc\u00ed z dom\u00e1cnosti v\u0161ak m\u016f\u017ee b\u00fdt pon\u011bkud obt\u00ed\u017en\u00e1. Zat\u00edmco na ostrovech jsou \u010dasto k vid\u011bn\u00ed v\u00fdletn\u00edci. <a href=\"https:\/\/moverdb.com\/cs\/top-49-container-ports\/\" data-internallinksmanager029f6b8e52c=\"80\" title=\"49 nejv\u011bt\u0161\u00edch a nejru\u0161n\u011bj\u0161\u00edch kontejnerov\u00fdch p\u0159\u00edstav\u016f v roce 2025\">porty<\/a>, n\u00e1kladn\u00ed lod\u011b jsou vz\u00e1cnost\u00ed.<\/p>\n\n\n\n<p>V ka\u017ed\u00e9m p\u0159\u00edpad\u011b existuje n\u011bkolik mo\u017enost\u00ed, kter\u00e9 jsme uvedli v tabulk\u00e1ch n\u00ed\u017ee. Nev\u00e1hejte se tak\u00e9 pod\u00edvat na n\u00e1\u0161 n\u00e1stroj pro tvorbu nab\u00eddek a vypl\u0148te sv\u00e9 \u00fadaje pro z\u00edsk\u00e1n\u00ed vlastn\u00ed nab\u00eddky.<\/p>\n\n\n\n<h2 class=\"wp-block-heading\">N\u00e1klady na p\u0159epravu kontejner\u016f do Americk\u00e9 Panensk\u00e9 ostrovy (St Croix)<\/h2>\n\n\n<div class=\"wp-block-image\">\n<figure class=\"aligncenter size-large\"><img loading=\"lazy\" decoding=\"async\" width=\"1024\" height=\"539\" src=\"https:\/\/moverdb.com\/wp-content\/uploads\/Shipping-Container-Costs-to-US-Virgin-Islands-1024x539.png\" alt=\"N\u00e1klady na p\u0159epravu kontejner\u016f do Americk\u00e9 Panensk\u00e9 ostrovy (St Croix)\" class=\"wp-image-5561\" srcset=\"https:\/\/moverdb.com\/wp-content\/uploads\/Shipping-Container-Costs-to-US-Virgin-Islands-1024x539.png 1024w, https:\/\/moverdb.com\/wp-content\/uploads\/Shipping-Container-Costs-to-US-Virgin-Islands-300x158.png 300w, https:\/\/moverdb.com\/wp-content\/uploads\/Shipping-Container-Costs-to-US-Virgin-Islands-1536x809.png 1536w, https:\/\/moverdb.com\/wp-content\/uploads\/Shipping-Container-Costs-to-US-Virgin-Islands-18x9.png 18w, https:\/\/moverdb.com\/wp-content\/uploads\/Shipping-Container-Costs-to-US-Virgin-Islands-600x316.png 600w, https:\/\/moverdb.com\/wp-content\/uploads\/Shipping-Container-Costs-to-US-Virgin-Islands.png 2000w\" sizes=\"auto, (max-width: 1024px) 100vw, 1024px\" \/><\/figure>\n<\/div>\n\n\n<table id=\"tablepress-231\" class=\"tablepress tablepress-id-231\">\n<thead>\n<tr class=\"row-1\">\n\t<th class=\"column-1\">Zem\u011b ur\u010den\u00ed (p\u0159\u00edstav\/m\u011bsto)<\/th><th class=\"column-2\">20FT<\/th><th class=\"column-3\">40FT<\/th>\n<\/tr>\n<\/thead>\n<tbody class=\"row-striping row-hover\">\n<tr class=\"row-2\">\n\t<td class=\"column-1\"><a href=\"https:\/\/moverdb.com\/cs\/container-shipping\/andorra\/\" data-internallinksmanager029f6b8e52c=\"88\" title=\"2026 Sazby n\u00e1mo\u0159n\u00ed kontejnerov\u00e9 dopravy do Andorry a z n\u00ed\">Andorra (Andorra la Vella)<\/a><\/td><td class=\"column-2\">$1,868<\/td><td class=\"column-3\">$3,171<\/td>\n<\/tr>\n<tr class=\"row-3\">\n\t<td class=\"column-1\"><a href=\"https:\/\/moverdb.com\/cs\/container-shipping\/australia\/\" data-internallinksmanager029f6b8e52c=\"89\" title=\"2026 Sazby za p\u0159epravu kontejner\u016f do Austr\u00e1lie a z Austr\u00e1lie\">Austr\u00e1lie (Sydney)<\/a><\/td><td class=\"column-2\">$12,406<\/td><td class=\"column-3\">NEUPLAT\u0147UJE SE<\/td>\n<\/tr>\n<tr class=\"row-4\">\n\t<td class=\"column-1\"><a href=\"https:\/\/moverdb.com\/cs\/container-shipping\/austria\/\" data-internallinksmanager029f6b8e52c=\"95\" title=\"2026 Sazby n\u00e1mo\u0159n\u00ed kontejnerov\u00e9 dopravy do Rakouska a z Rakouska\">Rakousko (V\u00edde\u0148)<\/a><\/td><td class=\"column-2\">NEUPLAT\u0147UJE SE<\/td><td class=\"column-3\">$3,739<\/td>\n<\/tr>\n<tr class=\"row-5\">\n\t<td class=\"column-1\"><a href=\"https:\/\/moverdb.com\/cs\/container-shipping\/bahrain\/\" data-internallinksmanager029f6b8e52c=\"96\" title=\"2026 Sazby n\u00e1mo\u0159n\u00ed kontejnerov\u00e9 dopravy do Bahrajnu a z Bahrajnu\">Bahrajn (Man\u00e1ma)<\/a><\/td><td class=\"column-2\">NEUPLAT\u0147UJE SE<\/td><td class=\"column-3\">$12,306<\/td>\n<\/tr>\n<tr class=\"row-6\">\n\t<td class=\"column-1\"><a href=\"https:\/\/moverdb.com\/cs\/container-shipping\/belize\/\" data-internallinksmanager029f6b8e52c=\"137\" title=\"2026 Sazby n\u00e1mo\u0159n\u00ed kontejnerov\u00e9 dopravy do Belize a z Belize\">Belize (Belize City)<\/a><\/td><td class=\"column-2\">$847<\/td><td class=\"column-3\">$872<\/td>\n<\/tr>\n<tr class=\"row-7\">\n\t<td class=\"column-1\"><a href=\"https:\/\/moverdb.com\/cs\/container-shipping\/brazil\/\" data-internallinksmanager029f6b8e52c=\"98\" title=\"2026 Sazby n\u00e1mo\u0159n\u00ed kontejnerov\u00e9 dopravy do Braz\u00edlie a z Braz\u00edlie\">Braz\u00edlie (Santos)<\/a><\/td><td class=\"column-2\">$3,937<\/td><td class=\"column-3\">$4,059<\/td>\n<\/tr>\n<tr class=\"row-8\">\n\t<td class=\"column-1\"><a href=\"https:\/\/moverdb.com\/cs\/container-shipping\/cambodia\/\" data-internallinksmanager029f6b8e52c=\"101\" title=\"2026 Sazby n\u00e1mo\u0159n\u00ed kontejnerov\u00e9 dopravy do Kambod\u017ee a z n\u00ed\">Kambod\u017ea (Sihanoukville)<\/a><\/td><td class=\"column-2\">$7,007<\/td><td class=\"column-3\">$7,362<\/td>\n<\/tr>\n<tr class=\"row-9\">\n\t<td class=\"column-1\"><a href=\"https:\/\/moverdb.com\/cs\/container-shipping\/canada\/\" data-internallinksmanager029f6b8e52c=\"102\" title=\"2026 Sazby n\u00e1mo\u0159n\u00ed kontejnerov\u00e9 dopravy do Kanady a z Kanady\">Kanada (Toronto)<\/a><\/td><td class=\"column-2\">$2,024<\/td><td class=\"column-3\">$2,814<\/td>\n<\/tr>\n<tr class=\"row-10\">\n\t<td class=\"column-1\"><a href=\"https:\/\/moverdb.com\/cs\/container-shipping\/china\/\" data-internallinksmanager029f6b8e52c=\"105\" title=\"2026 Sazby n\u00e1mo\u0159n\u00ed kontejnerov\u00e9 dopravy do a z \u010c\u00edny\">\u010c\u00edna (Peking)<\/a><\/td><td class=\"column-2\">$6,158<\/td><td class=\"column-3\">$6,221<\/td>\n<\/tr>\n<tr class=\"row-11\">\n\t<td class=\"column-1\">\u010c\u00edna (\u0160anghaj)<\/td><td class=\"column-2\">$5,110<\/td><td class=\"column-3\">$5,408<\/td>\n<\/tr>\n<tr class=\"row-12\">\n\t<td class=\"column-1\"><a href=\"https:\/\/moverdb.com\/cs\/container-shipping\/colombia\/\" data-internallinksmanager029f6b8e52c=\"106\" title=\"2026 Sazby n\u00e1mo\u0159n\u00ed kontejnerov\u00e9 dopravy do a z Kolumbie\">Kolumbie (Barranquilla)<\/a><\/td><td class=\"column-2\">$704<\/td><td class=\"column-3\">$1,218<\/td>\n<\/tr>\n<tr class=\"row-13\">\n\t<td class=\"column-1\"><a href=\"https:\/\/moverdb.com\/cs\/container-shipping\/costa-rica\/\" data-internallinksmanager029f6b8e52c=\"138\" title=\"2026 Sazby n\u00e1mo\u0159n\u00ed kontejnerov\u00e9 dopravy do Kostariky a z Kostariky\">Kostarika (Limon)<\/a><\/td><td class=\"column-2\">$758<\/td><td class=\"column-3\">$8,660<\/td>\n<\/tr>\n<tr class=\"row-14\">\n\t<td class=\"column-1\"><a href=\"https:\/\/moverdb.com\/cs\/container-shipping\/croatia\/\" data-internallinksmanager029f6b8e52c=\"107\" title=\"2026 Sazby n\u00e1mo\u0159n\u00ed kontejnerov\u00e9 dopravy do Chorvatska a z Chorvatska\">Chorvatsko (Rijeka)<\/a><\/td><td class=\"column-2\">$2,079<\/td><td class=\"column-3\">$2,709<\/td>\n<\/tr>\n<tr class=\"row-15\">\n\t<td class=\"column-1\"><a href=\"https:\/\/moverdb.com\/cs\/container-shipping\/dominican-republic\/\" data-internallinksmanager029f6b8e52c=\"112\" title=\"2026 Sazby n\u00e1mo\u0159n\u00ed kontejnerov\u00e9 dopravy do Dominik\u00e1nsk\u00e9 republiky a z n\u00ed\">Dominik\u00e1nsk\u00e1 republika (Santo Domingo)<\/a><\/td><td class=\"column-2\">$1,023<\/td><td class=\"column-3\">$1,271<\/td>\n<\/tr>\n<tr class=\"row-16\">\n\t<td class=\"column-1\"><a href=\"https:\/\/moverdb.com\/cs\/container-shipping\/germany\/\" data-internallinksmanager029f6b8e52c=\"118\" title=\"2026 Sazby n\u00e1mo\u0159n\u00ed kontejnerov\u00e9 dopravy do a z N\u011bmecka\">N\u011bmecko (Hamburk)<\/a><\/td><td class=\"column-2\">$1,958<\/td><td class=\"column-3\">$2,583<\/td>\n<\/tr>\n<tr class=\"row-17\">\n\t<td class=\"column-1\"><a href=\"https:\/\/moverdb.com\/cs\/container-shipping\/greece\/\" data-internallinksmanager029f6b8e52c=\"120\" title=\"2026 Sazby n\u00e1mo\u0159n\u00ed kontejnerov\u00e9 dopravy do \u0158ecka a z n\u011bj\">\u0158ecko (Pireus)<\/a><\/td><td class=\"column-2\">$1,771<\/td><td class=\"column-3\">$2,436<\/td>\n<\/tr>\n<tr class=\"row-18\">\n\t<td class=\"column-1\"><a href=\"https:\/\/moverdb.com\/cs\/container-shipping\/guatemala\/\" data-internallinksmanager029f6b8e52c=\"139\" title=\"2026 Sazby n\u00e1mo\u0159n\u00ed kontejnerov\u00e9 dopravy do Guatemaly a z n\u00ed\">Guatemala (Guatemala City)<\/a><\/td><td class=\"column-2\">$737<\/td><td class=\"column-3\">$851<\/td>\n<\/tr>\n<tr class=\"row-19\">\n\t<td class=\"column-1\"><a href=\"https:\/\/moverdb.com\/cs\/container-shipping\/guernsey\/\" data-internallinksmanager029f6b8e52c=\"121\" title=\"2026 Sazby n\u00e1mo\u0159n\u00ed kontejnerov\u00e9 dopravy do a z Guernsey\">Guernsey (St Peter Port)<\/a><\/td><td class=\"column-2\">$2,233<\/td><td class=\"column-3\">$3,182<\/td>\n<\/tr>\n<tr class=\"row-20\">\n\t<td class=\"column-1\"><a href=\"https:\/\/moverdb.com\/cs\/container-shipping\/haiti\/\" data-internallinksmanager029f6b8e52c=\"122\" title=\"2026 Sazby n\u00e1mo\u0159n\u00ed kontejnerov\u00e9 dopravy na Haiti a z Haiti\">Haiti (Port-au-Prince)<\/a><\/td><td class=\"column-2\">$1,023<\/td><td class=\"column-3\">$1,271<\/td>\n<\/tr>\n<tr class=\"row-21\">\n\t<td class=\"column-1\"><a href=\"https:\/\/moverdb.com\/cs\/container-shipping\/hong-kong\/\" data-internallinksmanager029f6b8e52c=\"123\" title=\"2026 Sazby n\u00e1mo\u0159n\u00ed kontejnerov\u00e9 dopravy do Hongkongu a z n\u011bj\">Hongkong (Hongkong)<\/a><\/td><td class=\"column-2\">$12,708<\/td><td class=\"column-3\">$12,615<\/td>\n<\/tr>\n<tr class=\"row-22\">\n\t<td class=\"column-1\"><a href=\"https:\/\/moverdb.com\/cs\/container-shipping\/india\/\" data-internallinksmanager029f6b8e52c=\"125\" title=\"2026 Sazby n\u00e1mo\u0159n\u00ed kontejnerov\u00e9 dopravy do a z Indie\">Indie (Bombaj)<\/a><\/td><td class=\"column-2\">$12,447<\/td><td class=\"column-3\">$11,881<\/td>\n<\/tr>\n<tr class=\"row-23\">\n\t<td class=\"column-1\"><a href=\"https:\/\/moverdb.com\/cs\/container-shipping\/indonesia\/\" data-internallinksmanager029f6b8e52c=\"126\" title=\"2026 Sazby n\u00e1mo\u0159n\u00ed kontejnerov\u00e9 dopravy do Indon\u00e9sie a z Indon\u00e9sie\">Indon\u00e9sie (Jakarta)<\/a><\/td><td class=\"column-2\">$4,433<\/td><td class=\"column-3\">$4,232<\/td>\n<\/tr>\n<tr class=\"row-24\">\n\t<td class=\"column-1\"><a href=\"https:\/\/moverdb.com\/cs\/container-shipping\/ireland\/\" data-internallinksmanager029f6b8e52c=\"127\" title=\"2026 Sazby n\u00e1mo\u0159n\u00ed kontejnerov\u00e9 dopravy do Irska a z Irska\">Irsko (Dublin)<\/a><\/td><td class=\"column-2\">$1,705<\/td><td class=\"column-3\">$2,310<\/td>\n<\/tr>\n<tr class=\"row-25\">\n\t<td class=\"column-1\"><a href=\"https:\/\/moverdb.com\/cs\/container-shipping\/isle-of-man\/\" data-internallinksmanager029f6b8e52c=\"128\" title=\"2026 Sazby n\u00e1mo\u0159n\u00ed kontejnerov\u00e9 p\u0159epravy z a na ostrov Man\">Ostrov Man (Douglas)<\/a><\/td><td class=\"column-2\">$1,705<\/td><td class=\"column-3\">$2,310<\/td>\n<\/tr>\n<tr class=\"row-26\">\n\t<td class=\"column-1\"><a href=\"https:\/\/moverdb.com\/cs\/container-shipping\/italy\/\" data-internallinksmanager029f6b8e52c=\"130\" title=\"2022 N\u00e1mo\u0159n\u00ed kontejnerov\u00e1 doprava do It\u00e1lie a z It\u00e1lie\">It\u00e1lie (Terst)<\/a><\/td><td class=\"column-2\">$2,079<\/td><td class=\"column-3\">$2,709<\/td>\n<\/tr>\n<tr class=\"row-27\">\n\t<td class=\"column-1\"><a href=\"https:\/\/moverdb.com\/cs\/container-shipping\/jersey\/\" data-internallinksmanager029f6b8e52c=\"132\" title=\"2022 N\u00e1mo\u0159n\u00ed kontejnerov\u00e1 doprava do a z Jersey\">Jersey (St Helier)<\/a><\/td><td class=\"column-2\">$2,233<\/td><td class=\"column-3\">$3,182<\/td>\n<\/tr>\n<tr class=\"row-28\">\n\t<td class=\"column-1\"><a href=\"https:\/\/moverdb.com\/cs\/container-shipping\/jordan\/\" data-internallinksmanager029f6b8e52c=\"133\" title=\"2026 Sazby n\u00e1mo\u0159n\u00ed kontejnerov\u00e9 dopravy do Jord\u00e1nska a z n\u011bj\">Jord\u00e1nsko (Akaba)<\/a><\/td><td class=\"column-2\">$1,810<\/td><td class=\"column-3\">$2,528<\/td>\n<\/tr>\n<tr class=\"row-29\">\n\t<td class=\"column-1\"><a href=\"https:\/\/moverdb.com\/cs\/container-shipping\/latvia\/\" data-internallinksmanager029f6b8e52c=\"136\" title=\"2026 Sazby n\u00e1mo\u0159n\u00ed kontejnerov\u00e9 dopravy do a z Loty\u0161ska\">Loty\u0161sko (Riga)<\/a><\/td><td class=\"column-2\">$2,233<\/td><td class=\"column-3\">$3,273<\/td>\n<\/tr>\n<tr class=\"row-30\">\n\t<td class=\"column-1\"><a href=\"https:\/\/moverdb.com\/cs\/container-shipping\/lithuania\/\" data-internallinksmanager029f6b8e52c=\"145\" title=\"2026 Sazby n\u00e1mo\u0159n\u00ed kontejnerov\u00e9 dopravy do a z Litvy\">Litva (Klaipeda)<\/a><\/td><td class=\"column-2\">$2,233<\/td><td class=\"column-3\">$3,273<\/td>\n<\/tr>\n<tr class=\"row-31\">\n\t<td class=\"column-1\"><a href=\"https:\/\/moverdb.com\/cs\/moving-to-luxembourg\/\" data-internallinksmanager029f6b8e52c=\"349\" title=\"St\u011bhov\u00e1n\u00ed do Lucemburska? 2026 N\u00e1klady na bydlen\u00ed a tipy na st\u011bhov\u00e1n\u00ed\">Lucembursko<\/a><\/td><td class=\"column-2\">$1,813<\/td><td class=\"column-3\">$2,616<\/td>\n<\/tr>\n<tr class=\"row-32\">\n\t<td class=\"column-1\">USA (<a href=\"https:\/\/moverdb.com\/cs\/moving-to-los-angeles\/\" data-internallinksmanager029f6b8e52c=\"51\" title=\"St\u011bhujete se do Los Angeles? 2026 N\u00e1klady na bydlen\u00ed v LA a tipy na st\u011bhov\u00e1n\u00ed\">Los Angeles<\/a>)<\/td><td class=\"column-2\">$912<\/td><td class=\"column-3\">$1,309<\/td>\n<\/tr>\n<tr class=\"row-33\">\n\t<td class=\"column-1\"><a href=\"https:\/\/moverdb.com\/cs\/container-shipping\/united-states\/\" data-internallinksmanager029f6b8e52c=\"87\" title=\"2026 Sazby n\u00e1mo\u0159n\u00ed kontejnerov\u00e9 dopravy do a z USA\">USA (New York)<\/a><\/td><td class=\"column-2\">$1,636<\/td><td class=\"column-3\">$2,038<\/td>\n<\/tr>\n<\/tbody>\n<\/table>\n<!-- #tablepress-231 from cache -->\n\n\n\n<h2 class=\"wp-block-heading\">N\u00e1klady na p\u0159epravu kontejner\u016f z Americk\u00e9 Panensk\u00e9 ostrovy (St Croix)<\/h2>\n\n\n<div class=\"wp-block-image\">\n<figure class=\"aligncenter size-large\"><img loading=\"lazy\" decoding=\"async\" width=\"1024\" height=\"539\" src=\"https:\/\/moverdb.com\/wp-content\/uploads\/Shipping-Container-Costs-from-US-Virgin-Islands-1024x539.png\" alt=\"N\u00e1klady na p\u0159epravu kontejner\u016f z Americk\u00e9 Panensk\u00e9 ostrovy (St Croix)\" class=\"wp-image-5559\" srcset=\"https:\/\/moverdb.com\/wp-content\/uploads\/Shipping-Container-Costs-from-US-Virgin-Islands-1024x539.png 1024w, https:\/\/moverdb.com\/wp-content\/uploads\/Shipping-Container-Costs-from-US-Virgin-Islands-300x158.png 300w, https:\/\/moverdb.com\/wp-content\/uploads\/Shipping-Container-Costs-from-US-Virgin-Islands-1536x809.png 1536w, https:\/\/moverdb.com\/wp-content\/uploads\/Shipping-Container-Costs-from-US-Virgin-Islands-18x9.png 18w, https:\/\/moverdb.com\/wp-content\/uploads\/Shipping-Container-Costs-from-US-Virgin-Islands-600x316.png 600w, https:\/\/moverdb.com\/wp-content\/uploads\/Shipping-Container-Costs-from-US-Virgin-Islands.png 2000w\" sizes=\"auto, (max-width: 1024px) 100vw, 1024px\" \/><\/figure>\n<\/div>\n\n\n<table id=\"tablepress-232\" class=\"tablepress tablepress-id-232\">\n<thead>\n<tr class=\"row-1\">\n\t<th class=\"column-1\">Zem\u011b ur\u010den\u00ed (p\u0159\u00edstav\/m\u011bsto)<\/th><th class=\"column-2\">20FT<\/th><th class=\"column-3\">40FT<\/th>\n<\/tr>\n<\/thead>\n<tbody class=\"row-striping row-hover\">\n<tr class=\"row-2\">\n\t<td class=\"column-1\">Andorra (Andorra la Vella)<\/td><td class=\"column-2\">NEUPLAT\u0147UJE SE<\/td><td class=\"column-3\">$355<\/td>\n<\/tr>\n<tr class=\"row-3\">\n\t<td class=\"column-1\"><a href=\"https:\/\/moverdb.com\/cs\/container-shipping\/antigua-and-barbuda\/\" data-internallinksmanager029f6b8e52c=\"92\" title=\"2026 Sazby n\u00e1mo\u0159n\u00ed kontejnerov\u00e9 dopravy z Antiguy a Barbudy a do n\u00ed\">Antigua a Barbuda (St John's)<\/a><\/td><td class=\"column-2\">$600<\/td><td class=\"column-3\">$801<\/td>\n<\/tr>\n<tr class=\"row-4\">\n\t<td class=\"column-1\">Austr\u00e1lie (Sydney)<\/td><td class=\"column-2\">NEUPLAT\u0147UJE SE<\/td><td class=\"column-3\">$2,845<\/td>\n<\/tr>\n<tr class=\"row-5\">\n\t<td class=\"column-1\">Belize (Belize City)<\/td><td class=\"column-2\">$1,573<\/td><td class=\"column-3\">$2,993<\/td>\n<\/tr>\n<tr class=\"row-6\">\n\t<td class=\"column-1\">Kanada (Toronto)<\/td><td class=\"column-2\">$1,903<\/td><td class=\"column-3\">$2,468<\/td>\n<\/tr>\n<tr class=\"row-7\">\n\t<td class=\"column-1\">\u010c\u00edna (\u0160anghaj)<\/td><td class=\"column-2\">$1,012<\/td><td class=\"column-3\">$1,344<\/td>\n<\/tr>\n<tr class=\"row-8\">\n\t<td class=\"column-1\">Kolumbie (Barranquilla)<\/td><td class=\"column-2\">$781<\/td><td class=\"column-3\">$1,155<\/td>\n<\/tr>\n<tr class=\"row-9\">\n\t<td class=\"column-1\">Dominik\u00e1nsk\u00e1 republika (Santo Domingo)<\/td><td class=\"column-2\">$891<\/td><td class=\"column-3\">$1,176<\/td>\n<\/tr>\n<tr class=\"row-10\">\n\t<td class=\"column-1\"><a href=\"https:\/\/moverdb.com\/cs\/container-shipping\/estonia\/\" data-internallinksmanager029f6b8e52c=\"114\" title=\"2026 Sazby n\u00e1mo\u0159n\u00ed kontejnerov\u00e9 dopravy do Estonska a z Estonska\">Estonsko (Tallinn)<\/a><\/td><td class=\"column-2\">$1,727<\/td><td class=\"column-3\">$2,300<\/td>\n<\/tr>\n<tr class=\"row-11\">\n\t<td class=\"column-1\"><a href=\"https:\/\/moverdb.com\/cs\/container-shipping\/finland\/\" data-internallinksmanager029f6b8e52c=\"115\" title=\"2026 Sazby n\u00e1mo\u0159n\u00ed kontejnerov\u00e9 dopravy do Finska a z Finska\">Finsko (Helsinky)<\/a><\/td><td class=\"column-2\">$1,727<\/td><td class=\"column-3\">$2,300<\/td>\n<\/tr>\n<tr class=\"row-12\">\n\t<td class=\"column-1\">Haiti (Port-au-Prince)<\/td><td class=\"column-2\">$891<\/td><td class=\"column-3\">$1,176<\/td>\n<\/tr>\n<tr class=\"row-13\">\n\t<td class=\"column-1\">Indie (Bombaj)<\/td><td class=\"column-2\">$1,587<\/td><td class=\"column-3\">$1,910<\/td>\n<\/tr>\n<tr class=\"row-14\">\n\t<td class=\"column-1\">Loty\u0161sko (Riga)<\/td><td class=\"column-2\">$1,837<\/td><td class=\"column-3\">$2,582<\/td>\n<\/tr>\n<tr class=\"row-15\">\n\t<td class=\"column-1\">Litva (Klaipeda)<\/td><td class=\"column-2\">$1,837<\/td><td class=\"column-3\">$2,582<\/td>\n<\/tr>\n<tr class=\"row-16\">\n\t<td class=\"column-1\">Lucembursko<\/td><td class=\"column-2\">$985<\/td><td class=\"column-3\">$1,313<\/td>\n<\/tr>\n<tr class=\"row-17\">\n\t<td class=\"column-1\">USA (New York)<\/td><td class=\"column-2\">$1,297<\/td><td class=\"column-3\">$1,383<\/td>\n<\/tr>\n<\/tbody>\n<\/table>\n<!-- #tablepress-232 from cache -->\n\n\n\n<h3 class=\"wp-block-heading\">Pozn\u00e1mky k \u00fadaj\u016fm:<\/h3>\n\n\n\n<ul class=\"wp-block-list\">\n<li>V\u0161echny \u00fadaje $ jsou uvedeny v americk\u00fdch dolarech (USD);<\/li>\n\n\n\n<li>Sazby jsou p\u0159esn\u00e9 od za\u010d\u00e1tku roku 2022;<\/li>\n\n\n\n<li>Mapy v tomto \u010dl\u00e1nku byly vytvo\u0159eny pomoc\u00ed <a href=\"https:\/\/www.mapchart.net\" target=\"_blank\" rel=\"noreferrer noopener\">https:\/\/www.mapchart.net<\/a>. Mapy m\u016f\u017eete voln\u011b sd\u00edlet, pokud uvedete odkaz na jejich autora. <a href=\"https:\/\/moverdb.com\/cs\/\" target=\"_blank\" rel=\"noreferrer noopener\">MoverDB<\/a>;<\/li>\n\n\n\n<li>V\u00fd\u0161e uveden\u00e9 sazby jsou pouze odhadovan\u00e9 a mohou se od doby vyd\u00e1n\u00ed tohoto \u010dl\u00e1nku (duben 2022) zm\u011bnit. Vych\u00e1zej\u00ed z nejni\u017e\u0161\u00ed odhadovan\u00e9 sazby z n\u00e1sleduj\u00edc\u00edch zdroj\u016f <a href=\"https:\/\/www.searates.com\" target=\"_blank\" rel=\"noreferrer noopener\">https:\/\/www.searates.com<\/a> nebo <a href=\"https:\/\/www.gocomet.com\/freight-shipping-rates-index-calculator\" target=\"_blank\" rel=\"noreferrer noopener\">https:\/\/www.gocomet.com<\/a>;<\/li>\n\n\n\n<li>Chcete-li z\u00edskat p\u0159esn\u011bj\u0161\u00ed p\u0159edstavu o n\u00e1kladech, pou\u017eijte pros\u00edm formul\u00e1\u0159 nab\u00eddky v horn\u00ed \u010d\u00e1sti t\u00e9to str\u00e1nky;<\/li>\n\n\n\n<li>Pod\u00edvejte se tak\u00e9 na na\u0161eho pr\u016fvodce <a href=\"https:\/\/moverdb.com\/cs\/kontejnerova-preprava\/\" target=\"_blank\" rel=\"noreferrer noopener\">mezin\u00e1rodn\u00ed kontejnerov\u00e1 doprava<\/a>.<\/li>\n<\/ul>","protected":false},"excerpt":{"rendered":"<p>The US Virgin Islands are perfect for everyone who can afford to retreat to an exclusive getaway spot and live the dream island life. This tiny US territory in the Caribbean comprises 53 islands of which 4 are mainly inhabited (Saint Croix, Saint Thomas, Saint John, and Water island). This tiny paradise is a premium [&hellip;]<\/p>\n","protected":false},"author":2,"featured_media":5558,"parent":44,"menu_order":0,"comment_status":"closed","ping_status":"closed","template":"","meta":{"_genesis_hide_title":false,"_genesis_hide_breadcrumbs":false,"_genesis_hide_singular_image":false,"_genesis_hide_footer_widgets":false,"_genesis_custom_body_class":"","_genesis_custom_post_class":"","_genesis_layout":"","footnotes":""},"class_list":{"0":"post-5575","1":"page","2":"type-page","3":"status-publish","4":"has-post-thumbnail","6":"entry"},"_links":{"self":[{"href":"https:\/\/moverdb.com\/cs\/wp-json\/wp\/v2\/pages\/5575","targetHints":{"allow":["GET"]}}],"collection":[{"href":"https:\/\/moverdb.com\/cs\/wp-json\/wp\/v2\/pages"}],"about":[{"href":"https:\/\/moverdb.com\/cs\/wp-json\/wp\/v2\/types\/page"}],"author":[{"embeddable":true,"href":"https:\/\/moverdb.com\/cs\/wp-json\/wp\/v2\/users\/2"}],"replies":[{"embeddable":true,"href":"https:\/\/moverdb.com\/cs\/wp-json\/wp\/v2\/comments?post=5575"}],"version-history":[{"count":1,"href":"https:\/\/moverdb.com\/cs\/wp-json\/wp\/v2\/pages\/5575\/revisions"}],"predecessor-version":[{"id":5576,"href":"https:\/\/moverdb.com\/cs\/wp-json\/wp\/v2\/pages\/5575\/revisions\/5576"}],"up":[{"embeddable":true,"href":"https:\/\/moverdb.com\/cs\/wp-json\/wp\/v2\/pages\/44"}],"wp:featuredmedia":[{"embeddable":true,"href":"https:\/\/moverdb.com\/cs\/wp-json\/wp\/v2\/media\/5558"}],"wp:attachment":[{"href":"https:\/\/moverdb.com\/cs\/wp-json\/wp\/v2\/media?parent=5575"}],"curies":[{"name":"wp","href":"https:\/\/api.w.org\/{rel}","templated":true}]}}